





{"id":28126,"date":"2019-04-26T13:57:13","date_gmt":"2019-04-26T11:57:13","guid":{"rendered":"https:\/\/repliquemangacine.fr\/?post_type=product&#038;p=28126"},"modified":"2026-04-18T14:54:06","modified_gmt":"2026-04-18T12:54:06","slug":"zauberstab-von-luna-lovegood-hochwertiger-metallkern","status":"publish","type":"product","link":"https:\/\/repliquemangacine.fr\/de\/baguettes-personnages-harry-potter\/baguette-de-luna-lovegood-noyau-metal-de-haute-qualite\/","title":{"rendered":"Zauberstab Luna"},"content":{"rendered":"<h2>Zauberstab Luna Lovegood in Harry Potter.<\/h2>\n<p>Zu Beginn wird die <strong>Zauberstab Luna Lovegood<\/strong> ist ganz aus Harz, im Kern des Stabes befindet sich ein Metallstab, der ihm eine hohe Qualit\u00e4t verleiht.<\/p>\n<p>Sie kommt 1992 zusammen mit Ginny Weasley nach Hogwarts und wird dem Haus <a href=\"https:\/\/harrypotter.fandom.com\/fr\/wiki\/Serdaigle\" target=\"_blank\" rel=\"noopener noreferrer\">Serdaigle<\/a>. Sie ist Mitglied von Dumbledores Armee. Alle beschreiben Luna als ein etwas seltsames M\u00e4dchen und geben ihr den Spitznamen \u201eLoony\u201c.<\/p>\n<p>Im Laufe des Jahres ist sie eine der wenigen, die Harry glauben, als er sagt, dass Voldemort zur\u00fcckgekehrt ist. Au\u00dferdem erm\u00f6glicht sie Harry, sich in \u201eDer Zankmensch\u201c zu \u00e4u\u00dfern und die ganze Wahrheit \u00fcber die Nacht zu erz\u00e4hlen, in der Cedric Diggory starb und Voldemort wieder zum Leben erweckt wurde.<\/p>\n<h2>Ihr g\u00fcnstiger Luna Lovegood Zauberstab.<\/h2>\n<p>Wir bieten dir eine gro\u00dfe Auswahl an Harry-Potter-Zauberst\u00e4ben von Ollivander.<\/p>\n<p>Zun\u00e4chst einmal,<\/p>\n<ul>\n<li>Der Zauberstab seiner Freundin <a href=\"https:\/\/repliquemangacine.fr\/de\/stabchen-figuren\/zauberstab-ginny-weasley-metallkern\/\">Ginny Weasley<\/a><\/li>\n<li>Sowie das Baguette von <a href=\"https:\/\/repliquemangacine.fr\/de\/stabchen-figuren\/zauberstab-bellatrix-lestrange-metallkern\/\">Bellatrix Lestrange<\/a> die sie in der Schlacht um Hogwarts konfrontiert.<\/li>\n<li>Und viele andere, die es in unserem Online-Shop zu entdecken gibt!<\/li>\n<\/ul>\n<p>Deshalb hier eine tolle Geschenkidee f\u00fcr alle Harry-Potter-Fans<\/p>\n<p>Abschlie\u00dfend k\u00f6nnen Sie auch diesen Zauberstab verwenden. <strong>Luna Lovegood<\/strong> f\u00fcr Ihre Cosplays oder Themenabende. Vor allem aber ist es ein Sammler- und Dekorationsst\u00fcck.<\/p>\n<p>R\u00e9plique Manga Cin\u00e9 ist ein franz\u00f6sisches Familienunternehmen.<\/p>\n<h2>Wie werden die Zauberst\u00e4be von Hexen und Zauberern hergestellt?<\/h2>\n<p>Ein Zauberstab ist ein Gegenstand, der aus zwei variablen Elementen besteht: dem Holz, das normalerweise von einem Baum stammt, und dem sogenannten Kern des Zauberstabs, der von verschiedenen magischen Kreaturen oder Pflanzen stammen kann. Er ist ein Werkzeug, das von Zauberern und Hexen verwendet wird, um ihre Zauberspr\u00fcche zu sch\u00e4rfen und bessere Ergebnisse bei der Anwendung von Magie zu erzielen.<\/p>\n<p>Unsere St\u00e4bchen werden aus gegossenem Harz hergestellt, im Herzen des St\u00e4bchens befindet sich ein Metallstab, der Ihrem <strong>Zauberstab Luna Lovegood<\/strong> eine bemerkenswerte Widerstandsf\u00e4higkeit.<\/p>\n<p>Es sei darauf hingewiesen, dass die meisten Zauberer ihren Zauberstab im Alter von elf Jahren kaufen, bevor sie mit ihrer magischen Ausbildung beginnen. Junge Zauberer k\u00f6nnen ihren Zauberstab selbst bei einem Verk\u00e4ufer kaufen gehen, wobei britische Sch\u00fcler traditionell zu Ollivander gehen.<\/p>\n<p>&nbsp;<\/p>","protected":false},"excerpt":{"rendered":"<p>Zauberstab von Luna Lovegood, inspiriert von der Harry-Potter-Saga.<\/p>\n<ul>\n<li class=\"text col-xs-offset-0\" style=\"height: auto;\">Zauberstab aus Kunstharz, imitiert ein helles Holz, der Griff ist in Form einer Tulpe geschnitzt.<\/li>\n<li>Metallkern.<\/li>\n<li class=\"text col-xs-offset-0\" style=\"height: auto;\">Sammlerfigurenschachtel mit samtenem Innenfutter.<\/li>\n<li class=\"text col-xs-offset-0\" style=\"height: auto;\">Personenkarte.<\/li>\n<li>Gesamtl\u00e4nge: 35.5 cm - Gewicht: 78 grs<\/li>\n<\/ul>\n<div class=\"row\">\n<div class=\"col-lg-12 col-md-12 col-xs-12 sectionSeparator\"><\/div>\n<\/div>","protected":false},"featured_media":28127,"template":"","meta":[],"product_brand":[896],"product_cat":[80,24,41],"product_tag":[],"class_list":{"0":"post-28126","1":"product","2":"type-product","3":"status-publish","4":"has-post-thumbnail","6":"product_brand-replique-manga-cine","7":"product_cat-baguettes-personnages-harry-potter","8":"product_cat-films-series-tv-vente-de-katana-epee-et-produits-derives","9":"product_cat-baguettes-et-goodies-harry-potter","11":"first","12":"instock","13":"taxable","14":"shipping-taxable","15":"purchasable","16":"product-type-simple"},"yoast_head":"<!-- This site is optimized with the Yoast SEO plugin v27.5 - https:\/\/yoast.com\/product\/yoast-seo-wordpress\/ -->\n<title>Baguette Luna Lovegood - Harry Potter - R\u00e9plique Manga Cin\u00e9<\/title>\n<meta name=\"description\" content=\"D\u00e9couvrez cette superbe Baguette Luna Lovegood dans Harry Potter au meilleur prix. En r\u00e9sine - Noyau en m\u00e9tal - Bo\u00eete Collector - Longueur : 35.5 cm\" \/>\n<meta name=\"robots\" content=\"index, follow, max-snippet:-1, max-image-preview:large, max-video-preview:-1\" \/>\n<link rel=\"canonical\" href=\"https:\/\/repliquemangacine.fr\/de\/essstabchen-figuren-harry-potter\/zauberstab-von-luna-lovegood-hochwertiger-metallkern\/\" \/>\n<meta property=\"og:locale\" content=\"de_DE\" \/>\n<meta property=\"og:type\" content=\"article\" \/>\n<meta property=\"og:title\" content=\"Baguette Luna Lovegood - Harry Potter - R\u00e9plique Manga Cin\u00e9\" \/>\n<meta property=\"og:description\" content=\"D\u00e9couvrez cette superbe Baguette Luna Lovegood dans Harry Potter au meilleur prix. En r\u00e9sine - Noyau en m\u00e9tal - Bo\u00eete Collector - Longueur : 35.5 cm\" \/>\n<meta property=\"og:url\" content=\"https:\/\/repliquemangacine.fr\/de\/essstabchen-figuren-harry-potter\/zauberstab-von-luna-lovegood-hochwertiger-metallkern\/\" \/>\n<meta property=\"og:site_name\" content=\"R\u00e9plique Manga Cin\u00e9\" \/>\n<meta property=\"article:publisher\" content=\"https:\/\/www.facebook.com\/RepliqueMangaCine\" \/>\n<meta property=\"article:modified_time\" content=\"2026-04-18T12:54:06+00:00\" \/>\n<meta property=\"og:image\" content=\"https:\/\/repliquemangacine.fr\/wp-content\/uploads\/2023\/10\/2840-Baguette-de-Luna-lovegood-Noyau-metal-de-Haute-qualite.jpg\" \/>\n\t<meta property=\"og:image:width\" content=\"800\" \/>\n\t<meta property=\"og:image:height\" content=\"800\" \/>\n\t<meta property=\"og:image:type\" content=\"image\/jpeg\" \/>\n<meta name=\"twitter:card\" content=\"summary_large_image\" \/>\n<meta name=\"twitter:label1\" content=\"Gesch\u00e4tzte Lesezeit\" \/>\n\t<meta name=\"twitter:data1\" content=\"2\u00a0Minuten\" \/>\n<script type=\"application\/ld+json\" class=\"yoast-schema-graph\">{\"@context\":\"https:\\\/\\\/schema.org\",\"@graph\":[{\"@type\":\"WebPage\",\"@id\":\"https:\\\/\\\/repliquemangacine.fr\\\/en\\\/harry-potter-character-wands\\\/luna-lovegood-rod-high-quality-metal-core\\\/\",\"url\":\"https:\\\/\\\/repliquemangacine.fr\\\/en\\\/harry-potter-character-wands\\\/luna-lovegood-rod-high-quality-metal-core\\\/\",\"name\":\"Baguette Luna Lovegood - Harry Potter - R\u00e9plique Manga Cin\u00e9\",\"isPartOf\":{\"@id\":\"https:\\\/\\\/repliquemangacine.fr\\\/#website\"},\"primaryImageOfPage\":{\"@id\":\"https:\\\/\\\/repliquemangacine.fr\\\/en\\\/harry-potter-character-wands\\\/luna-lovegood-rod-high-quality-metal-core\\\/#primaryimage\"},\"image\":{\"@id\":\"https:\\\/\\\/repliquemangacine.fr\\\/en\\\/harry-potter-character-wands\\\/luna-lovegood-rod-high-quality-metal-core\\\/#primaryimage\"},\"thumbnailUrl\":\"https:\\\/\\\/repliquemangacine.fr\\\/wp-content\\\/uploads\\\/2023\\\/10\\\/2840-Baguette-de-Luna-lovegood-Noyau-metal-de-Haute-qualite.jpg\",\"datePublished\":\"2019-04-26T11:57:13+00:00\",\"dateModified\":\"2026-04-18T12:54:06+00:00\",\"description\":\"D\u00e9couvrez cette superbe Baguette Luna Lovegood dans Harry Potter au meilleur prix. En r\u00e9sine - Noyau en m\u00e9tal - Bo\u00eete Collector - Longueur : 35.5 cm\",\"breadcrumb\":{\"@id\":\"https:\\\/\\\/repliquemangacine.fr\\\/en\\\/harry-potter-character-wands\\\/luna-lovegood-rod-high-quality-metal-core\\\/#breadcrumb\"},\"inLanguage\":\"de\",\"potentialAction\":[{\"@type\":\"ReadAction\",\"target\":[\"https:\\\/\\\/repliquemangacine.fr\\\/en\\\/harry-potter-character-wands\\\/luna-lovegood-rod-high-quality-metal-core\\\/\"]}]},{\"@type\":\"ImageObject\",\"inLanguage\":\"de\",\"@id\":\"https:\\\/\\\/repliquemangacine.fr\\\/en\\\/harry-potter-character-wands\\\/luna-lovegood-rod-high-quality-metal-core\\\/#primaryimage\",\"url\":\"https:\\\/\\\/repliquemangacine.fr\\\/wp-content\\\/uploads\\\/2023\\\/10\\\/2840-Baguette-de-Luna-lovegood-Noyau-metal-de-Haute-qualite.jpg\",\"contentUrl\":\"https:\\\/\\\/repliquemangacine.fr\\\/wp-content\\\/uploads\\\/2023\\\/10\\\/2840-Baguette-de-Luna-lovegood-Noyau-metal-de-Haute-qualite.jpg\",\"width\":800,\"height\":800,\"caption\":\"Baguette de Luna lovegood Noyau m\u00e9tal de Haute qualit\u00e9\"},{\"@type\":\"BreadcrumbList\",\"@id\":\"https:\\\/\\\/repliquemangacine.fr\\\/en\\\/harry-potter-character-wands\\\/luna-lovegood-rod-high-quality-metal-core\\\/#breadcrumb\",\"itemListElement\":[{\"@type\":\"ListItem\",\"position\":1,\"name\":\"Accueil\",\"item\":\"https:\\\/\\\/repliquemangacine.fr\\\/\"},{\"@type\":\"ListItem\",\"position\":2,\"name\":\"Produits\",\"item\":\"https:\\\/\\\/repliquemangacine.fr\\\/boutique\\\/\"},{\"@type\":\"ListItem\",\"position\":3,\"name\":\"Baguette Luna\"}]},{\"@type\":\"WebSite\",\"@id\":\"https:\\\/\\\/repliquemangacine.fr\\\/#website\",\"url\":\"https:\\\/\\\/repliquemangacine.fr\\\/\",\"name\":\"R\u00e9plique Manga Cin\u00e9\",\"description\":\"\",\"publisher\":{\"@id\":\"https:\\\/\\\/repliquemangacine.fr\\\/#organization\"},\"potentialAction\":[{\"@type\":\"SearchAction\",\"target\":{\"@type\":\"EntryPoint\",\"urlTemplate\":\"https:\\\/\\\/repliquemangacine.fr\\\/?s={search_term_string}\"},\"query-input\":{\"@type\":\"PropertyValueSpecification\",\"valueRequired\":true,\"valueName\":\"search_term_string\"}}],\"inLanguage\":\"de\"},{\"@type\":\"Organization\",\"@id\":\"https:\\\/\\\/repliquemangacine.fr\\\/#organization\",\"name\":\"R\u00e9plique Manga Cin\u00e9\",\"url\":\"https:\\\/\\\/repliquemangacine.fr\\\/\",\"logo\":{\"@type\":\"ImageObject\",\"inLanguage\":\"de\",\"@id\":\"https:\\\/\\\/repliquemangacine.fr\\\/#\\\/schema\\\/logo\\\/image\\\/\",\"url\":\"https:\\\/\\\/repliquemangacine.fr\\\/wp-content\\\/uploads\\\/2023\\\/10\\\/RMC-500250.png\",\"contentUrl\":\"https:\\\/\\\/repliquemangacine.fr\\\/wp-content\\\/uploads\\\/2023\\\/10\\\/RMC-500250.png\",\"width\":500,\"height\":250,\"caption\":\"R\u00e9plique Manga Cin\u00e9\"},\"image\":{\"@id\":\"https:\\\/\\\/repliquemangacine.fr\\\/#\\\/schema\\\/logo\\\/image\\\/\"},\"sameAs\":[\"https:\\\/\\\/www.facebook.com\\\/RepliqueMangaCine\",\"https:\\\/\\\/www.instagram.com\\\/repliquemangacine.fr\\\/\"]}]}<\/script>\n<!-- \/ Yoast SEO plugin. -->","yoast_head_json":{"title":"Zauberstab Luna Lovegood - Harry Potter - R\u00e9plique Manga Cin\u00e9","description":"Entdecken Sie diesen wundersch\u00f6nen Zauberstab von Luna Lovegood aus Harry Potter zum besten Preis. Aus Kunstharz - Metallkern - Sammlerbox - L\u00e4nge: 35.5 cm","robots":{"index":"index","follow":"follow","max-snippet":"max-snippet:-1","max-image-preview":"max-image-preview:large","max-video-preview":"max-video-preview:-1"},"canonical":"https:\/\/repliquemangacine.fr\/de\/essstabchen-figuren-harry-potter\/zauberstab-von-luna-lovegood-hochwertiger-metallkern\/","og_locale":"de_DE","og_type":"article","og_title":"Baguette Luna Lovegood - Harry Potter - R\u00e9plique Manga Cin\u00e9","og_description":"D\u00e9couvrez cette superbe Baguette Luna Lovegood dans Harry Potter au meilleur prix. En r\u00e9sine - Noyau en m\u00e9tal - Bo\u00eete Collector - Longueur : 35.5 cm","og_url":"https:\/\/repliquemangacine.fr\/de\/essstabchen-figuren-harry-potter\/zauberstab-von-luna-lovegood-hochwertiger-metallkern\/","og_site_name":"R\u00e9plique Manga Cin\u00e9","article_publisher":"https:\/\/www.facebook.com\/RepliqueMangaCine","article_modified_time":"2026-04-18T12:54:06+00:00","og_image":[{"width":800,"height":800,"url":"https:\/\/repliquemangacine.fr\/wp-content\/uploads\/2023\/10\/2840-Baguette-de-Luna-lovegood-Noyau-metal-de-Haute-qualite.jpg","type":"image\/jpeg"}],"twitter_card":"summary_large_image","twitter_misc":{"Gesch\u00e4tzte Lesezeit":"2\u00a0Minuten"},"schema":{"@context":"https:\/\/schema.org","@graph":[{"@type":"WebPage","@id":"https:\/\/repliquemangacine.fr\/en\/harry-potter-character-wands\/luna-lovegood-rod-high-quality-metal-core\/","url":"https:\/\/repliquemangacine.fr\/en\/harry-potter-character-wands\/luna-lovegood-rod-high-quality-metal-core\/","name":"Zauberstab Luna Lovegood - Harry Potter - R\u00e9plique Manga Cin\u00e9","isPartOf":{"@id":"https:\/\/repliquemangacine.fr\/#website"},"primaryImageOfPage":{"@id":"https:\/\/repliquemangacine.fr\/en\/harry-potter-character-wands\/luna-lovegood-rod-high-quality-metal-core\/#primaryimage"},"image":{"@id":"https:\/\/repliquemangacine.fr\/en\/harry-potter-character-wands\/luna-lovegood-rod-high-quality-metal-core\/#primaryimage"},"thumbnailUrl":"https:\/\/repliquemangacine.fr\/wp-content\/uploads\/2023\/10\/2840-Baguette-de-Luna-lovegood-Noyau-metal-de-Haute-qualite.jpg","datePublished":"2019-04-26T11:57:13+00:00","dateModified":"2026-04-18T12:54:06+00:00","description":"Entdecken Sie diesen wundersch\u00f6nen Zauberstab von Luna Lovegood aus Harry Potter zum besten Preis. Aus Kunstharz - Metallkern - Sammlerbox - L\u00e4nge: 35.5 cm","breadcrumb":{"@id":"https:\/\/repliquemangacine.fr\/en\/harry-potter-character-wands\/luna-lovegood-rod-high-quality-metal-core\/#breadcrumb"},"inLanguage":"de","potentialAction":[{"@type":"ReadAction","target":["https:\/\/repliquemangacine.fr\/en\/harry-potter-character-wands\/luna-lovegood-rod-high-quality-metal-core\/"]}]},{"@type":"ImageObject","inLanguage":"de","@id":"https:\/\/repliquemangacine.fr\/en\/harry-potter-character-wands\/luna-lovegood-rod-high-quality-metal-core\/#primaryimage","url":"https:\/\/repliquemangacine.fr\/wp-content\/uploads\/2023\/10\/2840-Baguette-de-Luna-lovegood-Noyau-metal-de-Haute-qualite.jpg","contentUrl":"https:\/\/repliquemangacine.fr\/wp-content\/uploads\/2023\/10\/2840-Baguette-de-Luna-lovegood-Noyau-metal-de-Haute-qualite.jpg","width":800,"height":800,"caption":"Baguette de Luna lovegood Noyau m\u00e9tal de Haute qualit\u00e9"},{"@type":"BreadcrumbList","@id":"https:\/\/repliquemangacine.fr\/en\/harry-potter-character-wands\/luna-lovegood-rod-high-quality-metal-core\/#breadcrumb","itemListElement":[{"@type":"ListItem","position":1,"name":"Accueil","item":"https:\/\/repliquemangacine.fr\/"},{"@type":"ListItem","position":2,"name":"Produits","item":"https:\/\/repliquemangacine.fr\/boutique\/"},{"@type":"ListItem","position":3,"name":"Baguette Luna"}]},{"@type":"WebSite","@id":"https:\/\/repliquemangacine.fr\/#website","url":"https:\/\/repliquemangacine.fr\/","name":"R\u00e9plique Manga Cin\u00e9","description":"","publisher":{"@id":"https:\/\/repliquemangacine.fr\/#organization"},"potentialAction":[{"@type":"SearchAction","target":{"@type":"EntryPoint","urlTemplate":"https:\/\/repliquemangacine.fr\/?s={search_term_string}"},"query-input":{"@type":"PropertyValueSpecification","valueRequired":true,"valueName":"search_term_string"}}],"inLanguage":"de"},{"@type":"Organization","@id":"https:\/\/repliquemangacine.fr\/#organization","name":"R\u00e9plique Manga Cin\u00e9","url":"https:\/\/repliquemangacine.fr\/","logo":{"@type":"ImageObject","inLanguage":"de","@id":"https:\/\/repliquemangacine.fr\/#\/schema\/logo\/image\/","url":"https:\/\/repliquemangacine.fr\/wp-content\/uploads\/2023\/10\/RMC-500250.png","contentUrl":"https:\/\/repliquemangacine.fr\/wp-content\/uploads\/2023\/10\/RMC-500250.png","width":500,"height":250,"caption":"R\u00e9plique Manga Cin\u00e9"},"image":{"@id":"https:\/\/repliquemangacine.fr\/#\/schema\/logo\/image\/"},"sameAs":["https:\/\/www.facebook.com\/RepliqueMangaCine","https:\/\/www.instagram.com\/repliquemangacine.fr\/"]}]}},"_links":{"self":[{"href":"https:\/\/repliquemangacine.fr\/de\/wp-json\/wp\/v2\/product\/28126","targetHints":{"allow":["GET"]}}],"collection":[{"href":"https:\/\/repliquemangacine.fr\/de\/wp-json\/wp\/v2\/product"}],"about":[{"href":"https:\/\/repliquemangacine.fr\/de\/wp-json\/wp\/v2\/types\/product"}],"wp:featuredmedia":[{"embeddable":true,"href":"https:\/\/repliquemangacine.fr\/de\/wp-json\/wp\/v2\/media\/28127"}],"wp:attachment":[{"href":"https:\/\/repliquemangacine.fr\/de\/wp-json\/wp\/v2\/media?parent=28126"}],"wp:term":[{"taxonomy":"product_brand","embeddable":true,"href":"https:\/\/repliquemangacine.fr\/de\/wp-json\/wp\/v2\/product_brand?post=28126"},{"taxonomy":"product_cat","embeddable":true,"href":"https:\/\/repliquemangacine.fr\/de\/wp-json\/wp\/v2\/product_cat?post=28126"},{"taxonomy":"product_tag","embeddable":true,"href":"https:\/\/repliquemangacine.fr\/de\/wp-json\/wp\/v2\/product_tag?post=28126"}],"curies":[{"name":"wp","href":"https:\/\/api.w.org\/{rel}","templated":true}]}}