





{"id":28111,"date":"2019-04-26T12:31:44","date_gmt":"2019-04-26T10:31:44","guid":{"rendered":"https:\/\/repliquemangacine.fr\/?post_type=product&#038;p=28111"},"modified":"2026-04-27T17:25:49","modified_gmt":"2026-04-27T15:25:49","slug":"zauberstab-albus-dumbledore-hochwertiger-metallkern","status":"publish","type":"product","link":"https:\/\/repliquemangacine.fr\/de\/baguettes-personnages-harry-potter\/baguette-albus-dumbledore-noyau-metal-de-haute-qualite\/","title":{"rendered":"Zauberstab Albus Dumbledore"},"content":{"rendered":"<h2>Zauberstab Albus Dumbledore - Harry Potter<\/h2>\n<p>Zu Beginn wird die <strong>Zauberstab Albus Dumbledore<\/strong> und sein Metallkern verleihen diesem Stab eine einwandfreie Qualit\u00e4t.<\/p>\n<p>Albus Dumbledore, einer der m\u00e4chtigsten Zauberer aller Zeiten, Direktor der Zauberschule <a href=\"https:\/\/harrypotter.fandom.com\/fr\/wiki\/Coll\u00e8ge_Poudlard,_\u00e9cole_de_sorcellerie\" target=\"_blank\" rel=\"noopener noreferrer\">Hogwarts<\/a>. Zuvor muss jedoch betont werden, dass Albus Professor f\u00fcr Verwandlung ist. Zu seinen Sch\u00fclern z\u00e4hlt der Magizoologe Norbert Dragonneau.<\/p>\n<p>Dumbledore gilt als der gr\u00f6\u00dfte Zauberer aller Zeiten und hat sich seinen schelmischen, skurrilen, fast kindlichen Charakter bewahrt. Er ist extravagant und verk\u00f6rpert und verk\u00fcndet in seinen Reden zu Beginn des Jahres die Werte Mut, Freundschaft, Gerechtigkeit und Wahrheit.<\/p>\n<p>Der Verlust seiner Schwester hat ihn jedoch v\u00f6llig zerst\u00f6rt. Er ist \u00fcberzeugt, dass Macht einen sch\u00e4dlichen Einfluss auf ihn haben w\u00fcrde. Deshalb tut er Bu\u00dfe, indem er sein Leben dem Kampf gegen die schwarzen Magier widmet.<\/p>\n<h2>Ihr g\u00fcnstiger Albus Dumbledore Zauberstab.<\/h2>\n<p>Wir bieten dir eine gro\u00dfe Auswahl an Harry-Potter-Zauberst\u00e4ben von Ollivander.<\/p>\n<p>Zun\u00e4chst einmal,<\/p>\n<ul>\n<li>Der Zauberstab seines Freundes und Rivalen bei der dritten Aufgabe <a href=\"https:\/\/repliquemangacine.fr\/de\/stabchen-figuren\/harry-potter-stab-mit-hochwertigem-metallkern\/\">Harry Potter<\/a>.<\/li>\n<li>Sowie das Baguette von <a href=\"https:\/\/repliquemangacine.fr\/de\/stabchen-figuren\/zauberstab-bellatrix-lestrange-metallkern\/\">Bellatrix Lestrange<\/a> mit seiner etwas geschwungenen Form.<\/li>\n<li>Und viele andere, die es in unserem Online-Shop zu entdecken gibt!<\/li>\n<\/ul>\n<p>Deshalb hier eine tolle Geschenkidee f\u00fcr alle Harry-Potter-Fans<\/p>\n<p>Abschlie\u00dfend k\u00f6nnen Sie auch diesen <strong>Zauberstab Albus Dumbledore<\/strong> f\u00fcr Ihre Cosplays oder Themenabende. Vor allem aber ist es ein Sammler- und Dekorationsst\u00fcck.<\/p>\n<p>R\u00e9plique Manga Cin\u00e9 ist ein franz\u00f6sisches Familienunternehmen.<\/p>\n<h2>Wie werden die Zauberst\u00e4be von Hexen und Zauberern hergestellt?<\/h2>\n<p>Ein Zauberstab ist ein Gegenstand, der aus zwei variablen Elementen besteht: dem Holz, das normalerweise von einem Baum stammt, und dem sogenannten Kern des Zauberstabs, der von verschiedenen magischen Kreaturen oder Pflanzen stammen kann. Er ist ein Werkzeug, das von Zauberern und Hexen verwendet wird, um ihre Zauberspr\u00fcche zu sch\u00e4rfen und bessere Ergebnisse bei der Anwendung von Magie zu erzielen.<\/p>\n<p>Unsere St\u00e4bchen werden aus gegossenem Harz hergestellt, im Herzen des St\u00e4bchens befindet sich ein Metallstab, der Ihrem <strong>Zauberstab Albus Dumbledore<\/strong> eine bemerkenswerte Widerstandsf\u00e4higkeit.<\/p>\n<p>Es sei darauf hingewiesen, dass die meisten Zauberer ihren Zauberstab im Alter von elf Jahren kaufen, bevor sie mit ihrer magischen Ausbildung beginnen. Junge Zauberer k\u00f6nnen ihren Zauberstab selbst bei einem Verk\u00e4ufer kaufen gehen, wobei britische Sch\u00fcler traditionell zu Ollivander gehen.<\/p>","protected":false},"excerpt":{"rendered":"<p>Zauberstab von Albus Dumbledore, inspiriert von der Harry-Potter-Saga.<\/p>\n<ul>\n<li>Zauberstab aus Kunstharz, Nachahmung des dunklen Holunderholzes, Griff mit Kugeln verziert.<\/li>\n<li>Metallkern.<\/li>\n<li>Sammlerfigurenschachtel mit samtenem Innenleben.<\/li>\n<li>Personenkarte.<\/li>\n<li>Gesamtl\u00e4nge: 41.5 cm - Gewicht: 79 grs<\/li>\n<\/ul>","protected":false},"featured_media":28112,"template":"","meta":[],"product_brand":[896],"product_cat":[80,24,41],"product_tag":[],"class_list":{"0":"post-28111","1":"product","2":"type-product","3":"status-publish","4":"has-post-thumbnail","6":"product_brand-replique-manga-cine","7":"product_cat-baguettes-personnages-harry-potter","8":"product_cat-films-series-tv-vente-de-katana-epee-et-produits-derives","9":"product_cat-baguettes-et-goodies-harry-potter","11":"first","12":"instock","13":"taxable","14":"shipping-taxable","15":"purchasable","16":"product-type-simple"},"yoast_head":"<!-- This site is optimized with the Yoast SEO plugin v27.5 - https:\/\/yoast.com\/product\/yoast-seo-wordpress\/ -->\n<title>Baguette Albus Dumbledore - Harry Potter | R\u00e9plique Manga Cin\u00e9<\/title>\n<meta name=\"description\" content=\"Offrez-vous cette Baguette Albus Dumbledore dans Harry Potter au meilleur prix. En r\u00e9sine - Noyau en m\u00e9tal - Bo\u00eete Collector - Longueur totale : 41.5 cm\" \/>\n<meta name=\"robots\" content=\"index, follow, max-snippet:-1, max-image-preview:large, max-video-preview:-1\" \/>\n<link rel=\"canonical\" href=\"https:\/\/repliquemangacine.fr\/de\/essstabchen-figuren-harry-potter\/zauberstab-albus-dumbledore-hochwertiger-metallkern\/\" \/>\n<meta property=\"og:locale\" content=\"de_DE\" \/>\n<meta property=\"og:type\" content=\"article\" \/>\n<meta property=\"og:title\" content=\"Baguette Albus Dumbledore - Harry Potter | R\u00e9plique Manga Cin\u00e9\" \/>\n<meta property=\"og:description\" content=\"Offrez-vous cette Baguette Albus Dumbledore dans Harry Potter au meilleur prix. En r\u00e9sine - Noyau en m\u00e9tal - Bo\u00eete Collector - Longueur totale : 41.5 cm\" \/>\n<meta property=\"og:url\" content=\"https:\/\/repliquemangacine.fr\/de\/essstabchen-figuren-harry-potter\/zauberstab-albus-dumbledore-hochwertiger-metallkern\/\" \/>\n<meta property=\"og:site_name\" content=\"R\u00e9plique Manga Cin\u00e9\" \/>\n<meta property=\"article:publisher\" content=\"https:\/\/www.facebook.com\/RepliqueMangaCine\" \/>\n<meta property=\"article:modified_time\" content=\"2026-04-27T15:25:49+00:00\" \/>\n<meta property=\"og:image\" content=\"https:\/\/repliquemangacine.fr\/wp-content\/uploads\/2023\/10\/2827-Baguette-Albus-Dumbledore-Noyau-metal-de-Haute-qualite.jpg\" \/>\n\t<meta property=\"og:image:width\" content=\"800\" \/>\n\t<meta property=\"og:image:height\" content=\"800\" \/>\n\t<meta property=\"og:image:type\" content=\"image\/jpeg\" \/>\n<meta name=\"twitter:card\" content=\"summary_large_image\" \/>\n<meta name=\"twitter:label1\" content=\"Gesch\u00e4tzte Lesezeit\" \/>\n\t<meta name=\"twitter:data1\" content=\"1\u00a0Minute\" \/>\n<script type=\"application\/ld+json\" class=\"yoast-schema-graph\">{\"@context\":\"https:\\\/\\\/schema.org\",\"@graph\":[{\"@type\":\"WebPage\",\"@id\":\"https:\\\/\\\/repliquemangacine.fr\\\/baguettes-personnages-harry-potter\\\/baguette-albus-dumbledore-noyau-metal-de-haute-qualite\\\/\",\"url\":\"https:\\\/\\\/repliquemangacine.fr\\\/baguettes-personnages-harry-potter\\\/baguette-albus-dumbledore-noyau-metal-de-haute-qualite\\\/\",\"name\":\"Baguette Albus Dumbledore - Harry Potter | R\u00e9plique Manga Cin\u00e9\",\"isPartOf\":{\"@id\":\"https:\\\/\\\/repliquemangacine.fr\\\/#website\"},\"primaryImageOfPage\":{\"@id\":\"https:\\\/\\\/repliquemangacine.fr\\\/baguettes-personnages-harry-potter\\\/baguette-albus-dumbledore-noyau-metal-de-haute-qualite\\\/#primaryimage\"},\"image\":{\"@id\":\"https:\\\/\\\/repliquemangacine.fr\\\/baguettes-personnages-harry-potter\\\/baguette-albus-dumbledore-noyau-metal-de-haute-qualite\\\/#primaryimage\"},\"thumbnailUrl\":\"https:\\\/\\\/repliquemangacine.fr\\\/wp-content\\\/uploads\\\/2023\\\/10\\\/2827-Baguette-Albus-Dumbledore-Noyau-metal-de-Haute-qualite.jpg\",\"datePublished\":\"2019-04-26T10:31:44+00:00\",\"dateModified\":\"2026-04-27T15:25:49+00:00\",\"description\":\"Offrez-vous cette Baguette Albus Dumbledore dans Harry Potter au meilleur prix. En r\u00e9sine - Noyau en m\u00e9tal - Bo\u00eete Collector - Longueur totale : 41.5 cm\",\"breadcrumb\":{\"@id\":\"https:\\\/\\\/repliquemangacine.fr\\\/baguettes-personnages-harry-potter\\\/baguette-albus-dumbledore-noyau-metal-de-haute-qualite\\\/#breadcrumb\"},\"inLanguage\":\"de\",\"potentialAction\":[{\"@type\":\"ReadAction\",\"target\":[\"https:\\\/\\\/repliquemangacine.fr\\\/baguettes-personnages-harry-potter\\\/baguette-albus-dumbledore-noyau-metal-de-haute-qualite\\\/\"]}]},{\"@type\":\"ImageObject\",\"inLanguage\":\"de\",\"@id\":\"https:\\\/\\\/repliquemangacine.fr\\\/baguettes-personnages-harry-potter\\\/baguette-albus-dumbledore-noyau-metal-de-haute-qualite\\\/#primaryimage\",\"url\":\"https:\\\/\\\/repliquemangacine.fr\\\/wp-content\\\/uploads\\\/2023\\\/10\\\/2827-Baguette-Albus-Dumbledore-Noyau-metal-de-Haute-qualite.jpg\",\"contentUrl\":\"https:\\\/\\\/repliquemangacine.fr\\\/wp-content\\\/uploads\\\/2023\\\/10\\\/2827-Baguette-Albus-Dumbledore-Noyau-metal-de-Haute-qualite.jpg\",\"width\":800,\"height\":800,\"caption\":\"Baguette Albus Dumbledore Noyau m\u00e9tal de Haute qualit\u00e9\"},{\"@type\":\"BreadcrumbList\",\"@id\":\"https:\\\/\\\/repliquemangacine.fr\\\/baguettes-personnages-harry-potter\\\/baguette-albus-dumbledore-noyau-metal-de-haute-qualite\\\/#breadcrumb\",\"itemListElement\":[{\"@type\":\"ListItem\",\"position\":1,\"name\":\"Accueil\",\"item\":\"https:\\\/\\\/repliquemangacine.fr\\\/\"},{\"@type\":\"ListItem\",\"position\":2,\"name\":\"Produits\",\"item\":\"https:\\\/\\\/repliquemangacine.fr\\\/boutique\\\/\"},{\"@type\":\"ListItem\",\"position\":3,\"name\":\"Baguette Albus Dumbledore\"}]},{\"@type\":\"WebSite\",\"@id\":\"https:\\\/\\\/repliquemangacine.fr\\\/#website\",\"url\":\"https:\\\/\\\/repliquemangacine.fr\\\/\",\"name\":\"R\u00e9plique Manga Cin\u00e9\",\"description\":\"\",\"publisher\":{\"@id\":\"https:\\\/\\\/repliquemangacine.fr\\\/#organization\"},\"potentialAction\":[{\"@type\":\"SearchAction\",\"target\":{\"@type\":\"EntryPoint\",\"urlTemplate\":\"https:\\\/\\\/repliquemangacine.fr\\\/?s={search_term_string}\"},\"query-input\":{\"@type\":\"PropertyValueSpecification\",\"valueRequired\":true,\"valueName\":\"search_term_string\"}}],\"inLanguage\":\"de\"},{\"@type\":\"Organization\",\"@id\":\"https:\\\/\\\/repliquemangacine.fr\\\/#organization\",\"name\":\"R\u00e9plique Manga Cin\u00e9\",\"url\":\"https:\\\/\\\/repliquemangacine.fr\\\/\",\"logo\":{\"@type\":\"ImageObject\",\"inLanguage\":\"de\",\"@id\":\"https:\\\/\\\/repliquemangacine.fr\\\/#\\\/schema\\\/logo\\\/image\\\/\",\"url\":\"https:\\\/\\\/repliquemangacine.fr\\\/wp-content\\\/uploads\\\/2023\\\/10\\\/RMC-500250.png\",\"contentUrl\":\"https:\\\/\\\/repliquemangacine.fr\\\/wp-content\\\/uploads\\\/2023\\\/10\\\/RMC-500250.png\",\"width\":500,\"height\":250,\"caption\":\"R\u00e9plique Manga Cin\u00e9\"},\"image\":{\"@id\":\"https:\\\/\\\/repliquemangacine.fr\\\/#\\\/schema\\\/logo\\\/image\\\/\"},\"sameAs\":[\"https:\\\/\\\/www.facebook.com\\\/RepliqueMangaCine\",\"https:\\\/\\\/www.instagram.com\\\/repliquemangacine.fr\\\/\"]}]}<\/script>\n<!-- \/ Yoast SEO plugin. -->","yoast_head_json":{"title":"Zauberstab Albus Dumbledore - Harry Potter | R\u00e9plique Manga Cin\u00e9","description":"G\u00f6nnen Sie sich diesen Albus Dumbledore Zauberstab aus Harry Potter zum besten Preis. Aus Kunstharz - Metallkern - Sammlerbox - Gesamtl\u00e4nge: 41.5 cm","robots":{"index":"index","follow":"follow","max-snippet":"max-snippet:-1","max-image-preview":"max-image-preview:large","max-video-preview":"max-video-preview:-1"},"canonical":"https:\/\/repliquemangacine.fr\/de\/essstabchen-figuren-harry-potter\/zauberstab-albus-dumbledore-hochwertiger-metallkern\/","og_locale":"de_DE","og_type":"article","og_title":"Baguette Albus Dumbledore - Harry Potter | R\u00e9plique Manga Cin\u00e9","og_description":"Offrez-vous cette Baguette Albus Dumbledore dans Harry Potter au meilleur prix. En r\u00e9sine - Noyau en m\u00e9tal - Bo\u00eete Collector - Longueur totale : 41.5 cm","og_url":"https:\/\/repliquemangacine.fr\/de\/essstabchen-figuren-harry-potter\/zauberstab-albus-dumbledore-hochwertiger-metallkern\/","og_site_name":"R\u00e9plique Manga Cin\u00e9","article_publisher":"https:\/\/www.facebook.com\/RepliqueMangaCine","article_modified_time":"2026-04-27T15:25:49+00:00","og_image":[{"width":800,"height":800,"url":"https:\/\/repliquemangacine.fr\/wp-content\/uploads\/2023\/10\/2827-Baguette-Albus-Dumbledore-Noyau-metal-de-Haute-qualite.jpg","type":"image\/jpeg"}],"twitter_card":"summary_large_image","twitter_misc":{"Gesch\u00e4tzte Lesezeit":"1\u00a0Minute"},"schema":{"@context":"https:\/\/schema.org","@graph":[{"@type":"WebPage","@id":"https:\/\/repliquemangacine.fr\/baguettes-personnages-harry-potter\/baguette-albus-dumbledore-noyau-metal-de-haute-qualite\/","url":"https:\/\/repliquemangacine.fr\/baguettes-personnages-harry-potter\/baguette-albus-dumbledore-noyau-metal-de-haute-qualite\/","name":"Zauberstab Albus Dumbledore - Harry Potter | R\u00e9plique Manga Cin\u00e9","isPartOf":{"@id":"https:\/\/repliquemangacine.fr\/#website"},"primaryImageOfPage":{"@id":"https:\/\/repliquemangacine.fr\/baguettes-personnages-harry-potter\/baguette-albus-dumbledore-noyau-metal-de-haute-qualite\/#primaryimage"},"image":{"@id":"https:\/\/repliquemangacine.fr\/baguettes-personnages-harry-potter\/baguette-albus-dumbledore-noyau-metal-de-haute-qualite\/#primaryimage"},"thumbnailUrl":"https:\/\/repliquemangacine.fr\/wp-content\/uploads\/2023\/10\/2827-Baguette-Albus-Dumbledore-Noyau-metal-de-Haute-qualite.jpg","datePublished":"2019-04-26T10:31:44+00:00","dateModified":"2026-04-27T15:25:49+00:00","description":"G\u00f6nnen Sie sich diesen Albus Dumbledore Zauberstab aus Harry Potter zum besten Preis. Aus Kunstharz - Metallkern - Sammlerbox - Gesamtl\u00e4nge: 41.5 cm","breadcrumb":{"@id":"https:\/\/repliquemangacine.fr\/baguettes-personnages-harry-potter\/baguette-albus-dumbledore-noyau-metal-de-haute-qualite\/#breadcrumb"},"inLanguage":"de","potentialAction":[{"@type":"ReadAction","target":["https:\/\/repliquemangacine.fr\/baguettes-personnages-harry-potter\/baguette-albus-dumbledore-noyau-metal-de-haute-qualite\/"]}]},{"@type":"ImageObject","inLanguage":"de","@id":"https:\/\/repliquemangacine.fr\/baguettes-personnages-harry-potter\/baguette-albus-dumbledore-noyau-metal-de-haute-qualite\/#primaryimage","url":"https:\/\/repliquemangacine.fr\/wp-content\/uploads\/2023\/10\/2827-Baguette-Albus-Dumbledore-Noyau-metal-de-Haute-qualite.jpg","contentUrl":"https:\/\/repliquemangacine.fr\/wp-content\/uploads\/2023\/10\/2827-Baguette-Albus-Dumbledore-Noyau-metal-de-Haute-qualite.jpg","width":800,"height":800,"caption":"Baguette Albus Dumbledore Noyau m\u00e9tal de Haute qualit\u00e9"},{"@type":"BreadcrumbList","@id":"https:\/\/repliquemangacine.fr\/baguettes-personnages-harry-potter\/baguette-albus-dumbledore-noyau-metal-de-haute-qualite\/#breadcrumb","itemListElement":[{"@type":"ListItem","position":1,"name":"Accueil","item":"https:\/\/repliquemangacine.fr\/"},{"@type":"ListItem","position":2,"name":"Produits","item":"https:\/\/repliquemangacine.fr\/boutique\/"},{"@type":"ListItem","position":3,"name":"Baguette Albus Dumbledore"}]},{"@type":"WebSite","@id":"https:\/\/repliquemangacine.fr\/#website","url":"https:\/\/repliquemangacine.fr\/","name":"R\u00e9plique Manga Cin\u00e9","description":"","publisher":{"@id":"https:\/\/repliquemangacine.fr\/#organization"},"potentialAction":[{"@type":"SearchAction","target":{"@type":"EntryPoint","urlTemplate":"https:\/\/repliquemangacine.fr\/?s={search_term_string}"},"query-input":{"@type":"PropertyValueSpecification","valueRequired":true,"valueName":"search_term_string"}}],"inLanguage":"de"},{"@type":"Organization","@id":"https:\/\/repliquemangacine.fr\/#organization","name":"R\u00e9plique Manga Cin\u00e9","url":"https:\/\/repliquemangacine.fr\/","logo":{"@type":"ImageObject","inLanguage":"de","@id":"https:\/\/repliquemangacine.fr\/#\/schema\/logo\/image\/","url":"https:\/\/repliquemangacine.fr\/wp-content\/uploads\/2023\/10\/RMC-500250.png","contentUrl":"https:\/\/repliquemangacine.fr\/wp-content\/uploads\/2023\/10\/RMC-500250.png","width":500,"height":250,"caption":"R\u00e9plique Manga Cin\u00e9"},"image":{"@id":"https:\/\/repliquemangacine.fr\/#\/schema\/logo\/image\/"},"sameAs":["https:\/\/www.facebook.com\/RepliqueMangaCine","https:\/\/www.instagram.com\/repliquemangacine.fr\/"]}]}},"_links":{"self":[{"href":"https:\/\/repliquemangacine.fr\/de\/wp-json\/wp\/v2\/product\/28111","targetHints":{"allow":["GET"]}}],"collection":[{"href":"https:\/\/repliquemangacine.fr\/de\/wp-json\/wp\/v2\/product"}],"about":[{"href":"https:\/\/repliquemangacine.fr\/de\/wp-json\/wp\/v2\/types\/product"}],"wp:featuredmedia":[{"embeddable":true,"href":"https:\/\/repliquemangacine.fr\/de\/wp-json\/wp\/v2\/media\/28112"}],"wp:attachment":[{"href":"https:\/\/repliquemangacine.fr\/de\/wp-json\/wp\/v2\/media?parent=28111"}],"wp:term":[{"taxonomy":"product_brand","embeddable":true,"href":"https:\/\/repliquemangacine.fr\/de\/wp-json\/wp\/v2\/product_brand?post=28111"},{"taxonomy":"product_cat","embeddable":true,"href":"https:\/\/repliquemangacine.fr\/de\/wp-json\/wp\/v2\/product_cat?post=28111"},{"taxonomy":"product_tag","embeddable":true,"href":"https:\/\/repliquemangacine.fr\/de\/wp-json\/wp\/v2\/product_tag?post=28111"}],"curies":[{"name":"wp","href":"https:\/\/api.w.org\/{rel}","templated":true}]}}