





{"id":28061,"date":"2019-04-04T16:32:32","date_gmt":"2019-04-04T14:32:32","guid":{"rendered":"https:\/\/repliquemangacine.fr\/?post_type=product&#038;p=28061"},"modified":"2026-02-04T22:40:19","modified_gmt":"2026-02-04T21:40:19","slug":"god-killer-epee-wonder-woman","status":"publish","type":"product","link":"https:\/\/repliquemangacine.fr\/de\/super-heros-marvel\/epee-god-killer-wonder-woman\/","title":{"rendered":"God Killer Wonder Woman"},"content":{"rendered":"<h3>Schwert God Killer Wonder Woman.<\/h3>\n<p>Zu Beginn wird die<strong>Schwert God Killer Wonder Woman<\/strong> ist eine unglaublich scharfe und haltbare Waffe, die nach ihrer intensiven Nutzung durch Diana im Ersten Weltkrieg keine offensichtlichen Sch\u00e4den aufweist.<\/p>\n<p><a href=\"https:\/\/dc.fandom.com\/fr\/wiki\/Wonder_Woman_(Diana_Prince)\" target=\"_blank\" rel=\"noopener noreferrer\">Diana<\/a> erwarb den God Killer (G\u00f6ttert\u00f6ter) urspr\u00fcnglich aus einem besonderen Turm auf Themyscira, der die \u201cvielen Geschenke\u201d enthielt, die die G\u00f6tter den Amazonen gegeben hatten, in der \u00dcberzeugung, dass dies das Einzige sei, was Ares, den Gott des Krieges, t\u00f6ten k\u00f6nne.<\/p>\n<p>Sie benutzte es insbesondere, um General Ludendorff zu t\u00f6ten, indem sie ihm damit ins Herz stach, da sie f\u00e4lschlicherweise glaubte, er sei Ares. Das Schwert wurde schlie\u00dflich vom echten Ares zerst\u00f6rt. Diana ersetzt God Killer durch das Schwert der Athene und benutzt es als eine ihrer Waffen.<\/p>\n<h2>Ihr Wonder Woman Schwert zum besten Preis.<\/h2>\n<p>Wir bieten Ihnen eine gro\u00dfe Auswahl an Repliken Ihrer liebsten Superhelden.<\/p>\n<p>Zun\u00e4chst<\/p>\n<ul>\n<li>L'<a href=\"https:\/\/repliquemangacine.fr\/de\/superheld\/schwert-athena-wonder-woman-justice-league\/\">Schwert Athena von Wonder Woman<\/a> der den Platz von God Killer eingenommen hat.<\/li>\n<li>Anschlie\u00dfend werden die <a href=\"https:\/\/repliquemangacine.fr\/de\/superheld\/duo-de-deux-sabres-deadpool\/\">zwei Schwerter von Deadpool<\/a> mit seinem R\u00fcckenholster.<\/li>\n<li>Es gibt auch den <a href=\"https:\/\/repliquemangacine.fr\/de\/superheld\/justice-league-replica-aquamans-dreizack-186-cm\/\">Aquamans Dreizack<\/a> unter offizieller Lizenz vertrieben von Noble Collection.<\/li>\n<li>Und viele andere, die es in unserem Online-Shop zu entdecken gibt!<\/li>\n<\/ul>\n<p>Deshalb gibt es hier tolle Geschenkideen f\u00fcr alle, die das Marvel-Universum lieben.<\/p>\n<p>Abschlie\u00dfend k\u00f6nnen Sie den<strong>Schwert God Killer Wonder Woman<\/strong> bei Ihren Cosplay-Paraden. Vor allem aber ist dieses Schwert ein Sammler- und Dekorationsobjekt.<\/p>\n<h2>Wie pflegt man die Klinge seines Marvel-Schwerts?<\/h2>\n<p>Sammlungs- und Dekorationsschwerter werden in vereinfachter Form hergestellt und zusammengebaut. Da sie zu Dekorationszwecken verwendet werden, fehlen ihnen die Sicherheitselemente, die ein japanisches Schwert f\u00fcr Trainingszwecke aufweisen muss.<\/p>\n<p>Allerdings ist Ihr <strong>Schwert God Killer Wonder Woman<\/strong> zu einer Stahlklinge, die gepflegt werden muss, damit sie nicht mit der Zeit abgenutzt wird. Denn wenn du dein Katana ausstellst, werden deine Freunde neugierig sein, die Klinge zu sehen und sie zu ber\u00fchren. Hier ist Vorsicht geboten, denn Sie sollten wissen, dass die S\u00e4ure der Finger dem Stahl unabh\u00e4ngig von seiner Qualit\u00e4t sehr schadet.<\/p>\n<p>Wenn dies jedoch passiert, keine Panik, Sie brauchen nur ein Tuch, das mit etwas \u00d6l befeuchtet ist, und wischen die Fingerabdr\u00fccke ab. Wenn Sie dies tun, werden Sie Ihr Schwert sehr lange behalten.<\/p>","protected":false},"excerpt":{"rendered":"<p>Replik des God Killer-Schwerts aus dem Film \"Wonder Woman\".<\/p>\n<ul>\n<li>Klinge aus rostfreiem Stahl 440.<\/li>\n<li>Runengravur.<\/li>\n<li>Metallgarde mit Drachenk\u00f6pfen.<\/li>\n<li>Griff K\u00f6rper verflochten mit Drachen.<\/li>\n<li>Plakette in den Farben des Heroins.<\/li>\n<li>L\u00e4nge der Klinge: 84 cm - Gesamtl\u00e4nge: 110 cm<\/li>\n<\/ul>","protected":false},"featured_media":28062,"template":"","meta":[],"product_brand":[896],"product_cat":[24,59],"product_tag":[],"class_list":{"0":"post-28061","1":"product","2":"type-product","3":"status-publish","4":"has-post-thumbnail","6":"product_brand-replique-manga-cine","7":"product_cat-films-series-tv-vente-de-katana-epee-et-produits-derives","8":"product_cat-super-heros-marvel","10":"first","11":"instock","12":"taxable","13":"shipping-taxable","14":"purchasable","15":"product-type-simple"},"yoast_head":"<!-- This site is optimized with the Yoast SEO plugin v27.5 - https:\/\/yoast.com\/product\/yoast-seo-wordpress\/ -->\n<title>God Killer Wonder Woman - Vente Ep\u00e9e Avengers Marvel | RMC<\/title>\n<meta name=\"description\" content=\"Offrez-lui l&#039;Ep\u00e9e God Killer Wonder Woman au meilleur prix. Lame grav\u00e9e en acier - Garde t\u00eate de dragons - Longueur totale : 110 cm - Envoi 24\/48h\" \/>\n<meta name=\"robots\" content=\"index, follow, max-snippet:-1, max-image-preview:large, max-video-preview:-1\" \/>\n<link rel=\"canonical\" href=\"https:\/\/repliquemangacine.fr\/de\/marvel-super-heros\/god-killer-epee-wonder-woman\/\" \/>\n<meta property=\"og:locale\" content=\"de_DE\" \/>\n<meta property=\"og:type\" content=\"article\" \/>\n<meta property=\"og:title\" content=\"God Killer Wonder Woman - Vente Ep\u00e9e Avengers Marvel | RMC\" \/>\n<meta property=\"og:description\" content=\"Offrez-lui l&#039;Ep\u00e9e God Killer Wonder Woman au meilleur prix. Lame grav\u00e9e en acier - Garde t\u00eate de dragons - Longueur totale : 110 cm - Envoi 24\/48h\" \/>\n<meta property=\"og:url\" content=\"https:\/\/repliquemangacine.fr\/de\/marvel-super-heros\/god-killer-epee-wonder-woman\/\" \/>\n<meta property=\"og:site_name\" content=\"R\u00e9plique Manga Cin\u00e9\" \/>\n<meta property=\"article:publisher\" content=\"https:\/\/www.facebook.com\/RepliqueMangaCine\" \/>\n<meta property=\"article:modified_time\" content=\"2026-02-04T21:40:19+00:00\" \/>\n<meta property=\"og:image\" content=\"https:\/\/repliquemangacine.fr\/wp-content\/uploads\/2023\/10\/2783-Replique-epee-God-Killer-Wonder-Woman-poignee.jpg\" \/>\n\t<meta property=\"og:image:width\" content=\"800\" \/>\n\t<meta property=\"og:image:height\" content=\"800\" \/>\n\t<meta property=\"og:image:type\" content=\"image\/jpeg\" \/>\n<meta name=\"twitter:card\" content=\"summary_large_image\" \/>\n<meta name=\"twitter:label1\" content=\"Gesch\u00e4tzte Lesezeit\" \/>\n\t<meta name=\"twitter:data1\" content=\"1\u00a0Minute\" \/>\n<script type=\"application\/ld+json\" class=\"yoast-schema-graph\">{\"@context\":\"https:\\\/\\\/schema.org\",\"@graph\":[{\"@type\":\"WebPage\",\"@id\":\"https:\\\/\\\/repliquemangacine.fr\\\/super-heros-marvel\\\/epee-god-killer-wonder-woman\\\/\",\"url\":\"https:\\\/\\\/repliquemangacine.fr\\\/super-heros-marvel\\\/epee-god-killer-wonder-woman\\\/\",\"name\":\"God Killer Wonder Woman - Vente Ep\u00e9e Avengers Marvel | RMC\",\"isPartOf\":{\"@id\":\"https:\\\/\\\/repliquemangacine.fr\\\/#website\"},\"primaryImageOfPage\":{\"@id\":\"https:\\\/\\\/repliquemangacine.fr\\\/super-heros-marvel\\\/epee-god-killer-wonder-woman\\\/#primaryimage\"},\"image\":{\"@id\":\"https:\\\/\\\/repliquemangacine.fr\\\/super-heros-marvel\\\/epee-god-killer-wonder-woman\\\/#primaryimage\"},\"thumbnailUrl\":\"https:\\\/\\\/repliquemangacine.fr\\\/wp-content\\\/uploads\\\/2023\\\/10\\\/2783-Replique-epee-God-Killer-Wonder-Woman-poignee.jpg\",\"datePublished\":\"2019-04-04T14:32:32+00:00\",\"dateModified\":\"2026-02-04T21:40:19+00:00\",\"description\":\"Offrez-lui l'Ep\u00e9e God Killer Wonder Woman au meilleur prix. Lame grav\u00e9e en acier - Garde t\u00eate de dragons - Longueur totale : 110 cm - Envoi 24\\\/48h\",\"breadcrumb\":{\"@id\":\"https:\\\/\\\/repliquemangacine.fr\\\/super-heros-marvel\\\/epee-god-killer-wonder-woman\\\/#breadcrumb\"},\"inLanguage\":\"de\",\"potentialAction\":[{\"@type\":\"ReadAction\",\"target\":[\"https:\\\/\\\/repliquemangacine.fr\\\/super-heros-marvel\\\/epee-god-killer-wonder-woman\\\/\"]}]},{\"@type\":\"ImageObject\",\"inLanguage\":\"de\",\"@id\":\"https:\\\/\\\/repliquemangacine.fr\\\/super-heros-marvel\\\/epee-god-killer-wonder-woman\\\/#primaryimage\",\"url\":\"https:\\\/\\\/repliquemangacine.fr\\\/wp-content\\\/uploads\\\/2023\\\/10\\\/2783-Replique-epee-God-Killer-Wonder-Woman-poignee.jpg\",\"contentUrl\":\"https:\\\/\\\/repliquemangacine.fr\\\/wp-content\\\/uploads\\\/2023\\\/10\\\/2783-Replique-epee-God-Killer-Wonder-Woman-poignee.jpg\",\"width\":800,\"height\":800,\"caption\":\"R\u00e9plique \u00e9p\u00e9e God Killer - Wonder Woman+ poign\u00e9e\"},{\"@type\":\"BreadcrumbList\",\"@id\":\"https:\\\/\\\/repliquemangacine.fr\\\/super-heros-marvel\\\/epee-god-killer-wonder-woman\\\/#breadcrumb\",\"itemListElement\":[{\"@type\":\"ListItem\",\"position\":1,\"name\":\"Accueil\",\"item\":\"https:\\\/\\\/repliquemangacine.fr\\\/\"},{\"@type\":\"ListItem\",\"position\":2,\"name\":\"Produits\",\"item\":\"https:\\\/\\\/repliquemangacine.fr\\\/boutique\\\/\"},{\"@type\":\"ListItem\",\"position\":3,\"name\":\"God Killer Wonder Woman\"}]},{\"@type\":\"WebSite\",\"@id\":\"https:\\\/\\\/repliquemangacine.fr\\\/#website\",\"url\":\"https:\\\/\\\/repliquemangacine.fr\\\/\",\"name\":\"R\u00e9plique Manga Cin\u00e9\",\"description\":\"\",\"publisher\":{\"@id\":\"https:\\\/\\\/repliquemangacine.fr\\\/#organization\"},\"potentialAction\":[{\"@type\":\"SearchAction\",\"target\":{\"@type\":\"EntryPoint\",\"urlTemplate\":\"https:\\\/\\\/repliquemangacine.fr\\\/?s={search_term_string}\"},\"query-input\":{\"@type\":\"PropertyValueSpecification\",\"valueRequired\":true,\"valueName\":\"search_term_string\"}}],\"inLanguage\":\"de\"},{\"@type\":\"Organization\",\"@id\":\"https:\\\/\\\/repliquemangacine.fr\\\/#organization\",\"name\":\"R\u00e9plique Manga Cin\u00e9\",\"url\":\"https:\\\/\\\/repliquemangacine.fr\\\/\",\"logo\":{\"@type\":\"ImageObject\",\"inLanguage\":\"de\",\"@id\":\"https:\\\/\\\/repliquemangacine.fr\\\/#\\\/schema\\\/logo\\\/image\\\/\",\"url\":\"https:\\\/\\\/repliquemangacine.fr\\\/wp-content\\\/uploads\\\/2023\\\/10\\\/RMC-500250.png\",\"contentUrl\":\"https:\\\/\\\/repliquemangacine.fr\\\/wp-content\\\/uploads\\\/2023\\\/10\\\/RMC-500250.png\",\"width\":500,\"height\":250,\"caption\":\"R\u00e9plique Manga Cin\u00e9\"},\"image\":{\"@id\":\"https:\\\/\\\/repliquemangacine.fr\\\/#\\\/schema\\\/logo\\\/image\\\/\"},\"sameAs\":[\"https:\\\/\\\/www.facebook.com\\\/RepliqueMangaCine\",\"https:\\\/\\\/www.instagram.com\\\/repliquemangacine.fr\\\/\"]}]}<\/script>\n<!-- \/ Yoast SEO plugin. -->","yoast_head_json":{"title":"God Killer Wonder Woman - Avengers Marvel Sword Verkauf | RMC","description":"Schenken Sie ihr das God Killer Wonder Woman Schwert zum besten Preis. Ge\u00e4tzte Klinge aus Stahl - Drachenkopfschutz - Gesamtl\u00e4nge: 110 cm - Versand 24\/48h","robots":{"index":"index","follow":"follow","max-snippet":"max-snippet:-1","max-image-preview":"max-image-preview:large","max-video-preview":"max-video-preview:-1"},"canonical":"https:\/\/repliquemangacine.fr\/de\/marvel-super-heros\/god-killer-epee-wonder-woman\/","og_locale":"de_DE","og_type":"article","og_title":"God Killer Wonder Woman - Vente Ep\u00e9e Avengers Marvel | RMC","og_description":"Offrez-lui l'Ep\u00e9e God Killer Wonder Woman au meilleur prix. Lame grav\u00e9e en acier - Garde t\u00eate de dragons - Longueur totale : 110 cm - Envoi 24\/48h","og_url":"https:\/\/repliquemangacine.fr\/de\/marvel-super-heros\/god-killer-epee-wonder-woman\/","og_site_name":"R\u00e9plique Manga Cin\u00e9","article_publisher":"https:\/\/www.facebook.com\/RepliqueMangaCine","article_modified_time":"2026-02-04T21:40:19+00:00","og_image":[{"width":800,"height":800,"url":"https:\/\/repliquemangacine.fr\/wp-content\/uploads\/2023\/10\/2783-Replique-epee-God-Killer-Wonder-Woman-poignee.jpg","type":"image\/jpeg"}],"twitter_card":"summary_large_image","twitter_misc":{"Gesch\u00e4tzte Lesezeit":"1\u00a0Minute"},"schema":{"@context":"https:\/\/schema.org","@graph":[{"@type":"WebPage","@id":"https:\/\/repliquemangacine.fr\/super-heros-marvel\/epee-god-killer-wonder-woman\/","url":"https:\/\/repliquemangacine.fr\/super-heros-marvel\/epee-god-killer-wonder-woman\/","name":"God Killer Wonder Woman - Avengers Marvel Sword Verkauf | RMC","isPartOf":{"@id":"https:\/\/repliquemangacine.fr\/#website"},"primaryImageOfPage":{"@id":"https:\/\/repliquemangacine.fr\/super-heros-marvel\/epee-god-killer-wonder-woman\/#primaryimage"},"image":{"@id":"https:\/\/repliquemangacine.fr\/super-heros-marvel\/epee-god-killer-wonder-woman\/#primaryimage"},"thumbnailUrl":"https:\/\/repliquemangacine.fr\/wp-content\/uploads\/2023\/10\/2783-Replique-epee-God-Killer-Wonder-Woman-poignee.jpg","datePublished":"2019-04-04T14:32:32+00:00","dateModified":"2026-02-04T21:40:19+00:00","description":"Schenken Sie ihr das God Killer Wonder Woman Schwert zum besten Preis. Ge\u00e4tzte Klinge aus Stahl - Drachenkopfschutz - Gesamtl\u00e4nge: 110 cm - Versand 24\/48h","breadcrumb":{"@id":"https:\/\/repliquemangacine.fr\/super-heros-marvel\/epee-god-killer-wonder-woman\/#breadcrumb"},"inLanguage":"de","potentialAction":[{"@type":"ReadAction","target":["https:\/\/repliquemangacine.fr\/super-heros-marvel\/epee-god-killer-wonder-woman\/"]}]},{"@type":"ImageObject","inLanguage":"de","@id":"https:\/\/repliquemangacine.fr\/super-heros-marvel\/epee-god-killer-wonder-woman\/#primaryimage","url":"https:\/\/repliquemangacine.fr\/wp-content\/uploads\/2023\/10\/2783-Replique-epee-God-Killer-Wonder-Woman-poignee.jpg","contentUrl":"https:\/\/repliquemangacine.fr\/wp-content\/uploads\/2023\/10\/2783-Replique-epee-God-Killer-Wonder-Woman-poignee.jpg","width":800,"height":800,"caption":"R\u00e9plique \u00e9p\u00e9e God Killer - Wonder Woman+ poign\u00e9e"},{"@type":"BreadcrumbList","@id":"https:\/\/repliquemangacine.fr\/super-heros-marvel\/epee-god-killer-wonder-woman\/#breadcrumb","itemListElement":[{"@type":"ListItem","position":1,"name":"Accueil","item":"https:\/\/repliquemangacine.fr\/"},{"@type":"ListItem","position":2,"name":"Produits","item":"https:\/\/repliquemangacine.fr\/boutique\/"},{"@type":"ListItem","position":3,"name":"God Killer Wonder Woman"}]},{"@type":"WebSite","@id":"https:\/\/repliquemangacine.fr\/#website","url":"https:\/\/repliquemangacine.fr\/","name":"R\u00e9plique Manga Cin\u00e9","description":"","publisher":{"@id":"https:\/\/repliquemangacine.fr\/#organization"},"potentialAction":[{"@type":"SearchAction","target":{"@type":"EntryPoint","urlTemplate":"https:\/\/repliquemangacine.fr\/?s={search_term_string}"},"query-input":{"@type":"PropertyValueSpecification","valueRequired":true,"valueName":"search_term_string"}}],"inLanguage":"de"},{"@type":"Organization","@id":"https:\/\/repliquemangacine.fr\/#organization","name":"R\u00e9plique Manga Cin\u00e9","url":"https:\/\/repliquemangacine.fr\/","logo":{"@type":"ImageObject","inLanguage":"de","@id":"https:\/\/repliquemangacine.fr\/#\/schema\/logo\/image\/","url":"https:\/\/repliquemangacine.fr\/wp-content\/uploads\/2023\/10\/RMC-500250.png","contentUrl":"https:\/\/repliquemangacine.fr\/wp-content\/uploads\/2023\/10\/RMC-500250.png","width":500,"height":250,"caption":"R\u00e9plique Manga Cin\u00e9"},"image":{"@id":"https:\/\/repliquemangacine.fr\/#\/schema\/logo\/image\/"},"sameAs":["https:\/\/www.facebook.com\/RepliqueMangaCine","https:\/\/www.instagram.com\/repliquemangacine.fr\/"]}]}},"_links":{"self":[{"href":"https:\/\/repliquemangacine.fr\/de\/wp-json\/wp\/v2\/product\/28061","targetHints":{"allow":["GET"]}}],"collection":[{"href":"https:\/\/repliquemangacine.fr\/de\/wp-json\/wp\/v2\/product"}],"about":[{"href":"https:\/\/repliquemangacine.fr\/de\/wp-json\/wp\/v2\/types\/product"}],"wp:featuredmedia":[{"embeddable":true,"href":"https:\/\/repliquemangacine.fr\/de\/wp-json\/wp\/v2\/media\/28062"}],"wp:attachment":[{"href":"https:\/\/repliquemangacine.fr\/de\/wp-json\/wp\/v2\/media?parent=28061"}],"wp:term":[{"taxonomy":"product_brand","embeddable":true,"href":"https:\/\/repliquemangacine.fr\/de\/wp-json\/wp\/v2\/product_brand?post=28061"},{"taxonomy":"product_cat","embeddable":true,"href":"https:\/\/repliquemangacine.fr\/de\/wp-json\/wp\/v2\/product_cat?post=28061"},{"taxonomy":"product_tag","embeddable":true,"href":"https:\/\/repliquemangacine.fr\/de\/wp-json\/wp\/v2\/product_tag?post=28061"}],"curies":[{"name":"wp","href":"https:\/\/api.w.org\/{rel}","templated":true}]}}