





{"id":28056,"date":"2019-04-03T15:10:08","date_gmt":"2019-04-03T13:10:08","guid":{"rendered":"https:\/\/repliquemangacine.fr\/?post_type=product&#038;p=28056"},"modified":"2025-09-23T18:02:02","modified_gmt":"2025-09-23T16:02:02","slug":"schild-wappen-kastilien-und-leon","status":"publish","type":"product","link":"https:\/\/repliquemangacine.fr\/de\/boucliers-et-armures\/bouclier-blason-castille-et-leon\/","title":{"rendered":"Schild Wappen Kastilien und Leon"},"content":{"rendered":"<h2>Schild Blason Castille-et-L\u00e9on aus Metall.<\/h2>\n<p>Zu Beginn wird der <strong>Schild Wappen Kastilien und Leon<\/strong>Der Schild war im Laufe der Geschichte untrennbar mit der Ausr\u00fcstung eines K\u00e4mpfers verbunden. Der Schild ist die \u00e4lteste Verteidigungswaffe und soll einen Angriff abwehren. Im Mittelalter trugen die Schilde, die sogenannten Schilde, das Wappen des Herrschers, dem die Ritter angeh\u00f6rten.<\/p>\n<p>Die Region Kastilien und Le\u00f3n ist eine autonome Gemeinschaft in Spanien und liegt im Nordwesten des Landes. Die Krone von Kastilien vereinte die Gebiete, die im Mittelalter unter der Herrschaft der K\u00f6nige von Kastilien standen.<\/p>\n<p>Ferdinand I. von Kastilien, ist der erste, der 1037 die K\u00f6nigreiche Kastilien und Leon unter seiner Herrschaft vereint. Nach dynastischen Teilungen wurde die Krone Kastiliens 1230 unter K\u00f6nig Ferdinand III. von Kastilien neu gebildet.<\/p>\n<h2>Ihr Wappenschild Castille-de-L\u00e9on zum besten Preis.<\/h2>\n<p>Wir bieten Ihnen eine gro\u00dfe Auswahl an Repliken aus dem Mittelalter.<\/p>\n<p>Zun\u00e4chst einmal,<\/p>\n<ul>\n<li>Die tolle <a href=\"https:\/\/repliquemangacine.fr\/de\/mittelalterliches-schwert\/schwert-sir-william-marshal-12-jahrhundert\/\">Schwert von Sir William Marshal<\/a> aus dem 18\u1d49 Jahrhundert.<\/li>\n<li>Es gibt auch das legend\u00e4re und magische Schwert von K\u00f6nig Artus, das unterzeichnete Excalibur <a href=\"https:\/\/www.denix.fr\/\" target=\"_blank\" rel=\"noopener noreferrer\">Denix<\/a>.<\/li>\n<li>Sowie der englische R\u00fcstungshelm, der<a href=\"https:\/\/repliquemangacine.fr\/de\/helm-helm\/armet-anglais-casque-d-armure\/\">Armet Englisch<\/a>.<\/li>\n<li>Und viele andere, die es in unserem Online-Shop zu entdecken gibt!<\/li>\n<\/ul>\n<p>Deshalb sind hier tolle Geschenkideen f\u00fcr Geschichtsliebhaber.<\/p>\n<p>Abschlie\u00dfend k\u00f6nnen Sie auch den <strong>Schild Wappen Kastilien und Leon<\/strong> f\u00fcr Ihre historischen Darstellungen oder Ihre Innendekoration. Vor allem aber ist dieser Schild ein Sammler- und Dekorationsst\u00fcck.<\/p>\n<p>R\u00e9plique Manga Cin\u00e9 ist ein franz\u00f6sisches Familienunternehmen.<\/p>\n<h2>Wie werden Ihre Sammelobjekte hergestellt?<\/h2>\n<p>Zun\u00e4chst einmal sind alle unsere Produkte von hoher Qualit\u00e4t und werden mit besonderer Sorgfalt hergestellt. Die Herstellung erfolgt zum Teil von Hand, um jedes noch so kleine Detail zu reproduzieren. Gr\u00f6\u00dfere Teile werden von pr\u00e4zisen Maschinen bearbeitet. Die Gravuren werden in der Regel mit einer Diamantspitze oder einem Laser ausgef\u00fchrt.<\/p>\n<p>Ihre <strong>Schild Wappen Kastilien und Leon<\/strong> hergestellt, um jedes Detail genau zu reproduzieren. Um dem Erbe der originalen Meisterwerke gerecht zu werden. Der Schwerpunkt liegt darauf, qualitativ hochwertige Repliken herzustellen, die so historisch genau wie m\u00f6glich sind.<\/p>\n<p>Abschlie\u00dfend sei gesagt, dass unsere Repliken, die aus China, Spanien oder Indien importiert wurden, Sie in Erstaunen versetzen werden!<\/p>\n<p>R\u00e9plique Manga Cin\u00e9 ist ein franz\u00f6sisches Familienunternehmen.<\/p>","protected":false},"excerpt":{"rendered":"<p>Wundersch\u00f6ne Nachbildung eines mittelalterlichen Schildes.<\/p>\n<ul>\n<li>Vollst\u00e4ndig aus Stahl.<\/li>\n<li>Marmorierter Hintergrund.<\/li>\n<li>Zentrales Wappen des doppelk\u00f6pfigen Adlers und Emblem von Kastilien-Leon aus antikisiertem Stahl.<\/li>\n<li>Kette aus Metall f\u00fcr eine Pr\u00e4sentation an der Wand.<\/li>\n<li>Breite: 46 cm - H\u00f6he: 58 cm - Gewicht: 2.4 kg<\/li>\n<\/ul>","protected":false},"featured_media":28057,"template":"","meta":[],"product_brand":[896],"product_cat":[25,75,43],"product_tag":[560,561,562,563],"class_list":{"0":"post-28056","1":"product","2":"type-product","3":"status-publish","4":"has-post-thumbnail","6":"product_brand-replique-manga-cine","7":"product_cat-armes-historiques","8":"product_cat-boucliers-et-armures","9":"product_cat-reproductions-d-armes-et-accessoires-medievales","10":"product_tag-bouclier","11":"product_tag-bouclier-de-decoration","12":"product_tag-bouclier-medievale","13":"product_tag-bouclier-templier","15":"first","16":"instock","17":"taxable","18":"shipping-taxable","19":"purchasable","20":"product-type-simple"},"yoast_head":"<!-- This site is optimized with the Yoast SEO plugin v27.5 - https:\/\/yoast.com\/product\/yoast-seo-wordpress\/ -->\n<title>Bouclier Blason Castille-et-L\u00e9on - Accessoire M\u00e9di\u00e9val | RMC<\/title>\n<meta name=\"description\" content=\"Offrez-lui ce Bouclier Blason Castille-et-L\u00e9on au meilleur prix - Tout en m\u00e9tal - Blason aigle \u00e0 deux t\u00eates et embl\u00e8me de Castille de L\u00e9on - 46 X 58 cm\" \/>\n<meta name=\"robots\" content=\"index, follow, max-snippet:-1, max-image-preview:large, max-video-preview:-1\" \/>\n<link rel=\"canonical\" href=\"https:\/\/repliquemangacine.fr\/de\/schilde-und-rustungen\/schild-wappen-kastilien-und-leon\/\" \/>\n<meta property=\"og:locale\" content=\"de_DE\" \/>\n<meta property=\"og:type\" content=\"article\" \/>\n<meta property=\"og:title\" content=\"Bouclier Blason Castille-et-L\u00e9on - Accessoire M\u00e9di\u00e9val | RMC\" \/>\n<meta property=\"og:description\" content=\"Offrez-lui ce Bouclier Blason Castille-et-L\u00e9on au meilleur prix - Tout en m\u00e9tal - Blason aigle \u00e0 deux t\u00eates et embl\u00e8me de Castille de L\u00e9on - 46 X 58 cm\" \/>\n<meta property=\"og:url\" content=\"https:\/\/repliquemangacine.fr\/de\/schilde-und-rustungen\/schild-wappen-kastilien-und-leon\/\" \/>\n<meta property=\"og:site_name\" content=\"R\u00e9plique Manga Cin\u00e9\" \/>\n<meta property=\"article:publisher\" content=\"https:\/\/www.facebook.com\/RepliqueMangaCine\" \/>\n<meta property=\"article:modified_time\" content=\"2025-09-23T16:02:02+00:00\" \/>\n<meta property=\"og:image\" content=\"https:\/\/repliquemangacine.fr\/wp-content\/uploads\/2023\/10\/2779-Bouclier-Medievale-avec-Blason-de-Castille-et-Leon.jpg\" \/>\n\t<meta property=\"og:image:width\" content=\"800\" \/>\n\t<meta property=\"og:image:height\" content=\"800\" \/>\n\t<meta property=\"og:image:type\" content=\"image\/jpeg\" \/>\n<meta name=\"twitter:card\" content=\"summary_large_image\" \/>\n<meta name=\"twitter:label1\" content=\"Gesch\u00e4tzte Lesezeit\" \/>\n\t<meta name=\"twitter:data1\" content=\"2\u00a0Minuten\" \/>\n<script type=\"application\/ld+json\" class=\"yoast-schema-graph\">{\"@context\":\"https:\\\/\\\/schema.org\",\"@graph\":[{\"@type\":\"WebPage\",\"@id\":\"https:\\\/\\\/repliquemangacine.fr\\\/boucliers-et-armures\\\/bouclier-blason-castille-et-leon\\\/\",\"url\":\"https:\\\/\\\/repliquemangacine.fr\\\/boucliers-et-armures\\\/bouclier-blason-castille-et-leon\\\/\",\"name\":\"Bouclier Blason Castille-et-L\u00e9on - Accessoire M\u00e9di\u00e9val | RMC\",\"isPartOf\":{\"@id\":\"https:\\\/\\\/repliquemangacine.fr\\\/#website\"},\"primaryImageOfPage\":{\"@id\":\"https:\\\/\\\/repliquemangacine.fr\\\/boucliers-et-armures\\\/bouclier-blason-castille-et-leon\\\/#primaryimage\"},\"image\":{\"@id\":\"https:\\\/\\\/repliquemangacine.fr\\\/boucliers-et-armures\\\/bouclier-blason-castille-et-leon\\\/#primaryimage\"},\"thumbnailUrl\":\"https:\\\/\\\/repliquemangacine.fr\\\/wp-content\\\/uploads\\\/2023\\\/10\\\/2779-Bouclier-Medievale-avec-Blason-de-Castille-et-Leon.jpg\",\"datePublished\":\"2019-04-03T13:10:08+00:00\",\"dateModified\":\"2025-09-23T16:02:02+00:00\",\"description\":\"Offrez-lui ce Bouclier Blason Castille-et-L\u00e9on au meilleur prix - Tout en m\u00e9tal - Blason aigle \u00e0 deux t\u00eates et embl\u00e8me de Castille de L\u00e9on - 46 X 58 cm\",\"breadcrumb\":{\"@id\":\"https:\\\/\\\/repliquemangacine.fr\\\/boucliers-et-armures\\\/bouclier-blason-castille-et-leon\\\/#breadcrumb\"},\"inLanguage\":\"de\",\"potentialAction\":[{\"@type\":\"ReadAction\",\"target\":[\"https:\\\/\\\/repliquemangacine.fr\\\/boucliers-et-armures\\\/bouclier-blason-castille-et-leon\\\/\"]}]},{\"@type\":\"ImageObject\",\"inLanguage\":\"de\",\"@id\":\"https:\\\/\\\/repliquemangacine.fr\\\/boucliers-et-armures\\\/bouclier-blason-castille-et-leon\\\/#primaryimage\",\"url\":\"https:\\\/\\\/repliquemangacine.fr\\\/wp-content\\\/uploads\\\/2023\\\/10\\\/2779-Bouclier-Medievale-avec-Blason-de-Castille-et-Leon.jpg\",\"contentUrl\":\"https:\\\/\\\/repliquemangacine.fr\\\/wp-content\\\/uploads\\\/2023\\\/10\\\/2779-Bouclier-Medievale-avec-Blason-de-Castille-et-Leon.jpg\",\"width\":800,\"height\":800,\"caption\":\"Bouclier M\u00e9di\u00e9vale avec Blason de Castille et L\u00e9on\"},{\"@type\":\"BreadcrumbList\",\"@id\":\"https:\\\/\\\/repliquemangacine.fr\\\/boucliers-et-armures\\\/bouclier-blason-castille-et-leon\\\/#breadcrumb\",\"itemListElement\":[{\"@type\":\"ListItem\",\"position\":1,\"name\":\"Accueil\",\"item\":\"https:\\\/\\\/repliquemangacine.fr\\\/\"},{\"@type\":\"ListItem\",\"position\":2,\"name\":\"Produits\",\"item\":\"https:\\\/\\\/repliquemangacine.fr\\\/boutique\\\/\"},{\"@type\":\"ListItem\",\"position\":3,\"name\":\"Bouclier Blason Castille-et-L\u00e9on\"}]},{\"@type\":\"WebSite\",\"@id\":\"https:\\\/\\\/repliquemangacine.fr\\\/#website\",\"url\":\"https:\\\/\\\/repliquemangacine.fr\\\/\",\"name\":\"R\u00e9plique Manga Cin\u00e9\",\"description\":\"\",\"publisher\":{\"@id\":\"https:\\\/\\\/repliquemangacine.fr\\\/#organization\"},\"potentialAction\":[{\"@type\":\"SearchAction\",\"target\":{\"@type\":\"EntryPoint\",\"urlTemplate\":\"https:\\\/\\\/repliquemangacine.fr\\\/?s={search_term_string}\"},\"query-input\":{\"@type\":\"PropertyValueSpecification\",\"valueRequired\":true,\"valueName\":\"search_term_string\"}}],\"inLanguage\":\"de\"},{\"@type\":\"Organization\",\"@id\":\"https:\\\/\\\/repliquemangacine.fr\\\/#organization\",\"name\":\"R\u00e9plique Manga Cin\u00e9\",\"url\":\"https:\\\/\\\/repliquemangacine.fr\\\/\",\"logo\":{\"@type\":\"ImageObject\",\"inLanguage\":\"de\",\"@id\":\"https:\\\/\\\/repliquemangacine.fr\\\/#\\\/schema\\\/logo\\\/image\\\/\",\"url\":\"https:\\\/\\\/repliquemangacine.fr\\\/wp-content\\\/uploads\\\/2023\\\/10\\\/RMC-500250.png\",\"contentUrl\":\"https:\\\/\\\/repliquemangacine.fr\\\/wp-content\\\/uploads\\\/2023\\\/10\\\/RMC-500250.png\",\"width\":500,\"height\":250,\"caption\":\"R\u00e9plique Manga Cin\u00e9\"},\"image\":{\"@id\":\"https:\\\/\\\/repliquemangacine.fr\\\/#\\\/schema\\\/logo\\\/image\\\/\"},\"sameAs\":[\"https:\\\/\\\/www.facebook.com\\\/RepliqueMangaCine\",\"https:\\\/\\\/www.instagram.com\\\/repliquemangacine.fr\\\/\"]}]}<\/script>\n<!-- \/ Yoast SEO plugin. -->","yoast_head_json":{"title":"Schild Wappen Kastilien und Leon - Mittelalterliches Accessoire | RMC","description":"Schenken Sie ihr diesen Schild Wappenschild Kastilien und Leon zum besten Preis - Ganz aus Metall - Wappenschild doppelk\u00f6pfiger Adler und Emblem von Kastilien und Leon - 46 X 58 cm","robots":{"index":"index","follow":"follow","max-snippet":"max-snippet:-1","max-image-preview":"max-image-preview:large","max-video-preview":"max-video-preview:-1"},"canonical":"https:\/\/repliquemangacine.fr\/de\/schilde-und-rustungen\/schild-wappen-kastilien-und-leon\/","og_locale":"de_DE","og_type":"article","og_title":"Bouclier Blason Castille-et-L\u00e9on - Accessoire M\u00e9di\u00e9val | RMC","og_description":"Offrez-lui ce Bouclier Blason Castille-et-L\u00e9on au meilleur prix - Tout en m\u00e9tal - Blason aigle \u00e0 deux t\u00eates et embl\u00e8me de Castille de L\u00e9on - 46 X 58 cm","og_url":"https:\/\/repliquemangacine.fr\/de\/schilde-und-rustungen\/schild-wappen-kastilien-und-leon\/","og_site_name":"R\u00e9plique Manga Cin\u00e9","article_publisher":"https:\/\/www.facebook.com\/RepliqueMangaCine","article_modified_time":"2025-09-23T16:02:02+00:00","og_image":[{"width":800,"height":800,"url":"https:\/\/repliquemangacine.fr\/wp-content\/uploads\/2023\/10\/2779-Bouclier-Medievale-avec-Blason-de-Castille-et-Leon.jpg","type":"image\/jpeg"}],"twitter_card":"summary_large_image","twitter_misc":{"Gesch\u00e4tzte Lesezeit":"2\u00a0Minuten"},"schema":{"@context":"https:\/\/schema.org","@graph":[{"@type":"WebPage","@id":"https:\/\/repliquemangacine.fr\/boucliers-et-armures\/bouclier-blason-castille-et-leon\/","url":"https:\/\/repliquemangacine.fr\/boucliers-et-armures\/bouclier-blason-castille-et-leon\/","name":"Schild Wappen Kastilien und Leon - Mittelalterliches Accessoire | RMC","isPartOf":{"@id":"https:\/\/repliquemangacine.fr\/#website"},"primaryImageOfPage":{"@id":"https:\/\/repliquemangacine.fr\/boucliers-et-armures\/bouclier-blason-castille-et-leon\/#primaryimage"},"image":{"@id":"https:\/\/repliquemangacine.fr\/boucliers-et-armures\/bouclier-blason-castille-et-leon\/#primaryimage"},"thumbnailUrl":"https:\/\/repliquemangacine.fr\/wp-content\/uploads\/2023\/10\/2779-Bouclier-Medievale-avec-Blason-de-Castille-et-Leon.jpg","datePublished":"2019-04-03T13:10:08+00:00","dateModified":"2025-09-23T16:02:02+00:00","description":"Schenken Sie ihr diesen Schild Wappenschild Kastilien und Leon zum besten Preis - Ganz aus Metall - Wappenschild doppelk\u00f6pfiger Adler und Emblem von Kastilien und Leon - 46 X 58 cm","breadcrumb":{"@id":"https:\/\/repliquemangacine.fr\/boucliers-et-armures\/bouclier-blason-castille-et-leon\/#breadcrumb"},"inLanguage":"de","potentialAction":[{"@type":"ReadAction","target":["https:\/\/repliquemangacine.fr\/boucliers-et-armures\/bouclier-blason-castille-et-leon\/"]}]},{"@type":"ImageObject","inLanguage":"de","@id":"https:\/\/repliquemangacine.fr\/boucliers-et-armures\/bouclier-blason-castille-et-leon\/#primaryimage","url":"https:\/\/repliquemangacine.fr\/wp-content\/uploads\/2023\/10\/2779-Bouclier-Medievale-avec-Blason-de-Castille-et-Leon.jpg","contentUrl":"https:\/\/repliquemangacine.fr\/wp-content\/uploads\/2023\/10\/2779-Bouclier-Medievale-avec-Blason-de-Castille-et-Leon.jpg","width":800,"height":800,"caption":"Bouclier M\u00e9di\u00e9vale avec Blason de Castille et L\u00e9on"},{"@type":"BreadcrumbList","@id":"https:\/\/repliquemangacine.fr\/boucliers-et-armures\/bouclier-blason-castille-et-leon\/#breadcrumb","itemListElement":[{"@type":"ListItem","position":1,"name":"Accueil","item":"https:\/\/repliquemangacine.fr\/"},{"@type":"ListItem","position":2,"name":"Produits","item":"https:\/\/repliquemangacine.fr\/boutique\/"},{"@type":"ListItem","position":3,"name":"Bouclier Blason Castille-et-L\u00e9on"}]},{"@type":"WebSite","@id":"https:\/\/repliquemangacine.fr\/#website","url":"https:\/\/repliquemangacine.fr\/","name":"R\u00e9plique Manga Cin\u00e9","description":"","publisher":{"@id":"https:\/\/repliquemangacine.fr\/#organization"},"potentialAction":[{"@type":"SearchAction","target":{"@type":"EntryPoint","urlTemplate":"https:\/\/repliquemangacine.fr\/?s={search_term_string}"},"query-input":{"@type":"PropertyValueSpecification","valueRequired":true,"valueName":"search_term_string"}}],"inLanguage":"de"},{"@type":"Organization","@id":"https:\/\/repliquemangacine.fr\/#organization","name":"R\u00e9plique Manga Cin\u00e9","url":"https:\/\/repliquemangacine.fr\/","logo":{"@type":"ImageObject","inLanguage":"de","@id":"https:\/\/repliquemangacine.fr\/#\/schema\/logo\/image\/","url":"https:\/\/repliquemangacine.fr\/wp-content\/uploads\/2023\/10\/RMC-500250.png","contentUrl":"https:\/\/repliquemangacine.fr\/wp-content\/uploads\/2023\/10\/RMC-500250.png","width":500,"height":250,"caption":"R\u00e9plique Manga Cin\u00e9"},"image":{"@id":"https:\/\/repliquemangacine.fr\/#\/schema\/logo\/image\/"},"sameAs":["https:\/\/www.facebook.com\/RepliqueMangaCine","https:\/\/www.instagram.com\/repliquemangacine.fr\/"]}]}},"_links":{"self":[{"href":"https:\/\/repliquemangacine.fr\/de\/wp-json\/wp\/v2\/product\/28056","targetHints":{"allow":["GET"]}}],"collection":[{"href":"https:\/\/repliquemangacine.fr\/de\/wp-json\/wp\/v2\/product"}],"about":[{"href":"https:\/\/repliquemangacine.fr\/de\/wp-json\/wp\/v2\/types\/product"}],"wp:featuredmedia":[{"embeddable":true,"href":"https:\/\/repliquemangacine.fr\/de\/wp-json\/wp\/v2\/media\/28057"}],"wp:attachment":[{"href":"https:\/\/repliquemangacine.fr\/de\/wp-json\/wp\/v2\/media?parent=28056"}],"wp:term":[{"taxonomy":"product_brand","embeddable":true,"href":"https:\/\/repliquemangacine.fr\/de\/wp-json\/wp\/v2\/product_brand?post=28056"},{"taxonomy":"product_cat","embeddable":true,"href":"https:\/\/repliquemangacine.fr\/de\/wp-json\/wp\/v2\/product_cat?post=28056"},{"taxonomy":"product_tag","embeddable":true,"href":"https:\/\/repliquemangacine.fr\/de\/wp-json\/wp\/v2\/product_tag?post=28056"}],"curies":[{"name":"wp","href":"https:\/\/api.w.org\/{rel}","templated":true}]}}