





{"id":28048,"date":"2019-03-26T19:47:24","date_gmt":"2019-03-26T18:47:24","guid":{"rendered":"https:\/\/repliquemangacine.fr\/?post_type=product&#038;p=28048"},"modified":"2026-04-23T15:59:26","modified_gmt":"2026-04-23T13:59:26","slug":"colt-python-rick-grimes","status":"publish","type":"product","link":"https:\/\/repliquemangacine.fr\/de\/pistolet-moderne\/colt-python-rick-grimes\/","title":{"rendered":"Colt Python Rick Grimes"},"content":{"rendered":"<h2>Colt Python Rick Grimes The Walking Dead.<\/h2>\n<p>Zu Beginn wird der <strong>Colt Python Rick Grimes<\/strong>Die Waffe seiner Wahl, die er w\u00e4hrend der gesamten Serie tr\u00e4gt. Sie ist in Gro\u00dfaufnahme Teil des Vorspanns der ersten Staffeln.<\/p>\n<p>Der Colt Python ist ein Double-Action-Revolver, der mit der Munition .357 Magnum best\u00fcckt ist. Hergestellt von der amerikanischen Waffenmanufaktur Colt's Manufacturing Company.<\/p>\n<p>Die .37 Python wurde erstmals im Mai 1955 eingef\u00fchrt und hatte einen 15 cm (6 Zoll) langen Lauf. Den Titel \"Bester Revolver, der je hergestellt wurde\" rechtfertigt die Python am besten beim schnellen Doppelfeuer mit der .357 Magnum.<\/p>\n<p>Die Filmindustrie, Fernsehserien und Videospiele machen sich diese Waffe zu eigen. Sie ist die Waffe des Kommandanten Beaumont, der von Belmondo in Le Professionnel gespielt wird. Aber auch in dem Film Police Python 357. Sowie in Call of Duty, Resident Evil 1 und 2 ...<\/p>\n<h2>Ihr Rick Grimes Python Colt zum besten Preis.<\/h2>\n<p>Wir bieten Ihnen eine gro\u00dfe Auswahl an Waffenreproduktionen an <a href=\"https:\/\/www.denix.fr\/\" target=\"_blank\" rel=\"noopener noreferrer\">Denix<\/a><\/p>\n<p>Zun\u00e4chst einmal,<\/p>\n<ul>\n<li>Die Nachbildung der Pistole <a href=\"https:\/\/repliquemangacine.fr\/de\/moderne-pistole\/pistole-beretta-92f-parabellum-italy-1975\/\">Beretta 92f Parabellum<\/a> die von Mel Gibson im Film \"Lethal Weapon\" verwendet wurde.<\/li>\n<li>Es gibt auch eine Reproduktion des Revolvers <a href=\"https:\/\/repliquemangacine.fr\/de\/moderne-pistole\/revolver-colt-python-357-magnum-8\/\">Colt Python 357 Magnum 8<\/a>\"barrel, USA 1955.<\/li>\n<li>Sowie die Pistole <a href=\"https:\/\/repliquemangacine.fr\/de\/moderne-pistole\/desert-eagle-pistole-nickele-1982-denix\/\">Desert Eagle vernickelt<\/a> halbautomatisch, Kaliber 357. 44 und 50.<\/li>\n<li>Und viele andere, die es in unserem Online-Shop zu entdecken gibt!<\/li>\n<\/ul>\n<p>Deshalb ist dies eine tolle Geschenkidee f\u00fcr Sammler und Liebhaber der Serie Walking Dead.<\/p>\n<p>Abschlie\u00dfend k\u00f6nnen Sie den <strong>Colt Python Rick Grimes<\/strong> f\u00fcr Ihre Cosplay-Parade oder Ihre Themenabende. Vor allem aber ist es ein Sammler- und Dekorationsobjekt.<\/p>\n<h2>Wie werden Denix-Waffenrepliken hergestellt?<\/h2>\n<p>Sie werden in historischen Rekonstruktionen, Filmen und Serien sowie von Sammlern verwendet. Denix-Waffenreproduktionen werden aus hochwertigen Materialien hergestellt. Sorgf\u00e4ltig bearbeitet und zusammengesetzt, um realistische Sammlerwaffen zu schaffen.<\/p>\n<ul>\n<li>Die Metalle sind in einer Metalllegierung, die als Zamac bekannt ist und deren Grundzusammensetzung Zink in 95% ist.<\/li>\n<li>Die Kunststoffteile der Repliken bestehen aus geformtem ABS und bieten eine hohe Widerstandsf\u00e4higkeit.<\/li>\n<li>Holz, das aufgrund seiner Sch\u00f6nheit und Haltbarkeit ausgew\u00e4hlt wird, wie z. B. Mahagoni, Olivenholz oder Walnuss, verleiht Ihren Sch\u00e4ften und F\u00e4ssern ein elegantes und authentisches Aussehen.<\/li>\n<\/ul>\n<p>Es ist zu betonen, dass alle Nachbildungen von Denix-Waffen mit den Originalen identisch sind, wie Ihr <strong>Colt Python Rick Grimes<\/strong>.<\/p>","protected":false},"excerpt":{"rendered":"<p>Python-Revolver, der die Hauptwaffe von Rick Grimes in der Fernsehserie The Walking Dead ist.<\/p>\n<ul>\n<li>Das Geh\u00e4use besteht aus Zamac.<\/li>\n<li>Schaftpl\u00e4ttchen aus ABS.<\/li>\n<li>Kippbarer und drehbarer Lauf.<\/li>\n<li>Bewaffnet sich und schl\u00e4gt zu wie ein echter, total <strong>untauglich f\u00fcr das Schie\u00dfen.<\/strong><\/li>\n<li>Unterliegt keiner Genehmigungspflicht. Verkauf und Besitz frei.<\/li>\n<li>Ma\u00dfe: 31.5 cm - Gewicht: 1050 Gramm<\/li>\n<\/ul>\n<p><iframe title=\"YouTube-Videoplayer\" src=\"https:\/\/www.youtube.com\/embed\/3heF2bkPatQ\" width=\"560\" height=\"315\" frameborder=\"0\" allowfullscreen=\"allowfullscreen\"><\/iframe><\/p>","protected":false},"featured_media":28049,"template":"","meta":[],"product_brand":[896],"product_cat":[102,24,40,28,62],"product_tag":[],"class_list":{"0":"post-28048","1":"product","2":"type-product","3":"status-publish","4":"has-post-thumbnail","6":"product_brand-replique-manga-cine","7":"product_cat-denix","8":"product_cat-films-series-tv-vente-de-katana-epee-et-produits-derives","9":"product_cat-pistolet-moderne","10":"product_cat-repliques-darmes","11":"product_cat-armes-the-walking-dead","13":"first","14":"instock","15":"taxable","16":"shipping-taxable","17":"purchasable","18":"product-type-simple"},"yoast_head":"<!-- This site is optimized with the Yoast SEO plugin v27.4 - https:\/\/yoast.com\/product\/yoast-seo-wordpress\/ -->\n<title>Colt Python Rick Grimes - Walking Dead - R\u00e9plique Manga Cin\u00e9<\/title>\n<meta name=\"description\" content=\"Offrez-vous le Colt Python Rick Grimes dans The Walking Dead au meilleur prix. En Zamac - S&#039;arme et percute - Simulation de tir - 31.5 cm - poids : 1050grs\" \/>\n<meta name=\"robots\" content=\"index, follow, max-snippet:-1, max-image-preview:large, max-video-preview:-1\" \/>\n<link rel=\"canonical\" href=\"https:\/\/repliquemangacine.fr\/de\/moderne-pistole\/colt-python-rick-grimes\/\" \/>\n<meta property=\"og:locale\" content=\"de_DE\" \/>\n<meta property=\"og:type\" content=\"article\" \/>\n<meta property=\"og:title\" content=\"Colt Python Rick Grimes - Walking Dead - R\u00e9plique Manga Cin\u00e9\" \/>\n<meta property=\"og:description\" content=\"Offrez-vous le Colt Python Rick Grimes dans The Walking Dead au meilleur prix. En Zamac - S&#039;arme et percute - Simulation de tir - 31.5 cm - poids : 1050grs\" \/>\n<meta property=\"og:url\" content=\"https:\/\/repliquemangacine.fr\/de\/moderne-pistole\/colt-python-rick-grimes\/\" \/>\n<meta property=\"og:site_name\" content=\"R\u00e9plique Manga Cin\u00e9\" \/>\n<meta property=\"article:publisher\" content=\"https:\/\/www.facebook.com\/RepliqueMangaCine\" \/>\n<meta property=\"article:modified_time\" content=\"2026-04-23T13:59:26+00:00\" \/>\n<meta property=\"og:image\" content=\"https:\/\/repliquemangacine.fr\/wp-content\/uploads\/2023\/10\/2773-Replique-revolver-Python-Rick-the-walking-dead.jpg\" \/>\n\t<meta property=\"og:image:width\" content=\"800\" \/>\n\t<meta property=\"og:image:height\" content=\"800\" \/>\n\t<meta property=\"og:image:type\" content=\"image\/jpeg\" \/>\n<meta name=\"twitter:card\" content=\"summary_large_image\" \/>\n<meta name=\"twitter:label1\" content=\"Gesch\u00e4tzte Lesezeit\" \/>\n\t<meta name=\"twitter:data1\" content=\"3\u00a0Minuten\" \/>\n<script type=\"application\/ld+json\" class=\"yoast-schema-graph\">{\"@context\":\"https:\\\/\\\/schema.org\",\"@graph\":[{\"@type\":\"WebPage\",\"@id\":\"https:\\\/\\\/repliquemangacine.fr\\\/pistolet-moderne\\\/colt-python-rick-grimes\\\/\",\"url\":\"https:\\\/\\\/repliquemangacine.fr\\\/pistolet-moderne\\\/colt-python-rick-grimes\\\/\",\"name\":\"Colt Python Rick Grimes - Walking Dead - R\u00e9plique Manga Cin\u00e9\",\"isPartOf\":{\"@id\":\"https:\\\/\\\/repliquemangacine.fr\\\/#website\"},\"primaryImageOfPage\":{\"@id\":\"https:\\\/\\\/repliquemangacine.fr\\\/pistolet-moderne\\\/colt-python-rick-grimes\\\/#primaryimage\"},\"image\":{\"@id\":\"https:\\\/\\\/repliquemangacine.fr\\\/pistolet-moderne\\\/colt-python-rick-grimes\\\/#primaryimage\"},\"thumbnailUrl\":\"https:\\\/\\\/repliquemangacine.fr\\\/wp-content\\\/uploads\\\/2023\\\/10\\\/2773-Replique-revolver-Python-Rick-the-walking-dead.jpg\",\"datePublished\":\"2019-03-26T18:47:24+00:00\",\"dateModified\":\"2026-04-23T13:59:26+00:00\",\"description\":\"Offrez-vous le Colt Python Rick Grimes dans The Walking Dead au meilleur prix. En Zamac - S'arme et percute - Simulation de tir - 31.5 cm - poids : 1050grs\",\"breadcrumb\":{\"@id\":\"https:\\\/\\\/repliquemangacine.fr\\\/pistolet-moderne\\\/colt-python-rick-grimes\\\/#breadcrumb\"},\"inLanguage\":\"de\",\"potentialAction\":[{\"@type\":\"ReadAction\",\"target\":[\"https:\\\/\\\/repliquemangacine.fr\\\/pistolet-moderne\\\/colt-python-rick-grimes\\\/\"]}]},{\"@type\":\"ImageObject\",\"inLanguage\":\"de\",\"@id\":\"https:\\\/\\\/repliquemangacine.fr\\\/pistolet-moderne\\\/colt-python-rick-grimes\\\/#primaryimage\",\"url\":\"https:\\\/\\\/repliquemangacine.fr\\\/wp-content\\\/uploads\\\/2023\\\/10\\\/2773-Replique-revolver-Python-Rick-the-walking-dead.jpg\",\"contentUrl\":\"https:\\\/\\\/repliquemangacine.fr\\\/wp-content\\\/uploads\\\/2023\\\/10\\\/2773-Replique-revolver-Python-Rick-the-walking-dead.jpg\",\"width\":800,\"height\":800,\"caption\":\"R\u00e9plique r\u00e9volver Python Rick the walking dead\"},{\"@type\":\"BreadcrumbList\",\"@id\":\"https:\\\/\\\/repliquemangacine.fr\\\/pistolet-moderne\\\/colt-python-rick-grimes\\\/#breadcrumb\",\"itemListElement\":[{\"@type\":\"ListItem\",\"position\":1,\"name\":\"Accueil\",\"item\":\"https:\\\/\\\/repliquemangacine.fr\\\/\"},{\"@type\":\"ListItem\",\"position\":2,\"name\":\"Produits\",\"item\":\"https:\\\/\\\/repliquemangacine.fr\\\/boutique\\\/\"},{\"@type\":\"ListItem\",\"position\":3,\"name\":\"Colt Python Rick Grimes\"}]},{\"@type\":\"WebSite\",\"@id\":\"https:\\\/\\\/repliquemangacine.fr\\\/#website\",\"url\":\"https:\\\/\\\/repliquemangacine.fr\\\/\",\"name\":\"R\u00e9plique Manga Cin\u00e9\",\"description\":\"\",\"publisher\":{\"@id\":\"https:\\\/\\\/repliquemangacine.fr\\\/#organization\"},\"potentialAction\":[{\"@type\":\"SearchAction\",\"target\":{\"@type\":\"EntryPoint\",\"urlTemplate\":\"https:\\\/\\\/repliquemangacine.fr\\\/?s={search_term_string}\"},\"query-input\":{\"@type\":\"PropertyValueSpecification\",\"valueRequired\":true,\"valueName\":\"search_term_string\"}}],\"inLanguage\":\"de\"},{\"@type\":\"Organization\",\"@id\":\"https:\\\/\\\/repliquemangacine.fr\\\/#organization\",\"name\":\"R\u00e9plique Manga Cin\u00e9\",\"url\":\"https:\\\/\\\/repliquemangacine.fr\\\/\",\"logo\":{\"@type\":\"ImageObject\",\"inLanguage\":\"de\",\"@id\":\"https:\\\/\\\/repliquemangacine.fr\\\/#\\\/schema\\\/logo\\\/image\\\/\",\"url\":\"https:\\\/\\\/repliquemangacine.fr\\\/wp-content\\\/uploads\\\/2023\\\/10\\\/RMC-500250.png\",\"contentUrl\":\"https:\\\/\\\/repliquemangacine.fr\\\/wp-content\\\/uploads\\\/2023\\\/10\\\/RMC-500250.png\",\"width\":500,\"height\":250,\"caption\":\"R\u00e9plique Manga Cin\u00e9\"},\"image\":{\"@id\":\"https:\\\/\\\/repliquemangacine.fr\\\/#\\\/schema\\\/logo\\\/image\\\/\"},\"sameAs\":[\"https:\\\/\\\/www.facebook.com\\\/RepliqueMangaCine\",\"https:\\\/\\\/www.instagram.com\\\/repliquemangacine.fr\\\/\"]}]}<\/script>\n<!-- \/ Yoast SEO plugin. -->","yoast_head_json":{"title":"Colt Python Rick Grimes - Walking Dead - R\u00e9plique Manga Cin\u00e9","description":"G\u00f6nnen Sie sich den Colt Python Rick Grimes aus The Walking Dead zum besten Preis. Aus Zamak - Spannen und Schlagen - Schie\u00dfsimulation - 31.5 cm - Gewicht: 1050grs","robots":{"index":"index","follow":"follow","max-snippet":"max-snippet:-1","max-image-preview":"max-image-preview:large","max-video-preview":"max-video-preview:-1"},"canonical":"https:\/\/repliquemangacine.fr\/de\/moderne-pistole\/colt-python-rick-grimes\/","og_locale":"de_DE","og_type":"article","og_title":"Colt Python Rick Grimes - Walking Dead - R\u00e9plique Manga Cin\u00e9","og_description":"Offrez-vous le Colt Python Rick Grimes dans The Walking Dead au meilleur prix. En Zamac - S'arme et percute - Simulation de tir - 31.5 cm - poids : 1050grs","og_url":"https:\/\/repliquemangacine.fr\/de\/moderne-pistole\/colt-python-rick-grimes\/","og_site_name":"R\u00e9plique Manga Cin\u00e9","article_publisher":"https:\/\/www.facebook.com\/RepliqueMangaCine","article_modified_time":"2026-04-23T13:59:26+00:00","og_image":[{"width":800,"height":800,"url":"https:\/\/repliquemangacine.fr\/wp-content\/uploads\/2023\/10\/2773-Replique-revolver-Python-Rick-the-walking-dead.jpg","type":"image\/jpeg"}],"twitter_card":"summary_large_image","twitter_misc":{"Gesch\u00e4tzte Lesezeit":"3\u00a0Minuten"},"schema":{"@context":"https:\/\/schema.org","@graph":[{"@type":"WebPage","@id":"https:\/\/repliquemangacine.fr\/pistolet-moderne\/colt-python-rick-grimes\/","url":"https:\/\/repliquemangacine.fr\/pistolet-moderne\/colt-python-rick-grimes\/","name":"Colt Python Rick Grimes - Walking Dead - R\u00e9plique Manga Cin\u00e9","isPartOf":{"@id":"https:\/\/repliquemangacine.fr\/#website"},"primaryImageOfPage":{"@id":"https:\/\/repliquemangacine.fr\/pistolet-moderne\/colt-python-rick-grimes\/#primaryimage"},"image":{"@id":"https:\/\/repliquemangacine.fr\/pistolet-moderne\/colt-python-rick-grimes\/#primaryimage"},"thumbnailUrl":"https:\/\/repliquemangacine.fr\/wp-content\/uploads\/2023\/10\/2773-Replique-revolver-Python-Rick-the-walking-dead.jpg","datePublished":"2019-03-26T18:47:24+00:00","dateModified":"2026-04-23T13:59:26+00:00","description":"G\u00f6nnen Sie sich den Colt Python Rick Grimes aus The Walking Dead zum besten Preis. Aus Zamak - Spannen und Schlagen - Schie\u00dfsimulation - 31.5 cm - Gewicht: 1050grs","breadcrumb":{"@id":"https:\/\/repliquemangacine.fr\/pistolet-moderne\/colt-python-rick-grimes\/#breadcrumb"},"inLanguage":"de","potentialAction":[{"@type":"ReadAction","target":["https:\/\/repliquemangacine.fr\/pistolet-moderne\/colt-python-rick-grimes\/"]}]},{"@type":"ImageObject","inLanguage":"de","@id":"https:\/\/repliquemangacine.fr\/pistolet-moderne\/colt-python-rick-grimes\/#primaryimage","url":"https:\/\/repliquemangacine.fr\/wp-content\/uploads\/2023\/10\/2773-Replique-revolver-Python-Rick-the-walking-dead.jpg","contentUrl":"https:\/\/repliquemangacine.fr\/wp-content\/uploads\/2023\/10\/2773-Replique-revolver-Python-Rick-the-walking-dead.jpg","width":800,"height":800,"caption":"R\u00e9plique r\u00e9volver Python Rick the walking dead"},{"@type":"BreadcrumbList","@id":"https:\/\/repliquemangacine.fr\/pistolet-moderne\/colt-python-rick-grimes\/#breadcrumb","itemListElement":[{"@type":"ListItem","position":1,"name":"Accueil","item":"https:\/\/repliquemangacine.fr\/"},{"@type":"ListItem","position":2,"name":"Produits","item":"https:\/\/repliquemangacine.fr\/boutique\/"},{"@type":"ListItem","position":3,"name":"Colt Python Rick Grimes"}]},{"@type":"WebSite","@id":"https:\/\/repliquemangacine.fr\/#website","url":"https:\/\/repliquemangacine.fr\/","name":"R\u00e9plique Manga Cin\u00e9","description":"","publisher":{"@id":"https:\/\/repliquemangacine.fr\/#organization"},"potentialAction":[{"@type":"SearchAction","target":{"@type":"EntryPoint","urlTemplate":"https:\/\/repliquemangacine.fr\/?s={search_term_string}"},"query-input":{"@type":"PropertyValueSpecification","valueRequired":true,"valueName":"search_term_string"}}],"inLanguage":"de"},{"@type":"Organization","@id":"https:\/\/repliquemangacine.fr\/#organization","name":"R\u00e9plique Manga Cin\u00e9","url":"https:\/\/repliquemangacine.fr\/","logo":{"@type":"ImageObject","inLanguage":"de","@id":"https:\/\/repliquemangacine.fr\/#\/schema\/logo\/image\/","url":"https:\/\/repliquemangacine.fr\/wp-content\/uploads\/2023\/10\/RMC-500250.png","contentUrl":"https:\/\/repliquemangacine.fr\/wp-content\/uploads\/2023\/10\/RMC-500250.png","width":500,"height":250,"caption":"R\u00e9plique Manga Cin\u00e9"},"image":{"@id":"https:\/\/repliquemangacine.fr\/#\/schema\/logo\/image\/"},"sameAs":["https:\/\/www.facebook.com\/RepliqueMangaCine","https:\/\/www.instagram.com\/repliquemangacine.fr\/"]}]}},"_links":{"self":[{"href":"https:\/\/repliquemangacine.fr\/de\/wp-json\/wp\/v2\/product\/28048","targetHints":{"allow":["GET"]}}],"collection":[{"href":"https:\/\/repliquemangacine.fr\/de\/wp-json\/wp\/v2\/product"}],"about":[{"href":"https:\/\/repliquemangacine.fr\/de\/wp-json\/wp\/v2\/types\/product"}],"wp:featuredmedia":[{"embeddable":true,"href":"https:\/\/repliquemangacine.fr\/de\/wp-json\/wp\/v2\/media\/28049"}],"wp:attachment":[{"href":"https:\/\/repliquemangacine.fr\/de\/wp-json\/wp\/v2\/media?parent=28048"}],"wp:term":[{"taxonomy":"product_brand","embeddable":true,"href":"https:\/\/repliquemangacine.fr\/de\/wp-json\/wp\/v2\/product_brand?post=28048"},{"taxonomy":"product_cat","embeddable":true,"href":"https:\/\/repliquemangacine.fr\/de\/wp-json\/wp\/v2\/product_cat?post=28048"},{"taxonomy":"product_tag","embeddable":true,"href":"https:\/\/repliquemangacine.fr\/de\/wp-json\/wp\/v2\/product_tag?post=28048"}],"curies":[{"name":"wp","href":"https:\/\/api.w.org\/{rel}","templated":true}]}}