





{"id":28034,"date":"2019-03-14T19:48:40","date_gmt":"2019-03-14T18:48:40","guid":{"rendered":"https:\/\/repliquemangacine.fr\/?post_type=product&#038;p=28034"},"modified":"2026-04-24T15:35:27","modified_gmt":"2026-04-24T13:35:27","slug":"thor-mjolnir-hammer-aus-metall-mit-basis","status":"publish","type":"product","link":"https:\/\/repliquemangacine.fr\/de\/super-heros-marvel\/marteau-de-thor-mjolnir-en-metal-avec-base\/","title":{"rendered":"Thors Hammer Metall"},"content":{"rendered":"<h2>Thors Hammer Mjolnir im Marvel-Universum.<\/h2>\n<p>Zu Beginn wird der <strong>Thors Hammer Mjolnir<\/strong>ein m\u00e4chtiger, verzauberter Kriegshammer, der von den Zwergen f\u00fcr die asgardische K\u00f6nigsfamilie geschmiedet wurde.<\/p>\n<p>Thor wurde der m\u00e4chtige Hammer Mj\u00f8lnir anvertraut, der \"aus dem Herzen eines sterbenden Sterns geschmiedet\" wurde. Thor ist in der Lage, Mj\u00f8lnir mit gro\u00dfer Kraft zu werfen. Wenn er sich am Riemen oder Lederriemen festh\u00e4lt, kann er mit enormen Geschwindigkeiten durch die Luft fliegen.<\/p>\n<p>Als Steve Rogers schwang <a href=\"https:\/\/universcinematographiquemarvel.fandom.com\/fr\/wiki\/Mj\u00f8lnir#Capacit\u00e9s\">Mj\u00f8lnir<\/a>Dadurch wurden seine k\u00f6rperlichen F\u00e4higkeiten wie St\u00e4rke und Haltbarkeit erheblich verbessert, sodass er Thanos auf Augenh\u00f6he bek\u00e4mpfen konnte. Tats\u00e4chlich erwarb Rogers durch die Anwendung die F\u00e4higkeit, Blitze aus dem umgebenden Horizont zu beschw\u00f6ren.<\/p>\n<h2>Ihr Hammer des Thor Mjolnir zum besten Preis.<\/h2>\n<p>Wir bieten Ihnen eine gro\u00dfe Auswahl an Repliken aus dem Marvel-Universum.<\/p>\n<p>Zun\u00e4chst einmal,<\/p>\n<ul>\n<li>Die lebensgro\u00dfe Nachbildung des <a href=\"https:\/\/repliquemangacine.fr\/de\/superheld\/stormbreaker-hache-marteau-de-thor\/\">Stormbreaker<\/a> (Hammeraxt), die Thor im Film Avengers, Infinity War verwendet.<\/li>\n<li>Es gibt auch das ber\u00fchmte <a href=\"https:\/\/repliquemangacine.fr\/de\/superheld\/captain-america-schild-luxusversion\/\">Captain Americas Schild<\/a> im Ma\u00dfstab 1:1 ganz aus Metall.<\/li>\n<li>Sowie die lebensgro\u00dfe Nachbildung des<a href=\"https:\/\/repliquemangacine.fr\/de\/superheld\/replique-epee-god-killer-wonder-woman\/\">Schwert God Killer<\/a> inspiriert vom Film Wonder Woman von Diana verwendet.<\/li>\n<li>Und viele andere, die es in unserem Online-Shop zu entdecken gibt!<\/li>\n<\/ul>\n<p>Deshalb hier eine tolle Geschenkidee f\u00fcr alle Fans von Marvels Superhelden<\/p>\n<p>Abschlie\u00dfend k\u00f6nnen Sie den <strong>Thors Hammer Mjolnir<\/strong> bei Ihren Cosplay-Paraden. Vor allem aber ist es ein Sammler- und Dekorationsst\u00fcck.<\/p>\n<h2>Wie werden unsere Marvel-Merchandise-Artikel hergestellt?<\/h2>\n<p>Zun\u00e4chst einmal sind alle unsere Produkte von hoher Qualit\u00e4t und werden mit besonderer Sorgfalt hergestellt. Die Herstellung erfolgt zum Teil von Hand, um jedes noch so kleine Detail zu reproduzieren. Gr\u00f6\u00dfere Teile werden von pr\u00e4zisen Maschinen bearbeitet. Die Gravuren werden in der Regel mit einer Diamantspitze oder einem Laser vorgenommen.<\/p>\n<p>Ihre <strong>Thors Hammer Mjolnir<\/strong> wurde hergestellt, um jedes Detail genau zu reproduzieren. Ganz aus Metall mit Gravuren auf der Masse. Felsenf\u00f6rmiger St\u00e4nder aus gegossenem Harz.<\/p>\n<p>Abschlie\u00dfend sei gesagt, dass unsere Repliken, die aus China oder Spanien importiert wurden, Sie in Erstaunen versetzen werden!<\/p>\n<p>R\u00e9plique Manga Cin\u00e9 ist ein franz\u00f6sisches Familienunternehmen.<\/p>","protected":false},"excerpt":{"rendered":"<p>Replik des Hammers Mj\u00f6lnir, der von Thor benutzt wurde.<\/p>\n<ul>\n<li>Aus Metall gefertigt, sehr hochwertig.<\/li>\n<li>Identisch geschnitzte Masse.<\/li>\n<li>Riemen aus Leder.<\/li>\n<li>Pr\u00e4sentationsst\u00e4nder aus Kunstharz.<\/li>\n<li>Gesamtgr\u00f6\u00dfe des Hammers: L\u00e4nge 45 cm x Breite 22,5 cm x Tiefe 13,5 cm.<\/li>\n<li>Gr\u00f6\u00dfe des Mediums: L\u00e4nge 28 cm x Breite 24 cm x H\u00f6he 8,5 cm<\/li>\n<li>Gesamtgewicht: 5,4 kg<\/li>\n<\/ul>","protected":false},"featured_media":28035,"template":"","meta":[],"product_brand":[896],"product_cat":[24,59],"product_tag":[534,548,549],"class_list":{"0":"post-28034","1":"product","2":"type-product","3":"status-publish","4":"has-post-thumbnail","6":"product_brand-replique-manga-cine","7":"product_cat-films-series-tv-vente-de-katana-epee-et-produits-derives","8":"product_cat-super-heros-marvel","9":"product_tag-marteau-de-thor","10":"product_tag-marteau-marvel","11":"product_tag-marteau-mjollnir","13":"first","14":"instock","15":"taxable","16":"shipping-taxable","17":"purchasable","18":"product-type-simple"},"yoast_head":"<!-- This site is optimized with the Yoast SEO plugin v27.5 - https:\/\/yoast.com\/product\/yoast-seo-wordpress\/ -->\n<title>Marteau de Thor Mjolnir - En m\u00e9tal - Echelle 1\/1 - Support | RMC<\/title>\n<meta name=\"description\" content=\"Achetez vite votre Marteau de Thor Mjolnir au meilleur prix. Tout en m\u00e9tal - Base de pr\u00e9sentation en r\u00e9sine moul\u00e9 - Longueur : 45 cm - Poids : 5.4 kg\" \/>\n<meta name=\"robots\" content=\"index, follow, max-snippet:-1, max-image-preview:large, max-video-preview:-1\" \/>\n<link rel=\"canonical\" href=\"https:\/\/repliquemangacine.fr\/de\/marvel-super-heros\/thor-mjolnir-hammer-aus-metall-mit-basis\/\" \/>\n<meta property=\"og:locale\" content=\"de_DE\" \/>\n<meta property=\"og:type\" content=\"article\" \/>\n<meta property=\"og:title\" content=\"Marteau de Thor Mjolnir - En m\u00e9tal - Echelle 1\/1 - Support | RMC\" \/>\n<meta property=\"og:description\" content=\"Achetez vite votre Marteau de Thor Mjolnir au meilleur prix. Tout en m\u00e9tal - Base de pr\u00e9sentation en r\u00e9sine moul\u00e9 - Longueur : 45 cm - Poids : 5.4 kg\" \/>\n<meta property=\"og:url\" content=\"https:\/\/repliquemangacine.fr\/de\/marvel-super-heros\/thor-mjolnir-hammer-aus-metall-mit-basis\/\" \/>\n<meta property=\"og:site_name\" content=\"R\u00e9plique Manga Cin\u00e9\" \/>\n<meta property=\"article:publisher\" content=\"https:\/\/www.facebook.com\/RepliqueMangaCine\" \/>\n<meta property=\"article:modified_time\" content=\"2026-04-24T13:35:27+00:00\" \/>\n<meta property=\"og:image\" content=\"https:\/\/repliquemangacine.fr\/wp-content\/uploads\/2023\/10\/2758-Marteau-de-Thor-Mjollnir-Full-Metal-marvel.jpg\" \/>\n\t<meta property=\"og:image:width\" content=\"800\" \/>\n\t<meta property=\"og:image:height\" content=\"800\" \/>\n\t<meta property=\"og:image:type\" content=\"image\/jpeg\" \/>\n<meta name=\"twitter:card\" content=\"summary_large_image\" \/>\n<meta name=\"twitter:label1\" content=\"Gesch\u00e4tzte Lesezeit\" \/>\n\t<meta name=\"twitter:data1\" content=\"2\u00a0Minuten\" \/>\n<script type=\"application\/ld+json\" class=\"yoast-schema-graph\">{\"@context\":\"https:\\\/\\\/schema.org\",\"@graph\":[{\"@type\":\"WebPage\",\"@id\":\"https:\\\/\\\/repliquemangacine.fr\\\/super-heros-marvel\\\/marteau-de-thor-mjolnir-en-metal-avec-base\\\/\",\"url\":\"https:\\\/\\\/repliquemangacine.fr\\\/super-heros-marvel\\\/marteau-de-thor-mjolnir-en-metal-avec-base\\\/\",\"name\":\"Marteau de Thor Mjolnir - En m\u00e9tal - Echelle 1\\\/1 - Support | RMC\",\"isPartOf\":{\"@id\":\"https:\\\/\\\/repliquemangacine.fr\\\/#website\"},\"primaryImageOfPage\":{\"@id\":\"https:\\\/\\\/repliquemangacine.fr\\\/super-heros-marvel\\\/marteau-de-thor-mjolnir-en-metal-avec-base\\\/#primaryimage\"},\"image\":{\"@id\":\"https:\\\/\\\/repliquemangacine.fr\\\/super-heros-marvel\\\/marteau-de-thor-mjolnir-en-metal-avec-base\\\/#primaryimage\"},\"thumbnailUrl\":\"https:\\\/\\\/repliquemangacine.fr\\\/wp-content\\\/uploads\\\/2023\\\/10\\\/2758-Marteau-de-Thor-Mjollnir-Full-Metal-marvel.jpg\",\"datePublished\":\"2019-03-14T18:48:40+00:00\",\"dateModified\":\"2026-04-24T13:35:27+00:00\",\"description\":\"Achetez vite votre Marteau de Thor Mjolnir au meilleur prix. Tout en m\u00e9tal - Base de pr\u00e9sentation en r\u00e9sine moul\u00e9 - Longueur : 45 cm - Poids : 5.4 kg\",\"breadcrumb\":{\"@id\":\"https:\\\/\\\/repliquemangacine.fr\\\/super-heros-marvel\\\/marteau-de-thor-mjolnir-en-metal-avec-base\\\/#breadcrumb\"},\"inLanguage\":\"de\",\"potentialAction\":[{\"@type\":\"ReadAction\",\"target\":[\"https:\\\/\\\/repliquemangacine.fr\\\/super-heros-marvel\\\/marteau-de-thor-mjolnir-en-metal-avec-base\\\/\"]}]},{\"@type\":\"ImageObject\",\"inLanguage\":\"de\",\"@id\":\"https:\\\/\\\/repliquemangacine.fr\\\/super-heros-marvel\\\/marteau-de-thor-mjolnir-en-metal-avec-base\\\/#primaryimage\",\"url\":\"https:\\\/\\\/repliquemangacine.fr\\\/wp-content\\\/uploads\\\/2023\\\/10\\\/2758-Marteau-de-Thor-Mjollnir-Full-Metal-marvel.jpg\",\"contentUrl\":\"https:\\\/\\\/repliquemangacine.fr\\\/wp-content\\\/uploads\\\/2023\\\/10\\\/2758-Marteau-de-Thor-Mjollnir-Full-Metal-marvel.jpg\",\"width\":800,\"height\":800,\"caption\":\"Marteau de Thor, Mj\u00f6llnir Full M\u00e9tal, marvel\"},{\"@type\":\"BreadcrumbList\",\"@id\":\"https:\\\/\\\/repliquemangacine.fr\\\/super-heros-marvel\\\/marteau-de-thor-mjolnir-en-metal-avec-base\\\/#breadcrumb\",\"itemListElement\":[{\"@type\":\"ListItem\",\"position\":1,\"name\":\"Accueil\",\"item\":\"https:\\\/\\\/repliquemangacine.fr\\\/\"},{\"@type\":\"ListItem\",\"position\":2,\"name\":\"Produits\",\"item\":\"https:\\\/\\\/repliquemangacine.fr\\\/boutique\\\/\"},{\"@type\":\"ListItem\",\"position\":3,\"name\":\"Marteau de Thor M\u00e9tal\"}]},{\"@type\":\"WebSite\",\"@id\":\"https:\\\/\\\/repliquemangacine.fr\\\/#website\",\"url\":\"https:\\\/\\\/repliquemangacine.fr\\\/\",\"name\":\"R\u00e9plique Manga Cin\u00e9\",\"description\":\"\",\"publisher\":{\"@id\":\"https:\\\/\\\/repliquemangacine.fr\\\/#organization\"},\"potentialAction\":[{\"@type\":\"SearchAction\",\"target\":{\"@type\":\"EntryPoint\",\"urlTemplate\":\"https:\\\/\\\/repliquemangacine.fr\\\/?s={search_term_string}\"},\"query-input\":{\"@type\":\"PropertyValueSpecification\",\"valueRequired\":true,\"valueName\":\"search_term_string\"}}],\"inLanguage\":\"de\"},{\"@type\":\"Organization\",\"@id\":\"https:\\\/\\\/repliquemangacine.fr\\\/#organization\",\"name\":\"R\u00e9plique Manga Cin\u00e9\",\"url\":\"https:\\\/\\\/repliquemangacine.fr\\\/\",\"logo\":{\"@type\":\"ImageObject\",\"inLanguage\":\"de\",\"@id\":\"https:\\\/\\\/repliquemangacine.fr\\\/#\\\/schema\\\/logo\\\/image\\\/\",\"url\":\"https:\\\/\\\/repliquemangacine.fr\\\/wp-content\\\/uploads\\\/2023\\\/10\\\/RMC-500250.png\",\"contentUrl\":\"https:\\\/\\\/repliquemangacine.fr\\\/wp-content\\\/uploads\\\/2023\\\/10\\\/RMC-500250.png\",\"width\":500,\"height\":250,\"caption\":\"R\u00e9plique Manga Cin\u00e9\"},\"image\":{\"@id\":\"https:\\\/\\\/repliquemangacine.fr\\\/#\\\/schema\\\/logo\\\/image\\\/\"},\"sameAs\":[\"https:\\\/\\\/www.facebook.com\\\/RepliqueMangaCine\",\"https:\\\/\\\/www.instagram.com\\\/repliquemangacine.fr\\\/\"]}]}<\/script>\n<!-- \/ Yoast SEO plugin. -->","yoast_head_json":{"title":"Thors Hammer Mjolnir - Aus Metall - Ma\u00dfstab 1\/1 - Halterung | RMC","description":"Kaufen Sie schnell Ihren Hammer von Thor Mjolnir zum besten Preis. Ganz aus Metall - Pr\u00e4sentationsbasis aus gegossenem Harz - L\u00e4nge: 45 cm - Gewicht: 5.4 kg","robots":{"index":"index","follow":"follow","max-snippet":"max-snippet:-1","max-image-preview":"max-image-preview:large","max-video-preview":"max-video-preview:-1"},"canonical":"https:\/\/repliquemangacine.fr\/de\/marvel-super-heros\/thor-mjolnir-hammer-aus-metall-mit-basis\/","og_locale":"de_DE","og_type":"article","og_title":"Marteau de Thor Mjolnir - En m\u00e9tal - Echelle 1\/1 - Support | RMC","og_description":"Achetez vite votre Marteau de Thor Mjolnir au meilleur prix. Tout en m\u00e9tal - Base de pr\u00e9sentation en r\u00e9sine moul\u00e9 - Longueur : 45 cm - Poids : 5.4 kg","og_url":"https:\/\/repliquemangacine.fr\/de\/marvel-super-heros\/thor-mjolnir-hammer-aus-metall-mit-basis\/","og_site_name":"R\u00e9plique Manga Cin\u00e9","article_publisher":"https:\/\/www.facebook.com\/RepliqueMangaCine","article_modified_time":"2026-04-24T13:35:27+00:00","og_image":[{"width":800,"height":800,"url":"https:\/\/repliquemangacine.fr\/wp-content\/uploads\/2023\/10\/2758-Marteau-de-Thor-Mjollnir-Full-Metal-marvel.jpg","type":"image\/jpeg"}],"twitter_card":"summary_large_image","twitter_misc":{"Gesch\u00e4tzte Lesezeit":"2\u00a0Minuten"},"schema":{"@context":"https:\/\/schema.org","@graph":[{"@type":"WebPage","@id":"https:\/\/repliquemangacine.fr\/super-heros-marvel\/marteau-de-thor-mjolnir-en-metal-avec-base\/","url":"https:\/\/repliquemangacine.fr\/super-heros-marvel\/marteau-de-thor-mjolnir-en-metal-avec-base\/","name":"Thors Hammer Mjolnir - Aus Metall - Ma\u00dfstab 1\/1 - Halterung | RMC","isPartOf":{"@id":"https:\/\/repliquemangacine.fr\/#website"},"primaryImageOfPage":{"@id":"https:\/\/repliquemangacine.fr\/super-heros-marvel\/marteau-de-thor-mjolnir-en-metal-avec-base\/#primaryimage"},"image":{"@id":"https:\/\/repliquemangacine.fr\/super-heros-marvel\/marteau-de-thor-mjolnir-en-metal-avec-base\/#primaryimage"},"thumbnailUrl":"https:\/\/repliquemangacine.fr\/wp-content\/uploads\/2023\/10\/2758-Marteau-de-Thor-Mjollnir-Full-Metal-marvel.jpg","datePublished":"2019-03-14T18:48:40+00:00","dateModified":"2026-04-24T13:35:27+00:00","description":"Kaufen Sie schnell Ihren Hammer von Thor Mjolnir zum besten Preis. Ganz aus Metall - Pr\u00e4sentationsbasis aus gegossenem Harz - L\u00e4nge: 45 cm - Gewicht: 5.4 kg","breadcrumb":{"@id":"https:\/\/repliquemangacine.fr\/super-heros-marvel\/marteau-de-thor-mjolnir-en-metal-avec-base\/#breadcrumb"},"inLanguage":"de","potentialAction":[{"@type":"ReadAction","target":["https:\/\/repliquemangacine.fr\/super-heros-marvel\/marteau-de-thor-mjolnir-en-metal-avec-base\/"]}]},{"@type":"ImageObject","inLanguage":"de","@id":"https:\/\/repliquemangacine.fr\/super-heros-marvel\/marteau-de-thor-mjolnir-en-metal-avec-base\/#primaryimage","url":"https:\/\/repliquemangacine.fr\/wp-content\/uploads\/2023\/10\/2758-Marteau-de-Thor-Mjollnir-Full-Metal-marvel.jpg","contentUrl":"https:\/\/repliquemangacine.fr\/wp-content\/uploads\/2023\/10\/2758-Marteau-de-Thor-Mjollnir-Full-Metal-marvel.jpg","width":800,"height":800,"caption":"Marteau de Thor, Mj\u00f6llnir Full M\u00e9tal, marvel"},{"@type":"BreadcrumbList","@id":"https:\/\/repliquemangacine.fr\/super-heros-marvel\/marteau-de-thor-mjolnir-en-metal-avec-base\/#breadcrumb","itemListElement":[{"@type":"ListItem","position":1,"name":"Accueil","item":"https:\/\/repliquemangacine.fr\/"},{"@type":"ListItem","position":2,"name":"Produits","item":"https:\/\/repliquemangacine.fr\/boutique\/"},{"@type":"ListItem","position":3,"name":"Marteau de Thor M\u00e9tal"}]},{"@type":"WebSite","@id":"https:\/\/repliquemangacine.fr\/#website","url":"https:\/\/repliquemangacine.fr\/","name":"R\u00e9plique Manga Cin\u00e9","description":"","publisher":{"@id":"https:\/\/repliquemangacine.fr\/#organization"},"potentialAction":[{"@type":"SearchAction","target":{"@type":"EntryPoint","urlTemplate":"https:\/\/repliquemangacine.fr\/?s={search_term_string}"},"query-input":{"@type":"PropertyValueSpecification","valueRequired":true,"valueName":"search_term_string"}}],"inLanguage":"de"},{"@type":"Organization","@id":"https:\/\/repliquemangacine.fr\/#organization","name":"R\u00e9plique Manga Cin\u00e9","url":"https:\/\/repliquemangacine.fr\/","logo":{"@type":"ImageObject","inLanguage":"de","@id":"https:\/\/repliquemangacine.fr\/#\/schema\/logo\/image\/","url":"https:\/\/repliquemangacine.fr\/wp-content\/uploads\/2023\/10\/RMC-500250.png","contentUrl":"https:\/\/repliquemangacine.fr\/wp-content\/uploads\/2023\/10\/RMC-500250.png","width":500,"height":250,"caption":"R\u00e9plique Manga Cin\u00e9"},"image":{"@id":"https:\/\/repliquemangacine.fr\/#\/schema\/logo\/image\/"},"sameAs":["https:\/\/www.facebook.com\/RepliqueMangaCine","https:\/\/www.instagram.com\/repliquemangacine.fr\/"]}]}},"_links":{"self":[{"href":"https:\/\/repliquemangacine.fr\/de\/wp-json\/wp\/v2\/product\/28034","targetHints":{"allow":["GET"]}}],"collection":[{"href":"https:\/\/repliquemangacine.fr\/de\/wp-json\/wp\/v2\/product"}],"about":[{"href":"https:\/\/repliquemangacine.fr\/de\/wp-json\/wp\/v2\/types\/product"}],"wp:featuredmedia":[{"embeddable":true,"href":"https:\/\/repliquemangacine.fr\/de\/wp-json\/wp\/v2\/media\/28035"}],"wp:attachment":[{"href":"https:\/\/repliquemangacine.fr\/de\/wp-json\/wp\/v2\/media?parent=28034"}],"wp:term":[{"taxonomy":"product_brand","embeddable":true,"href":"https:\/\/repliquemangacine.fr\/de\/wp-json\/wp\/v2\/product_brand?post=28034"},{"taxonomy":"product_cat","embeddable":true,"href":"https:\/\/repliquemangacine.fr\/de\/wp-json\/wp\/v2\/product_cat?post=28034"},{"taxonomy":"product_tag","embeddable":true,"href":"https:\/\/repliquemangacine.fr\/de\/wp-json\/wp\/v2\/product_tag?post=28034"}],"curies":[{"name":"wp","href":"https:\/\/api.w.org\/{rel}","templated":true}]}}