





{"id":28028,"date":"2019-03-14T19:04:59","date_gmt":"2019-03-14T18:04:59","guid":{"rendered":"https:\/\/repliquemangacine.fr\/?post_type=product&#038;p=28028"},"modified":"2025-11-17T14:37:40","modified_gmt":"2025-11-17T13:37:40","slug":"captain-america-schild-luxusversion","status":"publish","type":"product","link":"https:\/\/repliquemangacine.fr\/de\/super-heros-marvel\/bouclier-captain-america-version-luxe\/","title":{"rendered":"Captain-America-Schild"},"content":{"rendered":"<h2>Captain America-Schild - Marvel.<\/h2>\n<p>Zu Beginn wird der <strong>Captain-America-Schild<\/strong> ist die Hauptwaffe von Rogers. Er wird ausschlie\u00dflich aus Vibranium hergestellt und ist daher nahezu unzerst\u00f6rbar. Die Zusammensetzung von Vibranium erm\u00f6glicht es dem Schild, die kinetische Energie von St\u00f6\u00dfen zu absorbieren und zu reflektieren.<\/p>\n<p>Praktisch alle Arten von menschlichen Waffen k\u00f6nnen ihn nicht einmal besch\u00e4digen, da Kugeln von ihm abprallen. Der Schild ist auch stark genug, um gegen magische und mystische Waffen wie Thors Hammer Mj\u00f8lnir zu k\u00e4mpfen.<\/p>\n<p>Wird von vielen als der erste und gr\u00f6\u00dfte Superheld der Welt angesehen, <a href=\"https:\/\/universcinematographiquemarvel.fandom.com\/fr\/wiki\/Steve_Rogers#Personnalit\u00e9\" target=\"_blank\" rel=\"noopener noreferrer\">Steve Rogers<\/a> wurde durch seinen Mut, seinen Patriotismus und seine Aufrichtigkeit definiert. Rogers hatte immer einen edlen und ehrlichen Geist, der gegen\u00fcber Ungerechtigkeit und Machtmissbrauch intolerant war.<\/p>\n<h2>Ihr Captain-America-Schild zum besten Preis.<\/h2>\n<p>Wir bieten Ihnen eine gro\u00dfe Auswahl an Repliken aus dem Marvel-Universum.<\/p>\n<p>Zun\u00e4chst einmal,<\/p>\n<ul>\n<li>Die Hammeraxt von Thor dem <a href=\"https:\/\/repliquemangacine.fr\/de\/superheld\/stormbreaker-hache-marteau-de-thor\/\">Stormbreaker<\/a> im Ma\u00dfstab 1:1 aus Kunstharz.<\/li>\n<li>Es gibt auch das Schwert<a href=\"https:\/\/repliquemangacine.fr\/de\/superheld\/epee-wonder-woman-justice-league\/\"> von Wonder Woman<\/a> alias Diana Prinz von Themyscira mit ihren elfischen Runen auf der Klinge.<\/li>\n<li>Sowie die Replik der <a href=\"https:\/\/repliquemangacine.fr\/de\/filme-tv-serien-verkauf-von-katana-schwertern-und-derivaten\/x-men-griffes-de-wolverine-replique\/\">Wolverines Krallen<\/a> die von Logan Wolverine verwendet werden.<\/li>\n<li>Und viele andere, die es in unserem Online-Shop zu entdecken gibt!<\/li>\n<\/ul>\n<p>Deshalb hier eine tolle Geschenkidee f\u00fcr alle Fans von Marvels Superhelden<\/p>\n<p>Abschlie\u00dfend k\u00f6nnen Sie den <strong>Captain-America-Schild<\/strong> bei Ihren Cosplay-Paraden. Vor allem aber ist es ein Sammler- und Dekorationsst\u00fcck.<\/p>\n<h2>Wie werden unsere Marvel Avengers-Merchandise-Artikel hergestellt?<\/h2>\n<p>Zun\u00e4chst einmal sind alle unsere Produkte von hoher Qualit\u00e4t und werden mit besonderer Sorgfalt hergestellt. Die Herstellung erfolgt zum Teil von Hand, um jedes noch so kleine Detail zu reproduzieren. Gr\u00f6\u00dfere Teile werden von pr\u00e4zisen Maschinen bearbeitet. Die Gravuren werden in der Regel mit einer Diamantspitze oder einem Laser vorgenommen.<\/p>\n<p>Ihre <strong>Captain-America-Schild<\/strong> wurde hergestellt, um jedes Detail genau zu reproduzieren. Aus hochfester Luftaluminiumlegierung. Der Herstellungsprozess: Druckguss, Plattierung. Oberfl\u00e4chenbehandlung Korrosionsschutz Autolack, behandelt f\u00fcr einen fast spiegel\u00e4hnlichen Effekt.<\/p>\n<p>Abschlie\u00dfend sei gesagt, dass unsere Repliken, die aus China oder Spanien importiert wurden, Sie in Erstaunen versetzen werden!<\/p>\n<p>R\u00e9plique Manga Cin\u00e9 ist ein franz\u00f6sisches Familienunternehmen.<\/p>","protected":false},"excerpt":{"rendered":"<p>Inoffizielle Replik des Captain-America-Schildes.<\/p>\n<ul>\n<li>Aus hochfester Luftaluminiumlegierung.<\/li>\n<li>Herstellungsprozess: Druckguss, Furnier.<\/li>\n<li>Korrosionsschutz-Oberfl\u00e4chenbehandlung Autolack, behandelt f\u00fcr einen fast spiegelartigen Effekt.<\/li>\n<li>Gurte aus hochwertigem braunem Leder.<\/li>\n<li>Holzst\u00e4nder.<\/li>\n<li>Ma\u00dfstab 1\/1<\/li>\n<li>Durchmesser:60 cm - Gewicht: 3.2kg<\/li>\n<\/ul>","protected":false},"featured_media":28029,"template":"","meta":[],"product_brand":[896],"product_cat":[24,59],"product_tag":[543,544],"class_list":{"0":"post-28028","1":"product","2":"type-product","3":"status-publish","4":"has-post-thumbnail","6":"product_brand-replique-manga-cine","7":"product_cat-films-series-tv-vente-de-katana-epee-et-produits-derives","8":"product_cat-super-heros-marvel","9":"product_tag-bouclier-captain-america","10":"product_tag-bouclier-de-steve-rogers","12":"first","13":"instock","14":"taxable","15":"shipping-taxable","16":"purchasable","17":"product-type-simple"},"yoast_head":"<!-- This site is optimized with the Yoast SEO plugin v27.5 - https:\/\/yoast.com\/product\/yoast-seo-wordpress\/ -->\n<title>Bouclier Captain America - Echelle 1\/1 - R\u00e9plique Manga Cin\u00e9<\/title>\n<meta name=\"description\" content=\"Commandez vite! Votre Bouclier Captain America, entrez dans le combat comme Steve Rogers. Vous allez faire fureur dans les conventions et d\u00e9fil\u00e9s de Cosplay\" \/>\n<meta name=\"robots\" content=\"index, follow, max-snippet:-1, max-image-preview:large, max-video-preview:-1\" \/>\n<link rel=\"canonical\" href=\"https:\/\/repliquemangacine.fr\/de\/marvel-super-heros\/captain-america-schild-luxusversion\/\" \/>\n<meta property=\"og:locale\" content=\"de_DE\" \/>\n<meta property=\"og:type\" content=\"article\" \/>\n<meta property=\"og:title\" content=\"Bouclier Captain America - Echelle 1\/1 - R\u00e9plique Manga Cin\u00e9\" \/>\n<meta property=\"og:description\" content=\"Commandez vite! Votre Bouclier Captain America, entrez dans le combat comme Steve Rogers. Vous allez faire fureur dans les conventions et d\u00e9fil\u00e9s de Cosplay\" \/>\n<meta property=\"og:url\" content=\"https:\/\/repliquemangacine.fr\/de\/marvel-super-heros\/captain-america-schild-luxusversion\/\" \/>\n<meta property=\"og:site_name\" content=\"R\u00e9plique Manga Cin\u00e9\" \/>\n<meta property=\"article:publisher\" content=\"https:\/\/www.facebook.com\/RepliqueMangaCine\" \/>\n<meta property=\"article:modified_time\" content=\"2025-11-17T13:37:40+00:00\" \/>\n<meta property=\"og:image\" content=\"https:\/\/repliquemangacine.fr\/wp-content\/uploads\/2023\/10\/2754-Bouclier-Captain-America-full-metal.jpg\" \/>\n\t<meta property=\"og:image:width\" content=\"800\" \/>\n\t<meta property=\"og:image:height\" content=\"800\" \/>\n\t<meta property=\"og:image:type\" content=\"image\/jpeg\" \/>\n<meta name=\"twitter:card\" content=\"summary_large_image\" \/>\n<meta name=\"twitter:label1\" content=\"Gesch\u00e4tzte Lesezeit\" \/>\n\t<meta name=\"twitter:data1\" content=\"2\u00a0Minuten\" \/>\n<script type=\"application\/ld+json\" class=\"yoast-schema-graph\">{\"@context\":\"https:\\\/\\\/schema.org\",\"@graph\":[{\"@type\":\"WebPage\",\"@id\":\"https:\\\/\\\/repliquemangacine.fr\\\/super-heros-marvel\\\/bouclier-captain-america-version-luxe\\\/\",\"url\":\"https:\\\/\\\/repliquemangacine.fr\\\/super-heros-marvel\\\/bouclier-captain-america-version-luxe\\\/\",\"name\":\"Bouclier Captain America - Echelle 1\\\/1 - R\u00e9plique Manga Cin\u00e9\",\"isPartOf\":{\"@id\":\"https:\\\/\\\/repliquemangacine.fr\\\/#website\"},\"primaryImageOfPage\":{\"@id\":\"https:\\\/\\\/repliquemangacine.fr\\\/super-heros-marvel\\\/bouclier-captain-america-version-luxe\\\/#primaryimage\"},\"image\":{\"@id\":\"https:\\\/\\\/repliquemangacine.fr\\\/super-heros-marvel\\\/bouclier-captain-america-version-luxe\\\/#primaryimage\"},\"thumbnailUrl\":\"https:\\\/\\\/repliquemangacine.fr\\\/wp-content\\\/uploads\\\/2023\\\/10\\\/2754-Bouclier-Captain-America-full-metal.jpg\",\"datePublished\":\"2019-03-14T18:04:59+00:00\",\"dateModified\":\"2025-11-17T13:37:40+00:00\",\"description\":\"Commandez vite! Votre Bouclier Captain America, entrez dans le combat comme Steve Rogers. Vous allez faire fureur dans les conventions et d\u00e9fil\u00e9s de Cosplay\",\"breadcrumb\":{\"@id\":\"https:\\\/\\\/repliquemangacine.fr\\\/super-heros-marvel\\\/bouclier-captain-america-version-luxe\\\/#breadcrumb\"},\"inLanguage\":\"de\",\"potentialAction\":[{\"@type\":\"ReadAction\",\"target\":[\"https:\\\/\\\/repliquemangacine.fr\\\/super-heros-marvel\\\/bouclier-captain-america-version-luxe\\\/\"]}]},{\"@type\":\"ImageObject\",\"inLanguage\":\"de\",\"@id\":\"https:\\\/\\\/repliquemangacine.fr\\\/super-heros-marvel\\\/bouclier-captain-america-version-luxe\\\/#primaryimage\",\"url\":\"https:\\\/\\\/repliquemangacine.fr\\\/wp-content\\\/uploads\\\/2023\\\/10\\\/2754-Bouclier-Captain-America-full-metal.jpg\",\"contentUrl\":\"https:\\\/\\\/repliquemangacine.fr\\\/wp-content\\\/uploads\\\/2023\\\/10\\\/2754-Bouclier-Captain-America-full-metal.jpg\",\"width\":800,\"height\":800,\"caption\":\"Bouclier Captain Am\u00e9rica full metal\"},{\"@type\":\"BreadcrumbList\",\"@id\":\"https:\\\/\\\/repliquemangacine.fr\\\/super-heros-marvel\\\/bouclier-captain-america-version-luxe\\\/#breadcrumb\",\"itemListElement\":[{\"@type\":\"ListItem\",\"position\":1,\"name\":\"Accueil\",\"item\":\"https:\\\/\\\/repliquemangacine.fr\\\/\"},{\"@type\":\"ListItem\",\"position\":2,\"name\":\"Produits\",\"item\":\"https:\\\/\\\/repliquemangacine.fr\\\/boutique\\\/\"},{\"@type\":\"ListItem\",\"position\":3,\"name\":\"Bouclier Captain America\"}]},{\"@type\":\"WebSite\",\"@id\":\"https:\\\/\\\/repliquemangacine.fr\\\/#website\",\"url\":\"https:\\\/\\\/repliquemangacine.fr\\\/\",\"name\":\"R\u00e9plique Manga Cin\u00e9\",\"description\":\"\",\"publisher\":{\"@id\":\"https:\\\/\\\/repliquemangacine.fr\\\/#organization\"},\"potentialAction\":[{\"@type\":\"SearchAction\",\"target\":{\"@type\":\"EntryPoint\",\"urlTemplate\":\"https:\\\/\\\/repliquemangacine.fr\\\/?s={search_term_string}\"},\"query-input\":{\"@type\":\"PropertyValueSpecification\",\"valueRequired\":true,\"valueName\":\"search_term_string\"}}],\"inLanguage\":\"de\"},{\"@type\":\"Organization\",\"@id\":\"https:\\\/\\\/repliquemangacine.fr\\\/#organization\",\"name\":\"R\u00e9plique Manga Cin\u00e9\",\"url\":\"https:\\\/\\\/repliquemangacine.fr\\\/\",\"logo\":{\"@type\":\"ImageObject\",\"inLanguage\":\"de\",\"@id\":\"https:\\\/\\\/repliquemangacine.fr\\\/#\\\/schema\\\/logo\\\/image\\\/\",\"url\":\"https:\\\/\\\/repliquemangacine.fr\\\/wp-content\\\/uploads\\\/2023\\\/10\\\/RMC-500250.png\",\"contentUrl\":\"https:\\\/\\\/repliquemangacine.fr\\\/wp-content\\\/uploads\\\/2023\\\/10\\\/RMC-500250.png\",\"width\":500,\"height\":250,\"caption\":\"R\u00e9plique Manga Cin\u00e9\"},\"image\":{\"@id\":\"https:\\\/\\\/repliquemangacine.fr\\\/#\\\/schema\\\/logo\\\/image\\\/\"},\"sameAs\":[\"https:\\\/\\\/www.facebook.com\\\/RepliqueMangaCine\",\"https:\\\/\\\/www.instagram.com\\\/repliquemangacine.fr\\\/\"]}]}<\/script>\n<!-- \/ Yoast SEO plugin. -->","yoast_head_json":{"title":"Captain America Schild - Ma\u00dfstab 1:1 - R\u00e9plique Manga Cin\u00e9","description":"Bestellen Sie schnell! Ihr Captain-America-Schild, ziehen Sie wie Steve Rogers in den Kampf. Sie werden auf Cosplay Conventions und Paraden f\u00fcr Furore sorgen.","robots":{"index":"index","follow":"follow","max-snippet":"max-snippet:-1","max-image-preview":"max-image-preview:large","max-video-preview":"max-video-preview:-1"},"canonical":"https:\/\/repliquemangacine.fr\/de\/marvel-super-heros\/captain-america-schild-luxusversion\/","og_locale":"de_DE","og_type":"article","og_title":"Bouclier Captain America - Echelle 1\/1 - R\u00e9plique Manga Cin\u00e9","og_description":"Commandez vite! Votre Bouclier Captain America, entrez dans le combat comme Steve Rogers. Vous allez faire fureur dans les conventions et d\u00e9fil\u00e9s de Cosplay","og_url":"https:\/\/repliquemangacine.fr\/de\/marvel-super-heros\/captain-america-schild-luxusversion\/","og_site_name":"R\u00e9plique Manga Cin\u00e9","article_publisher":"https:\/\/www.facebook.com\/RepliqueMangaCine","article_modified_time":"2025-11-17T13:37:40+00:00","og_image":[{"width":800,"height":800,"url":"https:\/\/repliquemangacine.fr\/wp-content\/uploads\/2023\/10\/2754-Bouclier-Captain-America-full-metal.jpg","type":"image\/jpeg"}],"twitter_card":"summary_large_image","twitter_misc":{"Gesch\u00e4tzte Lesezeit":"2\u00a0Minuten"},"schema":{"@context":"https:\/\/schema.org","@graph":[{"@type":"WebPage","@id":"https:\/\/repliquemangacine.fr\/super-heros-marvel\/bouclier-captain-america-version-luxe\/","url":"https:\/\/repliquemangacine.fr\/super-heros-marvel\/bouclier-captain-america-version-luxe\/","name":"Captain America Schild - Ma\u00dfstab 1:1 - R\u00e9plique Manga Cin\u00e9","isPartOf":{"@id":"https:\/\/repliquemangacine.fr\/#website"},"primaryImageOfPage":{"@id":"https:\/\/repliquemangacine.fr\/super-heros-marvel\/bouclier-captain-america-version-luxe\/#primaryimage"},"image":{"@id":"https:\/\/repliquemangacine.fr\/super-heros-marvel\/bouclier-captain-america-version-luxe\/#primaryimage"},"thumbnailUrl":"https:\/\/repliquemangacine.fr\/wp-content\/uploads\/2023\/10\/2754-Bouclier-Captain-America-full-metal.jpg","datePublished":"2019-03-14T18:04:59+00:00","dateModified":"2025-11-17T13:37:40+00:00","description":"Bestellen Sie schnell! Ihr Captain-America-Schild, ziehen Sie wie Steve Rogers in den Kampf. Sie werden auf Cosplay Conventions und Paraden f\u00fcr Furore sorgen.","breadcrumb":{"@id":"https:\/\/repliquemangacine.fr\/super-heros-marvel\/bouclier-captain-america-version-luxe\/#breadcrumb"},"inLanguage":"de","potentialAction":[{"@type":"ReadAction","target":["https:\/\/repliquemangacine.fr\/super-heros-marvel\/bouclier-captain-america-version-luxe\/"]}]},{"@type":"ImageObject","inLanguage":"de","@id":"https:\/\/repliquemangacine.fr\/super-heros-marvel\/bouclier-captain-america-version-luxe\/#primaryimage","url":"https:\/\/repliquemangacine.fr\/wp-content\/uploads\/2023\/10\/2754-Bouclier-Captain-America-full-metal.jpg","contentUrl":"https:\/\/repliquemangacine.fr\/wp-content\/uploads\/2023\/10\/2754-Bouclier-Captain-America-full-metal.jpg","width":800,"height":800,"caption":"Bouclier Captain Am\u00e9rica full metal"},{"@type":"BreadcrumbList","@id":"https:\/\/repliquemangacine.fr\/super-heros-marvel\/bouclier-captain-america-version-luxe\/#breadcrumb","itemListElement":[{"@type":"ListItem","position":1,"name":"Accueil","item":"https:\/\/repliquemangacine.fr\/"},{"@type":"ListItem","position":2,"name":"Produits","item":"https:\/\/repliquemangacine.fr\/boutique\/"},{"@type":"ListItem","position":3,"name":"Bouclier Captain America"}]},{"@type":"WebSite","@id":"https:\/\/repliquemangacine.fr\/#website","url":"https:\/\/repliquemangacine.fr\/","name":"R\u00e9plique Manga Cin\u00e9","description":"","publisher":{"@id":"https:\/\/repliquemangacine.fr\/#organization"},"potentialAction":[{"@type":"SearchAction","target":{"@type":"EntryPoint","urlTemplate":"https:\/\/repliquemangacine.fr\/?s={search_term_string}"},"query-input":{"@type":"PropertyValueSpecification","valueRequired":true,"valueName":"search_term_string"}}],"inLanguage":"de"},{"@type":"Organization","@id":"https:\/\/repliquemangacine.fr\/#organization","name":"R\u00e9plique Manga Cin\u00e9","url":"https:\/\/repliquemangacine.fr\/","logo":{"@type":"ImageObject","inLanguage":"de","@id":"https:\/\/repliquemangacine.fr\/#\/schema\/logo\/image\/","url":"https:\/\/repliquemangacine.fr\/wp-content\/uploads\/2023\/10\/RMC-500250.png","contentUrl":"https:\/\/repliquemangacine.fr\/wp-content\/uploads\/2023\/10\/RMC-500250.png","width":500,"height":250,"caption":"R\u00e9plique Manga Cin\u00e9"},"image":{"@id":"https:\/\/repliquemangacine.fr\/#\/schema\/logo\/image\/"},"sameAs":["https:\/\/www.facebook.com\/RepliqueMangaCine","https:\/\/www.instagram.com\/repliquemangacine.fr\/"]}]}},"_links":{"self":[{"href":"https:\/\/repliquemangacine.fr\/de\/wp-json\/wp\/v2\/product\/28028","targetHints":{"allow":["GET"]}}],"collection":[{"href":"https:\/\/repliquemangacine.fr\/de\/wp-json\/wp\/v2\/product"}],"about":[{"href":"https:\/\/repliquemangacine.fr\/de\/wp-json\/wp\/v2\/types\/product"}],"wp:featuredmedia":[{"embeddable":true,"href":"https:\/\/repliquemangacine.fr\/de\/wp-json\/wp\/v2\/media\/28029"}],"wp:attachment":[{"href":"https:\/\/repliquemangacine.fr\/de\/wp-json\/wp\/v2\/media?parent=28028"}],"wp:term":[{"taxonomy":"product_brand","embeddable":true,"href":"https:\/\/repliquemangacine.fr\/de\/wp-json\/wp\/v2\/product_brand?post=28028"},{"taxonomy":"product_cat","embeddable":true,"href":"https:\/\/repliquemangacine.fr\/de\/wp-json\/wp\/v2\/product_cat?post=28028"},{"taxonomy":"product_tag","embeddable":true,"href":"https:\/\/repliquemangacine.fr\/de\/wp-json\/wp\/v2\/product_tag?post=28028"}],"curies":[{"name":"wp","href":"https:\/\/api.w.org\/{rel}","templated":true}]}}