





{"id":28019,"date":"2019-02-13T20:59:42","date_gmt":"2019-02-13T19:59:42","guid":{"rendered":"https:\/\/repliquemangacine.fr\/?post_type=product&#038;p=28019"},"modified":"2026-02-14T18:52:04","modified_gmt":"2026-02-14T17:52:04","slug":"replik-sturmgewehr-ak47-gold-denix","status":"publish","type":"product","link":"https:\/\/repliquemangacine.fr\/de\/fusil-d-assaut-fusil-moderne\/replique-fusil-d-assaut-ak47-gold-denix\/","title":{"rendered":"AK 47 Gold Sturmgewehr"},"content":{"rendered":"<h2>Sturmgewehr AK47 Kalachnicov Gold.<\/h2>\n<p>Zu Beginn wird die<strong>AK47 Kalachnicov Gold<\/strong> taucht erstmals in der Call of Duty-Saga auf. Die Spieler m\u00fcssen verschiedene Voraussetzungen und Ziele erf\u00fcllen, um die begehrte Goldtarnung freizuschalten.<\/p>\n<p>Von allen Schusswaffen, die es zum Zeitpunkt ihrer Entwicklung auf der Welt gab, ist die AK-47 eine der zuverl\u00e4ssigsten. Denn diese Waffe hat nur selten Ladehemmungen und h\u00e4lt allen Umgebungen stand: im Wasser, im Sand etc.<\/p>\n<p>Seine sehr geringen Kosten, seine Robustheit, Zuverl\u00e4ssigkeit und Wartungsfreundlichkeit machten ihn \u00e4u\u00dferst beliebt. Insbesondere bei Guerillak\u00e4mpfern und in L\u00e4ndern, die wenig Geld f\u00fcr die Ausr\u00fcstung ihrer Infanterie haben.<\/p>\n<p>Die Bezeichnung \"AK-47\" ist jedoch in den allgemeinen Sprachgebrauch \u00fcbergegangen, und zwar so sehr, dass nur noch wenige Menschen \"AK\" ohne die 47 sagen.<\/p>\n<h2>Ihre AK-47 Kalachnicov zum besten Preis.<\/h2>\n<p>Wir bieten Ihnen eine gro\u00dfe Auswahl an Reproduktionen historischer Waffen.<\/p>\n<p>Zun\u00e4chst einmal,<\/p>\n<ul>\n<li>Das Maschinengewehr <a href=\"https:\/\/repliquemangacine.fr\/de\/weltkrieg\/replika-maschinengewehr-mg34-mit-stativen-denix\/\">MG34<\/a> als die beste der damaligen Zeit angesehen.<\/li>\n<li>Sowie das Sturmgewehr <a href=\"https:\/\/repliquemangacine.fr\/de\/modernes-gewehr\/fusil-d-assaut-m16\/\">M16<\/a> die vorschriftsm\u00e4\u00dfige Waffe der Us-Armee in Vietnam.<\/li>\n<li>Und noch viel mehr gibt es in unserem Online-Shop zu entdecken!<\/li>\n<\/ul>\n<p>Deshalb ist dies eine gro\u00dfartige Geschenkidee f\u00fcr alle Liebhaber historischer Waffen.<\/p>\n<p>Zusammenfassend k\u00f6nnen Sie dieses Gewehr <strong>AK47 Kalachnicov Gold<\/strong> f\u00fcr Ihre historischen Nachstellungen. Vor allem aber ist diese Waffe ein Sammler- und Dekorationsst\u00fcck.<\/p>\n<p>R\u00e9plique Manga Cin\u00e9 ist ein franz\u00f6sisches Unternehmen und offizieller Vertriebspartner der Marke <a href=\"https:\/\/www.denix.fr\/fr\/catalogue\/armes-modernes-1945-1982\/mitraillettes-et-mitrailleuses\/1086-l\/\" target=\"_blank\" rel=\"noopener noreferrer\">Denix<\/a>.<\/p>\n<h2>Wie werden Denix-Waffenrepliken hergestellt?<\/h2>\n<p>Werden in historischen Rekonstruktionen, Filmen und Serien sowie von Sammlern verwendet. Denix-Waffenreproduktionen, die aus hochwertigen Materialien hergestellt werden. Sorgf\u00e4ltig bearbeitet und zusammengesetzt, um realistische Sammlerwaffen zu schaffen.<\/p>\n<ul>\n<li>Die Metalle sind in einer Metalllegierung, die als Zamac bekannt ist und deren Grundzusammensetzung Zink in 95% ist.<\/li>\n<li>Die Kunststoffteile der Repliken aus geformtem ABS, das eine hohe Widerstandsf\u00e4higkeit bietet.<\/li>\n<li>Holz, das aufgrund seiner Sch\u00f6nheit und Haltbarkeit ausgew\u00e4hlt wird, wie z. B. Mahagoni, Olivenholz oder Walnuss, verleiht Ihren Sch\u00e4ften und F\u00e4ssern ein elegantes und authentisches Aussehen.<\/li>\n<\/ul>\n<p>Es ist zu betonen, dass alle Reproduktionen von Denix-Waffen mit den Originalen identisch sind, wie Ihr <strong>AK47 Kalachnicov Gold<\/strong>.<\/p>","protected":false},"excerpt":{"rendered":"<p>Identisch mit dem Original, AK-47 Kalashnikov Gold Version.<\/p>\n<ul>\n<li>Massivholzschaft.<\/li>\n<li>Aus Zamak, mit gl\u00e4nzendem Messing \u00fcberzogen.<\/li>\n<li>Mechanismus zur Simulation von Belastung und Beschuss.<\/li>\n<li>Abnehmbares Ladeger\u00e4t.<\/li>\n<li>Ungeeignet zum Schie\u00dfen.<\/li>\n<li>Unterliegt keiner Genehmigungspflicht. Verkauf und Besitz frei.<\/li>\n<li>Ma\u00dfe: 87 cm - Gewicht: 4250 Gramm<\/li>\n<\/ul>","protected":false},"featured_media":28020,"template":"","meta":[],"product_brand":[896],"product_cat":[25,102,46,54,28],"product_tag":[],"class_list":{"0":"post-28019","1":"product","2":"type-product","3":"status-publish","4":"has-post-thumbnail","6":"product_brand-replique-manga-cine","7":"product_cat-armes-historiques","8":"product_cat-denix","9":"product_cat-fusil-d-assaut-fusil-moderne","10":"product_cat-armes-accessoires-guerre-mondiale","11":"product_cat-repliques-darmes","13":"first","14":"outofstock","15":"sale","16":"taxable","17":"shipping-taxable","18":"purchasable","19":"product-type-simple"},"yoast_head":"<!-- This site is optimized with the Yoast SEO plugin v27.5 - https:\/\/yoast.com\/product\/yoast-seo-wordpress\/ -->\n<title>AK47 Kalachnicov Gold - Denix - R\u00e9plique Manga Cin\u00e9<\/title>\n<meta name=\"description\" content=\"Offrez-vous, la AK47 Kalachnicov Gold au meilleur prix - En bois et zamac recouvert de laiton brillant - M\u00e9canisme fonctionnel - Inapte au tir - 87 cm\" \/>\n<meta name=\"robots\" content=\"index, follow, max-snippet:-1, max-image-preview:large, max-video-preview:-1\" \/>\n<link rel=\"canonical\" href=\"https:\/\/repliquemangacine.fr\/de\/denix\/replik-sturmgewehr-ak47-gold-denix\/\" \/>\n<meta property=\"og:locale\" content=\"de_DE\" \/>\n<meta property=\"og:type\" content=\"article\" \/>\n<meta property=\"og:title\" content=\"AK47 Kalachnicov Gold - Denix - R\u00e9plique Manga Cin\u00e9\" \/>\n<meta property=\"og:description\" content=\"Offrez-vous, la AK47 Kalachnicov Gold au meilleur prix - En bois et zamac recouvert de laiton brillant - M\u00e9canisme fonctionnel - Inapte au tir - 87 cm\" \/>\n<meta property=\"og:url\" content=\"https:\/\/repliquemangacine.fr\/de\/denix\/replik-sturmgewehr-ak47-gold-denix\/\" \/>\n<meta property=\"og:site_name\" content=\"R\u00e9plique Manga Cin\u00e9\" \/>\n<meta property=\"article:publisher\" content=\"https:\/\/www.facebook.com\/RepliqueMangaCine\" \/>\n<meta property=\"article:modified_time\" content=\"2026-02-14T17:52:04+00:00\" \/>\n<meta property=\"og:image\" content=\"https:\/\/repliquemangacine.fr\/wp-content\/uploads\/2023\/10\/1086L.jpg\" \/>\n\t<meta property=\"og:image:width\" content=\"800\" \/>\n\t<meta property=\"og:image:height\" content=\"800\" \/>\n\t<meta property=\"og:image:type\" content=\"image\/jpeg\" \/>\n<meta name=\"twitter:card\" content=\"summary_large_image\" \/>\n<meta name=\"twitter:label1\" content=\"Gesch\u00e4tzte Lesezeit\" \/>\n\t<meta name=\"twitter:data1\" content=\"2\u00a0Minuten\" \/>\n<script type=\"application\/ld+json\" class=\"yoast-schema-graph\">{\"@context\":\"https:\\\/\\\/schema.org\",\"@graph\":[{\"@type\":\"WebPage\",\"@id\":\"https:\\\/\\\/repliquemangacine.fr\\\/denix\\\/replique-fusil-d-assaut-ak47-gold-denix\\\/\",\"url\":\"https:\\\/\\\/repliquemangacine.fr\\\/denix\\\/replique-fusil-d-assaut-ak47-gold-denix\\\/\",\"name\":\"AK47 Kalachnicov Gold - Denix - R\u00e9plique Manga Cin\u00e9\",\"isPartOf\":{\"@id\":\"https:\\\/\\\/repliquemangacine.fr\\\/#website\"},\"primaryImageOfPage\":{\"@id\":\"https:\\\/\\\/repliquemangacine.fr\\\/denix\\\/replique-fusil-d-assaut-ak47-gold-denix\\\/#primaryimage\"},\"image\":{\"@id\":\"https:\\\/\\\/repliquemangacine.fr\\\/denix\\\/replique-fusil-d-assaut-ak47-gold-denix\\\/#primaryimage\"},\"thumbnailUrl\":\"https:\\\/\\\/repliquemangacine.fr\\\/wp-content\\\/uploads\\\/2023\\\/10\\\/1086L.jpg\",\"datePublished\":\"2019-02-13T19:59:42+00:00\",\"dateModified\":\"2026-02-14T17:52:04+00:00\",\"description\":\"Offrez-vous, la AK47 Kalachnicov Gold au meilleur prix - En bois et zamac recouvert de laiton brillant - M\u00e9canisme fonctionnel - Inapte au tir - 87 cm\",\"breadcrumb\":{\"@id\":\"https:\\\/\\\/repliquemangacine.fr\\\/denix\\\/replique-fusil-d-assaut-ak47-gold-denix\\\/#breadcrumb\"},\"inLanguage\":\"de\",\"potentialAction\":[{\"@type\":\"ReadAction\",\"target\":[\"https:\\\/\\\/repliquemangacine.fr\\\/denix\\\/replique-fusil-d-assaut-ak47-gold-denix\\\/\"]}]},{\"@type\":\"ImageObject\",\"inLanguage\":\"de\",\"@id\":\"https:\\\/\\\/repliquemangacine.fr\\\/denix\\\/replique-fusil-d-assaut-ak47-gold-denix\\\/#primaryimage\",\"url\":\"https:\\\/\\\/repliquemangacine.fr\\\/wp-content\\\/uploads\\\/2023\\\/10\\\/1086L.jpg\",\"contentUrl\":\"https:\\\/\\\/repliquemangacine.fr\\\/wp-content\\\/uploads\\\/2023\\\/10\\\/1086L.jpg\",\"width\":800,\"height\":800,\"caption\":\"AK-47 Kalachnicov Gold\"},{\"@type\":\"BreadcrumbList\",\"@id\":\"https:\\\/\\\/repliquemangacine.fr\\\/denix\\\/replique-fusil-d-assaut-ak47-gold-denix\\\/#breadcrumb\",\"itemListElement\":[{\"@type\":\"ListItem\",\"position\":1,\"name\":\"Accueil\",\"item\":\"https:\\\/\\\/repliquemangacine.fr\\\/\"},{\"@type\":\"ListItem\",\"position\":2,\"name\":\"Produits\",\"item\":\"https:\\\/\\\/repliquemangacine.fr\\\/boutique\\\/\"},{\"@type\":\"ListItem\",\"position\":3,\"name\":\"AK 47 Gold Fusil d&#8217;assaut\"}]},{\"@type\":\"WebSite\",\"@id\":\"https:\\\/\\\/repliquemangacine.fr\\\/#website\",\"url\":\"https:\\\/\\\/repliquemangacine.fr\\\/\",\"name\":\"R\u00e9plique Manga Cin\u00e9\",\"description\":\"\",\"publisher\":{\"@id\":\"https:\\\/\\\/repliquemangacine.fr\\\/#organization\"},\"potentialAction\":[{\"@type\":\"SearchAction\",\"target\":{\"@type\":\"EntryPoint\",\"urlTemplate\":\"https:\\\/\\\/repliquemangacine.fr\\\/?s={search_term_string}\"},\"query-input\":{\"@type\":\"PropertyValueSpecification\",\"valueRequired\":true,\"valueName\":\"search_term_string\"}}],\"inLanguage\":\"de\"},{\"@type\":\"Organization\",\"@id\":\"https:\\\/\\\/repliquemangacine.fr\\\/#organization\",\"name\":\"R\u00e9plique Manga Cin\u00e9\",\"url\":\"https:\\\/\\\/repliquemangacine.fr\\\/\",\"logo\":{\"@type\":\"ImageObject\",\"inLanguage\":\"de\",\"@id\":\"https:\\\/\\\/repliquemangacine.fr\\\/#\\\/schema\\\/logo\\\/image\\\/\",\"url\":\"https:\\\/\\\/repliquemangacine.fr\\\/wp-content\\\/uploads\\\/2023\\\/10\\\/RMC-500250.png\",\"contentUrl\":\"https:\\\/\\\/repliquemangacine.fr\\\/wp-content\\\/uploads\\\/2023\\\/10\\\/RMC-500250.png\",\"width\":500,\"height\":250,\"caption\":\"R\u00e9plique Manga Cin\u00e9\"},\"image\":{\"@id\":\"https:\\\/\\\/repliquemangacine.fr\\\/#\\\/schema\\\/logo\\\/image\\\/\"},\"sameAs\":[\"https:\\\/\\\/www.facebook.com\\\/RepliqueMangaCine\",\"https:\\\/\\\/www.instagram.com\\\/repliquemangacine.fr\\\/\"]}]}<\/script>\n<!-- \/ Yoast SEO plugin. -->","yoast_head_json":{"title":"AK47 Kalachnicov Gold - Denix - R\u00e9plique Manga Cin\u00e9","description":"Bieten Sie, die AK47 Kalachnicov Gold zum besten Preis - Aus Holz und Zamak mit gl\u00e4nzendem Messing \u00fcberzogen - Funktionaler Mechanismus - Nicht schussf\u00e4hig - 87 cm","robots":{"index":"index","follow":"follow","max-snippet":"max-snippet:-1","max-image-preview":"max-image-preview:large","max-video-preview":"max-video-preview:-1"},"canonical":"https:\/\/repliquemangacine.fr\/de\/denix\/replik-sturmgewehr-ak47-gold-denix\/","og_locale":"de_DE","og_type":"article","og_title":"AK47 Kalachnicov Gold - Denix - R\u00e9plique Manga Cin\u00e9","og_description":"Offrez-vous, la AK47 Kalachnicov Gold au meilleur prix - En bois et zamac recouvert de laiton brillant - M\u00e9canisme fonctionnel - Inapte au tir - 87 cm","og_url":"https:\/\/repliquemangacine.fr\/de\/denix\/replik-sturmgewehr-ak47-gold-denix\/","og_site_name":"R\u00e9plique Manga Cin\u00e9","article_publisher":"https:\/\/www.facebook.com\/RepliqueMangaCine","article_modified_time":"2026-02-14T17:52:04+00:00","og_image":[{"width":800,"height":800,"url":"https:\/\/repliquemangacine.fr\/wp-content\/uploads\/2023\/10\/1086L.jpg","type":"image\/jpeg"}],"twitter_card":"summary_large_image","twitter_misc":{"Gesch\u00e4tzte Lesezeit":"2\u00a0Minuten"},"schema":{"@context":"https:\/\/schema.org","@graph":[{"@type":"WebPage","@id":"https:\/\/repliquemangacine.fr\/denix\/replique-fusil-d-assaut-ak47-gold-denix\/","url":"https:\/\/repliquemangacine.fr\/denix\/replique-fusil-d-assaut-ak47-gold-denix\/","name":"AK47 Kalachnicov Gold - Denix - R\u00e9plique Manga Cin\u00e9","isPartOf":{"@id":"https:\/\/repliquemangacine.fr\/#website"},"primaryImageOfPage":{"@id":"https:\/\/repliquemangacine.fr\/denix\/replique-fusil-d-assaut-ak47-gold-denix\/#primaryimage"},"image":{"@id":"https:\/\/repliquemangacine.fr\/denix\/replique-fusil-d-assaut-ak47-gold-denix\/#primaryimage"},"thumbnailUrl":"https:\/\/repliquemangacine.fr\/wp-content\/uploads\/2023\/10\/1086L.jpg","datePublished":"2019-02-13T19:59:42+00:00","dateModified":"2026-02-14T17:52:04+00:00","description":"Bieten Sie, die AK47 Kalachnicov Gold zum besten Preis - Aus Holz und Zamak mit gl\u00e4nzendem Messing \u00fcberzogen - Funktionaler Mechanismus - Nicht schussf\u00e4hig - 87 cm","breadcrumb":{"@id":"https:\/\/repliquemangacine.fr\/denix\/replique-fusil-d-assaut-ak47-gold-denix\/#breadcrumb"},"inLanguage":"de","potentialAction":[{"@type":"ReadAction","target":["https:\/\/repliquemangacine.fr\/denix\/replique-fusil-d-assaut-ak47-gold-denix\/"]}]},{"@type":"ImageObject","inLanguage":"de","@id":"https:\/\/repliquemangacine.fr\/denix\/replique-fusil-d-assaut-ak47-gold-denix\/#primaryimage","url":"https:\/\/repliquemangacine.fr\/wp-content\/uploads\/2023\/10\/1086L.jpg","contentUrl":"https:\/\/repliquemangacine.fr\/wp-content\/uploads\/2023\/10\/1086L.jpg","width":800,"height":800,"caption":"AK-47 Kalachnicov Gold"},{"@type":"BreadcrumbList","@id":"https:\/\/repliquemangacine.fr\/denix\/replique-fusil-d-assaut-ak47-gold-denix\/#breadcrumb","itemListElement":[{"@type":"ListItem","position":1,"name":"Accueil","item":"https:\/\/repliquemangacine.fr\/"},{"@type":"ListItem","position":2,"name":"Produits","item":"https:\/\/repliquemangacine.fr\/boutique\/"},{"@type":"ListItem","position":3,"name":"AK 47 Gold Fusil d&#8217;assaut"}]},{"@type":"WebSite","@id":"https:\/\/repliquemangacine.fr\/#website","url":"https:\/\/repliquemangacine.fr\/","name":"R\u00e9plique Manga Cin\u00e9","description":"","publisher":{"@id":"https:\/\/repliquemangacine.fr\/#organization"},"potentialAction":[{"@type":"SearchAction","target":{"@type":"EntryPoint","urlTemplate":"https:\/\/repliquemangacine.fr\/?s={search_term_string}"},"query-input":{"@type":"PropertyValueSpecification","valueRequired":true,"valueName":"search_term_string"}}],"inLanguage":"de"},{"@type":"Organization","@id":"https:\/\/repliquemangacine.fr\/#organization","name":"R\u00e9plique Manga Cin\u00e9","url":"https:\/\/repliquemangacine.fr\/","logo":{"@type":"ImageObject","inLanguage":"de","@id":"https:\/\/repliquemangacine.fr\/#\/schema\/logo\/image\/","url":"https:\/\/repliquemangacine.fr\/wp-content\/uploads\/2023\/10\/RMC-500250.png","contentUrl":"https:\/\/repliquemangacine.fr\/wp-content\/uploads\/2023\/10\/RMC-500250.png","width":500,"height":250,"caption":"R\u00e9plique Manga Cin\u00e9"},"image":{"@id":"https:\/\/repliquemangacine.fr\/#\/schema\/logo\/image\/"},"sameAs":["https:\/\/www.facebook.com\/RepliqueMangaCine","https:\/\/www.instagram.com\/repliquemangacine.fr\/"]}]}},"_links":{"self":[{"href":"https:\/\/repliquemangacine.fr\/de\/wp-json\/wp\/v2\/product\/28019","targetHints":{"allow":["GET"]}}],"collection":[{"href":"https:\/\/repliquemangacine.fr\/de\/wp-json\/wp\/v2\/product"}],"about":[{"href":"https:\/\/repliquemangacine.fr\/de\/wp-json\/wp\/v2\/types\/product"}],"wp:featuredmedia":[{"embeddable":true,"href":"https:\/\/repliquemangacine.fr\/de\/wp-json\/wp\/v2\/media\/28020"}],"wp:attachment":[{"href":"https:\/\/repliquemangacine.fr\/de\/wp-json\/wp\/v2\/media?parent=28019"}],"wp:term":[{"taxonomy":"product_brand","embeddable":true,"href":"https:\/\/repliquemangacine.fr\/de\/wp-json\/wp\/v2\/product_brand?post=28019"},{"taxonomy":"product_cat","embeddable":true,"href":"https:\/\/repliquemangacine.fr\/de\/wp-json\/wp\/v2\/product_cat?post=28019"},{"taxonomy":"product_tag","embeddable":true,"href":"https:\/\/repliquemangacine.fr\/de\/wp-json\/wp\/v2\/product_tag?post=28019"}],"curies":[{"name":"wp","href":"https:\/\/api.w.org\/{rel}","templated":true}]}}