





{"id":28013,"date":"2019-01-29T11:00:38","date_gmt":"2019-01-29T10:00:38","guid":{"rendered":"https:\/\/repliquemangacine.fr\/?post_type=product&#038;p=28013"},"modified":"2025-09-23T18:02:02","modified_gmt":"2025-09-23T16:02:02","slug":"hammeraxt-stormbreaker-pm","status":"publish","type":"product","link":"https:\/\/repliquemangacine.fr\/de\/super-heros-marvel\/hache-marteau-stormbreaker-pm\/","title":{"rendered":"Stormbreaker PM"},"content":{"rendered":"<h2>Thors Hammeraxt Stormbreaker PM.<\/h2>\n<p>Zun\u00e4chst einmal die Stormbreaker PM Hammer Axt von Thor, dieser Axt Hammer ist komplett aus Harz, der Griff ist eine Nachahmung der Spitze von <a href=\"https:\/\/universcinematographiquemarvel.fandom.com\/fr\/wiki\/Groot?so=search\" target=\"_blank\" rel=\"noopener noreferrer\">Groot<\/a> !<\/p>\n<p>Stormbreaker ist eine verzauberte Axt aus zwergischer Herstellung, die aus Uru auf Nidavellir geschmiedet wurde und die F\u00e4higkeit besitzt, den Bifr\u00f6st zu beschw\u00f6ren. Nach der Zerst\u00f6rung von Mj\u00f8lnir wird die Waffe von Thor benutzt.<\/p>\n<p>Stormbreaker ist in der Lage, Thors Kr\u00e4fte zu b\u00fcndeln und zu verst\u00e4rken. Aufgrund seiner Zusammensetzung aus Uru ist die Waffe nahezu unzerst\u00f6rbar und in der Lage, den von den Infinity-Steinen erzeugten Energieexplosionen zu widerstehen. Sie ist au\u00dferdem in der Lage, Dimensionsenergie zu kanalisieren und den Bifr\u00f6st zu beschw\u00f6ren, wodurch sich Thor, Rocket Raccoon und Groot nach Wakanda teleportieren konnten.<\/p>\n<h2>Ihr Stormbreaker PM zum besten Preis.<\/h2>\n<p>Wir bieten Ihnen eine gro\u00dfe Auswahl an Repliken Ihrer Superhelden aus dem Marvel-Universum.<\/p>\n<p>Zun\u00e4chst einmal,<\/p>\n<ul>\n<li>Die <a href=\"https:\/\/repliquemangacine.fr\/de\/superheld\/schlusselanhanger-schild-captain-america\/\">Schl\u00fcsselanh\u00e4nger mit dem Schild von Captain America<\/a> ganz aus Metall.<\/li>\n<li>Es gibt auch den <a href=\"https:\/\/repliquemangacine.fr\/de\/superheld\/schlusselanhanger-schild-captain-america\/\">Marvel Collector's Box<\/a> von 11 St\u00fcck als Schl\u00fcsselanh\u00e4nger oder Halskette.<\/li>\n<li>Sowie die riesige <a href=\"https:\/\/repliquemangacine.fr\/de\/superheld\/double-epee-de-thanos-avengers-endgame\/\">Doppelschwert von Thanos<\/a> in Avengers Endgame.<\/li>\n<li>Und noch viel mehr gibt es in unserem Online-Shop zu entdecken!<\/li>\n<\/ul>\n<p>Deshalb ist dies eine tolle Geschenkidee f\u00fcr alle Marvel-Fans.<\/p>\n<p>Abschlie\u00dfend l\u00e4sst sich sagen, dass Sie diese Stormbreaker PM von Thor auch f\u00fcr Ihre Cosplay-Paraden verwenden k\u00f6nnen. Vor allem aber ist die Hammeraxt, auch ein Sammler- und Dekorationsst\u00fcck.<\/p>\n<h2>Wie werden unsere Marvel-Merchandise-Artikel hergestellt?<\/h2>\n<p>Zun\u00e4chst einmal sind alle unsere Produkte von hoher Qualit\u00e4t und werden mit besonderer Sorgfalt hergestellt. Die Herstellung erfolgt zum Teil von Hand, um jedes noch so kleine Detail zu reproduzieren. Gr\u00f6\u00dfere Teile werden von pr\u00e4zisen Maschinen bearbeitet. Die Gravuren werden in der Regel mit einer Diamantspitze oder einem Laser ausgef\u00fchrt.<\/p>\n<p>Ihre <strong>Stormbreaker PM,<\/strong> hergestellt, um jedes Detail genau zu reproduzieren. Vollst\u00e4ndig aus gegossenem Harz hergestellt. Die Hammeraxt, hergestellt nach Eitri, dem letzten Zwergenschmied des Sterns.<\/p>\n<p>Abschlie\u00dfend sei gesagt, dass unsere Repliken, die aus China oder Spanien importiert wurden, Sie in Erstaunen versetzen werden!<\/p>\n<p>R\u00e9plique Manga Cin\u00e9 ist ein franz\u00f6sisches Familienunternehmen.<\/p>","protected":false},"excerpt":{"rendered":"<p>Wundersch\u00f6ne Nachbildung des Stormbreakers, den Thor im Film Avengers, Infinity War benutzt.<\/p>\n<ul>\n<li>Vollst\u00e4ndig aus geformtem Harz hergestellt.<\/li>\n<li>Sammlerst\u00fcck kleines Modell<\/li>\n<li>Griff Imitation der Grootschen Spitze.<\/li>\n<li>L\u00e4nge des Griffs: 57 cm - Gesamtl\u00e4nge: 67 cm<\/li>\n<\/ul>","protected":false},"featured_media":28014,"template":"","meta":[],"product_brand":[896],"product_cat":[24,59],"product_tag":[533,538,507],"class_list":{"0":"post-28013","1":"product","2":"type-product","3":"status-publish","4":"has-post-thumbnail","6":"product_brand-replique-manga-cine","7":"product_cat-films-series-tv-vente-de-katana-epee-et-produits-derives","8":"product_cat-super-heros-marvel","9":"product_tag-avengers-infinity","10":"product_tag-hache-marteau-thor","11":"product_tag-replique-stormbreaker","13":"first","14":"instock","15":"taxable","16":"shipping-taxable","17":"purchasable","18":"product-type-simple"},"yoast_head":"<!-- This site is optimized with the Yoast SEO plugin v27.5 - https:\/\/yoast.com\/product\/yoast-seo-wordpress\/ -->\n<title>Stormbreaker PM r\u00e9sine - Hache Marteau | R\u00e9plique Manga Cin\u00e9<\/title>\n<meta name=\"description\" content=\"Commandez vite\u202f! La Hache Marteau Stormbreaker PM au meilleur prix - Tout en r\u00e9sine moul\u00e9 - Longueur totale : 67 cm - Poids : 955g - Envoi 24\/48h\" \/>\n<meta name=\"robots\" content=\"index, follow, max-snippet:-1, max-image-preview:large, max-video-preview:-1\" \/>\n<link rel=\"canonical\" href=\"https:\/\/repliquemangacine.fr\/de\/marvel-super-heros\/hammeraxt-stormbreaker-pm\/\" \/>\n<meta property=\"og:locale\" content=\"de_DE\" \/>\n<meta property=\"og:type\" content=\"article\" \/>\n<meta property=\"og:title\" content=\"Stormbreaker PM r\u00e9sine - Hache Marteau | R\u00e9plique Manga Cin\u00e9\" \/>\n<meta property=\"og:description\" content=\"Commandez vite\u202f! La Hache Marteau Stormbreaker PM au meilleur prix - Tout en r\u00e9sine moul\u00e9 - Longueur totale : 67 cm - Poids : 955g - Envoi 24\/48h\" \/>\n<meta property=\"og:url\" content=\"https:\/\/repliquemangacine.fr\/de\/marvel-super-heros\/hammeraxt-stormbreaker-pm\/\" \/>\n<meta property=\"og:site_name\" content=\"R\u00e9plique Manga Cin\u00e9\" \/>\n<meta property=\"article:publisher\" content=\"https:\/\/www.facebook.com\/RepliqueMangaCine\" \/>\n<meta property=\"article:modified_time\" content=\"2025-09-23T16:02:02+00:00\" \/>\n<meta property=\"og:image\" content=\"https:\/\/repliquemangacine.fr\/wp-content\/uploads\/2023\/10\/stormbreaker-pm.jpg\" \/>\n\t<meta property=\"og:image:width\" content=\"500\" \/>\n\t<meta property=\"og:image:height\" content=\"500\" \/>\n\t<meta property=\"og:image:type\" content=\"image\/jpeg\" \/>\n<meta name=\"twitter:card\" content=\"summary_large_image\" \/>\n<meta name=\"twitter:label1\" content=\"Gesch\u00e4tzte Lesezeit\" \/>\n\t<meta name=\"twitter:data1\" content=\"1\u00a0Minute\" \/>\n<script type=\"application\/ld+json\" class=\"yoast-schema-graph\">{\"@context\":\"https:\\\/\\\/schema.org\",\"@graph\":[{\"@type\":\"WebPage\",\"@id\":\"https:\\\/\\\/repliquemangacine.fr\\\/super-heros-marvel\\\/hache-marteau-stormbreaker-pm\\\/\",\"url\":\"https:\\\/\\\/repliquemangacine.fr\\\/super-heros-marvel\\\/hache-marteau-stormbreaker-pm\\\/\",\"name\":\"Stormbreaker PM r\u00e9sine - Hache Marteau | R\u00e9plique Manga Cin\u00e9\",\"isPartOf\":{\"@id\":\"https:\\\/\\\/repliquemangacine.fr\\\/#website\"},\"primaryImageOfPage\":{\"@id\":\"https:\\\/\\\/repliquemangacine.fr\\\/super-heros-marvel\\\/hache-marteau-stormbreaker-pm\\\/#primaryimage\"},\"image\":{\"@id\":\"https:\\\/\\\/repliquemangacine.fr\\\/super-heros-marvel\\\/hache-marteau-stormbreaker-pm\\\/#primaryimage\"},\"thumbnailUrl\":\"https:\\\/\\\/repliquemangacine.fr\\\/wp-content\\\/uploads\\\/2023\\\/10\\\/stormbreaker-pm.jpg\",\"datePublished\":\"2019-01-29T10:00:38+00:00\",\"dateModified\":\"2025-09-23T16:02:02+00:00\",\"description\":\"Commandez vite\u202f! La Hache Marteau Stormbreaker PM au meilleur prix - Tout en r\u00e9sine moul\u00e9 - Longueur totale : 67 cm - Poids : 955g - Envoi 24\\\/48h\",\"breadcrumb\":{\"@id\":\"https:\\\/\\\/repliquemangacine.fr\\\/super-heros-marvel\\\/hache-marteau-stormbreaker-pm\\\/#breadcrumb\"},\"inLanguage\":\"de\",\"potentialAction\":[{\"@type\":\"ReadAction\",\"target\":[\"https:\\\/\\\/repliquemangacine.fr\\\/super-heros-marvel\\\/hache-marteau-stormbreaker-pm\\\/\"]}]},{\"@type\":\"ImageObject\",\"inLanguage\":\"de\",\"@id\":\"https:\\\/\\\/repliquemangacine.fr\\\/super-heros-marvel\\\/hache-marteau-stormbreaker-pm\\\/#primaryimage\",\"url\":\"https:\\\/\\\/repliquemangacine.fr\\\/wp-content\\\/uploads\\\/2023\\\/10\\\/stormbreaker-pm.jpg\",\"contentUrl\":\"https:\\\/\\\/repliquemangacine.fr\\\/wp-content\\\/uploads\\\/2023\\\/10\\\/stormbreaker-pm.jpg\",\"width\":500,\"height\":500,\"caption\":\"Hache Marteau Stormbreaker PM\"},{\"@type\":\"BreadcrumbList\",\"@id\":\"https:\\\/\\\/repliquemangacine.fr\\\/super-heros-marvel\\\/hache-marteau-stormbreaker-pm\\\/#breadcrumb\",\"itemListElement\":[{\"@type\":\"ListItem\",\"position\":1,\"name\":\"Accueil\",\"item\":\"https:\\\/\\\/repliquemangacine.fr\\\/\"},{\"@type\":\"ListItem\",\"position\":2,\"name\":\"Produits\",\"item\":\"https:\\\/\\\/repliquemangacine.fr\\\/boutique\\\/\"},{\"@type\":\"ListItem\",\"position\":3,\"name\":\"Stormbreaker PM\"}]},{\"@type\":\"WebSite\",\"@id\":\"https:\\\/\\\/repliquemangacine.fr\\\/#website\",\"url\":\"https:\\\/\\\/repliquemangacine.fr\\\/\",\"name\":\"R\u00e9plique Manga Cin\u00e9\",\"description\":\"\",\"publisher\":{\"@id\":\"https:\\\/\\\/repliquemangacine.fr\\\/#organization\"},\"potentialAction\":[{\"@type\":\"SearchAction\",\"target\":{\"@type\":\"EntryPoint\",\"urlTemplate\":\"https:\\\/\\\/repliquemangacine.fr\\\/?s={search_term_string}\"},\"query-input\":{\"@type\":\"PropertyValueSpecification\",\"valueRequired\":true,\"valueName\":\"search_term_string\"}}],\"inLanguage\":\"de\"},{\"@type\":\"Organization\",\"@id\":\"https:\\\/\\\/repliquemangacine.fr\\\/#organization\",\"name\":\"R\u00e9plique Manga Cin\u00e9\",\"url\":\"https:\\\/\\\/repliquemangacine.fr\\\/\",\"logo\":{\"@type\":\"ImageObject\",\"inLanguage\":\"de\",\"@id\":\"https:\\\/\\\/repliquemangacine.fr\\\/#\\\/schema\\\/logo\\\/image\\\/\",\"url\":\"https:\\\/\\\/repliquemangacine.fr\\\/wp-content\\\/uploads\\\/2023\\\/10\\\/RMC-500250.png\",\"contentUrl\":\"https:\\\/\\\/repliquemangacine.fr\\\/wp-content\\\/uploads\\\/2023\\\/10\\\/RMC-500250.png\",\"width\":500,\"height\":250,\"caption\":\"R\u00e9plique Manga Cin\u00e9\"},\"image\":{\"@id\":\"https:\\\/\\\/repliquemangacine.fr\\\/#\\\/schema\\\/logo\\\/image\\\/\"},\"sameAs\":[\"https:\\\/\\\/www.facebook.com\\\/RepliqueMangaCine\",\"https:\\\/\\\/www.instagram.com\\\/repliquemangacine.fr\\\/\"]}]}<\/script>\n<!-- \/ Yoast SEO plugin. -->","yoast_head_json":{"title":"Stormbreaker PM Harz - Hammer Axt | R\u00e9plique Manga Cin\u00e9","description":"Bestellen Sie schnell! Die Hammeraxt Stormbreaker PM zum besten Preis - Alles aus gegossenem Harz - Gesamtl\u00e4nge: 67 cm - Gewicht: 955g - Versand 24\/48h","robots":{"index":"index","follow":"follow","max-snippet":"max-snippet:-1","max-image-preview":"max-image-preview:large","max-video-preview":"max-video-preview:-1"},"canonical":"https:\/\/repliquemangacine.fr\/de\/marvel-super-heros\/hammeraxt-stormbreaker-pm\/","og_locale":"de_DE","og_type":"article","og_title":"Stormbreaker PM r\u00e9sine - Hache Marteau | R\u00e9plique Manga Cin\u00e9","og_description":"Commandez vite\u202f! La Hache Marteau Stormbreaker PM au meilleur prix - Tout en r\u00e9sine moul\u00e9 - Longueur totale : 67 cm - Poids : 955g - Envoi 24\/48h","og_url":"https:\/\/repliquemangacine.fr\/de\/marvel-super-heros\/hammeraxt-stormbreaker-pm\/","og_site_name":"R\u00e9plique Manga Cin\u00e9","article_publisher":"https:\/\/www.facebook.com\/RepliqueMangaCine","article_modified_time":"2025-09-23T16:02:02+00:00","og_image":[{"width":500,"height":500,"url":"https:\/\/repliquemangacine.fr\/wp-content\/uploads\/2023\/10\/stormbreaker-pm.jpg","type":"image\/jpeg"}],"twitter_card":"summary_large_image","twitter_misc":{"Gesch\u00e4tzte Lesezeit":"1\u00a0Minute"},"schema":{"@context":"https:\/\/schema.org","@graph":[{"@type":"WebPage","@id":"https:\/\/repliquemangacine.fr\/super-heros-marvel\/hache-marteau-stormbreaker-pm\/","url":"https:\/\/repliquemangacine.fr\/super-heros-marvel\/hache-marteau-stormbreaker-pm\/","name":"Stormbreaker PM Harz - Hammer Axt | R\u00e9plique Manga Cin\u00e9","isPartOf":{"@id":"https:\/\/repliquemangacine.fr\/#website"},"primaryImageOfPage":{"@id":"https:\/\/repliquemangacine.fr\/super-heros-marvel\/hache-marteau-stormbreaker-pm\/#primaryimage"},"image":{"@id":"https:\/\/repliquemangacine.fr\/super-heros-marvel\/hache-marteau-stormbreaker-pm\/#primaryimage"},"thumbnailUrl":"https:\/\/repliquemangacine.fr\/wp-content\/uploads\/2023\/10\/stormbreaker-pm.jpg","datePublished":"2019-01-29T10:00:38+00:00","dateModified":"2025-09-23T16:02:02+00:00","description":"Bestellen Sie schnell! Die Hammeraxt Stormbreaker PM zum besten Preis - Alles aus gegossenem Harz - Gesamtl\u00e4nge: 67 cm - Gewicht: 955g - Versand 24\/48h","breadcrumb":{"@id":"https:\/\/repliquemangacine.fr\/super-heros-marvel\/hache-marteau-stormbreaker-pm\/#breadcrumb"},"inLanguage":"de","potentialAction":[{"@type":"ReadAction","target":["https:\/\/repliquemangacine.fr\/super-heros-marvel\/hache-marteau-stormbreaker-pm\/"]}]},{"@type":"ImageObject","inLanguage":"de","@id":"https:\/\/repliquemangacine.fr\/super-heros-marvel\/hache-marteau-stormbreaker-pm\/#primaryimage","url":"https:\/\/repliquemangacine.fr\/wp-content\/uploads\/2023\/10\/stormbreaker-pm.jpg","contentUrl":"https:\/\/repliquemangacine.fr\/wp-content\/uploads\/2023\/10\/stormbreaker-pm.jpg","width":500,"height":500,"caption":"Hache Marteau Stormbreaker PM"},{"@type":"BreadcrumbList","@id":"https:\/\/repliquemangacine.fr\/super-heros-marvel\/hache-marteau-stormbreaker-pm\/#breadcrumb","itemListElement":[{"@type":"ListItem","position":1,"name":"Accueil","item":"https:\/\/repliquemangacine.fr\/"},{"@type":"ListItem","position":2,"name":"Produits","item":"https:\/\/repliquemangacine.fr\/boutique\/"},{"@type":"ListItem","position":3,"name":"Stormbreaker PM"}]},{"@type":"WebSite","@id":"https:\/\/repliquemangacine.fr\/#website","url":"https:\/\/repliquemangacine.fr\/","name":"R\u00e9plique Manga Cin\u00e9","description":"","publisher":{"@id":"https:\/\/repliquemangacine.fr\/#organization"},"potentialAction":[{"@type":"SearchAction","target":{"@type":"EntryPoint","urlTemplate":"https:\/\/repliquemangacine.fr\/?s={search_term_string}"},"query-input":{"@type":"PropertyValueSpecification","valueRequired":true,"valueName":"search_term_string"}}],"inLanguage":"de"},{"@type":"Organization","@id":"https:\/\/repliquemangacine.fr\/#organization","name":"R\u00e9plique Manga Cin\u00e9","url":"https:\/\/repliquemangacine.fr\/","logo":{"@type":"ImageObject","inLanguage":"de","@id":"https:\/\/repliquemangacine.fr\/#\/schema\/logo\/image\/","url":"https:\/\/repliquemangacine.fr\/wp-content\/uploads\/2023\/10\/RMC-500250.png","contentUrl":"https:\/\/repliquemangacine.fr\/wp-content\/uploads\/2023\/10\/RMC-500250.png","width":500,"height":250,"caption":"R\u00e9plique Manga Cin\u00e9"},"image":{"@id":"https:\/\/repliquemangacine.fr\/#\/schema\/logo\/image\/"},"sameAs":["https:\/\/www.facebook.com\/RepliqueMangaCine","https:\/\/www.instagram.com\/repliquemangacine.fr\/"]}]}},"_links":{"self":[{"href":"https:\/\/repliquemangacine.fr\/de\/wp-json\/wp\/v2\/product\/28013","targetHints":{"allow":["GET"]}}],"collection":[{"href":"https:\/\/repliquemangacine.fr\/de\/wp-json\/wp\/v2\/product"}],"about":[{"href":"https:\/\/repliquemangacine.fr\/de\/wp-json\/wp\/v2\/types\/product"}],"wp:featuredmedia":[{"embeddable":true,"href":"https:\/\/repliquemangacine.fr\/de\/wp-json\/wp\/v2\/media\/28014"}],"wp:attachment":[{"href":"https:\/\/repliquemangacine.fr\/de\/wp-json\/wp\/v2\/media?parent=28013"}],"wp:term":[{"taxonomy":"product_brand","embeddable":true,"href":"https:\/\/repliquemangacine.fr\/de\/wp-json\/wp\/v2\/product_brand?post=28013"},{"taxonomy":"product_cat","embeddable":true,"href":"https:\/\/repliquemangacine.fr\/de\/wp-json\/wp\/v2\/product_cat?post=28013"},{"taxonomy":"product_tag","embeddable":true,"href":"https:\/\/repliquemangacine.fr\/de\/wp-json\/wp\/v2\/product_tag?post=28013"}],"curies":[{"name":"wp","href":"https:\/\/api.w.org\/{rel}","templated":true}]}}