





{"id":27989,"date":"2019-01-26T14:54:59","date_gmt":"2019-01-26T13:54:59","guid":{"rendered":"https:\/\/repliquemangacine.fr\/?post_type=product&#038;p=27989"},"modified":"2025-11-19T11:26:52","modified_gmt":"2025-11-19T10:26:52","slug":"schaumstoffreplik-des-thrallhammers-doomhammer-world-of-warcraft","status":"publish","type":"product","link":"https:\/\/repliquemangacine.fr\/de\/epees-world-of-warcraft\/replique-en-mousse-du-marteau-de-thrall-doomhammer-world-of-warcraft\/","title":{"rendered":"Doomhammer Moos World of Warcraft"},"content":{"rendered":"<h2>Thrall Moos Hammer in World of Warcraft<\/h2>\n<p>Zu Beginn wird der <strong>Thralls Hammer Moos<\/strong>, der Doomhammer oder Hammer des Schicksals, geschmiedet in der elementaren Lava auf Draenor. Wenn sein Tr\u00e4ger ihn im Kampf schwingt, besiegelt er das Schicksal seiner Feinde, Orgrim Hammer des Schicksals.<\/p>\n<p>Thrall ist eine emblematische Figur aus dem Spiel Warcraft der Blizzard Studios. Er ist der Kriegsherr, der die neue Horde w\u00e4hrend des Dritten Krieges anf\u00fchrt. Unter den Spielern von World of Warcraft ist Thralls Hammer in der Hauptstadt der Horde zu sehen. <a href=\"https:\/\/wow.fandom.com\/fr\/wiki\/Orgrimmar\" target=\"_blank\" rel=\"noopener noreferrer\">Orgrimmar<\/a>.<\/p>\n<p>Er war der erste Orc seit Jahren, dem es gelang, die Elemente zu beherrschen. So wurde er zum Kriegsherrn, der die neue Horde im Dritten Krieg anf\u00fchrte. F\u00fcr Spieler von World of Warcraft ist Thralls Hammer in der Hauptstadt der Horde, Orgrimmar, zu sehen.<\/p>\n<h2>Ihr Thrall-Schaumstoffhammer zum besten Preis<\/h2>\n<p>Wir bieten Ihnen eine gro\u00dfe Auswahl an Schwertern aus der Welt von World of Warcraft.<\/p>\n<p>Zun\u00e4chst einmal,<\/p>\n<ul>\n<li>Die beeindruckenden <a href=\"https:\/\/repliquemangacine.fr\/de\/schwerter-world-of-warcraft\/zwillingsklingen-von-azzinoth-legendares-schwert-von-illidan\/\">Zwillingsklingen von Azzintoh<\/a> legend\u00e4ren Waffen von Illidan.<\/li>\n<li>Es gibt auch das legend\u00e4re Schwert des Paladins Alexandros Mograine die <a href=\"https:\/\/repliquemangacine.fr\/de\/schwerter-world-of-warcraft\/epee-ashbringer-world-of-warcraft\/\">Ashbringer<\/a><\/li>\n<li>Sowie die zweih\u00e4ndige Axt, die <a href=\"https:\/\/repliquemangacine.fr\/de\/schwerter-world-of-warcraft\/axt-des-knotensdunkelschattenmourne-world-of-warcraft\/\">Shadowmourne<\/a> von K\u00f6nig Arthas.<\/li>\n<li>Und noch viel mehr gibt es in unserem Online-Shop zu entdecken!<\/li>\n<\/ul>\n<p>Deshalb ist dies eine tolle Geschenkidee f\u00fcr WoW-Fans<\/p>\n<p>Abschlie\u00dfend k\u00f6nnen Sie den <strong>Thralls Hammer Moos<\/strong> Doomhammer f\u00fcr Ihre Cosplay-Paraden oder Themenpartys. Vor allem aber ist der Thrallhammer ein Sammler- und Dekorationsst\u00fcck.<\/p>\n<h2>Entdecken Sie unsere g\u00fcnstigen World of Warcraft-Neuheiten.<\/h2>\n<p>Immer auf der Suche nach Neuem und in dem Bestreben, Ihre W\u00fcnsche zu erf\u00fcllen, haben wir einige kleine Nuggets f\u00fcr Sie zu entdecken!<\/p>\n<ul>\n<li>Die <a href=\"https:\/\/repliquemangacine.fr\/de\/schwerter-world-of-warcraft\/koffer-figurine-frostmourne-et-socle-arthas\/\">Figur des Schwertes Frostmourne<\/a> aus Metall auf seinem Eissockel aus Kunstharz und leuchtend. Dieses Sammlerst\u00fcck wird Ihnen in einer Vitrinenbox in den Farben des Spiels pr\u00e4sentiert.<\/li>\n<li>Es gibt auch den Hammer des Schicksals, der ganz aus fein detailliertem Harz besteht.<\/li>\n<li>Sowie die Flaggen der Horde und der Allianz mit einer H\u00f6he von einem Meter<\/li>\n<\/ul>\n<p>In K\u00fcrze wird es auch World of Warcraft-Figuren sowie Wallscrolls Ihrer Lieblingscharaktere geben.<\/p>\n<p>R\u00e9plique Manga Cin\u00e9 ist ein franz\u00f6sisches Familienunternehmen.<\/p>","protected":false},"excerpt":{"rendered":"<div class=\"text col-xs-offset-0\" style=\"height: auto;\">Thralls Schaumstoffhammer in World of Warcraft.<\/div>\n<div><\/div>\n<ul>\n<li class=\"text col-xs-offset-0\" style=\"height: auto;\">Vollst\u00e4ndig aus hochwertigen Polyurethan-Elastomeren (Schaumstoff).<\/li>\n<li class=\"text col-xs-offset-0\" style=\"height: auto;\">Der Vorschlaghammer mit dem von Thrall hinzugef\u00fcgten Wolfsemblem.<\/li>\n<li class=\"text col-xs-offset-0\" style=\"height: auto;\">Griff und Knauf aus Schaumstoff mit Riemenimitation.<\/li>\n<li>Gesamtl\u00e4nge: 43 cm<\/li>\n<\/ul>\n<div class=\"text col-xs-offset-0\" style=\"height: auto;\"><\/div>","protected":false},"featured_media":27990,"template":"","meta":[],"product_brand":[896],"product_cat":[23,60],"product_tag":[],"class_list":{"0":"post-27989","1":"product","2":"type-product","3":"status-publish","4":"has-post-thumbnail","6":"product_brand-replique-manga-cine","7":"product_cat-repliques-manga-jeux-video","8":"product_cat-epees-world-of-warcraft","10":"first","11":"instock","12":"taxable","13":"shipping-taxable","14":"purchasable","15":"product-type-simple"},"yoast_head":"<!-- This site is optimized with the Yoast SEO plugin v27.5 - https:\/\/yoast.com\/product\/yoast-seo-wordpress\/ -->\n<title>Marteau de Thrall mousse - WOW - Boutique en ligne | RMC<\/title>\n<meta name=\"description\" content=\"Voil\u00e0 une r\u00e9plique qui ravira vos enfants avec ce Marteau de Thrall qui est tout en mousse. Accessoire parfait pour vos d\u00e9guisements. Envoi 24\/48h\" \/>\n<meta name=\"robots\" content=\"index, follow, max-snippet:-1, max-image-preview:large, max-video-preview:-1\" \/>\n<link rel=\"canonical\" href=\"https:\/\/repliquemangacine.fr\/de\/schwerter-world-of-warcraft\/schaumstoffreplik-des-thrallhammers-doomhammer-world-of-warcraft\/\" \/>\n<meta property=\"og:locale\" content=\"de_DE\" \/>\n<meta property=\"og:type\" content=\"article\" \/>\n<meta property=\"og:title\" content=\"Marteau de Thrall mousse - WOW - Boutique en ligne | RMC\" \/>\n<meta property=\"og:description\" content=\"Voil\u00e0 une r\u00e9plique qui ravira vos enfants avec ce Marteau de Thrall qui est tout en mousse. Accessoire parfait pour vos d\u00e9guisements. Envoi 24\/48h\" \/>\n<meta property=\"og:url\" content=\"https:\/\/repliquemangacine.fr\/de\/schwerter-world-of-warcraft\/schaumstoffreplik-des-thrallhammers-doomhammer-world-of-warcraft\/\" \/>\n<meta property=\"og:site_name\" content=\"R\u00e9plique Manga Cin\u00e9\" \/>\n<meta property=\"article:publisher\" content=\"https:\/\/www.facebook.com\/RepliqueMangaCine\" \/>\n<meta property=\"article:modified_time\" content=\"2025-11-19T10:26:52+00:00\" \/>\n<meta property=\"og:image\" content=\"https:\/\/repliquemangacine.fr\/wp-content\/uploads\/2023\/10\/2718-Replique-en-mousse-du-marteau-de-Thrall-Doomhammer-Wow.jpg\" \/>\n\t<meta property=\"og:image:width\" content=\"800\" \/>\n\t<meta property=\"og:image:height\" content=\"800\" \/>\n\t<meta property=\"og:image:type\" content=\"image\/jpeg\" \/>\n<meta name=\"twitter:card\" content=\"summary_large_image\" \/>\n<meta name=\"twitter:label1\" content=\"Gesch\u00e4tzte Lesezeit\" \/>\n\t<meta name=\"twitter:data1\" content=\"2\u00a0Minuten\" \/>\n<script type=\"application\/ld+json\" class=\"yoast-schema-graph\">{\"@context\":\"https:\\\/\\\/schema.org\",\"@graph\":[{\"@type\":\"WebPage\",\"@id\":\"https:\\\/\\\/repliquemangacine.fr\\\/epees-world-of-warcraft\\\/replique-en-mousse-du-marteau-de-thrall-doomhammer-world-of-warcraft\\\/\",\"url\":\"https:\\\/\\\/repliquemangacine.fr\\\/epees-world-of-warcraft\\\/replique-en-mousse-du-marteau-de-thrall-doomhammer-world-of-warcraft\\\/\",\"name\":\"Marteau de Thrall mousse - WOW - Boutique en ligne | RMC\",\"isPartOf\":{\"@id\":\"https:\\\/\\\/repliquemangacine.fr\\\/#website\"},\"primaryImageOfPage\":{\"@id\":\"https:\\\/\\\/repliquemangacine.fr\\\/epees-world-of-warcraft\\\/replique-en-mousse-du-marteau-de-thrall-doomhammer-world-of-warcraft\\\/#primaryimage\"},\"image\":{\"@id\":\"https:\\\/\\\/repliquemangacine.fr\\\/epees-world-of-warcraft\\\/replique-en-mousse-du-marteau-de-thrall-doomhammer-world-of-warcraft\\\/#primaryimage\"},\"thumbnailUrl\":\"https:\\\/\\\/repliquemangacine.fr\\\/wp-content\\\/uploads\\\/2023\\\/10\\\/2718-Replique-en-mousse-du-marteau-de-Thrall-Doomhammer-Wow.jpg\",\"datePublished\":\"2019-01-26T13:54:59+00:00\",\"dateModified\":\"2025-11-19T10:26:52+00:00\",\"description\":\"Voil\u00e0 une r\u00e9plique qui ravira vos enfants avec ce Marteau de Thrall qui est tout en mousse. Accessoire parfait pour vos d\u00e9guisements. Envoi 24\\\/48h\",\"breadcrumb\":{\"@id\":\"https:\\\/\\\/repliquemangacine.fr\\\/epees-world-of-warcraft\\\/replique-en-mousse-du-marteau-de-thrall-doomhammer-world-of-warcraft\\\/#breadcrumb\"},\"inLanguage\":\"de\",\"potentialAction\":[{\"@type\":\"ReadAction\",\"target\":[\"https:\\\/\\\/repliquemangacine.fr\\\/epees-world-of-warcraft\\\/replique-en-mousse-du-marteau-de-thrall-doomhammer-world-of-warcraft\\\/\"]}]},{\"@type\":\"ImageObject\",\"inLanguage\":\"de\",\"@id\":\"https:\\\/\\\/repliquemangacine.fr\\\/epees-world-of-warcraft\\\/replique-en-mousse-du-marteau-de-thrall-doomhammer-world-of-warcraft\\\/#primaryimage\",\"url\":\"https:\\\/\\\/repliquemangacine.fr\\\/wp-content\\\/uploads\\\/2023\\\/10\\\/2718-Replique-en-mousse-du-marteau-de-Thrall-Doomhammer-Wow.jpg\",\"contentUrl\":\"https:\\\/\\\/repliquemangacine.fr\\\/wp-content\\\/uploads\\\/2023\\\/10\\\/2718-Replique-en-mousse-du-marteau-de-Thrall-Doomhammer-Wow.jpg\",\"width\":800,\"height\":800,\"caption\":\"R\u00e9plique en mousse du marteau de Thrall Doomhammer Wow\"},{\"@type\":\"BreadcrumbList\",\"@id\":\"https:\\\/\\\/repliquemangacine.fr\\\/epees-world-of-warcraft\\\/replique-en-mousse-du-marteau-de-thrall-doomhammer-world-of-warcraft\\\/#breadcrumb\",\"itemListElement\":[{\"@type\":\"ListItem\",\"position\":1,\"name\":\"Accueil\",\"item\":\"https:\\\/\\\/repliquemangacine.fr\\\/\"},{\"@type\":\"ListItem\",\"position\":2,\"name\":\"Produits\",\"item\":\"https:\\\/\\\/repliquemangacine.fr\\\/boutique\\\/\"},{\"@type\":\"ListItem\",\"position\":3,\"name\":\"Doomhammer Mousse World of Warcraft\"}]},{\"@type\":\"WebSite\",\"@id\":\"https:\\\/\\\/repliquemangacine.fr\\\/#website\",\"url\":\"https:\\\/\\\/repliquemangacine.fr\\\/\",\"name\":\"R\u00e9plique Manga Cin\u00e9\",\"description\":\"\",\"publisher\":{\"@id\":\"https:\\\/\\\/repliquemangacine.fr\\\/#organization\"},\"potentialAction\":[{\"@type\":\"SearchAction\",\"target\":{\"@type\":\"EntryPoint\",\"urlTemplate\":\"https:\\\/\\\/repliquemangacine.fr\\\/?s={search_term_string}\"},\"query-input\":{\"@type\":\"PropertyValueSpecification\",\"valueRequired\":true,\"valueName\":\"search_term_string\"}}],\"inLanguage\":\"de\"},{\"@type\":\"Organization\",\"@id\":\"https:\\\/\\\/repliquemangacine.fr\\\/#organization\",\"name\":\"R\u00e9plique Manga Cin\u00e9\",\"url\":\"https:\\\/\\\/repliquemangacine.fr\\\/\",\"logo\":{\"@type\":\"ImageObject\",\"inLanguage\":\"de\",\"@id\":\"https:\\\/\\\/repliquemangacine.fr\\\/#\\\/schema\\\/logo\\\/image\\\/\",\"url\":\"https:\\\/\\\/repliquemangacine.fr\\\/wp-content\\\/uploads\\\/2023\\\/10\\\/RMC-500250.png\",\"contentUrl\":\"https:\\\/\\\/repliquemangacine.fr\\\/wp-content\\\/uploads\\\/2023\\\/10\\\/RMC-500250.png\",\"width\":500,\"height\":250,\"caption\":\"R\u00e9plique Manga Cin\u00e9\"},\"image\":{\"@id\":\"https:\\\/\\\/repliquemangacine.fr\\\/#\\\/schema\\\/logo\\\/image\\\/\"},\"sameAs\":[\"https:\\\/\\\/www.facebook.com\\\/RepliqueMangaCine\",\"https:\\\/\\\/www.instagram.com\\\/repliquemangacine.fr\\\/\"]}]}<\/script>\n<!-- \/ Yoast SEO plugin. -->","yoast_head_json":{"title":"Thralls Schaumstoffhammer - WOW - Online-Shop | RMC","description":"Hier ist eine Replik, die Ihre Kinder begeistern wird, mit diesem Hammer von Thrall, der ganz aus Schaumstoff besteht. Das perfekte Accessoire f\u00fcr Ihre Verkleidungen. Versand 24\/48 Stunden","robots":{"index":"index","follow":"follow","max-snippet":"max-snippet:-1","max-image-preview":"max-image-preview:large","max-video-preview":"max-video-preview:-1"},"canonical":"https:\/\/repliquemangacine.fr\/de\/schwerter-world-of-warcraft\/schaumstoffreplik-des-thrallhammers-doomhammer-world-of-warcraft\/","og_locale":"de_DE","og_type":"article","og_title":"Marteau de Thrall mousse - WOW - Boutique en ligne | RMC","og_description":"Voil\u00e0 une r\u00e9plique qui ravira vos enfants avec ce Marteau de Thrall qui est tout en mousse. Accessoire parfait pour vos d\u00e9guisements. Envoi 24\/48h","og_url":"https:\/\/repliquemangacine.fr\/de\/schwerter-world-of-warcraft\/schaumstoffreplik-des-thrallhammers-doomhammer-world-of-warcraft\/","og_site_name":"R\u00e9plique Manga Cin\u00e9","article_publisher":"https:\/\/www.facebook.com\/RepliqueMangaCine","article_modified_time":"2025-11-19T10:26:52+00:00","og_image":[{"width":800,"height":800,"url":"https:\/\/repliquemangacine.fr\/wp-content\/uploads\/2023\/10\/2718-Replique-en-mousse-du-marteau-de-Thrall-Doomhammer-Wow.jpg","type":"image\/jpeg"}],"twitter_card":"summary_large_image","twitter_misc":{"Gesch\u00e4tzte Lesezeit":"2\u00a0Minuten"},"schema":{"@context":"https:\/\/schema.org","@graph":[{"@type":"WebPage","@id":"https:\/\/repliquemangacine.fr\/epees-world-of-warcraft\/replique-en-mousse-du-marteau-de-thrall-doomhammer-world-of-warcraft\/","url":"https:\/\/repliquemangacine.fr\/epees-world-of-warcraft\/replique-en-mousse-du-marteau-de-thrall-doomhammer-world-of-warcraft\/","name":"Thralls Schaumstoffhammer - WOW - Online-Shop | RMC","isPartOf":{"@id":"https:\/\/repliquemangacine.fr\/#website"},"primaryImageOfPage":{"@id":"https:\/\/repliquemangacine.fr\/epees-world-of-warcraft\/replique-en-mousse-du-marteau-de-thrall-doomhammer-world-of-warcraft\/#primaryimage"},"image":{"@id":"https:\/\/repliquemangacine.fr\/epees-world-of-warcraft\/replique-en-mousse-du-marteau-de-thrall-doomhammer-world-of-warcraft\/#primaryimage"},"thumbnailUrl":"https:\/\/repliquemangacine.fr\/wp-content\/uploads\/2023\/10\/2718-Replique-en-mousse-du-marteau-de-Thrall-Doomhammer-Wow.jpg","datePublished":"2019-01-26T13:54:59+00:00","dateModified":"2025-11-19T10:26:52+00:00","description":"Hier ist eine Replik, die Ihre Kinder begeistern wird, mit diesem Hammer von Thrall, der ganz aus Schaumstoff besteht. Das perfekte Accessoire f\u00fcr Ihre Verkleidungen. Versand 24\/48 Stunden","breadcrumb":{"@id":"https:\/\/repliquemangacine.fr\/epees-world-of-warcraft\/replique-en-mousse-du-marteau-de-thrall-doomhammer-world-of-warcraft\/#breadcrumb"},"inLanguage":"de","potentialAction":[{"@type":"ReadAction","target":["https:\/\/repliquemangacine.fr\/epees-world-of-warcraft\/replique-en-mousse-du-marteau-de-thrall-doomhammer-world-of-warcraft\/"]}]},{"@type":"ImageObject","inLanguage":"de","@id":"https:\/\/repliquemangacine.fr\/epees-world-of-warcraft\/replique-en-mousse-du-marteau-de-thrall-doomhammer-world-of-warcraft\/#primaryimage","url":"https:\/\/repliquemangacine.fr\/wp-content\/uploads\/2023\/10\/2718-Replique-en-mousse-du-marteau-de-Thrall-Doomhammer-Wow.jpg","contentUrl":"https:\/\/repliquemangacine.fr\/wp-content\/uploads\/2023\/10\/2718-Replique-en-mousse-du-marteau-de-Thrall-Doomhammer-Wow.jpg","width":800,"height":800,"caption":"R\u00e9plique en mousse du marteau de Thrall Doomhammer Wow"},{"@type":"BreadcrumbList","@id":"https:\/\/repliquemangacine.fr\/epees-world-of-warcraft\/replique-en-mousse-du-marteau-de-thrall-doomhammer-world-of-warcraft\/#breadcrumb","itemListElement":[{"@type":"ListItem","position":1,"name":"Accueil","item":"https:\/\/repliquemangacine.fr\/"},{"@type":"ListItem","position":2,"name":"Produits","item":"https:\/\/repliquemangacine.fr\/boutique\/"},{"@type":"ListItem","position":3,"name":"Doomhammer Mousse World of Warcraft"}]},{"@type":"WebSite","@id":"https:\/\/repliquemangacine.fr\/#website","url":"https:\/\/repliquemangacine.fr\/","name":"R\u00e9plique Manga Cin\u00e9","description":"","publisher":{"@id":"https:\/\/repliquemangacine.fr\/#organization"},"potentialAction":[{"@type":"SearchAction","target":{"@type":"EntryPoint","urlTemplate":"https:\/\/repliquemangacine.fr\/?s={search_term_string}"},"query-input":{"@type":"PropertyValueSpecification","valueRequired":true,"valueName":"search_term_string"}}],"inLanguage":"de"},{"@type":"Organization","@id":"https:\/\/repliquemangacine.fr\/#organization","name":"R\u00e9plique Manga Cin\u00e9","url":"https:\/\/repliquemangacine.fr\/","logo":{"@type":"ImageObject","inLanguage":"de","@id":"https:\/\/repliquemangacine.fr\/#\/schema\/logo\/image\/","url":"https:\/\/repliquemangacine.fr\/wp-content\/uploads\/2023\/10\/RMC-500250.png","contentUrl":"https:\/\/repliquemangacine.fr\/wp-content\/uploads\/2023\/10\/RMC-500250.png","width":500,"height":250,"caption":"R\u00e9plique Manga Cin\u00e9"},"image":{"@id":"https:\/\/repliquemangacine.fr\/#\/schema\/logo\/image\/"},"sameAs":["https:\/\/www.facebook.com\/RepliqueMangaCine","https:\/\/www.instagram.com\/repliquemangacine.fr\/"]}]}},"_links":{"self":[{"href":"https:\/\/repliquemangacine.fr\/de\/wp-json\/wp\/v2\/product\/27989","targetHints":{"allow":["GET"]}}],"collection":[{"href":"https:\/\/repliquemangacine.fr\/de\/wp-json\/wp\/v2\/product"}],"about":[{"href":"https:\/\/repliquemangacine.fr\/de\/wp-json\/wp\/v2\/types\/product"}],"wp:featuredmedia":[{"embeddable":true,"href":"https:\/\/repliquemangacine.fr\/de\/wp-json\/wp\/v2\/media\/27990"}],"wp:attachment":[{"href":"https:\/\/repliquemangacine.fr\/de\/wp-json\/wp\/v2\/media?parent=27989"}],"wp:term":[{"taxonomy":"product_brand","embeddable":true,"href":"https:\/\/repliquemangacine.fr\/de\/wp-json\/wp\/v2\/product_brand?post=27989"},{"taxonomy":"product_cat","embeddable":true,"href":"https:\/\/repliquemangacine.fr\/de\/wp-json\/wp\/v2\/product_cat?post=27989"},{"taxonomy":"product_tag","embeddable":true,"href":"https:\/\/repliquemangacine.fr\/de\/wp-json\/wp\/v2\/product_tag?post=27989"}],"curies":[{"name":"wp","href":"https:\/\/api.w.org\/{rel}","templated":true}]}}