





{"id":27958,"date":"2018-12-11T19:09:25","date_gmt":"2018-12-11T18:09:25","guid":{"rendered":"https:\/\/repliquemangacine.fr\/?post_type=product&#038;p=27958"},"modified":"2026-04-15T16:19:25","modified_gmt":"2026-04-15T14:19:25","slug":"skorpion-dolch-silber-fantasy-dolch","status":"publish","type":"product","link":"https:\/\/repliquemangacine.fr\/de\/epees-et-dagues-fantasy\/dague-scorpion-argent-dague-fantasy\/","title":{"rendered":"Dolch Skorpion Silber"},"content":{"rendered":"<h2>Dolch Skorpion Silber Fantasy<\/h2>\n<p>Beginnen wir mit dem Silbernen Skorpion-Dolch Fantasy, der sich hervorragend f\u00fcr Ihre Inneneinrichtung eignet.<\/p>\n<p>Fantasy, ein k\u00fcnstlerisches Genre, das imagin\u00e4re \u00fcbernat\u00fcrliche Ph\u00e4nomene darstellt, oft in Verbindung mit Mythen oder dem Einsatz von Magie.<\/p>\n<p>Im Kino k\u00f6nnen die ersten Fantasyfilme auf Disneys Zeichentrickfilme zur\u00fcckgehen, die M\u00e4rchen adaptieren, oder auf den Zauberer von Oz. Die ersten Fantasyfilme kamen jedoch erst in den 1970er und 1980er Jahren mit Conan dem Barbaren auf die Leinwand.<\/p>\n<p>Die Fantasy im Kino erlebte einen spektakul\u00e4ren Aufschwung mit \"Der Herr der Ringe\", der Verfilmung von Tolkiens Klassiker, dessen sorgf\u00e4ltige visuelle Welt und epischer Atem den Fantasyfilmen eine neue Dimension verliehen.<\/p>\n<p>Die <a href=\"https:\/\/fr.wikipedia.org\/wiki\/Fantasy\" target=\"_blank\" rel=\"noopener noreferrer\">Fantasy<\/a> ist bei der Entwicklung von Brett- und Videospielen sehr pr\u00e4sent.<\/p>\n<h2>Ihr Skorpion Silber Fantasy Dolch zum besten Preis.<\/h2>\n<p>Wir bieten Ihnen eine gro\u00dfe Auswahl an Repliken aus dem Kunstgenre Fantasy.<\/p>\n<p>Zun\u00e4chst einmal,<\/p>\n<ul>\n<li>Die <a href=\"https:\/\/repliquemangacine.fr\/de\/fantasy-schwerter-und-dolche\/dolch-drachenschwert\/\">Dolch Schwert Drachen<\/a> mit seiner Wandhalterung zur Pr\u00e4sentation.<\/li>\n<li>Sowie, die <a href=\"https:\/\/repliquemangacine.fr\/de\/fantasy-schwerter-und-dolche\/dark-fantasy-axt\/\">Dark Fantasy Axt<\/a> mit seiner mit einem Totenkopf verzierten Klinge.<\/li>\n<li>Es gibt auch die <a href=\"https:\/\/repliquemangacine.fr\/de\/fantasy-schwerter-und-dolche\/dague-epee-double-cobra\/\">dolch schwert doppelkobra<\/a>Die beiden Dolche wurden zusammengeschraubt und es entstand eine fantastische Waffe.<\/li>\n<li>Und noch viel mehr gibt es in unserem Online-Shop zu entdecken!<\/li>\n<\/ul>\n<p>Deshalb ist dies eine tolle Geschenkidee f\u00fcr alle, die sich f\u00fcr Dark Fantasy begeistern.<\/p>\n<p>Abschlie\u00dfend k\u00f6nnen Sie auch diesen <strong>Dolch Skorpion Silber Fantasy<\/strong> f\u00fcr Ihre Innendekoration. Vor allem aber ist es ein Sammler- und Dekorationsst\u00fcck.<\/p>\n<p>R\u00e9plique Manga Cin\u00e9 ist ein franz\u00f6sisches Familienunternehmen.<\/p>\n<h2>Wie pflegt man die Klinge seines Dolches?<\/h2>\n<p>Sammlungs- und Dekorationsdolche werden auf vereinfachte Weise hergestellt und zusammengebaut. Da sie zu Dekorationszwecken verwendet werden, fehlen ihnen die Sicherheitsmerkmale, die ein japanisches Schwert f\u00fcr Trainingszwecke aufweisen muss.<\/p>\n<p>Allerdings ist Ihr <strong>Dolch Skorpion Silber Fantasy<\/strong> zu einer Stahlklinge, die gepflegt werden muss, damit sie nicht mit der Zeit abgenutzt wird. Wenn du deinen Dolch n\u00e4mlich ausstellst, werden deine Freunde neugierig sein, die Klinge zu sehen und sie zu ber\u00fchren. Hier ist Vorsicht geboten, denn Sie sollten wissen, dass die S\u00e4ure der Finger dem Stahl unabh\u00e4ngig von seiner Qualit\u00e4t sehr schadet.<\/p>\n<p>Sollte dies jedoch passieren, keine Panik, Sie brauchen nur ein Tuch, das mit etwas \u00d6l befeuchtet ist, und wischen die Fingerabdr\u00fccke ab. Wenn Sie dies tun, werden Sie Ihren Dolch sehr lange behalten.<\/p>","protected":false},"excerpt":{"rendered":"<p>Skorpion-Dolch zur Dekoration.<\/p>\n<ul>\n<li>Schwarze Klinge aus 440er Stahl mit siebgedrucktem Skorpion.<\/li>\n<li>Griff Skorpionk\u00f6rper mit zwei goldenen Krallen.<\/li>\n<li>Skorpionschwanz aus goldfarbenem Metall.<\/li>\n<li>St\u00e4nder zum Aufstellen aus Holz.<\/li>\n<li>Klingenl\u00e4nge: 25 cm - Gesamtl\u00e4nge: 45 cm - Gewicht: 480 g<\/li>\n<\/ul>","protected":false},"featured_media":27960,"template":"","meta":[],"product_brand":[896],"product_cat":[44,26],"product_tag":[],"class_list":{"0":"post-27958","1":"product","2":"type-product","3":"status-publish","4":"has-post-thumbnail","6":"product_brand-replique-manga-cine","7":"product_cat-epees-et-dagues-fantasy","8":"product_cat-katana-epee","10":"first","11":"outofstock","12":"taxable","13":"shipping-taxable","14":"purchasable","15":"product-type-simple"},"yoast_head":"<!-- This site is optimized with the Yoast SEO plugin v27.5 - https:\/\/yoast.com\/product\/yoast-seo-wordpress\/ -->\n<title>Dague Scorpion Argent - Boutique en ligne | R\u00e9plique Manga Cin\u00e9<\/title>\n<meta name=\"description\" content=\"Offrez-vous cette Dague Scorpion Argent au meilleur prix - Lame noire en acier 440 s\u00e9rigraphi\u00e9e d&#039;un scorpion - Support bois - Longueur totale : 45 cm\" \/>\n<meta name=\"robots\" content=\"index, follow, max-snippet:-1, max-image-preview:large, max-video-preview:-1\" \/>\n<link rel=\"canonical\" href=\"https:\/\/repliquemangacine.fr\/de\/fantasy-schwerter-und-dolche\/skorpion-dolch-silber-fantasy-dolch\/\" \/>\n<meta property=\"og:locale\" content=\"de_DE\" \/>\n<meta property=\"og:type\" content=\"article\" \/>\n<meta property=\"og:title\" content=\"Dague Scorpion Argent - Boutique en ligne | R\u00e9plique Manga Cin\u00e9\" \/>\n<meta property=\"og:description\" content=\"Offrez-vous cette Dague Scorpion Argent au meilleur prix - Lame noire en acier 440 s\u00e9rigraphi\u00e9e d&#039;un scorpion - Support bois - Longueur totale : 45 cm\" \/>\n<meta property=\"og:url\" content=\"https:\/\/repliquemangacine.fr\/de\/fantasy-schwerter-und-dolche\/skorpion-dolch-silber-fantasy-dolch\/\" \/>\n<meta property=\"og:site_name\" content=\"R\u00e9plique Manga Cin\u00e9\" \/>\n<meta property=\"article:publisher\" content=\"https:\/\/www.facebook.com\/RepliqueMangaCine\" \/>\n<meta property=\"article:modified_time\" content=\"2026-04-15T14:19:25+00:00\" \/>\n<meta property=\"og:image\" content=\"https:\/\/repliquemangacine.fr\/wp-content\/uploads\/2023\/10\/2690-Dague-Scorpion-Argent-et-or.jpg\" \/>\n\t<meta property=\"og:image:width\" content=\"720\" \/>\n\t<meta property=\"og:image:height\" content=\"415\" \/>\n\t<meta property=\"og:image:type\" content=\"image\/jpeg\" \/>\n<meta name=\"twitter:card\" content=\"summary_large_image\" \/>\n<meta name=\"twitter:label1\" content=\"Gesch\u00e4tzte Lesezeit\" \/>\n\t<meta name=\"twitter:data1\" content=\"3\u00a0Minuten\" \/>\n<script type=\"application\/ld+json\" class=\"yoast-schema-graph\">{\"@context\":\"https:\\\/\\\/schema.org\",\"@graph\":[{\"@type\":\"WebPage\",\"@id\":\"https:\\\/\\\/repliquemangacine.fr\\\/epees-et-dagues-fantasy\\\/dague-scorpion-argent-dague-fantasy\\\/\",\"url\":\"https:\\\/\\\/repliquemangacine.fr\\\/epees-et-dagues-fantasy\\\/dague-scorpion-argent-dague-fantasy\\\/\",\"name\":\"Dague Scorpion Argent - Boutique en ligne | R\u00e9plique Manga Cin\u00e9\",\"isPartOf\":{\"@id\":\"https:\\\/\\\/repliquemangacine.fr\\\/#website\"},\"primaryImageOfPage\":{\"@id\":\"https:\\\/\\\/repliquemangacine.fr\\\/epees-et-dagues-fantasy\\\/dague-scorpion-argent-dague-fantasy\\\/#primaryimage\"},\"image\":{\"@id\":\"https:\\\/\\\/repliquemangacine.fr\\\/epees-et-dagues-fantasy\\\/dague-scorpion-argent-dague-fantasy\\\/#primaryimage\"},\"thumbnailUrl\":\"https:\\\/\\\/repliquemangacine.fr\\\/wp-content\\\/uploads\\\/2023\\\/10\\\/2690-Dague-Scorpion-Argent-et-or.jpg\",\"datePublished\":\"2018-12-11T18:09:25+00:00\",\"dateModified\":\"2026-04-15T14:19:25+00:00\",\"description\":\"Offrez-vous cette Dague Scorpion Argent au meilleur prix - Lame noire en acier 440 s\u00e9rigraphi\u00e9e d'un scorpion - Support bois - Longueur totale : 45 cm\",\"breadcrumb\":{\"@id\":\"https:\\\/\\\/repliquemangacine.fr\\\/epees-et-dagues-fantasy\\\/dague-scorpion-argent-dague-fantasy\\\/#breadcrumb\"},\"inLanguage\":\"de\",\"potentialAction\":[{\"@type\":\"ReadAction\",\"target\":[\"https:\\\/\\\/repliquemangacine.fr\\\/epees-et-dagues-fantasy\\\/dague-scorpion-argent-dague-fantasy\\\/\"]}]},{\"@type\":\"ImageObject\",\"inLanguage\":\"de\",\"@id\":\"https:\\\/\\\/repliquemangacine.fr\\\/epees-et-dagues-fantasy\\\/dague-scorpion-argent-dague-fantasy\\\/#primaryimage\",\"url\":\"https:\\\/\\\/repliquemangacine.fr\\\/wp-content\\\/uploads\\\/2023\\\/10\\\/2690-Dague-Scorpion-Argent-et-or.jpg\",\"contentUrl\":\"https:\\\/\\\/repliquemangacine.fr\\\/wp-content\\\/uploads\\\/2023\\\/10\\\/2690-Dague-Scorpion-Argent-et-or.jpg\",\"width\":720,\"height\":415,\"caption\":\"Dague Scorpion Argent et or\"},{\"@type\":\"BreadcrumbList\",\"@id\":\"https:\\\/\\\/repliquemangacine.fr\\\/epees-et-dagues-fantasy\\\/dague-scorpion-argent-dague-fantasy\\\/#breadcrumb\",\"itemListElement\":[{\"@type\":\"ListItem\",\"position\":1,\"name\":\"Accueil\",\"item\":\"https:\\\/\\\/repliquemangacine.fr\\\/\"},{\"@type\":\"ListItem\",\"position\":2,\"name\":\"Produits\",\"item\":\"https:\\\/\\\/repliquemangacine.fr\\\/boutique\\\/\"},{\"@type\":\"ListItem\",\"position\":3,\"name\":\"Dague Scorpion Argent\"}]},{\"@type\":\"WebSite\",\"@id\":\"https:\\\/\\\/repliquemangacine.fr\\\/#website\",\"url\":\"https:\\\/\\\/repliquemangacine.fr\\\/\",\"name\":\"R\u00e9plique Manga Cin\u00e9\",\"description\":\"\",\"publisher\":{\"@id\":\"https:\\\/\\\/repliquemangacine.fr\\\/#organization\"},\"potentialAction\":[{\"@type\":\"SearchAction\",\"target\":{\"@type\":\"EntryPoint\",\"urlTemplate\":\"https:\\\/\\\/repliquemangacine.fr\\\/?s={search_term_string}\"},\"query-input\":{\"@type\":\"PropertyValueSpecification\",\"valueRequired\":true,\"valueName\":\"search_term_string\"}}],\"inLanguage\":\"de\"},{\"@type\":\"Organization\",\"@id\":\"https:\\\/\\\/repliquemangacine.fr\\\/#organization\",\"name\":\"R\u00e9plique Manga Cin\u00e9\",\"url\":\"https:\\\/\\\/repliquemangacine.fr\\\/\",\"logo\":{\"@type\":\"ImageObject\",\"inLanguage\":\"de\",\"@id\":\"https:\\\/\\\/repliquemangacine.fr\\\/#\\\/schema\\\/logo\\\/image\\\/\",\"url\":\"https:\\\/\\\/repliquemangacine.fr\\\/wp-content\\\/uploads\\\/2023\\\/10\\\/RMC-500250.png\",\"contentUrl\":\"https:\\\/\\\/repliquemangacine.fr\\\/wp-content\\\/uploads\\\/2023\\\/10\\\/RMC-500250.png\",\"width\":500,\"height\":250,\"caption\":\"R\u00e9plique Manga Cin\u00e9\"},\"image\":{\"@id\":\"https:\\\/\\\/repliquemangacine.fr\\\/#\\\/schema\\\/logo\\\/image\\\/\"},\"sameAs\":[\"https:\\\/\\\/www.facebook.com\\\/RepliqueMangaCine\",\"https:\\\/\\\/www.instagram.com\\\/repliquemangacine.fr\\\/\"]}]}<\/script>\n<!-- \/ Yoast SEO plugin. -->","yoast_head_json":{"title":"Dolch Skorpion Silber - Online-Shop | R\u00e9plique Manga Cin\u00e9","description":"G\u00f6nnen Sie sich diesen Silbernen Skorpion-Dolch zum besten Preis - Schwarze Klinge aus 440er Stahl mit einem Skorpion im Siebdruckverfahren - Holzhalter - Gesamtl\u00e4nge: 45 cm","robots":{"index":"index","follow":"follow","max-snippet":"max-snippet:-1","max-image-preview":"max-image-preview:large","max-video-preview":"max-video-preview:-1"},"canonical":"https:\/\/repliquemangacine.fr\/de\/fantasy-schwerter-und-dolche\/skorpion-dolch-silber-fantasy-dolch\/","og_locale":"de_DE","og_type":"article","og_title":"Dague Scorpion Argent - Boutique en ligne | R\u00e9plique Manga Cin\u00e9","og_description":"Offrez-vous cette Dague Scorpion Argent au meilleur prix - Lame noire en acier 440 s\u00e9rigraphi\u00e9e d'un scorpion - Support bois - Longueur totale : 45 cm","og_url":"https:\/\/repliquemangacine.fr\/de\/fantasy-schwerter-und-dolche\/skorpion-dolch-silber-fantasy-dolch\/","og_site_name":"R\u00e9plique Manga Cin\u00e9","article_publisher":"https:\/\/www.facebook.com\/RepliqueMangaCine","article_modified_time":"2026-04-15T14:19:25+00:00","og_image":[{"width":720,"height":415,"url":"https:\/\/repliquemangacine.fr\/wp-content\/uploads\/2023\/10\/2690-Dague-Scorpion-Argent-et-or.jpg","type":"image\/jpeg"}],"twitter_card":"summary_large_image","twitter_misc":{"Gesch\u00e4tzte Lesezeit":"3\u00a0Minuten"},"schema":{"@context":"https:\/\/schema.org","@graph":[{"@type":"WebPage","@id":"https:\/\/repliquemangacine.fr\/epees-et-dagues-fantasy\/dague-scorpion-argent-dague-fantasy\/","url":"https:\/\/repliquemangacine.fr\/epees-et-dagues-fantasy\/dague-scorpion-argent-dague-fantasy\/","name":"Dolch Skorpion Silber - Online-Shop | R\u00e9plique Manga Cin\u00e9","isPartOf":{"@id":"https:\/\/repliquemangacine.fr\/#website"},"primaryImageOfPage":{"@id":"https:\/\/repliquemangacine.fr\/epees-et-dagues-fantasy\/dague-scorpion-argent-dague-fantasy\/#primaryimage"},"image":{"@id":"https:\/\/repliquemangacine.fr\/epees-et-dagues-fantasy\/dague-scorpion-argent-dague-fantasy\/#primaryimage"},"thumbnailUrl":"https:\/\/repliquemangacine.fr\/wp-content\/uploads\/2023\/10\/2690-Dague-Scorpion-Argent-et-or.jpg","datePublished":"2018-12-11T18:09:25+00:00","dateModified":"2026-04-15T14:19:25+00:00","description":"G\u00f6nnen Sie sich diesen Silbernen Skorpion-Dolch zum besten Preis - Schwarze Klinge aus 440er Stahl mit einem Skorpion im Siebdruckverfahren - Holzhalter - Gesamtl\u00e4nge: 45 cm","breadcrumb":{"@id":"https:\/\/repliquemangacine.fr\/epees-et-dagues-fantasy\/dague-scorpion-argent-dague-fantasy\/#breadcrumb"},"inLanguage":"de","potentialAction":[{"@type":"ReadAction","target":["https:\/\/repliquemangacine.fr\/epees-et-dagues-fantasy\/dague-scorpion-argent-dague-fantasy\/"]}]},{"@type":"ImageObject","inLanguage":"de","@id":"https:\/\/repliquemangacine.fr\/epees-et-dagues-fantasy\/dague-scorpion-argent-dague-fantasy\/#primaryimage","url":"https:\/\/repliquemangacine.fr\/wp-content\/uploads\/2023\/10\/2690-Dague-Scorpion-Argent-et-or.jpg","contentUrl":"https:\/\/repliquemangacine.fr\/wp-content\/uploads\/2023\/10\/2690-Dague-Scorpion-Argent-et-or.jpg","width":720,"height":415,"caption":"Dague Scorpion Argent et or"},{"@type":"BreadcrumbList","@id":"https:\/\/repliquemangacine.fr\/epees-et-dagues-fantasy\/dague-scorpion-argent-dague-fantasy\/#breadcrumb","itemListElement":[{"@type":"ListItem","position":1,"name":"Accueil","item":"https:\/\/repliquemangacine.fr\/"},{"@type":"ListItem","position":2,"name":"Produits","item":"https:\/\/repliquemangacine.fr\/boutique\/"},{"@type":"ListItem","position":3,"name":"Dague Scorpion Argent"}]},{"@type":"WebSite","@id":"https:\/\/repliquemangacine.fr\/#website","url":"https:\/\/repliquemangacine.fr\/","name":"R\u00e9plique Manga Cin\u00e9","description":"","publisher":{"@id":"https:\/\/repliquemangacine.fr\/#organization"},"potentialAction":[{"@type":"SearchAction","target":{"@type":"EntryPoint","urlTemplate":"https:\/\/repliquemangacine.fr\/?s={search_term_string}"},"query-input":{"@type":"PropertyValueSpecification","valueRequired":true,"valueName":"search_term_string"}}],"inLanguage":"de"},{"@type":"Organization","@id":"https:\/\/repliquemangacine.fr\/#organization","name":"R\u00e9plique Manga Cin\u00e9","url":"https:\/\/repliquemangacine.fr\/","logo":{"@type":"ImageObject","inLanguage":"de","@id":"https:\/\/repliquemangacine.fr\/#\/schema\/logo\/image\/","url":"https:\/\/repliquemangacine.fr\/wp-content\/uploads\/2023\/10\/RMC-500250.png","contentUrl":"https:\/\/repliquemangacine.fr\/wp-content\/uploads\/2023\/10\/RMC-500250.png","width":500,"height":250,"caption":"R\u00e9plique Manga Cin\u00e9"},"image":{"@id":"https:\/\/repliquemangacine.fr\/#\/schema\/logo\/image\/"},"sameAs":["https:\/\/www.facebook.com\/RepliqueMangaCine","https:\/\/www.instagram.com\/repliquemangacine.fr\/"]}]}},"_links":{"self":[{"href":"https:\/\/repliquemangacine.fr\/de\/wp-json\/wp\/v2\/product\/27958","targetHints":{"allow":["GET"]}}],"collection":[{"href":"https:\/\/repliquemangacine.fr\/de\/wp-json\/wp\/v2\/product"}],"about":[{"href":"https:\/\/repliquemangacine.fr\/de\/wp-json\/wp\/v2\/types\/product"}],"wp:featuredmedia":[{"embeddable":true,"href":"https:\/\/repliquemangacine.fr\/de\/wp-json\/wp\/v2\/media\/27960"}],"wp:attachment":[{"href":"https:\/\/repliquemangacine.fr\/de\/wp-json\/wp\/v2\/media?parent=27958"}],"wp:term":[{"taxonomy":"product_brand","embeddable":true,"href":"https:\/\/repliquemangacine.fr\/de\/wp-json\/wp\/v2\/product_brand?post=27958"},{"taxonomy":"product_cat","embeddable":true,"href":"https:\/\/repliquemangacine.fr\/de\/wp-json\/wp\/v2\/product_cat?post=27958"},{"taxonomy":"product_tag","embeddable":true,"href":"https:\/\/repliquemangacine.fr\/de\/wp-json\/wp\/v2\/product_tag?post=27958"}],"curies":[{"name":"wp","href":"https:\/\/api.w.org\/{rel}","templated":true}]}}