





{"id":27950,"date":"2018-12-11T14:48:51","date_gmt":"2018-12-11T13:48:51","guid":{"rendered":"https:\/\/repliquemangacine.fr\/?post_type=product&#038;p=27950"},"modified":"2025-09-23T18:02:01","modified_gmt":"2025-09-23T16:02:01","slug":"offizieller-hermione-granger-leuchtstab","status":"publish","type":"product","link":"https:\/\/repliquemangacine.fr\/de\/baguette-lumineuse-harry-potter\/baguette-lumineuse-hermione-granger-officielle\/","title":{"rendered":"Leuchtstab Hermine"},"content":{"rendered":"<h2>Leuchtstab Hermione Granger in Harry Potter.<\/h2>\n<p>Zu Beginn wird die <strong>Hermine-Leuchtstab<\/strong> und Offizielle ist ganz aus Harz, in seiner Box Sammlung signierte Charaktere <a href=\"https:\/\/noblecollection.fr\/baguette-lumineuse-hermione-harry-potter-p-323.html\" target=\"_blank\" rel=\"noopener noreferrer\">Noble Collection<\/a>.<\/p>\n<p>Jeder Zauberstab von Ollivander enth\u00e4lt sehr m\u00e4chtige magische Substanzen: Einhornhaar, Ph\u00f6nixfedern oder Drachenherzventrikel. Aber unabh\u00e4ngig von seiner Zusammensetzung kann sich jeder Zauberstab in eine Fackel verwandeln, sobald sein Besitzer den Zauberspruch \u201dLumos\u201d ausspricht.<\/p>\n<p>Hermine ist eine der Hauptfiguren der Harry-Potter-Saga. Sie trifft Harry Potter und Ron Weasley zum ersten Mal im Hogwarts-Express. Bei der Zuteilungszeremonie wird Hermine ebenso wie Ron und Harry nach Gryffindor geschickt. Das Trio wird schnell unzertrennlich.<\/p>\n<h2>Ihr Harry Potter-Zauberstab zum besten Preis.<\/h2>\n<p>Wir bieten Ihnen eine gro\u00dfe Auswahl an offiziellen Harry-Potter-Zauberst\u00e4ben von Noble Collection.<\/p>\n<p>Zun\u00e4chst einmal,<\/p>\n<ul>\n<li>Der Zauberstab ihres langj\u00e4hrigen Freundes Harry Potter.<\/li>\n<li>Das Baguette von <a href=\"https:\/\/repliquemangacine.fr\/de\/stabchen-figuren\/ron-weasley-stab-hochwertiger-metallkern\/\">Ron Weasley<\/a>Mit ihm hat sie zwei Kinder, Rose und Hugo.<\/li>\n<li>Und viele andere, die es in unserem Online-Shop zu entdecken gibt!<\/li>\n<li>Nat\u00fcrlich haben wir, um Ihren Kindern eine Freude zu machen, auch alle nicht offiziellen, aber preisg\u00fcnstigen Baguettes auf unserer Website.<\/li>\n<\/ul>\n<p>Deshalb hier eine tolle Geschenkidee f\u00fcr alle Harry-Potter-Fans<\/p>\n<p>Abschlie\u00dfend k\u00f6nnen Sie auch diesen <strong>Leuchtstab Hermine Granger<\/strong> f\u00fcr Ihre Cosplays oder Themenabende. Vor allem aber ist es ein Sammler- und Dekorationsst\u00fcck.<\/p>\n<p>R\u00e9plique Manga Cin\u00e9 ist ein franz\u00f6sisches Familienunternehmen.<\/p>\n<p>&nbsp;<\/p>\n<p>&nbsp;<\/p>","protected":false},"excerpt":{"rendered":"<p>Offizieller Hermioine-Granger-Stab Leuchtend.<\/p>\n<ul>\n<li>Sch\u00fctteln Sie sie und sie leuchtet. Sch\u00fctteln Sie sie erneut, geht sie aus!<\/li>\n<li>Diese leuchtende Version besteht aus PVC.<\/li>\n<li>Sammlerbox mit dem Bild des Films.<\/li>\n<li>Verwendet 2 AAA-Batterien, die nicht im Lieferumfang enthalten sind.<\/li>\n<li>Produkt mit offizieller Harry PotterTM -Lizenz<\/li>\n<li>L\u00e4nge: 35 cm<\/li>\n<\/ul>","protected":false},"featured_media":27951,"template":"","meta":[],"product_brand":[896],"product_cat":[70,24,41],"product_tag":[],"class_list":{"0":"post-27950","1":"product","2":"type-product","3":"status-publish","4":"has-post-thumbnail","6":"product_brand-replique-manga-cine","7":"product_cat-baguette-lumineuse-harry-potter","8":"product_cat-films-series-tv-vente-de-katana-epee-et-produits-derives","9":"product_cat-baguettes-et-goodies-harry-potter","11":"first","12":"instock","13":"taxable","14":"shipping-taxable","15":"purchasable","16":"product-type-simple"},"yoast_head":"<!-- This site is optimized with the Yoast SEO plugin v27.5 - https:\/\/yoast.com\/product\/yoast-seo-wordpress\/ -->\n<title>Baguette Lumineuse Hermione - Officielle | R\u00e9plique Manga Cin\u00e9<\/title>\n<meta name=\"description\" content=\"La Baguette Lumineuse Hermione dans Harry Potter au meilleur prix - Agitez-la, elle s&#039;allume. Agitez-la \u00e0 nouveau et elle s&#039;\u00e9teint ! Longueur : 35 cm\" \/>\n<meta name=\"robots\" content=\"index, follow, max-snippet:-1, max-image-preview:large, max-video-preview:-1\" \/>\n<link rel=\"canonical\" href=\"https:\/\/repliquemangacine.fr\/de\/leuchtstab-harry-potter\/offizieller-hermione-granger-leuchtstab\/\" \/>\n<meta property=\"og:locale\" content=\"de_DE\" \/>\n<meta property=\"og:type\" content=\"article\" \/>\n<meta property=\"og:title\" content=\"Baguette Lumineuse Hermione - Officielle | R\u00e9plique Manga Cin\u00e9\" \/>\n<meta property=\"og:description\" content=\"La Baguette Lumineuse Hermione dans Harry Potter au meilleur prix - Agitez-la, elle s&#039;allume. Agitez-la \u00e0 nouveau et elle s&#039;\u00e9teint ! Longueur : 35 cm\" \/>\n<meta property=\"og:url\" content=\"https:\/\/repliquemangacine.fr\/de\/leuchtstab-harry-potter\/offizieller-hermione-granger-leuchtstab\/\" \/>\n<meta property=\"og:site_name\" content=\"R\u00e9plique Manga Cin\u00e9\" \/>\n<meta property=\"article:publisher\" content=\"https:\/\/www.facebook.com\/RepliqueMangaCine\" \/>\n<meta property=\"article:modified_time\" content=\"2025-09-23T16:02:01+00:00\" \/>\n<meta property=\"og:image\" content=\"https:\/\/repliquemangacine.fr\/wp-content\/uploads\/2023\/10\/Baguette-Lumineuse-Hermione.jpg\" \/>\n\t<meta property=\"og:image:width\" content=\"600\" \/>\n\t<meta property=\"og:image:height\" content=\"600\" \/>\n\t<meta property=\"og:image:type\" content=\"image\/jpeg\" \/>\n<meta name=\"twitter:card\" content=\"summary_large_image\" \/>\n<meta name=\"twitter:label1\" content=\"Gesch\u00e4tzte Lesezeit\" \/>\n\t<meta name=\"twitter:data1\" content=\"1\u00a0Minute\" \/>\n<script type=\"application\/ld+json\" class=\"yoast-schema-graph\">{\"@context\":\"https:\\\/\\\/schema.org\",\"@graph\":[{\"@type\":\"WebPage\",\"@id\":\"https:\\\/\\\/repliquemangacine.fr\\\/baguette-lumineuse-harry-potter\\\/baguette-lumineuse-hermione-granger-officielle\\\/\",\"url\":\"https:\\\/\\\/repliquemangacine.fr\\\/baguette-lumineuse-harry-potter\\\/baguette-lumineuse-hermione-granger-officielle\\\/\",\"name\":\"Baguette Lumineuse Hermione - Officielle | R\u00e9plique Manga Cin\u00e9\",\"isPartOf\":{\"@id\":\"https:\\\/\\\/repliquemangacine.fr\\\/#website\"},\"primaryImageOfPage\":{\"@id\":\"https:\\\/\\\/repliquemangacine.fr\\\/baguette-lumineuse-harry-potter\\\/baguette-lumineuse-hermione-granger-officielle\\\/#primaryimage\"},\"image\":{\"@id\":\"https:\\\/\\\/repliquemangacine.fr\\\/baguette-lumineuse-harry-potter\\\/baguette-lumineuse-hermione-granger-officielle\\\/#primaryimage\"},\"thumbnailUrl\":\"https:\\\/\\\/repliquemangacine.fr\\\/wp-content\\\/uploads\\\/2023\\\/10\\\/Baguette-Lumineuse-Hermione.jpg\",\"datePublished\":\"2018-12-11T13:48:51+00:00\",\"dateModified\":\"2025-09-23T16:02:01+00:00\",\"description\":\"La Baguette Lumineuse Hermione dans Harry Potter au meilleur prix - Agitez-la, elle s'allume. Agitez-la \u00e0 nouveau et elle s'\u00e9teint ! Longueur : 35 cm\",\"breadcrumb\":{\"@id\":\"https:\\\/\\\/repliquemangacine.fr\\\/baguette-lumineuse-harry-potter\\\/baguette-lumineuse-hermione-granger-officielle\\\/#breadcrumb\"},\"inLanguage\":\"de\",\"potentialAction\":[{\"@type\":\"ReadAction\",\"target\":[\"https:\\\/\\\/repliquemangacine.fr\\\/baguette-lumineuse-harry-potter\\\/baguette-lumineuse-hermione-granger-officielle\\\/\"]}]},{\"@type\":\"ImageObject\",\"inLanguage\":\"de\",\"@id\":\"https:\\\/\\\/repliquemangacine.fr\\\/baguette-lumineuse-harry-potter\\\/baguette-lumineuse-hermione-granger-officielle\\\/#primaryimage\",\"url\":\"https:\\\/\\\/repliquemangacine.fr\\\/wp-content\\\/uploads\\\/2023\\\/10\\\/Baguette-Lumineuse-Hermione.jpg\",\"contentUrl\":\"https:\\\/\\\/repliquemangacine.fr\\\/wp-content\\\/uploads\\\/2023\\\/10\\\/Baguette-Lumineuse-Hermione.jpg\",\"width\":600,\"height\":600,\"caption\":\"Baguette-Lumineuse-Hermione collector\"},{\"@type\":\"BreadcrumbList\",\"@id\":\"https:\\\/\\\/repliquemangacine.fr\\\/baguette-lumineuse-harry-potter\\\/baguette-lumineuse-hermione-granger-officielle\\\/#breadcrumb\",\"itemListElement\":[{\"@type\":\"ListItem\",\"position\":1,\"name\":\"Accueil\",\"item\":\"https:\\\/\\\/repliquemangacine.fr\\\/\"},{\"@type\":\"ListItem\",\"position\":2,\"name\":\"Produits\",\"item\":\"https:\\\/\\\/repliquemangacine.fr\\\/boutique\\\/\"},{\"@type\":\"ListItem\",\"position\":3,\"name\":\"Baguette lumineuse Hermione\"}]},{\"@type\":\"WebSite\",\"@id\":\"https:\\\/\\\/repliquemangacine.fr\\\/#website\",\"url\":\"https:\\\/\\\/repliquemangacine.fr\\\/\",\"name\":\"R\u00e9plique Manga Cin\u00e9\",\"description\":\"\",\"publisher\":{\"@id\":\"https:\\\/\\\/repliquemangacine.fr\\\/#organization\"},\"potentialAction\":[{\"@type\":\"SearchAction\",\"target\":{\"@type\":\"EntryPoint\",\"urlTemplate\":\"https:\\\/\\\/repliquemangacine.fr\\\/?s={search_term_string}\"},\"query-input\":{\"@type\":\"PropertyValueSpecification\",\"valueRequired\":true,\"valueName\":\"search_term_string\"}}],\"inLanguage\":\"de\"},{\"@type\":\"Organization\",\"@id\":\"https:\\\/\\\/repliquemangacine.fr\\\/#organization\",\"name\":\"R\u00e9plique Manga Cin\u00e9\",\"url\":\"https:\\\/\\\/repliquemangacine.fr\\\/\",\"logo\":{\"@type\":\"ImageObject\",\"inLanguage\":\"de\",\"@id\":\"https:\\\/\\\/repliquemangacine.fr\\\/#\\\/schema\\\/logo\\\/image\\\/\",\"url\":\"https:\\\/\\\/repliquemangacine.fr\\\/wp-content\\\/uploads\\\/2023\\\/10\\\/RMC-500250.png\",\"contentUrl\":\"https:\\\/\\\/repliquemangacine.fr\\\/wp-content\\\/uploads\\\/2023\\\/10\\\/RMC-500250.png\",\"width\":500,\"height\":250,\"caption\":\"R\u00e9plique Manga Cin\u00e9\"},\"image\":{\"@id\":\"https:\\\/\\\/repliquemangacine.fr\\\/#\\\/schema\\\/logo\\\/image\\\/\"},\"sameAs\":[\"https:\\\/\\\/www.facebook.com\\\/RepliqueMangaCine\",\"https:\\\/\\\/www.instagram.com\\\/repliquemangacine.fr\\\/\"]}]}<\/script>\n<!-- \/ Yoast SEO plugin. -->","yoast_head_json":{"title":"Hermione Leuchtstab - Offiziell | R\u00e9plique Manga Cin\u00e9","description":"Der Hermine-Leuchtstab aus Harry Potter zum besten Preis - Sch\u00fctteln Sie ihn, und er leuchtet. Sch\u00fctteln Sie ihn noch einmal und er erlischt! L\u00e4nge: 35 cm","robots":{"index":"index","follow":"follow","max-snippet":"max-snippet:-1","max-image-preview":"max-image-preview:large","max-video-preview":"max-video-preview:-1"},"canonical":"https:\/\/repliquemangacine.fr\/de\/leuchtstab-harry-potter\/offizieller-hermione-granger-leuchtstab\/","og_locale":"de_DE","og_type":"article","og_title":"Baguette Lumineuse Hermione - Officielle | R\u00e9plique Manga Cin\u00e9","og_description":"La Baguette Lumineuse Hermione dans Harry Potter au meilleur prix - Agitez-la, elle s'allume. Agitez-la \u00e0 nouveau et elle s'\u00e9teint ! Longueur : 35 cm","og_url":"https:\/\/repliquemangacine.fr\/de\/leuchtstab-harry-potter\/offizieller-hermione-granger-leuchtstab\/","og_site_name":"R\u00e9plique Manga Cin\u00e9","article_publisher":"https:\/\/www.facebook.com\/RepliqueMangaCine","article_modified_time":"2025-09-23T16:02:01+00:00","og_image":[{"width":600,"height":600,"url":"https:\/\/repliquemangacine.fr\/wp-content\/uploads\/2023\/10\/Baguette-Lumineuse-Hermione.jpg","type":"image\/jpeg"}],"twitter_card":"summary_large_image","twitter_misc":{"Gesch\u00e4tzte Lesezeit":"1\u00a0Minute"},"schema":{"@context":"https:\/\/schema.org","@graph":[{"@type":"WebPage","@id":"https:\/\/repliquemangacine.fr\/baguette-lumineuse-harry-potter\/baguette-lumineuse-hermione-granger-officielle\/","url":"https:\/\/repliquemangacine.fr\/baguette-lumineuse-harry-potter\/baguette-lumineuse-hermione-granger-officielle\/","name":"Hermione Leuchtstab - Offiziell | R\u00e9plique Manga Cin\u00e9","isPartOf":{"@id":"https:\/\/repliquemangacine.fr\/#website"},"primaryImageOfPage":{"@id":"https:\/\/repliquemangacine.fr\/baguette-lumineuse-harry-potter\/baguette-lumineuse-hermione-granger-officielle\/#primaryimage"},"image":{"@id":"https:\/\/repliquemangacine.fr\/baguette-lumineuse-harry-potter\/baguette-lumineuse-hermione-granger-officielle\/#primaryimage"},"thumbnailUrl":"https:\/\/repliquemangacine.fr\/wp-content\/uploads\/2023\/10\/Baguette-Lumineuse-Hermione.jpg","datePublished":"2018-12-11T13:48:51+00:00","dateModified":"2025-09-23T16:02:01+00:00","description":"Der Hermine-Leuchtstab aus Harry Potter zum besten Preis - Sch\u00fctteln Sie ihn, und er leuchtet. Sch\u00fctteln Sie ihn noch einmal und er erlischt! L\u00e4nge: 35 cm","breadcrumb":{"@id":"https:\/\/repliquemangacine.fr\/baguette-lumineuse-harry-potter\/baguette-lumineuse-hermione-granger-officielle\/#breadcrumb"},"inLanguage":"de","potentialAction":[{"@type":"ReadAction","target":["https:\/\/repliquemangacine.fr\/baguette-lumineuse-harry-potter\/baguette-lumineuse-hermione-granger-officielle\/"]}]},{"@type":"ImageObject","inLanguage":"de","@id":"https:\/\/repliquemangacine.fr\/baguette-lumineuse-harry-potter\/baguette-lumineuse-hermione-granger-officielle\/#primaryimage","url":"https:\/\/repliquemangacine.fr\/wp-content\/uploads\/2023\/10\/Baguette-Lumineuse-Hermione.jpg","contentUrl":"https:\/\/repliquemangacine.fr\/wp-content\/uploads\/2023\/10\/Baguette-Lumineuse-Hermione.jpg","width":600,"height":600,"caption":"Baguette-Lumineuse-Hermione collector"},{"@type":"BreadcrumbList","@id":"https:\/\/repliquemangacine.fr\/baguette-lumineuse-harry-potter\/baguette-lumineuse-hermione-granger-officielle\/#breadcrumb","itemListElement":[{"@type":"ListItem","position":1,"name":"Accueil","item":"https:\/\/repliquemangacine.fr\/"},{"@type":"ListItem","position":2,"name":"Produits","item":"https:\/\/repliquemangacine.fr\/boutique\/"},{"@type":"ListItem","position":3,"name":"Baguette lumineuse Hermione"}]},{"@type":"WebSite","@id":"https:\/\/repliquemangacine.fr\/#website","url":"https:\/\/repliquemangacine.fr\/","name":"R\u00e9plique Manga Cin\u00e9","description":"","publisher":{"@id":"https:\/\/repliquemangacine.fr\/#organization"},"potentialAction":[{"@type":"SearchAction","target":{"@type":"EntryPoint","urlTemplate":"https:\/\/repliquemangacine.fr\/?s={search_term_string}"},"query-input":{"@type":"PropertyValueSpecification","valueRequired":true,"valueName":"search_term_string"}}],"inLanguage":"de"},{"@type":"Organization","@id":"https:\/\/repliquemangacine.fr\/#organization","name":"R\u00e9plique Manga Cin\u00e9","url":"https:\/\/repliquemangacine.fr\/","logo":{"@type":"ImageObject","inLanguage":"de","@id":"https:\/\/repliquemangacine.fr\/#\/schema\/logo\/image\/","url":"https:\/\/repliquemangacine.fr\/wp-content\/uploads\/2023\/10\/RMC-500250.png","contentUrl":"https:\/\/repliquemangacine.fr\/wp-content\/uploads\/2023\/10\/RMC-500250.png","width":500,"height":250,"caption":"R\u00e9plique Manga Cin\u00e9"},"image":{"@id":"https:\/\/repliquemangacine.fr\/#\/schema\/logo\/image\/"},"sameAs":["https:\/\/www.facebook.com\/RepliqueMangaCine","https:\/\/www.instagram.com\/repliquemangacine.fr\/"]}]}},"_links":{"self":[{"href":"https:\/\/repliquemangacine.fr\/de\/wp-json\/wp\/v2\/product\/27950","targetHints":{"allow":["GET"]}}],"collection":[{"href":"https:\/\/repliquemangacine.fr\/de\/wp-json\/wp\/v2\/product"}],"about":[{"href":"https:\/\/repliquemangacine.fr\/de\/wp-json\/wp\/v2\/types\/product"}],"wp:featuredmedia":[{"embeddable":true,"href":"https:\/\/repliquemangacine.fr\/de\/wp-json\/wp\/v2\/media\/27951"}],"wp:attachment":[{"href":"https:\/\/repliquemangacine.fr\/de\/wp-json\/wp\/v2\/media?parent=27950"}],"wp:term":[{"taxonomy":"product_brand","embeddable":true,"href":"https:\/\/repliquemangacine.fr\/de\/wp-json\/wp\/v2\/product_brand?post=27950"},{"taxonomy":"product_cat","embeddable":true,"href":"https:\/\/repliquemangacine.fr\/de\/wp-json\/wp\/v2\/product_cat?post=27950"},{"taxonomy":"product_tag","embeddable":true,"href":"https:\/\/repliquemangacine.fr\/de\/wp-json\/wp\/v2\/product_tag?post=27950"}],"curies":[{"name":"wp","href":"https:\/\/api.w.org\/{rel}","templated":true}]}}