





{"id":27941,"date":"2018-10-19T19:16:42","date_gmt":"2018-10-19T17:16:42","guid":{"rendered":"https:\/\/repliquemangacine.fr\/?post_type=product&#038;p=27941"},"modified":"2025-09-23T18:02:01","modified_gmt":"2025-09-23T16:02:01","slug":"excalibur-epee-roi-arthur-epee-de-legende","status":"publish","type":"product","link":"https:\/\/repliquemangacine.fr\/de\/katana-les-epees-de-films-et-series\/excalibur-epee-roi-arthur-epee-de-legende\/","title":{"rendered":"Excalibur Schwert K\u00f6nig Artus"},"content":{"rendered":"<h2>Excalibur Schwert von K\u00f6nig Artus in Die Legende von Excalibur.<\/h2>\n<p>Zu Beginn das Legend\u00e4re Schwert <strong>Excalibur Schwert K\u00f6nig Artus<\/strong> Es gilt als unzerbrechlich und kann jedes Material durchschneiden. Seine Scheide sch\u00fctzt seinen Tr\u00e4ger vor Verletzungen. K\u00f6nig Artus, der beide Artefakte besa\u00df, war daher auf dem Schlachtfeld unbesiegbar.<\/p>\n<p>Excalibur ist das legend\u00e4re magische Schwert von K\u00f6nig Artus, dem K\u00f6nig der Briten in den Texten der Artus-Sage aus dem Mittelalter. Die Geschichte von K\u00f6nig Artus ist eng mit dem magischen und geheimnisvollen Schwert Excalibur verbunden, dessen Name \u201cCut Steel\u201d (geschnittener Stahl) bedeutet, was eine seiner vielen Eigenschaften war.<\/p>\n<p>Dieses Schwert wird von Charles Hunnam alias Arthur in Guy Ritchies Film \u201eKing Arthur: Legend of the Sword\u201c aus dem Jahr 2017 verwendet. Es handelt sich um eine neue Adaption\/Interpretation, die man mit einem Augenzwinkern betrachten muss, typisch Ritchie!<\/p>\n<h2>Ihr legend\u00e4res Excalibur Schwert von K\u00f6nig Artus zum besten Preis.<\/h2>\n<p>Wir bieten Ihnen eine gro\u00dfe Auswahl an Repliken aus dem Mittelalter.<\/p>\n<p>Zun\u00e4chst einmal,<\/p>\n<ul>\n<li>Das legend\u00e4re Schwert <a href=\"https:\/\/repliquemangacine.fr\/de\/mittelalterliche-reproduktionen\/legendares-schwert-excalibur-konig-arthur\/\">Excalibur<\/a> von K\u00f6nig Artus hergestellt von <a href=\"https:\/\/www.denix.fr\/fr\/accueil-fr\/\" target=\"_blank\" rel=\"noopener noreferrer\">Denix<\/a>.<\/li>\n<li>Aber auch die Nachbildung des<a href=\"https:\/\/repliquemangacine.fr\/de\/assassins-creed\/epee-daguilar-assassins-creed-le-film\/\">Schwert von Aguilar<\/a> im Film Assassin's Creed.<\/li>\n<li>Und noch viel mehr gibt es in unserem Online-Shop zu entdecken!<\/li>\n<\/ul>\n<p>Deshalb ist dies eine tolle Geschenkidee f\u00fcr alle, die sich f\u00fcr die Zeit des Mittelalters begeistern.<\/p>\n<p>Abschlie\u00dfend k\u00f6nnen Sie auch die legend\u00e4re <strong>Excalibur Schwert K\u00f6nig Artus<\/strong> f\u00fcr Ihre historischen Rekonstruktionen und Darstellungen. Vor allem aber ist dieses Schwert auch ein Sammler- und Dekorationsst\u00fcck<\/p>\n<h2>Wie pflegt man die Klinge seines Schwertes?<\/h2>\n<p>Sammlungs- und Dekorationsschwerter werden auf vereinfachte Weise hergestellt und zusammengebaut. Da sie zu Dekorationszwecken verwendet werden, verf\u00fcgen sie nicht \u00fcber die Sicherheitsmerkmale, die ein japanisches Schwert f\u00fcr das Training aufweisen muss.<\/p>\n<p>Allerdings ist Ihr legend\u00e4res <strong>Excalibur Schwert K\u00f6nig Artus<\/strong> zu einer Stahlklinge, die gepflegt werden muss, damit sie nicht mit der Zeit abgenutzt wird. Denn wenn du dein Katana ausstellst, werden deine Freunde neugierig sein, die Klinge zu sehen und sie zu ber\u00fchren. Hier ist Vorsicht geboten, denn Sie sollten wissen, dass die S\u00e4ure der Finger dem Stahl unabh\u00e4ngig von seiner Qualit\u00e4t sehr schadet.<\/p>\n<p>Wenn dies jedoch passiert, keine Panik, Sie brauchen nur ein Tuch, das mit etwas \u00d6l befeuchtet ist, und wischen die Fingerabdr\u00fccke ab. Wenn Sie dies tun, werden Sie Ihr Schwert sehr lange behalten.<\/p>","protected":false},"excerpt":{"rendered":"<p>Legend\u00e4res Schwert Excalibur von K\u00f6nig Artus aus dem Film Die Legende von Excalibur.<\/p>\n<ul>\n<li>Klinge aus rostfreiem Stahl mit Damast-Effekt.<\/li>\n<li>Garde und Knauf aus Stahl.<\/li>\n<li>Metallgriff und geflochtener Kunstlederriemen.<\/li>\n<li>Wandhalterung.<\/li>\n<li>Klingenl\u00e4nge: 83 cm - Gesamtl\u00e4nge: 103 cm - Gewicht :1780 grs<\/li>\n<\/ul>","protected":false},"featured_media":27942,"template":"","meta":[],"product_brand":[896],"product_cat":[25,91,66,84,24,43],"product_tag":[509,510,511,512],"class_list":{"0":"post-27941","1":"product","2":"type-product","3":"status-publish","4":"has-post-thumbnail","6":"product_brand-replique-manga-cine","7":"product_cat-armes-historiques","8":"product_cat-katana-les-epees-de-films-et-series","9":"product_cat-repliques-d-armes-films-et-series","10":"product_cat-epee-templier-medievale","11":"product_cat-films-series-tv-vente-de-katana-epee-et-produits-derives","12":"product_cat-reproductions-d-armes-et-accessoires-medievales","13":"product_tag-epee-de-legende","14":"product_tag-epee-excalibur","15":"product_tag-king-arthur","16":"product_tag-legend-of-the-sword","18":"first","19":"outofstock","20":"taxable","21":"shipping-taxable","22":"purchasable","23":"product-type-simple"},"yoast_head":"<!-- This site is optimized with the Yoast SEO plugin v27.4 - https:\/\/yoast.com\/product\/yoast-seo-wordpress\/ -->\n<title>Excalibur Ep\u00e9e Roi Arthur - Ep\u00e9e Historique | R\u00e9plique Manga Cin\u00e9<\/title>\n<meta name=\"description\" content=\"D\u00e9couvrez la l\u00e9gendaire Excalibur Ep\u00e9e Roi Arthur au meilleur prix. Lame en acier - Effet damass\u00e9. Garde et pommeau acier - Support - Longueur : 103 cm\" \/>\n<meta name=\"robots\" content=\"index, follow, max-snippet:-1, max-image-preview:large, max-video-preview:-1\" \/>\n<link rel=\"canonical\" href=\"https:\/\/repliquemangacine.fr\/de\/katana-die-schwerter-aus-filmen-und-serien\/excalibur-epee-roi-arthur-epee-de-legende\/\" \/>\n<meta property=\"og:locale\" content=\"de_DE\" \/>\n<meta property=\"og:type\" content=\"article\" \/>\n<meta property=\"og:title\" content=\"Excalibur Ep\u00e9e Roi Arthur - Ep\u00e9e Historique | R\u00e9plique Manga Cin\u00e9\" \/>\n<meta property=\"og:description\" content=\"D\u00e9couvrez la l\u00e9gendaire Excalibur Ep\u00e9e Roi Arthur au meilleur prix. Lame en acier - Effet damass\u00e9. Garde et pommeau acier - Support - Longueur : 103 cm\" \/>\n<meta property=\"og:url\" content=\"https:\/\/repliquemangacine.fr\/de\/katana-die-schwerter-aus-filmen-und-serien\/excalibur-epee-roi-arthur-epee-de-legende\/\" \/>\n<meta property=\"og:site_name\" content=\"R\u00e9plique Manga Cin\u00e9\" \/>\n<meta property=\"article:publisher\" content=\"https:\/\/www.facebook.com\/RepliqueMangaCine\" \/>\n<meta property=\"article:modified_time\" content=\"2025-09-23T16:02:01+00:00\" \/>\n<meta property=\"og:image\" content=\"https:\/\/repliquemangacine.fr\/wp-content\/uploads\/2023\/10\/2676-LE-ROI-ARTHUR-EXCALIBUR-EPEE-DE-LEGENDE-en-foret.jpg\" \/>\n\t<meta property=\"og:image:width\" content=\"900\" \/>\n\t<meta property=\"og:image:height\" content=\"900\" \/>\n\t<meta property=\"og:image:type\" content=\"image\/jpeg\" \/>\n<meta name=\"twitter:card\" content=\"summary_large_image\" \/>\n<meta name=\"twitter:label1\" content=\"Gesch\u00e4tzte Lesezeit\" \/>\n\t<meta name=\"twitter:data1\" content=\"2\u00a0Minuten\" \/>\n<script type=\"application\/ld+json\" class=\"yoast-schema-graph\">{\"@context\":\"https:\\\/\\\/schema.org\",\"@graph\":[{\"@type\":\"WebPage\",\"@id\":\"https:\\\/\\\/repliquemangacine.fr\\\/de\\\/katana-die-schwerter-aus-filmen-und-serien\\\/excalibur-epee-roi-arthur-epee-de-legende\\\/\",\"url\":\"https:\\\/\\\/repliquemangacine.fr\\\/de\\\/katana-die-schwerter-aus-filmen-und-serien\\\/excalibur-epee-roi-arthur-epee-de-legende\\\/\",\"name\":\"Excalibur Ep\u00e9e Roi Arthur - Ep\u00e9e Historique | R\u00e9plique Manga Cin\u00e9\",\"isPartOf\":{\"@id\":\"https:\\\/\\\/repliquemangacine.fr\\\/#website\"},\"primaryImageOfPage\":{\"@id\":\"https:\\\/\\\/repliquemangacine.fr\\\/de\\\/katana-die-schwerter-aus-filmen-und-serien\\\/excalibur-epee-roi-arthur-epee-de-legende\\\/#primaryimage\"},\"image\":{\"@id\":\"https:\\\/\\\/repliquemangacine.fr\\\/de\\\/katana-die-schwerter-aus-filmen-und-serien\\\/excalibur-epee-roi-arthur-epee-de-legende\\\/#primaryimage\"},\"thumbnailUrl\":\"https:\\\/\\\/repliquemangacine.fr\\\/wp-content\\\/uploads\\\/2023\\\/10\\\/2676-LE-ROI-ARTHUR-EXCALIBUR-EPEE-DE-LEGENDE-en-foret.jpg\",\"datePublished\":\"2018-10-19T17:16:42+00:00\",\"dateModified\":\"2025-09-23T16:02:01+00:00\",\"description\":\"D\u00e9couvrez la l\u00e9gendaire Excalibur Ep\u00e9e Roi Arthur au meilleur prix. Lame en acier - Effet damass\u00e9. Garde et pommeau acier - Support - Longueur : 103 cm\",\"breadcrumb\":{\"@id\":\"https:\\\/\\\/repliquemangacine.fr\\\/de\\\/katana-die-schwerter-aus-filmen-und-serien\\\/excalibur-epee-roi-arthur-epee-de-legende\\\/#breadcrumb\"},\"inLanguage\":\"de\",\"potentialAction\":[{\"@type\":\"ReadAction\",\"target\":[\"https:\\\/\\\/repliquemangacine.fr\\\/de\\\/katana-die-schwerter-aus-filmen-und-serien\\\/excalibur-epee-roi-arthur-epee-de-legende\\\/\"]}]},{\"@type\":\"ImageObject\",\"inLanguage\":\"de\",\"@id\":\"https:\\\/\\\/repliquemangacine.fr\\\/de\\\/katana-die-schwerter-aus-filmen-und-serien\\\/excalibur-epee-roi-arthur-epee-de-legende\\\/#primaryimage\",\"url\":\"https:\\\/\\\/repliquemangacine.fr\\\/wp-content\\\/uploads\\\/2023\\\/10\\\/2676-LE-ROI-ARTHUR-EXCALIBUR-EPEE-DE-LEGENDE-en-foret.jpg\",\"contentUrl\":\"https:\\\/\\\/repliquemangacine.fr\\\/wp-content\\\/uploads\\\/2023\\\/10\\\/2676-LE-ROI-ARTHUR-EXCALIBUR-EPEE-DE-LEGENDE-en-foret.jpg\",\"width\":900,\"height\":900,\"caption\":\"LE ROI ARTHUR - EXCALIBUR EPEE DE LEGENDE en foret\"},{\"@type\":\"BreadcrumbList\",\"@id\":\"https:\\\/\\\/repliquemangacine.fr\\\/de\\\/katana-die-schwerter-aus-filmen-und-serien\\\/excalibur-epee-roi-arthur-epee-de-legende\\\/#breadcrumb\",\"itemListElement\":[{\"@type\":\"ListItem\",\"position\":1,\"name\":\"Accueil\",\"item\":\"https:\\\/\\\/repliquemangacine.fr\\\/\"},{\"@type\":\"ListItem\",\"position\":2,\"name\":\"Produits\",\"item\":\"https:\\\/\\\/repliquemangacine.fr\\\/boutique\\\/\"},{\"@type\":\"ListItem\",\"position\":3,\"name\":\"Excalibur Ep\u00e9e Roi Arthur\"}]},{\"@type\":\"WebSite\",\"@id\":\"https:\\\/\\\/repliquemangacine.fr\\\/#website\",\"url\":\"https:\\\/\\\/repliquemangacine.fr\\\/\",\"name\":\"R\u00e9plique Manga Cin\u00e9\",\"description\":\"\",\"publisher\":{\"@id\":\"https:\\\/\\\/repliquemangacine.fr\\\/#organization\"},\"potentialAction\":[{\"@type\":\"SearchAction\",\"target\":{\"@type\":\"EntryPoint\",\"urlTemplate\":\"https:\\\/\\\/repliquemangacine.fr\\\/?s={search_term_string}\"},\"query-input\":{\"@type\":\"PropertyValueSpecification\",\"valueRequired\":true,\"valueName\":\"search_term_string\"}}],\"inLanguage\":\"de\"},{\"@type\":\"Organization\",\"@id\":\"https:\\\/\\\/repliquemangacine.fr\\\/#organization\",\"name\":\"R\u00e9plique Manga Cin\u00e9\",\"url\":\"https:\\\/\\\/repliquemangacine.fr\\\/\",\"logo\":{\"@type\":\"ImageObject\",\"inLanguage\":\"de\",\"@id\":\"https:\\\/\\\/repliquemangacine.fr\\\/#\\\/schema\\\/logo\\\/image\\\/\",\"url\":\"https:\\\/\\\/repliquemangacine.fr\\\/wp-content\\\/uploads\\\/2023\\\/10\\\/RMC-500250.png\",\"contentUrl\":\"https:\\\/\\\/repliquemangacine.fr\\\/wp-content\\\/uploads\\\/2023\\\/10\\\/RMC-500250.png\",\"width\":500,\"height\":250,\"caption\":\"R\u00e9plique Manga Cin\u00e9\"},\"image\":{\"@id\":\"https:\\\/\\\/repliquemangacine.fr\\\/#\\\/schema\\\/logo\\\/image\\\/\"},\"sameAs\":[\"https:\\\/\\\/www.facebook.com\\\/RepliqueMangaCine\",\"https:\\\/\\\/www.instagram.com\\\/repliquemangacine.fr\\\/\"]}]}<\/script>\n<!-- \/ Yoast SEO plugin. -->","yoast_head_json":{"title":"Excalibur Schwert K\u00f6nig Artus - Historisches Schwert | R\u00e9plique Manga Cin\u00e9","description":"Entdecken Sie das legend\u00e4re Excalibur Schwert K\u00f6nig Artus zum besten Preis. Klinge aus Stahl - Damast-Effekt. Stahlgriff und -knauf - Halterung - L\u00e4nge: 103 cm","robots":{"index":"index","follow":"follow","max-snippet":"max-snippet:-1","max-image-preview":"max-image-preview:large","max-video-preview":"max-video-preview:-1"},"canonical":"https:\/\/repliquemangacine.fr\/de\/katana-die-schwerter-aus-filmen-und-serien\/excalibur-epee-roi-arthur-epee-de-legende\/","og_locale":"de_DE","og_type":"article","og_title":"Excalibur Ep\u00e9e Roi Arthur - Ep\u00e9e Historique | R\u00e9plique Manga Cin\u00e9","og_description":"D\u00e9couvrez la l\u00e9gendaire Excalibur Ep\u00e9e Roi Arthur au meilleur prix. Lame en acier - Effet damass\u00e9. Garde et pommeau acier - Support - Longueur : 103 cm","og_url":"https:\/\/repliquemangacine.fr\/de\/katana-die-schwerter-aus-filmen-und-serien\/excalibur-epee-roi-arthur-epee-de-legende\/","og_site_name":"R\u00e9plique Manga Cin\u00e9","article_publisher":"https:\/\/www.facebook.com\/RepliqueMangaCine","article_modified_time":"2025-09-23T16:02:01+00:00","og_image":[{"width":900,"height":900,"url":"https:\/\/repliquemangacine.fr\/wp-content\/uploads\/2023\/10\/2676-LE-ROI-ARTHUR-EXCALIBUR-EPEE-DE-LEGENDE-en-foret.jpg","type":"image\/jpeg"}],"twitter_card":"summary_large_image","twitter_misc":{"Gesch\u00e4tzte Lesezeit":"2\u00a0Minuten"},"schema":{"@context":"https:\/\/schema.org","@graph":[{"@type":"WebPage","@id":"https:\/\/repliquemangacine.fr\/de\/katana-die-schwerter-aus-filmen-und-serien\/excalibur-epee-roi-arthur-epee-de-legende\/","url":"https:\/\/repliquemangacine.fr\/de\/katana-die-schwerter-aus-filmen-und-serien\/excalibur-epee-roi-arthur-epee-de-legende\/","name":"Excalibur Schwert K\u00f6nig Artus - Historisches Schwert | R\u00e9plique Manga Cin\u00e9","isPartOf":{"@id":"https:\/\/repliquemangacine.fr\/#website"},"primaryImageOfPage":{"@id":"https:\/\/repliquemangacine.fr\/de\/katana-die-schwerter-aus-filmen-und-serien\/excalibur-epee-roi-arthur-epee-de-legende\/#primaryimage"},"image":{"@id":"https:\/\/repliquemangacine.fr\/de\/katana-die-schwerter-aus-filmen-und-serien\/excalibur-epee-roi-arthur-epee-de-legende\/#primaryimage"},"thumbnailUrl":"https:\/\/repliquemangacine.fr\/wp-content\/uploads\/2023\/10\/2676-LE-ROI-ARTHUR-EXCALIBUR-EPEE-DE-LEGENDE-en-foret.jpg","datePublished":"2018-10-19T17:16:42+00:00","dateModified":"2025-09-23T16:02:01+00:00","description":"Entdecken Sie das legend\u00e4re Excalibur Schwert K\u00f6nig Artus zum besten Preis. Klinge aus Stahl - Damast-Effekt. Stahlgriff und -knauf - Halterung - L\u00e4nge: 103 cm","breadcrumb":{"@id":"https:\/\/repliquemangacine.fr\/de\/katana-die-schwerter-aus-filmen-und-serien\/excalibur-epee-roi-arthur-epee-de-legende\/#breadcrumb"},"inLanguage":"de","potentialAction":[{"@type":"ReadAction","target":["https:\/\/repliquemangacine.fr\/de\/katana-die-schwerter-aus-filmen-und-serien\/excalibur-epee-roi-arthur-epee-de-legende\/"]}]},{"@type":"ImageObject","inLanguage":"de","@id":"https:\/\/repliquemangacine.fr\/de\/katana-die-schwerter-aus-filmen-und-serien\/excalibur-epee-roi-arthur-epee-de-legende\/#primaryimage","url":"https:\/\/repliquemangacine.fr\/wp-content\/uploads\/2023\/10\/2676-LE-ROI-ARTHUR-EXCALIBUR-EPEE-DE-LEGENDE-en-foret.jpg","contentUrl":"https:\/\/repliquemangacine.fr\/wp-content\/uploads\/2023\/10\/2676-LE-ROI-ARTHUR-EXCALIBUR-EPEE-DE-LEGENDE-en-foret.jpg","width":900,"height":900,"caption":"LE ROI ARTHUR - EXCALIBUR EPEE DE LEGENDE en foret"},{"@type":"BreadcrumbList","@id":"https:\/\/repliquemangacine.fr\/de\/katana-die-schwerter-aus-filmen-und-serien\/excalibur-epee-roi-arthur-epee-de-legende\/#breadcrumb","itemListElement":[{"@type":"ListItem","position":1,"name":"Accueil","item":"https:\/\/repliquemangacine.fr\/"},{"@type":"ListItem","position":2,"name":"Produits","item":"https:\/\/repliquemangacine.fr\/boutique\/"},{"@type":"ListItem","position":3,"name":"Excalibur Ep\u00e9e Roi Arthur"}]},{"@type":"WebSite","@id":"https:\/\/repliquemangacine.fr\/#website","url":"https:\/\/repliquemangacine.fr\/","name":"R\u00e9plique Manga Cin\u00e9","description":"","publisher":{"@id":"https:\/\/repliquemangacine.fr\/#organization"},"potentialAction":[{"@type":"SearchAction","target":{"@type":"EntryPoint","urlTemplate":"https:\/\/repliquemangacine.fr\/?s={search_term_string}"},"query-input":{"@type":"PropertyValueSpecification","valueRequired":true,"valueName":"search_term_string"}}],"inLanguage":"de"},{"@type":"Organization","@id":"https:\/\/repliquemangacine.fr\/#organization","name":"R\u00e9plique Manga Cin\u00e9","url":"https:\/\/repliquemangacine.fr\/","logo":{"@type":"ImageObject","inLanguage":"de","@id":"https:\/\/repliquemangacine.fr\/#\/schema\/logo\/image\/","url":"https:\/\/repliquemangacine.fr\/wp-content\/uploads\/2023\/10\/RMC-500250.png","contentUrl":"https:\/\/repliquemangacine.fr\/wp-content\/uploads\/2023\/10\/RMC-500250.png","width":500,"height":250,"caption":"R\u00e9plique Manga Cin\u00e9"},"image":{"@id":"https:\/\/repliquemangacine.fr\/#\/schema\/logo\/image\/"},"sameAs":["https:\/\/www.facebook.com\/RepliqueMangaCine","https:\/\/www.instagram.com\/repliquemangacine.fr\/"]}]}},"_links":{"self":[{"href":"https:\/\/repliquemangacine.fr\/de\/wp-json\/wp\/v2\/product\/27941","targetHints":{"allow":["GET"]}}],"collection":[{"href":"https:\/\/repliquemangacine.fr\/de\/wp-json\/wp\/v2\/product"}],"about":[{"href":"https:\/\/repliquemangacine.fr\/de\/wp-json\/wp\/v2\/types\/product"}],"wp:featuredmedia":[{"embeddable":true,"href":"https:\/\/repliquemangacine.fr\/de\/wp-json\/wp\/v2\/media\/27942"}],"wp:attachment":[{"href":"https:\/\/repliquemangacine.fr\/de\/wp-json\/wp\/v2\/media?parent=27941"}],"wp:term":[{"taxonomy":"product_brand","embeddable":true,"href":"https:\/\/repliquemangacine.fr\/de\/wp-json\/wp\/v2\/product_brand?post=27941"},{"taxonomy":"product_cat","embeddable":true,"href":"https:\/\/repliquemangacine.fr\/de\/wp-json\/wp\/v2\/product_cat?post=27941"},{"taxonomy":"product_tag","embeddable":true,"href":"https:\/\/repliquemangacine.fr\/de\/wp-json\/wp\/v2\/product_tag?post=27941"}],"curies":[{"name":"wp","href":"https:\/\/api.w.org\/{rel}","templated":true}]}}