





{"id":27920,"date":"2018-09-02T17:37:57","date_gmt":"2018-09-02T15:37:57","guid":{"rendered":"https:\/\/repliquemangacine.fr\/?post_type=product&#038;p=27920"},"modified":"2025-09-23T18:02:01","modified_gmt":"2025-09-23T16:02:01","slug":"stift-zauberstab-hermine-granger-lesezeichen","status":"publish","type":"product","link":"https:\/\/repliquemangacine.fr\/de\/collectors-et-goodies-harry-potter\/stylo-baguette-hermione-granger-marque-pages\/","title":{"rendered":"Kugelschreiber Hermine Granger"},"content":{"rendered":"<h2>Kugelschreiber Zauberstab Hermione Granger in Harry Potter.<\/h2>\n<p>Zu Beginn wird der <strong>Kugelschreiber Zauberstab Hermione Granger<\/strong> ist von ihrem eigenen Zauberstab inspiriert. Mit Lesezeichen mit Hermine-Motiv. Offiziell lizenziert von Noble Collection.<\/p>\n<p>Hermine Granger, Tochter von Muggel-Zahn\u00e4rzten. Eine brillante Sch\u00fclerin, ein gro\u00dfz\u00fcgiges und sehr sensibles M\u00e4dchen. Sie ist sehr flei\u00dfig und liebt es zu lesen.<\/p>\n<p>Hermine ist eine der Hauptfiguren der Harry-Potter-Saga. Sie trifft Harry Potter und Ron Weasley zum ersten Mal im Hogwarts-Express. Bei der Einteilung der Sch\u00fcler wird Hermine ebenso wie Ron und Harry nach Gryffindor geschickt. Das Trio wird sehr schnell unzertrennlich.<\/p>\n<p>Ron und sie verbringen ihre Zeit oft damit, sich wie die Wilden zu streiten. Aus Eifersucht belegt sie Ron sogar mit einem Fluch, Oppugno. Aber hinter dieser offensichtlichen Feindseligkeit entwickelt sich eine wachsende Zuneigung, die sich sp\u00e4ter in Liebe verwandelt.<\/p>\n<h2>Ihr Harry Potter-Sammelobjekt zum besten Preis<\/h2>\n<p>Wir bieten Ihnen eine gro\u00dfe Auswahl an Merchandising-Artikeln aus der Harry-Potter-Saga.<\/p>\n<p>Zun\u00e4chst einmal,<\/p>\n<ul>\n<li>Die <a href=\"https:\/\/repliquemangacine.fr\/de\/harry-potter\/artefaktbox-hermine-granger-harry-potter\/\">Artefakt-Box<\/a> Hermione Granger enth\u00e4lt Gegenst\u00e4nde, die Hermine lieb waren und ihre Pers\u00f6nlichkeit sowie ihre Geschichte definieren.<\/li>\n<li>Die <a href=\"https:\/\/repliquemangacine.fr\/de\/sammlerstucke-harry-potter\/essstabchen-set-harry-potter\/\">15-teilige Box mit Schl\u00fcsselanh\u00e4nger-St\u00e4bchen<\/a>.<\/li>\n<li>Und viele andere, die es in unserem Online-Shop zu entdecken gibt!<\/li>\n<li>Selbstverst\u00e4ndlich haben wir auch alle offiziellen Essst\u00e4bchen <a href=\"https:\/\/noblecollection.fr\/index.php\" target=\"_blank\" rel=\"noopener noreferrer\">Noble Collection<\/a> auf Anfrage.<\/li>\n<\/ul>\n<p>Deshalb hier eine tolle Geschenkidee f\u00fcr alle Harry-Potter-Fans<\/p>\n<p>Abschlie\u00dfend k\u00f6nnen Sie auch diesen <strong>Hermione Granger Zauberstab-Kugelschreiber<\/strong> f\u00fcr Ihre Cosplays oder Themenabende. Vor allem aber ist es ein Sammler- und Dekorationsst\u00fcck.<\/p>\n<p>R\u00e9plique Manga Cin\u00e9 ist ein franz\u00f6sisches Familienunternehmen.<\/p>\n<p>&nbsp;<\/p>","protected":false},"excerpt":{"rendered":"<p>Hier ist ein origineller Kugelschreiber in Form des Zauberstabs von Hermine Granger aus der Harry-Potter-Saga.<\/p>\n<ul>\n<li>Geh\u00e4use aus ABS.<\/li>\n<li>L\u00e4nge 18.5 cm<\/li>\n<li>Eine Kreation von The Noble Collection.<\/li>\n<li>Lesezeichen mit dem Bildnis von Hermine<\/li>\n<\/ul>","protected":false},"featured_media":27921,"template":"","meta":[],"product_brand":[896],"product_cat":[87,24,41],"product_tag":[],"class_list":{"0":"post-27920","1":"product","2":"type-product","3":"status-publish","4":"has-post-thumbnail","6":"product_brand-replique-manga-cine","7":"product_cat-collectors-et-goodies-harry-potter","8":"product_cat-films-series-tv-vente-de-katana-epee-et-produits-derives","9":"product_cat-baguettes-et-goodies-harry-potter","11":"first","12":"instock","13":"taxable","14":"shipping-taxable","15":"purchasable","16":"product-type-simple"},"yoast_head":"<!-- This site is optimized with the Yoast SEO plugin v27.5 - https:\/\/yoast.com\/product\/yoast-seo-wordpress\/ -->\n<title>Stylo Baguette Hermione Granger - Harry Potter | RMC<\/title>\n<meta name=\"description\" content=\"Commandez vite votre Stylo Baguette Hermione Granger dans Harry Potter au meilleur prix. Livr\u00e9 avec son marque page - Licence Noble Collection - 18.5cm\" \/>\n<meta name=\"robots\" content=\"index, follow, max-snippet:-1, max-image-preview:large, max-video-preview:-1\" \/>\n<link rel=\"canonical\" href=\"https:\/\/repliquemangacine.fr\/de\/sammlerstucke-und-goodies-harry-potter\/stift-zauberstab-hermine-granger-lesezeichen\/\" \/>\n<meta property=\"og:locale\" content=\"de_DE\" \/>\n<meta property=\"og:type\" content=\"article\" \/>\n<meta property=\"og:title\" content=\"Stylo Baguette Hermione Granger - Harry Potter | RMC\" \/>\n<meta property=\"og:description\" content=\"Commandez vite votre Stylo Baguette Hermione Granger dans Harry Potter au meilleur prix. Livr\u00e9 avec son marque page - Licence Noble Collection - 18.5cm\" \/>\n<meta property=\"og:url\" content=\"https:\/\/repliquemangacine.fr\/de\/sammlerstucke-und-goodies-harry-potter\/stift-zauberstab-hermine-granger-lesezeichen\/\" \/>\n<meta property=\"og:site_name\" content=\"R\u00e9plique Manga Cin\u00e9\" \/>\n<meta property=\"article:publisher\" content=\"https:\/\/www.facebook.com\/RepliqueMangaCine\" \/>\n<meta property=\"article:modified_time\" content=\"2025-09-23T16:02:01+00:00\" \/>\n<meta property=\"og:image\" content=\"https:\/\/repliquemangacine.fr\/wp-content\/uploads\/2023\/10\/2654-Stylo-baguette-Hermione-Granger-Marque-pages-HP.jpg\" \/>\n\t<meta property=\"og:image:width\" content=\"800\" \/>\n\t<meta property=\"og:image:height\" content=\"800\" \/>\n\t<meta property=\"og:image:type\" content=\"image\/jpeg\" \/>\n<meta name=\"twitter:card\" content=\"summary_large_image\" \/>\n<meta name=\"twitter:label1\" content=\"Gesch\u00e4tzte Lesezeit\" \/>\n\t<meta name=\"twitter:data1\" content=\"1\u00a0Minute\" \/>\n<script type=\"application\/ld+json\" class=\"yoast-schema-graph\">{\"@context\":\"https:\\\/\\\/schema.org\",\"@graph\":[{\"@type\":\"WebPage\",\"@id\":\"https:\\\/\\\/repliquemangacine.fr\\\/collectors-et-goodies-harry-potter\\\/stylo-baguette-hermione-granger-marque-pages\\\/\",\"url\":\"https:\\\/\\\/repliquemangacine.fr\\\/collectors-et-goodies-harry-potter\\\/stylo-baguette-hermione-granger-marque-pages\\\/\",\"name\":\"Stylo Baguette Hermione Granger - Harry Potter | RMC\",\"isPartOf\":{\"@id\":\"https:\\\/\\\/repliquemangacine.fr\\\/#website\"},\"primaryImageOfPage\":{\"@id\":\"https:\\\/\\\/repliquemangacine.fr\\\/collectors-et-goodies-harry-potter\\\/stylo-baguette-hermione-granger-marque-pages\\\/#primaryimage\"},\"image\":{\"@id\":\"https:\\\/\\\/repliquemangacine.fr\\\/collectors-et-goodies-harry-potter\\\/stylo-baguette-hermione-granger-marque-pages\\\/#primaryimage\"},\"thumbnailUrl\":\"https:\\\/\\\/repliquemangacine.fr\\\/wp-content\\\/uploads\\\/2023\\\/10\\\/2654-Stylo-baguette-Hermione-Granger-Marque-pages-HP.jpg\",\"datePublished\":\"2018-09-02T15:37:57+00:00\",\"dateModified\":\"2025-09-23T16:02:01+00:00\",\"description\":\"Commandez vite votre Stylo Baguette Hermione Granger dans Harry Potter au meilleur prix. Livr\u00e9 avec son marque page - Licence Noble Collection - 18.5cm\",\"breadcrumb\":{\"@id\":\"https:\\\/\\\/repliquemangacine.fr\\\/collectors-et-goodies-harry-potter\\\/stylo-baguette-hermione-granger-marque-pages\\\/#breadcrumb\"},\"inLanguage\":\"de\",\"potentialAction\":[{\"@type\":\"ReadAction\",\"target\":[\"https:\\\/\\\/repliquemangacine.fr\\\/collectors-et-goodies-harry-potter\\\/stylo-baguette-hermione-granger-marque-pages\\\/\"]}]},{\"@type\":\"ImageObject\",\"inLanguage\":\"de\",\"@id\":\"https:\\\/\\\/repliquemangacine.fr\\\/collectors-et-goodies-harry-potter\\\/stylo-baguette-hermione-granger-marque-pages\\\/#primaryimage\",\"url\":\"https:\\\/\\\/repliquemangacine.fr\\\/wp-content\\\/uploads\\\/2023\\\/10\\\/2654-Stylo-baguette-Hermione-Granger-Marque-pages-HP.jpg\",\"contentUrl\":\"https:\\\/\\\/repliquemangacine.fr\\\/wp-content\\\/uploads\\\/2023\\\/10\\\/2654-Stylo-baguette-Hermione-Granger-Marque-pages-HP.jpg\",\"width\":800,\"height\":800,\"caption\":\"Stylo baguette Hermione Granger- Marque pages HP\"},{\"@type\":\"BreadcrumbList\",\"@id\":\"https:\\\/\\\/repliquemangacine.fr\\\/collectors-et-goodies-harry-potter\\\/stylo-baguette-hermione-granger-marque-pages\\\/#breadcrumb\",\"itemListElement\":[{\"@type\":\"ListItem\",\"position\":1,\"name\":\"Accueil\",\"item\":\"https:\\\/\\\/repliquemangacine.fr\\\/\"},{\"@type\":\"ListItem\",\"position\":2,\"name\":\"Produits\",\"item\":\"https:\\\/\\\/repliquemangacine.fr\\\/boutique\\\/\"},{\"@type\":\"ListItem\",\"position\":3,\"name\":\"Stylo Hermione Granger\"}]},{\"@type\":\"WebSite\",\"@id\":\"https:\\\/\\\/repliquemangacine.fr\\\/#website\",\"url\":\"https:\\\/\\\/repliquemangacine.fr\\\/\",\"name\":\"R\u00e9plique Manga Cin\u00e9\",\"description\":\"\",\"publisher\":{\"@id\":\"https:\\\/\\\/repliquemangacine.fr\\\/#organization\"},\"potentialAction\":[{\"@type\":\"SearchAction\",\"target\":{\"@type\":\"EntryPoint\",\"urlTemplate\":\"https:\\\/\\\/repliquemangacine.fr\\\/?s={search_term_string}\"},\"query-input\":{\"@type\":\"PropertyValueSpecification\",\"valueRequired\":true,\"valueName\":\"search_term_string\"}}],\"inLanguage\":\"de\"},{\"@type\":\"Organization\",\"@id\":\"https:\\\/\\\/repliquemangacine.fr\\\/#organization\",\"name\":\"R\u00e9plique Manga Cin\u00e9\",\"url\":\"https:\\\/\\\/repliquemangacine.fr\\\/\",\"logo\":{\"@type\":\"ImageObject\",\"inLanguage\":\"de\",\"@id\":\"https:\\\/\\\/repliquemangacine.fr\\\/#\\\/schema\\\/logo\\\/image\\\/\",\"url\":\"https:\\\/\\\/repliquemangacine.fr\\\/wp-content\\\/uploads\\\/2023\\\/10\\\/RMC-500250.png\",\"contentUrl\":\"https:\\\/\\\/repliquemangacine.fr\\\/wp-content\\\/uploads\\\/2023\\\/10\\\/RMC-500250.png\",\"width\":500,\"height\":250,\"caption\":\"R\u00e9plique Manga Cin\u00e9\"},\"image\":{\"@id\":\"https:\\\/\\\/repliquemangacine.fr\\\/#\\\/schema\\\/logo\\\/image\\\/\"},\"sameAs\":[\"https:\\\/\\\/www.facebook.com\\\/RepliqueMangaCine\",\"https:\\\/\\\/www.instagram.com\\\/repliquemangacine.fr\\\/\"]}]}<\/script>\n<!-- \/ Yoast SEO plugin. -->","yoast_head_json":{"title":"Kugelschreiber Zauberstab Hermine Granger - Harry Potter | RMC","description":"Bestellen Sie schnell Ihren Hermine Granger Zauberstab-Kugelschreiber aus Harry Potter zum besten Preis. Geliefert mit Lesezeichen - Noble Collection-Lizenz - 18.5cm","robots":{"index":"index","follow":"follow","max-snippet":"max-snippet:-1","max-image-preview":"max-image-preview:large","max-video-preview":"max-video-preview:-1"},"canonical":"https:\/\/repliquemangacine.fr\/de\/sammlerstucke-und-goodies-harry-potter\/stift-zauberstab-hermine-granger-lesezeichen\/","og_locale":"de_DE","og_type":"article","og_title":"Stylo Baguette Hermione Granger - Harry Potter | RMC","og_description":"Commandez vite votre Stylo Baguette Hermione Granger dans Harry Potter au meilleur prix. Livr\u00e9 avec son marque page - Licence Noble Collection - 18.5cm","og_url":"https:\/\/repliquemangacine.fr\/de\/sammlerstucke-und-goodies-harry-potter\/stift-zauberstab-hermine-granger-lesezeichen\/","og_site_name":"R\u00e9plique Manga Cin\u00e9","article_publisher":"https:\/\/www.facebook.com\/RepliqueMangaCine","article_modified_time":"2025-09-23T16:02:01+00:00","og_image":[{"width":800,"height":800,"url":"https:\/\/repliquemangacine.fr\/wp-content\/uploads\/2023\/10\/2654-Stylo-baguette-Hermione-Granger-Marque-pages-HP.jpg","type":"image\/jpeg"}],"twitter_card":"summary_large_image","twitter_misc":{"Gesch\u00e4tzte Lesezeit":"1\u00a0Minute"},"schema":{"@context":"https:\/\/schema.org","@graph":[{"@type":"WebPage","@id":"https:\/\/repliquemangacine.fr\/collectors-et-goodies-harry-potter\/stylo-baguette-hermione-granger-marque-pages\/","url":"https:\/\/repliquemangacine.fr\/collectors-et-goodies-harry-potter\/stylo-baguette-hermione-granger-marque-pages\/","name":"Kugelschreiber Zauberstab Hermine Granger - Harry Potter | RMC","isPartOf":{"@id":"https:\/\/repliquemangacine.fr\/#website"},"primaryImageOfPage":{"@id":"https:\/\/repliquemangacine.fr\/collectors-et-goodies-harry-potter\/stylo-baguette-hermione-granger-marque-pages\/#primaryimage"},"image":{"@id":"https:\/\/repliquemangacine.fr\/collectors-et-goodies-harry-potter\/stylo-baguette-hermione-granger-marque-pages\/#primaryimage"},"thumbnailUrl":"https:\/\/repliquemangacine.fr\/wp-content\/uploads\/2023\/10\/2654-Stylo-baguette-Hermione-Granger-Marque-pages-HP.jpg","datePublished":"2018-09-02T15:37:57+00:00","dateModified":"2025-09-23T16:02:01+00:00","description":"Bestellen Sie schnell Ihren Hermine Granger Zauberstab-Kugelschreiber aus Harry Potter zum besten Preis. Geliefert mit Lesezeichen - Noble Collection-Lizenz - 18.5cm","breadcrumb":{"@id":"https:\/\/repliquemangacine.fr\/collectors-et-goodies-harry-potter\/stylo-baguette-hermione-granger-marque-pages\/#breadcrumb"},"inLanguage":"de","potentialAction":[{"@type":"ReadAction","target":["https:\/\/repliquemangacine.fr\/collectors-et-goodies-harry-potter\/stylo-baguette-hermione-granger-marque-pages\/"]}]},{"@type":"ImageObject","inLanguage":"de","@id":"https:\/\/repliquemangacine.fr\/collectors-et-goodies-harry-potter\/stylo-baguette-hermione-granger-marque-pages\/#primaryimage","url":"https:\/\/repliquemangacine.fr\/wp-content\/uploads\/2023\/10\/2654-Stylo-baguette-Hermione-Granger-Marque-pages-HP.jpg","contentUrl":"https:\/\/repliquemangacine.fr\/wp-content\/uploads\/2023\/10\/2654-Stylo-baguette-Hermione-Granger-Marque-pages-HP.jpg","width":800,"height":800,"caption":"Stylo baguette Hermione Granger- Marque pages HP"},{"@type":"BreadcrumbList","@id":"https:\/\/repliquemangacine.fr\/collectors-et-goodies-harry-potter\/stylo-baguette-hermione-granger-marque-pages\/#breadcrumb","itemListElement":[{"@type":"ListItem","position":1,"name":"Accueil","item":"https:\/\/repliquemangacine.fr\/"},{"@type":"ListItem","position":2,"name":"Produits","item":"https:\/\/repliquemangacine.fr\/boutique\/"},{"@type":"ListItem","position":3,"name":"Stylo Hermione Granger"}]},{"@type":"WebSite","@id":"https:\/\/repliquemangacine.fr\/#website","url":"https:\/\/repliquemangacine.fr\/","name":"R\u00e9plique Manga Cin\u00e9","description":"","publisher":{"@id":"https:\/\/repliquemangacine.fr\/#organization"},"potentialAction":[{"@type":"SearchAction","target":{"@type":"EntryPoint","urlTemplate":"https:\/\/repliquemangacine.fr\/?s={search_term_string}"},"query-input":{"@type":"PropertyValueSpecification","valueRequired":true,"valueName":"search_term_string"}}],"inLanguage":"de"},{"@type":"Organization","@id":"https:\/\/repliquemangacine.fr\/#organization","name":"R\u00e9plique Manga Cin\u00e9","url":"https:\/\/repliquemangacine.fr\/","logo":{"@type":"ImageObject","inLanguage":"de","@id":"https:\/\/repliquemangacine.fr\/#\/schema\/logo\/image\/","url":"https:\/\/repliquemangacine.fr\/wp-content\/uploads\/2023\/10\/RMC-500250.png","contentUrl":"https:\/\/repliquemangacine.fr\/wp-content\/uploads\/2023\/10\/RMC-500250.png","width":500,"height":250,"caption":"R\u00e9plique Manga Cin\u00e9"},"image":{"@id":"https:\/\/repliquemangacine.fr\/#\/schema\/logo\/image\/"},"sameAs":["https:\/\/www.facebook.com\/RepliqueMangaCine","https:\/\/www.instagram.com\/repliquemangacine.fr\/"]}]}},"_links":{"self":[{"href":"https:\/\/repliquemangacine.fr\/de\/wp-json\/wp\/v2\/product\/27920","targetHints":{"allow":["GET"]}}],"collection":[{"href":"https:\/\/repliquemangacine.fr\/de\/wp-json\/wp\/v2\/product"}],"about":[{"href":"https:\/\/repliquemangacine.fr\/de\/wp-json\/wp\/v2\/types\/product"}],"wp:featuredmedia":[{"embeddable":true,"href":"https:\/\/repliquemangacine.fr\/de\/wp-json\/wp\/v2\/media\/27921"}],"wp:attachment":[{"href":"https:\/\/repliquemangacine.fr\/de\/wp-json\/wp\/v2\/media?parent=27920"}],"wp:term":[{"taxonomy":"product_brand","embeddable":true,"href":"https:\/\/repliquemangacine.fr\/de\/wp-json\/wp\/v2\/product_brand?post=27920"},{"taxonomy":"product_cat","embeddable":true,"href":"https:\/\/repliquemangacine.fr\/de\/wp-json\/wp\/v2\/product_cat?post=27920"},{"taxonomy":"product_tag","embeddable":true,"href":"https:\/\/repliquemangacine.fr\/de\/wp-json\/wp\/v2\/product_tag?post=27920"}],"curies":[{"name":"wp","href":"https:\/\/api.w.org\/{rel}","templated":true}]}}