





{"id":27902,"date":"2018-08-24T15:40:07","date_gmt":"2018-08-24T13:40:07","guid":{"rendered":"https:\/\/repliquemangacine.fr\/?post_type=product&#038;p=27902"},"modified":"2026-03-05T12:20:54","modified_gmt":"2026-03-05T11:20:54","slug":"deutsche-halbautomatische-pistole-ppk-mit-schalldampfer","status":"publish","type":"product","link":"https:\/\/repliquemangacine.fr\/de\/reproductions-armes-seconde-guerre-mondiale-denix\/pistolet-allemand-semi-automatique-ppk-avec-silencieux\/","title":{"rendered":"Walther PPK mit Schalld\u00e4mpfer"},"content":{"rendered":"<h2>Walther PPK-Pistole mit Denix 1931 Schalld\u00e4mpfer.<\/h2>\n<p>Zu Beginn die Pistole <strong>Walther PPK mit Schalld\u00e4mpfer<\/strong> Denix von 1931 ist die bevorzugte Waffe der meisten deutschen Offiziere im 2\u1d49 Weltkrieg.<\/p>\n<p>Die Walther PP (Polizei Pistole) ist eine halbautomatische, r\u00fccksto\u00dfgeladene Pistole mit doppeltwirkendem Schlo\u00df. Es ist zu betonen, dass die meisten dieser Waffen mit 7,65 mm Browning gekammert waren.<\/p>\n<p>W\u00e4hrend des Zweiten Weltkriegs wurde es von der deutschen Polizei, der Luftwaffe sowie von Offiziellen der Nazipartei verwendet. Adolf Hitler soll sich mit seiner PPK in seinem F\u00fchrerbunker in Berlin selbst get\u00f6tet haben.<\/p>\n<p>In seiner PPK-Version wurde er von der Figur des James Bond unsterblich gemacht. So taucht er in den Filmen James Bond 007 gegen Dr. No bis Morgen stirbt nie sowie in den meisten Filmen des 2.<\/p>\n<h2>Ihre Walther PPK-Pistole mit Schalld\u00e4mpfer zum besten Preis.<\/h2>\n<p>Wir bieten Ihnen eine gro\u00dfe Auswahl an Reproduktionen historischer Waffen der Marke Denix.<\/p>\n<p>Zun\u00e4chst einmal,<\/p>\n<ul>\n<li>Die Replik des Englischen Revolvers <a href=\"https:\/\/repliquemangacine.fr\/de\/darmsreproduktionen\/revolver-mk4-webley-1923\/\">Webley MK4<\/a> von 1923.<\/li>\n<li>Es gibt auch die Deutsche Pistole <a href=\"https:\/\/repliquemangacine.fr\/de\/darmsreproduktionen\/revolver-mk4-webley-1923\/\">Walther P 38<\/a>.<\/li>\n<li>Sowie die Wiedergabe des <a href=\"https:\/\/repliquemangacine.fr\/de\/darmsreproduktionen\/pistolet-mitrailleur-sten-mark-ii\/\">Sten Mark 2 Maschinengewehr<\/a>.<\/li>\n<li>Und viele andere, die es in unserem Online-Shop zu entdecken gibt!<\/li>\n<\/ul>\n<p>Deshalb gibt es hier tolle Geschenkideen f\u00fcr alle Geschichtsinteressierten und vor allem, um unsere Helden nicht zu vergessen.<\/p>\n<p>Abschlie\u00dfend k\u00f6nnen Sie die Pistole <strong>Walther PPK mit Schalld\u00e4mpfer<\/strong> f\u00fcr Ihre historischen Rekonstruktionen. Vor allem aber ist diese Reproduktion eine Sammlerwaffe.<\/p>\n<p>R\u00e9plique Manga Cin\u00e9 ist ein franz\u00f6sisches Familienunternehmen und offizieller Vertriebspartner der Marke <a href=\"https:\/\/www.denix.fr\/fr\/catalogue\/guerres-mondiales-1914-1945\/pistolets\/1311\/\" target=\"_blank\" rel=\"noopener noreferrer\">Denix<\/a>.<\/p>\n<h2>Wie werden Denix-Waffenrepliken hergestellt?<\/h2>\n<p>Werden in historischen Rekonstruktionen, Filmen und Serien sowie von Sammlern verwendet. Denix-Waffenreproduktionen, die aus hochwertigen Materialien hergestellt werden. Sorgf\u00e4ltig bearbeitet und zusammengesetzt, um realistische Sammlerwaffen zu schaffen.<\/p>\n<ul>\n<li>Die Metalle sind in einer Metalllegierung, die als Zamac bekannt ist und deren Grundzusammensetzung Zink in 95% ist.<\/li>\n<li>Die Kunststoffteile der Repliken aus geformtem ABS, das eine hohe Widerstandsf\u00e4higkeit bietet.<\/li>\n<li>Holz, das aufgrund seiner Sch\u00f6nheit und Haltbarkeit ausgew\u00e4hlt wird, wie z. B. Mahagoni, Olivenholz oder Walnuss, verleiht Ihren Sch\u00e4ften und F\u00e4ssern ein elegantes und authentisches Aussehen.<\/li>\n<\/ul>\n<p>Es ist zu betonen, dass alle Nachbildungen von Denix-Waffen mit den Originalen identisch sind, wie Ihr <strong>Walther PPK mit Schalld\u00e4mpfer<\/strong>.<\/p>","protected":false},"excerpt":{"rendered":"<p>Nachbildung der Walther PPK-Pistole aus dem Jahr 1931.<\/p>\n<ul>\n<li>Geh\u00e4use aus Zamak.<\/li>\n<li>Schaftkappen aus geformtem ABS.<\/li>\n<li>Abnehmbares 10,5 cm langes Magazin.<\/li>\n<li>Kaliber 7.65.<\/li>\n<li>Abnehmbarer 13 cm Schalld\u00e4mpfer<\/li>\n<li>Mechanismus\/Simulator zum Laden und Ausl\u00f6sen.<\/li>\n<li>Bewaffnet sich und prallt ab, aber total<strong> untauglich f\u00fcr Schie\u00dfen<\/strong>.<\/li>\n<li><strong>Unterliegt keiner Genehmigungspflicht. Verkauf und Besitz frei<\/strong><\/li>\n<li>L\u00e4nge der Pistole: 17 cm ohne Schalld\u00e4mpfer - 30 cm mit Schalld\u00e4mpfer<\/li>\n<li>Gewicht: 720 g<\/li>\n<\/ul>","protected":false},"featured_media":27903,"template":"","meta":[],"product_brand":[896],"product_cat":[25,102,54,40,28,76],"product_tag":[],"class_list":{"0":"post-27902","1":"product","2":"type-product","3":"status-publish","4":"has-post-thumbnail","6":"product_brand-replique-manga-cine","7":"product_cat-armes-historiques","8":"product_cat-denix","9":"product_cat-armes-accessoires-guerre-mondiale","10":"product_cat-pistolet-moderne","11":"product_cat-repliques-darmes","12":"product_cat-reproductions-armes-seconde-guerre-mondiale-denix","14":"first","15":"outofstock","16":"sale","17":"taxable","18":"shipping-taxable","19":"purchasable","20":"product-type-simple"},"yoast_head":"<!-- This site is optimized with the Yoast SEO plugin v27.4 - https:\/\/yoast.com\/product\/yoast-seo-wordpress\/ -->\n<title>Walther PPK avec silencieux - Vente en ligne pistolet Denix | RMC<\/title>\n<meta name=\"description\" content=\"Offrez-vous le Walther PPK avec silencieux au meilleur prix - Tout en m\u00e9tal - Silencieux amovible - M\u00e9canisme fonctionnel - Inapte au tir - Longueur 30 cm\" \/>\n<meta name=\"robots\" content=\"index, follow, max-snippet:-1, max-image-preview:large, max-video-preview:-1\" \/>\n<link rel=\"canonical\" href=\"https:\/\/repliquemangacine.fr\/de\/denix\/deutsche-halbautomatische-pistole-ppk-mit-schalldampfer\/\" \/>\n<meta property=\"og:locale\" content=\"de_DE\" \/>\n<meta property=\"og:type\" content=\"article\" \/>\n<meta property=\"og:title\" content=\"Walther PPK avec silencieux - Vente en ligne pistolet Denix | RMC\" \/>\n<meta property=\"og:description\" content=\"Offrez-vous le Walther PPK avec silencieux au meilleur prix - Tout en m\u00e9tal - Silencieux amovible - M\u00e9canisme fonctionnel - Inapte au tir - Longueur 30 cm\" \/>\n<meta property=\"og:url\" content=\"https:\/\/repliquemangacine.fr\/de\/denix\/deutsche-halbautomatische-pistole-ppk-mit-schalldampfer\/\" \/>\n<meta property=\"og:site_name\" content=\"R\u00e9plique Manga Cin\u00e9\" \/>\n<meta property=\"article:publisher\" content=\"https:\/\/www.facebook.com\/RepliqueMangaCine\" \/>\n<meta property=\"article:modified_time\" content=\"2026-03-05T11:20:54+00:00\" \/>\n<meta property=\"og:image\" content=\"https:\/\/repliquemangacine.fr\/wp-content\/uploads\/2023\/10\/2638-Pistolet-Allemand-semi-automatique-PPK-avec-silencieux.jpg\" \/>\n\t<meta property=\"og:image:width\" content=\"800\" \/>\n\t<meta property=\"og:image:height\" content=\"800\" \/>\n\t<meta property=\"og:image:type\" content=\"image\/jpeg\" \/>\n<meta name=\"twitter:card\" content=\"summary_large_image\" \/>\n<meta name=\"twitter:label1\" content=\"Gesch\u00e4tzte Lesezeit\" \/>\n\t<meta name=\"twitter:data1\" content=\"3\u00a0Minuten\" \/>\n<script type=\"application\/ld+json\" class=\"yoast-schema-graph\">{\"@context\":\"https:\\\/\\\/schema.org\",\"@graph\":[{\"@type\":\"WebPage\",\"@id\":\"https:\\\/\\\/repliquemangacine.fr\\\/denix\\\/pistolet-allemand-semi-automatique-ppk-avec-silencieux\\\/\",\"url\":\"https:\\\/\\\/repliquemangacine.fr\\\/denix\\\/pistolet-allemand-semi-automatique-ppk-avec-silencieux\\\/\",\"name\":\"Walther PPK avec silencieux - Vente en ligne pistolet Denix | RMC\",\"isPartOf\":{\"@id\":\"https:\\\/\\\/repliquemangacine.fr\\\/#website\"},\"primaryImageOfPage\":{\"@id\":\"https:\\\/\\\/repliquemangacine.fr\\\/denix\\\/pistolet-allemand-semi-automatique-ppk-avec-silencieux\\\/#primaryimage\"},\"image\":{\"@id\":\"https:\\\/\\\/repliquemangacine.fr\\\/denix\\\/pistolet-allemand-semi-automatique-ppk-avec-silencieux\\\/#primaryimage\"},\"thumbnailUrl\":\"https:\\\/\\\/repliquemangacine.fr\\\/wp-content\\\/uploads\\\/2023\\\/10\\\/2638-Pistolet-Allemand-semi-automatique-PPK-avec-silencieux.jpg\",\"datePublished\":\"2018-08-24T13:40:07+00:00\",\"dateModified\":\"2026-03-05T11:20:54+00:00\",\"description\":\"Offrez-vous le Walther PPK avec silencieux au meilleur prix - Tout en m\u00e9tal - Silencieux amovible - M\u00e9canisme fonctionnel - Inapte au tir - Longueur 30 cm\",\"breadcrumb\":{\"@id\":\"https:\\\/\\\/repliquemangacine.fr\\\/denix\\\/pistolet-allemand-semi-automatique-ppk-avec-silencieux\\\/#breadcrumb\"},\"inLanguage\":\"de\",\"potentialAction\":[{\"@type\":\"ReadAction\",\"target\":[\"https:\\\/\\\/repliquemangacine.fr\\\/denix\\\/pistolet-allemand-semi-automatique-ppk-avec-silencieux\\\/\"]}]},{\"@type\":\"ImageObject\",\"inLanguage\":\"de\",\"@id\":\"https:\\\/\\\/repliquemangacine.fr\\\/denix\\\/pistolet-allemand-semi-automatique-ppk-avec-silencieux\\\/#primaryimage\",\"url\":\"https:\\\/\\\/repliquemangacine.fr\\\/wp-content\\\/uploads\\\/2023\\\/10\\\/2638-Pistolet-Allemand-semi-automatique-PPK-avec-silencieux.jpg\",\"contentUrl\":\"https:\\\/\\\/repliquemangacine.fr\\\/wp-content\\\/uploads\\\/2023\\\/10\\\/2638-Pistolet-Allemand-semi-automatique-PPK-avec-silencieux.jpg\",\"width\":800,\"height\":800,\"caption\":\"Pistolet Allemand semi-automatique PPK avec silencieux\"},{\"@type\":\"BreadcrumbList\",\"@id\":\"https:\\\/\\\/repliquemangacine.fr\\\/denix\\\/pistolet-allemand-semi-automatique-ppk-avec-silencieux\\\/#breadcrumb\",\"itemListElement\":[{\"@type\":\"ListItem\",\"position\":1,\"name\":\"Accueil\",\"item\":\"https:\\\/\\\/repliquemangacine.fr\\\/\"},{\"@type\":\"ListItem\",\"position\":2,\"name\":\"Produits\",\"item\":\"https:\\\/\\\/repliquemangacine.fr\\\/boutique\\\/\"},{\"@type\":\"ListItem\",\"position\":3,\"name\":\"Walther PPK avec silencieux\"}]},{\"@type\":\"WebSite\",\"@id\":\"https:\\\/\\\/repliquemangacine.fr\\\/#website\",\"url\":\"https:\\\/\\\/repliquemangacine.fr\\\/\",\"name\":\"R\u00e9plique Manga Cin\u00e9\",\"description\":\"\",\"publisher\":{\"@id\":\"https:\\\/\\\/repliquemangacine.fr\\\/#organization\"},\"potentialAction\":[{\"@type\":\"SearchAction\",\"target\":{\"@type\":\"EntryPoint\",\"urlTemplate\":\"https:\\\/\\\/repliquemangacine.fr\\\/?s={search_term_string}\"},\"query-input\":{\"@type\":\"PropertyValueSpecification\",\"valueRequired\":true,\"valueName\":\"search_term_string\"}}],\"inLanguage\":\"de\"},{\"@type\":\"Organization\",\"@id\":\"https:\\\/\\\/repliquemangacine.fr\\\/#organization\",\"name\":\"R\u00e9plique Manga Cin\u00e9\",\"url\":\"https:\\\/\\\/repliquemangacine.fr\\\/\",\"logo\":{\"@type\":\"ImageObject\",\"inLanguage\":\"de\",\"@id\":\"https:\\\/\\\/repliquemangacine.fr\\\/#\\\/schema\\\/logo\\\/image\\\/\",\"url\":\"https:\\\/\\\/repliquemangacine.fr\\\/wp-content\\\/uploads\\\/2023\\\/10\\\/RMC-500250.png\",\"contentUrl\":\"https:\\\/\\\/repliquemangacine.fr\\\/wp-content\\\/uploads\\\/2023\\\/10\\\/RMC-500250.png\",\"width\":500,\"height\":250,\"caption\":\"R\u00e9plique Manga Cin\u00e9\"},\"image\":{\"@id\":\"https:\\\/\\\/repliquemangacine.fr\\\/#\\\/schema\\\/logo\\\/image\\\/\"},\"sameAs\":[\"https:\\\/\\\/www.facebook.com\\\/RepliqueMangaCine\",\"https:\\\/\\\/www.instagram.com\\\/repliquemangacine.fr\\\/\"]}]}<\/script>\n<!-- \/ Yoast SEO plugin. -->","yoast_head_json":{"title":"Walther PPK mit Schalld\u00e4mpfer - Online-Verkauf Denix Pistole | RMC","description":"Bieten Sie den Walther PPK mit Schalld\u00e4mpfer zum besten Preis an - Ganz aus Metall - Abnehmbarer Schalld\u00e4mpfer - Funktioneller Mechanismus - Nicht schie\u00dff\u00e4hig - L\u00e4nge 30 cm","robots":{"index":"index","follow":"follow","max-snippet":"max-snippet:-1","max-image-preview":"max-image-preview:large","max-video-preview":"max-video-preview:-1"},"canonical":"https:\/\/repliquemangacine.fr\/de\/denix\/deutsche-halbautomatische-pistole-ppk-mit-schalldampfer\/","og_locale":"de_DE","og_type":"article","og_title":"Walther PPK avec silencieux - Vente en ligne pistolet Denix | RMC","og_description":"Offrez-vous le Walther PPK avec silencieux au meilleur prix - Tout en m\u00e9tal - Silencieux amovible - M\u00e9canisme fonctionnel - Inapte au tir - Longueur 30 cm","og_url":"https:\/\/repliquemangacine.fr\/de\/denix\/deutsche-halbautomatische-pistole-ppk-mit-schalldampfer\/","og_site_name":"R\u00e9plique Manga Cin\u00e9","article_publisher":"https:\/\/www.facebook.com\/RepliqueMangaCine","article_modified_time":"2026-03-05T11:20:54+00:00","og_image":[{"width":800,"height":800,"url":"https:\/\/repliquemangacine.fr\/wp-content\/uploads\/2023\/10\/2638-Pistolet-Allemand-semi-automatique-PPK-avec-silencieux.jpg","type":"image\/jpeg"}],"twitter_card":"summary_large_image","twitter_misc":{"Gesch\u00e4tzte Lesezeit":"3\u00a0Minuten"},"schema":{"@context":"https:\/\/schema.org","@graph":[{"@type":"WebPage","@id":"https:\/\/repliquemangacine.fr\/denix\/pistolet-allemand-semi-automatique-ppk-avec-silencieux\/","url":"https:\/\/repliquemangacine.fr\/denix\/pistolet-allemand-semi-automatique-ppk-avec-silencieux\/","name":"Walther PPK mit Schalld\u00e4mpfer - Online-Verkauf Denix Pistole | RMC","isPartOf":{"@id":"https:\/\/repliquemangacine.fr\/#website"},"primaryImageOfPage":{"@id":"https:\/\/repliquemangacine.fr\/denix\/pistolet-allemand-semi-automatique-ppk-avec-silencieux\/#primaryimage"},"image":{"@id":"https:\/\/repliquemangacine.fr\/denix\/pistolet-allemand-semi-automatique-ppk-avec-silencieux\/#primaryimage"},"thumbnailUrl":"https:\/\/repliquemangacine.fr\/wp-content\/uploads\/2023\/10\/2638-Pistolet-Allemand-semi-automatique-PPK-avec-silencieux.jpg","datePublished":"2018-08-24T13:40:07+00:00","dateModified":"2026-03-05T11:20:54+00:00","description":"Bieten Sie den Walther PPK mit Schalld\u00e4mpfer zum besten Preis an - Ganz aus Metall - Abnehmbarer Schalld\u00e4mpfer - Funktioneller Mechanismus - Nicht schie\u00dff\u00e4hig - L\u00e4nge 30 cm","breadcrumb":{"@id":"https:\/\/repliquemangacine.fr\/denix\/pistolet-allemand-semi-automatique-ppk-avec-silencieux\/#breadcrumb"},"inLanguage":"de","potentialAction":[{"@type":"ReadAction","target":["https:\/\/repliquemangacine.fr\/denix\/pistolet-allemand-semi-automatique-ppk-avec-silencieux\/"]}]},{"@type":"ImageObject","inLanguage":"de","@id":"https:\/\/repliquemangacine.fr\/denix\/pistolet-allemand-semi-automatique-ppk-avec-silencieux\/#primaryimage","url":"https:\/\/repliquemangacine.fr\/wp-content\/uploads\/2023\/10\/2638-Pistolet-Allemand-semi-automatique-PPK-avec-silencieux.jpg","contentUrl":"https:\/\/repliquemangacine.fr\/wp-content\/uploads\/2023\/10\/2638-Pistolet-Allemand-semi-automatique-PPK-avec-silencieux.jpg","width":800,"height":800,"caption":"Pistolet Allemand semi-automatique PPK avec silencieux"},{"@type":"BreadcrumbList","@id":"https:\/\/repliquemangacine.fr\/denix\/pistolet-allemand-semi-automatique-ppk-avec-silencieux\/#breadcrumb","itemListElement":[{"@type":"ListItem","position":1,"name":"Accueil","item":"https:\/\/repliquemangacine.fr\/"},{"@type":"ListItem","position":2,"name":"Produits","item":"https:\/\/repliquemangacine.fr\/boutique\/"},{"@type":"ListItem","position":3,"name":"Walther PPK avec silencieux"}]},{"@type":"WebSite","@id":"https:\/\/repliquemangacine.fr\/#website","url":"https:\/\/repliquemangacine.fr\/","name":"R\u00e9plique Manga Cin\u00e9","description":"","publisher":{"@id":"https:\/\/repliquemangacine.fr\/#organization"},"potentialAction":[{"@type":"SearchAction","target":{"@type":"EntryPoint","urlTemplate":"https:\/\/repliquemangacine.fr\/?s={search_term_string}"},"query-input":{"@type":"PropertyValueSpecification","valueRequired":true,"valueName":"search_term_string"}}],"inLanguage":"de"},{"@type":"Organization","@id":"https:\/\/repliquemangacine.fr\/#organization","name":"R\u00e9plique Manga Cin\u00e9","url":"https:\/\/repliquemangacine.fr\/","logo":{"@type":"ImageObject","inLanguage":"de","@id":"https:\/\/repliquemangacine.fr\/#\/schema\/logo\/image\/","url":"https:\/\/repliquemangacine.fr\/wp-content\/uploads\/2023\/10\/RMC-500250.png","contentUrl":"https:\/\/repliquemangacine.fr\/wp-content\/uploads\/2023\/10\/RMC-500250.png","width":500,"height":250,"caption":"R\u00e9plique Manga Cin\u00e9"},"image":{"@id":"https:\/\/repliquemangacine.fr\/#\/schema\/logo\/image\/"},"sameAs":["https:\/\/www.facebook.com\/RepliqueMangaCine","https:\/\/www.instagram.com\/repliquemangacine.fr\/"]}]}},"_links":{"self":[{"href":"https:\/\/repliquemangacine.fr\/de\/wp-json\/wp\/v2\/product\/27902","targetHints":{"allow":["GET"]}}],"collection":[{"href":"https:\/\/repliquemangacine.fr\/de\/wp-json\/wp\/v2\/product"}],"about":[{"href":"https:\/\/repliquemangacine.fr\/de\/wp-json\/wp\/v2\/types\/product"}],"wp:featuredmedia":[{"embeddable":true,"href":"https:\/\/repliquemangacine.fr\/de\/wp-json\/wp\/v2\/media\/27903"}],"wp:attachment":[{"href":"https:\/\/repliquemangacine.fr\/de\/wp-json\/wp\/v2\/media?parent=27902"}],"wp:term":[{"taxonomy":"product_brand","embeddable":true,"href":"https:\/\/repliquemangacine.fr\/de\/wp-json\/wp\/v2\/product_brand?post=27902"},{"taxonomy":"product_cat","embeddable":true,"href":"https:\/\/repliquemangacine.fr\/de\/wp-json\/wp\/v2\/product_cat?post=27902"},{"taxonomy":"product_tag","embeddable":true,"href":"https:\/\/repliquemangacine.fr\/de\/wp-json\/wp\/v2\/product_tag?post=27902"}],"curies":[{"name":"wp","href":"https:\/\/api.w.org\/{rel}","templated":true}]}}