





{"id":27894,"date":"2018-08-02T17:34:35","date_gmt":"2018-08-02T15:34:35","guid":{"rendered":"https:\/\/repliquemangacine.fr\/?post_type=product&#038;p=27894"},"modified":"2026-04-22T19:47:34","modified_gmt":"2026-04-22T17:47:34","slug":"kugelformige-wandhalterung-fur-pistole-gewehr-und-schwert","status":"publish","type":"product","link":"https:\/\/repliquemangacine.fr\/de\/holster-accessoires-western\/support-mural-en-forme-de-balles-pour-pistolet-fusil-et-epee\/","title":{"rendered":"Wandhalterung Ball"},"content":{"rendered":"<h2>Wandhalterung Ball - Denix<\/h2>\n<p>Zu Beginn wird der <strong>Wandhalterung Ball<\/strong>, Das unverzichtbare Zubeh\u00f6r f\u00fcr die Wandpr\u00e4sentation Ihrer Denix-Repliken.<\/p>\n<p>Diese Halterung l\u00e4sst sich auf eine Tiefe zwischen 3 und 5 cm einstellen, sodass Sie mehrere Lagen Gewehre oder Colts unterbringen k\u00f6nnen. Mit ihrer Form einer Kugel vom Kaliber 30-06 Springfield werden Sie so manchen \u00fcberraschen!<\/p>\n<p>Hochwertige Qualit\u00e4t, die mit besonderer Sorgfalt hergestellt wird. Die Denix-Herstellung erfolgt zum Teil von Hand, um jedes noch so kleine Detail zu reproduzieren. Gr\u00f6\u00dfere Teile werden von pr\u00e4zisen Maschinen bearbeitet. Die Gravuren werden in der Regel mit einer Diamantspitze oder einem Laser ausgef\u00fchrt.<\/p>\n<p>Denix, weltweit f\u00fchrend in der Reproduktion historischer Waffen. Es ist hervorzuheben, dass Denix den Schwerpunkt auf die Herstellung hochwertiger Repliken legt, die so historisch genau wie m\u00f6glich sind.<\/p>\n<h2>Ihre Reproduktionen historischer Waffen zum besten Preis.<\/h2>\n<p>Wir bieten Ihnen eine gro\u00dfe Auswahl an Waffenrepliken von Denix. Diese Wandhalterung passt perfekt zu allen Waffenrepliken, die in unserem Online-Shop angeboten werden.<\/p>\n<p>Zun\u00e4chst einmal,<\/p>\n<ul>\n<li>Die <a href=\"https:\/\/repliquemangacine.fr\/de\/repliken-western-winchesters\/doppellaufiges-gewehr-wyatt-earp-usa-1881\/\">Gewehr Wyatt Earp<\/a> mit seinem nebeneinander liegenden Doppellauf und dem massiven Holzgriff.<\/li>\n<li>Sowie das <a href=\"https:\/\/repliquemangacine.fr\/de\/winchester-gewehr\/gewehr-henry-burgerkrieg-usa-1860\/\">Henry-Gewehr 1860<\/a>Der Film ist so ber\u00fchmt wie der amerikanische und der italienische Western.<\/li>\n<li>Es gibt auch die <a href=\"https:\/\/repliquemangacine.fr\/de\/colt-pistole\/\">Peacemaker colts<\/a> Kaliber 45., in verschiedenen Laufl\u00e4ngen<\/li>\n<li>Und viele andere, die es in unserem Online-Shop zu entdecken gibt!<\/li>\n<\/ul>\n<p>Deshalb finden Sie hier einige gro\u00dfartige Geschenkideen f\u00fcr alle Liebhaber historischer Waffen.<\/p>\n<p>Abschlie\u00dfend k\u00f6nnen Sie diesen <strong>Wandhalterung Ball<\/strong> f\u00fcr Ihre historische und innere Ausstellung.<\/p>\n<p>R\u00e9plique Manga Cin\u00e9 ist ein franz\u00f6sisches Familienunternehmen und offizieller Vertriebspartner der Marke <a href=\"https:\/\/www.denix.fr\/\" target=\"_blank\" rel=\"noopener noreferrer\">Denix<\/a>.<\/p>","protected":false},"excerpt":{"rendered":"<p>Set aus zwei kugelf\u00f6rmigen Teilen, um Ihre Colts, Gewehre und Winchesters auszustellen.<\/p>\n<ul>\n<li>Vollst\u00e4ndig aus Metall.<\/li>\n<li>Einstellbare Tiefe von 2,5 cm bis 4,5 cm.<\/li>\n<li>Befestigung mit zwei Schrauben (notwendig, wird mitgeliefert).<\/li>\n<li>Ma\u00dfe: H\u00f6he des Balles: 4 cm - Breite: 1,5 cm.<\/li>\n<\/ul>","protected":false},"featured_media":27895,"template":"","meta":[],"product_brand":[896],"product_cat":[51,25,34,102,54,90,85,28,27],"product_tag":[],"class_list":{"0":"post-27894","1":"product","2":"type-product","3":"status-publish","4":"has-post-thumbnail","6":"product_brand-replique-manga-cine","7":"product_cat-accessoires-western","8":"product_cat-armes-historiques","9":"product_cat-armes-westerns","10":"product_cat-denix","11":"product_cat-armes-accessoires-guerre-mondiale","12":"product_cat-holster-accessoires-western","13":"product_cat-dagues-et-accessoires-seconde-guerre-mondiale-materiels-militaria","14":"product_cat-repliques-darmes","15":"product_cat-armes-et-accessoires-western","17":"first","18":"instock","19":"taxable","20":"shipping-taxable","21":"purchasable","22":"product-type-simple"},"yoast_head":"<!-- This site is optimized with the Yoast SEO plugin v27.5 - https:\/\/yoast.com\/product\/yoast-seo-wordpress\/ -->\n<title>Support mural balle - Boutique en ligne | R\u00e9plique Manga Cin\u00e9<\/title>\n<meta name=\"description\" content=\"Offrez-vous ce support mural balle au meilleur prix - Tout en m\u00e9tal - R\u00e9glable en profondeur de 2.5 cm \u00e0 4.5 cm - Hauteur : 4 cm - Envoi 24\/48h\" \/>\n<meta name=\"robots\" content=\"index, follow, max-snippet:-1, max-image-preview:large, max-video-preview:-1\" \/>\n<link rel=\"canonical\" href=\"https:\/\/repliquemangacine.fr\/de\/denix\/kugelformige-wandhalterung-fur-pistole-gewehr-und-schwert\/\" \/>\n<meta property=\"og:locale\" content=\"de_DE\" \/>\n<meta property=\"og:type\" content=\"article\" \/>\n<meta property=\"og:title\" content=\"Support mural balle - Boutique en ligne | R\u00e9plique Manga Cin\u00e9\" \/>\n<meta property=\"og:description\" content=\"Offrez-vous ce support mural balle au meilleur prix - Tout en m\u00e9tal - R\u00e9glable en profondeur de 2.5 cm \u00e0 4.5 cm - Hauteur : 4 cm - Envoi 24\/48h\" \/>\n<meta property=\"og:url\" content=\"https:\/\/repliquemangacine.fr\/de\/denix\/kugelformige-wandhalterung-fur-pistole-gewehr-und-schwert\/\" \/>\n<meta property=\"og:site_name\" content=\"R\u00e9plique Manga Cin\u00e9\" \/>\n<meta property=\"article:publisher\" content=\"https:\/\/www.facebook.com\/RepliqueMangaCine\" \/>\n<meta property=\"article:modified_time\" content=\"2026-04-22T17:47:34+00:00\" \/>\n<meta property=\"og:image\" content=\"https:\/\/repliquemangacine.fr\/wp-content\/uploads\/2023\/10\/2945-Support-mural-en-forme-de-balles-pour-Pistolet-fusil-et-epee.jpg\" \/>\n\t<meta property=\"og:image:width\" content=\"800\" \/>\n\t<meta property=\"og:image:height\" content=\"800\" \/>\n\t<meta property=\"og:image:type\" content=\"image\/jpeg\" \/>\n<meta name=\"twitter:card\" content=\"summary_large_image\" \/>\n<meta name=\"twitter:label1\" content=\"Gesch\u00e4tzte Lesezeit\" \/>\n\t<meta name=\"twitter:data1\" content=\"1\u00a0Minute\" \/>\n<script type=\"application\/ld+json\" class=\"yoast-schema-graph\">{\"@context\":\"https:\\\/\\\/schema.org\",\"@graph\":[{\"@type\":\"WebPage\",\"@id\":\"https:\\\/\\\/repliquemangacine.fr\\\/denix\\\/support-mural-en-forme-de-balles-pour-pistolet-fusil-et-epee\\\/\",\"url\":\"https:\\\/\\\/repliquemangacine.fr\\\/denix\\\/support-mural-en-forme-de-balles-pour-pistolet-fusil-et-epee\\\/\",\"name\":\"Support mural balle - Boutique en ligne | R\u00e9plique Manga Cin\u00e9\",\"isPartOf\":{\"@id\":\"https:\\\/\\\/repliquemangacine.fr\\\/#website\"},\"primaryImageOfPage\":{\"@id\":\"https:\\\/\\\/repliquemangacine.fr\\\/denix\\\/support-mural-en-forme-de-balles-pour-pistolet-fusil-et-epee\\\/#primaryimage\"},\"image\":{\"@id\":\"https:\\\/\\\/repliquemangacine.fr\\\/denix\\\/support-mural-en-forme-de-balles-pour-pistolet-fusil-et-epee\\\/#primaryimage\"},\"thumbnailUrl\":\"https:\\\/\\\/repliquemangacine.fr\\\/wp-content\\\/uploads\\\/2023\\\/10\\\/2945-Support-mural-en-forme-de-balles-pour-Pistolet-fusil-et-epee.jpg\",\"datePublished\":\"2018-08-02T15:34:35+00:00\",\"dateModified\":\"2026-04-22T17:47:34+00:00\",\"description\":\"Offrez-vous ce support mural balle au meilleur prix - Tout en m\u00e9tal - R\u00e9glable en profondeur de 2.5 cm \u00e0 4.5 cm - Hauteur : 4 cm - Envoi 24\\\/48h\",\"breadcrumb\":{\"@id\":\"https:\\\/\\\/repliquemangacine.fr\\\/denix\\\/support-mural-en-forme-de-balles-pour-pistolet-fusil-et-epee\\\/#breadcrumb\"},\"inLanguage\":\"de\",\"potentialAction\":[{\"@type\":\"ReadAction\",\"target\":[\"https:\\\/\\\/repliquemangacine.fr\\\/denix\\\/support-mural-en-forme-de-balles-pour-pistolet-fusil-et-epee\\\/\"]}]},{\"@type\":\"ImageObject\",\"inLanguage\":\"de\",\"@id\":\"https:\\\/\\\/repliquemangacine.fr\\\/denix\\\/support-mural-en-forme-de-balles-pour-pistolet-fusil-et-epee\\\/#primaryimage\",\"url\":\"https:\\\/\\\/repliquemangacine.fr\\\/wp-content\\\/uploads\\\/2023\\\/10\\\/2945-Support-mural-en-forme-de-balles-pour-Pistolet-fusil-et-epee.jpg\",\"contentUrl\":\"https:\\\/\\\/repliquemangacine.fr\\\/wp-content\\\/uploads\\\/2023\\\/10\\\/2945-Support-mural-en-forme-de-balles-pour-Pistolet-fusil-et-epee.jpg\",\"width\":800,\"height\":800,\"caption\":\"Support mural en forme de balles pour Pistolet, fusil et \u00e9p\u00e9e\"},{\"@type\":\"BreadcrumbList\",\"@id\":\"https:\\\/\\\/repliquemangacine.fr\\\/denix\\\/support-mural-en-forme-de-balles-pour-pistolet-fusil-et-epee\\\/#breadcrumb\",\"itemListElement\":[{\"@type\":\"ListItem\",\"position\":1,\"name\":\"Accueil\",\"item\":\"https:\\\/\\\/repliquemangacine.fr\\\/\"},{\"@type\":\"ListItem\",\"position\":2,\"name\":\"Produits\",\"item\":\"https:\\\/\\\/repliquemangacine.fr\\\/boutique\\\/\"},{\"@type\":\"ListItem\",\"position\":3,\"name\":\"Support mural balle\"}]},{\"@type\":\"WebSite\",\"@id\":\"https:\\\/\\\/repliquemangacine.fr\\\/#website\",\"url\":\"https:\\\/\\\/repliquemangacine.fr\\\/\",\"name\":\"R\u00e9plique Manga Cin\u00e9\",\"description\":\"\",\"publisher\":{\"@id\":\"https:\\\/\\\/repliquemangacine.fr\\\/#organization\"},\"potentialAction\":[{\"@type\":\"SearchAction\",\"target\":{\"@type\":\"EntryPoint\",\"urlTemplate\":\"https:\\\/\\\/repliquemangacine.fr\\\/?s={search_term_string}\"},\"query-input\":{\"@type\":\"PropertyValueSpecification\",\"valueRequired\":true,\"valueName\":\"search_term_string\"}}],\"inLanguage\":\"de\"},{\"@type\":\"Organization\",\"@id\":\"https:\\\/\\\/repliquemangacine.fr\\\/#organization\",\"name\":\"R\u00e9plique Manga Cin\u00e9\",\"url\":\"https:\\\/\\\/repliquemangacine.fr\\\/\",\"logo\":{\"@type\":\"ImageObject\",\"inLanguage\":\"de\",\"@id\":\"https:\\\/\\\/repliquemangacine.fr\\\/#\\\/schema\\\/logo\\\/image\\\/\",\"url\":\"https:\\\/\\\/repliquemangacine.fr\\\/wp-content\\\/uploads\\\/2023\\\/10\\\/RMC-500250.png\",\"contentUrl\":\"https:\\\/\\\/repliquemangacine.fr\\\/wp-content\\\/uploads\\\/2023\\\/10\\\/RMC-500250.png\",\"width\":500,\"height\":250,\"caption\":\"R\u00e9plique Manga Cin\u00e9\"},\"image\":{\"@id\":\"https:\\\/\\\/repliquemangacine.fr\\\/#\\\/schema\\\/logo\\\/image\\\/\"},\"sameAs\":[\"https:\\\/\\\/www.facebook.com\\\/RepliqueMangaCine\",\"https:\\\/\\\/www.instagram.com\\\/repliquemangacine.fr\\\/\"]}]}<\/script>\n<!-- \/ Yoast SEO plugin. -->","yoast_head_json":{"title":"Wandhalterung Ball - Online-Shop | R\u00e9plique Manga Cin\u00e9","description":"G\u00f6nnen Sie sich diese Ball-Wandhalterung zum besten Preis - Ganz aus Metall - In der Tiefe verstellbar von 2.5 cm bis 4.5 cm - H\u00f6he: 4 cm - Versand 24\/48h","robots":{"index":"index","follow":"follow","max-snippet":"max-snippet:-1","max-image-preview":"max-image-preview:large","max-video-preview":"max-video-preview:-1"},"canonical":"https:\/\/repliquemangacine.fr\/de\/denix\/kugelformige-wandhalterung-fur-pistole-gewehr-und-schwert\/","og_locale":"de_DE","og_type":"article","og_title":"Support mural balle - Boutique en ligne | R\u00e9plique Manga Cin\u00e9","og_description":"Offrez-vous ce support mural balle au meilleur prix - Tout en m\u00e9tal - R\u00e9glable en profondeur de 2.5 cm \u00e0 4.5 cm - Hauteur : 4 cm - Envoi 24\/48h","og_url":"https:\/\/repliquemangacine.fr\/de\/denix\/kugelformige-wandhalterung-fur-pistole-gewehr-und-schwert\/","og_site_name":"R\u00e9plique Manga Cin\u00e9","article_publisher":"https:\/\/www.facebook.com\/RepliqueMangaCine","article_modified_time":"2026-04-22T17:47:34+00:00","og_image":[{"width":800,"height":800,"url":"https:\/\/repliquemangacine.fr\/wp-content\/uploads\/2023\/10\/2945-Support-mural-en-forme-de-balles-pour-Pistolet-fusil-et-epee.jpg","type":"image\/jpeg"}],"twitter_card":"summary_large_image","twitter_misc":{"Gesch\u00e4tzte Lesezeit":"1\u00a0Minute"},"schema":{"@context":"https:\/\/schema.org","@graph":[{"@type":"WebPage","@id":"https:\/\/repliquemangacine.fr\/denix\/support-mural-en-forme-de-balles-pour-pistolet-fusil-et-epee\/","url":"https:\/\/repliquemangacine.fr\/denix\/support-mural-en-forme-de-balles-pour-pistolet-fusil-et-epee\/","name":"Wandhalterung Ball - Online-Shop | R\u00e9plique Manga Cin\u00e9","isPartOf":{"@id":"https:\/\/repliquemangacine.fr\/#website"},"primaryImageOfPage":{"@id":"https:\/\/repliquemangacine.fr\/denix\/support-mural-en-forme-de-balles-pour-pistolet-fusil-et-epee\/#primaryimage"},"image":{"@id":"https:\/\/repliquemangacine.fr\/denix\/support-mural-en-forme-de-balles-pour-pistolet-fusil-et-epee\/#primaryimage"},"thumbnailUrl":"https:\/\/repliquemangacine.fr\/wp-content\/uploads\/2023\/10\/2945-Support-mural-en-forme-de-balles-pour-Pistolet-fusil-et-epee.jpg","datePublished":"2018-08-02T15:34:35+00:00","dateModified":"2026-04-22T17:47:34+00:00","description":"G\u00f6nnen Sie sich diese Ball-Wandhalterung zum besten Preis - Ganz aus Metall - In der Tiefe verstellbar von 2.5 cm bis 4.5 cm - H\u00f6he: 4 cm - Versand 24\/48h","breadcrumb":{"@id":"https:\/\/repliquemangacine.fr\/denix\/support-mural-en-forme-de-balles-pour-pistolet-fusil-et-epee\/#breadcrumb"},"inLanguage":"de","potentialAction":[{"@type":"ReadAction","target":["https:\/\/repliquemangacine.fr\/denix\/support-mural-en-forme-de-balles-pour-pistolet-fusil-et-epee\/"]}]},{"@type":"ImageObject","inLanguage":"de","@id":"https:\/\/repliquemangacine.fr\/denix\/support-mural-en-forme-de-balles-pour-pistolet-fusil-et-epee\/#primaryimage","url":"https:\/\/repliquemangacine.fr\/wp-content\/uploads\/2023\/10\/2945-Support-mural-en-forme-de-balles-pour-Pistolet-fusil-et-epee.jpg","contentUrl":"https:\/\/repliquemangacine.fr\/wp-content\/uploads\/2023\/10\/2945-Support-mural-en-forme-de-balles-pour-Pistolet-fusil-et-epee.jpg","width":800,"height":800,"caption":"Support mural en forme de balles pour Pistolet, fusil et \u00e9p\u00e9e"},{"@type":"BreadcrumbList","@id":"https:\/\/repliquemangacine.fr\/denix\/support-mural-en-forme-de-balles-pour-pistolet-fusil-et-epee\/#breadcrumb","itemListElement":[{"@type":"ListItem","position":1,"name":"Accueil","item":"https:\/\/repliquemangacine.fr\/"},{"@type":"ListItem","position":2,"name":"Produits","item":"https:\/\/repliquemangacine.fr\/boutique\/"},{"@type":"ListItem","position":3,"name":"Support mural balle"}]},{"@type":"WebSite","@id":"https:\/\/repliquemangacine.fr\/#website","url":"https:\/\/repliquemangacine.fr\/","name":"R\u00e9plique Manga Cin\u00e9","description":"","publisher":{"@id":"https:\/\/repliquemangacine.fr\/#organization"},"potentialAction":[{"@type":"SearchAction","target":{"@type":"EntryPoint","urlTemplate":"https:\/\/repliquemangacine.fr\/?s={search_term_string}"},"query-input":{"@type":"PropertyValueSpecification","valueRequired":true,"valueName":"search_term_string"}}],"inLanguage":"de"},{"@type":"Organization","@id":"https:\/\/repliquemangacine.fr\/#organization","name":"R\u00e9plique Manga Cin\u00e9","url":"https:\/\/repliquemangacine.fr\/","logo":{"@type":"ImageObject","inLanguage":"de","@id":"https:\/\/repliquemangacine.fr\/#\/schema\/logo\/image\/","url":"https:\/\/repliquemangacine.fr\/wp-content\/uploads\/2023\/10\/RMC-500250.png","contentUrl":"https:\/\/repliquemangacine.fr\/wp-content\/uploads\/2023\/10\/RMC-500250.png","width":500,"height":250,"caption":"R\u00e9plique Manga Cin\u00e9"},"image":{"@id":"https:\/\/repliquemangacine.fr\/#\/schema\/logo\/image\/"},"sameAs":["https:\/\/www.facebook.com\/RepliqueMangaCine","https:\/\/www.instagram.com\/repliquemangacine.fr\/"]}]}},"_links":{"self":[{"href":"https:\/\/repliquemangacine.fr\/de\/wp-json\/wp\/v2\/product\/27894","targetHints":{"allow":["GET"]}}],"collection":[{"href":"https:\/\/repliquemangacine.fr\/de\/wp-json\/wp\/v2\/product"}],"about":[{"href":"https:\/\/repliquemangacine.fr\/de\/wp-json\/wp\/v2\/types\/product"}],"wp:featuredmedia":[{"embeddable":true,"href":"https:\/\/repliquemangacine.fr\/de\/wp-json\/wp\/v2\/media\/27895"}],"wp:attachment":[{"href":"https:\/\/repliquemangacine.fr\/de\/wp-json\/wp\/v2\/media?parent=27894"}],"wp:term":[{"taxonomy":"product_brand","embeddable":true,"href":"https:\/\/repliquemangacine.fr\/de\/wp-json\/wp\/v2\/product_brand?post=27894"},{"taxonomy":"product_cat","embeddable":true,"href":"https:\/\/repliquemangacine.fr\/de\/wp-json\/wp\/v2\/product_cat?post=27894"},{"taxonomy":"product_tag","embeddable":true,"href":"https:\/\/repliquemangacine.fr\/de\/wp-json\/wp\/v2\/product_tag?post=27894"}],"curies":[{"name":"wp","href":"https:\/\/api.w.org\/{rel}","templated":true}]}}