





{"id":27892,"date":"2018-08-02T17:10:32","date_gmt":"2018-08-02T15:10:32","guid":{"rendered":"https:\/\/repliquemangacine.fr\/?post_type=product&#038;p=27892"},"modified":"2026-04-14T00:07:48","modified_gmt":"2026-04-13T22:07:48","slug":"wandhalterung-fur-pistole-gewehr-und-schwert-2-fleur-de-lys","status":"publish","type":"product","link":"https:\/\/repliquemangacine.fr\/de\/epee-templier-medievale\/support-mural-pour-pistolet-fusil-et-epee-2-fleur-de-lys\/","title":{"rendered":"Wandhalterung f\u00fcr Pistolen, Gewehre und Schwerter"},"content":{"rendered":"<h2>Wandhalterung Fleur de Lys.<\/h2>\n<p>Zu Beginn wird der <strong>Wandhalterung Fleur de Lys<\/strong> ist ganz aus Stahl f\u00fcr eine sch\u00f6ne Pr\u00e4sentation Ihrer Schwerter und Gewehre, signiert <a href=\"https:\/\/www.denix.fr\/fr\/catalogue\/armes-historiques-s-xvi-xix\/supports-et-presentoirs-en-bois\/11-g\/\">Denix<\/a>.<\/p>\n<p>Pr\u00e4sentationsst\u00e4nder spielen eine wichtige Rolle bei der Ausstellung Ihrer Schwerter, S\u00e4bel, Katana, Pistolen und Gewehre aus Sammlerbest\u00e4nden. Denn dieses zweiteilige Set ganz aus Stahl, das in der Tiefe verstellbar ist, gibt Ihnen die Gewissheit, dass Sie Ihren Freunden die Qualit\u00e4t Ihrer Reproduktionen historischer Waffen zeigen k\u00f6nnen.<\/p>\n<p>Es ist hervorzuheben, dass <a href=\"https:\/\/www.denix.fr\/fr\/accueil-fr\/\" target=\"_blank\" rel=\"noopener noreferrer\">Denix<\/a> bringt hier eine Fertigungsqualit\u00e4t hervor, die viele verbl\u00fcffen wird. Denix ist ein weltweit bekannter Importeur und die Referenzmarke f\u00fcr historische Waffenreproduktionen. Alle gro\u00dfen Geschichten von Schlachten und Kriegen sind vertreten wie :<\/p>\n<ul>\n<li>Das Erste Kaiserreich mit seinen S\u00e4beln und Gewehren.<\/li>\n<li>Schwerter und Waffen des Mittelalters<\/li>\n<li>Die Colts der Cowboys<\/li>\n<li>Endlich die Waffen Zweiter Weltkrieg.<\/li>\n<\/ul>\n<h2>Ihre Repliken historischer Waffen zum besten Preis.<\/h2>\n<p>Wir bieten Ihnen eine gro\u00dfe Auswahl an Reproduktionen von Schwertern, Gewehren und Pistolen der Marke Denix.<\/p>\n<p>Zun\u00e4chst einmal,<\/p>\n<ul>\n<li>Die <a href=\"https:\/\/repliquemangacine.fr\/de\/colt-pistole\/\">Westernkolts<\/a> mit den Holstern, um ein echter Cowboy zu sein.<\/li>\n<li>Es gibt auch die <a href=\"https:\/\/repliquemangacine.fr\/de\/antike-pistole\/\">antike Pistolen<\/a>Es gibt auch alte Gewehre mit Bajonett.<\/li>\n<li>Sowie alle Reproduktionen von<a href=\"https:\/\/repliquemangacine.fr\/de\/waffen-zweiter-weltkrieg\/\">Waffen aus dem 2\u1d49 Weltkrieg<\/a> und seine Landung am D-Day.<\/li>\n<li>Und noch viel mehr gibt es in unserem Online-Shop zu entdecken!<\/li>\n<\/ul>\n<p>Deshalb sind hier tolle Geschenkideen f\u00fcr alle, die Geschichten lieben.<\/p>\n<p>Abschlie\u00dfend k\u00f6nnen Sie Ihr <strong>Wandhalterung Fleur de Lys<\/strong> um alle Ihre Sammlerwaffen auszustellen.<\/p>\n<p>R\u00e9plique Manga Cin\u00e9 ist ein franz\u00f6sisches Familienunternehmen und offizieller Vertriebspartner der Marke Denix.<\/p>","protected":false},"excerpt":{"rendered":"<p>Zweiteiliges Set in Form einer Lilie f\u00fcr die Wandausstellung Ihrer Pistolen, Gewehre oder Schwerter.<\/p>\n<ul>\n<li>Vollst\u00e4ndig aus Metall gefertigt.<\/li>\n<li>In der Tiefe verstellbar.<\/li>\n<li>Befestigung mit zwei Schrauben (notwendig, wird mitgeliefert).<\/li>\n<\/ul>\n<p>Ma\u00dfe: H\u00f6he: 9 cm - Breite: 2.5 cm.<\/p>","protected":false},"featured_media":27893,"template":"","meta":[],"product_brand":[896],"product_cat":[50,51,25,102,84,92,26,52,37,83,28,43,74,27],"product_tag":[],"class_list":{"0":"post-27892","1":"product","2":"type-product","3":"status-publish","4":"has-post-thumbnail","6":"product_brand-replique-manga-cine","7":"product_cat-accessoires-katana","8":"product_cat-accessoires-western","9":"product_cat-armes-historiques","10":"product_cat-denix","11":"product_cat-epee-templier-medievale","12":"product_cat-haches-de-guerre-medievale-et-accessoire-medievaux","13":"product_cat-katana-epee","14":"product_cat-pistolet-ancien","15":"product_cat-premier-empire","16":"product_cat-replique-d-armes-1er-empire","17":"product_cat-repliques-darmes","18":"product_cat-reproductions-d-armes-et-accessoires-medievales","19":"product_cat-sabres-1er-empire","20":"product_cat-armes-et-accessoires-western","22":"first","23":"instock","24":"taxable","25":"shipping-taxable","26":"purchasable","27":"product-type-simple"},"yoast_head":"<!-- This site is optimized with the Yoast SEO plugin v27.4 - https:\/\/yoast.com\/product\/yoast-seo-wordpress\/ -->\n<title>Support mural Fleur de Lys - Denix | R\u00e9plique Manga Cin\u00e9<\/title>\n<meta name=\"description\" content=\"Apportez encore plus de charme \u00e0 vos r\u00e9pliques, avec cet ensemble de Support pr\u00e9sentation mural Fleur de Lys au meilleur prix - Tout en m\u00e9tal - R\u00e9glable\" \/>\n<meta name=\"robots\" content=\"index, follow, max-snippet:-1, max-image-preview:large, max-video-preview:-1\" \/>\n<link rel=\"canonical\" href=\"https:\/\/repliquemangacine.fr\/de\/denix\/wandhalterung-fur-pistole-gewehr-und-schwert-2-fleur-de-lys\/\" \/>\n<meta property=\"og:locale\" content=\"de_DE\" \/>\n<meta property=\"og:type\" content=\"article\" \/>\n<meta property=\"og:title\" content=\"Support mural Fleur de Lys - Denix | R\u00e9plique Manga Cin\u00e9\" \/>\n<meta property=\"og:description\" content=\"Apportez encore plus de charme \u00e0 vos r\u00e9pliques, avec cet ensemble de Support pr\u00e9sentation mural Fleur de Lys au meilleur prix - Tout en m\u00e9tal - R\u00e9glable\" \/>\n<meta property=\"og:url\" content=\"https:\/\/repliquemangacine.fr\/de\/denix\/wandhalterung-fur-pistole-gewehr-und-schwert-2-fleur-de-lys\/\" \/>\n<meta property=\"og:site_name\" content=\"R\u00e9plique Manga Cin\u00e9\" \/>\n<meta property=\"article:publisher\" content=\"https:\/\/www.facebook.com\/RepliqueMangaCine\" \/>\n<meta property=\"article:modified_time\" content=\"2026-04-13T22:07:48+00:00\" \/>\n<meta property=\"og:image\" content=\"https:\/\/repliquemangacine.fr\/wp-content\/uploads\/2023\/10\/2632-Support-mural-pour-Pistolet-fusil-et-epee.jpg\" \/>\n\t<meta property=\"og:image:width\" content=\"800\" \/>\n\t<meta property=\"og:image:height\" content=\"800\" \/>\n\t<meta property=\"og:image:type\" content=\"image\/jpeg\" \/>\n<meta name=\"twitter:card\" content=\"summary_large_image\" \/>\n<meta name=\"twitter:label1\" content=\"Gesch\u00e4tzte Lesezeit\" \/>\n\t<meta name=\"twitter:data1\" content=\"1\u00a0Minute\" \/>\n<script type=\"application\/ld+json\" class=\"yoast-schema-graph\">{\"@context\":\"https:\\\/\\\/schema.org\",\"@graph\":[{\"@type\":\"WebPage\",\"@id\":\"https:\\\/\\\/repliquemangacine.fr\\\/denix\\\/support-mural-pour-pistolet-fusil-et-epee-2-fleur-de-lys\\\/\",\"url\":\"https:\\\/\\\/repliquemangacine.fr\\\/denix\\\/support-mural-pour-pistolet-fusil-et-epee-2-fleur-de-lys\\\/\",\"name\":\"Support mural Fleur de Lys - Denix | R\u00e9plique Manga Cin\u00e9\",\"isPartOf\":{\"@id\":\"https:\\\/\\\/repliquemangacine.fr\\\/#website\"},\"primaryImageOfPage\":{\"@id\":\"https:\\\/\\\/repliquemangacine.fr\\\/denix\\\/support-mural-pour-pistolet-fusil-et-epee-2-fleur-de-lys\\\/#primaryimage\"},\"image\":{\"@id\":\"https:\\\/\\\/repliquemangacine.fr\\\/denix\\\/support-mural-pour-pistolet-fusil-et-epee-2-fleur-de-lys\\\/#primaryimage\"},\"thumbnailUrl\":\"https:\\\/\\\/repliquemangacine.fr\\\/wp-content\\\/uploads\\\/2023\\\/10\\\/2632-Support-mural-pour-Pistolet-fusil-et-epee.jpg\",\"datePublished\":\"2018-08-02T15:10:32+00:00\",\"dateModified\":\"2026-04-13T22:07:48+00:00\",\"description\":\"Apportez encore plus de charme \u00e0 vos r\u00e9pliques, avec cet ensemble de Support pr\u00e9sentation mural Fleur de Lys au meilleur prix - Tout en m\u00e9tal - R\u00e9glable\",\"breadcrumb\":{\"@id\":\"https:\\\/\\\/repliquemangacine.fr\\\/denix\\\/support-mural-pour-pistolet-fusil-et-epee-2-fleur-de-lys\\\/#breadcrumb\"},\"inLanguage\":\"de\",\"potentialAction\":[{\"@type\":\"ReadAction\",\"target\":[\"https:\\\/\\\/repliquemangacine.fr\\\/denix\\\/support-mural-pour-pistolet-fusil-et-epee-2-fleur-de-lys\\\/\"]}]},{\"@type\":\"ImageObject\",\"inLanguage\":\"de\",\"@id\":\"https:\\\/\\\/repliquemangacine.fr\\\/denix\\\/support-mural-pour-pistolet-fusil-et-epee-2-fleur-de-lys\\\/#primaryimage\",\"url\":\"https:\\\/\\\/repliquemangacine.fr\\\/wp-content\\\/uploads\\\/2023\\\/10\\\/2632-Support-mural-pour-Pistolet-fusil-et-epee.jpg\",\"contentUrl\":\"https:\\\/\\\/repliquemangacine.fr\\\/wp-content\\\/uploads\\\/2023\\\/10\\\/2632-Support-mural-pour-Pistolet-fusil-et-epee.jpg\",\"width\":800,\"height\":800,\"caption\":\"Support mural pour Pistolet, fusil et \u00e9p\u00e9e\"},{\"@type\":\"BreadcrumbList\",\"@id\":\"https:\\\/\\\/repliquemangacine.fr\\\/denix\\\/support-mural-pour-pistolet-fusil-et-epee-2-fleur-de-lys\\\/#breadcrumb\",\"itemListElement\":[{\"@type\":\"ListItem\",\"position\":1,\"name\":\"Accueil\",\"item\":\"https:\\\/\\\/repliquemangacine.fr\\\/\"},{\"@type\":\"ListItem\",\"position\":2,\"name\":\"Produits\",\"item\":\"https:\\\/\\\/repliquemangacine.fr\\\/boutique\\\/\"},{\"@type\":\"ListItem\",\"position\":3,\"name\":\"Support mural pour Pistolet, fusil et \u00e9p\u00e9e\"}]},{\"@type\":\"WebSite\",\"@id\":\"https:\\\/\\\/repliquemangacine.fr\\\/#website\",\"url\":\"https:\\\/\\\/repliquemangacine.fr\\\/\",\"name\":\"R\u00e9plique Manga Cin\u00e9\",\"description\":\"\",\"publisher\":{\"@id\":\"https:\\\/\\\/repliquemangacine.fr\\\/#organization\"},\"potentialAction\":[{\"@type\":\"SearchAction\",\"target\":{\"@type\":\"EntryPoint\",\"urlTemplate\":\"https:\\\/\\\/repliquemangacine.fr\\\/?s={search_term_string}\"},\"query-input\":{\"@type\":\"PropertyValueSpecification\",\"valueRequired\":true,\"valueName\":\"search_term_string\"}}],\"inLanguage\":\"de\"},{\"@type\":\"Organization\",\"@id\":\"https:\\\/\\\/repliquemangacine.fr\\\/#organization\",\"name\":\"R\u00e9plique Manga Cin\u00e9\",\"url\":\"https:\\\/\\\/repliquemangacine.fr\\\/\",\"logo\":{\"@type\":\"ImageObject\",\"inLanguage\":\"de\",\"@id\":\"https:\\\/\\\/repliquemangacine.fr\\\/#\\\/schema\\\/logo\\\/image\\\/\",\"url\":\"https:\\\/\\\/repliquemangacine.fr\\\/wp-content\\\/uploads\\\/2023\\\/10\\\/RMC-500250.png\",\"contentUrl\":\"https:\\\/\\\/repliquemangacine.fr\\\/wp-content\\\/uploads\\\/2023\\\/10\\\/RMC-500250.png\",\"width\":500,\"height\":250,\"caption\":\"R\u00e9plique Manga Cin\u00e9\"},\"image\":{\"@id\":\"https:\\\/\\\/repliquemangacine.fr\\\/#\\\/schema\\\/logo\\\/image\\\/\"},\"sameAs\":[\"https:\\\/\\\/www.facebook.com\\\/RepliqueMangaCine\",\"https:\\\/\\\/www.instagram.com\\\/repliquemangacine.fr\\\/\"]}]}<\/script>\n<!-- \/ Yoast SEO plugin. -->","yoast_head_json":{"title":"Wandhalterung Fleur de Lys - Denix | R\u00e9plique Manga Cin\u00e9","description":"Verleihen Sie Ihren Repliken noch mehr Charme, mit diesem Set aus Wand-Pr\u00e4sentationsst\u00e4nder Fleur de Lys zum besten Preis - Ganz aus Metall - Verstellbar","robots":{"index":"index","follow":"follow","max-snippet":"max-snippet:-1","max-image-preview":"max-image-preview:large","max-video-preview":"max-video-preview:-1"},"canonical":"https:\/\/repliquemangacine.fr\/de\/denix\/wandhalterung-fur-pistole-gewehr-und-schwert-2-fleur-de-lys\/","og_locale":"de_DE","og_type":"article","og_title":"Support mural Fleur de Lys - Denix | R\u00e9plique Manga Cin\u00e9","og_description":"Apportez encore plus de charme \u00e0 vos r\u00e9pliques, avec cet ensemble de Support pr\u00e9sentation mural Fleur de Lys au meilleur prix - Tout en m\u00e9tal - R\u00e9glable","og_url":"https:\/\/repliquemangacine.fr\/de\/denix\/wandhalterung-fur-pistole-gewehr-und-schwert-2-fleur-de-lys\/","og_site_name":"R\u00e9plique Manga Cin\u00e9","article_publisher":"https:\/\/www.facebook.com\/RepliqueMangaCine","article_modified_time":"2026-04-13T22:07:48+00:00","og_image":[{"width":800,"height":800,"url":"https:\/\/repliquemangacine.fr\/wp-content\/uploads\/2023\/10\/2632-Support-mural-pour-Pistolet-fusil-et-epee.jpg","type":"image\/jpeg"}],"twitter_card":"summary_large_image","twitter_misc":{"Gesch\u00e4tzte Lesezeit":"1\u00a0Minute"},"schema":{"@context":"https:\/\/schema.org","@graph":[{"@type":"WebPage","@id":"https:\/\/repliquemangacine.fr\/denix\/support-mural-pour-pistolet-fusil-et-epee-2-fleur-de-lys\/","url":"https:\/\/repliquemangacine.fr\/denix\/support-mural-pour-pistolet-fusil-et-epee-2-fleur-de-lys\/","name":"Wandhalterung Fleur de Lys - Denix | R\u00e9plique Manga Cin\u00e9","isPartOf":{"@id":"https:\/\/repliquemangacine.fr\/#website"},"primaryImageOfPage":{"@id":"https:\/\/repliquemangacine.fr\/denix\/support-mural-pour-pistolet-fusil-et-epee-2-fleur-de-lys\/#primaryimage"},"image":{"@id":"https:\/\/repliquemangacine.fr\/denix\/support-mural-pour-pistolet-fusil-et-epee-2-fleur-de-lys\/#primaryimage"},"thumbnailUrl":"https:\/\/repliquemangacine.fr\/wp-content\/uploads\/2023\/10\/2632-Support-mural-pour-Pistolet-fusil-et-epee.jpg","datePublished":"2018-08-02T15:10:32+00:00","dateModified":"2026-04-13T22:07:48+00:00","description":"Verleihen Sie Ihren Repliken noch mehr Charme, mit diesem Set aus Wand-Pr\u00e4sentationsst\u00e4nder Fleur de Lys zum besten Preis - Ganz aus Metall - Verstellbar","breadcrumb":{"@id":"https:\/\/repliquemangacine.fr\/denix\/support-mural-pour-pistolet-fusil-et-epee-2-fleur-de-lys\/#breadcrumb"},"inLanguage":"de","potentialAction":[{"@type":"ReadAction","target":["https:\/\/repliquemangacine.fr\/denix\/support-mural-pour-pistolet-fusil-et-epee-2-fleur-de-lys\/"]}]},{"@type":"ImageObject","inLanguage":"de","@id":"https:\/\/repliquemangacine.fr\/denix\/support-mural-pour-pistolet-fusil-et-epee-2-fleur-de-lys\/#primaryimage","url":"https:\/\/repliquemangacine.fr\/wp-content\/uploads\/2023\/10\/2632-Support-mural-pour-Pistolet-fusil-et-epee.jpg","contentUrl":"https:\/\/repliquemangacine.fr\/wp-content\/uploads\/2023\/10\/2632-Support-mural-pour-Pistolet-fusil-et-epee.jpg","width":800,"height":800,"caption":"Support mural pour Pistolet, fusil et \u00e9p\u00e9e"},{"@type":"BreadcrumbList","@id":"https:\/\/repliquemangacine.fr\/denix\/support-mural-pour-pistolet-fusil-et-epee-2-fleur-de-lys\/#breadcrumb","itemListElement":[{"@type":"ListItem","position":1,"name":"Accueil","item":"https:\/\/repliquemangacine.fr\/"},{"@type":"ListItem","position":2,"name":"Produits","item":"https:\/\/repliquemangacine.fr\/boutique\/"},{"@type":"ListItem","position":3,"name":"Support mural pour Pistolet, fusil et \u00e9p\u00e9e"}]},{"@type":"WebSite","@id":"https:\/\/repliquemangacine.fr\/#website","url":"https:\/\/repliquemangacine.fr\/","name":"R\u00e9plique Manga Cin\u00e9","description":"","publisher":{"@id":"https:\/\/repliquemangacine.fr\/#organization"},"potentialAction":[{"@type":"SearchAction","target":{"@type":"EntryPoint","urlTemplate":"https:\/\/repliquemangacine.fr\/?s={search_term_string}"},"query-input":{"@type":"PropertyValueSpecification","valueRequired":true,"valueName":"search_term_string"}}],"inLanguage":"de"},{"@type":"Organization","@id":"https:\/\/repliquemangacine.fr\/#organization","name":"R\u00e9plique Manga Cin\u00e9","url":"https:\/\/repliquemangacine.fr\/","logo":{"@type":"ImageObject","inLanguage":"de","@id":"https:\/\/repliquemangacine.fr\/#\/schema\/logo\/image\/","url":"https:\/\/repliquemangacine.fr\/wp-content\/uploads\/2023\/10\/RMC-500250.png","contentUrl":"https:\/\/repliquemangacine.fr\/wp-content\/uploads\/2023\/10\/RMC-500250.png","width":500,"height":250,"caption":"R\u00e9plique Manga Cin\u00e9"},"image":{"@id":"https:\/\/repliquemangacine.fr\/#\/schema\/logo\/image\/"},"sameAs":["https:\/\/www.facebook.com\/RepliqueMangaCine","https:\/\/www.instagram.com\/repliquemangacine.fr\/"]}]}},"_links":{"self":[{"href":"https:\/\/repliquemangacine.fr\/de\/wp-json\/wp\/v2\/product\/27892","targetHints":{"allow":["GET"]}}],"collection":[{"href":"https:\/\/repliquemangacine.fr\/de\/wp-json\/wp\/v2\/product"}],"about":[{"href":"https:\/\/repliquemangacine.fr\/de\/wp-json\/wp\/v2\/types\/product"}],"wp:featuredmedia":[{"embeddable":true,"href":"https:\/\/repliquemangacine.fr\/de\/wp-json\/wp\/v2\/media\/27893"}],"wp:attachment":[{"href":"https:\/\/repliquemangacine.fr\/de\/wp-json\/wp\/v2\/media?parent=27892"}],"wp:term":[{"taxonomy":"product_brand","embeddable":true,"href":"https:\/\/repliquemangacine.fr\/de\/wp-json\/wp\/v2\/product_brand?post=27892"},{"taxonomy":"product_cat","embeddable":true,"href":"https:\/\/repliquemangacine.fr\/de\/wp-json\/wp\/v2\/product_cat?post=27892"},{"taxonomy":"product_tag","embeddable":true,"href":"https:\/\/repliquemangacine.fr\/de\/wp-json\/wp\/v2\/product_tag?post=27892"}],"curies":[{"name":"wp","href":"https:\/\/api.w.org\/{rel}","templated":true}]}}