





{"id":27890,"date":"2018-08-02T16:44:18","date_gmt":"2018-08-02T14:44:18","guid":{"rendered":"https:\/\/repliquemangacine.fr\/?post_type=product&#038;p=27890"},"modified":"2026-04-18T19:35:37","modified_gmt":"2026-04-18T17:35:37","slug":"wandhalterung-fur-gewehr-und-schwertpistole","status":"publish","type":"product","link":"https:\/\/repliquemangacine.fr\/de\/dagues-et-accessoires-seconde-guerre-mondiale-materiels-militaria\/support-mural-pour-pistolet-fusil-et-epee\/","title":{"rendered":"Wandhalterung f\u00fcr Pistolen, Gewehre und Schwerter"},"content":{"rendered":"<h2>Wandhalterung Fleur de Lys goldfarben.<\/h2>\n<p>Zu Beginn wird der S<strong>Wandhalterung Fleur de Lys<\/strong> ist ganz aus Stahl f\u00fcr eine sch\u00f6ne Pr\u00e4sentation Ihrer Schwerter und Gewehre, signiert <a href=\"https:\/\/www.denix.fr\/\" target=\"_blank\" rel=\"noopener noreferrer\">Denix<\/a>.<\/p>\n<p>Pr\u00e4sentationsst\u00e4nder spielen eine wichtige Rolle bei der Ausstellung Ihrer Schwerter, S\u00e4bel, Katana, Pistolen und Gewehre aus Sammlerbest\u00e4nden. Denn dieses zweiteilige Set ganz aus Stahl, das in der Tiefe verstellbar ist, gibt Ihnen die Gewissheit, dass Sie Ihren Freunden die Qualit\u00e4t Ihrer Reproduktionen historischer Waffen zeigen k\u00f6nnen.<\/p>\n<p>Es ist hervorzuheben, dass Denix hier eine Fertigungsqualit\u00e4t bietet, die viele verbl\u00fcffen wird. Denix ist ein weltweit bekannter Importeur und die Referenzmarke f\u00fcr historische Waffenreproduktionen. \u00dcbrigens sind alle gro\u00dfen Geschichten von Schlachten und Kriegen vertreten wie :<\/p>\n<ul>\n<li>Das Erste Kaiserreich mit seinen S\u00e4beln und Gewehren.<\/li>\n<li>Schwerter und Waffen des Mittelalters<\/li>\n<li>Die Colts der Cowboys<\/li>\n<li>Endlich die Waffen Zweiter Weltkrieg.<\/li>\n<\/ul>\n<h2>Ihre Repliken historischer Waffen zum besten Preis.<\/h2>\n<p>Wir bieten Ihnen eine gro\u00dfe Auswahl an Reproduktionen von Schwertern, Gewehren und Pistolen der Marke Denix.<\/p>\n<p>Zun\u00e4chst einmal,<\/p>\n<ul>\n<li>Die <a href=\"https:\/\/repliquemangacine.fr\/de\/kolser-waffe\/\">Westernkolts<\/a> mit den Holstern, um ein echter Cowboy zu sein.<\/li>\n<li>Es gibt auch alte Pistolen, aber auch die <a href=\"https:\/\/repliquemangacine.fr\/de\/altes-gewehr\/\">antike Gewehre<\/a> mit ihrem Bajonett.<\/li>\n<li>Sowie alle Nachbildungen von Waffen aus dem 2\u1d49 Weltkrieg und seiner Landung am D-Day.<\/li>\n<li>Und noch viel mehr gibt es in unserem Online-Shop zu entdecken!<\/li>\n<\/ul>\n<p>Deshalb sind hier tolle Geschenkideen f\u00fcr alle, die Geschichten lieben.<\/p>\n<p>Abschlie\u00dfend k\u00f6nnen Sie Ihr <strong>Wandhalterung Fleur de Lys<\/strong> um alle Ihre Sammlerwaffen auszustellen.<\/p>\n<p>R\u00e9plique Manga Cin\u00e9 ist ein franz\u00f6sisches Familienunternehmen und offizieller Vertriebspartner der Marke Denix.<\/p>","protected":false},"excerpt":{"rendered":"<p>Sehr sch\u00f6nes Set aus zwei St\u00fccken in Form einer Lilie f\u00fcr die Wandausstellung Ihrer Pistolen, Gewehre oder Schwerter.<\/p>\n<ul>\n<li>Vollst\u00e4ndig aus Metall gefertigt.<\/li>\n<li>In der Tiefe verstellbar.<\/li>\n<li>Befestigung mit zwei Schrauben (notwendig, wird mitgeliefert).<\/li>\n<li>Ma\u00dfe: H\u00f6he: 9 cm - Breite: 2.5 cm.<\/li>\n<\/ul>","protected":false},"featured_media":27891,"template":"","meta":[],"product_brand":[896],"product_cat":[50,51,25,102,55,54,92,26,85,52,37,83,28,43,27],"product_tag":[],"class_list":{"0":"post-27890","1":"product","2":"type-product","3":"status-publish","4":"has-post-thumbnail","6":"product_brand-replique-manga-cine","7":"product_cat-accessoires-katana","8":"product_cat-accessoires-western","9":"product_cat-armes-historiques","10":"product_cat-denix","11":"product_cat-fusil-ancien","12":"product_cat-armes-accessoires-guerre-mondiale","13":"product_cat-haches-de-guerre-medievale-et-accessoire-medievaux","14":"product_cat-katana-epee","15":"product_cat-dagues-et-accessoires-seconde-guerre-mondiale-materiels-militaria","16":"product_cat-pistolet-ancien","17":"product_cat-premier-empire","18":"product_cat-replique-d-armes-1er-empire","19":"product_cat-repliques-darmes","20":"product_cat-reproductions-d-armes-et-accessoires-medievales","21":"product_cat-armes-et-accessoires-western","23":"first","24":"outofstock","25":"taxable","26":"shipping-taxable","27":"purchasable","28":"product-type-simple"},"yoast_head":"<!-- This site is optimized with the Yoast SEO plugin v27.4 - https:\/\/yoast.com\/product\/yoast-seo-wordpress\/ -->\n<title>Support mural - Fusil, \u00e9p\u00e9e et colt Denix | R\u00e9plique Manga Cin\u00e9<\/title>\n<meta name=\"description\" content=\"Id\u00e9al pour mettre vos pistolets, fusils et \u00e9p\u00e9es en valeur avec ce Support mural au meilleur prix - Enti\u00e8rement en m\u00e9tal - R\u00e9glable dans la profondeur.\" \/>\n<meta name=\"robots\" content=\"index, follow, max-snippet:-1, max-image-preview:large, max-video-preview:-1\" \/>\n<link rel=\"canonical\" href=\"https:\/\/repliquemangacine.fr\/de\/denix\/wandhalterung-fur-gewehr-und-schwertpistole\/\" \/>\n<meta property=\"og:locale\" content=\"de_DE\" \/>\n<meta property=\"og:type\" content=\"article\" \/>\n<meta property=\"og:title\" content=\"Support mural - Fusil, \u00e9p\u00e9e et colt Denix | R\u00e9plique Manga Cin\u00e9\" \/>\n<meta property=\"og:description\" content=\"Id\u00e9al pour mettre vos pistolets, fusils et \u00e9p\u00e9es en valeur avec ce Support mural au meilleur prix - Enti\u00e8rement en m\u00e9tal - R\u00e9glable dans la profondeur.\" \/>\n<meta property=\"og:url\" content=\"https:\/\/repliquemangacine.fr\/de\/denix\/wandhalterung-fur-gewehr-und-schwertpistole\/\" \/>\n<meta property=\"og:site_name\" content=\"R\u00e9plique Manga Cin\u00e9\" \/>\n<meta property=\"article:publisher\" content=\"https:\/\/www.facebook.com\/RepliqueMangaCine\" \/>\n<meta property=\"article:modified_time\" content=\"2026-04-18T17:35:37+00:00\" \/>\n<meta property=\"og:image\" content=\"https:\/\/repliquemangacine.fr\/wp-content\/uploads\/2023\/10\/2633-Support-mural-pour-Pistolet-fusil-et-epee.jpg\" \/>\n\t<meta property=\"og:image:width\" content=\"800\" \/>\n\t<meta property=\"og:image:height\" content=\"800\" \/>\n\t<meta property=\"og:image:type\" content=\"image\/jpeg\" \/>\n<meta name=\"twitter:card\" content=\"summary_large_image\" \/>\n<meta name=\"twitter:label1\" content=\"Gesch\u00e4tzte Lesezeit\" \/>\n\t<meta name=\"twitter:data1\" content=\"1\u00a0Minute\" \/>\n<script type=\"application\/ld+json\" class=\"yoast-schema-graph\">{\"@context\":\"https:\\\/\\\/schema.org\",\"@graph\":[{\"@type\":\"WebPage\",\"@id\":\"https:\\\/\\\/repliquemangacine.fr\\\/denix\\\/support-mural-pour-pistolet-fusil-et-epee\\\/\",\"url\":\"https:\\\/\\\/repliquemangacine.fr\\\/denix\\\/support-mural-pour-pistolet-fusil-et-epee\\\/\",\"name\":\"Support mural - Fusil, \u00e9p\u00e9e et colt Denix | R\u00e9plique Manga Cin\u00e9\",\"isPartOf\":{\"@id\":\"https:\\\/\\\/repliquemangacine.fr\\\/#website\"},\"primaryImageOfPage\":{\"@id\":\"https:\\\/\\\/repliquemangacine.fr\\\/denix\\\/support-mural-pour-pistolet-fusil-et-epee\\\/#primaryimage\"},\"image\":{\"@id\":\"https:\\\/\\\/repliquemangacine.fr\\\/denix\\\/support-mural-pour-pistolet-fusil-et-epee\\\/#primaryimage\"},\"thumbnailUrl\":\"https:\\\/\\\/repliquemangacine.fr\\\/wp-content\\\/uploads\\\/2023\\\/10\\\/2633-Support-mural-pour-Pistolet-fusil-et-epee.jpg\",\"datePublished\":\"2018-08-02T14:44:18+00:00\",\"dateModified\":\"2026-04-18T17:35:37+00:00\",\"description\":\"Id\u00e9al pour mettre vos pistolets, fusils et \u00e9p\u00e9es en valeur avec ce Support mural au meilleur prix - Enti\u00e8rement en m\u00e9tal - R\u00e9glable dans la profondeur.\",\"breadcrumb\":{\"@id\":\"https:\\\/\\\/repliquemangacine.fr\\\/denix\\\/support-mural-pour-pistolet-fusil-et-epee\\\/#breadcrumb\"},\"inLanguage\":\"de\",\"potentialAction\":[{\"@type\":\"ReadAction\",\"target\":[\"https:\\\/\\\/repliquemangacine.fr\\\/denix\\\/support-mural-pour-pistolet-fusil-et-epee\\\/\"]}]},{\"@type\":\"ImageObject\",\"inLanguage\":\"de\",\"@id\":\"https:\\\/\\\/repliquemangacine.fr\\\/denix\\\/support-mural-pour-pistolet-fusil-et-epee\\\/#primaryimage\",\"url\":\"https:\\\/\\\/repliquemangacine.fr\\\/wp-content\\\/uploads\\\/2023\\\/10\\\/2633-Support-mural-pour-Pistolet-fusil-et-epee.jpg\",\"contentUrl\":\"https:\\\/\\\/repliquemangacine.fr\\\/wp-content\\\/uploads\\\/2023\\\/10\\\/2633-Support-mural-pour-Pistolet-fusil-et-epee.jpg\",\"width\":800,\"height\":800,\"caption\":\"Support mural pour Pistolet, fusil et \u00e9p\u00e9e\"},{\"@type\":\"BreadcrumbList\",\"@id\":\"https:\\\/\\\/repliquemangacine.fr\\\/denix\\\/support-mural-pour-pistolet-fusil-et-epee\\\/#breadcrumb\",\"itemListElement\":[{\"@type\":\"ListItem\",\"position\":1,\"name\":\"Accueil\",\"item\":\"https:\\\/\\\/repliquemangacine.fr\\\/\"},{\"@type\":\"ListItem\",\"position\":2,\"name\":\"Produits\",\"item\":\"https:\\\/\\\/repliquemangacine.fr\\\/boutique\\\/\"},{\"@type\":\"ListItem\",\"position\":3,\"name\":\"Support mural pour Pistolet, fusil et \u00e9p\u00e9e\"}]},{\"@type\":\"WebSite\",\"@id\":\"https:\\\/\\\/repliquemangacine.fr\\\/#website\",\"url\":\"https:\\\/\\\/repliquemangacine.fr\\\/\",\"name\":\"R\u00e9plique Manga Cin\u00e9\",\"description\":\"\",\"publisher\":{\"@id\":\"https:\\\/\\\/repliquemangacine.fr\\\/#organization\"},\"potentialAction\":[{\"@type\":\"SearchAction\",\"target\":{\"@type\":\"EntryPoint\",\"urlTemplate\":\"https:\\\/\\\/repliquemangacine.fr\\\/?s={search_term_string}\"},\"query-input\":{\"@type\":\"PropertyValueSpecification\",\"valueRequired\":true,\"valueName\":\"search_term_string\"}}],\"inLanguage\":\"de\"},{\"@type\":\"Organization\",\"@id\":\"https:\\\/\\\/repliquemangacine.fr\\\/#organization\",\"name\":\"R\u00e9plique Manga Cin\u00e9\",\"url\":\"https:\\\/\\\/repliquemangacine.fr\\\/\",\"logo\":{\"@type\":\"ImageObject\",\"inLanguage\":\"de\",\"@id\":\"https:\\\/\\\/repliquemangacine.fr\\\/#\\\/schema\\\/logo\\\/image\\\/\",\"url\":\"https:\\\/\\\/repliquemangacine.fr\\\/wp-content\\\/uploads\\\/2023\\\/10\\\/RMC-500250.png\",\"contentUrl\":\"https:\\\/\\\/repliquemangacine.fr\\\/wp-content\\\/uploads\\\/2023\\\/10\\\/RMC-500250.png\",\"width\":500,\"height\":250,\"caption\":\"R\u00e9plique Manga Cin\u00e9\"},\"image\":{\"@id\":\"https:\\\/\\\/repliquemangacine.fr\\\/#\\\/schema\\\/logo\\\/image\\\/\"},\"sameAs\":[\"https:\\\/\\\/www.facebook.com\\\/RepliqueMangaCine\",\"https:\\\/\\\/www.instagram.com\\\/repliquemangacine.fr\\\/\"]}]}<\/script>\n<!-- \/ Yoast SEO plugin. -->","yoast_head_json":{"title":"Wandhalterung - Denix Gewehr, Schwert und Colt | R\u00e9plique Manga Cin\u00e9","description":"Ideal, um Ihre Pistolen, Gewehre und Schwerter mit dieser Wandhalterung zum besten Preis hervorzuheben - Vollst\u00e4ndig aus Metall - In der Tiefe verstellbar.","robots":{"index":"index","follow":"follow","max-snippet":"max-snippet:-1","max-image-preview":"max-image-preview:large","max-video-preview":"max-video-preview:-1"},"canonical":"https:\/\/repliquemangacine.fr\/de\/denix\/wandhalterung-fur-gewehr-und-schwertpistole\/","og_locale":"de_DE","og_type":"article","og_title":"Support mural - Fusil, \u00e9p\u00e9e et colt Denix | R\u00e9plique Manga Cin\u00e9","og_description":"Id\u00e9al pour mettre vos pistolets, fusils et \u00e9p\u00e9es en valeur avec ce Support mural au meilleur prix - Enti\u00e8rement en m\u00e9tal - R\u00e9glable dans la profondeur.","og_url":"https:\/\/repliquemangacine.fr\/de\/denix\/wandhalterung-fur-gewehr-und-schwertpistole\/","og_site_name":"R\u00e9plique Manga Cin\u00e9","article_publisher":"https:\/\/www.facebook.com\/RepliqueMangaCine","article_modified_time":"2026-04-18T17:35:37+00:00","og_image":[{"width":800,"height":800,"url":"https:\/\/repliquemangacine.fr\/wp-content\/uploads\/2023\/10\/2633-Support-mural-pour-Pistolet-fusil-et-epee.jpg","type":"image\/jpeg"}],"twitter_card":"summary_large_image","twitter_misc":{"Gesch\u00e4tzte Lesezeit":"1\u00a0Minute"},"schema":{"@context":"https:\/\/schema.org","@graph":[{"@type":"WebPage","@id":"https:\/\/repliquemangacine.fr\/denix\/support-mural-pour-pistolet-fusil-et-epee\/","url":"https:\/\/repliquemangacine.fr\/denix\/support-mural-pour-pistolet-fusil-et-epee\/","name":"Wandhalterung - Denix Gewehr, Schwert und Colt | R\u00e9plique Manga Cin\u00e9","isPartOf":{"@id":"https:\/\/repliquemangacine.fr\/#website"},"primaryImageOfPage":{"@id":"https:\/\/repliquemangacine.fr\/denix\/support-mural-pour-pistolet-fusil-et-epee\/#primaryimage"},"image":{"@id":"https:\/\/repliquemangacine.fr\/denix\/support-mural-pour-pistolet-fusil-et-epee\/#primaryimage"},"thumbnailUrl":"https:\/\/repliquemangacine.fr\/wp-content\/uploads\/2023\/10\/2633-Support-mural-pour-Pistolet-fusil-et-epee.jpg","datePublished":"2018-08-02T14:44:18+00:00","dateModified":"2026-04-18T17:35:37+00:00","description":"Ideal, um Ihre Pistolen, Gewehre und Schwerter mit dieser Wandhalterung zum besten Preis hervorzuheben - Vollst\u00e4ndig aus Metall - In der Tiefe verstellbar.","breadcrumb":{"@id":"https:\/\/repliquemangacine.fr\/denix\/support-mural-pour-pistolet-fusil-et-epee\/#breadcrumb"},"inLanguage":"de","potentialAction":[{"@type":"ReadAction","target":["https:\/\/repliquemangacine.fr\/denix\/support-mural-pour-pistolet-fusil-et-epee\/"]}]},{"@type":"ImageObject","inLanguage":"de","@id":"https:\/\/repliquemangacine.fr\/denix\/support-mural-pour-pistolet-fusil-et-epee\/#primaryimage","url":"https:\/\/repliquemangacine.fr\/wp-content\/uploads\/2023\/10\/2633-Support-mural-pour-Pistolet-fusil-et-epee.jpg","contentUrl":"https:\/\/repliquemangacine.fr\/wp-content\/uploads\/2023\/10\/2633-Support-mural-pour-Pistolet-fusil-et-epee.jpg","width":800,"height":800,"caption":"Support mural pour Pistolet, fusil et \u00e9p\u00e9e"},{"@type":"BreadcrumbList","@id":"https:\/\/repliquemangacine.fr\/denix\/support-mural-pour-pistolet-fusil-et-epee\/#breadcrumb","itemListElement":[{"@type":"ListItem","position":1,"name":"Accueil","item":"https:\/\/repliquemangacine.fr\/"},{"@type":"ListItem","position":2,"name":"Produits","item":"https:\/\/repliquemangacine.fr\/boutique\/"},{"@type":"ListItem","position":3,"name":"Support mural pour Pistolet, fusil et \u00e9p\u00e9e"}]},{"@type":"WebSite","@id":"https:\/\/repliquemangacine.fr\/#website","url":"https:\/\/repliquemangacine.fr\/","name":"R\u00e9plique Manga Cin\u00e9","description":"","publisher":{"@id":"https:\/\/repliquemangacine.fr\/#organization"},"potentialAction":[{"@type":"SearchAction","target":{"@type":"EntryPoint","urlTemplate":"https:\/\/repliquemangacine.fr\/?s={search_term_string}"},"query-input":{"@type":"PropertyValueSpecification","valueRequired":true,"valueName":"search_term_string"}}],"inLanguage":"de"},{"@type":"Organization","@id":"https:\/\/repliquemangacine.fr\/#organization","name":"R\u00e9plique Manga Cin\u00e9","url":"https:\/\/repliquemangacine.fr\/","logo":{"@type":"ImageObject","inLanguage":"de","@id":"https:\/\/repliquemangacine.fr\/#\/schema\/logo\/image\/","url":"https:\/\/repliquemangacine.fr\/wp-content\/uploads\/2023\/10\/RMC-500250.png","contentUrl":"https:\/\/repliquemangacine.fr\/wp-content\/uploads\/2023\/10\/RMC-500250.png","width":500,"height":250,"caption":"R\u00e9plique Manga Cin\u00e9"},"image":{"@id":"https:\/\/repliquemangacine.fr\/#\/schema\/logo\/image\/"},"sameAs":["https:\/\/www.facebook.com\/RepliqueMangaCine","https:\/\/www.instagram.com\/repliquemangacine.fr\/"]}]}},"_links":{"self":[{"href":"https:\/\/repliquemangacine.fr\/de\/wp-json\/wp\/v2\/product\/27890","targetHints":{"allow":["GET"]}}],"collection":[{"href":"https:\/\/repliquemangacine.fr\/de\/wp-json\/wp\/v2\/product"}],"about":[{"href":"https:\/\/repliquemangacine.fr\/de\/wp-json\/wp\/v2\/types\/product"}],"wp:featuredmedia":[{"embeddable":true,"href":"https:\/\/repliquemangacine.fr\/de\/wp-json\/wp\/v2\/media\/27891"}],"wp:attachment":[{"href":"https:\/\/repliquemangacine.fr\/de\/wp-json\/wp\/v2\/media?parent=27890"}],"wp:term":[{"taxonomy":"product_brand","embeddable":true,"href":"https:\/\/repliquemangacine.fr\/de\/wp-json\/wp\/v2\/product_brand?post=27890"},{"taxonomy":"product_cat","embeddable":true,"href":"https:\/\/repliquemangacine.fr\/de\/wp-json\/wp\/v2\/product_cat?post=27890"},{"taxonomy":"product_tag","embeddable":true,"href":"https:\/\/repliquemangacine.fr\/de\/wp-json\/wp\/v2\/product_tag?post=27890"}],"curies":[{"name":"wp","href":"https:\/\/api.w.org\/{rel}","templated":true}]}}