





{"id":27877,"date":"2018-05-17T16:58:42","date_gmt":"2018-05-17T14:58:42","guid":{"rendered":"https:\/\/repliquemangacine.fr\/?post_type=product&#038;p=27877"},"modified":"2026-04-29T13:25:31","modified_gmt":"2026-04-29T11:25:31","slug":"twin-wolf-schwert-geralt-de-riv-the-witcher-3-mit-medaillon-als-geschenk","status":"publish","type":"product","link":"https:\/\/repliquemangacine.fr\/de\/epee-the-witcher\/epee-twin-wolf-geralt-de-riv-the-witcher-3-avec-son-medaillon-en-cadeau\/","title":{"rendered":"Twin-Wolf-Schwert The Witcher3"},"content":{"rendered":"<h2>Twin-Wolf-Schwert The Witcher3 Wild Hunt.<\/h2>\n<p>Zu Beginn wird die<strong>Twin-Wolf-Schwert The Witcher3<\/strong> dient vor allem zum T\u00f6ten von Uhren und ist eines der beiden Schwerter, die er auf seinem R\u00fccken tr\u00e4gt.<\/p>\n<p><a href=\"https:\/\/witcher.fandom.com\/wiki\/The_Witcher_3:_Wild_Hunt\" target=\"_blank\" rel=\"noopener noreferrer\">The Witcher 3<\/a>Wild Hunt\" ist das neueste Spiel der von CD Projekt RED entwickelten Reihe um den Hexer Geralt de Riv.<\/p>\n<p>Von Branchenexperten als au\u00dfergew\u00f6hnliches Spiel anerkannt. Alle sind sich \u00fcber die erz\u00e4hlerische und immersive Qualit\u00e4t des Titels einig und bezeichnen The Witcher 3 als Meisterwerk.<\/p>\n<p>Geralt de Riv ist ein Zauberer mit au\u00dfergew\u00f6hnlichen F\u00e4higkeiten. Au\u00dferdem bietet er seine Dienste als Monsterj\u00e4ger an. Auf seinem R\u00fccken tr\u00e4gt er zwei Schwerter, die zur Ausr\u00fcstung der Schule des Meisterwolfs geh\u00f6ren. Eines davon dient unter anderem zum T\u00f6ten von Monstern und das andere zum T\u00f6ten von Menschen.<\/p>\n<h2>Dein The Witcher3 Twin-Wolf-Schwert zum besten Preis.<\/h2>\n<p>Wir bieten Ihnen alle Spr\u00fcche von Geralt de Riv aus dem Spiel The Witcher 3, aber auch aus der Netflix-Serie The Witcher.<\/p>\n<p>Zun\u00e4chst einmal,<\/p>\n<ul>\n<li>Das Schwert<a href=\"https:\/\/repliquemangacine.fr\/de\/the-witcher\/epee-wolf-the-witcher3-geralt-de-riv\/\"> Wolf<\/a> von Geralt de Riv getragen, ist es sein zweites Schwert im Spiel.<\/li>\n<li>Sowie das Schwert<a href=\"https:\/\/repliquemangacine.fr\/de\/the-witcher\/zireael-de-ciri-the-witcher-3-schwert-mit-abgeschnittener-klinge\/\"> von Ciri<\/a> seine Adoptivtochter.<\/li>\n<li>Und viele andere, die es in unserem Online-Shop zu entdecken gibt!<\/li>\n<\/ul>\n<p>Deshalb gibt es hier tolle Geschenkideen f\u00fcr Fans von The Witcher<\/p>\n<p>Abschlie\u00dfend k\u00f6nnen Sie auch diesen<strong> Twin-Wolf-Schwert The Witcher3<\/strong> f\u00fcr Ihre Cosplay-Paraden oder Ihre Themenabende. Vor allem aber ist das Twin-Wolf-Schwert The Witcher3 auch ein Sammler- und Dekorationsst\u00fcck.<\/p>\n<p>R\u00e9plique Manga Cin\u00e9 ist ein franz\u00f6sisches Unternehmen<\/p>\n<h2>Wie pflegt man die Klinge seines Schwertes Geralt de Riv?<\/h2>\n<p>Sammlungs- und Dekorationsschwerter werden in vereinfachter Form hergestellt und zusammengebaut. Da sie zu Dekorationszwecken verwendet werden, fehlen ihnen die Sicherheitselemente, die ein japanisches Schwert f\u00fcr Trainingszwecke aufweisen muss.<\/p>\n<p>Allerdings ist Ihr <strong>Twin-Wolf-Schwert The Witcher3<\/strong> zu einer Stahlklinge, die gepflegt werden muss, damit sie nicht mit der Zeit abgenutzt wird. Denn wenn du dein Katana ausstellst, werden deine Freunde neugierig sein, die Klinge zu sehen und sie zu ber\u00fchren. Hier ist Vorsicht geboten, denn Sie sollten wissen, dass die S\u00e4ure der Finger dem Stahl unabh\u00e4ngig von seiner Qualit\u00e4t sehr schadet.<\/p>\n<p>Wenn dies jedoch passiert, keine Panik, Sie brauchen nur ein Tuch, das mit etwas \u00d6l befeuchtet ist, und wischen die Fingerabdr\u00fccke ab. Wenn Sie dies tun, werden Sie Ihr Schwert sehr lange behalten.<\/p>","protected":false},"excerpt":{"rendered":"<p>Replik des Schwertes von Geralt de Riv in The Witcher 3 Wild Hunt.<\/p>\n<ul>\n<li>Klinge aus rostfreiem Stahl mit Hohlkehlen.<\/li>\n<li>Vollstahl-Garde.<\/li>\n<li>Metallgriff mit Baumwollfaden \u00fcberzogen.<\/li>\n<li>Knauf aus Vollstahl mit zwei Wolfsk\u00f6pfen.<\/li>\n<li>Mit schwarzem Kunstleder \u00fcberzogene Scheide.<\/li>\n<li>Gesamtl\u00e4nge: 123 cm<\/li>\n<\/ul>\n<p><strong><span style=\"color: #df0d0d;\">Der Medaillon-Anh\u00e4nger, den Geralt tr\u00e4gt, wird Ihnen zusammen mit diesem Schwert geschenkt.<\/span><span style=\"text-decoration: underline;\"><br \/>\n<\/span><\/strong><\/p>","protected":false},"featured_media":27878,"template":"","meta":[],"product_brand":[896],"product_cat":[23,58],"product_tag":[],"class_list":{"0":"post-27877","1":"product","2":"type-product","3":"status-publish","4":"has-post-thumbnail","6":"product_brand-replique-manga-cine","7":"product_cat-repliques-manga-jeux-video","8":"product_cat-epee-the-witcher","10":"first","11":"instock","12":"taxable","13":"shipping-taxable","14":"purchasable","15":"product-type-simple"},"yoast_head":"<!-- This site is optimized with the Yoast SEO plugin v27.5 - https:\/\/yoast.com\/product\/yoast-seo-wordpress\/ -->\n<title>Ep\u00e9e Twin-Wolf The Witcher3 - Boutique en ligne | RMC<\/title>\n<meta name=\"description\" content=\"Commandez vite ! Votre Ep\u00e9e Twin-Wolf The Witcher3 au meilleur prix. Lame Acier - Fourreau - Medaillon offert - Longueur : 123 cm - Envoi 24\/48h\" \/>\n<meta name=\"robots\" content=\"index, follow, max-snippet:-1, max-image-preview:large, max-video-preview:-1\" \/>\n<link rel=\"canonical\" href=\"https:\/\/repliquemangacine.fr\/de\/schwert-the-witcher\/twin-wolf-schwert-geralt-de-riv-the-witcher-3-mit-medaillon-als-geschenk\/\" \/>\n<meta property=\"og:locale\" content=\"de_DE\" \/>\n<meta property=\"og:type\" content=\"article\" \/>\n<meta property=\"og:title\" content=\"Ep\u00e9e Twin-Wolf The Witcher3 - Boutique en ligne | RMC\" \/>\n<meta property=\"og:description\" content=\"Commandez vite ! Votre Ep\u00e9e Twin-Wolf The Witcher3 au meilleur prix. Lame Acier - Fourreau - Medaillon offert - Longueur : 123 cm - Envoi 24\/48h\" \/>\n<meta property=\"og:url\" content=\"https:\/\/repliquemangacine.fr\/de\/schwert-the-witcher\/twin-wolf-schwert-geralt-de-riv-the-witcher-3-mit-medaillon-als-geschenk\/\" \/>\n<meta property=\"og:site_name\" content=\"R\u00e9plique Manga Cin\u00e9\" \/>\n<meta property=\"article:publisher\" content=\"https:\/\/www.facebook.com\/RepliqueMangaCine\" \/>\n<meta property=\"article:modified_time\" content=\"2026-04-29T11:25:31+00:00\" \/>\n<meta property=\"og:image\" content=\"https:\/\/repliquemangacine.fr\/wp-content\/uploads\/2023\/10\/2621-Epee-Twin-Wolf-Geralt-de-Riv-The-Witcher-3-lame.png\" \/>\n\t<meta property=\"og:image:width\" content=\"500\" \/>\n\t<meta property=\"og:image:height\" content=\"500\" \/>\n\t<meta property=\"og:image:type\" content=\"image\/png\" \/>\n<meta name=\"twitter:card\" content=\"summary_large_image\" \/>\n<meta name=\"twitter:label1\" content=\"Gesch\u00e4tzte Lesezeit\" \/>\n\t<meta name=\"twitter:data1\" content=\"1\u00a0Minute\" \/>\n<script type=\"application\/ld+json\" class=\"yoast-schema-graph\">{\"@context\":\"https:\\\/\\\/schema.org\",\"@graph\":[{\"@type\":\"WebPage\",\"@id\":\"https:\\\/\\\/repliquemangacine.fr\\\/epee-the-witcher\\\/epee-twin-wolf-geralt-de-riv-the-witcher-3-avec-son-medaillon-en-cadeau\\\/\",\"url\":\"https:\\\/\\\/repliquemangacine.fr\\\/epee-the-witcher\\\/epee-twin-wolf-geralt-de-riv-the-witcher-3-avec-son-medaillon-en-cadeau\\\/\",\"name\":\"Ep\u00e9e Twin-Wolf The Witcher3 - Boutique en ligne | RMC\",\"isPartOf\":{\"@id\":\"https:\\\/\\\/repliquemangacine.fr\\\/#website\"},\"primaryImageOfPage\":{\"@id\":\"https:\\\/\\\/repliquemangacine.fr\\\/epee-the-witcher\\\/epee-twin-wolf-geralt-de-riv-the-witcher-3-avec-son-medaillon-en-cadeau\\\/#primaryimage\"},\"image\":{\"@id\":\"https:\\\/\\\/repliquemangacine.fr\\\/epee-the-witcher\\\/epee-twin-wolf-geralt-de-riv-the-witcher-3-avec-son-medaillon-en-cadeau\\\/#primaryimage\"},\"thumbnailUrl\":\"https:\\\/\\\/repliquemangacine.fr\\\/wp-content\\\/uploads\\\/2023\\\/10\\\/2621-Epee-Twin-Wolf-Geralt-de-Riv-The-Witcher-3-lame.png\",\"datePublished\":\"2018-05-17T14:58:42+00:00\",\"dateModified\":\"2026-04-29T11:25:31+00:00\",\"description\":\"Commandez vite ! Votre Ep\u00e9e Twin-Wolf The Witcher3 au meilleur prix. Lame Acier - Fourreau - Medaillon offert - Longueur : 123 cm - Envoi 24\\\/48h\",\"breadcrumb\":{\"@id\":\"https:\\\/\\\/repliquemangacine.fr\\\/epee-the-witcher\\\/epee-twin-wolf-geralt-de-riv-the-witcher-3-avec-son-medaillon-en-cadeau\\\/#breadcrumb\"},\"inLanguage\":\"de\",\"potentialAction\":[{\"@type\":\"ReadAction\",\"target\":[\"https:\\\/\\\/repliquemangacine.fr\\\/epee-the-witcher\\\/epee-twin-wolf-geralt-de-riv-the-witcher-3-avec-son-medaillon-en-cadeau\\\/\"]}]},{\"@type\":\"ImageObject\",\"inLanguage\":\"de\",\"@id\":\"https:\\\/\\\/repliquemangacine.fr\\\/epee-the-witcher\\\/epee-twin-wolf-geralt-de-riv-the-witcher-3-avec-son-medaillon-en-cadeau\\\/#primaryimage\",\"url\":\"https:\\\/\\\/repliquemangacine.fr\\\/wp-content\\\/uploads\\\/2023\\\/10\\\/2621-Epee-Twin-Wolf-Geralt-de-Riv-The-Witcher-3-lame.png\",\"contentUrl\":\"https:\\\/\\\/repliquemangacine.fr\\\/wp-content\\\/uploads\\\/2023\\\/10\\\/2621-Epee-Twin-Wolf-Geralt-de-Riv-The-Witcher-3-lame.png\",\"width\":500,\"height\":500,\"caption\":\"Ep\u00e9e Twin-Wolf The Witcher3\"},{\"@type\":\"BreadcrumbList\",\"@id\":\"https:\\\/\\\/repliquemangacine.fr\\\/epee-the-witcher\\\/epee-twin-wolf-geralt-de-riv-the-witcher-3-avec-son-medaillon-en-cadeau\\\/#breadcrumb\",\"itemListElement\":[{\"@type\":\"ListItem\",\"position\":1,\"name\":\"Accueil\",\"item\":\"https:\\\/\\\/repliquemangacine.fr\\\/\"},{\"@type\":\"ListItem\",\"position\":2,\"name\":\"Produits\",\"item\":\"https:\\\/\\\/repliquemangacine.fr\\\/boutique\\\/\"},{\"@type\":\"ListItem\",\"position\":3,\"name\":\"Ep\u00e9e Twin-Wolf The Witcher3\"}]},{\"@type\":\"WebSite\",\"@id\":\"https:\\\/\\\/repliquemangacine.fr\\\/#website\",\"url\":\"https:\\\/\\\/repliquemangacine.fr\\\/\",\"name\":\"R\u00e9plique Manga Cin\u00e9\",\"description\":\"\",\"publisher\":{\"@id\":\"https:\\\/\\\/repliquemangacine.fr\\\/#organization\"},\"potentialAction\":[{\"@type\":\"SearchAction\",\"target\":{\"@type\":\"EntryPoint\",\"urlTemplate\":\"https:\\\/\\\/repliquemangacine.fr\\\/?s={search_term_string}\"},\"query-input\":{\"@type\":\"PropertyValueSpecification\",\"valueRequired\":true,\"valueName\":\"search_term_string\"}}],\"inLanguage\":\"de\"},{\"@type\":\"Organization\",\"@id\":\"https:\\\/\\\/repliquemangacine.fr\\\/#organization\",\"name\":\"R\u00e9plique Manga Cin\u00e9\",\"url\":\"https:\\\/\\\/repliquemangacine.fr\\\/\",\"logo\":{\"@type\":\"ImageObject\",\"inLanguage\":\"de\",\"@id\":\"https:\\\/\\\/repliquemangacine.fr\\\/#\\\/schema\\\/logo\\\/image\\\/\",\"url\":\"https:\\\/\\\/repliquemangacine.fr\\\/wp-content\\\/uploads\\\/2023\\\/10\\\/RMC-500250.png\",\"contentUrl\":\"https:\\\/\\\/repliquemangacine.fr\\\/wp-content\\\/uploads\\\/2023\\\/10\\\/RMC-500250.png\",\"width\":500,\"height\":250,\"caption\":\"R\u00e9plique Manga Cin\u00e9\"},\"image\":{\"@id\":\"https:\\\/\\\/repliquemangacine.fr\\\/#\\\/schema\\\/logo\\\/image\\\/\"},\"sameAs\":[\"https:\\\/\\\/www.facebook.com\\\/RepliqueMangaCine\",\"https:\\\/\\\/www.instagram.com\\\/repliquemangacine.fr\\\/\"]}]}<\/script>\n<!-- \/ Yoast SEO plugin. -->","yoast_head_json":{"title":"Twin-Wolf Schwert The Witcher3 - Online Shop | RMC","description":"Bestellen Sie schnell! Ihr Twin-Wolf Schwert The Witcher3 zum besten Preis. Stahlklinge - Scheide - Medaillon angeboten - L\u00e4nge: 123 cm - Versand 24\/48h","robots":{"index":"index","follow":"follow","max-snippet":"max-snippet:-1","max-image-preview":"max-image-preview:large","max-video-preview":"max-video-preview:-1"},"canonical":"https:\/\/repliquemangacine.fr\/de\/schwert-the-witcher\/twin-wolf-schwert-geralt-de-riv-the-witcher-3-mit-medaillon-als-geschenk\/","og_locale":"de_DE","og_type":"article","og_title":"Ep\u00e9e Twin-Wolf The Witcher3 - Boutique en ligne | RMC","og_description":"Commandez vite ! Votre Ep\u00e9e Twin-Wolf The Witcher3 au meilleur prix. Lame Acier - Fourreau - Medaillon offert - Longueur : 123 cm - Envoi 24\/48h","og_url":"https:\/\/repliquemangacine.fr\/de\/schwert-the-witcher\/twin-wolf-schwert-geralt-de-riv-the-witcher-3-mit-medaillon-als-geschenk\/","og_site_name":"R\u00e9plique Manga Cin\u00e9","article_publisher":"https:\/\/www.facebook.com\/RepliqueMangaCine","article_modified_time":"2026-04-29T11:25:31+00:00","og_image":[{"width":500,"height":500,"url":"https:\/\/repliquemangacine.fr\/wp-content\/uploads\/2023\/10\/2621-Epee-Twin-Wolf-Geralt-de-Riv-The-Witcher-3-lame.png","type":"image\/png"}],"twitter_card":"summary_large_image","twitter_misc":{"Gesch\u00e4tzte Lesezeit":"1\u00a0Minute"},"schema":{"@context":"https:\/\/schema.org","@graph":[{"@type":"WebPage","@id":"https:\/\/repliquemangacine.fr\/epee-the-witcher\/epee-twin-wolf-geralt-de-riv-the-witcher-3-avec-son-medaillon-en-cadeau\/","url":"https:\/\/repliquemangacine.fr\/epee-the-witcher\/epee-twin-wolf-geralt-de-riv-the-witcher-3-avec-son-medaillon-en-cadeau\/","name":"Twin-Wolf Schwert The Witcher3 - Online Shop | RMC","isPartOf":{"@id":"https:\/\/repliquemangacine.fr\/#website"},"primaryImageOfPage":{"@id":"https:\/\/repliquemangacine.fr\/epee-the-witcher\/epee-twin-wolf-geralt-de-riv-the-witcher-3-avec-son-medaillon-en-cadeau\/#primaryimage"},"image":{"@id":"https:\/\/repliquemangacine.fr\/epee-the-witcher\/epee-twin-wolf-geralt-de-riv-the-witcher-3-avec-son-medaillon-en-cadeau\/#primaryimage"},"thumbnailUrl":"https:\/\/repliquemangacine.fr\/wp-content\/uploads\/2023\/10\/2621-Epee-Twin-Wolf-Geralt-de-Riv-The-Witcher-3-lame.png","datePublished":"2018-05-17T14:58:42+00:00","dateModified":"2026-04-29T11:25:31+00:00","description":"Bestellen Sie schnell! Ihr Twin-Wolf Schwert The Witcher3 zum besten Preis. Stahlklinge - Scheide - Medaillon angeboten - L\u00e4nge: 123 cm - Versand 24\/48h","breadcrumb":{"@id":"https:\/\/repliquemangacine.fr\/epee-the-witcher\/epee-twin-wolf-geralt-de-riv-the-witcher-3-avec-son-medaillon-en-cadeau\/#breadcrumb"},"inLanguage":"de","potentialAction":[{"@type":"ReadAction","target":["https:\/\/repliquemangacine.fr\/epee-the-witcher\/epee-twin-wolf-geralt-de-riv-the-witcher-3-avec-son-medaillon-en-cadeau\/"]}]},{"@type":"ImageObject","inLanguage":"de","@id":"https:\/\/repliquemangacine.fr\/epee-the-witcher\/epee-twin-wolf-geralt-de-riv-the-witcher-3-avec-son-medaillon-en-cadeau\/#primaryimage","url":"https:\/\/repliquemangacine.fr\/wp-content\/uploads\/2023\/10\/2621-Epee-Twin-Wolf-Geralt-de-Riv-The-Witcher-3-lame.png","contentUrl":"https:\/\/repliquemangacine.fr\/wp-content\/uploads\/2023\/10\/2621-Epee-Twin-Wolf-Geralt-de-Riv-The-Witcher-3-lame.png","width":500,"height":500,"caption":"Ep\u00e9e Twin-Wolf The Witcher3"},{"@type":"BreadcrumbList","@id":"https:\/\/repliquemangacine.fr\/epee-the-witcher\/epee-twin-wolf-geralt-de-riv-the-witcher-3-avec-son-medaillon-en-cadeau\/#breadcrumb","itemListElement":[{"@type":"ListItem","position":1,"name":"Accueil","item":"https:\/\/repliquemangacine.fr\/"},{"@type":"ListItem","position":2,"name":"Produits","item":"https:\/\/repliquemangacine.fr\/boutique\/"},{"@type":"ListItem","position":3,"name":"Ep\u00e9e Twin-Wolf The Witcher3"}]},{"@type":"WebSite","@id":"https:\/\/repliquemangacine.fr\/#website","url":"https:\/\/repliquemangacine.fr\/","name":"R\u00e9plique Manga Cin\u00e9","description":"","publisher":{"@id":"https:\/\/repliquemangacine.fr\/#organization"},"potentialAction":[{"@type":"SearchAction","target":{"@type":"EntryPoint","urlTemplate":"https:\/\/repliquemangacine.fr\/?s={search_term_string}"},"query-input":{"@type":"PropertyValueSpecification","valueRequired":true,"valueName":"search_term_string"}}],"inLanguage":"de"},{"@type":"Organization","@id":"https:\/\/repliquemangacine.fr\/#organization","name":"R\u00e9plique Manga Cin\u00e9","url":"https:\/\/repliquemangacine.fr\/","logo":{"@type":"ImageObject","inLanguage":"de","@id":"https:\/\/repliquemangacine.fr\/#\/schema\/logo\/image\/","url":"https:\/\/repliquemangacine.fr\/wp-content\/uploads\/2023\/10\/RMC-500250.png","contentUrl":"https:\/\/repliquemangacine.fr\/wp-content\/uploads\/2023\/10\/RMC-500250.png","width":500,"height":250,"caption":"R\u00e9plique Manga Cin\u00e9"},"image":{"@id":"https:\/\/repliquemangacine.fr\/#\/schema\/logo\/image\/"},"sameAs":["https:\/\/www.facebook.com\/RepliqueMangaCine","https:\/\/www.instagram.com\/repliquemangacine.fr\/"]}]}},"_links":{"self":[{"href":"https:\/\/repliquemangacine.fr\/de\/wp-json\/wp\/v2\/product\/27877","targetHints":{"allow":["GET"]}}],"collection":[{"href":"https:\/\/repliquemangacine.fr\/de\/wp-json\/wp\/v2\/product"}],"about":[{"href":"https:\/\/repliquemangacine.fr\/de\/wp-json\/wp\/v2\/types\/product"}],"wp:featuredmedia":[{"embeddable":true,"href":"https:\/\/repliquemangacine.fr\/de\/wp-json\/wp\/v2\/media\/27878"}],"wp:attachment":[{"href":"https:\/\/repliquemangacine.fr\/de\/wp-json\/wp\/v2\/media?parent=27877"}],"wp:term":[{"taxonomy":"product_brand","embeddable":true,"href":"https:\/\/repliquemangacine.fr\/de\/wp-json\/wp\/v2\/product_brand?post=27877"},{"taxonomy":"product_cat","embeddable":true,"href":"https:\/\/repliquemangacine.fr\/de\/wp-json\/wp\/v2\/product_cat?post=27877"},{"taxonomy":"product_tag","embeddable":true,"href":"https:\/\/repliquemangacine.fr\/de\/wp-json\/wp\/v2\/product_tag?post=27877"}],"curies":[{"name":"wp","href":"https:\/\/api.w.org\/{rel}","templated":true}]}}