





{"id":27807,"date":"2018-04-07T17:42:57","date_gmt":"2018-04-07T15:42:57","guid":{"rendered":"https:\/\/repliquemangacine.fr\/?post_type=product&#038;p=27807"},"modified":"2026-02-28T06:06:32","modified_gmt":"2026-02-28T05:06:32","slug":"axt-aus-der-wikinger-serie-axt-des-ragnar-lothbrok","status":"publish","type":"product","link":"https:\/\/repliquemangacine.fr\/de\/haches-serie-vikings\/hache-de-la-serie-vikings-hache-de-ragnar-lothbrok\/","title":{"rendered":"Axt Ragnar Lothbrok"},"content":{"rendered":"<h2>Wikinger-Axt Ragnar Lothbrok in der Serie Vikings<\/h2>\n<p>Zu Beginn dieser <strong>Wikinger-Axt Ragnar Lothbrok<\/strong>Das Buch ist eine exakte Kopie des Buches, das in der Serie verwendet wurde.<\/p>\n<p>Die Axt, eine schnelle Waffe, die st\u00e4ndig mit t\u00f6dlicher Kraft zuschl\u00e4gt. Die meisten Wikinger konnten sich kein teures Schwert leisten, daher waren Axt und Speer ihre zuverl\u00e4ssigen Kampfgef\u00e4hrten.<\/p>\n<p>Die Wikinger waren hervorragende Seefahrer und drangen auch bis zur Iberischen Halbinsel vor. Die Wikinger drangen \u00fcber die Stra\u00dfe von Gibraltar in das Mittelmeer ein und lie\u00dfen sich auf ihrem gr\u00f6\u00dften Raubzug zwischen 859 und 861 im Rh\u00f4ne-Delta in der Camargue nieder und zogen dann weiter nach Italien.<\/p>\n<p>Die Wikinger, die als furchterregende Krieger bekannt sind, haben es nie geschafft, eine richtige Armee zu bilden. Ihre r\u00e4uberische Taktik kann nicht auf eine milit\u00e4rische Kunst zur\u00fcckgef\u00fchrt werden, die sie nicht beherrschten.<\/p>\n<h2>Ihre Viking Axt Ragnar Lothbrok zum besten Preis.<\/h2>\n<p>Wir bieten Ihnen eine gro\u00dfe Auswahl an Schwertern sowie Helmen und Schilden aus der Wikingerzeit.<\/p>\n<p>Zun\u00e4chst einmal,<\/p>\n<ul>\n<li>Das Schwert von Lagertha Ehefrau von Ragnar Lothbrok aus der Wikinger-Serie.<\/li>\n<li>Es gibt auch den <a href=\"https:\/\/repliquemangacine.fr\/de\/viking\/wikingerschild-aus-holz\/\">runder Holzschild<\/a>Der Schuh ist mit einem Umbo aus Stahl ausgestattet.<\/li>\n<li>Sowie das <a href=\"https:\/\/repliquemangacine.fr\/de\/viking\/wikingerhelm-beowulf\/\">Wikingerhelm Beowulf<\/a> mit getriebenen Messingapplikationen.<\/li>\n<li>Und viele andere mehr!<\/li>\n<li>Sie suchen ein Armband, einen Ring, entdecken Sie die Partnerboutique <a href=\"https:\/\/www.viking-clan.com\/\" target=\"_blank\" rel=\"noopener noreferrer\">Viking Clan<\/a>.<\/li>\n<\/ul>\n<p>Deshalb ist dies eine tolle Geschenkidee f\u00fcr Fans der ber\u00fchmten Vikings-Reihe.<\/p>\n<p>Abschlie\u00dfend l\u00e4sst sich sagen, dass Sie diese Axt von Ragnar auch f\u00fcr Ihre historischen Nachstellungen verwenden k\u00f6nnen. Vor allem ist die <strong>Wikinger-Axt Ragnar Lothbrok<\/strong>Das Buch ist ein Sammlerst\u00fcck und dient als Dekoration.<\/p>\n<h2>Wie pflegt man die Klinge seiner Axt?<\/h2>\n<p>Sammlungs- und Dekorations\u00e4xte werden in vereinfachter Form hergestellt und zusammengebaut. Da sie zu Dekorationszwecken verwendet werden, fehlen ihnen die Sicherheitsmerkmale, die ein japanisches Schwert f\u00fcr Trainingszwecke aufweisen muss.<\/p>\n<p>Allerdings ist Ihr <strong>Wikinger-Axt Ragnar Lothbrock<\/strong> zu einer Stahlklinge, die gepflegt werden muss, damit sie nicht mit der Zeit abgenutzt wird. Denn wenn du dein Katana ausstellst, werden deine Freunde neugierig sein, die Klinge zu sehen und sie zu ber\u00fchren. Hier ist Vorsicht geboten, denn Sie sollten wissen, dass die S\u00e4ure der Finger dem Stahl unabh\u00e4ngig von seiner Qualit\u00e4t sehr schadet.<\/p>\n<p>Wenn dies jedoch passiert, keine Panik, Sie brauchen nur ein Tuch, das mit etwas \u00d6l befeuchtet ist, und wischen die Fingerabdr\u00fccke ab. Wenn Sie dies tun, werden Sie Ihr Schwert sehr lange behalten.<\/p>","protected":false},"excerpt":{"rendered":"<p>Axt von Ragnar Lothbrok aus der Fernsehserie \"Vikings\".<\/p>\n<ul>\n<li>Axtkopf aus rostfreiem Gusseisen.<\/li>\n<li>Holzgriff.<\/li>\n<li>Gedrehter Lederriemen entlang des gesamten Griffs.<\/li>\n<li>Wandhalterung aus Holz, die mit dem Logo der Serie im Siebdruckverfahren bedruckt ist.<\/li>\n<li>Gesamtl\u00e4nge: 68 cm - Gewicht: 900 grs<\/li>\n<\/ul>","protected":false},"featured_media":27808,"template":"","meta":[],"product_brand":[896],"product_cat":[25,24,111,103,57],"product_tag":[],"class_list":{"0":"post-27807","1":"product","2":"type-product","3":"status-publish","4":"has-post-thumbnail","6":"product_brand-replique-manga-cine","7":"product_cat-armes-historiques","8":"product_cat-films-series-tv-vente-de-katana-epee-et-produits-derives","9":"product_cat-haches-serie-vikings","10":"product_cat-armes-et-accessoires-vikings","11":"product_cat-armes-vikings","13":"first","14":"instock","15":"taxable","16":"shipping-taxable","17":"purchasable","18":"product-type-simple"},"yoast_head":"<!-- This site is optimized with the Yoast SEO plugin v27.5 - https:\/\/yoast.com\/product\/yoast-seo-wordpress\/ -->\n<title>Hache Viking Ragnar Lothbrok - Vente en ligne hache viking | RMC<\/title>\n<meta name=\"description\" content=\"Offrez-vous la Hache Viking Ragnar Lothbrok dans la s\u00e9rie TV Vikings au meilleur prix - Hache en acier et bois - Longueur totale : 68 cm - Support bois\" \/>\n<meta name=\"robots\" content=\"index, follow, max-snippet:-1, max-image-preview:large, max-video-preview:-1\" \/>\n<link rel=\"canonical\" href=\"https:\/\/repliquemangacine.fr\/de\/axt-serie-wikinger\/axt-aus-der-wikinger-serie-axt-des-ragnar-lothbrok\/\" \/>\n<meta property=\"og:locale\" content=\"de_DE\" \/>\n<meta property=\"og:type\" content=\"article\" \/>\n<meta property=\"og:title\" content=\"Hache Viking Ragnar Lothbrok - Vente en ligne hache viking | RMC\" \/>\n<meta property=\"og:description\" content=\"Offrez-vous la Hache Viking Ragnar Lothbrok dans la s\u00e9rie TV Vikings au meilleur prix - Hache en acier et bois - Longueur totale : 68 cm - Support bois\" \/>\n<meta property=\"og:url\" content=\"https:\/\/repliquemangacine.fr\/de\/axt-serie-wikinger\/axt-aus-der-wikinger-serie-axt-des-ragnar-lothbrok\/\" \/>\n<meta property=\"og:site_name\" content=\"R\u00e9plique Manga Cin\u00e9\" \/>\n<meta property=\"article:publisher\" content=\"https:\/\/www.facebook.com\/RepliqueMangaCine\" \/>\n<meta property=\"article:modified_time\" content=\"2026-02-28T05:06:32+00:00\" \/>\n<meta property=\"og:image\" content=\"https:\/\/repliquemangacine.fr\/wp-content\/uploads\/2023\/10\/2559-Hache-Vikings-hache-de-Ragnar-Lothbrok.jpg\" \/>\n\t<meta property=\"og:image:width\" content=\"600\" \/>\n\t<meta property=\"og:image:height\" content=\"600\" \/>\n\t<meta property=\"og:image:type\" content=\"image\/jpeg\" \/>\n<meta name=\"twitter:card\" content=\"summary_large_image\" \/>\n<meta name=\"twitter:label1\" content=\"Gesch\u00e4tzte Lesezeit\" \/>\n\t<meta name=\"twitter:data1\" content=\"1\u00a0Minute\" \/>\n<script type=\"application\/ld+json\" class=\"yoast-schema-graph\">{\"@context\":\"https:\\\/\\\/schema.org\",\"@graph\":[{\"@type\":\"WebPage\",\"@id\":\"https:\\\/\\\/repliquemangacine.fr\\\/haches-serie-vikings\\\/hache-de-la-serie-vikings-hache-de-ragnar-lothbrok\\\/\",\"url\":\"https:\\\/\\\/repliquemangacine.fr\\\/haches-serie-vikings\\\/hache-de-la-serie-vikings-hache-de-ragnar-lothbrok\\\/\",\"name\":\"Hache Viking Ragnar Lothbrok - Vente en ligne hache viking | RMC\",\"isPartOf\":{\"@id\":\"https:\\\/\\\/repliquemangacine.fr\\\/#website\"},\"primaryImageOfPage\":{\"@id\":\"https:\\\/\\\/repliquemangacine.fr\\\/haches-serie-vikings\\\/hache-de-la-serie-vikings-hache-de-ragnar-lothbrok\\\/#primaryimage\"},\"image\":{\"@id\":\"https:\\\/\\\/repliquemangacine.fr\\\/haches-serie-vikings\\\/hache-de-la-serie-vikings-hache-de-ragnar-lothbrok\\\/#primaryimage\"},\"thumbnailUrl\":\"https:\\\/\\\/repliquemangacine.fr\\\/wp-content\\\/uploads\\\/2023\\\/10\\\/2559-Hache-Vikings-hache-de-Ragnar-Lothbrok.jpg\",\"datePublished\":\"2018-04-07T15:42:57+00:00\",\"dateModified\":\"2026-02-28T05:06:32+00:00\",\"description\":\"Offrez-vous la Hache Viking Ragnar Lothbrok dans la s\u00e9rie TV Vikings au meilleur prix - Hache en acier et bois - Longueur totale : 68 cm - Support bois\",\"breadcrumb\":{\"@id\":\"https:\\\/\\\/repliquemangacine.fr\\\/haches-serie-vikings\\\/hache-de-la-serie-vikings-hache-de-ragnar-lothbrok\\\/#breadcrumb\"},\"inLanguage\":\"de\",\"potentialAction\":[{\"@type\":\"ReadAction\",\"target\":[\"https:\\\/\\\/repliquemangacine.fr\\\/haches-serie-vikings\\\/hache-de-la-serie-vikings-hache-de-ragnar-lothbrok\\\/\"]}]},{\"@type\":\"ImageObject\",\"inLanguage\":\"de\",\"@id\":\"https:\\\/\\\/repliquemangacine.fr\\\/haches-serie-vikings\\\/hache-de-la-serie-vikings-hache-de-ragnar-lothbrok\\\/#primaryimage\",\"url\":\"https:\\\/\\\/repliquemangacine.fr\\\/wp-content\\\/uploads\\\/2023\\\/10\\\/2559-Hache-Vikings-hache-de-Ragnar-Lothbrok.jpg\",\"contentUrl\":\"https:\\\/\\\/repliquemangacine.fr\\\/wp-content\\\/uploads\\\/2023\\\/10\\\/2559-Hache-Vikings-hache-de-Ragnar-Lothbrok.jpg\",\"width\":600,\"height\":600,\"caption\":\"Hache Vikings, hache de Ragnar Lothbrok\"},{\"@type\":\"BreadcrumbList\",\"@id\":\"https:\\\/\\\/repliquemangacine.fr\\\/haches-serie-vikings\\\/hache-de-la-serie-vikings-hache-de-ragnar-lothbrok\\\/#breadcrumb\",\"itemListElement\":[{\"@type\":\"ListItem\",\"position\":1,\"name\":\"Accueil\",\"item\":\"https:\\\/\\\/repliquemangacine.fr\\\/\"},{\"@type\":\"ListItem\",\"position\":2,\"name\":\"Produits\",\"item\":\"https:\\\/\\\/repliquemangacine.fr\\\/boutique\\\/\"},{\"@type\":\"ListItem\",\"position\":3,\"name\":\"Hache Ragnar Lothbrok\"}]},{\"@type\":\"WebSite\",\"@id\":\"https:\\\/\\\/repliquemangacine.fr\\\/#website\",\"url\":\"https:\\\/\\\/repliquemangacine.fr\\\/\",\"name\":\"R\u00e9plique Manga Cin\u00e9\",\"description\":\"\",\"publisher\":{\"@id\":\"https:\\\/\\\/repliquemangacine.fr\\\/#organization\"},\"potentialAction\":[{\"@type\":\"SearchAction\",\"target\":{\"@type\":\"EntryPoint\",\"urlTemplate\":\"https:\\\/\\\/repliquemangacine.fr\\\/?s={search_term_string}\"},\"query-input\":{\"@type\":\"PropertyValueSpecification\",\"valueRequired\":true,\"valueName\":\"search_term_string\"}}],\"inLanguage\":\"de\"},{\"@type\":\"Organization\",\"@id\":\"https:\\\/\\\/repliquemangacine.fr\\\/#organization\",\"name\":\"R\u00e9plique Manga Cin\u00e9\",\"url\":\"https:\\\/\\\/repliquemangacine.fr\\\/\",\"logo\":{\"@type\":\"ImageObject\",\"inLanguage\":\"de\",\"@id\":\"https:\\\/\\\/repliquemangacine.fr\\\/#\\\/schema\\\/logo\\\/image\\\/\",\"url\":\"https:\\\/\\\/repliquemangacine.fr\\\/wp-content\\\/uploads\\\/2023\\\/10\\\/RMC-500250.png\",\"contentUrl\":\"https:\\\/\\\/repliquemangacine.fr\\\/wp-content\\\/uploads\\\/2023\\\/10\\\/RMC-500250.png\",\"width\":500,\"height\":250,\"caption\":\"R\u00e9plique Manga Cin\u00e9\"},\"image\":{\"@id\":\"https:\\\/\\\/repliquemangacine.fr\\\/#\\\/schema\\\/logo\\\/image\\\/\"},\"sameAs\":[\"https:\\\/\\\/www.facebook.com\\\/RepliqueMangaCine\",\"https:\\\/\\\/www.instagram.com\\\/repliquemangacine.fr\\\/\"]}]}<\/script>\n<!-- \/ Yoast SEO plugin. -->","yoast_head_json":{"title":"Viking Axt Ragnar Lothbrok - Viking Axt Online Shop | RMC","description":"Bieten Sie die Wikingeraxt Ragnar Lothbrok aus der TV-Serie Vikings zum besten Preis an - Axt aus Stahl und Holz - Gesamtl\u00e4nge: 68 cm - Holzst\u00e4nder","robots":{"index":"index","follow":"follow","max-snippet":"max-snippet:-1","max-image-preview":"max-image-preview:large","max-video-preview":"max-video-preview:-1"},"canonical":"https:\/\/repliquemangacine.fr\/de\/axt-serie-wikinger\/axt-aus-der-wikinger-serie-axt-des-ragnar-lothbrok\/","og_locale":"de_DE","og_type":"article","og_title":"Hache Viking Ragnar Lothbrok - Vente en ligne hache viking | RMC","og_description":"Offrez-vous la Hache Viking Ragnar Lothbrok dans la s\u00e9rie TV Vikings au meilleur prix - Hache en acier et bois - Longueur totale : 68 cm - Support bois","og_url":"https:\/\/repliquemangacine.fr\/de\/axt-serie-wikinger\/axt-aus-der-wikinger-serie-axt-des-ragnar-lothbrok\/","og_site_name":"R\u00e9plique Manga Cin\u00e9","article_publisher":"https:\/\/www.facebook.com\/RepliqueMangaCine","article_modified_time":"2026-02-28T05:06:32+00:00","og_image":[{"width":600,"height":600,"url":"https:\/\/repliquemangacine.fr\/wp-content\/uploads\/2023\/10\/2559-Hache-Vikings-hache-de-Ragnar-Lothbrok.jpg","type":"image\/jpeg"}],"twitter_card":"summary_large_image","twitter_misc":{"Gesch\u00e4tzte Lesezeit":"1\u00a0Minute"},"schema":{"@context":"https:\/\/schema.org","@graph":[{"@type":"WebPage","@id":"https:\/\/repliquemangacine.fr\/haches-serie-vikings\/hache-de-la-serie-vikings-hache-de-ragnar-lothbrok\/","url":"https:\/\/repliquemangacine.fr\/haches-serie-vikings\/hache-de-la-serie-vikings-hache-de-ragnar-lothbrok\/","name":"Viking Axt Ragnar Lothbrok - Viking Axt Online Shop | RMC","isPartOf":{"@id":"https:\/\/repliquemangacine.fr\/#website"},"primaryImageOfPage":{"@id":"https:\/\/repliquemangacine.fr\/haches-serie-vikings\/hache-de-la-serie-vikings-hache-de-ragnar-lothbrok\/#primaryimage"},"image":{"@id":"https:\/\/repliquemangacine.fr\/haches-serie-vikings\/hache-de-la-serie-vikings-hache-de-ragnar-lothbrok\/#primaryimage"},"thumbnailUrl":"https:\/\/repliquemangacine.fr\/wp-content\/uploads\/2023\/10\/2559-Hache-Vikings-hache-de-Ragnar-Lothbrok.jpg","datePublished":"2018-04-07T15:42:57+00:00","dateModified":"2026-02-28T05:06:32+00:00","description":"Bieten Sie die Wikingeraxt Ragnar Lothbrok aus der TV-Serie Vikings zum besten Preis an - Axt aus Stahl und Holz - Gesamtl\u00e4nge: 68 cm - Holzst\u00e4nder","breadcrumb":{"@id":"https:\/\/repliquemangacine.fr\/haches-serie-vikings\/hache-de-la-serie-vikings-hache-de-ragnar-lothbrok\/#breadcrumb"},"inLanguage":"de","potentialAction":[{"@type":"ReadAction","target":["https:\/\/repliquemangacine.fr\/haches-serie-vikings\/hache-de-la-serie-vikings-hache-de-ragnar-lothbrok\/"]}]},{"@type":"ImageObject","inLanguage":"de","@id":"https:\/\/repliquemangacine.fr\/haches-serie-vikings\/hache-de-la-serie-vikings-hache-de-ragnar-lothbrok\/#primaryimage","url":"https:\/\/repliquemangacine.fr\/wp-content\/uploads\/2023\/10\/2559-Hache-Vikings-hache-de-Ragnar-Lothbrok.jpg","contentUrl":"https:\/\/repliquemangacine.fr\/wp-content\/uploads\/2023\/10\/2559-Hache-Vikings-hache-de-Ragnar-Lothbrok.jpg","width":600,"height":600,"caption":"Hache Vikings, hache de Ragnar Lothbrok"},{"@type":"BreadcrumbList","@id":"https:\/\/repliquemangacine.fr\/haches-serie-vikings\/hache-de-la-serie-vikings-hache-de-ragnar-lothbrok\/#breadcrumb","itemListElement":[{"@type":"ListItem","position":1,"name":"Accueil","item":"https:\/\/repliquemangacine.fr\/"},{"@type":"ListItem","position":2,"name":"Produits","item":"https:\/\/repliquemangacine.fr\/boutique\/"},{"@type":"ListItem","position":3,"name":"Hache Ragnar Lothbrok"}]},{"@type":"WebSite","@id":"https:\/\/repliquemangacine.fr\/#website","url":"https:\/\/repliquemangacine.fr\/","name":"R\u00e9plique Manga Cin\u00e9","description":"","publisher":{"@id":"https:\/\/repliquemangacine.fr\/#organization"},"potentialAction":[{"@type":"SearchAction","target":{"@type":"EntryPoint","urlTemplate":"https:\/\/repliquemangacine.fr\/?s={search_term_string}"},"query-input":{"@type":"PropertyValueSpecification","valueRequired":true,"valueName":"search_term_string"}}],"inLanguage":"de"},{"@type":"Organization","@id":"https:\/\/repliquemangacine.fr\/#organization","name":"R\u00e9plique Manga Cin\u00e9","url":"https:\/\/repliquemangacine.fr\/","logo":{"@type":"ImageObject","inLanguage":"de","@id":"https:\/\/repliquemangacine.fr\/#\/schema\/logo\/image\/","url":"https:\/\/repliquemangacine.fr\/wp-content\/uploads\/2023\/10\/RMC-500250.png","contentUrl":"https:\/\/repliquemangacine.fr\/wp-content\/uploads\/2023\/10\/RMC-500250.png","width":500,"height":250,"caption":"R\u00e9plique Manga Cin\u00e9"},"image":{"@id":"https:\/\/repliquemangacine.fr\/#\/schema\/logo\/image\/"},"sameAs":["https:\/\/www.facebook.com\/RepliqueMangaCine","https:\/\/www.instagram.com\/repliquemangacine.fr\/"]}]}},"_links":{"self":[{"href":"https:\/\/repliquemangacine.fr\/de\/wp-json\/wp\/v2\/product\/27807","targetHints":{"allow":["GET"]}}],"collection":[{"href":"https:\/\/repliquemangacine.fr\/de\/wp-json\/wp\/v2\/product"}],"about":[{"href":"https:\/\/repliquemangacine.fr\/de\/wp-json\/wp\/v2\/types\/product"}],"wp:featuredmedia":[{"embeddable":true,"href":"https:\/\/repliquemangacine.fr\/de\/wp-json\/wp\/v2\/media\/27808"}],"wp:attachment":[{"href":"https:\/\/repliquemangacine.fr\/de\/wp-json\/wp\/v2\/media?parent=27807"}],"wp:term":[{"taxonomy":"product_brand","embeddable":true,"href":"https:\/\/repliquemangacine.fr\/de\/wp-json\/wp\/v2\/product_brand?post=27807"},{"taxonomy":"product_cat","embeddable":true,"href":"https:\/\/repliquemangacine.fr\/de\/wp-json\/wp\/v2\/product_cat?post=27807"},{"taxonomy":"product_tag","embeddable":true,"href":"https:\/\/repliquemangacine.fr\/de\/wp-json\/wp\/v2\/product_tag?post=27807"}],"curies":[{"name":"wp","href":"https:\/\/api.w.org\/{rel}","templated":true}]}}