





{"id":27799,"date":"2018-04-07T17:07:08","date_gmt":"2018-04-07T15:07:08","guid":{"rendered":"https:\/\/repliquemangacine.fr\/?post_type=product&#038;p=27799"},"modified":"2026-04-16T10:04:44","modified_gmt":"2026-04-16T08:04:44","slug":"replik-des-schwertes-von-konig-ragnar-lothbrok-aus-der-tv-serie-vikings","status":"publish","type":"product","link":"https:\/\/repliquemangacine.fr\/de\/epees-serie-tv-vikings\/replique-de-l-epee-du-roi-ragnar-lothbrok-dans-la-serie-tv-vikings\/","title":{"rendered":"Schwert Ragnar Lothbrok"},"content":{"rendered":"<h2>Schwert von Ragnar Lothbrok in Vikings<\/h2>\n<p>Zu Beginn sehen wir die<strong>Schwert von Ragnar Lothbrok<\/strong> w\u00e4hrend der gesamten Serie in den H\u00e4nden der K\u00f6nige. Bj\u00f6rn, Ragnars Sohn, ist der letzte, der mit diesem Schwert stirbt.<\/p>\n<p>\u00dcber 100 Jahre lang f\u00fchrten die Wikinger zahlreiche m\u00f6rderische Raubz\u00fcge in Frankreich durch. Diese aus Norwegen stammenden Krieger errangen zahlreiche Siege. Sie konnten sich sogar dauerhaft in der Normandie niederlassen.<\/p>\n<p>Die Wikinger sind hervorragende Seefahrer und dringen im Jahr 844 auch bis zur Iberischen Halbinsel vor. Die Wikinger dringen \u00fcber die Stra\u00dfe von Gibraltar in das Mittelmeer ein.<\/p>\n<p>Die Wikinger, die als furchterregende Krieger bekannt sind, haben es nie geschafft, eine richtige Armee zu bilden. Ihre r\u00e4uberische Taktik kann nicht auf eine milit\u00e4rische Kunst zur\u00fcckgef\u00fchrt werden, die sie nicht beherrschten.<\/p>\n<h2>Ihr Schwert von Ragnar Lothbrock zum besten Preis.<\/h2>\n<p>Wir bieten Ihnen eine gro\u00dfe Auswahl an Schwertern sowie Helmen und Schilden aus der Wikingerzeit.<\/p>\n<p>Zun\u00e4chst einmal,<\/p>\n<ul>\n<li>Diese <a href=\"https:\/\/repliquemangacine.fr\/de\/viking\/lagerthas-schwert-wikinger\/\">Lagerthas Schwert<\/a> Ehefrau von Ragnar Lothbrok aus der Serie \"Viking\".<\/li>\n<li>Es gibt auch die <a href=\"https:\/\/repliquemangacine.fr\/de\/viking\/wikingeraxt-axt-des-konigs-ragnar\/\">Ragnars Axt<\/a>Die Requisite wurde aus der Fernsehserie \"Vikings\" nachgebildet.<\/li>\n<li>Und viele andere mehr!<\/li>\n<li>Sie suchen ein Armband, einen Ring, entdecken Sie die Partnerboutique <a href=\"https:\/\/www.viking-clan.com\/\" target=\"_blank\" rel=\"noopener noreferrer\">Viking Clan<\/a>.<\/li>\n<\/ul>\n<p>Deshalb ist dies eine tolle Geschenkidee f\u00fcr Fans der ber\u00fchmten Vikings-Reihe.<\/p>\n<p>Schlie\u00dflich k\u00f6nnen Sie dieses Schwert auch f\u00fcr Ihre Cosplay-Paraden oder historische Reenactments verwenden. Vor allem aber ist das<strong>Schwert von Ragnar Lothbrok<\/strong>Das Buch ist ein Sammlerst\u00fcck und dient als Dekoration.<\/p>\n<h2>Wie pflegt man die Klinge seines Wikingerschwerts?<\/h2>\n<p>Sammlungs- und Dekorationsschwerter werden in vereinfachter Form hergestellt und zusammengebaut. Da sie zu Dekorationszwecken verwendet werden, fehlen ihnen die Sicherheitselemente, die ein japanisches Schwert f\u00fcr Trainingszwecke aufweisen muss.<\/p>\n<p>Allerdings ist Ihr <strong>Schwert von Ragnar Lothbrock<\/strong> zu einer Stahlklinge, die gepflegt werden muss, damit sie nicht mit der Zeit abgenutzt wird. Denn wenn du dein Katana ausstellst, werden deine Freunde neugierig sein, die Klinge zu sehen und sie zu ber\u00fchren. Hier ist Vorsicht geboten, denn Sie sollten wissen, dass die S\u00e4ure der Finger dem Stahl unabh\u00e4ngig von seiner Qualit\u00e4t sehr schadet.<\/p>\n<p>Wenn dies jedoch passiert, keine Panik, Sie brauchen nur ein Tuch, das mit etwas \u00d6l befeuchtet ist, und wischen die Fingerabdr\u00fccke ab. Wenn Sie dies tun, werden Sie Ihr Schwert sehr lange behalten.<\/p>","protected":false},"excerpt":{"rendered":"<p>Schwert von K\u00f6nig Ragnar Lothbrok in Vikings.<\/p>\n<ul>\n<li>Klinge aus spiegelblankem Edelstahl mit Hohlkehle.<\/li>\n<li>Gravur von Wikingerrunen.<\/li>\n<li>Garde, Griff und Knauf sind aus bronzefarbenem, antikisiertem Stahl.<\/li>\n<li>Intarsien aus synthetischen Steinen.<\/li>\n<li>Holzst\u00e4nder <strong>Achtung ohne Logo (falsches Foto)<\/strong>.<\/li>\n<li>L\u00e4nge der Klinge: 84 cm - Gesamtl\u00e4nge: 105 cm<\/li>\n<\/ul>","protected":false},"featured_media":27800,"template":"","meta":[],"product_brand":[896],"product_cat":[25,84,112,24,43,103,57],"product_tag":[],"class_list":{"0":"post-27799","1":"product","2":"type-product","3":"status-publish","4":"has-post-thumbnail","6":"product_brand-replique-manga-cine","7":"product_cat-armes-historiques","8":"product_cat-epee-templier-medievale","9":"product_cat-epees-serie-tv-vikings","10":"product_cat-films-series-tv-vente-de-katana-epee-et-produits-derives","11":"product_cat-reproductions-d-armes-et-accessoires-medievales","12":"product_cat-armes-et-accessoires-vikings","13":"product_cat-armes-vikings","15":"first","16":"instock","17":"sale","18":"taxable","19":"shipping-taxable","20":"purchasable","21":"product-type-simple"},"yoast_head":"<!-- This site is optimized with the Yoast SEO plugin v27.5 - https:\/\/yoast.com\/product\/yoast-seo-wordpress\/ -->\n<title>Ep\u00e9e de Ragnar Lothbrok - Ep\u00e9e Vikings | R\u00e9plique Manga Cin\u00e9<\/title>\n<meta name=\"description\" content=\"Offrez-vous l&#039;Ep\u00e9e de Ragnar Lothbrok dans la s\u00e9rie TV Viking au meilleur prix. Lame en acier grav\u00e9e - Garde et pommeau en acier vieilli - Support - 105 cm\" \/>\n<meta name=\"robots\" content=\"index, follow, max-snippet:-1, max-image-preview:large, max-video-preview:-1\" \/>\n<link rel=\"canonical\" href=\"https:\/\/repliquemangacine.fr\/de\/schwerter-tv-serie-vikings\/replik-des-schwertes-von-konig-ragnar-lothbrok-aus-der-tv-serie-vikings\/\" \/>\n<meta property=\"og:locale\" content=\"de_DE\" \/>\n<meta property=\"og:type\" content=\"article\" \/>\n<meta property=\"og:title\" content=\"Ep\u00e9e de Ragnar Lothbrok - Ep\u00e9e Vikings | R\u00e9plique Manga Cin\u00e9\" \/>\n<meta property=\"og:description\" content=\"Offrez-vous l&#039;Ep\u00e9e de Ragnar Lothbrok dans la s\u00e9rie TV Viking au meilleur prix. Lame en acier grav\u00e9e - Garde et pommeau en acier vieilli - Support - 105 cm\" \/>\n<meta property=\"og:url\" content=\"https:\/\/repliquemangacine.fr\/de\/schwerter-tv-serie-vikings\/replik-des-schwertes-von-konig-ragnar-lothbrok-aus-der-tv-serie-vikings\/\" \/>\n<meta property=\"og:site_name\" content=\"R\u00e9plique Manga Cin\u00e9\" \/>\n<meta property=\"article:publisher\" content=\"https:\/\/www.facebook.com\/RepliqueMangaCine\" \/>\n<meta property=\"article:modified_time\" content=\"2026-04-16T08:04:44+00:00\" \/>\n<meta property=\"og:image\" content=\"https:\/\/repliquemangacine.fr\/wp-content\/uploads\/2023\/10\/2552-Replique-de-lepee-du-roi-Ragnar-Lothbrok-dans-la-serie-TV-Vikings.jpg\" \/>\n\t<meta property=\"og:image:width\" content=\"600\" \/>\n\t<meta property=\"og:image:height\" content=\"600\" \/>\n\t<meta property=\"og:image:type\" content=\"image\/jpeg\" \/>\n<meta name=\"twitter:card\" content=\"summary_large_image\" \/>\n<meta name=\"twitter:label1\" content=\"Gesch\u00e4tzte Lesezeit\" \/>\n\t<meta name=\"twitter:data1\" content=\"3\u00a0Minuten\" \/>\n<script type=\"application\/ld+json\" class=\"yoast-schema-graph\">{\"@context\":\"https:\\\/\\\/schema.org\",\"@graph\":[{\"@type\":\"WebPage\",\"@id\":\"https:\\\/\\\/repliquemangacine.fr\\\/epees-serie-tv-vikings\\\/replique-de-l-epee-du-roi-ragnar-lothbrok-dans-la-serie-tv-vikings\\\/\",\"url\":\"https:\\\/\\\/repliquemangacine.fr\\\/epees-serie-tv-vikings\\\/replique-de-l-epee-du-roi-ragnar-lothbrok-dans-la-serie-tv-vikings\\\/\",\"name\":\"Ep\u00e9e de Ragnar Lothbrok - Ep\u00e9e Vikings | R\u00e9plique Manga Cin\u00e9\",\"isPartOf\":{\"@id\":\"https:\\\/\\\/repliquemangacine.fr\\\/#website\"},\"primaryImageOfPage\":{\"@id\":\"https:\\\/\\\/repliquemangacine.fr\\\/epees-serie-tv-vikings\\\/replique-de-l-epee-du-roi-ragnar-lothbrok-dans-la-serie-tv-vikings\\\/#primaryimage\"},\"image\":{\"@id\":\"https:\\\/\\\/repliquemangacine.fr\\\/epees-serie-tv-vikings\\\/replique-de-l-epee-du-roi-ragnar-lothbrok-dans-la-serie-tv-vikings\\\/#primaryimage\"},\"thumbnailUrl\":\"https:\\\/\\\/repliquemangacine.fr\\\/wp-content\\\/uploads\\\/2023\\\/10\\\/2552-Replique-de-lepee-du-roi-Ragnar-Lothbrok-dans-la-serie-TV-Vikings.jpg\",\"datePublished\":\"2018-04-07T15:07:08+00:00\",\"dateModified\":\"2026-04-16T08:04:44+00:00\",\"description\":\"Offrez-vous l'Ep\u00e9e de Ragnar Lothbrok dans la s\u00e9rie TV Viking au meilleur prix. Lame en acier grav\u00e9e - Garde et pommeau en acier vieilli - Support - 105 cm\",\"breadcrumb\":{\"@id\":\"https:\\\/\\\/repliquemangacine.fr\\\/epees-serie-tv-vikings\\\/replique-de-l-epee-du-roi-ragnar-lothbrok-dans-la-serie-tv-vikings\\\/#breadcrumb\"},\"inLanguage\":\"de\",\"potentialAction\":[{\"@type\":\"ReadAction\",\"target\":[\"https:\\\/\\\/repliquemangacine.fr\\\/epees-serie-tv-vikings\\\/replique-de-l-epee-du-roi-ragnar-lothbrok-dans-la-serie-tv-vikings\\\/\"]}]},{\"@type\":\"ImageObject\",\"inLanguage\":\"de\",\"@id\":\"https:\\\/\\\/repliquemangacine.fr\\\/epees-serie-tv-vikings\\\/replique-de-l-epee-du-roi-ragnar-lothbrok-dans-la-serie-tv-vikings\\\/#primaryimage\",\"url\":\"https:\\\/\\\/repliquemangacine.fr\\\/wp-content\\\/uploads\\\/2023\\\/10\\\/2552-Replique-de-lepee-du-roi-Ragnar-Lothbrok-dans-la-serie-TV-Vikings.jpg\",\"contentUrl\":\"https:\\\/\\\/repliquemangacine.fr\\\/wp-content\\\/uploads\\\/2023\\\/10\\\/2552-Replique-de-lepee-du-roi-Ragnar-Lothbrok-dans-la-serie-TV-Vikings.jpg\",\"width\":600,\"height\":600,\"caption\":\"R\u00e9plique de Ep\u00e9e de Ragnar Lothbrok dans la serie TV Vikings\"},{\"@type\":\"BreadcrumbList\",\"@id\":\"https:\\\/\\\/repliquemangacine.fr\\\/epees-serie-tv-vikings\\\/replique-de-l-epee-du-roi-ragnar-lothbrok-dans-la-serie-tv-vikings\\\/#breadcrumb\",\"itemListElement\":[{\"@type\":\"ListItem\",\"position\":1,\"name\":\"Accueil\",\"item\":\"https:\\\/\\\/repliquemangacine.fr\\\/\"},{\"@type\":\"ListItem\",\"position\":2,\"name\":\"Produits\",\"item\":\"https:\\\/\\\/repliquemangacine.fr\\\/boutique\\\/\"},{\"@type\":\"ListItem\",\"position\":3,\"name\":\"Ep\u00e9e Ragnar Lothbrok\"}]},{\"@type\":\"WebSite\",\"@id\":\"https:\\\/\\\/repliquemangacine.fr\\\/#website\",\"url\":\"https:\\\/\\\/repliquemangacine.fr\\\/\",\"name\":\"R\u00e9plique Manga Cin\u00e9\",\"description\":\"\",\"publisher\":{\"@id\":\"https:\\\/\\\/repliquemangacine.fr\\\/#organization\"},\"potentialAction\":[{\"@type\":\"SearchAction\",\"target\":{\"@type\":\"EntryPoint\",\"urlTemplate\":\"https:\\\/\\\/repliquemangacine.fr\\\/?s={search_term_string}\"},\"query-input\":{\"@type\":\"PropertyValueSpecification\",\"valueRequired\":true,\"valueName\":\"search_term_string\"}}],\"inLanguage\":\"de\"},{\"@type\":\"Organization\",\"@id\":\"https:\\\/\\\/repliquemangacine.fr\\\/#organization\",\"name\":\"R\u00e9plique Manga Cin\u00e9\",\"url\":\"https:\\\/\\\/repliquemangacine.fr\\\/\",\"logo\":{\"@type\":\"ImageObject\",\"inLanguage\":\"de\",\"@id\":\"https:\\\/\\\/repliquemangacine.fr\\\/#\\\/schema\\\/logo\\\/image\\\/\",\"url\":\"https:\\\/\\\/repliquemangacine.fr\\\/wp-content\\\/uploads\\\/2023\\\/10\\\/RMC-500250.png\",\"contentUrl\":\"https:\\\/\\\/repliquemangacine.fr\\\/wp-content\\\/uploads\\\/2023\\\/10\\\/RMC-500250.png\",\"width\":500,\"height\":250,\"caption\":\"R\u00e9plique Manga Cin\u00e9\"},\"image\":{\"@id\":\"https:\\\/\\\/repliquemangacine.fr\\\/#\\\/schema\\\/logo\\\/image\\\/\"},\"sameAs\":[\"https:\\\/\\\/www.facebook.com\\\/RepliqueMangaCine\",\"https:\\\/\\\/www.instagram.com\\\/repliquemangacine.fr\\\/\"]}]}<\/script>\n<!-- \/ Yoast SEO plugin. -->","yoast_head_json":{"title":"Schwert von Ragnar Lothbrok - Wikinger Schwert | R\u00e9plique Manga Cin\u00e9","description":"G\u00f6nnen Sie sich das Schwert von Ragnar Lothbrok aus der TV-Serie Viking zum besten Preis. Ge\u00e4tzte Stahlklinge - Griff und Knauf aus gealtertem Stahl - Halterung - 105 cm","robots":{"index":"index","follow":"follow","max-snippet":"max-snippet:-1","max-image-preview":"max-image-preview:large","max-video-preview":"max-video-preview:-1"},"canonical":"https:\/\/repliquemangacine.fr\/de\/schwerter-tv-serie-vikings\/replik-des-schwertes-von-konig-ragnar-lothbrok-aus-der-tv-serie-vikings\/","og_locale":"de_DE","og_type":"article","og_title":"Ep\u00e9e de Ragnar Lothbrok - Ep\u00e9e Vikings | R\u00e9plique Manga Cin\u00e9","og_description":"Offrez-vous l'Ep\u00e9e de Ragnar Lothbrok dans la s\u00e9rie TV Viking au meilleur prix. Lame en acier grav\u00e9e - Garde et pommeau en acier vieilli - Support - 105 cm","og_url":"https:\/\/repliquemangacine.fr\/de\/schwerter-tv-serie-vikings\/replik-des-schwertes-von-konig-ragnar-lothbrok-aus-der-tv-serie-vikings\/","og_site_name":"R\u00e9plique Manga Cin\u00e9","article_publisher":"https:\/\/www.facebook.com\/RepliqueMangaCine","article_modified_time":"2026-04-16T08:04:44+00:00","og_image":[{"width":600,"height":600,"url":"https:\/\/repliquemangacine.fr\/wp-content\/uploads\/2023\/10\/2552-Replique-de-lepee-du-roi-Ragnar-Lothbrok-dans-la-serie-TV-Vikings.jpg","type":"image\/jpeg"}],"twitter_card":"summary_large_image","twitter_misc":{"Gesch\u00e4tzte Lesezeit":"3\u00a0Minuten"},"schema":{"@context":"https:\/\/schema.org","@graph":[{"@type":"WebPage","@id":"https:\/\/repliquemangacine.fr\/epees-serie-tv-vikings\/replique-de-l-epee-du-roi-ragnar-lothbrok-dans-la-serie-tv-vikings\/","url":"https:\/\/repliquemangacine.fr\/epees-serie-tv-vikings\/replique-de-l-epee-du-roi-ragnar-lothbrok-dans-la-serie-tv-vikings\/","name":"Schwert von Ragnar Lothbrok - Wikinger Schwert | R\u00e9plique Manga Cin\u00e9","isPartOf":{"@id":"https:\/\/repliquemangacine.fr\/#website"},"primaryImageOfPage":{"@id":"https:\/\/repliquemangacine.fr\/epees-serie-tv-vikings\/replique-de-l-epee-du-roi-ragnar-lothbrok-dans-la-serie-tv-vikings\/#primaryimage"},"image":{"@id":"https:\/\/repliquemangacine.fr\/epees-serie-tv-vikings\/replique-de-l-epee-du-roi-ragnar-lothbrok-dans-la-serie-tv-vikings\/#primaryimage"},"thumbnailUrl":"https:\/\/repliquemangacine.fr\/wp-content\/uploads\/2023\/10\/2552-Replique-de-lepee-du-roi-Ragnar-Lothbrok-dans-la-serie-TV-Vikings.jpg","datePublished":"2018-04-07T15:07:08+00:00","dateModified":"2026-04-16T08:04:44+00:00","description":"G\u00f6nnen Sie sich das Schwert von Ragnar Lothbrok aus der TV-Serie Viking zum besten Preis. Ge\u00e4tzte Stahlklinge - Griff und Knauf aus gealtertem Stahl - Halterung - 105 cm","breadcrumb":{"@id":"https:\/\/repliquemangacine.fr\/epees-serie-tv-vikings\/replique-de-l-epee-du-roi-ragnar-lothbrok-dans-la-serie-tv-vikings\/#breadcrumb"},"inLanguage":"de","potentialAction":[{"@type":"ReadAction","target":["https:\/\/repliquemangacine.fr\/epees-serie-tv-vikings\/replique-de-l-epee-du-roi-ragnar-lothbrok-dans-la-serie-tv-vikings\/"]}]},{"@type":"ImageObject","inLanguage":"de","@id":"https:\/\/repliquemangacine.fr\/epees-serie-tv-vikings\/replique-de-l-epee-du-roi-ragnar-lothbrok-dans-la-serie-tv-vikings\/#primaryimage","url":"https:\/\/repliquemangacine.fr\/wp-content\/uploads\/2023\/10\/2552-Replique-de-lepee-du-roi-Ragnar-Lothbrok-dans-la-serie-TV-Vikings.jpg","contentUrl":"https:\/\/repliquemangacine.fr\/wp-content\/uploads\/2023\/10\/2552-Replique-de-lepee-du-roi-Ragnar-Lothbrok-dans-la-serie-TV-Vikings.jpg","width":600,"height":600,"caption":"R\u00e9plique de Ep\u00e9e de Ragnar Lothbrok dans la serie TV Vikings"},{"@type":"BreadcrumbList","@id":"https:\/\/repliquemangacine.fr\/epees-serie-tv-vikings\/replique-de-l-epee-du-roi-ragnar-lothbrok-dans-la-serie-tv-vikings\/#breadcrumb","itemListElement":[{"@type":"ListItem","position":1,"name":"Accueil","item":"https:\/\/repliquemangacine.fr\/"},{"@type":"ListItem","position":2,"name":"Produits","item":"https:\/\/repliquemangacine.fr\/boutique\/"},{"@type":"ListItem","position":3,"name":"Ep\u00e9e Ragnar Lothbrok"}]},{"@type":"WebSite","@id":"https:\/\/repliquemangacine.fr\/#website","url":"https:\/\/repliquemangacine.fr\/","name":"R\u00e9plique Manga Cin\u00e9","description":"","publisher":{"@id":"https:\/\/repliquemangacine.fr\/#organization"},"potentialAction":[{"@type":"SearchAction","target":{"@type":"EntryPoint","urlTemplate":"https:\/\/repliquemangacine.fr\/?s={search_term_string}"},"query-input":{"@type":"PropertyValueSpecification","valueRequired":true,"valueName":"search_term_string"}}],"inLanguage":"de"},{"@type":"Organization","@id":"https:\/\/repliquemangacine.fr\/#organization","name":"R\u00e9plique Manga Cin\u00e9","url":"https:\/\/repliquemangacine.fr\/","logo":{"@type":"ImageObject","inLanguage":"de","@id":"https:\/\/repliquemangacine.fr\/#\/schema\/logo\/image\/","url":"https:\/\/repliquemangacine.fr\/wp-content\/uploads\/2023\/10\/RMC-500250.png","contentUrl":"https:\/\/repliquemangacine.fr\/wp-content\/uploads\/2023\/10\/RMC-500250.png","width":500,"height":250,"caption":"R\u00e9plique Manga Cin\u00e9"},"image":{"@id":"https:\/\/repliquemangacine.fr\/#\/schema\/logo\/image\/"},"sameAs":["https:\/\/www.facebook.com\/RepliqueMangaCine","https:\/\/www.instagram.com\/repliquemangacine.fr\/"]}]}},"_links":{"self":[{"href":"https:\/\/repliquemangacine.fr\/de\/wp-json\/wp\/v2\/product\/27799","targetHints":{"allow":["GET"]}}],"collection":[{"href":"https:\/\/repliquemangacine.fr\/de\/wp-json\/wp\/v2\/product"}],"about":[{"href":"https:\/\/repliquemangacine.fr\/de\/wp-json\/wp\/v2\/types\/product"}],"wp:featuredmedia":[{"embeddable":true,"href":"https:\/\/repliquemangacine.fr\/de\/wp-json\/wp\/v2\/media\/27800"}],"wp:attachment":[{"href":"https:\/\/repliquemangacine.fr\/de\/wp-json\/wp\/v2\/media?parent=27799"}],"wp:term":[{"taxonomy":"product_brand","embeddable":true,"href":"https:\/\/repliquemangacine.fr\/de\/wp-json\/wp\/v2\/product_brand?post=27799"},{"taxonomy":"product_cat","embeddable":true,"href":"https:\/\/repliquemangacine.fr\/de\/wp-json\/wp\/v2\/product_cat?post=27799"},{"taxonomy":"product_tag","embeddable":true,"href":"https:\/\/repliquemangacine.fr\/de\/wp-json\/wp\/v2\/product_tag?post=27799"}],"curies":[{"name":"wp","href":"https:\/\/api.w.org\/{rel}","templated":true}]}}