





{"id":27760,"date":"2018-03-25T15:51:15","date_gmt":"2018-03-25T13:51:15","guid":{"rendered":"https:\/\/repliquemangacine.fr\/?post_type=product&#038;p=27760"},"modified":"2026-04-24T12:08:28","modified_gmt":"2026-04-24T10:08:28","slug":"gladius-schwert-der-romischen-legionare","status":"publish","type":"product","link":"https:\/\/repliquemangacine.fr\/de\/epees-glaives-antique\/gladius-epee-des-legionnaires-romains\/","title":{"rendered":"Gladius r\u00f6mische Legion\u00e4re"},"content":{"rendered":"<h2>Gladius Schwert der r\u00f6mischen Legion\u00e4re.<\/h2>\n<p>Zu Beginn wird der <strong>Gladius Schwert der Legion\u00e4re<\/strong>, r\u00f6misches Schwert, das als Kurzschwert verwendet wurde, Waffe der r\u00f6mischen Legion\u00e4re. Sogenanntes \u00abTiberius-Schwert\u00bb<\/p>\n<p>Leider ist \u00fcber die Entwicklung des Gladius in den vier Jahrhunderten vor der christlichen Zeitrechnung wenig bis gar nichts bekannt.<\/p>\n<p>Die r\u00f6mischen Schwerter aus arch\u00e4ologischen Fundst\u00e4tten stammen erst aus dem 1. Jahrhundert v. Chr. Das einzige Merkmal, das ihre Verwandtschaft mit dem r\u00f6mischen Gladius best\u00e4tigt, ist die Tatsache, dass sie genau die gleiche Art von Scheide haben. Denn die R\u00f6mer haben die vier Befestigungsringe beibehalten.<\/p>\n<p>Dieser Gladius, der von modernen Historikern nach der r\u00f6mischen Stadt Pompeji benannt wurde, war bei weitem der beliebteste. Vier Exemplare dieses Schwerttyps wurden in Pompeji gefunden.<\/p>\n<h2>Ihr Gladius Schwert der r\u00f6mischen Legion\u00e4re zum besten Preis.<\/h2>\n<p>Wir bieten Ihnen eine gro\u00dfe Auswahl an Schwertern und Helmen aus der Zeit der Antike.<\/p>\n<p>Zun\u00e4chst einmal,<\/p>\n<ul>\n<li>Das Gladius vom Typ Pompeji ist von der Marke <a href=\"https:\/\/deepeeka.in\" target=\"_blank\" rel=\"noopener noreferrer\">Deepeeka<\/a>in Indien herstellt.<\/li>\n<li>Es gibt auch die<a href=\"https:\/\/repliquemangacine.fr\/de\/historische-waffen\/glaive-romain-epee-jules-cesar-noire\/\">schwert von julius c\u00e4sar<\/a> wird von Denix in Spanien hergestellt.<\/li>\n<li>Ebenso wie der Maximus-Helm im Film Gladiator.<\/li>\n<li>Und noch viel mehr gibt es in unserem Online-Shop zu entdecken!<\/li>\n<\/ul>\n<p>Deshalb sind hier tolle Geschenkideen f\u00fcr alle, die sich f\u00fcr die Antike begeistern.<\/p>\n<p>Abschlie\u00dfend k\u00f6nnen Sie diesen <strong>Gladius Schwert der Legion\u00e4re<\/strong> f\u00fcr Ihre historischen Rekonstruktionen oder Themenabende. Vor allem aber ist es ein Sammler- und Dekorationsst\u00fcck.<\/p>\n<h2>Wie pflegt man die Klinge seines antiken Schwertes?<\/h2>\n<p>Sammlungs- und Dekorationsschwerter werden in vereinfachter Form hergestellt und zusammengebaut. Da sie zu Dekorationszwecken verwendet werden, fehlen ihnen die Sicherheitselemente, die ein japanisches Schwert f\u00fcr Trainingszwecke aufweisen muss.<\/p>\n<p>Allerdings ist Ihr <strong>Gladius Schwert der Legion\u00e4re<\/strong> zu einer Stahlklinge, die gepflegt werden muss, damit sie nicht mit der Zeit abgenutzt wird. Denn wenn du dein Katana ausstellst, werden deine Freunde neugierig sein, die Klinge zu sehen und sie zu ber\u00fchren. Hier ist Vorsicht geboten, denn Sie sollten wissen, dass die S\u00e4ure der Finger dem Stahl unabh\u00e4ngig von seiner Qualit\u00e4t sehr schadet.<\/p>\n<p>Wenn dies jedoch passiert, keine Panik, Sie brauchen nur ein Tuch, das mit etwas \u00d6l befeuchtet ist, und wischen die Fingerabdr\u00fccke ab. Wenn Sie dies tun, werden Sie Ihr Schwert sehr lange behalten.<\/p>","protected":false},"excerpt":{"rendered":"<p>Gladius, der von r\u00f6mischen Legion\u00e4ren getragen wird.<\/p>\n<ul>\n<li>Zweischneidige Stahlklinge.<\/li>\n<li>Knauf als Verl\u00e4ngerung der Klinge verschraubt.<\/li>\n<li>Griff und Knauf aus Naturholz.<\/li>\n<li>Griff aus echtem Tierknochen.<\/li>\n<li>Lederbezogene Scheide mit Messingbeschl\u00e4gen.<\/li>\n<li>Klingenl\u00e4nge: 52 cm - Gesamtl\u00e4nge: 73 cm - Gewicht: 1400 grs<\/li>\n<\/ul>","protected":false},"featured_media":27761,"template":"","meta":[],"product_brand":[896],"product_cat":[31,25,73],"product_tag":[],"class_list":{"0":"post-27760","1":"product","2":"type-product","3":"status-publish","4":"has-post-thumbnail","6":"product_brand-replique-manga-cine","7":"product_cat-armes-antiques","8":"product_cat-armes-historiques","9":"product_cat-epees-glaives-antique","11":"first","12":"instock","13":"taxable","14":"shipping-taxable","15":"purchasable","16":"product-type-simple"},"yoast_head":"<!-- This site is optimized with the Yoast SEO plugin v27.5 - https:\/\/yoast.com\/product\/yoast-seo-wordpress\/ -->\n<title>Gladius \u00e9p\u00e9e des l\u00e9gionnaires- Ep\u00e9e Antique | RepliqueMangaCine<\/title>\n<meta name=\"description\" content=\"D\u00e9couvrez votre Gladius \u00e9p\u00e9e des L\u00e9gionnaires Romain au meilleur prix. Lame acier - Garde et pommeau en bois naturel - Longueur totale : 73 cm\" \/>\n<meta name=\"robots\" content=\"index, follow, max-snippet:-1, max-image-preview:large, max-video-preview:-1\" \/>\n<link rel=\"canonical\" href=\"https:\/\/repliquemangacine.fr\/de\/antike-schwerter\/gladius-schwert-der-romischen-legionare\/\" \/>\n<meta property=\"og:locale\" content=\"de_DE\" \/>\n<meta property=\"og:type\" content=\"article\" \/>\n<meta property=\"og:title\" content=\"Gladius \u00e9p\u00e9e des l\u00e9gionnaires- Ep\u00e9e Antique | RepliqueMangaCine\" \/>\n<meta property=\"og:description\" content=\"D\u00e9couvrez votre Gladius \u00e9p\u00e9e des L\u00e9gionnaires Romain au meilleur prix. Lame acier - Garde et pommeau en bois naturel - Longueur totale : 73 cm\" \/>\n<meta property=\"og:url\" content=\"https:\/\/repliquemangacine.fr\/de\/antike-schwerter\/gladius-schwert-der-romischen-legionare\/\" \/>\n<meta property=\"og:site_name\" content=\"R\u00e9plique Manga Cin\u00e9\" \/>\n<meta property=\"article:publisher\" content=\"https:\/\/www.facebook.com\/RepliqueMangaCine\" \/>\n<meta property=\"article:modified_time\" content=\"2026-04-24T10:08:28+00:00\" \/>\n<meta property=\"og:image\" content=\"https:\/\/repliquemangacine.fr\/wp-content\/uploads\/2023\/10\/2515-Glaive-epee-des-legionnaires-romains.jpg\" \/>\n\t<meta property=\"og:image:width\" content=\"600\" \/>\n\t<meta property=\"og:image:height\" content=\"600\" \/>\n\t<meta property=\"og:image:type\" content=\"image\/jpeg\" \/>\n<meta name=\"twitter:card\" content=\"summary_large_image\" \/>\n<meta name=\"twitter:label1\" content=\"Gesch\u00e4tzte Lesezeit\" \/>\n\t<meta name=\"twitter:data1\" content=\"2\u00a0Minuten\" \/>\n<script type=\"application\/ld+json\" class=\"yoast-schema-graph\">{\"@context\":\"https:\\\/\\\/schema.org\",\"@graph\":[{\"@type\":\"WebPage\",\"@id\":\"https:\\\/\\\/repliquemangacine.fr\\\/epees-glaives-antique\\\/gladius-epee-des-legionnaires-romains\\\/\",\"url\":\"https:\\\/\\\/repliquemangacine.fr\\\/epees-glaives-antique\\\/gladius-epee-des-legionnaires-romains\\\/\",\"name\":\"Gladius \u00e9p\u00e9e des l\u00e9gionnaires- Ep\u00e9e Antique | RepliqueMangaCine\",\"isPartOf\":{\"@id\":\"https:\\\/\\\/repliquemangacine.fr\\\/#website\"},\"primaryImageOfPage\":{\"@id\":\"https:\\\/\\\/repliquemangacine.fr\\\/epees-glaives-antique\\\/gladius-epee-des-legionnaires-romains\\\/#primaryimage\"},\"image\":{\"@id\":\"https:\\\/\\\/repliquemangacine.fr\\\/epees-glaives-antique\\\/gladius-epee-des-legionnaires-romains\\\/#primaryimage\"},\"thumbnailUrl\":\"https:\\\/\\\/repliquemangacine.fr\\\/wp-content\\\/uploads\\\/2023\\\/10\\\/2515-Glaive-epee-des-legionnaires-romains.jpg\",\"datePublished\":\"2018-03-25T13:51:15+00:00\",\"dateModified\":\"2026-04-24T10:08:28+00:00\",\"description\":\"D\u00e9couvrez votre Gladius \u00e9p\u00e9e des L\u00e9gionnaires Romain au meilleur prix. Lame acier - Garde et pommeau en bois naturel - Longueur totale : 73 cm\",\"breadcrumb\":{\"@id\":\"https:\\\/\\\/repliquemangacine.fr\\\/epees-glaives-antique\\\/gladius-epee-des-legionnaires-romains\\\/#breadcrumb\"},\"inLanguage\":\"de\",\"potentialAction\":[{\"@type\":\"ReadAction\",\"target\":[\"https:\\\/\\\/repliquemangacine.fr\\\/epees-glaives-antique\\\/gladius-epee-des-legionnaires-romains\\\/\"]}]},{\"@type\":\"ImageObject\",\"inLanguage\":\"de\",\"@id\":\"https:\\\/\\\/repliquemangacine.fr\\\/epees-glaives-antique\\\/gladius-epee-des-legionnaires-romains\\\/#primaryimage\",\"url\":\"https:\\\/\\\/repliquemangacine.fr\\\/wp-content\\\/uploads\\\/2023\\\/10\\\/2515-Glaive-epee-des-legionnaires-romains.jpg\",\"contentUrl\":\"https:\\\/\\\/repliquemangacine.fr\\\/wp-content\\\/uploads\\\/2023\\\/10\\\/2515-Glaive-epee-des-legionnaires-romains.jpg\",\"width\":600,\"height\":600,\"caption\":\"Glaive, \u00e9p\u00e9e des l\u00e9gionnaires romains\"},{\"@type\":\"BreadcrumbList\",\"@id\":\"https:\\\/\\\/repliquemangacine.fr\\\/epees-glaives-antique\\\/gladius-epee-des-legionnaires-romains\\\/#breadcrumb\",\"itemListElement\":[{\"@type\":\"ListItem\",\"position\":1,\"name\":\"Accueil\",\"item\":\"https:\\\/\\\/repliquemangacine.fr\\\/\"},{\"@type\":\"ListItem\",\"position\":2,\"name\":\"Produits\",\"item\":\"https:\\\/\\\/repliquemangacine.fr\\\/boutique\\\/\"},{\"@type\":\"ListItem\",\"position\":3,\"name\":\"Gladius l\u00e9gionnaires Romain\"}]},{\"@type\":\"WebSite\",\"@id\":\"https:\\\/\\\/repliquemangacine.fr\\\/#website\",\"url\":\"https:\\\/\\\/repliquemangacine.fr\\\/\",\"name\":\"R\u00e9plique Manga Cin\u00e9\",\"description\":\"\",\"publisher\":{\"@id\":\"https:\\\/\\\/repliquemangacine.fr\\\/#organization\"},\"potentialAction\":[{\"@type\":\"SearchAction\",\"target\":{\"@type\":\"EntryPoint\",\"urlTemplate\":\"https:\\\/\\\/repliquemangacine.fr\\\/?s={search_term_string}\"},\"query-input\":{\"@type\":\"PropertyValueSpecification\",\"valueRequired\":true,\"valueName\":\"search_term_string\"}}],\"inLanguage\":\"de\"},{\"@type\":\"Organization\",\"@id\":\"https:\\\/\\\/repliquemangacine.fr\\\/#organization\",\"name\":\"R\u00e9plique Manga Cin\u00e9\",\"url\":\"https:\\\/\\\/repliquemangacine.fr\\\/\",\"logo\":{\"@type\":\"ImageObject\",\"inLanguage\":\"de\",\"@id\":\"https:\\\/\\\/repliquemangacine.fr\\\/#\\\/schema\\\/logo\\\/image\\\/\",\"url\":\"https:\\\/\\\/repliquemangacine.fr\\\/wp-content\\\/uploads\\\/2023\\\/10\\\/RMC-500250.png\",\"contentUrl\":\"https:\\\/\\\/repliquemangacine.fr\\\/wp-content\\\/uploads\\\/2023\\\/10\\\/RMC-500250.png\",\"width\":500,\"height\":250,\"caption\":\"R\u00e9plique Manga Cin\u00e9\"},\"image\":{\"@id\":\"https:\\\/\\\/repliquemangacine.fr\\\/#\\\/schema\\\/logo\\\/image\\\/\"},\"sameAs\":[\"https:\\\/\\\/www.facebook.com\\\/RepliqueMangaCine\",\"https:\\\/\\\/www.instagram.com\\\/repliquemangacine.fr\\\/\"]}]}<\/script>\n<!-- \/ Yoast SEO plugin. -->","yoast_head_json":{"title":"Gladius Schwert der Legion\u00e4re- Antikes Schwert | ReplicaMangaCine","description":"Entdecken Sie Ihr Gladius Schwert der r\u00f6mischen Legion\u00e4re zum besten Preis. Klinge aus Stahl - Griff und Knauf aus Naturholz - Gesamtl\u00e4nge: 73 cm","robots":{"index":"index","follow":"follow","max-snippet":"max-snippet:-1","max-image-preview":"max-image-preview:large","max-video-preview":"max-video-preview:-1"},"canonical":"https:\/\/repliquemangacine.fr\/de\/antike-schwerter\/gladius-schwert-der-romischen-legionare\/","og_locale":"de_DE","og_type":"article","og_title":"Gladius \u00e9p\u00e9e des l\u00e9gionnaires- Ep\u00e9e Antique | RepliqueMangaCine","og_description":"D\u00e9couvrez votre Gladius \u00e9p\u00e9e des L\u00e9gionnaires Romain au meilleur prix. Lame acier - Garde et pommeau en bois naturel - Longueur totale : 73 cm","og_url":"https:\/\/repliquemangacine.fr\/de\/antike-schwerter\/gladius-schwert-der-romischen-legionare\/","og_site_name":"R\u00e9plique Manga Cin\u00e9","article_publisher":"https:\/\/www.facebook.com\/RepliqueMangaCine","article_modified_time":"2026-04-24T10:08:28+00:00","og_image":[{"width":600,"height":600,"url":"https:\/\/repliquemangacine.fr\/wp-content\/uploads\/2023\/10\/2515-Glaive-epee-des-legionnaires-romains.jpg","type":"image\/jpeg"}],"twitter_card":"summary_large_image","twitter_misc":{"Gesch\u00e4tzte Lesezeit":"2\u00a0Minuten"},"schema":{"@context":"https:\/\/schema.org","@graph":[{"@type":"WebPage","@id":"https:\/\/repliquemangacine.fr\/epees-glaives-antique\/gladius-epee-des-legionnaires-romains\/","url":"https:\/\/repliquemangacine.fr\/epees-glaives-antique\/gladius-epee-des-legionnaires-romains\/","name":"Gladius Schwert der Legion\u00e4re- Antikes Schwert | ReplicaMangaCine","isPartOf":{"@id":"https:\/\/repliquemangacine.fr\/#website"},"primaryImageOfPage":{"@id":"https:\/\/repliquemangacine.fr\/epees-glaives-antique\/gladius-epee-des-legionnaires-romains\/#primaryimage"},"image":{"@id":"https:\/\/repliquemangacine.fr\/epees-glaives-antique\/gladius-epee-des-legionnaires-romains\/#primaryimage"},"thumbnailUrl":"https:\/\/repliquemangacine.fr\/wp-content\/uploads\/2023\/10\/2515-Glaive-epee-des-legionnaires-romains.jpg","datePublished":"2018-03-25T13:51:15+00:00","dateModified":"2026-04-24T10:08:28+00:00","description":"Entdecken Sie Ihr Gladius Schwert der r\u00f6mischen Legion\u00e4re zum besten Preis. Klinge aus Stahl - Griff und Knauf aus Naturholz - Gesamtl\u00e4nge: 73 cm","breadcrumb":{"@id":"https:\/\/repliquemangacine.fr\/epees-glaives-antique\/gladius-epee-des-legionnaires-romains\/#breadcrumb"},"inLanguage":"de","potentialAction":[{"@type":"ReadAction","target":["https:\/\/repliquemangacine.fr\/epees-glaives-antique\/gladius-epee-des-legionnaires-romains\/"]}]},{"@type":"ImageObject","inLanguage":"de","@id":"https:\/\/repliquemangacine.fr\/epees-glaives-antique\/gladius-epee-des-legionnaires-romains\/#primaryimage","url":"https:\/\/repliquemangacine.fr\/wp-content\/uploads\/2023\/10\/2515-Glaive-epee-des-legionnaires-romains.jpg","contentUrl":"https:\/\/repliquemangacine.fr\/wp-content\/uploads\/2023\/10\/2515-Glaive-epee-des-legionnaires-romains.jpg","width":600,"height":600,"caption":"Glaive, \u00e9p\u00e9e des l\u00e9gionnaires romains"},{"@type":"BreadcrumbList","@id":"https:\/\/repliquemangacine.fr\/epees-glaives-antique\/gladius-epee-des-legionnaires-romains\/#breadcrumb","itemListElement":[{"@type":"ListItem","position":1,"name":"Accueil","item":"https:\/\/repliquemangacine.fr\/"},{"@type":"ListItem","position":2,"name":"Produits","item":"https:\/\/repliquemangacine.fr\/boutique\/"},{"@type":"ListItem","position":3,"name":"Gladius l\u00e9gionnaires Romain"}]},{"@type":"WebSite","@id":"https:\/\/repliquemangacine.fr\/#website","url":"https:\/\/repliquemangacine.fr\/","name":"R\u00e9plique Manga Cin\u00e9","description":"","publisher":{"@id":"https:\/\/repliquemangacine.fr\/#organization"},"potentialAction":[{"@type":"SearchAction","target":{"@type":"EntryPoint","urlTemplate":"https:\/\/repliquemangacine.fr\/?s={search_term_string}"},"query-input":{"@type":"PropertyValueSpecification","valueRequired":true,"valueName":"search_term_string"}}],"inLanguage":"de"},{"@type":"Organization","@id":"https:\/\/repliquemangacine.fr\/#organization","name":"R\u00e9plique Manga Cin\u00e9","url":"https:\/\/repliquemangacine.fr\/","logo":{"@type":"ImageObject","inLanguage":"de","@id":"https:\/\/repliquemangacine.fr\/#\/schema\/logo\/image\/","url":"https:\/\/repliquemangacine.fr\/wp-content\/uploads\/2023\/10\/RMC-500250.png","contentUrl":"https:\/\/repliquemangacine.fr\/wp-content\/uploads\/2023\/10\/RMC-500250.png","width":500,"height":250,"caption":"R\u00e9plique Manga Cin\u00e9"},"image":{"@id":"https:\/\/repliquemangacine.fr\/#\/schema\/logo\/image\/"},"sameAs":["https:\/\/www.facebook.com\/RepliqueMangaCine","https:\/\/www.instagram.com\/repliquemangacine.fr\/"]}]}},"_links":{"self":[{"href":"https:\/\/repliquemangacine.fr\/de\/wp-json\/wp\/v2\/product\/27760","targetHints":{"allow":["GET"]}}],"collection":[{"href":"https:\/\/repliquemangacine.fr\/de\/wp-json\/wp\/v2\/product"}],"about":[{"href":"https:\/\/repliquemangacine.fr\/de\/wp-json\/wp\/v2\/types\/product"}],"wp:featuredmedia":[{"embeddable":true,"href":"https:\/\/repliquemangacine.fr\/de\/wp-json\/wp\/v2\/media\/27761"}],"wp:attachment":[{"href":"https:\/\/repliquemangacine.fr\/de\/wp-json\/wp\/v2\/media?parent=27760"}],"wp:term":[{"taxonomy":"product_brand","embeddable":true,"href":"https:\/\/repliquemangacine.fr\/de\/wp-json\/wp\/v2\/product_brand?post=27760"},{"taxonomy":"product_cat","embeddable":true,"href":"https:\/\/repliquemangacine.fr\/de\/wp-json\/wp\/v2\/product_cat?post=27760"},{"taxonomy":"product_tag","embeddable":true,"href":"https:\/\/repliquemangacine.fr\/de\/wp-json\/wp\/v2\/product_tag?post=27760"}],"curies":[{"name":"wp","href":"https:\/\/api.w.org\/{rel}","templated":true}]}}