





{"id":27753,"date":"2018-03-24T19:11:51","date_gmt":"2018-03-24T18:11:51","guid":{"rendered":"https:\/\/repliquemangacine.fr\/?post_type=product&#038;p=27753"},"modified":"2026-04-16T15:27:51","modified_gmt":"2026-04-16T13:27:51","slug":"romisches-schwert-typ-pompei","status":"publish","type":"product","link":"https:\/\/repliquemangacine.fr\/de\/epees-glaives-antique\/glaive-romain-type-pompei\/","title":{"rendered":"R\u00f6mischer Gladius Typ Pompeji"},"content":{"rendered":"<h2>R\u00f6mischer Gladius Typ Pompeji<\/h2>\n<p>Zu Beginn wird der<strong> R\u00f6mischer Gladius Typ Pompeji<\/strong> ist eine Nachbildung des Schwertes eines Legion\u00e4rs, das in Pompeji gefunden wurde. Heute sind Teile davon im Arch\u00e4ologischen Nationalmuseum von Neapel ausgestellt.<\/p>\n<p>Der Vulkan Vesuv zerst\u00f6rte im Jahr 79 n. Chr. die Stadt Pompeji vollst\u00e4ndig und begrub sie unter sich. Sie wurde von 4 bis 6 Metern Asche bedeckt, wodurch sie jedoch fast 2000 Jahre lang erhalten blieb, bis sie wiederentdeckt wurde. Die Ausgrabungen lieferten einen au\u00dfergew\u00f6hnlich detaillierten Einblick in das R\u00f6mische Reich.<\/p>\n<p>Dieser Gladius, der von modernen Historikern nach der r\u00f6mischen Stadt Pompeji benannt wurde, ist bei weitem der beliebteste. Diese Replik wird in Indien hergestellt von <a href=\"https:\/\/deepeeka.in\" target=\"_blank\" rel=\"noopener noreferrer\">Deepeeka<\/a>.<\/p>\n<h2>Ihre R\u00f6mische Glaive Typ Pompeji zum besten Preis.<\/h2>\n<p>Wir bieten Ihnen eine gro\u00dfe Auswahl an Schwertern und Helmen aus der Zeit der Antike.<\/p>\n<p>Zun\u00e4chst einmal,<\/p>\n<ul>\n<li>L'<a href=\"https:\/\/repliquemangacine.fr\/de\/schwerter-glaven\/zusammen-zwei-romische-gladius\/\">zusammen zwei r\u00f6mische Schwerter<\/a> inspiriert unter anderem vom Film Spartacus.<\/li>\n<li>Es gibt auch die <a href=\"https:\/\/repliquemangacine.fr\/de\/antike-schwerter\/dolch-romisches-glaive-decoration\/\">Dolch r\u00f6misches Gladius<\/a> fein detaillierte Dekoration.<\/li>\n<li>Sowie das <a href=\"https:\/\/repliquemangacine.fr\/de\/katana-schwerter-und-goodies-filmserie\/leonidas-schwert-aus-dem-film-300\/\">S\u00e4bel Leonidas<\/a> im Film 300.<\/li>\n<li>Und noch viel mehr gibt es in unserem Online-Shop zu entdecken!<\/li>\n<\/ul>\n<p>Deshalb sind hier tolle Geschenkideen f\u00fcr alle, die sich f\u00fcr die Antike begeistern.<\/p>\n<p>Abschlie\u00dfend k\u00f6nnen Sie diesen <strong>R\u00f6mischer Gladius Typ Pompeji<\/strong> f\u00fcr Ihre historischen Rekonstruktionen oder Themenabende. Vor allem aber ist es ein Sammler- und Dekorationsst\u00fcck.<\/p>\n<h2>Wie pflegt man die Klinge seines antiken Schwertes?<\/h2>\n<p>Sammlungs- und Dekorationsschwerter werden in vereinfachter Form hergestellt und zusammengebaut. Da sie zu Dekorationszwecken verwendet werden, fehlen ihnen die Sicherheitselemente, die ein japanisches Schwert f\u00fcr Trainingszwecke aufweisen muss.<\/p>\n<p>Allerdings ist Ihr <strong>R\u00f6mischer Gladius Typ Pompeji<\/strong> zu einer Stahlklinge, die gepflegt werden muss, damit sie nicht mit der Zeit abgenutzt wird. Denn wenn du dein Katana ausstellst, werden deine Freunde neugierig sein, die Klinge zu sehen und sie zu ber\u00fchren. Hier ist Vorsicht geboten, denn Sie sollten wissen, dass die S\u00e4ure der Finger dem Stahl unabh\u00e4ngig von seiner Qualit\u00e4t sehr schadet.<\/p>\n<p>Wenn dies jedoch passiert, keine Panik, Sie brauchen nur ein Tuch, das mit etwas \u00d6l befeuchtet ist, und wischen die Fingerabdr\u00fccke ab. Wenn Sie dies tun, werden Sie Ihr Schwert sehr lange behalten.<\/p>","protected":false},"excerpt":{"rendered":"<p>Replik des r\u00f6mischen Schwertes, das in Pompeji gefunden wurde.<\/p>\n<ul>\n<li>Ungeschliffene Klinge aus Karbonstahl.<\/li>\n<li>Garde und Knauf aus Massivholz.<\/li>\n<li>Griff aus knochen\u00e4hnlichem Harz.<\/li>\n<li>Holzscheide mit rotem Leder \u00fcberzogen.<\/li>\n<li>Gepr\u00e4gte und gravierte Messingplatten.<\/li>\n<li>L\u00e4nge der Klinge: 49 cm - Gesamtl\u00e4nge: 73 cm - Gewicht: 1400 Gramm<\/li>\n<\/ul>","protected":false},"featured_media":27754,"template":"","meta":[],"product_brand":[896],"product_cat":[31,25,73,101],"product_tag":[],"class_list":{"0":"post-27753","1":"product","2":"type-product","3":"status-publish","4":"has-post-thumbnail","6":"product_brand-replique-manga-cine","7":"product_cat-armes-antiques","8":"product_cat-armes-historiques","9":"product_cat-epees-glaives-antique","10":"product_cat-soldes","12":"first","13":"outofstock","14":"taxable","15":"shipping-taxable","16":"purchasable","17":"product-type-simple"},"yoast_head":"<!-- This site is optimized with the Yoast SEO plugin v27.4 - https:\/\/yoast.com\/product\/yoast-seo-wordpress\/ -->\n<title>Glaive Romain Type Pompe\u00ef - Ep\u00e9e Antique | R\u00e9plique MangaCin\u00e9<\/title>\n<meta name=\"description\" content=\"Offrez-vous ce Glaive Romain Type Pompe\u00ef au meilleur prix - Lame en acier carbone. Fourreau cuir - Plaques en laiton grav\u00e9e - Longueur totale : 73 cm\" \/>\n<meta name=\"robots\" content=\"index, follow, max-snippet:-1, max-image-preview:large, max-video-preview:-1\" \/>\n<link rel=\"canonical\" href=\"https:\/\/repliquemangacine.fr\/de\/antike-schwerter\/romisches-schwert-typ-pompei\/\" \/>\n<meta property=\"og:locale\" content=\"de_DE\" \/>\n<meta property=\"og:type\" content=\"article\" \/>\n<meta property=\"og:title\" content=\"Glaive Romain Type Pompe\u00ef - Ep\u00e9e Antique | R\u00e9plique MangaCin\u00e9\" \/>\n<meta property=\"og:description\" content=\"Offrez-vous ce Glaive Romain Type Pompe\u00ef au meilleur prix - Lame en acier carbone. Fourreau cuir - Plaques en laiton grav\u00e9e - Longueur totale : 73 cm\" \/>\n<meta property=\"og:url\" content=\"https:\/\/repliquemangacine.fr\/de\/antike-schwerter\/romisches-schwert-typ-pompei\/\" \/>\n<meta property=\"og:site_name\" content=\"R\u00e9plique Manga Cin\u00e9\" \/>\n<meta property=\"article:publisher\" content=\"https:\/\/www.facebook.com\/RepliqueMangaCine\" \/>\n<meta property=\"article:modified_time\" content=\"2026-04-16T13:27:51+00:00\" \/>\n<meta property=\"og:image\" content=\"https:\/\/repliquemangacine.fr\/wp-content\/uploads\/2023\/10\/2510-Glaive-legionnaire-Romain-Type-Pompei.jpg\" \/>\n\t<meta property=\"og:image:width\" content=\"600\" \/>\n\t<meta property=\"og:image:height\" content=\"600\" \/>\n\t<meta property=\"og:image:type\" content=\"image\/jpeg\" \/>\n<meta name=\"twitter:card\" content=\"summary_large_image\" \/>\n<meta name=\"twitter:label1\" content=\"Gesch\u00e4tzte Lesezeit\" \/>\n\t<meta name=\"twitter:data1\" content=\"2\u00a0Minuten\" \/>\n<script type=\"application\/ld+json\" class=\"yoast-schema-graph\">{\"@context\":\"https:\\\/\\\/schema.org\",\"@graph\":[{\"@type\":\"WebPage\",\"@id\":\"https:\\\/\\\/repliquemangacine.fr\\\/epees-glaives-antique\\\/glaive-romain-type-pompei\\\/\",\"url\":\"https:\\\/\\\/repliquemangacine.fr\\\/epees-glaives-antique\\\/glaive-romain-type-pompei\\\/\",\"name\":\"Glaive Romain Type Pompe\u00ef - Ep\u00e9e Antique | R\u00e9plique MangaCin\u00e9\",\"isPartOf\":{\"@id\":\"https:\\\/\\\/repliquemangacine.fr\\\/#website\"},\"primaryImageOfPage\":{\"@id\":\"https:\\\/\\\/repliquemangacine.fr\\\/epees-glaives-antique\\\/glaive-romain-type-pompei\\\/#primaryimage\"},\"image\":{\"@id\":\"https:\\\/\\\/repliquemangacine.fr\\\/epees-glaives-antique\\\/glaive-romain-type-pompei\\\/#primaryimage\"},\"thumbnailUrl\":\"https:\\\/\\\/repliquemangacine.fr\\\/wp-content\\\/uploads\\\/2023\\\/10\\\/2510-Glaive-legionnaire-Romain-Type-Pompei.jpg\",\"datePublished\":\"2018-03-24T18:11:51+00:00\",\"dateModified\":\"2026-04-16T13:27:51+00:00\",\"description\":\"Offrez-vous ce Glaive Romain Type Pompe\u00ef au meilleur prix - Lame en acier carbone. Fourreau cuir - Plaques en laiton grav\u00e9e - Longueur totale : 73 cm\",\"breadcrumb\":{\"@id\":\"https:\\\/\\\/repliquemangacine.fr\\\/epees-glaives-antique\\\/glaive-romain-type-pompei\\\/#breadcrumb\"},\"inLanguage\":\"de\",\"potentialAction\":[{\"@type\":\"ReadAction\",\"target\":[\"https:\\\/\\\/repliquemangacine.fr\\\/epees-glaives-antique\\\/glaive-romain-type-pompei\\\/\"]}]},{\"@type\":\"ImageObject\",\"inLanguage\":\"de\",\"@id\":\"https:\\\/\\\/repliquemangacine.fr\\\/epees-glaives-antique\\\/glaive-romain-type-pompei\\\/#primaryimage\",\"url\":\"https:\\\/\\\/repliquemangacine.fr\\\/wp-content\\\/uploads\\\/2023\\\/10\\\/2510-Glaive-legionnaire-Romain-Type-Pompei.jpg\",\"contentUrl\":\"https:\\\/\\\/repliquemangacine.fr\\\/wp-content\\\/uploads\\\/2023\\\/10\\\/2510-Glaive-legionnaire-Romain-Type-Pompei.jpg\",\"width\":600,\"height\":600,\"caption\":\"Glaive Romain Type Pompe\u00ef\"},{\"@type\":\"BreadcrumbList\",\"@id\":\"https:\\\/\\\/repliquemangacine.fr\\\/epees-glaives-antique\\\/glaive-romain-type-pompei\\\/#breadcrumb\",\"itemListElement\":[{\"@type\":\"ListItem\",\"position\":1,\"name\":\"Accueil\",\"item\":\"https:\\\/\\\/repliquemangacine.fr\\\/\"},{\"@type\":\"ListItem\",\"position\":2,\"name\":\"Produits\",\"item\":\"https:\\\/\\\/repliquemangacine.fr\\\/boutique\\\/\"},{\"@type\":\"ListItem\",\"position\":3,\"name\":\"Glaive Romain Type Pompe\u00ef\"}]},{\"@type\":\"WebSite\",\"@id\":\"https:\\\/\\\/repliquemangacine.fr\\\/#website\",\"url\":\"https:\\\/\\\/repliquemangacine.fr\\\/\",\"name\":\"R\u00e9plique Manga Cin\u00e9\",\"description\":\"\",\"publisher\":{\"@id\":\"https:\\\/\\\/repliquemangacine.fr\\\/#organization\"},\"potentialAction\":[{\"@type\":\"SearchAction\",\"target\":{\"@type\":\"EntryPoint\",\"urlTemplate\":\"https:\\\/\\\/repliquemangacine.fr\\\/?s={search_term_string}\"},\"query-input\":{\"@type\":\"PropertyValueSpecification\",\"valueRequired\":true,\"valueName\":\"search_term_string\"}}],\"inLanguage\":\"de\"},{\"@type\":\"Organization\",\"@id\":\"https:\\\/\\\/repliquemangacine.fr\\\/#organization\",\"name\":\"R\u00e9plique Manga Cin\u00e9\",\"url\":\"https:\\\/\\\/repliquemangacine.fr\\\/\",\"logo\":{\"@type\":\"ImageObject\",\"inLanguage\":\"de\",\"@id\":\"https:\\\/\\\/repliquemangacine.fr\\\/#\\\/schema\\\/logo\\\/image\\\/\",\"url\":\"https:\\\/\\\/repliquemangacine.fr\\\/wp-content\\\/uploads\\\/2023\\\/10\\\/RMC-500250.png\",\"contentUrl\":\"https:\\\/\\\/repliquemangacine.fr\\\/wp-content\\\/uploads\\\/2023\\\/10\\\/RMC-500250.png\",\"width\":500,\"height\":250,\"caption\":\"R\u00e9plique Manga Cin\u00e9\"},\"image\":{\"@id\":\"https:\\\/\\\/repliquemangacine.fr\\\/#\\\/schema\\\/logo\\\/image\\\/\"},\"sameAs\":[\"https:\\\/\\\/www.facebook.com\\\/RepliqueMangaCine\",\"https:\\\/\\\/www.instagram.com\\\/repliquemangacine.fr\\\/\"]}]}<\/script>\n<!-- \/ Yoast SEO plugin. -->","yoast_head_json":{"title":"R\u00f6mische Gladius Typ Pompeji - Antikes Schwert | Replik MangaCin\u00e9","description":"G\u00f6nnen Sie sich dieses R\u00f6mische Gladius Typ Pompeji zum besten Preis - Klinge aus Karbonstahl. Lederscheide - Gravierte Messingplatten - Gesamtl\u00e4nge: 73 cm","robots":{"index":"index","follow":"follow","max-snippet":"max-snippet:-1","max-image-preview":"max-image-preview:large","max-video-preview":"max-video-preview:-1"},"canonical":"https:\/\/repliquemangacine.fr\/de\/antike-schwerter\/romisches-schwert-typ-pompei\/","og_locale":"de_DE","og_type":"article","og_title":"Glaive Romain Type Pompe\u00ef - Ep\u00e9e Antique | R\u00e9plique MangaCin\u00e9","og_description":"Offrez-vous ce Glaive Romain Type Pompe\u00ef au meilleur prix - Lame en acier carbone. Fourreau cuir - Plaques en laiton grav\u00e9e - Longueur totale : 73 cm","og_url":"https:\/\/repliquemangacine.fr\/de\/antike-schwerter\/romisches-schwert-typ-pompei\/","og_site_name":"R\u00e9plique Manga Cin\u00e9","article_publisher":"https:\/\/www.facebook.com\/RepliqueMangaCine","article_modified_time":"2026-04-16T13:27:51+00:00","og_image":[{"width":600,"height":600,"url":"https:\/\/repliquemangacine.fr\/wp-content\/uploads\/2023\/10\/2510-Glaive-legionnaire-Romain-Type-Pompei.jpg","type":"image\/jpeg"}],"twitter_card":"summary_large_image","twitter_misc":{"Gesch\u00e4tzte Lesezeit":"2\u00a0Minuten"},"schema":{"@context":"https:\/\/schema.org","@graph":[{"@type":"WebPage","@id":"https:\/\/repliquemangacine.fr\/epees-glaives-antique\/glaive-romain-type-pompei\/","url":"https:\/\/repliquemangacine.fr\/epees-glaives-antique\/glaive-romain-type-pompei\/","name":"R\u00f6mische Gladius Typ Pompeji - Antikes Schwert | Replik MangaCin\u00e9","isPartOf":{"@id":"https:\/\/repliquemangacine.fr\/#website"},"primaryImageOfPage":{"@id":"https:\/\/repliquemangacine.fr\/epees-glaives-antique\/glaive-romain-type-pompei\/#primaryimage"},"image":{"@id":"https:\/\/repliquemangacine.fr\/epees-glaives-antique\/glaive-romain-type-pompei\/#primaryimage"},"thumbnailUrl":"https:\/\/repliquemangacine.fr\/wp-content\/uploads\/2023\/10\/2510-Glaive-legionnaire-Romain-Type-Pompei.jpg","datePublished":"2018-03-24T18:11:51+00:00","dateModified":"2026-04-16T13:27:51+00:00","description":"G\u00f6nnen Sie sich dieses R\u00f6mische Gladius Typ Pompeji zum besten Preis - Klinge aus Karbonstahl. Lederscheide - Gravierte Messingplatten - Gesamtl\u00e4nge: 73 cm","breadcrumb":{"@id":"https:\/\/repliquemangacine.fr\/epees-glaives-antique\/glaive-romain-type-pompei\/#breadcrumb"},"inLanguage":"de","potentialAction":[{"@type":"ReadAction","target":["https:\/\/repliquemangacine.fr\/epees-glaives-antique\/glaive-romain-type-pompei\/"]}]},{"@type":"ImageObject","inLanguage":"de","@id":"https:\/\/repliquemangacine.fr\/epees-glaives-antique\/glaive-romain-type-pompei\/#primaryimage","url":"https:\/\/repliquemangacine.fr\/wp-content\/uploads\/2023\/10\/2510-Glaive-legionnaire-Romain-Type-Pompei.jpg","contentUrl":"https:\/\/repliquemangacine.fr\/wp-content\/uploads\/2023\/10\/2510-Glaive-legionnaire-Romain-Type-Pompei.jpg","width":600,"height":600,"caption":"Glaive Romain Type Pompe\u00ef"},{"@type":"BreadcrumbList","@id":"https:\/\/repliquemangacine.fr\/epees-glaives-antique\/glaive-romain-type-pompei\/#breadcrumb","itemListElement":[{"@type":"ListItem","position":1,"name":"Accueil","item":"https:\/\/repliquemangacine.fr\/"},{"@type":"ListItem","position":2,"name":"Produits","item":"https:\/\/repliquemangacine.fr\/boutique\/"},{"@type":"ListItem","position":3,"name":"Glaive Romain Type Pompe\u00ef"}]},{"@type":"WebSite","@id":"https:\/\/repliquemangacine.fr\/#website","url":"https:\/\/repliquemangacine.fr\/","name":"R\u00e9plique Manga Cin\u00e9","description":"","publisher":{"@id":"https:\/\/repliquemangacine.fr\/#organization"},"potentialAction":[{"@type":"SearchAction","target":{"@type":"EntryPoint","urlTemplate":"https:\/\/repliquemangacine.fr\/?s={search_term_string}"},"query-input":{"@type":"PropertyValueSpecification","valueRequired":true,"valueName":"search_term_string"}}],"inLanguage":"de"},{"@type":"Organization","@id":"https:\/\/repliquemangacine.fr\/#organization","name":"R\u00e9plique Manga Cin\u00e9","url":"https:\/\/repliquemangacine.fr\/","logo":{"@type":"ImageObject","inLanguage":"de","@id":"https:\/\/repliquemangacine.fr\/#\/schema\/logo\/image\/","url":"https:\/\/repliquemangacine.fr\/wp-content\/uploads\/2023\/10\/RMC-500250.png","contentUrl":"https:\/\/repliquemangacine.fr\/wp-content\/uploads\/2023\/10\/RMC-500250.png","width":500,"height":250,"caption":"R\u00e9plique Manga Cin\u00e9"},"image":{"@id":"https:\/\/repliquemangacine.fr\/#\/schema\/logo\/image\/"},"sameAs":["https:\/\/www.facebook.com\/RepliqueMangaCine","https:\/\/www.instagram.com\/repliquemangacine.fr\/"]}]}},"_links":{"self":[{"href":"https:\/\/repliquemangacine.fr\/de\/wp-json\/wp\/v2\/product\/27753","targetHints":{"allow":["GET"]}}],"collection":[{"href":"https:\/\/repliquemangacine.fr\/de\/wp-json\/wp\/v2\/product"}],"about":[{"href":"https:\/\/repliquemangacine.fr\/de\/wp-json\/wp\/v2\/types\/product"}],"wp:featuredmedia":[{"embeddable":true,"href":"https:\/\/repliquemangacine.fr\/de\/wp-json\/wp\/v2\/media\/27754"}],"wp:attachment":[{"href":"https:\/\/repliquemangacine.fr\/de\/wp-json\/wp\/v2\/media?parent=27753"}],"wp:term":[{"taxonomy":"product_brand","embeddable":true,"href":"https:\/\/repliquemangacine.fr\/de\/wp-json\/wp\/v2\/product_brand?post=27753"},{"taxonomy":"product_cat","embeddable":true,"href":"https:\/\/repliquemangacine.fr\/de\/wp-json\/wp\/v2\/product_cat?post=27753"},{"taxonomy":"product_tag","embeddable":true,"href":"https:\/\/repliquemangacine.fr\/de\/wp-json\/wp\/v2\/product_tag?post=27753"}],"curies":[{"name":"wp","href":"https:\/\/api.w.org\/{rel}","templated":true}]}}