





{"id":27747,"date":"2018-03-24T18:19:16","date_gmt":"2018-03-24T17:19:16","guid":{"rendered":"https:\/\/repliquemangacine.fr\/?post_type=product&#038;p=27747"},"modified":"2026-03-29T17:16:00","modified_gmt":"2026-03-29T15:16:00","slug":"schwert-des-heiligen-mauritius-von-turin-13-jahrhundert","status":"publish","type":"product","link":"https:\/\/repliquemangacine.fr\/de\/epee-templier-medievale\/epee-de-saint-maurice-de-turin-13e-siecle\/","title":{"rendered":"Schwert St. Mauritius von Turin 13\u1d49 Jh."},"content":{"rendered":"<h2>Schwert des heiligen Mauritius von Turin, 13\u1d49 Jahrhundert<\/h2>\n<p>Zu Beginn wird die<strong>Schwert des Heiligen Mauritius von Turin<\/strong>, stammt aus der Zeit zwischen 1200 und 1250. Wird in Turin zusammen mit einigen \u00dcberresten des Heiligen Mauritius aufbewahrt und als Reliquie verehrt.<\/p>\n<p>Der Legende nach handelt es sich um das Schwert, mit dem er enthauptet wurde, was jedoch h\u00f6chst unwahrscheinlich ist, da es etwa tausend Jahre nach seinem Tod geschmiedet wurde. Es spiegelt vielmehr die Vorstellungskraft der mittelalterlichen Geschichtsschreibung unter dem allgegenw\u00e4rtigen Einfluss der Kirche wider.<\/p>\n<p>Seit 1858 ist das Original im\u2019<a href=\"https:\/\/www.divento.com\/fr\/turin\/8987-armeria-reale-e-biblitoeca-reale-turin.html\" target=\"_blank\" rel=\"noopener noreferrer\">K\u00f6nigliche Waffenkammer von Turin<\/a>, mit der Inventarnummer AR G 25  in sehr gutem Erhaltungszustand.<\/p>\n<p>Der Heilige Mauritius oder Mauritius von Agaune, bekannt als Anf\u00fchrer der Theb\u00e4ischen Legion. Die katholische Kirche verehrt den Heiligen Mauritius als Schutzpatron der Armee, der Infanterie und vieler anderer.<\/p>\n<h2>Ihr Ep\u00e9e de St Maurice zum besten Preis.<\/h2>\n<p>Wir bieten Ihnen wundersch\u00f6ne Nachbildungen historischer Waffen aus dem Mittelalter.<\/p>\n<p>Zun\u00e4chst einmal,<\/p>\n<ul>\n<li>L'<a href=\"https:\/\/repliquemangacine.fr\/de\/mittelalterliches-schwert\/epee-medievale-a-une-main-practical\/\">einh\u00e4ndiges Praktisches Schlagschwert<\/a>Dieses Buch wurde f\u00fcr Anf\u00e4nger im Kampftraining entwickelt.<\/li>\n<li>Es gibt auch die<a href=\"https:\/\/repliquemangacine.fr\/de\/andere-filme\/le-roi-arthur-excalibur-epee-de-legende\/\">legend\u00e4res Schwert Excalibur<\/a> von Artus im Film \"Die Legende von Excalibur\" verwendet.<\/li>\n<li>Und viele andere, die es in unserem Online-Shop zu entdecken gibt!<\/li>\n<\/ul>\n<p>Deshalb finden Sie hier einige gro\u00dfartige Geschenkideen f\u00fcr Liebhaber und Sammler des Mittelalters.<\/p>\n<p>Abschlie\u00dfend k\u00f6nnen Sie auch diesen <strong>Schwert des Heiligen Mauritius von Turin<\/strong>Es ist ein Symbol f\u00fcr die Geschichte, f\u00fcr historische Rekonstruktionen oder f\u00fcr Themenabende. Vor allem aber ist es auch ein Sammler- und Dekorationsst\u00fcck.<\/p>\n<h2>Wie pflegt man die Klinge seines mittelalterlichen Schwertes?<\/h2>\n<p>Sammlungs- und Dekorationsschwerter werden in vereinfachter Form hergestellt und zusammengebaut. Da sie zu Dekorationszwecken verwendet werden, fehlen ihnen die Sicherheitselemente, die ein japanisches Schwert f\u00fcr Trainingszwecke aufweisen muss.<\/p>\n<p>Allerdings ist Ihr <strong>Schwert des Heiligen Mauritius von Turin<\/strong> zu einer Stahlklinge, die gepflegt werden muss, damit sie nicht mit der Zeit abgenutzt wird. Wenn du dein Schwert n\u00e4mlich ausstellst, werden deine Freunde neugierig sein, die Klinge zu sehen und sie zu ber\u00fchren. Hier ist Vorsicht geboten, denn Sie sollten wissen, dass die S\u00e4ure der Finger dem Stahl unabh\u00e4ngig von seiner Qualit\u00e4t sehr schadet.<\/p>\n<p>Wenn dies jedoch passiert, keine Panik, Sie brauchen nur ein Tuch, das mit etwas \u00d6l befeuchtet ist, und wischen die Fingerabdr\u00fccke ab. Wenn Sie dies tun, werden Sie Ihr Schwert sehr lange behalten.<\/p>","protected":false},"excerpt":{"rendered":"<p>Replik des Schwertes St. Maurice de Turin mit Scheide.<\/p>\n<ul>\n<li>Klinge aus geh\u00e4rtetem Stahl 48 HRC.<\/li>\n<li>Garde und Knauf aus Stahl.<\/li>\n<li>Mit Leder umwickelter Griff.<\/li>\n<li>Mit Leder \u00fcberzogene Holzscheide.<\/li>\n<li>Balancepunkt: ca. 17 cm vom Griff - Schwerttyp nach Oakeshott-Typologie: XII<\/li>\n<li>Klingenl\u00e4nge: 78,5 cm - Gesamtl\u00e4nge: 94 cm - Gewicht: 1150 grs<\/li>\n<\/ul>\n<p><em><strong>\u00a0<\/strong><\/em><\/p>","protected":false},"featured_media":27748,"template":"","meta":[],"product_brand":[896],"product_cat":[25,84,43,101],"product_tag":[],"class_list":{"0":"post-27747","1":"product","2":"type-product","3":"status-publish","4":"has-post-thumbnail","6":"product_brand-replique-manga-cine","7":"product_cat-armes-historiques","8":"product_cat-epee-templier-medievale","9":"product_cat-reproductions-d-armes-et-accessoires-medievales","10":"product_cat-soldes","12":"first","13":"instock","14":"sale","15":"taxable","16":"shipping-taxable","17":"purchasable","18":"product-type-simple"},"yoast_head":"<!-- This site is optimized with the Yoast SEO plugin v27.5 - https:\/\/yoast.com\/product\/yoast-seo-wordpress\/ -->\n<title>Ep\u00e9e de St Maurice - Vente \u00e9p\u00e9e m\u00e9di\u00e9vale | R\u00e9plique Manga Cin\u00e9<\/title>\n<meta name=\"description\" content=\"D\u00e9couvrez cette Ep\u00e9e de St Maurice de Turin au meilleur prix - Lame en acier forg\u00e9 et tremp\u00e9 48 HRC - Point d&#039;\u00e9quilibrage - Fourreau cuir - Longueur : 94 cm\" \/>\n<meta name=\"robots\" content=\"index, follow, max-snippet:-1, max-image-preview:large, max-video-preview:-1\" \/>\n<link rel=\"canonical\" href=\"https:\/\/repliquemangacine.fr\/de\/ausverkauf\/schwert-des-heiligen-mauritius-von-turin-13-jahrhundert\/\" \/>\n<meta property=\"og:locale\" content=\"de_DE\" \/>\n<meta property=\"og:type\" content=\"article\" \/>\n<meta property=\"og:title\" content=\"Ep\u00e9e de St Maurice - Vente \u00e9p\u00e9e m\u00e9di\u00e9vale | R\u00e9plique Manga Cin\u00e9\" \/>\n<meta property=\"og:description\" content=\"D\u00e9couvrez cette Ep\u00e9e de St Maurice de Turin au meilleur prix - Lame en acier forg\u00e9 et tremp\u00e9 48 HRC - Point d&#039;\u00e9quilibrage - Fourreau cuir - Longueur : 94 cm\" \/>\n<meta property=\"og:url\" content=\"https:\/\/repliquemangacine.fr\/de\/ausverkauf\/schwert-des-heiligen-mauritius-von-turin-13-jahrhundert\/\" \/>\n<meta property=\"og:site_name\" content=\"R\u00e9plique Manga Cin\u00e9\" \/>\n<meta property=\"article:publisher\" content=\"https:\/\/www.facebook.com\/RepliqueMangaCine\" \/>\n<meta property=\"article:modified_time\" content=\"2026-03-29T15:16:00+00:00\" \/>\n<meta property=\"og:image\" content=\"https:\/\/repliquemangacine.fr\/wp-content\/uploads\/2023\/10\/2505-Epee-de-Saint-Maurice-de-Turin-13e-Sieclepommeau.jpg\" \/>\n\t<meta property=\"og:image:width\" content=\"600\" \/>\n\t<meta property=\"og:image:height\" content=\"600\" \/>\n\t<meta property=\"og:image:type\" content=\"image\/jpeg\" \/>\n<meta name=\"twitter:card\" content=\"summary_large_image\" \/>\n<meta name=\"twitter:label1\" content=\"Gesch\u00e4tzte Lesezeit\" \/>\n\t<meta name=\"twitter:data1\" content=\"1\u00a0Minute\" \/>\n<script type=\"application\/ld+json\" class=\"yoast-schema-graph\">{\"@context\":\"https:\\\/\\\/schema.org\",\"@graph\":[{\"@type\":\"WebPage\",\"@id\":\"https:\\\/\\\/repliquemangacine.fr\\\/soldes\\\/epee-de-saint-maurice-de-turin-13e-siecle\\\/\",\"url\":\"https:\\\/\\\/repliquemangacine.fr\\\/soldes\\\/epee-de-saint-maurice-de-turin-13e-siecle\\\/\",\"name\":\"Ep\u00e9e de St Maurice - Vente \u00e9p\u00e9e m\u00e9di\u00e9vale | R\u00e9plique Manga Cin\u00e9\",\"isPartOf\":{\"@id\":\"https:\\\/\\\/repliquemangacine.fr\\\/#website\"},\"primaryImageOfPage\":{\"@id\":\"https:\\\/\\\/repliquemangacine.fr\\\/soldes\\\/epee-de-saint-maurice-de-turin-13e-siecle\\\/#primaryimage\"},\"image\":{\"@id\":\"https:\\\/\\\/repliquemangacine.fr\\\/soldes\\\/epee-de-saint-maurice-de-turin-13e-siecle\\\/#primaryimage\"},\"thumbnailUrl\":\"https:\\\/\\\/repliquemangacine.fr\\\/wp-content\\\/uploads\\\/2023\\\/10\\\/2505-Epee-de-Saint-Maurice-de-Turin-13e-Sieclepommeau.jpg\",\"datePublished\":\"2018-03-24T17:19:16+00:00\",\"dateModified\":\"2026-03-29T15:16:00+00:00\",\"description\":\"D\u00e9couvrez cette Ep\u00e9e de St Maurice de Turin au meilleur prix - Lame en acier forg\u00e9 et tremp\u00e9 48 HRC - Point d'\u00e9quilibrage - Fourreau cuir - Longueur : 94 cm\",\"breadcrumb\":{\"@id\":\"https:\\\/\\\/repliquemangacine.fr\\\/soldes\\\/epee-de-saint-maurice-de-turin-13e-siecle\\\/#breadcrumb\"},\"inLanguage\":\"de\",\"potentialAction\":[{\"@type\":\"ReadAction\",\"target\":[\"https:\\\/\\\/repliquemangacine.fr\\\/soldes\\\/epee-de-saint-maurice-de-turin-13e-siecle\\\/\"]}]},{\"@type\":\"ImageObject\",\"inLanguage\":\"de\",\"@id\":\"https:\\\/\\\/repliquemangacine.fr\\\/soldes\\\/epee-de-saint-maurice-de-turin-13e-siecle\\\/#primaryimage\",\"url\":\"https:\\\/\\\/repliquemangacine.fr\\\/wp-content\\\/uploads\\\/2023\\\/10\\\/2505-Epee-de-Saint-Maurice-de-Turin-13e-Sieclepommeau.jpg\",\"contentUrl\":\"https:\\\/\\\/repliquemangacine.fr\\\/wp-content\\\/uploads\\\/2023\\\/10\\\/2505-Epee-de-Saint-Maurice-de-Turin-13e-Sieclepommeau.jpg\",\"width\":600,\"height\":600,\"caption\":\"Ep\u00e9e de St Maurice de Turin 13e Si\u00e8cle+pommeau\"},{\"@type\":\"BreadcrumbList\",\"@id\":\"https:\\\/\\\/repliquemangacine.fr\\\/soldes\\\/epee-de-saint-maurice-de-turin-13e-siecle\\\/#breadcrumb\",\"itemListElement\":[{\"@type\":\"ListItem\",\"position\":1,\"name\":\"Accueil\",\"item\":\"https:\\\/\\\/repliquemangacine.fr\\\/\"},{\"@type\":\"ListItem\",\"position\":2,\"name\":\"Produits\",\"item\":\"https:\\\/\\\/repliquemangacine.fr\\\/boutique\\\/\"},{\"@type\":\"ListItem\",\"position\":3,\"name\":\"\u00c9p\u00e9e St Maurice de Turin 13\u1d49 Si\u00e8cle\"}]},{\"@type\":\"WebSite\",\"@id\":\"https:\\\/\\\/repliquemangacine.fr\\\/#website\",\"url\":\"https:\\\/\\\/repliquemangacine.fr\\\/\",\"name\":\"R\u00e9plique Manga Cin\u00e9\",\"description\":\"\",\"publisher\":{\"@id\":\"https:\\\/\\\/repliquemangacine.fr\\\/#organization\"},\"potentialAction\":[{\"@type\":\"SearchAction\",\"target\":{\"@type\":\"EntryPoint\",\"urlTemplate\":\"https:\\\/\\\/repliquemangacine.fr\\\/?s={search_term_string}\"},\"query-input\":{\"@type\":\"PropertyValueSpecification\",\"valueRequired\":true,\"valueName\":\"search_term_string\"}}],\"inLanguage\":\"de\"},{\"@type\":\"Organization\",\"@id\":\"https:\\\/\\\/repliquemangacine.fr\\\/#organization\",\"name\":\"R\u00e9plique Manga Cin\u00e9\",\"url\":\"https:\\\/\\\/repliquemangacine.fr\\\/\",\"logo\":{\"@type\":\"ImageObject\",\"inLanguage\":\"de\",\"@id\":\"https:\\\/\\\/repliquemangacine.fr\\\/#\\\/schema\\\/logo\\\/image\\\/\",\"url\":\"https:\\\/\\\/repliquemangacine.fr\\\/wp-content\\\/uploads\\\/2023\\\/10\\\/RMC-500250.png\",\"contentUrl\":\"https:\\\/\\\/repliquemangacine.fr\\\/wp-content\\\/uploads\\\/2023\\\/10\\\/RMC-500250.png\",\"width\":500,\"height\":250,\"caption\":\"R\u00e9plique Manga Cin\u00e9\"},\"image\":{\"@id\":\"https:\\\/\\\/repliquemangacine.fr\\\/#\\\/schema\\\/logo\\\/image\\\/\"},\"sameAs\":[\"https:\\\/\\\/www.facebook.com\\\/RepliqueMangaCine\",\"https:\\\/\\\/www.instagram.com\\\/repliquemangacine.fr\\\/\"]}]}<\/script>\n<!-- \/ Yoast SEO plugin. -->","yoast_head_json":{"title":"Schwert von St Maurice - Verkauf von mittelalterlichen Schwertern | R\u00e9plique Manga Cin\u00e9","description":"Entdecken Sie dieses Schwert des Heiligen Mauritius von Turin zum besten Preis - Klinge aus geschmiedetem und geh\u00e4rtetem Stahl 48 HRC - Ausgleichspunkt - Lederscheide - L\u00e4nge: 94 cm","robots":{"index":"index","follow":"follow","max-snippet":"max-snippet:-1","max-image-preview":"max-image-preview:large","max-video-preview":"max-video-preview:-1"},"canonical":"https:\/\/repliquemangacine.fr\/de\/ausverkauf\/schwert-des-heiligen-mauritius-von-turin-13-jahrhundert\/","og_locale":"de_DE","og_type":"article","og_title":"Ep\u00e9e de St Maurice - Vente \u00e9p\u00e9e m\u00e9di\u00e9vale | R\u00e9plique Manga Cin\u00e9","og_description":"D\u00e9couvrez cette Ep\u00e9e de St Maurice de Turin au meilleur prix - Lame en acier forg\u00e9 et tremp\u00e9 48 HRC - Point d'\u00e9quilibrage - Fourreau cuir - Longueur : 94 cm","og_url":"https:\/\/repliquemangacine.fr\/de\/ausverkauf\/schwert-des-heiligen-mauritius-von-turin-13-jahrhundert\/","og_site_name":"R\u00e9plique Manga Cin\u00e9","article_publisher":"https:\/\/www.facebook.com\/RepliqueMangaCine","article_modified_time":"2026-03-29T15:16:00+00:00","og_image":[{"width":600,"height":600,"url":"https:\/\/repliquemangacine.fr\/wp-content\/uploads\/2023\/10\/2505-Epee-de-Saint-Maurice-de-Turin-13e-Sieclepommeau.jpg","type":"image\/jpeg"}],"twitter_card":"summary_large_image","twitter_misc":{"Gesch\u00e4tzte Lesezeit":"1\u00a0Minute"},"schema":{"@context":"https:\/\/schema.org","@graph":[{"@type":"WebPage","@id":"https:\/\/repliquemangacine.fr\/soldes\/epee-de-saint-maurice-de-turin-13e-siecle\/","url":"https:\/\/repliquemangacine.fr\/soldes\/epee-de-saint-maurice-de-turin-13e-siecle\/","name":"Schwert von St Maurice - Verkauf von mittelalterlichen Schwertern | R\u00e9plique Manga Cin\u00e9","isPartOf":{"@id":"https:\/\/repliquemangacine.fr\/#website"},"primaryImageOfPage":{"@id":"https:\/\/repliquemangacine.fr\/soldes\/epee-de-saint-maurice-de-turin-13e-siecle\/#primaryimage"},"image":{"@id":"https:\/\/repliquemangacine.fr\/soldes\/epee-de-saint-maurice-de-turin-13e-siecle\/#primaryimage"},"thumbnailUrl":"https:\/\/repliquemangacine.fr\/wp-content\/uploads\/2023\/10\/2505-Epee-de-Saint-Maurice-de-Turin-13e-Sieclepommeau.jpg","datePublished":"2018-03-24T17:19:16+00:00","dateModified":"2026-03-29T15:16:00+00:00","description":"Entdecken Sie dieses Schwert des Heiligen Mauritius von Turin zum besten Preis - Klinge aus geschmiedetem und geh\u00e4rtetem Stahl 48 HRC - Ausgleichspunkt - Lederscheide - L\u00e4nge: 94 cm","breadcrumb":{"@id":"https:\/\/repliquemangacine.fr\/soldes\/epee-de-saint-maurice-de-turin-13e-siecle\/#breadcrumb"},"inLanguage":"de","potentialAction":[{"@type":"ReadAction","target":["https:\/\/repliquemangacine.fr\/soldes\/epee-de-saint-maurice-de-turin-13e-siecle\/"]}]},{"@type":"ImageObject","inLanguage":"de","@id":"https:\/\/repliquemangacine.fr\/soldes\/epee-de-saint-maurice-de-turin-13e-siecle\/#primaryimage","url":"https:\/\/repliquemangacine.fr\/wp-content\/uploads\/2023\/10\/2505-Epee-de-Saint-Maurice-de-Turin-13e-Sieclepommeau.jpg","contentUrl":"https:\/\/repliquemangacine.fr\/wp-content\/uploads\/2023\/10\/2505-Epee-de-Saint-Maurice-de-Turin-13e-Sieclepommeau.jpg","width":600,"height":600,"caption":"Ep\u00e9e de St Maurice de Turin 13e Si\u00e8cle+pommeau"},{"@type":"BreadcrumbList","@id":"https:\/\/repliquemangacine.fr\/soldes\/epee-de-saint-maurice-de-turin-13e-siecle\/#breadcrumb","itemListElement":[{"@type":"ListItem","position":1,"name":"Accueil","item":"https:\/\/repliquemangacine.fr\/"},{"@type":"ListItem","position":2,"name":"Produits","item":"https:\/\/repliquemangacine.fr\/boutique\/"},{"@type":"ListItem","position":3,"name":"\u00c9p\u00e9e St Maurice de Turin 13\u1d49 Si\u00e8cle"}]},{"@type":"WebSite","@id":"https:\/\/repliquemangacine.fr\/#website","url":"https:\/\/repliquemangacine.fr\/","name":"R\u00e9plique Manga Cin\u00e9","description":"","publisher":{"@id":"https:\/\/repliquemangacine.fr\/#organization"},"potentialAction":[{"@type":"SearchAction","target":{"@type":"EntryPoint","urlTemplate":"https:\/\/repliquemangacine.fr\/?s={search_term_string}"},"query-input":{"@type":"PropertyValueSpecification","valueRequired":true,"valueName":"search_term_string"}}],"inLanguage":"de"},{"@type":"Organization","@id":"https:\/\/repliquemangacine.fr\/#organization","name":"R\u00e9plique Manga Cin\u00e9","url":"https:\/\/repliquemangacine.fr\/","logo":{"@type":"ImageObject","inLanguage":"de","@id":"https:\/\/repliquemangacine.fr\/#\/schema\/logo\/image\/","url":"https:\/\/repliquemangacine.fr\/wp-content\/uploads\/2023\/10\/RMC-500250.png","contentUrl":"https:\/\/repliquemangacine.fr\/wp-content\/uploads\/2023\/10\/RMC-500250.png","width":500,"height":250,"caption":"R\u00e9plique Manga Cin\u00e9"},"image":{"@id":"https:\/\/repliquemangacine.fr\/#\/schema\/logo\/image\/"},"sameAs":["https:\/\/www.facebook.com\/RepliqueMangaCine","https:\/\/www.instagram.com\/repliquemangacine.fr\/"]}]}},"_links":{"self":[{"href":"https:\/\/repliquemangacine.fr\/de\/wp-json\/wp\/v2\/product\/27747","targetHints":{"allow":["GET"]}}],"collection":[{"href":"https:\/\/repliquemangacine.fr\/de\/wp-json\/wp\/v2\/product"}],"about":[{"href":"https:\/\/repliquemangacine.fr\/de\/wp-json\/wp\/v2\/types\/product"}],"wp:featuredmedia":[{"embeddable":true,"href":"https:\/\/repliquemangacine.fr\/de\/wp-json\/wp\/v2\/media\/27748"}],"wp:attachment":[{"href":"https:\/\/repliquemangacine.fr\/de\/wp-json\/wp\/v2\/media?parent=27747"}],"wp:term":[{"taxonomy":"product_brand","embeddable":true,"href":"https:\/\/repliquemangacine.fr\/de\/wp-json\/wp\/v2\/product_brand?post=27747"},{"taxonomy":"product_cat","embeddable":true,"href":"https:\/\/repliquemangacine.fr\/de\/wp-json\/wp\/v2\/product_cat?post=27747"},{"taxonomy":"product_tag","embeddable":true,"href":"https:\/\/repliquemangacine.fr\/de\/wp-json\/wp\/v2\/product_tag?post=27747"}],"curies":[{"name":"wp","href":"https:\/\/api.w.org\/{rel}","templated":true}]}}