





{"id":27741,"date":"2018-03-24T16:58:45","date_gmt":"2018-03-24T15:58:45","guid":{"rendered":"https:\/\/repliquemangacine.fr\/?post_type=product&#038;p=27741"},"modified":"2026-04-24T12:08:52","modified_gmt":"2026-04-24T10:08:52","slug":"schwert-sir-william-marshal-12-jahrhundert","status":"publish","type":"product","link":"https:\/\/repliquemangacine.fr\/de\/epee-templier-medievale\/epee-sir-william-marshal-12eme-siecle\/","title":{"rendered":"Schwert Sir William Marshal 12. Jahrhundert"},"content":{"rendered":"<h2>Schwert Sir William Marshal 12\u1d49 Jahrhundert<\/h2>\n<p>Zu Beginn wird die<strong>Schwert Sir William Marshal<\/strong>, erster Graf von Pembroke, ist diese Reproduktion identisch mit dem Original, das in einem britischen Museum ausgestellt ist.<\/p>\n<p>William Marshal, von seinen Zeitgenossen als \u00abder gr\u00f6\u00dfte Ritter der Welt\u00bb beschrieben. Er diente unter vier K\u00f6nigen: Heinrich II., Richard L\u00f6wenherz, K\u00f6nig Johann und K\u00f6nig Heinrich III., dessen Regent er war.<\/p>\n<p>Als Regent gab William Marshal die Magna Carta neu heraus und sicherte damit ihr Fortbestehen. Er k\u00e4mpfte auch in der Schlacht von Lincoln gegen eine franz\u00f6sische Invasionsstreitmacht und gewann. Und als Regent regierte er w\u00e4hrend seiner letzten Krankheit das K\u00f6nigreich von seinem Landsitz in Caversham aus.<\/p>\n<p>Im Mai 2019 hat der <a href=\"https:\/\/www.readingmuseum.org.uk\/blog\/greatest-knight-be-found-all-world-william-marshal\" target=\"_blank\" rel=\"noopener noreferrer\">Reading Museum<\/a> eine Veranstaltung zum 800. Todestag organisiert.<\/p>\n<h2>Ihr Sir William Marshal Schwert zum besten Preis.<\/h2>\n<p>Wir bieten Ihnen wundersch\u00f6ne Nachbildungen historischer Waffen aus dem Mittelalter.<\/p>\n<p>Zun\u00e4chst einmal,<\/p>\n<ul>\n<li>diese <a href=\"https:\/\/repliquemangacine.fr\/de\/historische-waffen\/epee-de-frappe-epee-de-combat\/\">mittelalterliches Schlagschwert<\/a>Die Klinge ist aus Kohlenstoffstahl gefertigt.<\/li>\n<li>Es gibt auch die<a href=\"https:\/\/repliquemangacine.fr\/de\/mittelalterliches-schwert\/schwert-des-templers-jacques-de-molay\/\">Schwert des Templers Jacques de Molay<\/a>der letzte Gro\u00dfmeister der Templer.<\/li>\n<li>Und viele andere, die es in unserem Online-Shop zu entdecken gibt!<\/li>\n<\/ul>\n<p>Deshalb finden Sie hier einige gro\u00dfartige Geschenkideen f\u00fcr Liebhaber und Sammler des Mittelalters.<\/p>\n<p>Abschlie\u00dfend k\u00f6nnen Sie auch diesen <strong>Schwert Sir William Marshal<\/strong>Es ist ein Symbol f\u00fcr die Geschichte, f\u00fcr historische Rekonstruktionen oder f\u00fcr Themenabende. Vor allem aber ist es auch ein Sammler- und Dekorationsst\u00fcck.<\/p>\n<h2>Wie pflegt man die Klinge seines mittelalterlichen Schwertes?<\/h2>\n<p>Sammlungs- und Dekorationsschwerter werden in vereinfachter Form hergestellt und zusammengebaut. Da sie zu Dekorationszwecken verwendet werden, fehlen ihnen die Sicherheitselemente, die ein japanisches Schwert f\u00fcr Trainingszwecke aufweisen muss.<\/p>\n<p>Allerdings ist Ihr <strong>Schwert Sir William Marshal<\/strong> zu einer Stahlklinge, die gepflegt werden muss, damit sie nicht mit der Zeit abgenutzt wird. Wenn du dein Schwert n\u00e4mlich ausstellst, werden deine Freunde neugierig sein, die Klinge zu sehen und sie zu ber\u00fchren. Hier ist Vorsicht geboten, denn Sie sollten wissen, dass die S\u00e4ure der Finger dem Stahl unabh\u00e4ngig von seiner Qualit\u00e4t sehr schadet.<\/p>\n<p>Wenn dies jedoch passiert, keine Panik, Sie brauchen nur ein Tuch, das mit etwas \u00d6l befeuchtet ist, und wischen die Fingerabdr\u00fccke ab. Wenn Sie dies tun, werden Sie Ihr Schwert sehr lange behalten.<\/p>","protected":false},"excerpt":{"rendered":"<p>Dieses wundersch\u00f6ne Schwert ist eine fein detaillierte Nachbildung des Originals.<\/p>\n<ul>\n<li>Klinge aus geh\u00e4rtetem Stahl 48-50 HRC.<\/li>\n<li>Garde und Knauf aus Stahl.<\/li>\n<li>Mit Leder umwickelter Griff.<\/li>\n<li>Mit Leder \u00fcberzogene Scheide.<\/li>\n<li>Gleichgewichtspunkt: ca. 16 cm von der Wache entfernt<\/li>\n<li>L\u00e4nge der Klinge: 79 cm - Gesamtl\u00e4nge: 95,5 cm - Gewicht: 1200 Grs<\/li>\n<\/ul>","protected":false},"featured_media":27742,"template":"","meta":[],"product_brand":[896],"product_cat":[25,84,43,101],"product_tag":[],"class_list":{"0":"post-27741","1":"product","2":"type-product","3":"status-publish","4":"has-post-thumbnail","6":"product_brand-replique-manga-cine","7":"product_cat-armes-historiques","8":"product_cat-epee-templier-medievale","9":"product_cat-reproductions-d-armes-et-accessoires-medievales","10":"product_cat-soldes","12":"first","13":"instock","14":"taxable","15":"shipping-taxable","16":"purchasable","17":"product-type-simple"},"yoast_head":"<!-- This site is optimized with the Yoast SEO plugin v27.5 - https:\/\/yoast.com\/product\/yoast-seo-wordpress\/ -->\n<title>Ep\u00e9e Sir William Marshal - Ep\u00e9e de frappe - R\u00e9plique Manga Cin\u00e9<\/title>\n<meta name=\"description\" content=\"Offrez-vous ! L&#039;Ep\u00e9e Sir William Marshal au meilleur prix - Lame en acier tremp\u00e9 - Fourreau en cuir - Point d&#039;\u00e9quilibre - Longueur totale : 95.5 cm\" \/>\n<meta name=\"robots\" content=\"index, follow, max-snippet:-1, max-image-preview:large, max-video-preview:-1\" \/>\n<link rel=\"canonical\" href=\"https:\/\/repliquemangacine.fr\/de\/mittelalterliches-schwert-der-templer\/schwert-sir-william-marshal-12-jahrhundert\/\" \/>\n<meta property=\"og:locale\" content=\"de_DE\" \/>\n<meta property=\"og:type\" content=\"article\" \/>\n<meta property=\"og:title\" content=\"Ep\u00e9e Sir William Marshal - Ep\u00e9e de frappe - R\u00e9plique Manga Cin\u00e9\" \/>\n<meta property=\"og:description\" content=\"Offrez-vous ! L&#039;Ep\u00e9e Sir William Marshal au meilleur prix - Lame en acier tremp\u00e9 - Fourreau en cuir - Point d&#039;\u00e9quilibre - Longueur totale : 95.5 cm\" \/>\n<meta property=\"og:url\" content=\"https:\/\/repliquemangacine.fr\/de\/mittelalterliches-schwert-der-templer\/schwert-sir-william-marshal-12-jahrhundert\/\" \/>\n<meta property=\"og:site_name\" content=\"R\u00e9plique Manga Cin\u00e9\" \/>\n<meta property=\"article:publisher\" content=\"https:\/\/www.facebook.com\/RepliqueMangaCine\" \/>\n<meta property=\"article:modified_time\" content=\"2026-04-24T10:08:52+00:00\" \/>\n<meta property=\"og:image\" content=\"https:\/\/repliquemangacine.fr\/wp-content\/uploads\/2023\/10\/2500-Epee-medievale-Sir-William-Marshal-12eme-siecle.jpg\" \/>\n\t<meta property=\"og:image:width\" content=\"600\" \/>\n\t<meta property=\"og:image:height\" content=\"600\" \/>\n\t<meta property=\"og:image:type\" content=\"image\/jpeg\" \/>\n<meta name=\"twitter:card\" content=\"summary_large_image\" \/>\n<meta name=\"twitter:label1\" content=\"Gesch\u00e4tzte Lesezeit\" \/>\n\t<meta name=\"twitter:data1\" content=\"2\u00a0Minuten\" \/>\n<script type=\"application\/ld+json\" class=\"yoast-schema-graph\">{\"@context\":\"https:\\\/\\\/schema.org\",\"@graph\":[{\"@type\":\"WebPage\",\"@id\":\"https:\\\/\\\/repliquemangacine.fr\\\/epee-templier-medievale\\\/epee-sir-william-marshal-12eme-siecle\\\/\",\"url\":\"https:\\\/\\\/repliquemangacine.fr\\\/epee-templier-medievale\\\/epee-sir-william-marshal-12eme-siecle\\\/\",\"name\":\"Ep\u00e9e Sir William Marshal - Ep\u00e9e de frappe - R\u00e9plique Manga Cin\u00e9\",\"isPartOf\":{\"@id\":\"https:\\\/\\\/repliquemangacine.fr\\\/#website\"},\"primaryImageOfPage\":{\"@id\":\"https:\\\/\\\/repliquemangacine.fr\\\/epee-templier-medievale\\\/epee-sir-william-marshal-12eme-siecle\\\/#primaryimage\"},\"image\":{\"@id\":\"https:\\\/\\\/repliquemangacine.fr\\\/epee-templier-medievale\\\/epee-sir-william-marshal-12eme-siecle\\\/#primaryimage\"},\"thumbnailUrl\":\"https:\\\/\\\/repliquemangacine.fr\\\/wp-content\\\/uploads\\\/2023\\\/10\\\/2500-Epee-medievale-Sir-William-Marshal-12eme-siecle.jpg\",\"datePublished\":\"2018-03-24T15:58:45+00:00\",\"dateModified\":\"2026-04-24T10:08:52+00:00\",\"description\":\"Offrez-vous ! L'Ep\u00e9e Sir William Marshal au meilleur prix - Lame en acier tremp\u00e9 - Fourreau en cuir - Point d'\u00e9quilibre - Longueur totale : 95.5 cm\",\"breadcrumb\":{\"@id\":\"https:\\\/\\\/repliquemangacine.fr\\\/epee-templier-medievale\\\/epee-sir-william-marshal-12eme-siecle\\\/#breadcrumb\"},\"inLanguage\":\"de\",\"potentialAction\":[{\"@type\":\"ReadAction\",\"target\":[\"https:\\\/\\\/repliquemangacine.fr\\\/epee-templier-medievale\\\/epee-sir-william-marshal-12eme-siecle\\\/\"]}]},{\"@type\":\"ImageObject\",\"inLanguage\":\"de\",\"@id\":\"https:\\\/\\\/repliquemangacine.fr\\\/epee-templier-medievale\\\/epee-sir-william-marshal-12eme-siecle\\\/#primaryimage\",\"url\":\"https:\\\/\\\/repliquemangacine.fr\\\/wp-content\\\/uploads\\\/2023\\\/10\\\/2500-Epee-medievale-Sir-William-Marshal-12eme-siecle.jpg\",\"contentUrl\":\"https:\\\/\\\/repliquemangacine.fr\\\/wp-content\\\/uploads\\\/2023\\\/10\\\/2500-Epee-medievale-Sir-William-Marshal-12eme-siecle.jpg\",\"width\":600,\"height\":600,\"caption\":\"Ep\u00e9e m\u00e9di\u00e9vale Sir William Marshal 12\u00e8me si\u00e8cle\"},{\"@type\":\"BreadcrumbList\",\"@id\":\"https:\\\/\\\/repliquemangacine.fr\\\/epee-templier-medievale\\\/epee-sir-william-marshal-12eme-siecle\\\/#breadcrumb\",\"itemListElement\":[{\"@type\":\"ListItem\",\"position\":1,\"name\":\"Accueil\",\"item\":\"https:\\\/\\\/repliquemangacine.fr\\\/\"},{\"@type\":\"ListItem\",\"position\":2,\"name\":\"Produits\",\"item\":\"https:\\\/\\\/repliquemangacine.fr\\\/boutique\\\/\"},{\"@type\":\"ListItem\",\"position\":3,\"name\":\"Ep\u00e9e Sir William Marshal 12\u00e8me si\u00e8cle\"}]},{\"@type\":\"WebSite\",\"@id\":\"https:\\\/\\\/repliquemangacine.fr\\\/#website\",\"url\":\"https:\\\/\\\/repliquemangacine.fr\\\/\",\"name\":\"R\u00e9plique Manga Cin\u00e9\",\"description\":\"\",\"publisher\":{\"@id\":\"https:\\\/\\\/repliquemangacine.fr\\\/#organization\"},\"potentialAction\":[{\"@type\":\"SearchAction\",\"target\":{\"@type\":\"EntryPoint\",\"urlTemplate\":\"https:\\\/\\\/repliquemangacine.fr\\\/?s={search_term_string}\"},\"query-input\":{\"@type\":\"PropertyValueSpecification\",\"valueRequired\":true,\"valueName\":\"search_term_string\"}}],\"inLanguage\":\"de\"},{\"@type\":\"Organization\",\"@id\":\"https:\\\/\\\/repliquemangacine.fr\\\/#organization\",\"name\":\"R\u00e9plique Manga Cin\u00e9\",\"url\":\"https:\\\/\\\/repliquemangacine.fr\\\/\",\"logo\":{\"@type\":\"ImageObject\",\"inLanguage\":\"de\",\"@id\":\"https:\\\/\\\/repliquemangacine.fr\\\/#\\\/schema\\\/logo\\\/image\\\/\",\"url\":\"https:\\\/\\\/repliquemangacine.fr\\\/wp-content\\\/uploads\\\/2023\\\/10\\\/RMC-500250.png\",\"contentUrl\":\"https:\\\/\\\/repliquemangacine.fr\\\/wp-content\\\/uploads\\\/2023\\\/10\\\/RMC-500250.png\",\"width\":500,\"height\":250,\"caption\":\"R\u00e9plique Manga Cin\u00e9\"},\"image\":{\"@id\":\"https:\\\/\\\/repliquemangacine.fr\\\/#\\\/schema\\\/logo\\\/image\\\/\"},\"sameAs\":[\"https:\\\/\\\/www.facebook.com\\\/RepliqueMangaCine\",\"https:\\\/\\\/www.instagram.com\\\/repliquemangacine.fr\\\/\"]}]}<\/script>\n<!-- \/ Yoast SEO plugin. -->","yoast_head_json":{"title":"Sir William Marshal Schwert - Schlagschwert - R\u00e9plique Manga Cin\u00e9","description":"Bieten Sie sich an! Das Sir William Marshal Schwert zum besten Preis - Klinge aus geh\u00e4rtetem Stahl - Lederscheide - Balancepunkt - Gesamtl\u00e4nge: 95.5 cm","robots":{"index":"index","follow":"follow","max-snippet":"max-snippet:-1","max-image-preview":"max-image-preview:large","max-video-preview":"max-video-preview:-1"},"canonical":"https:\/\/repliquemangacine.fr\/de\/mittelalterliches-schwert-der-templer\/schwert-sir-william-marshal-12-jahrhundert\/","og_locale":"de_DE","og_type":"article","og_title":"Ep\u00e9e Sir William Marshal - Ep\u00e9e de frappe - R\u00e9plique Manga Cin\u00e9","og_description":"Offrez-vous ! L'Ep\u00e9e Sir William Marshal au meilleur prix - Lame en acier tremp\u00e9 - Fourreau en cuir - Point d'\u00e9quilibre - Longueur totale : 95.5 cm","og_url":"https:\/\/repliquemangacine.fr\/de\/mittelalterliches-schwert-der-templer\/schwert-sir-william-marshal-12-jahrhundert\/","og_site_name":"R\u00e9plique Manga Cin\u00e9","article_publisher":"https:\/\/www.facebook.com\/RepliqueMangaCine","article_modified_time":"2026-04-24T10:08:52+00:00","og_image":[{"width":600,"height":600,"url":"https:\/\/repliquemangacine.fr\/wp-content\/uploads\/2023\/10\/2500-Epee-medievale-Sir-William-Marshal-12eme-siecle.jpg","type":"image\/jpeg"}],"twitter_card":"summary_large_image","twitter_misc":{"Gesch\u00e4tzte Lesezeit":"2\u00a0Minuten"},"schema":{"@context":"https:\/\/schema.org","@graph":[{"@type":"WebPage","@id":"https:\/\/repliquemangacine.fr\/epee-templier-medievale\/epee-sir-william-marshal-12eme-siecle\/","url":"https:\/\/repliquemangacine.fr\/epee-templier-medievale\/epee-sir-william-marshal-12eme-siecle\/","name":"Sir William Marshal Schwert - Schlagschwert - R\u00e9plique Manga Cin\u00e9","isPartOf":{"@id":"https:\/\/repliquemangacine.fr\/#website"},"primaryImageOfPage":{"@id":"https:\/\/repliquemangacine.fr\/epee-templier-medievale\/epee-sir-william-marshal-12eme-siecle\/#primaryimage"},"image":{"@id":"https:\/\/repliquemangacine.fr\/epee-templier-medievale\/epee-sir-william-marshal-12eme-siecle\/#primaryimage"},"thumbnailUrl":"https:\/\/repliquemangacine.fr\/wp-content\/uploads\/2023\/10\/2500-Epee-medievale-Sir-William-Marshal-12eme-siecle.jpg","datePublished":"2018-03-24T15:58:45+00:00","dateModified":"2026-04-24T10:08:52+00:00","description":"Bieten Sie sich an! Das Sir William Marshal Schwert zum besten Preis - Klinge aus geh\u00e4rtetem Stahl - Lederscheide - Balancepunkt - Gesamtl\u00e4nge: 95.5 cm","breadcrumb":{"@id":"https:\/\/repliquemangacine.fr\/epee-templier-medievale\/epee-sir-william-marshal-12eme-siecle\/#breadcrumb"},"inLanguage":"de","potentialAction":[{"@type":"ReadAction","target":["https:\/\/repliquemangacine.fr\/epee-templier-medievale\/epee-sir-william-marshal-12eme-siecle\/"]}]},{"@type":"ImageObject","inLanguage":"de","@id":"https:\/\/repliquemangacine.fr\/epee-templier-medievale\/epee-sir-william-marshal-12eme-siecle\/#primaryimage","url":"https:\/\/repliquemangacine.fr\/wp-content\/uploads\/2023\/10\/2500-Epee-medievale-Sir-William-Marshal-12eme-siecle.jpg","contentUrl":"https:\/\/repliquemangacine.fr\/wp-content\/uploads\/2023\/10\/2500-Epee-medievale-Sir-William-Marshal-12eme-siecle.jpg","width":600,"height":600,"caption":"Ep\u00e9e m\u00e9di\u00e9vale Sir William Marshal 12\u00e8me si\u00e8cle"},{"@type":"BreadcrumbList","@id":"https:\/\/repliquemangacine.fr\/epee-templier-medievale\/epee-sir-william-marshal-12eme-siecle\/#breadcrumb","itemListElement":[{"@type":"ListItem","position":1,"name":"Accueil","item":"https:\/\/repliquemangacine.fr\/"},{"@type":"ListItem","position":2,"name":"Produits","item":"https:\/\/repliquemangacine.fr\/boutique\/"},{"@type":"ListItem","position":3,"name":"Ep\u00e9e Sir William Marshal 12\u00e8me si\u00e8cle"}]},{"@type":"WebSite","@id":"https:\/\/repliquemangacine.fr\/#website","url":"https:\/\/repliquemangacine.fr\/","name":"R\u00e9plique Manga Cin\u00e9","description":"","publisher":{"@id":"https:\/\/repliquemangacine.fr\/#organization"},"potentialAction":[{"@type":"SearchAction","target":{"@type":"EntryPoint","urlTemplate":"https:\/\/repliquemangacine.fr\/?s={search_term_string}"},"query-input":{"@type":"PropertyValueSpecification","valueRequired":true,"valueName":"search_term_string"}}],"inLanguage":"de"},{"@type":"Organization","@id":"https:\/\/repliquemangacine.fr\/#organization","name":"R\u00e9plique Manga Cin\u00e9","url":"https:\/\/repliquemangacine.fr\/","logo":{"@type":"ImageObject","inLanguage":"de","@id":"https:\/\/repliquemangacine.fr\/#\/schema\/logo\/image\/","url":"https:\/\/repliquemangacine.fr\/wp-content\/uploads\/2023\/10\/RMC-500250.png","contentUrl":"https:\/\/repliquemangacine.fr\/wp-content\/uploads\/2023\/10\/RMC-500250.png","width":500,"height":250,"caption":"R\u00e9plique Manga Cin\u00e9"},"image":{"@id":"https:\/\/repliquemangacine.fr\/#\/schema\/logo\/image\/"},"sameAs":["https:\/\/www.facebook.com\/RepliqueMangaCine","https:\/\/www.instagram.com\/repliquemangacine.fr\/"]}]}},"_links":{"self":[{"href":"https:\/\/repliquemangacine.fr\/de\/wp-json\/wp\/v2\/product\/27741","targetHints":{"allow":["GET"]}}],"collection":[{"href":"https:\/\/repliquemangacine.fr\/de\/wp-json\/wp\/v2\/product"}],"about":[{"href":"https:\/\/repliquemangacine.fr\/de\/wp-json\/wp\/v2\/types\/product"}],"wp:featuredmedia":[{"embeddable":true,"href":"https:\/\/repliquemangacine.fr\/de\/wp-json\/wp\/v2\/media\/27742"}],"wp:attachment":[{"href":"https:\/\/repliquemangacine.fr\/de\/wp-json\/wp\/v2\/media?parent=27741"}],"wp:term":[{"taxonomy":"product_brand","embeddable":true,"href":"https:\/\/repliquemangacine.fr\/de\/wp-json\/wp\/v2\/product_brand?post=27741"},{"taxonomy":"product_cat","embeddable":true,"href":"https:\/\/repliquemangacine.fr\/de\/wp-json\/wp\/v2\/product_cat?post=27741"},{"taxonomy":"product_tag","embeddable":true,"href":"https:\/\/repliquemangacine.fr\/de\/wp-json\/wp\/v2\/product_tag?post=27741"}],"curies":[{"name":"wp","href":"https:\/\/api.w.org\/{rel}","templated":true}]}}