





{"id":27734,"date":"2018-03-24T14:53:51","date_gmt":"2018-03-24T13:53:51","guid":{"rendered":"https:\/\/repliquemangacine.fr\/?post_type=product&#038;p=27734"},"modified":"2025-09-23T18:01:59","modified_gmt":"2025-09-23T16:01:59","slug":"normannisches-kampfschwert-ulfberht","status":"publish","type":"product","link":"https:\/\/repliquemangacine.fr\/de\/epee-templier-medievale\/epee-normande-de-combat-ulfberht\/","title":{"rendered":"Normannisches Kampfschwert"},"content":{"rendered":"<h2>Geschmiedetes Normannisches Schwert Ulfberht<\/h2>\n<p>Zu Beginn dieser <strong>Geschmiedetes Normannisches Schwert Ulfberht<\/strong>, steht in der Tradition dieser Art von Schwertern. Die Klinge hat eine charakteristische Hohlkehle, die sowohl Flexibilit\u00e4t als auch ein geringeres Gewicht bietet. Abgestumpfte Kanten und abgerundete Spitze f\u00fcr mehr Sicherheit.<\/p>\n<p>Es ist zu betonen, dass jedes unserer normannischen Einhandschwerter sorgf\u00e4ltig von Hand gefertigt wird. Typologisch gesehen handelt es sich bei dem Schwert eindeutig um ein <a href=\"https:\/\/fr.wikipedia.org\/wiki\/Classification_d'Oakeshott\" target=\"_blank\" rel=\"noopener noreferrer\">Oakshott<\/a> Typ X.<\/p>\n<p>Zusammenfassend l\u00e4sst sich sagen, dass Ulfberht die moderne Schreibweise des Namens eines Wikingerschwertmodells ist, das in Skandinavien in den Jahren 800 bis 1000 verwendet wurde. Es wurde aus einem Stahl geschmiedet, dessen Qualit\u00e4t vor der industriellen Revolution in Europa nicht reproduziert werden konnte. \u00dcber die Herstellung der Ulfberht-Schwerter sind \u00fcbrigens nur wenige Informationen verf\u00fcgbar.<\/p>\n<h2>Ihr geschmiedetes Normannisches Schwert Ulfberht zum besten Preis.<\/h2>\n<p>Wir bieten Ihnen eine gro\u00dfe Auswahl an Repliken aus dem Mittelalter.<\/p>\n<p>Zun\u00e4chst einmal,<\/p>\n<ul>\n<li>L'<a href=\"https:\/\/repliquemangacine.fr\/de\/historische-waffen\/schlagschwert-mittelalterliches-kampfschwert\/\">mittelalterliches Kampfschwert<\/a> mit seiner breiten Klinge mit Hohlkehle.<\/li>\n<li>Sowie die<a href=\"https:\/\/repliquemangacine.fr\/de\/mittelalterliches-schwert\/mittelalterliches-practical-schwert-kampfschwert\/\">mittelalterliches Schlagschwert<\/a> einh\u00e4ndig.<\/li>\n<li>Und noch viel mehr gibt es in unserem Online-Shop zu entdecken!<\/li>\n<\/ul>\n<p>Deshalb ist dies eine tolle Geschenkidee f\u00fcr alle, die sich f\u00fcr die Zeit des Mittelalters begeistern.<\/p>\n<p>Abschlie\u00dfend k\u00f6nnen Sie auch den<strong>Geschmiedetes Normannisches Schwert Ulfberht<\/strong> f\u00fcr Ihre historischen Rekonstruktionen und Darstellungen. Vor allem aber ist dieses Schwert auch ein Sammler- und Dekorationsst\u00fcck<\/p>\n<p>R\u00e9plique Manga Cin\u00e9 ist ein franz\u00f6sisches Familienunternehmen.<\/p>\n<h2>Wie pflegt man die Klinge seines mittelalterlichen Schwertes?<\/h2>\n<p>Sammel- und Dekorationsschwerter, die auf vereinfachte Weise hergestellt und zusammengesetzt werden. Da sie zu Dekorationszwecken verwendet werden, verf\u00fcgen sie nicht \u00fcber die Sicherheitsmerkmale, die f\u00fcr ein japanisches Schwert zum Training erforderlich sind.<\/p>\n<p>Allerdings ist Ihr <strong>Geschmiedetes Normannisches Schwert Ulfberht<\/strong> zu einer Stahlklinge, die gepflegt werden muss, damit sie nicht mit der Zeit abgenutzt wird. Wenn du dein Schwert n\u00e4mlich ausstellst, werden deine Freunde neugierig sein, die Klinge zu sehen und sie zu ber\u00fchren. Hier ist Vorsicht geboten, denn Sie sollten wissen, dass die S\u00e4ure der Finger dem Stahl unabh\u00e4ngig von seiner Qualit\u00e4t sehr schadet.<\/p>\n<p>Wenn dies jedoch passiert, keine Panik, Sie brauchen nur ein Tuch, das mit etwas \u00d6l befeuchtet ist, und wischen die Fingerabdr\u00fccke ab. Wenn Sie dies tun, werden Sie Ihr Schwert sehr lange behalten.<\/p>","protected":false},"excerpt":{"rendered":"<p>Typologisch ist das Schwert eindeutig ein Oakshott Type X.  Griff: No. 6, Knauf: Type A<\/p>\n<ul>\n<li>Die handgeschmiedete Klinge aus Stahl ist geh\u00e4rtet und hat eine Rockwell-H\u00e4rte von ca. 50 HRC.<\/li>\n<li>Geschmiedet und mit dem Knauf geh\u00e4mmert.<\/li>\n<li>Mit echtem Leder umwickelter Griff.<\/li>\n<li>Geschmiedeter Griff aus weichem Stahl.<\/li>\n<li>Die Kanten sind stumpf und die Spitze abgerundet, um die Sicherheit zu erh\u00f6hen.<\/li>\n<li>Gleichgewichtspunkt: ca. 14,5 cm vom Sorgerecht.<\/li>\n<li>L\u00e4nge der Klinge: 74,7 cm - Gesamtl\u00e4nge: 91 cm - Gewicht: 950 Grs<\/li>\n<li>Dies ist ein Originalprodukt von ULFBERTH\u00ae.<\/li>\n<\/ul>","protected":false},"featured_media":27735,"template":"","meta":[],"product_brand":[896],"product_cat":[25,84,43],"product_tag":[],"class_list":{"0":"post-27734","1":"product","2":"type-product","3":"status-publish","4":"has-post-thumbnail","6":"product_brand-replique-manga-cine","7":"product_cat-armes-historiques","8":"product_cat-epee-templier-medievale","9":"product_cat-reproductions-d-armes-et-accessoires-medievales","11":"first","12":"instock","13":"taxable","14":"shipping-taxable","15":"purchasable","16":"product-type-simple"},"yoast_head":"<!-- This site is optimized with the Yoast SEO plugin v27.5 - https:\/\/yoast.com\/product\/yoast-seo-wordpress\/ -->\n<title>Ep\u00e9e Normande forg\u00e9e Ulfberht - R\u00e9plique Manga Cin\u00e9<\/title>\n<meta name=\"description\" content=\"Pr\u00eat pour le combat ! Superbe Ep\u00e9e Normande forg\u00e9e Ulfberht au meilleur prix - Lame en acier forg\u00e9 et tremp\u00e9 - Poign\u00e9e cuir - Longueur totale : 91 cm\" \/>\n<meta name=\"robots\" content=\"index, follow, max-snippet:-1, max-image-preview:large, max-video-preview:-1\" \/>\n<link rel=\"canonical\" href=\"https:\/\/repliquemangacine.fr\/de\/mittelalterliches-schwert-der-templer\/normannisches-kampfschwert-ulfberht\/\" \/>\n<meta property=\"og:locale\" content=\"de_DE\" \/>\n<meta property=\"og:type\" content=\"article\" \/>\n<meta property=\"og:title\" content=\"Ep\u00e9e Normande forg\u00e9e Ulfberht - R\u00e9plique Manga Cin\u00e9\" \/>\n<meta property=\"og:description\" content=\"Pr\u00eat pour le combat ! Superbe Ep\u00e9e Normande forg\u00e9e Ulfberht au meilleur prix - Lame en acier forg\u00e9 et tremp\u00e9 - Poign\u00e9e cuir - Longueur totale : 91 cm\" \/>\n<meta property=\"og:url\" content=\"https:\/\/repliquemangacine.fr\/de\/mittelalterliches-schwert-der-templer\/normannisches-kampfschwert-ulfberht\/\" \/>\n<meta property=\"og:site_name\" content=\"R\u00e9plique Manga Cin\u00e9\" \/>\n<meta property=\"article:publisher\" content=\"https:\/\/www.facebook.com\/RepliqueMangaCine\" \/>\n<meta property=\"article:modified_time\" content=\"2025-09-23T16:01:59+00:00\" \/>\n<meta property=\"og:image\" content=\"https:\/\/repliquemangacine.fr\/wp-content\/uploads\/2023\/10\/2494-Epee-de-frappe-a-une-main-Normand.jpg\" \/>\n\t<meta property=\"og:image:width\" content=\"600\" \/>\n\t<meta property=\"og:image:height\" content=\"600\" \/>\n\t<meta property=\"og:image:type\" content=\"image\/jpeg\" \/>\n<meta name=\"twitter:card\" content=\"summary_large_image\" \/>\n<meta name=\"twitter:label1\" content=\"Gesch\u00e4tzte Lesezeit\" \/>\n\t<meta name=\"twitter:data1\" content=\"2\u00a0Minuten\" \/>\n<script type=\"application\/ld+json\" class=\"yoast-schema-graph\">{\"@context\":\"https:\\\/\\\/schema.org\",\"@graph\":[{\"@type\":\"WebPage\",\"@id\":\"https:\\\/\\\/repliquemangacine.fr\\\/de\\\/mittelalterliches-schwert-der-templer\\\/normannisches-kampfschwert-ulfberht\\\/\",\"url\":\"https:\\\/\\\/repliquemangacine.fr\\\/de\\\/mittelalterliches-schwert-der-templer\\\/normannisches-kampfschwert-ulfberht\\\/\",\"name\":\"Ep\u00e9e Normande forg\u00e9e Ulfberht - R\u00e9plique Manga Cin\u00e9\",\"isPartOf\":{\"@id\":\"https:\\\/\\\/repliquemangacine.fr\\\/#website\"},\"primaryImageOfPage\":{\"@id\":\"https:\\\/\\\/repliquemangacine.fr\\\/de\\\/mittelalterliches-schwert-der-templer\\\/normannisches-kampfschwert-ulfberht\\\/#primaryimage\"},\"image\":{\"@id\":\"https:\\\/\\\/repliquemangacine.fr\\\/de\\\/mittelalterliches-schwert-der-templer\\\/normannisches-kampfschwert-ulfberht\\\/#primaryimage\"},\"thumbnailUrl\":\"https:\\\/\\\/repliquemangacine.fr\\\/wp-content\\\/uploads\\\/2023\\\/10\\\/2494-Epee-de-frappe-a-une-main-Normand.jpg\",\"datePublished\":\"2018-03-24T13:53:51+00:00\",\"dateModified\":\"2025-09-23T16:01:59+00:00\",\"description\":\"Pr\u00eat pour le combat ! Superbe Ep\u00e9e Normande forg\u00e9e Ulfberht au meilleur prix - Lame en acier forg\u00e9 et tremp\u00e9 - Poign\u00e9e cuir - Longueur totale : 91 cm\",\"breadcrumb\":{\"@id\":\"https:\\\/\\\/repliquemangacine.fr\\\/de\\\/mittelalterliches-schwert-der-templer\\\/normannisches-kampfschwert-ulfberht\\\/#breadcrumb\"},\"inLanguage\":\"de\",\"potentialAction\":[{\"@type\":\"ReadAction\",\"target\":[\"https:\\\/\\\/repliquemangacine.fr\\\/de\\\/mittelalterliches-schwert-der-templer\\\/normannisches-kampfschwert-ulfberht\\\/\"]}]},{\"@type\":\"ImageObject\",\"inLanguage\":\"de\",\"@id\":\"https:\\\/\\\/repliquemangacine.fr\\\/de\\\/mittelalterliches-schwert-der-templer\\\/normannisches-kampfschwert-ulfberht\\\/#primaryimage\",\"url\":\"https:\\\/\\\/repliquemangacine.fr\\\/wp-content\\\/uploads\\\/2023\\\/10\\\/2494-Epee-de-frappe-a-une-main-Normand.jpg\",\"contentUrl\":\"https:\\\/\\\/repliquemangacine.fr\\\/wp-content\\\/uploads\\\/2023\\\/10\\\/2494-Epee-de-frappe-a-une-main-Normand.jpg\",\"width\":600,\"height\":600,\"caption\":\"Ep\u00e9e Normande forg\u00e9e Ulfberht\"},{\"@type\":\"BreadcrumbList\",\"@id\":\"https:\\\/\\\/repliquemangacine.fr\\\/de\\\/mittelalterliches-schwert-der-templer\\\/normannisches-kampfschwert-ulfberht\\\/#breadcrumb\",\"itemListElement\":[{\"@type\":\"ListItem\",\"position\":1,\"name\":\"Accueil\",\"item\":\"https:\\\/\\\/repliquemangacine.fr\\\/\"},{\"@type\":\"ListItem\",\"position\":2,\"name\":\"Produits\",\"item\":\"https:\\\/\\\/repliquemangacine.fr\\\/boutique\\\/\"},{\"@type\":\"ListItem\",\"position\":3,\"name\":\"Ep\u00e9e Normande de combat\"}]},{\"@type\":\"WebSite\",\"@id\":\"https:\\\/\\\/repliquemangacine.fr\\\/#website\",\"url\":\"https:\\\/\\\/repliquemangacine.fr\\\/\",\"name\":\"R\u00e9plique Manga Cin\u00e9\",\"description\":\"\",\"publisher\":{\"@id\":\"https:\\\/\\\/repliquemangacine.fr\\\/#organization\"},\"potentialAction\":[{\"@type\":\"SearchAction\",\"target\":{\"@type\":\"EntryPoint\",\"urlTemplate\":\"https:\\\/\\\/repliquemangacine.fr\\\/?s={search_term_string}\"},\"query-input\":{\"@type\":\"PropertyValueSpecification\",\"valueRequired\":true,\"valueName\":\"search_term_string\"}}],\"inLanguage\":\"de\"},{\"@type\":\"Organization\",\"@id\":\"https:\\\/\\\/repliquemangacine.fr\\\/#organization\",\"name\":\"R\u00e9plique Manga Cin\u00e9\",\"url\":\"https:\\\/\\\/repliquemangacine.fr\\\/\",\"logo\":{\"@type\":\"ImageObject\",\"inLanguage\":\"de\",\"@id\":\"https:\\\/\\\/repliquemangacine.fr\\\/#\\\/schema\\\/logo\\\/image\\\/\",\"url\":\"https:\\\/\\\/repliquemangacine.fr\\\/wp-content\\\/uploads\\\/2023\\\/10\\\/RMC-500250.png\",\"contentUrl\":\"https:\\\/\\\/repliquemangacine.fr\\\/wp-content\\\/uploads\\\/2023\\\/10\\\/RMC-500250.png\",\"width\":500,\"height\":250,\"caption\":\"R\u00e9plique Manga Cin\u00e9\"},\"image\":{\"@id\":\"https:\\\/\\\/repliquemangacine.fr\\\/#\\\/schema\\\/logo\\\/image\\\/\"},\"sameAs\":[\"https:\\\/\\\/www.facebook.com\\\/RepliqueMangaCine\",\"https:\\\/\\\/www.instagram.com\\\/repliquemangacine.fr\\\/\"]}]}<\/script>\n<!-- \/ Yoast SEO plugin. -->","yoast_head_json":{"title":"Geschmiedeter Normannischer Degen Ulfberht - R\u00e9plique Manga Cin\u00e9","description":"Bereit f\u00fcr den Kampf! Wundersch\u00f6nes geschmiedetes Normannisches Schwert Ulfberht zum besten Preis - Klinge aus geschmiedetem und geh\u00e4rtetem Stahl - Ledergriff - Gesamtl\u00e4nge: 91 cm","robots":{"index":"index","follow":"follow","max-snippet":"max-snippet:-1","max-image-preview":"max-image-preview:large","max-video-preview":"max-video-preview:-1"},"canonical":"https:\/\/repliquemangacine.fr\/de\/mittelalterliches-schwert-der-templer\/normannisches-kampfschwert-ulfberht\/","og_locale":"de_DE","og_type":"article","og_title":"Ep\u00e9e Normande forg\u00e9e Ulfberht - R\u00e9plique Manga Cin\u00e9","og_description":"Pr\u00eat pour le combat ! Superbe Ep\u00e9e Normande forg\u00e9e Ulfberht au meilleur prix - Lame en acier forg\u00e9 et tremp\u00e9 - Poign\u00e9e cuir - Longueur totale : 91 cm","og_url":"https:\/\/repliquemangacine.fr\/de\/mittelalterliches-schwert-der-templer\/normannisches-kampfschwert-ulfberht\/","og_site_name":"R\u00e9plique Manga Cin\u00e9","article_publisher":"https:\/\/www.facebook.com\/RepliqueMangaCine","article_modified_time":"2025-09-23T16:01:59+00:00","og_image":[{"width":600,"height":600,"url":"https:\/\/repliquemangacine.fr\/wp-content\/uploads\/2023\/10\/2494-Epee-de-frappe-a-une-main-Normand.jpg","type":"image\/jpeg"}],"twitter_card":"summary_large_image","twitter_misc":{"Gesch\u00e4tzte Lesezeit":"2\u00a0Minuten"},"schema":{"@context":"https:\/\/schema.org","@graph":[{"@type":"WebPage","@id":"https:\/\/repliquemangacine.fr\/de\/mittelalterliches-schwert-der-templer\/normannisches-kampfschwert-ulfberht\/","url":"https:\/\/repliquemangacine.fr\/de\/mittelalterliches-schwert-der-templer\/normannisches-kampfschwert-ulfberht\/","name":"Geschmiedeter Normannischer Degen Ulfberht - R\u00e9plique Manga Cin\u00e9","isPartOf":{"@id":"https:\/\/repliquemangacine.fr\/#website"},"primaryImageOfPage":{"@id":"https:\/\/repliquemangacine.fr\/de\/mittelalterliches-schwert-der-templer\/normannisches-kampfschwert-ulfberht\/#primaryimage"},"image":{"@id":"https:\/\/repliquemangacine.fr\/de\/mittelalterliches-schwert-der-templer\/normannisches-kampfschwert-ulfberht\/#primaryimage"},"thumbnailUrl":"https:\/\/repliquemangacine.fr\/wp-content\/uploads\/2023\/10\/2494-Epee-de-frappe-a-une-main-Normand.jpg","datePublished":"2018-03-24T13:53:51+00:00","dateModified":"2025-09-23T16:01:59+00:00","description":"Bereit f\u00fcr den Kampf! Wundersch\u00f6nes geschmiedetes Normannisches Schwert Ulfberht zum besten Preis - Klinge aus geschmiedetem und geh\u00e4rtetem Stahl - Ledergriff - Gesamtl\u00e4nge: 91 cm","breadcrumb":{"@id":"https:\/\/repliquemangacine.fr\/de\/mittelalterliches-schwert-der-templer\/normannisches-kampfschwert-ulfberht\/#breadcrumb"},"inLanguage":"de","potentialAction":[{"@type":"ReadAction","target":["https:\/\/repliquemangacine.fr\/de\/mittelalterliches-schwert-der-templer\/normannisches-kampfschwert-ulfberht\/"]}]},{"@type":"ImageObject","inLanguage":"de","@id":"https:\/\/repliquemangacine.fr\/de\/mittelalterliches-schwert-der-templer\/normannisches-kampfschwert-ulfberht\/#primaryimage","url":"https:\/\/repliquemangacine.fr\/wp-content\/uploads\/2023\/10\/2494-Epee-de-frappe-a-une-main-Normand.jpg","contentUrl":"https:\/\/repliquemangacine.fr\/wp-content\/uploads\/2023\/10\/2494-Epee-de-frappe-a-une-main-Normand.jpg","width":600,"height":600,"caption":"Ep\u00e9e Normande forg\u00e9e Ulfberht"},{"@type":"BreadcrumbList","@id":"https:\/\/repliquemangacine.fr\/de\/mittelalterliches-schwert-der-templer\/normannisches-kampfschwert-ulfberht\/#breadcrumb","itemListElement":[{"@type":"ListItem","position":1,"name":"Accueil","item":"https:\/\/repliquemangacine.fr\/"},{"@type":"ListItem","position":2,"name":"Produits","item":"https:\/\/repliquemangacine.fr\/boutique\/"},{"@type":"ListItem","position":3,"name":"Ep\u00e9e Normande de combat"}]},{"@type":"WebSite","@id":"https:\/\/repliquemangacine.fr\/#website","url":"https:\/\/repliquemangacine.fr\/","name":"R\u00e9plique Manga Cin\u00e9","description":"","publisher":{"@id":"https:\/\/repliquemangacine.fr\/#organization"},"potentialAction":[{"@type":"SearchAction","target":{"@type":"EntryPoint","urlTemplate":"https:\/\/repliquemangacine.fr\/?s={search_term_string}"},"query-input":{"@type":"PropertyValueSpecification","valueRequired":true,"valueName":"search_term_string"}}],"inLanguage":"de"},{"@type":"Organization","@id":"https:\/\/repliquemangacine.fr\/#organization","name":"R\u00e9plique Manga Cin\u00e9","url":"https:\/\/repliquemangacine.fr\/","logo":{"@type":"ImageObject","inLanguage":"de","@id":"https:\/\/repliquemangacine.fr\/#\/schema\/logo\/image\/","url":"https:\/\/repliquemangacine.fr\/wp-content\/uploads\/2023\/10\/RMC-500250.png","contentUrl":"https:\/\/repliquemangacine.fr\/wp-content\/uploads\/2023\/10\/RMC-500250.png","width":500,"height":250,"caption":"R\u00e9plique Manga Cin\u00e9"},"image":{"@id":"https:\/\/repliquemangacine.fr\/#\/schema\/logo\/image\/"},"sameAs":["https:\/\/www.facebook.com\/RepliqueMangaCine","https:\/\/www.instagram.com\/repliquemangacine.fr\/"]}]}},"_links":{"self":[{"href":"https:\/\/repliquemangacine.fr\/de\/wp-json\/wp\/v2\/product\/27734","targetHints":{"allow":["GET"]}}],"collection":[{"href":"https:\/\/repliquemangacine.fr\/de\/wp-json\/wp\/v2\/product"}],"about":[{"href":"https:\/\/repliquemangacine.fr\/de\/wp-json\/wp\/v2\/types\/product"}],"wp:featuredmedia":[{"embeddable":true,"href":"https:\/\/repliquemangacine.fr\/de\/wp-json\/wp\/v2\/media\/27735"}],"wp:attachment":[{"href":"https:\/\/repliquemangacine.fr\/de\/wp-json\/wp\/v2\/media?parent=27734"}],"wp:term":[{"taxonomy":"product_brand","embeddable":true,"href":"https:\/\/repliquemangacine.fr\/de\/wp-json\/wp\/v2\/product_brand?post=27734"},{"taxonomy":"product_cat","embeddable":true,"href":"https:\/\/repliquemangacine.fr\/de\/wp-json\/wp\/v2\/product_cat?post=27734"},{"taxonomy":"product_tag","embeddable":true,"href":"https:\/\/repliquemangacine.fr\/de\/wp-json\/wp\/v2\/product_tag?post=27734"}],"curies":[{"name":"wp","href":"https:\/\/api.w.org\/{rel}","templated":true}]}}