





{"id":27724,"date":"2018-03-22T18:11:37","date_gmt":"2018-03-22T17:11:37","guid":{"rendered":"https:\/\/repliquemangacine.fr\/?post_type=product&#038;p=27724"},"modified":"2025-09-23T18:01:59","modified_gmt":"2025-09-23T16:01:59","slug":"wikingerschwert-kampfpraktikum","status":"publish","type":"product","link":"https:\/\/repliquemangacine.fr\/de\/epees-serie-tv-vikings\/epee-viking-practical-de-combat\/","title":{"rendered":"Practical Viking Schwert"},"content":{"rendered":"<h2>Wikinger-Kampfschwert der Kategorie SK-C<\/h2>\n<p>Zu Beginn dieser <strong>Wikinger-Kampfschwert<\/strong> Die Kategorie SK-C bietet Anf\u00e4ngern im Reenactment eine erschwingliche, aber dennoch sichere M\u00f6glichkeit, ein eigenes Schwert zu besitzen und die ersten Grund\u00fcbungen durchzuf\u00fchren.<\/p>\n<p>\u00dcber 100 Jahre lang f\u00fchrten die Wikinger zahlreiche m\u00f6rderische Raubz\u00fcge in Frankreich durch. Diese aus Norwegen stammenden Krieger errangen zahlreiche Siege. Sie konnten sich sogar dauerhaft in der Normandie niederlassen.<\/p>\n<p>Die Wikinger sind hervorragende Seefahrer und dringen im Jahr 844 auch bis zur Iberischen Halbinsel vor. Die Wikinger dringen \u00fcber die Stra\u00dfe von Gibraltar in das Mittelmeer ein.<\/p>\n<p>Die Wikinger, die als furchterregende Krieger bekannt sind, haben es nie geschafft, eine richtige Armee zu bilden. Ihre r\u00e4uberische Taktik kann nicht auf eine milit\u00e4rische Kunst zur\u00fcckgef\u00fchrt werden, die sie nicht beherrschten.<\/p>\n<h2>Ihr Wikinger-Kampfschwert zum besten Preis.<\/h2>\n<p>Wir bieten Ihnen eine gro\u00dfe Auswahl an Schwertern sowie Helmen und Schilden aus der Wikingerzeit.<\/p>\n<p>Zun\u00e4chst einmal,<\/p>\n<ul>\n<li>diese <a href=\"https:\/\/repliquemangacine.fr\/de\/viking\/wikingerschwert-hedeby-9-jahrhundert\/\">Wikingerschwert Hedeby<\/a> nach einem arch\u00e4ologischen Fund rekonstruiert.<\/li>\n<li>Es gibt auch das Schwert<a href=\"https:\/\/repliquemangacine.fr\/de\/viking\/wikingerschwert-torshov-9-10-jahrhundert-practical\/\"> Wikinger Torshov<\/a> basierend auf einer Entdeckung in Torshov.<\/li>\n<li>Und viele andere mehr!<\/li>\n<li>Wenn Sie ein Armband, einen Ring oder sogar ein Tattoo suchen, gehen Sie auf Entdeckungsreise im Partnershop <a href=\"https:\/\/www.viking-clan.com\/\" target=\"_blank\" rel=\"noopener noreferrer\">Viking Clan<\/a>.<\/li>\n<\/ul>\n<p>Deshalb ist dies eine tolle Geschenkidee f\u00fcr Fans der ber\u00fchmten Vikings-Reihe.<\/p>\n<p>Schlie\u00dflich k\u00f6nnen Sie dieses Schwert auch f\u00fcr Ihre Cosplay-Paraden oder historische Reenactments verwenden. Vor allem aber ist das<strong>Wikinger-Kampfschwert<\/strong>Das ist ein Sammlerst\u00fcck und dient als Dekoration f\u00fcr Nichtkombattanten.<\/p>\n<h2>Wie pflegt man die Klinge seines Schwertes?<\/h2>\n<p>Sammlungs- und Dekorationsschwerter werden in vereinfachter Form hergestellt und zusammengebaut. Da sie zu Dekorationszwecken verwendet werden, fehlen ihnen die Sicherheitselemente, die ein japanisches Schwert f\u00fcr Trainingszwecke aufweisen muss.<\/p>\n<p>Allerdings ist Ihr <strong>Wikinger-Kampfschwert<\/strong> zu einer Stahlklinge, die gepflegt werden muss, damit sie nicht mit der Zeit abgenutzt wird. Denn wenn du dein Katana ausstellst, werden deine Freunde neugierig sein, die Klinge zu sehen und sie zu ber\u00fchren. Hier ist Vorsicht geboten, denn Sie sollten wissen, dass die S\u00e4ure der Finger dem Stahl unabh\u00e4ngig von seiner Qualit\u00e4t sehr schadet.<\/p>\n<p>Wenn dies jedoch passiert, keine Panik, Sie brauchen nur ein Tuch, das mit etwas \u00d6l befeuchtet ist, und wischen die Fingerabdr\u00fccke ab. Wenn Sie dies tun, werden Sie Ihr Schwert sehr lange behalten.<\/p>","protected":false},"excerpt":{"rendered":"<p>Schwert f\u00fcr Anf\u00e4nger im Kampftraining.<\/p>\n<ul>\n<li>Geschmiedete, stumpfe Klinge aus Kohlenstoffstahl.<\/li>\n<li>Garde und Knauf aus Karbonstahl gefertigt.<\/li>\n<li>Mit schwarzem Leder \u00fcberzogener Griff.<\/li>\n<li>Gesamtl\u00e4nge:81 cm - Klingenl\u00e4nge: 65 cm - Balancepunkt: 12 cm vom Schutzschild<\/li>\n<\/ul>\n<p>&nbsp;<\/p>","protected":false},"featured_media":27725,"template":"","meta":[],"product_brand":[896],"product_cat":[25,84,112,24,43,103,57],"product_tag":[],"class_list":{"0":"post-27724","1":"product","2":"type-product","3":"status-publish","4":"has-post-thumbnail","6":"product_brand-replique-manga-cine","7":"product_cat-armes-historiques","8":"product_cat-epee-templier-medievale","9":"product_cat-epees-serie-tv-vikings","10":"product_cat-films-series-tv-vente-de-katana-epee-et-produits-derives","11":"product_cat-reproductions-d-armes-et-accessoires-medievales","12":"product_cat-armes-et-accessoires-vikings","13":"product_cat-armes-vikings","15":"first","16":"instock","17":"taxable","18":"shipping-taxable","19":"purchasable","20":"product-type-simple"},"yoast_head":"<!-- This site is optimized with the Yoast SEO plugin v27.5 - https:\/\/yoast.com\/product\/yoast-seo-wordpress\/ -->\n<title>Ep\u00e9e de combat Viking - Vente en ligne d&#039;Ep\u00e9es Vikings | RMC<\/title>\n<meta name=\"description\" content=\"En exclusivit\u00e9 ! Cette superbe Ep\u00e9e de combat Viking pour d\u00e9butant au meilleur prix. Lame \u00e9mouss\u00e9e en acier forg\u00e9 main - Poign\u00e9e en cuir - Longueur : 81 cm\" \/>\n<meta name=\"robots\" content=\"index, follow, max-snippet:-1, max-image-preview:large, max-video-preview:-1\" \/>\n<link rel=\"canonical\" href=\"https:\/\/repliquemangacine.fr\/de\/schwerter-tv-serie-vikings\/wikingerschwert-kampfpraktikum\/\" \/>\n<meta property=\"og:locale\" content=\"de_DE\" \/>\n<meta property=\"og:type\" content=\"article\" \/>\n<meta property=\"og:title\" content=\"Ep\u00e9e de combat Viking - Vente en ligne d&#039;Ep\u00e9es Vikings | RMC\" \/>\n<meta property=\"og:description\" content=\"En exclusivit\u00e9 ! Cette superbe Ep\u00e9e de combat Viking pour d\u00e9butant au meilleur prix. Lame \u00e9mouss\u00e9e en acier forg\u00e9 main - Poign\u00e9e en cuir - Longueur : 81 cm\" \/>\n<meta property=\"og:url\" content=\"https:\/\/repliquemangacine.fr\/de\/schwerter-tv-serie-vikings\/wikingerschwert-kampfpraktikum\/\" \/>\n<meta property=\"og:site_name\" content=\"R\u00e9plique Manga Cin\u00e9\" \/>\n<meta property=\"article:publisher\" content=\"https:\/\/www.facebook.com\/RepliqueMangaCine\" \/>\n<meta property=\"article:modified_time\" content=\"2025-09-23T16:01:59+00:00\" \/>\n<meta property=\"og:image\" content=\"https:\/\/repliquemangacine.fr\/wp-content\/uploads\/2023\/10\/2488-Epee-Viking-practical-debutant.jpg\" \/>\n\t<meta property=\"og:image:width\" content=\"600\" \/>\n\t<meta property=\"og:image:height\" content=\"600\" \/>\n\t<meta property=\"og:image:type\" content=\"image\/jpeg\" \/>\n<meta name=\"twitter:card\" content=\"summary_large_image\" \/>\n<meta name=\"twitter:label1\" content=\"Gesch\u00e4tzte Lesezeit\" \/>\n\t<meta name=\"twitter:data1\" content=\"2\u00a0Minuten\" \/>\n<script type=\"application\/ld+json\" class=\"yoast-schema-graph\">{\"@context\":\"https:\\\/\\\/schema.org\",\"@graph\":[{\"@type\":\"WebPage\",\"@id\":\"https:\\\/\\\/repliquemangacine.fr\\\/epees-serie-tv-vikings\\\/epee-viking-practical-de-combat\\\/\",\"url\":\"https:\\\/\\\/repliquemangacine.fr\\\/epees-serie-tv-vikings\\\/epee-viking-practical-de-combat\\\/\",\"name\":\"Ep\u00e9e de combat Viking - Vente en ligne d'Ep\u00e9es Vikings | RMC\",\"isPartOf\":{\"@id\":\"https:\\\/\\\/repliquemangacine.fr\\\/#website\"},\"primaryImageOfPage\":{\"@id\":\"https:\\\/\\\/repliquemangacine.fr\\\/epees-serie-tv-vikings\\\/epee-viking-practical-de-combat\\\/#primaryimage\"},\"image\":{\"@id\":\"https:\\\/\\\/repliquemangacine.fr\\\/epees-serie-tv-vikings\\\/epee-viking-practical-de-combat\\\/#primaryimage\"},\"thumbnailUrl\":\"https:\\\/\\\/repliquemangacine.fr\\\/wp-content\\\/uploads\\\/2023\\\/10\\\/2488-Epee-Viking-practical-debutant.jpg\",\"datePublished\":\"2018-03-22T17:11:37+00:00\",\"dateModified\":\"2025-09-23T16:01:59+00:00\",\"description\":\"En exclusivit\u00e9 ! Cette superbe Ep\u00e9e de combat Viking pour d\u00e9butant au meilleur prix. Lame \u00e9mouss\u00e9e en acier forg\u00e9 main - Poign\u00e9e en cuir - Longueur : 81 cm\",\"breadcrumb\":{\"@id\":\"https:\\\/\\\/repliquemangacine.fr\\\/epees-serie-tv-vikings\\\/epee-viking-practical-de-combat\\\/#breadcrumb\"},\"inLanguage\":\"de\",\"potentialAction\":[{\"@type\":\"ReadAction\",\"target\":[\"https:\\\/\\\/repliquemangacine.fr\\\/epees-serie-tv-vikings\\\/epee-viking-practical-de-combat\\\/\"]}]},{\"@type\":\"ImageObject\",\"inLanguage\":\"de\",\"@id\":\"https:\\\/\\\/repliquemangacine.fr\\\/epees-serie-tv-vikings\\\/epee-viking-practical-de-combat\\\/#primaryimage\",\"url\":\"https:\\\/\\\/repliquemangacine.fr\\\/wp-content\\\/uploads\\\/2023\\\/10\\\/2488-Epee-Viking-practical-debutant.jpg\",\"contentUrl\":\"https:\\\/\\\/repliquemangacine.fr\\\/wp-content\\\/uploads\\\/2023\\\/10\\\/2488-Epee-Viking-practical-debutant.jpg\",\"width\":600,\"height\":600,\"caption\":\"Ep\u00e9e Viking practical debutant\"},{\"@type\":\"BreadcrumbList\",\"@id\":\"https:\\\/\\\/repliquemangacine.fr\\\/epees-serie-tv-vikings\\\/epee-viking-practical-de-combat\\\/#breadcrumb\",\"itemListElement\":[{\"@type\":\"ListItem\",\"position\":1,\"name\":\"Accueil\",\"item\":\"https:\\\/\\\/repliquemangacine.fr\\\/\"},{\"@type\":\"ListItem\",\"position\":2,\"name\":\"Produits\",\"item\":\"https:\\\/\\\/repliquemangacine.fr\\\/boutique\\\/\"},{\"@type\":\"ListItem\",\"position\":3,\"name\":\"Ep\u00e9e Practical Viking\"}]},{\"@type\":\"WebSite\",\"@id\":\"https:\\\/\\\/repliquemangacine.fr\\\/#website\",\"url\":\"https:\\\/\\\/repliquemangacine.fr\\\/\",\"name\":\"R\u00e9plique Manga Cin\u00e9\",\"description\":\"\",\"publisher\":{\"@id\":\"https:\\\/\\\/repliquemangacine.fr\\\/#organization\"},\"potentialAction\":[{\"@type\":\"SearchAction\",\"target\":{\"@type\":\"EntryPoint\",\"urlTemplate\":\"https:\\\/\\\/repliquemangacine.fr\\\/?s={search_term_string}\"},\"query-input\":{\"@type\":\"PropertyValueSpecification\",\"valueRequired\":true,\"valueName\":\"search_term_string\"}}],\"inLanguage\":\"de\"},{\"@type\":\"Organization\",\"@id\":\"https:\\\/\\\/repliquemangacine.fr\\\/#organization\",\"name\":\"R\u00e9plique Manga Cin\u00e9\",\"url\":\"https:\\\/\\\/repliquemangacine.fr\\\/\",\"logo\":{\"@type\":\"ImageObject\",\"inLanguage\":\"de\",\"@id\":\"https:\\\/\\\/repliquemangacine.fr\\\/#\\\/schema\\\/logo\\\/image\\\/\",\"url\":\"https:\\\/\\\/repliquemangacine.fr\\\/wp-content\\\/uploads\\\/2023\\\/10\\\/RMC-500250.png\",\"contentUrl\":\"https:\\\/\\\/repliquemangacine.fr\\\/wp-content\\\/uploads\\\/2023\\\/10\\\/RMC-500250.png\",\"width\":500,\"height\":250,\"caption\":\"R\u00e9plique Manga Cin\u00e9\"},\"image\":{\"@id\":\"https:\\\/\\\/repliquemangacine.fr\\\/#\\\/schema\\\/logo\\\/image\\\/\"},\"sameAs\":[\"https:\\\/\\\/www.facebook.com\\\/RepliqueMangaCine\",\"https:\\\/\\\/www.instagram.com\\\/repliquemangacine.fr\\\/\"]}]}<\/script>\n<!-- \/ Yoast SEO plugin. -->","yoast_head_json":{"title":"Viking Kampfschwert - Online-Verkauf von Viking Schwertern | RMC","description":"Nur bei uns erh\u00e4ltlich! Dieses wundersch\u00f6ne Wikinger-Kampfschwert f\u00fcr Anf\u00e4nger zum besten Preis. Handgeschmiedete stumpfe Klinge aus Stahl - Ledergriff - L\u00e4nge: 81 cm","robots":{"index":"index","follow":"follow","max-snippet":"max-snippet:-1","max-image-preview":"max-image-preview:large","max-video-preview":"max-video-preview:-1"},"canonical":"https:\/\/repliquemangacine.fr\/de\/schwerter-tv-serie-vikings\/wikingerschwert-kampfpraktikum\/","og_locale":"de_DE","og_type":"article","og_title":"Ep\u00e9e de combat Viking - Vente en ligne d'Ep\u00e9es Vikings | RMC","og_description":"En exclusivit\u00e9 ! Cette superbe Ep\u00e9e de combat Viking pour d\u00e9butant au meilleur prix. Lame \u00e9mouss\u00e9e en acier forg\u00e9 main - Poign\u00e9e en cuir - Longueur : 81 cm","og_url":"https:\/\/repliquemangacine.fr\/de\/schwerter-tv-serie-vikings\/wikingerschwert-kampfpraktikum\/","og_site_name":"R\u00e9plique Manga Cin\u00e9","article_publisher":"https:\/\/www.facebook.com\/RepliqueMangaCine","article_modified_time":"2025-09-23T16:01:59+00:00","og_image":[{"width":600,"height":600,"url":"https:\/\/repliquemangacine.fr\/wp-content\/uploads\/2023\/10\/2488-Epee-Viking-practical-debutant.jpg","type":"image\/jpeg"}],"twitter_card":"summary_large_image","twitter_misc":{"Gesch\u00e4tzte Lesezeit":"2\u00a0Minuten"},"schema":{"@context":"https:\/\/schema.org","@graph":[{"@type":"WebPage","@id":"https:\/\/repliquemangacine.fr\/epees-serie-tv-vikings\/epee-viking-practical-de-combat\/","url":"https:\/\/repliquemangacine.fr\/epees-serie-tv-vikings\/epee-viking-practical-de-combat\/","name":"Viking Kampfschwert - Online-Verkauf von Viking Schwertern | RMC","isPartOf":{"@id":"https:\/\/repliquemangacine.fr\/#website"},"primaryImageOfPage":{"@id":"https:\/\/repliquemangacine.fr\/epees-serie-tv-vikings\/epee-viking-practical-de-combat\/#primaryimage"},"image":{"@id":"https:\/\/repliquemangacine.fr\/epees-serie-tv-vikings\/epee-viking-practical-de-combat\/#primaryimage"},"thumbnailUrl":"https:\/\/repliquemangacine.fr\/wp-content\/uploads\/2023\/10\/2488-Epee-Viking-practical-debutant.jpg","datePublished":"2018-03-22T17:11:37+00:00","dateModified":"2025-09-23T16:01:59+00:00","description":"Nur bei uns erh\u00e4ltlich! Dieses wundersch\u00f6ne Wikinger-Kampfschwert f\u00fcr Anf\u00e4nger zum besten Preis. Handgeschmiedete stumpfe Klinge aus Stahl - Ledergriff - L\u00e4nge: 81 cm","breadcrumb":{"@id":"https:\/\/repliquemangacine.fr\/epees-serie-tv-vikings\/epee-viking-practical-de-combat\/#breadcrumb"},"inLanguage":"de","potentialAction":[{"@type":"ReadAction","target":["https:\/\/repliquemangacine.fr\/epees-serie-tv-vikings\/epee-viking-practical-de-combat\/"]}]},{"@type":"ImageObject","inLanguage":"de","@id":"https:\/\/repliquemangacine.fr\/epees-serie-tv-vikings\/epee-viking-practical-de-combat\/#primaryimage","url":"https:\/\/repliquemangacine.fr\/wp-content\/uploads\/2023\/10\/2488-Epee-Viking-practical-debutant.jpg","contentUrl":"https:\/\/repliquemangacine.fr\/wp-content\/uploads\/2023\/10\/2488-Epee-Viking-practical-debutant.jpg","width":600,"height":600,"caption":"Ep\u00e9e Viking practical debutant"},{"@type":"BreadcrumbList","@id":"https:\/\/repliquemangacine.fr\/epees-serie-tv-vikings\/epee-viking-practical-de-combat\/#breadcrumb","itemListElement":[{"@type":"ListItem","position":1,"name":"Accueil","item":"https:\/\/repliquemangacine.fr\/"},{"@type":"ListItem","position":2,"name":"Produits","item":"https:\/\/repliquemangacine.fr\/boutique\/"},{"@type":"ListItem","position":3,"name":"Ep\u00e9e Practical Viking"}]},{"@type":"WebSite","@id":"https:\/\/repliquemangacine.fr\/#website","url":"https:\/\/repliquemangacine.fr\/","name":"R\u00e9plique Manga Cin\u00e9","description":"","publisher":{"@id":"https:\/\/repliquemangacine.fr\/#organization"},"potentialAction":[{"@type":"SearchAction","target":{"@type":"EntryPoint","urlTemplate":"https:\/\/repliquemangacine.fr\/?s={search_term_string}"},"query-input":{"@type":"PropertyValueSpecification","valueRequired":true,"valueName":"search_term_string"}}],"inLanguage":"de"},{"@type":"Organization","@id":"https:\/\/repliquemangacine.fr\/#organization","name":"R\u00e9plique Manga Cin\u00e9","url":"https:\/\/repliquemangacine.fr\/","logo":{"@type":"ImageObject","inLanguage":"de","@id":"https:\/\/repliquemangacine.fr\/#\/schema\/logo\/image\/","url":"https:\/\/repliquemangacine.fr\/wp-content\/uploads\/2023\/10\/RMC-500250.png","contentUrl":"https:\/\/repliquemangacine.fr\/wp-content\/uploads\/2023\/10\/RMC-500250.png","width":500,"height":250,"caption":"R\u00e9plique Manga Cin\u00e9"},"image":{"@id":"https:\/\/repliquemangacine.fr\/#\/schema\/logo\/image\/"},"sameAs":["https:\/\/www.facebook.com\/RepliqueMangaCine","https:\/\/www.instagram.com\/repliquemangacine.fr\/"]}]}},"_links":{"self":[{"href":"https:\/\/repliquemangacine.fr\/de\/wp-json\/wp\/v2\/product\/27724","targetHints":{"allow":["GET"]}}],"collection":[{"href":"https:\/\/repliquemangacine.fr\/de\/wp-json\/wp\/v2\/product"}],"about":[{"href":"https:\/\/repliquemangacine.fr\/de\/wp-json\/wp\/v2\/types\/product"}],"wp:featuredmedia":[{"embeddable":true,"href":"https:\/\/repliquemangacine.fr\/de\/wp-json\/wp\/v2\/media\/27725"}],"wp:attachment":[{"href":"https:\/\/repliquemangacine.fr\/de\/wp-json\/wp\/v2\/media?parent=27724"}],"wp:term":[{"taxonomy":"product_brand","embeddable":true,"href":"https:\/\/repliquemangacine.fr\/de\/wp-json\/wp\/v2\/product_brand?post=27724"},{"taxonomy":"product_cat","embeddable":true,"href":"https:\/\/repliquemangacine.fr\/de\/wp-json\/wp\/v2\/product_cat?post=27724"},{"taxonomy":"product_tag","embeddable":true,"href":"https:\/\/repliquemangacine.fr\/de\/wp-json\/wp\/v2\/product_tag?post=27724"}],"curies":[{"name":"wp","href":"https:\/\/api.w.org\/{rel}","templated":true}]}}