





{"id":27719,"date":"2018-03-22T17:38:45","date_gmt":"2018-03-22T16:38:45","guid":{"rendered":"https:\/\/repliquemangacine.fr\/?post_type=product&#038;p=27719"},"modified":"2026-01-22T07:18:25","modified_gmt":"2026-01-22T06:18:25","slug":"replika-sabel-preusischer-offiziere","status":"publish","type":"product","link":"https:\/\/repliquemangacine.fr\/de\/sabres-1er-empire\/replique-sabre-d-officiers-prussiens\/","title":{"rendered":"S\u00e4bel preu\u00dfischer Offiziere"},"content":{"rendered":"<h2>S\u00e4bel preu\u00dfischer Offiziere 19\u1d49 Jahrhundert.<\/h2>\n<p>Zu Beginn wird der <strong>S\u00e4bel preu\u00dfischer Offiziere<\/strong>Der L\u00f6wenkopfs\u00e4bel, der wegen der besonderen Form seines Knaufs auch L\u00f6wenkopfs\u00e4bel genannt wird, ist nur als Sammlerst\u00fcck oder f\u00fcr eine Nachstellung ohne Kampf geeignet.<\/p>\n<p>Die K\u00f6niglich Preu\u00dfische Armee ist die Armee des K\u00f6nigreichs Preu\u00dfen. Diese Streitkr\u00e4fte sind f\u00fcr die Behauptung Brandenburgs als europ\u00e4ische Gro\u00dfmacht von entscheidender Bedeutung.<\/p>\n<p>Gegr\u00fcndet aus den schwachen S\u00f6ldnerkr\u00e4ften Brandenburgs w\u00e4hrend des Drei\u00dfigj\u00e4hrigen Krieges. Die Armee war zu Beginn der Napoleonischen Kriege \u00fcberfordert. Dann begannen die preu\u00dfischen Reformer, die Armee zu modernisieren, was wesentlich zur Niederlage Napoleons I. im Krieg der Sechsten Koalition beitrug.<\/p>\n<p>Seine Armee wurde zum Kern der kaiserlichen deutschen Armee und verwandelte sich nach dem Ersten Weltkrieg in die Reichswehr.<\/p>\n<h2>Ihr Preu\u00dfischer Offizierss\u00e4bel zum besten Preis.<\/h2>\n<p>Wir bieten Ihnen eine gro\u00dfe Auswahl an Reproduktionen historischer Waffen.<\/p>\n<p>Zun\u00e4chst einmal,<\/p>\n<ul>\n<li>Die <a href=\"https:\/\/repliquemangacine.fr\/de\/replik-von-waffen-1-empire\/napoleonpistole-linkshandig\/\">Steinschlosspistole Napoleon<\/a> mit dem Emblem des N und seiner Kaiserkrone. Spezielle Linksh\u00e4nder <a href=\"https:\/\/www.denix.fr\/fr\/accueil-fr\/\" target=\"_blank\" rel=\"noopener noreferrer\">Denix<\/a>.<\/li>\n<li>Sowie die<a href=\"https:\/\/repliquemangacine.fr\/de\/sabel-1-empire\/napoleonisches-zeremonialschwert\/\">napoleonisches Zeremonialschwert<\/a> mit seinem ber\u00fchmten Adlersymbol.<\/li>\n<li>Es gibt auch diesen <a href=\"https:\/\/repliquemangacine.fr\/de\/medieval-accessoires\/wandhalterung-fur-gewehr-und-schwertpistole\/\">Wandhalterung<\/a> aus zwei Lilienst\u00fccken zum Ausstellen Ihrer Pistolen, Gewehre oder Degen.<\/li>\n<li>Und viele andere, die es in unserem Online-Shop zu entdecken gibt!<\/li>\n<\/ul>\n<p>Deshalb sind hier tolle Geschenkideen f\u00fcr Geschichtsinteressierte.<\/p>\n<p>Abschlie\u00dfend k\u00f6nnen Sie auch diesen <strong>S\u00e4bel preu\u00dfischer Offiziere<\/strong> f\u00fcr Ihre historischen Rekonstruktionen oder Theaterauff\u00fchrungen. Vor allem aber ist dieser S\u00e4bel ein Sammler- und Dekorationsst\u00fcck.<\/p>\n<h2>Wie pflegt man die Klinge seines historischen Schwertes?<\/h2>\n<p>Sammlungs- und Dekorationsschwerter werden in vereinfachter Form hergestellt und zusammengebaut. Da sie zu Dekorationszwecken verwendet werden, fehlen ihnen die Sicherheitselemente, die ein japanisches Schwert f\u00fcr Trainingszwecke aufweisen muss.<\/p>\n<p>Allerdings ist Ihr <strong>S\u00e4bel preu\u00dfischer Offiziere<\/strong> zu einer Stahlklinge, die gepflegt werden muss, damit sie nicht mit der Zeit abgenutzt wird. Denn wenn du dein Katana ausstellst, werden deine Freunde neugierig sein, die Klinge zu sehen und sie zu ber\u00fchren. Hier ist Vorsicht geboten, denn Sie sollten wissen, dass die S\u00e4ure der Finger dem Stahl unabh\u00e4ngig von seiner Qualit\u00e4t sehr schadet.<\/p>\n<p>Wenn dies jedoch passiert, keine Panik, Sie brauchen nur ein Tuch, das mit etwas \u00d6l befeuchtet ist, und wischen die Fingerabdr\u00fccke ab. Wenn Sie dies tun, werden Sie Ihr Schwert sehr lange behalten.<\/p>","protected":false},"excerpt":{"rendered":"<p>Replik des S\u00e4bels preu\u00dfischer Offiziere.<\/p>\n<ul>\n<li>Ungeschliffene Klinge aus Stahl mit hohem Kohlenstoffgehalt.<\/li>\n<li>Mit Messing beschichteter Stahlb\u00fcgel.<\/li>\n<li>L\u00f6wenkopfknauf aus mit Messing \u00fcberzogenem Stahl<\/li>\n<li>Mit schwarzem Kunstleder \u00fcberzogener Griff mit Goldfaden.<\/li>\n<li>Scheide aus Metall.<\/li>\n<li>Gesamtl\u00e4nge:109 cm - L\u00e4nge der Klinge: 94 cm - Gewicht:1,5 kg<\/li>\n<\/ul>","protected":false},"featured_media":27720,"template":"","meta":[],"product_brand":[896],"product_cat":[25,37,74],"product_tag":[],"class_list":{"0":"post-27719","1":"product","2":"type-product","3":"status-publish","4":"has-post-thumbnail","6":"product_brand-replique-manga-cine","7":"product_cat-armes-historiques","8":"product_cat-premier-empire","9":"product_cat-sabres-1er-empire","11":"first","12":"instock","13":"taxable","14":"shipping-taxable","15":"purchasable","16":"product-type-simple"},"yoast_head":"<!-- This site is optimized with the Yoast SEO plugin v27.5 - https:\/\/yoast.com\/product\/yoast-seo-wordpress\/ -->\n<title>Sabre d&#039;officiers Prussiens - Vente Sabre T\u00eate de lion 19\u1d49 - RMC<\/title>\n<meta name=\"description\" content=\"D\u00e9couvrez le Sabre d&#039;officiers Prussiens du 19\u1d49 si\u00e8cle au meilleur prix - Lame en acier carbone - Poign\u00e9e en similicuir - Longueur totale : 109 cm\" \/>\n<meta name=\"robots\" content=\"index, follow, max-snippet:-1, max-image-preview:large, max-video-preview:-1\" \/>\n<link rel=\"canonical\" href=\"https:\/\/repliquemangacine.fr\/de\/sabel-1-empire\/replika-sabel-preusischer-offiziere\/\" \/>\n<meta property=\"og:locale\" content=\"de_DE\" \/>\n<meta property=\"og:type\" content=\"article\" \/>\n<meta property=\"og:title\" content=\"Sabre d&#039;officiers Prussiens - Vente Sabre T\u00eate de lion 19\u1d49 - RMC\" \/>\n<meta property=\"og:description\" content=\"D\u00e9couvrez le Sabre d&#039;officiers Prussiens du 19\u1d49 si\u00e8cle au meilleur prix - Lame en acier carbone - Poign\u00e9e en similicuir - Longueur totale : 109 cm\" \/>\n<meta property=\"og:url\" content=\"https:\/\/repliquemangacine.fr\/de\/sabel-1-empire\/replika-sabel-preusischer-offiziere\/\" \/>\n<meta property=\"og:site_name\" content=\"R\u00e9plique Manga Cin\u00e9\" \/>\n<meta property=\"article:publisher\" content=\"https:\/\/www.facebook.com\/RepliqueMangaCine\" \/>\n<meta property=\"article:modified_time\" content=\"2026-01-22T06:18:25+00:00\" \/>\n<meta property=\"og:image\" content=\"https:\/\/repliquemangacine.fr\/wp-content\/uploads\/2023\/10\/2484-Replique-Sabre-dofficiers-Prussiens-poignee.jpg\" \/>\n\t<meta property=\"og:image:width\" content=\"600\" \/>\n\t<meta property=\"og:image:height\" content=\"600\" \/>\n\t<meta property=\"og:image:type\" content=\"image\/jpeg\" \/>\n<meta name=\"twitter:card\" content=\"summary_large_image\" \/>\n<meta name=\"twitter:label1\" content=\"Gesch\u00e4tzte Lesezeit\" \/>\n\t<meta name=\"twitter:data1\" content=\"2\u00a0Minuten\" \/>\n<script type=\"application\/ld+json\" class=\"yoast-schema-graph\">{\"@context\":\"https:\\\/\\\/schema.org\",\"@graph\":[{\"@type\":\"WebPage\",\"@id\":\"https:\\\/\\\/repliquemangacine.fr\\\/sabres-1er-empire\\\/replique-sabre-d-officiers-prussiens\\\/\",\"url\":\"https:\\\/\\\/repliquemangacine.fr\\\/sabres-1er-empire\\\/replique-sabre-d-officiers-prussiens\\\/\",\"name\":\"Sabre d'officiers Prussiens - Vente Sabre T\u00eate de lion 19\u1d49 - RMC\",\"isPartOf\":{\"@id\":\"https:\\\/\\\/repliquemangacine.fr\\\/#website\"},\"primaryImageOfPage\":{\"@id\":\"https:\\\/\\\/repliquemangacine.fr\\\/sabres-1er-empire\\\/replique-sabre-d-officiers-prussiens\\\/#primaryimage\"},\"image\":{\"@id\":\"https:\\\/\\\/repliquemangacine.fr\\\/sabres-1er-empire\\\/replique-sabre-d-officiers-prussiens\\\/#primaryimage\"},\"thumbnailUrl\":\"https:\\\/\\\/repliquemangacine.fr\\\/wp-content\\\/uploads\\\/2023\\\/10\\\/2484-Replique-Sabre-dofficiers-Prussiens-poignee.jpg\",\"datePublished\":\"2018-03-22T16:38:45+00:00\",\"dateModified\":\"2026-01-22T06:18:25+00:00\",\"description\":\"D\u00e9couvrez le Sabre d'officiers Prussiens du 19\u1d49 si\u00e8cle au meilleur prix - Lame en acier carbone - Poign\u00e9e en similicuir - Longueur totale : 109 cm\",\"breadcrumb\":{\"@id\":\"https:\\\/\\\/repliquemangacine.fr\\\/sabres-1er-empire\\\/replique-sabre-d-officiers-prussiens\\\/#breadcrumb\"},\"inLanguage\":\"de\",\"potentialAction\":[{\"@type\":\"ReadAction\",\"target\":[\"https:\\\/\\\/repliquemangacine.fr\\\/sabres-1er-empire\\\/replique-sabre-d-officiers-prussiens\\\/\"]}]},{\"@type\":\"ImageObject\",\"inLanguage\":\"de\",\"@id\":\"https:\\\/\\\/repliquemangacine.fr\\\/sabres-1er-empire\\\/replique-sabre-d-officiers-prussiens\\\/#primaryimage\",\"url\":\"https:\\\/\\\/repliquemangacine.fr\\\/wp-content\\\/uploads\\\/2023\\\/10\\\/2484-Replique-Sabre-dofficiers-Prussiens-poignee.jpg\",\"contentUrl\":\"https:\\\/\\\/repliquemangacine.fr\\\/wp-content\\\/uploads\\\/2023\\\/10\\\/2484-Replique-Sabre-dofficiers-Prussiens-poignee.jpg\",\"width\":600,\"height\":600,\"caption\":\"Sabre d'officiers Prussiens\"},{\"@type\":\"BreadcrumbList\",\"@id\":\"https:\\\/\\\/repliquemangacine.fr\\\/sabres-1er-empire\\\/replique-sabre-d-officiers-prussiens\\\/#breadcrumb\",\"itemListElement\":[{\"@type\":\"ListItem\",\"position\":1,\"name\":\"Accueil\",\"item\":\"https:\\\/\\\/repliquemangacine.fr\\\/\"},{\"@type\":\"ListItem\",\"position\":2,\"name\":\"Produits\",\"item\":\"https:\\\/\\\/repliquemangacine.fr\\\/boutique\\\/\"},{\"@type\":\"ListItem\",\"position\":3,\"name\":\"Sabre d&#8217;officiers Prussiens\"}]},{\"@type\":\"WebSite\",\"@id\":\"https:\\\/\\\/repliquemangacine.fr\\\/#website\",\"url\":\"https:\\\/\\\/repliquemangacine.fr\\\/\",\"name\":\"R\u00e9plique Manga Cin\u00e9\",\"description\":\"\",\"publisher\":{\"@id\":\"https:\\\/\\\/repliquemangacine.fr\\\/#organization\"},\"potentialAction\":[{\"@type\":\"SearchAction\",\"target\":{\"@type\":\"EntryPoint\",\"urlTemplate\":\"https:\\\/\\\/repliquemangacine.fr\\\/?s={search_term_string}\"},\"query-input\":{\"@type\":\"PropertyValueSpecification\",\"valueRequired\":true,\"valueName\":\"search_term_string\"}}],\"inLanguage\":\"de\"},{\"@type\":\"Organization\",\"@id\":\"https:\\\/\\\/repliquemangacine.fr\\\/#organization\",\"name\":\"R\u00e9plique Manga Cin\u00e9\",\"url\":\"https:\\\/\\\/repliquemangacine.fr\\\/\",\"logo\":{\"@type\":\"ImageObject\",\"inLanguage\":\"de\",\"@id\":\"https:\\\/\\\/repliquemangacine.fr\\\/#\\\/schema\\\/logo\\\/image\\\/\",\"url\":\"https:\\\/\\\/repliquemangacine.fr\\\/wp-content\\\/uploads\\\/2023\\\/10\\\/RMC-500250.png\",\"contentUrl\":\"https:\\\/\\\/repliquemangacine.fr\\\/wp-content\\\/uploads\\\/2023\\\/10\\\/RMC-500250.png\",\"width\":500,\"height\":250,\"caption\":\"R\u00e9plique Manga Cin\u00e9\"},\"image\":{\"@id\":\"https:\\\/\\\/repliquemangacine.fr\\\/#\\\/schema\\\/logo\\\/image\\\/\"},\"sameAs\":[\"https:\\\/\\\/www.facebook.com\\\/RepliqueMangaCine\",\"https:\\\/\\\/www.instagram.com\\\/repliquemangacine.fr\\\/\"]}]}<\/script>\n<!-- \/ Yoast SEO plugin. -->","yoast_head_json":{"title":"S\u00e4bel preu\u00dfischer Offiziere - Verkauf S\u00e4bel L\u00f6wenkopf 19\u1d49 - RMC","description":"Entdecken Sie den S\u00e4bel f\u00fcr preu\u00dfische Offiziere aus dem 19\u1d49 Jahrhundert zum besten Preis - Klinge aus Kohlenstoffstahl - Griff aus Kunstleder - Gesamtl\u00e4nge: 109 cm","robots":{"index":"index","follow":"follow","max-snippet":"max-snippet:-1","max-image-preview":"max-image-preview:large","max-video-preview":"max-video-preview:-1"},"canonical":"https:\/\/repliquemangacine.fr\/de\/sabel-1-empire\/replika-sabel-preusischer-offiziere\/","og_locale":"de_DE","og_type":"article","og_title":"Sabre d'officiers Prussiens - Vente Sabre T\u00eate de lion 19\u1d49 - RMC","og_description":"D\u00e9couvrez le Sabre d'officiers Prussiens du 19\u1d49 si\u00e8cle au meilleur prix - Lame en acier carbone - Poign\u00e9e en similicuir - Longueur totale : 109 cm","og_url":"https:\/\/repliquemangacine.fr\/de\/sabel-1-empire\/replika-sabel-preusischer-offiziere\/","og_site_name":"R\u00e9plique Manga Cin\u00e9","article_publisher":"https:\/\/www.facebook.com\/RepliqueMangaCine","article_modified_time":"2026-01-22T06:18:25+00:00","og_image":[{"width":600,"height":600,"url":"https:\/\/repliquemangacine.fr\/wp-content\/uploads\/2023\/10\/2484-Replique-Sabre-dofficiers-Prussiens-poignee.jpg","type":"image\/jpeg"}],"twitter_card":"summary_large_image","twitter_misc":{"Gesch\u00e4tzte Lesezeit":"2\u00a0Minuten"},"schema":{"@context":"https:\/\/schema.org","@graph":[{"@type":"WebPage","@id":"https:\/\/repliquemangacine.fr\/sabres-1er-empire\/replique-sabre-d-officiers-prussiens\/","url":"https:\/\/repliquemangacine.fr\/sabres-1er-empire\/replique-sabre-d-officiers-prussiens\/","name":"S\u00e4bel preu\u00dfischer Offiziere - Verkauf S\u00e4bel L\u00f6wenkopf 19\u1d49 - RMC","isPartOf":{"@id":"https:\/\/repliquemangacine.fr\/#website"},"primaryImageOfPage":{"@id":"https:\/\/repliquemangacine.fr\/sabres-1er-empire\/replique-sabre-d-officiers-prussiens\/#primaryimage"},"image":{"@id":"https:\/\/repliquemangacine.fr\/sabres-1er-empire\/replique-sabre-d-officiers-prussiens\/#primaryimage"},"thumbnailUrl":"https:\/\/repliquemangacine.fr\/wp-content\/uploads\/2023\/10\/2484-Replique-Sabre-dofficiers-Prussiens-poignee.jpg","datePublished":"2018-03-22T16:38:45+00:00","dateModified":"2026-01-22T06:18:25+00:00","description":"Entdecken Sie den S\u00e4bel f\u00fcr preu\u00dfische Offiziere aus dem 19\u1d49 Jahrhundert zum besten Preis - Klinge aus Kohlenstoffstahl - Griff aus Kunstleder - Gesamtl\u00e4nge: 109 cm","breadcrumb":{"@id":"https:\/\/repliquemangacine.fr\/sabres-1er-empire\/replique-sabre-d-officiers-prussiens\/#breadcrumb"},"inLanguage":"de","potentialAction":[{"@type":"ReadAction","target":["https:\/\/repliquemangacine.fr\/sabres-1er-empire\/replique-sabre-d-officiers-prussiens\/"]}]},{"@type":"ImageObject","inLanguage":"de","@id":"https:\/\/repliquemangacine.fr\/sabres-1er-empire\/replique-sabre-d-officiers-prussiens\/#primaryimage","url":"https:\/\/repliquemangacine.fr\/wp-content\/uploads\/2023\/10\/2484-Replique-Sabre-dofficiers-Prussiens-poignee.jpg","contentUrl":"https:\/\/repliquemangacine.fr\/wp-content\/uploads\/2023\/10\/2484-Replique-Sabre-dofficiers-Prussiens-poignee.jpg","width":600,"height":600,"caption":"Sabre d'officiers Prussiens"},{"@type":"BreadcrumbList","@id":"https:\/\/repliquemangacine.fr\/sabres-1er-empire\/replique-sabre-d-officiers-prussiens\/#breadcrumb","itemListElement":[{"@type":"ListItem","position":1,"name":"Accueil","item":"https:\/\/repliquemangacine.fr\/"},{"@type":"ListItem","position":2,"name":"Produits","item":"https:\/\/repliquemangacine.fr\/boutique\/"},{"@type":"ListItem","position":3,"name":"Sabre d&#8217;officiers Prussiens"}]},{"@type":"WebSite","@id":"https:\/\/repliquemangacine.fr\/#website","url":"https:\/\/repliquemangacine.fr\/","name":"R\u00e9plique Manga Cin\u00e9","description":"","publisher":{"@id":"https:\/\/repliquemangacine.fr\/#organization"},"potentialAction":[{"@type":"SearchAction","target":{"@type":"EntryPoint","urlTemplate":"https:\/\/repliquemangacine.fr\/?s={search_term_string}"},"query-input":{"@type":"PropertyValueSpecification","valueRequired":true,"valueName":"search_term_string"}}],"inLanguage":"de"},{"@type":"Organization","@id":"https:\/\/repliquemangacine.fr\/#organization","name":"R\u00e9plique Manga Cin\u00e9","url":"https:\/\/repliquemangacine.fr\/","logo":{"@type":"ImageObject","inLanguage":"de","@id":"https:\/\/repliquemangacine.fr\/#\/schema\/logo\/image\/","url":"https:\/\/repliquemangacine.fr\/wp-content\/uploads\/2023\/10\/RMC-500250.png","contentUrl":"https:\/\/repliquemangacine.fr\/wp-content\/uploads\/2023\/10\/RMC-500250.png","width":500,"height":250,"caption":"R\u00e9plique Manga Cin\u00e9"},"image":{"@id":"https:\/\/repliquemangacine.fr\/#\/schema\/logo\/image\/"},"sameAs":["https:\/\/www.facebook.com\/RepliqueMangaCine","https:\/\/www.instagram.com\/repliquemangacine.fr\/"]}]}},"_links":{"self":[{"href":"https:\/\/repliquemangacine.fr\/de\/wp-json\/wp\/v2\/product\/27719","targetHints":{"allow":["GET"]}}],"collection":[{"href":"https:\/\/repliquemangacine.fr\/de\/wp-json\/wp\/v2\/product"}],"about":[{"href":"https:\/\/repliquemangacine.fr\/de\/wp-json\/wp\/v2\/types\/product"}],"wp:featuredmedia":[{"embeddable":true,"href":"https:\/\/repliquemangacine.fr\/de\/wp-json\/wp\/v2\/media\/27720"}],"wp:attachment":[{"href":"https:\/\/repliquemangacine.fr\/de\/wp-json\/wp\/v2\/media?parent=27719"}],"wp:term":[{"taxonomy":"product_brand","embeddable":true,"href":"https:\/\/repliquemangacine.fr\/de\/wp-json\/wp\/v2\/product_brand?post=27719"},{"taxonomy":"product_cat","embeddable":true,"href":"https:\/\/repliquemangacine.fr\/de\/wp-json\/wp\/v2\/product_cat?post=27719"},{"taxonomy":"product_tag","embeddable":true,"href":"https:\/\/repliquemangacine.fr\/de\/wp-json\/wp\/v2\/product_tag?post=27719"}],"curies":[{"name":"wp","href":"https:\/\/api.w.org\/{rel}","templated":true}]}}