





{"id":27714,"date":"2018-03-15T19:03:41","date_gmt":"2018-03-15T18:03:41","guid":{"rendered":"https:\/\/repliquemangacine.fr\/?post_type=product&#038;p=27714"},"modified":"2025-09-23T18:01:59","modified_gmt":"2025-09-23T16:01:59","slug":"blucher-sabel-m1811-sabel-der-preusischen-kavallerie","status":"publish","type":"product","link":"https:\/\/repliquemangacine.fr\/de\/sabres-1er-empire\/sabre-blucher-m1811-sabre-de-cavalerie-prussienne\/","title":{"rendered":"S\u00e4bel Bl\u00fccher M1811"},"content":{"rendered":"<h2>Bl\u00fccher-S\u00e4bel M1811- Prusischer Kavalleries\u00e4bel.<\/h2>\n<p>Zu Beginn wird der <strong>S\u00e4bel Bl\u00fccher M1811<\/strong>Der Bl\u00fccher-S\u00e4bel wurde nach dem Vorbild eines englischen S\u00e4bels entworfen, der ab 1796 von den Light Dragoons verwendet wurde. Gebhard Leberecht von Bl\u00fccher, ein deutscher General, war der beliebteste Kommandant w\u00e4hrend des deutschen Feldzugs gegen Napoleon. Im Jahr 1826 wurde ihm zu Ehren von der Stadt Berlin eine Statue errichtet: Sein Abbild h\u00e4lt den Griff eines S\u00e4bels M 1811, der zum Boden gesenkt ist.<\/p>\n<p>Dieser S\u00e4bel war 1813\/14 die Standardwaffe der preu\u00dfischen leichten Kavallerie. Die preu\u00dfischen Husaren sowie die Dragoner, Ulanen und Artilleristen der berittenen Artillerie waren mit Bl\u00fccher S\u00e4beln ausger\u00fcstet.<\/p>\n<p>Die K\u00f6niglich Preu\u00dfische Armee ist die Armee des K\u00f6nigreichs Preu\u00dfen. Diese Streitkr\u00e4fte sind f\u00fcr die Behauptung Brandenburgs als europ\u00e4ische Gro\u00dfmacht von entscheidender Bedeutung.<\/p>\n<h2>Ihr Bl\u00fccher-S\u00e4bel M1811 zum besten Preis.<\/h2>\n<p>Wir bieten Ihnen eine gro\u00dfe Auswahl an Reproduktionen historischer Waffen.<\/p>\n<p>Zun\u00e4chst einmal,<\/p>\n<ul>\n<li>Wundersch\u00f6ne Reproduktion des <a href=\"https:\/\/repliquemangacine.fr\/de\/sabel-1-empire\/sabel-militarorden-saint-georges\/\">S\u00e4bel des Milit\u00e4rordens von St. Georg<\/a>, Russland 1913, unterzeichnet <a href=\"https:\/\/www.denix.fr\/fr\/catalogue\/armes-historiques-s-xvi-xix\/sabres\/4191\/\" target=\"_blank\" rel=\"noopener noreferrer\">Denix<\/a>.<\/li>\n<li>Sowie die Replik des <a href=\"https:\/\/repliquemangacine.fr\/de\/sabel-1-empire\/sabel-mameluke-us-marines\/\">Mamelucken-S\u00e4bel<\/a> US Marines, Offiziersschwert United States Marines Corp.<\/li>\n<li>Es gibt auch diesen <a href=\"https:\/\/repliquemangacine.fr\/de\/medieval-accessoires\/wandhalterung-fur-gewehr-und-schwertpistole\/\">Wandhalterung<\/a> aus zwei M\u00fcnzen in Form einer Lilie.<\/li>\n<li>Und viele andere, die es in unserem Online-Shop zu entdecken gibt!<\/li>\n<\/ul>\n<p>Deshalb sind hier tolle Geschenkideen f\u00fcr Geschichtsinteressierte.<\/p>\n<p>Abschlie\u00dfend k\u00f6nnen Sie auch diesen <strong>S\u00e4bel Bl\u00fccher M1811<\/strong> f\u00fcr Ihre historischen Rekonstruktionen oder Theaterauff\u00fchrungen. Vor allem aber ist es ein Sammler- und Dekorationsst\u00fcck.<\/p>\n<h2>Wie pflegt man die Klinge seines historischen Schwertes?<\/h2>\n<p>Sammlungs- und Dekorationsschwerter werden in vereinfachter Form hergestellt und zusammengebaut. Da sie zu Dekorationszwecken verwendet werden, fehlen ihnen die Sicherheitselemente, die ein japanisches Schwert f\u00fcr Trainingszwecke aufweisen muss.<\/p>\n<p>Allerdings ist Ihr <strong>S\u00e4bel Bl\u00fccher M1811<\/strong> zu einer Stahlklinge, die gepflegt werden muss, damit sie nicht mit der Zeit abgenutzt wird. Denn wenn du dein Katana ausstellst, werden deine Freunde neugierig sein, die Klinge zu sehen und sie zu ber\u00fchren. Hier ist Vorsicht geboten, denn Sie sollten wissen, dass die S\u00e4ure der Finger dem Stahl unabh\u00e4ngig von seiner Qualit\u00e4t sehr schadet.<\/p>\n<p>Wenn dies jedoch passiert, keine Panik, Sie brauchen nur ein Tuch, das mit etwas \u00d6l befeuchtet ist, und wischen die Fingerabdr\u00fccke ab. Wenn Sie dies tun, werden Sie Ihr Schwert sehr lange behalten.<\/p>","protected":false},"excerpt":{"rendered":"<p>Preu\u00dfischer Kavalleries\u00e4bel, Modell M 1811, sog. Bl\u00fccher-S\u00e4bel.<\/p>\n<ul>\n<li>Klinge aus geschmiedetem Stahl mit hohem Kohlenstoffgehalt.<\/li>\n<li>Sorgf\u00e4ltig geschliffen, nicht scharfkantig.<\/li>\n<li>Guard aus Stahl.<\/li>\n<li>Mit Leder ummantelter Griff.<\/li>\n<li>Scheide aus Stahl.<\/li>\n<li>Gesamtl\u00e4nge: 100 cm - Klingenl\u00e4nge: 85 cm - Gewicht: 1,05 kg.<\/li>\n<\/ul>","protected":false},"featured_media":27715,"template":"","meta":[],"product_brand":[896],"product_cat":[25,37,74],"product_tag":[],"class_list":{"0":"post-27714","1":"product","2":"type-product","3":"status-publish","4":"has-post-thumbnail","6":"product_brand-replique-manga-cine","7":"product_cat-armes-historiques","8":"product_cat-premier-empire","9":"product_cat-sabres-1er-empire","11":"first","12":"instock","13":"taxable","14":"shipping-taxable","15":"purchasable","16":"product-type-simple"},"yoast_head":"<!-- This site is optimized with the Yoast SEO plugin v27.5 - https:\/\/yoast.com\/product\/yoast-seo-wordpress\/ -->\n<title>Sabre Bl\u00fccher M1811 - Vente \u00e9p\u00e9e de Cavalerie - RMC<\/title>\n<meta name=\"description\" content=\"Offrez-lui ce Sabre Bl\u00fccher M1811 au meilleur prix - Lame en acier carbone forg\u00e9e - Poign\u00e9e cuir - Garde m\u00e9tal - Fourreau acier - Longueur totale : 100 cm\" \/>\n<meta name=\"robots\" content=\"index, follow, max-snippet:-1, max-image-preview:large, max-video-preview:-1\" \/>\n<link rel=\"canonical\" href=\"https:\/\/repliquemangacine.fr\/de\/sabel-1-empire\/blucher-sabel-m1811-sabel-der-preusischen-kavallerie\/\" \/>\n<meta property=\"og:locale\" content=\"de_DE\" \/>\n<meta property=\"og:type\" content=\"article\" \/>\n<meta property=\"og:title\" content=\"Sabre Bl\u00fccher M1811 - Vente \u00e9p\u00e9e de Cavalerie - RMC\" \/>\n<meta property=\"og:description\" content=\"Offrez-lui ce Sabre Bl\u00fccher M1811 au meilleur prix - Lame en acier carbone forg\u00e9e - Poign\u00e9e cuir - Garde m\u00e9tal - Fourreau acier - Longueur totale : 100 cm\" \/>\n<meta property=\"og:url\" content=\"https:\/\/repliquemangacine.fr\/de\/sabel-1-empire\/blucher-sabel-m1811-sabel-der-preusischen-kavallerie\/\" \/>\n<meta property=\"og:site_name\" content=\"R\u00e9plique Manga Cin\u00e9\" \/>\n<meta property=\"article:publisher\" content=\"https:\/\/www.facebook.com\/RepliqueMangaCine\" \/>\n<meta property=\"article:modified_time\" content=\"2025-09-23T16:01:59+00:00\" \/>\n<meta property=\"og:image\" content=\"https:\/\/repliquemangacine.fr\/wp-content\/uploads\/2023\/10\/2479-Sabre-de-cavalerie-prussienne-M-1811-dit-Blucher-Sabrefourreau.jpg\" \/>\n\t<meta property=\"og:image:width\" content=\"600\" \/>\n\t<meta property=\"og:image:height\" content=\"600\" \/>\n\t<meta property=\"og:image:type\" content=\"image\/jpeg\" \/>\n<meta name=\"twitter:card\" content=\"summary_large_image\" \/>\n<meta name=\"twitter:label1\" content=\"Gesch\u00e4tzte Lesezeit\" \/>\n\t<meta name=\"twitter:data1\" content=\"2\u00a0Minuten\" \/>\n<script type=\"application\/ld+json\" class=\"yoast-schema-graph\">{\"@context\":\"https:\\\/\\\/schema.org\",\"@graph\":[{\"@type\":\"WebPage\",\"@id\":\"https:\\\/\\\/repliquemangacine.fr\\\/sabres-1er-empire\\\/sabre-blucher-m1811-sabre-de-cavalerie-prussienne\\\/\",\"url\":\"https:\\\/\\\/repliquemangacine.fr\\\/sabres-1er-empire\\\/sabre-blucher-m1811-sabre-de-cavalerie-prussienne\\\/\",\"name\":\"Sabre Bl\u00fccher M1811 - Vente \u00e9p\u00e9e de Cavalerie - RMC\",\"isPartOf\":{\"@id\":\"https:\\\/\\\/repliquemangacine.fr\\\/#website\"},\"primaryImageOfPage\":{\"@id\":\"https:\\\/\\\/repliquemangacine.fr\\\/sabres-1er-empire\\\/sabre-blucher-m1811-sabre-de-cavalerie-prussienne\\\/#primaryimage\"},\"image\":{\"@id\":\"https:\\\/\\\/repliquemangacine.fr\\\/sabres-1er-empire\\\/sabre-blucher-m1811-sabre-de-cavalerie-prussienne\\\/#primaryimage\"},\"thumbnailUrl\":\"https:\\\/\\\/repliquemangacine.fr\\\/wp-content\\\/uploads\\\/2023\\\/10\\\/2479-Sabre-de-cavalerie-prussienne-M-1811-dit-Blucher-Sabrefourreau.jpg\",\"datePublished\":\"2018-03-15T18:03:41+00:00\",\"dateModified\":\"2025-09-23T16:01:59+00:00\",\"description\":\"Offrez-lui ce Sabre Bl\u00fccher M1811 au meilleur prix - Lame en acier carbone forg\u00e9e - Poign\u00e9e cuir - Garde m\u00e9tal - Fourreau acier - Longueur totale : 100 cm\",\"breadcrumb\":{\"@id\":\"https:\\\/\\\/repliquemangacine.fr\\\/sabres-1er-empire\\\/sabre-blucher-m1811-sabre-de-cavalerie-prussienne\\\/#breadcrumb\"},\"inLanguage\":\"de\",\"potentialAction\":[{\"@type\":\"ReadAction\",\"target\":[\"https:\\\/\\\/repliquemangacine.fr\\\/sabres-1er-empire\\\/sabre-blucher-m1811-sabre-de-cavalerie-prussienne\\\/\"]}]},{\"@type\":\"ImageObject\",\"inLanguage\":\"de\",\"@id\":\"https:\\\/\\\/repliquemangacine.fr\\\/sabres-1er-empire\\\/sabre-blucher-m1811-sabre-de-cavalerie-prussienne\\\/#primaryimage\",\"url\":\"https:\\\/\\\/repliquemangacine.fr\\\/wp-content\\\/uploads\\\/2023\\\/10\\\/2479-Sabre-de-cavalerie-prussienne-M-1811-dit-Blucher-Sabrefourreau.jpg\",\"contentUrl\":\"https:\\\/\\\/repliquemangacine.fr\\\/wp-content\\\/uploads\\\/2023\\\/10\\\/2479-Sabre-de-cavalerie-prussienne-M-1811-dit-Blucher-Sabrefourreau.jpg\",\"width\":600,\"height\":600,\"caption\":\"Sabre de cavalerie prussienne M 1811, dit Bl\u00fccher Sabre+fourreau\"},{\"@type\":\"BreadcrumbList\",\"@id\":\"https:\\\/\\\/repliquemangacine.fr\\\/sabres-1er-empire\\\/sabre-blucher-m1811-sabre-de-cavalerie-prussienne\\\/#breadcrumb\",\"itemListElement\":[{\"@type\":\"ListItem\",\"position\":1,\"name\":\"Accueil\",\"item\":\"https:\\\/\\\/repliquemangacine.fr\\\/\"},{\"@type\":\"ListItem\",\"position\":2,\"name\":\"Produits\",\"item\":\"https:\\\/\\\/repliquemangacine.fr\\\/boutique\\\/\"},{\"@type\":\"ListItem\",\"position\":3,\"name\":\"Sabre Bl\u00fccher M1811\"}]},{\"@type\":\"WebSite\",\"@id\":\"https:\\\/\\\/repliquemangacine.fr\\\/#website\",\"url\":\"https:\\\/\\\/repliquemangacine.fr\\\/\",\"name\":\"R\u00e9plique Manga Cin\u00e9\",\"description\":\"\",\"publisher\":{\"@id\":\"https:\\\/\\\/repliquemangacine.fr\\\/#organization\"},\"potentialAction\":[{\"@type\":\"SearchAction\",\"target\":{\"@type\":\"EntryPoint\",\"urlTemplate\":\"https:\\\/\\\/repliquemangacine.fr\\\/?s={search_term_string}\"},\"query-input\":{\"@type\":\"PropertyValueSpecification\",\"valueRequired\":true,\"valueName\":\"search_term_string\"}}],\"inLanguage\":\"de\"},{\"@type\":\"Organization\",\"@id\":\"https:\\\/\\\/repliquemangacine.fr\\\/#organization\",\"name\":\"R\u00e9plique Manga Cin\u00e9\",\"url\":\"https:\\\/\\\/repliquemangacine.fr\\\/\",\"logo\":{\"@type\":\"ImageObject\",\"inLanguage\":\"de\",\"@id\":\"https:\\\/\\\/repliquemangacine.fr\\\/#\\\/schema\\\/logo\\\/image\\\/\",\"url\":\"https:\\\/\\\/repliquemangacine.fr\\\/wp-content\\\/uploads\\\/2023\\\/10\\\/RMC-500250.png\",\"contentUrl\":\"https:\\\/\\\/repliquemangacine.fr\\\/wp-content\\\/uploads\\\/2023\\\/10\\\/RMC-500250.png\",\"width\":500,\"height\":250,\"caption\":\"R\u00e9plique Manga Cin\u00e9\"},\"image\":{\"@id\":\"https:\\\/\\\/repliquemangacine.fr\\\/#\\\/schema\\\/logo\\\/image\\\/\"},\"sameAs\":[\"https:\\\/\\\/www.facebook.com\\\/RepliqueMangaCine\",\"https:\\\/\\\/www.instagram.com\\\/repliquemangacine.fr\\\/\"]}]}<\/script>\n<!-- \/ Yoast SEO plugin. -->","yoast_head_json":{"title":"Bl\u00fccher S\u00e4bel M1811 - Kavallerie Degen Verkauf - RMC","description":"Bieten Sie ihm diesen Bl\u00fccher S\u00e4bel M1811 zum besten Preis an - Geschmiedete Klinge aus Karbonstahl - Ledergriff - Metallschutz - Stahlscheide - Gesamtl\u00e4nge: 100 cm","robots":{"index":"index","follow":"follow","max-snippet":"max-snippet:-1","max-image-preview":"max-image-preview:large","max-video-preview":"max-video-preview:-1"},"canonical":"https:\/\/repliquemangacine.fr\/de\/sabel-1-empire\/blucher-sabel-m1811-sabel-der-preusischen-kavallerie\/","og_locale":"de_DE","og_type":"article","og_title":"Sabre Bl\u00fccher M1811 - Vente \u00e9p\u00e9e de Cavalerie - RMC","og_description":"Offrez-lui ce Sabre Bl\u00fccher M1811 au meilleur prix - Lame en acier carbone forg\u00e9e - Poign\u00e9e cuir - Garde m\u00e9tal - Fourreau acier - Longueur totale : 100 cm","og_url":"https:\/\/repliquemangacine.fr\/de\/sabel-1-empire\/blucher-sabel-m1811-sabel-der-preusischen-kavallerie\/","og_site_name":"R\u00e9plique Manga Cin\u00e9","article_publisher":"https:\/\/www.facebook.com\/RepliqueMangaCine","article_modified_time":"2025-09-23T16:01:59+00:00","og_image":[{"width":600,"height":600,"url":"https:\/\/repliquemangacine.fr\/wp-content\/uploads\/2023\/10\/2479-Sabre-de-cavalerie-prussienne-M-1811-dit-Blucher-Sabrefourreau.jpg","type":"image\/jpeg"}],"twitter_card":"summary_large_image","twitter_misc":{"Gesch\u00e4tzte Lesezeit":"2\u00a0Minuten"},"schema":{"@context":"https:\/\/schema.org","@graph":[{"@type":"WebPage","@id":"https:\/\/repliquemangacine.fr\/sabres-1er-empire\/sabre-blucher-m1811-sabre-de-cavalerie-prussienne\/","url":"https:\/\/repliquemangacine.fr\/sabres-1er-empire\/sabre-blucher-m1811-sabre-de-cavalerie-prussienne\/","name":"Bl\u00fccher S\u00e4bel M1811 - Kavallerie Degen Verkauf - RMC","isPartOf":{"@id":"https:\/\/repliquemangacine.fr\/#website"},"primaryImageOfPage":{"@id":"https:\/\/repliquemangacine.fr\/sabres-1er-empire\/sabre-blucher-m1811-sabre-de-cavalerie-prussienne\/#primaryimage"},"image":{"@id":"https:\/\/repliquemangacine.fr\/sabres-1er-empire\/sabre-blucher-m1811-sabre-de-cavalerie-prussienne\/#primaryimage"},"thumbnailUrl":"https:\/\/repliquemangacine.fr\/wp-content\/uploads\/2023\/10\/2479-Sabre-de-cavalerie-prussienne-M-1811-dit-Blucher-Sabrefourreau.jpg","datePublished":"2018-03-15T18:03:41+00:00","dateModified":"2025-09-23T16:01:59+00:00","description":"Bieten Sie ihm diesen Bl\u00fccher S\u00e4bel M1811 zum besten Preis an - Geschmiedete Klinge aus Karbonstahl - Ledergriff - Metallschutz - Stahlscheide - Gesamtl\u00e4nge: 100 cm","breadcrumb":{"@id":"https:\/\/repliquemangacine.fr\/sabres-1er-empire\/sabre-blucher-m1811-sabre-de-cavalerie-prussienne\/#breadcrumb"},"inLanguage":"de","potentialAction":[{"@type":"ReadAction","target":["https:\/\/repliquemangacine.fr\/sabres-1er-empire\/sabre-blucher-m1811-sabre-de-cavalerie-prussienne\/"]}]},{"@type":"ImageObject","inLanguage":"de","@id":"https:\/\/repliquemangacine.fr\/sabres-1er-empire\/sabre-blucher-m1811-sabre-de-cavalerie-prussienne\/#primaryimage","url":"https:\/\/repliquemangacine.fr\/wp-content\/uploads\/2023\/10\/2479-Sabre-de-cavalerie-prussienne-M-1811-dit-Blucher-Sabrefourreau.jpg","contentUrl":"https:\/\/repliquemangacine.fr\/wp-content\/uploads\/2023\/10\/2479-Sabre-de-cavalerie-prussienne-M-1811-dit-Blucher-Sabrefourreau.jpg","width":600,"height":600,"caption":"Sabre de cavalerie prussienne M 1811, dit Bl\u00fccher Sabre+fourreau"},{"@type":"BreadcrumbList","@id":"https:\/\/repliquemangacine.fr\/sabres-1er-empire\/sabre-blucher-m1811-sabre-de-cavalerie-prussienne\/#breadcrumb","itemListElement":[{"@type":"ListItem","position":1,"name":"Accueil","item":"https:\/\/repliquemangacine.fr\/"},{"@type":"ListItem","position":2,"name":"Produits","item":"https:\/\/repliquemangacine.fr\/boutique\/"},{"@type":"ListItem","position":3,"name":"Sabre Bl\u00fccher M1811"}]},{"@type":"WebSite","@id":"https:\/\/repliquemangacine.fr\/#website","url":"https:\/\/repliquemangacine.fr\/","name":"R\u00e9plique Manga Cin\u00e9","description":"","publisher":{"@id":"https:\/\/repliquemangacine.fr\/#organization"},"potentialAction":[{"@type":"SearchAction","target":{"@type":"EntryPoint","urlTemplate":"https:\/\/repliquemangacine.fr\/?s={search_term_string}"},"query-input":{"@type":"PropertyValueSpecification","valueRequired":true,"valueName":"search_term_string"}}],"inLanguage":"de"},{"@type":"Organization","@id":"https:\/\/repliquemangacine.fr\/#organization","name":"R\u00e9plique Manga Cin\u00e9","url":"https:\/\/repliquemangacine.fr\/","logo":{"@type":"ImageObject","inLanguage":"de","@id":"https:\/\/repliquemangacine.fr\/#\/schema\/logo\/image\/","url":"https:\/\/repliquemangacine.fr\/wp-content\/uploads\/2023\/10\/RMC-500250.png","contentUrl":"https:\/\/repliquemangacine.fr\/wp-content\/uploads\/2023\/10\/RMC-500250.png","width":500,"height":250,"caption":"R\u00e9plique Manga Cin\u00e9"},"image":{"@id":"https:\/\/repliquemangacine.fr\/#\/schema\/logo\/image\/"},"sameAs":["https:\/\/www.facebook.com\/RepliqueMangaCine","https:\/\/www.instagram.com\/repliquemangacine.fr\/"]}]}},"_links":{"self":[{"href":"https:\/\/repliquemangacine.fr\/de\/wp-json\/wp\/v2\/product\/27714","targetHints":{"allow":["GET"]}}],"collection":[{"href":"https:\/\/repliquemangacine.fr\/de\/wp-json\/wp\/v2\/product"}],"about":[{"href":"https:\/\/repliquemangacine.fr\/de\/wp-json\/wp\/v2\/types\/product"}],"wp:featuredmedia":[{"embeddable":true,"href":"https:\/\/repliquemangacine.fr\/de\/wp-json\/wp\/v2\/media\/27715"}],"wp:attachment":[{"href":"https:\/\/repliquemangacine.fr\/de\/wp-json\/wp\/v2\/media?parent=27714"}],"wp:term":[{"taxonomy":"product_brand","embeddable":true,"href":"https:\/\/repliquemangacine.fr\/de\/wp-json\/wp\/v2\/product_brand?post=27714"},{"taxonomy":"product_cat","embeddable":true,"href":"https:\/\/repliquemangacine.fr\/de\/wp-json\/wp\/v2\/product_cat?post=27714"},{"taxonomy":"product_tag","embeddable":true,"href":"https:\/\/repliquemangacine.fr\/de\/wp-json\/wp\/v2\/product_tag?post=27714"}],"curies":[{"name":"wp","href":"https:\/\/api.w.org\/{rel}","templated":true}]}}