





{"id":27708,"date":"2018-03-15T17:07:57","date_gmt":"2018-03-15T16:07:57","guid":{"rendered":"https:\/\/repliquemangacine.fr\/?post_type=product&#038;p=27708"},"modified":"2026-04-25T19:46:24","modified_gmt":"2026-04-25T17:46:24","slug":"sabel-der-kavallerie-us-19-jahrhundert","status":"publish","type":"product","link":"https:\/\/repliquemangacine.fr\/de\/sabres-1er-empire\/sabre-de-cavalerie-us-19eme-siecle\/","title":{"rendered":"US Kavalleries\u00e4bel 19. Jahrhundert"},"content":{"rendered":"<h2>US Kavallerie-S\u00e4bel 19\u1d49 Jh.<\/h2>\n<p>Zu Beginn wird der <strong>US-Kavallerie-S\u00e4bel<\/strong>, wurde w\u00e4hrend des amerikanischen B\u00fcrgerkriegs von den S\u00fcdstaaten verwendet. Ideal f\u00fcr Nachstellungen, jedoch nicht f\u00fcr den Kampf geeignet.<\/p>\n<p>Die <a href=\"https:\/\/www.histoire-pour-tous.fr\/dossiers\/241-la-guerre-de-secession.html\" target=\"_blank\" rel=\"noopener noreferrer\">Sezessionskrieg<\/a> ist ein blutiger B\u00fcrgerkrieg, der zwischen 1861 und 1865 in den Vereinigten Staaten zwischen den Nordstaaten (Union) und den S\u00fcdstaaten (Konf\u00f6derierten) ausgetragen wurde.  Er ist bis heute der t\u00f6dlichste Krieg in der Geschichte der Vereinigten Staaten von Amerika.<\/p>\n<p>Die Frage der Abschaffung der Sklaverei in den S\u00fcdstaaten war einer der Hauptausl\u00f6ser. Dieser Krieg, der in Nordamerika als \u201dCivil War\u201d bezeichnet wird, zerriss die Vereinigten Staaten vier Jahre lang und forderte 617.000 Todesopfer unter den K\u00e4mpfern, weit mehr als jeder andere Krieg, an dem das Land beteiligt war, einschlie\u00dflich der beiden Weltkriege.<\/p>\n<h2>Ihr US-Kavallerie-S\u00e4bel zum besten Preis.<\/h2>\n<p>Wir bieten Ihnen eine gro\u00dfe Auswahl an Reproduktionen historischer Waffen.<\/p>\n<p>Zun\u00e4chst einmal,<\/p>\n<ul>\n<li>Der Sabre de Cavalerie 1860, auch bekannt als <a href=\"https:\/\/repliquemangacine.fr\/de\/sabel-1-empire\/sabel-kavallerie-us-1860\/\">M1862<\/a>Die Kavallerie der Vereinigten Staaten verwendete diese Waffe.<\/li>\n<li>Sowie der preu\u00dfische Kavalleries\u00e4bel, Modell M 1811, genannt <a href=\"https:\/\/repliquemangacine.fr\/de\/sabel-1-empire\/blucher-sabel-m1811-sabel-der-preusischen-kavallerie\/\">Bl\u00fccher S\u00e4bel<\/a>.<\/li>\n<li>Es gibt auch den <a href=\"https:\/\/repliquemangacine.fr\/de\/sabel-1-empire\/sabre-marine-m1859-nco-usa-united-cutlery\/\">zeremonieller Marines\u00e4bel<\/a>. Zeremonienschwert mit offizieller U.S.M.C.-Lizenz<\/li>\n<li>Und viele andere, die es in unserem Online-Shop zu entdecken gibt!<\/li>\n<\/ul>\n<p>Deshalb sind hier tolle Geschenkideen f\u00fcr Geschichtsinteressierte.<\/p>\n<p>Abschlie\u00dfend k\u00f6nnen Sie auch diesen <strong>US-Kavallerie-S\u00e4bel<\/strong> f\u00fcr Ihre historischen Nachstellungen. Vor allem aber ist dieser S\u00e4bel der Konf\u00f6derierten ein Sammler- und Dekorationsst\u00fcck.<\/p>\n<h2>Wie pflegt man die Klinge seines historischen Schwertes?<\/h2>\n<p>Sammlungs- und Dekorationsschwerter werden in vereinfachter Form hergestellt und zusammengebaut. Da sie zu Dekorationszwecken verwendet werden, fehlen ihnen die Sicherheitselemente, die ein japanisches Schwert f\u00fcr Trainingszwecke aufweisen muss.<\/p>\n<p>Allerdings ist Ihr <strong>US-Kavallerie-S\u00e4bel<\/strong> zu einer Stahlklinge, die gepflegt werden muss, damit sie nicht mit der Zeit abgenutzt wird. Denn wenn du dein Katana ausstellst, werden deine Freunde neugierig sein, die Klinge zu sehen und sie zu ber\u00fchren. Hier ist Vorsicht geboten, denn Sie sollten wissen, dass die S\u00e4ure der Finger dem Stahl unabh\u00e4ngig von seiner Qualit\u00e4t sehr schadet.<\/p>\n<p>Wenn dies jedoch passiert, keine Panik, Sie brauchen nur ein Tuch, das mit etwas \u00d6l befeuchtet ist, und wischen die Fingerabdr\u00fccke ab. Wenn Sie dies tun, werden Sie Ihr Schwert sehr lange behalten.<\/p>","protected":false},"excerpt":{"rendered":"<p>Amerikanischer Kavalleries\u00e4bel aus dem 19\u1d49 Jahrhundert.<\/p>\n<ul>\n<li>Geschmiedete Klinge aus Kohlenstoffstahl (nicht gesch\u00e4rft).<\/li>\n<li>Vierspitzige Messinggarde.<\/li>\n<li>Griff mit Golddraht verziert.<\/li>\n<li>Scheide aus rostfreiem Stahl.<\/li>\n<li>Gesamtl\u00e4nge:107 cm - Klingenl\u00e4nge:91.5 cm - Gewicht: 1300grs<\/li>\n<\/ul>\n<p><strong>\u00a0<\/strong><\/p>","protected":false},"featured_media":27709,"template":"","meta":[],"product_brand":[896],"product_cat":[25,37,74],"product_tag":[],"class_list":{"0":"post-27708","1":"product","2":"type-product","3":"status-publish","4":"has-post-thumbnail","6":"product_brand-replique-manga-cine","7":"product_cat-armes-historiques","8":"product_cat-premier-empire","9":"product_cat-sabres-1er-empire","11":"first","12":"instock","13":"taxable","14":"shipping-taxable","15":"purchasable","16":"product-type-simple"},"yoast_head":"<!-- This site is optimized with the Yoast SEO plugin v27.5 - https:\/\/yoast.com\/product\/yoast-seo-wordpress\/ -->\n<title>Sabre de Cavalerie US - Vente Sabre Guerre de S\u00e9cession - RMC<\/title>\n<meta name=\"description\" content=\"D\u00e9couvrez ce Sabre de Cavalerie US au meilleur prix - Lame forg\u00e9e main en acier carbone - Garde en laiton - Fourreau acier inox - Longueur totale : 107 cm\" \/>\n<meta name=\"robots\" content=\"index, follow, max-snippet:-1, max-image-preview:large, max-video-preview:-1\" \/>\n<link rel=\"canonical\" href=\"https:\/\/repliquemangacine.fr\/de\/sabel-1-empire\/sabel-der-kavallerie-us-19-jahrhundert\/\" \/>\n<meta property=\"og:locale\" content=\"de_DE\" \/>\n<meta property=\"og:type\" content=\"article\" \/>\n<meta property=\"og:title\" content=\"Sabre de Cavalerie US - Vente Sabre Guerre de S\u00e9cession - RMC\" \/>\n<meta property=\"og:description\" content=\"D\u00e9couvrez ce Sabre de Cavalerie US au meilleur prix - Lame forg\u00e9e main en acier carbone - Garde en laiton - Fourreau acier inox - Longueur totale : 107 cm\" \/>\n<meta property=\"og:url\" content=\"https:\/\/repliquemangacine.fr\/de\/sabel-1-empire\/sabel-der-kavallerie-us-19-jahrhundert\/\" \/>\n<meta property=\"og:site_name\" content=\"R\u00e9plique Manga Cin\u00e9\" \/>\n<meta property=\"article:publisher\" content=\"https:\/\/www.facebook.com\/RepliqueMangaCine\" \/>\n<meta property=\"article:modified_time\" content=\"2026-04-25T17:46:24+00:00\" \/>\n<meta property=\"og:image\" content=\"https:\/\/repliquemangacine.fr\/wp-content\/uploads\/2023\/10\/2474-Replique-Sabre-de-Cavalerie-US-19eme-Sieclepoignee.jpg\" \/>\n\t<meta property=\"og:image:width\" content=\"600\" \/>\n\t<meta property=\"og:image:height\" content=\"600\" \/>\n\t<meta property=\"og:image:type\" content=\"image\/jpeg\" \/>\n<meta name=\"twitter:card\" content=\"summary_large_image\" \/>\n<meta name=\"twitter:label1\" content=\"Gesch\u00e4tzte Lesezeit\" \/>\n\t<meta name=\"twitter:data1\" content=\"2\u00a0Minuten\" \/>\n<script type=\"application\/ld+json\" class=\"yoast-schema-graph\">{\"@context\":\"https:\\\/\\\/schema.org\",\"@graph\":[{\"@type\":\"WebPage\",\"@id\":\"https:\\\/\\\/repliquemangacine.fr\\\/sabres-1er-empire\\\/sabre-de-cavalerie-us-19eme-siecle\\\/\",\"url\":\"https:\\\/\\\/repliquemangacine.fr\\\/sabres-1er-empire\\\/sabre-de-cavalerie-us-19eme-siecle\\\/\",\"name\":\"Sabre de Cavalerie US - Vente Sabre Guerre de S\u00e9cession - RMC\",\"isPartOf\":{\"@id\":\"https:\\\/\\\/repliquemangacine.fr\\\/#website\"},\"primaryImageOfPage\":{\"@id\":\"https:\\\/\\\/repliquemangacine.fr\\\/sabres-1er-empire\\\/sabre-de-cavalerie-us-19eme-siecle\\\/#primaryimage\"},\"image\":{\"@id\":\"https:\\\/\\\/repliquemangacine.fr\\\/sabres-1er-empire\\\/sabre-de-cavalerie-us-19eme-siecle\\\/#primaryimage\"},\"thumbnailUrl\":\"https:\\\/\\\/repliquemangacine.fr\\\/wp-content\\\/uploads\\\/2023\\\/10\\\/2474-Replique-Sabre-de-Cavalerie-US-19eme-Sieclepoignee.jpg\",\"datePublished\":\"2018-03-15T16:07:57+00:00\",\"dateModified\":\"2026-04-25T17:46:24+00:00\",\"description\":\"D\u00e9couvrez ce Sabre de Cavalerie US au meilleur prix - Lame forg\u00e9e main en acier carbone - Garde en laiton - Fourreau acier inox - Longueur totale : 107 cm\",\"breadcrumb\":{\"@id\":\"https:\\\/\\\/repliquemangacine.fr\\\/sabres-1er-empire\\\/sabre-de-cavalerie-us-19eme-siecle\\\/#breadcrumb\"},\"inLanguage\":\"de\",\"potentialAction\":[{\"@type\":\"ReadAction\",\"target\":[\"https:\\\/\\\/repliquemangacine.fr\\\/sabres-1er-empire\\\/sabre-de-cavalerie-us-19eme-siecle\\\/\"]}]},{\"@type\":\"ImageObject\",\"inLanguage\":\"de\",\"@id\":\"https:\\\/\\\/repliquemangacine.fr\\\/sabres-1er-empire\\\/sabre-de-cavalerie-us-19eme-siecle\\\/#primaryimage\",\"url\":\"https:\\\/\\\/repliquemangacine.fr\\\/wp-content\\\/uploads\\\/2023\\\/10\\\/2474-Replique-Sabre-de-Cavalerie-US-19eme-Sieclepoignee.jpg\",\"contentUrl\":\"https:\\\/\\\/repliquemangacine.fr\\\/wp-content\\\/uploads\\\/2023\\\/10\\\/2474-Replique-Sabre-de-Cavalerie-US-19eme-Sieclepoignee.jpg\",\"width\":600,\"height\":600,\"caption\":\"R\u00e9plique Sabre de Cavalerie US 19\u00e8me Si\u00e8cle+poignee\"},{\"@type\":\"BreadcrumbList\",\"@id\":\"https:\\\/\\\/repliquemangacine.fr\\\/sabres-1er-empire\\\/sabre-de-cavalerie-us-19eme-siecle\\\/#breadcrumb\",\"itemListElement\":[{\"@type\":\"ListItem\",\"position\":1,\"name\":\"Accueil\",\"item\":\"https:\\\/\\\/repliquemangacine.fr\\\/\"},{\"@type\":\"ListItem\",\"position\":2,\"name\":\"Produits\",\"item\":\"https:\\\/\\\/repliquemangacine.fr\\\/boutique\\\/\"},{\"@type\":\"ListItem\",\"position\":3,\"name\":\"Sabre de Cavalerie US 19\u00e8me Si\u00e8cle\"}]},{\"@type\":\"WebSite\",\"@id\":\"https:\\\/\\\/repliquemangacine.fr\\\/#website\",\"url\":\"https:\\\/\\\/repliquemangacine.fr\\\/\",\"name\":\"R\u00e9plique Manga Cin\u00e9\",\"description\":\"\",\"publisher\":{\"@id\":\"https:\\\/\\\/repliquemangacine.fr\\\/#organization\"},\"potentialAction\":[{\"@type\":\"SearchAction\",\"target\":{\"@type\":\"EntryPoint\",\"urlTemplate\":\"https:\\\/\\\/repliquemangacine.fr\\\/?s={search_term_string}\"},\"query-input\":{\"@type\":\"PropertyValueSpecification\",\"valueRequired\":true,\"valueName\":\"search_term_string\"}}],\"inLanguage\":\"de\"},{\"@type\":\"Organization\",\"@id\":\"https:\\\/\\\/repliquemangacine.fr\\\/#organization\",\"name\":\"R\u00e9plique Manga Cin\u00e9\",\"url\":\"https:\\\/\\\/repliquemangacine.fr\\\/\",\"logo\":{\"@type\":\"ImageObject\",\"inLanguage\":\"de\",\"@id\":\"https:\\\/\\\/repliquemangacine.fr\\\/#\\\/schema\\\/logo\\\/image\\\/\",\"url\":\"https:\\\/\\\/repliquemangacine.fr\\\/wp-content\\\/uploads\\\/2023\\\/10\\\/RMC-500250.png\",\"contentUrl\":\"https:\\\/\\\/repliquemangacine.fr\\\/wp-content\\\/uploads\\\/2023\\\/10\\\/RMC-500250.png\",\"width\":500,\"height\":250,\"caption\":\"R\u00e9plique Manga Cin\u00e9\"},\"image\":{\"@id\":\"https:\\\/\\\/repliquemangacine.fr\\\/#\\\/schema\\\/logo\\\/image\\\/\"},\"sameAs\":[\"https:\\\/\\\/www.facebook.com\\\/RepliqueMangaCine\",\"https:\\\/\\\/www.instagram.com\\\/repliquemangacine.fr\\\/\"]}]}<\/script>\n<!-- \/ Yoast SEO plugin. -->","yoast_head_json":{"title":"US Kavallerie S\u00e4bel - B\u00fcrgerkrieg S\u00e4belverkauf - RMC","description":"Entdecken Sie diesen US Kavalleries\u00e4bel zum besten Preis - Handgeschmiedete Klinge aus Karbonstahl - Messingschutz - Scheide aus rostfreiem Stahl - Gesamtl\u00e4nge: 107 cm","robots":{"index":"index","follow":"follow","max-snippet":"max-snippet:-1","max-image-preview":"max-image-preview:large","max-video-preview":"max-video-preview:-1"},"canonical":"https:\/\/repliquemangacine.fr\/de\/sabel-1-empire\/sabel-der-kavallerie-us-19-jahrhundert\/","og_locale":"de_DE","og_type":"article","og_title":"Sabre de Cavalerie US - Vente Sabre Guerre de S\u00e9cession - RMC","og_description":"D\u00e9couvrez ce Sabre de Cavalerie US au meilleur prix - Lame forg\u00e9e main en acier carbone - Garde en laiton - Fourreau acier inox - Longueur totale : 107 cm","og_url":"https:\/\/repliquemangacine.fr\/de\/sabel-1-empire\/sabel-der-kavallerie-us-19-jahrhundert\/","og_site_name":"R\u00e9plique Manga Cin\u00e9","article_publisher":"https:\/\/www.facebook.com\/RepliqueMangaCine","article_modified_time":"2026-04-25T17:46:24+00:00","og_image":[{"width":600,"height":600,"url":"https:\/\/repliquemangacine.fr\/wp-content\/uploads\/2023\/10\/2474-Replique-Sabre-de-Cavalerie-US-19eme-Sieclepoignee.jpg","type":"image\/jpeg"}],"twitter_card":"summary_large_image","twitter_misc":{"Gesch\u00e4tzte Lesezeit":"2\u00a0Minuten"},"schema":{"@context":"https:\/\/schema.org","@graph":[{"@type":"WebPage","@id":"https:\/\/repliquemangacine.fr\/sabres-1er-empire\/sabre-de-cavalerie-us-19eme-siecle\/","url":"https:\/\/repliquemangacine.fr\/sabres-1er-empire\/sabre-de-cavalerie-us-19eme-siecle\/","name":"US Kavallerie S\u00e4bel - B\u00fcrgerkrieg S\u00e4belverkauf - RMC","isPartOf":{"@id":"https:\/\/repliquemangacine.fr\/#website"},"primaryImageOfPage":{"@id":"https:\/\/repliquemangacine.fr\/sabres-1er-empire\/sabre-de-cavalerie-us-19eme-siecle\/#primaryimage"},"image":{"@id":"https:\/\/repliquemangacine.fr\/sabres-1er-empire\/sabre-de-cavalerie-us-19eme-siecle\/#primaryimage"},"thumbnailUrl":"https:\/\/repliquemangacine.fr\/wp-content\/uploads\/2023\/10\/2474-Replique-Sabre-de-Cavalerie-US-19eme-Sieclepoignee.jpg","datePublished":"2018-03-15T16:07:57+00:00","dateModified":"2026-04-25T17:46:24+00:00","description":"Entdecken Sie diesen US Kavalleries\u00e4bel zum besten Preis - Handgeschmiedete Klinge aus Karbonstahl - Messingschutz - Scheide aus rostfreiem Stahl - Gesamtl\u00e4nge: 107 cm","breadcrumb":{"@id":"https:\/\/repliquemangacine.fr\/sabres-1er-empire\/sabre-de-cavalerie-us-19eme-siecle\/#breadcrumb"},"inLanguage":"de","potentialAction":[{"@type":"ReadAction","target":["https:\/\/repliquemangacine.fr\/sabres-1er-empire\/sabre-de-cavalerie-us-19eme-siecle\/"]}]},{"@type":"ImageObject","inLanguage":"de","@id":"https:\/\/repliquemangacine.fr\/sabres-1er-empire\/sabre-de-cavalerie-us-19eme-siecle\/#primaryimage","url":"https:\/\/repliquemangacine.fr\/wp-content\/uploads\/2023\/10\/2474-Replique-Sabre-de-Cavalerie-US-19eme-Sieclepoignee.jpg","contentUrl":"https:\/\/repliquemangacine.fr\/wp-content\/uploads\/2023\/10\/2474-Replique-Sabre-de-Cavalerie-US-19eme-Sieclepoignee.jpg","width":600,"height":600,"caption":"R\u00e9plique Sabre de Cavalerie US 19\u00e8me Si\u00e8cle+poignee"},{"@type":"BreadcrumbList","@id":"https:\/\/repliquemangacine.fr\/sabres-1er-empire\/sabre-de-cavalerie-us-19eme-siecle\/#breadcrumb","itemListElement":[{"@type":"ListItem","position":1,"name":"Accueil","item":"https:\/\/repliquemangacine.fr\/"},{"@type":"ListItem","position":2,"name":"Produits","item":"https:\/\/repliquemangacine.fr\/boutique\/"},{"@type":"ListItem","position":3,"name":"Sabre de Cavalerie US 19\u00e8me Si\u00e8cle"}]},{"@type":"WebSite","@id":"https:\/\/repliquemangacine.fr\/#website","url":"https:\/\/repliquemangacine.fr\/","name":"R\u00e9plique Manga Cin\u00e9","description":"","publisher":{"@id":"https:\/\/repliquemangacine.fr\/#organization"},"potentialAction":[{"@type":"SearchAction","target":{"@type":"EntryPoint","urlTemplate":"https:\/\/repliquemangacine.fr\/?s={search_term_string}"},"query-input":{"@type":"PropertyValueSpecification","valueRequired":true,"valueName":"search_term_string"}}],"inLanguage":"de"},{"@type":"Organization","@id":"https:\/\/repliquemangacine.fr\/#organization","name":"R\u00e9plique Manga Cin\u00e9","url":"https:\/\/repliquemangacine.fr\/","logo":{"@type":"ImageObject","inLanguage":"de","@id":"https:\/\/repliquemangacine.fr\/#\/schema\/logo\/image\/","url":"https:\/\/repliquemangacine.fr\/wp-content\/uploads\/2023\/10\/RMC-500250.png","contentUrl":"https:\/\/repliquemangacine.fr\/wp-content\/uploads\/2023\/10\/RMC-500250.png","width":500,"height":250,"caption":"R\u00e9plique Manga Cin\u00e9"},"image":{"@id":"https:\/\/repliquemangacine.fr\/#\/schema\/logo\/image\/"},"sameAs":["https:\/\/www.facebook.com\/RepliqueMangaCine","https:\/\/www.instagram.com\/repliquemangacine.fr\/"]}]}},"_links":{"self":[{"href":"https:\/\/repliquemangacine.fr\/de\/wp-json\/wp\/v2\/product\/27708","targetHints":{"allow":["GET"]}}],"collection":[{"href":"https:\/\/repliquemangacine.fr\/de\/wp-json\/wp\/v2\/product"}],"about":[{"href":"https:\/\/repliquemangacine.fr\/de\/wp-json\/wp\/v2\/types\/product"}],"wp:featuredmedia":[{"embeddable":true,"href":"https:\/\/repliquemangacine.fr\/de\/wp-json\/wp\/v2\/media\/27709"}],"wp:attachment":[{"href":"https:\/\/repliquemangacine.fr\/de\/wp-json\/wp\/v2\/media?parent=27708"}],"wp:term":[{"taxonomy":"product_brand","embeddable":true,"href":"https:\/\/repliquemangacine.fr\/de\/wp-json\/wp\/v2\/product_brand?post=27708"},{"taxonomy":"product_cat","embeddable":true,"href":"https:\/\/repliquemangacine.fr\/de\/wp-json\/wp\/v2\/product_cat?post=27708"},{"taxonomy":"product_tag","embeddable":true,"href":"https:\/\/repliquemangacine.fr\/de\/wp-json\/wp\/v2\/product_tag?post=27708"}],"curies":[{"name":"wp","href":"https:\/\/api.w.org\/{rel}","templated":true}]}}