





{"id":27703,"date":"2018-02-25T16:25:28","date_gmt":"2018-02-25T15:25:28","guid":{"rendered":"https:\/\/repliquemangacine.fr\/?post_type=product&#038;p=27703"},"modified":"2025-09-23T18:01:58","modified_gmt":"2025-09-23T16:01:58","slug":"schwert-blackwatch-genji-overwatch-schwert-drachenklinge","status":"publish","type":"product","link":"https:\/\/repliquemangacine.fr\/de\/katana-et-epee-de-jeux-video-autre-jeux-video\/epee-blackwatch-genji-overwatch-epee-lame-de-dragon\/","title":{"rendered":"Schwert Blackwatch Genji Overwatch"},"content":{"rendered":"<h2>Schwert Blackwatch Genji Overwatch<\/h2>\n<p>Beginnen wir mit dem<strong>Schwert Blackwatch Genji Overwatch<\/strong>Der Name Drachenklinge in <a href=\"https:\/\/www.overwatch-world.com\/article\/insurrection-dans-overwatch-toutes-les-informations-383\" target=\"_blank\" rel=\"noopener noreferrer\">Overwatch Insurrection<\/a>. Zum ersten Mal wird ein Event umgesetzt, das nicht den traditionellen Festen weltweit entspricht. Dieses Event bringt neue Skins f\u00fcr die Helden mit sich.<\/p>\n<p>Genji Shimada ist einer der Hauptprotagonisten und spielbaren Charaktere des Videospiels Overwatch. Er ist ein Cyberninja aus Japan, Bruder von Hanzo und Sch\u00fcler von Zenyatta.<\/p>\n<p>Als Held des Schadens verf\u00fcgt Genji \u00fcber ein Katana namens Ry\u016b ichimonji, das er \u00fcbrigens pers\u00f6nlich pflegt und niemals jemand anderem erlaubt hat, es zu untersuchen oder zu reparieren. Es ist anzumerken, dass dieses Schwert mit einem traditionellen Wakizashi kombiniert wird, das horizontal am unteren R\u00fccken getragen wird. Seine Hauptwaffe ist der Shuriken, mit dem er seine Gegner mit einem st\u00e4ndigen Hagel von Shurikens bedr\u00e4ngen kann.<\/p>\n<h2>Ihr Blackwatch Genji Overwatch Schwert zum besten Preis.<\/h2>\n<p>Wir bieten Ihnen eine gro\u00dfe Auswahl an Repliken Ihres Lieblingsvideospiels Overwatch.<\/p>\n<p>Zun\u00e4chst einmal,<\/p>\n<ul>\n<li>Das Schwert<a href=\"https:\/\/repliquemangacine.fr\/de\/andere-videospiele\/epee-genji-baihu-nouvel-an-lunaire-overwatch\/\"> Genji Baihu<\/a> Overwatch, verf\u00fcgbar w\u00e4hrend des Neujahrsfestes.<\/li>\n<li>Es gibt auch den <a href=\"https:\/\/repliquemangacine.fr\/de\/ausverkauf\/overwatch-genji-katana-oni-drachenklinge\/\">Schwert von Genji Oni<\/a> Drachenklinge.<\/li>\n<li>Und viele andere, die es in unserem Online-Shop zu entdecken gibt!<\/li>\n<\/ul>\n<p>Deshalb ist dies eine tolle Geschenkidee f\u00fcr alle Overwatch-Fans.<\/p>\n<p>Zum Abschluss k\u00f6nnen Sie den<strong>Schwert Blackwatch Genji Overwatch<\/strong> f\u00fcr Ihre Cosplay-Paraden oder Themenabende. Vor allem aber ist dieses Schwert ein Sammler- und Dekorationsst\u00fcck.<\/p>\n<p>R\u00e9plique Manga Cin\u00e9 ist ein franz\u00f6sisches Familienunternehmen<\/p>\n<h2>Wie pflegt man die Klinge seines Overwatch-Schwerts?<\/h2>\n<p>Katanas f\u00fcr Sammlungen und Dekorationen werden auf vereinfachte Weise hergestellt und zusammengebaut. Da sie zu Dekorationszwecken verwendet werden, fehlen ihnen die Sicherheitsmerkmale, die ein japanisches Schwert f\u00fcr Trainingszwecke aufweisen muss.<\/p>\n<p>Allerdings ist Ihr <strong>Schwert Blackwatch Genji Overwatch<\/strong> zu einer Stahlklinge, die gepflegt werden muss, damit sie nicht mit der Zeit abgenutzt wird. Denn wenn du dein Katana ausstellst, werden deine Freunde neugierig sein, die Klinge zu sehen und sie zu ber\u00fchren. Hier ist Vorsicht geboten, denn Sie sollten wissen, dass die S\u00e4ure der Finger dem Stahl unabh\u00e4ngig von seiner Qualit\u00e4t sehr schadet.<\/p>\n<p>Wenn dies jedoch passiert, keine Panik, Sie brauchen nur ein Tuch, das mit etwas \u00d6l befeuchtet ist, und wischen die Fingerabdr\u00fccke ab. Wenn Sie dies tun, werden Sie Ihr Schwert sehr lange behalten.<\/p>\n<p><strong>\u00a0<\/strong><\/p>","protected":false},"excerpt":{"rendered":"<p>Genji-Blackwatch-S\u00e4bel \"Drachenklinge\" aus dem Videospiel Overwatch.<\/p>\n<ul>\n<li>Klinge aus rostfreiem Stahl mit Verzierungen.<\/li>\n<li>Garde und Knauf aus gegossenem Stahl.<\/li>\n<li>Griff aus hochwertigem ABS.<\/li>\n<li>Scheide aus schwarzem Kunstleder.<\/li>\n<li>Klingenl\u00e4nge:67cm - Gesamtl\u00e4nge: 104cm - Gesamtgewicht: 1400grs<\/li>\n<\/ul>","protected":false},"featured_media":27704,"template":"","meta":[],"product_brand":[896],"product_cat":[23,67],"product_tag":[],"class_list":{"0":"post-27703","1":"product","2":"type-product","3":"status-publish","4":"has-post-thumbnail","6":"product_brand-replique-manga-cine","7":"product_cat-repliques-manga-jeux-video","8":"product_cat-katana-et-epee-de-jeux-video-autre-jeux-video","10":"first","11":"instock","12":"taxable","13":"shipping-taxable","14":"purchasable","15":"product-type-simple"},"yoast_head":"<!-- This site is optimized with the Yoast SEO plugin v27.5 - https:\/\/yoast.com\/product\/yoast-seo-wordpress\/ -->\n<title>Ep\u00e9e Blackwatch Genji Overwatch - Lame de Dragon - RMC<\/title>\n<meta name=\"description\" content=\"Achetez vite ! L&#039;Ep\u00e9e Blackwatch Genji Overwatch pas ch\u00e8re. Cette lame de Dragon est en acier - Fourreau - Longueur : 104 cm - Envoi 24\/48h.\" \/>\n<meta name=\"robots\" content=\"index, follow, max-snippet:-1, max-image-preview:large, max-video-preview:-1\" \/>\n<link rel=\"canonical\" href=\"https:\/\/repliquemangacine.fr\/de\/katana-und-schwert-von-videospielen-andere-videospiele\/schwert-blackwatch-genji-overwatch-schwert-drachenklinge\/\" \/>\n<meta property=\"og:locale\" content=\"de_DE\" \/>\n<meta property=\"og:type\" content=\"article\" \/>\n<meta property=\"og:title\" content=\"Ep\u00e9e Blackwatch Genji Overwatch - Lame de Dragon - RMC\" \/>\n<meta property=\"og:description\" content=\"Achetez vite ! L&#039;Ep\u00e9e Blackwatch Genji Overwatch pas ch\u00e8re. Cette lame de Dragon est en acier - Fourreau - Longueur : 104 cm - Envoi 24\/48h.\" \/>\n<meta property=\"og:url\" content=\"https:\/\/repliquemangacine.fr\/de\/katana-und-schwert-von-videospielen-andere-videospiele\/schwert-blackwatch-genji-overwatch-schwert-drachenklinge\/\" \/>\n<meta property=\"og:site_name\" content=\"R\u00e9plique Manga Cin\u00e9\" \/>\n<meta property=\"article:publisher\" content=\"https:\/\/www.facebook.com\/RepliqueMangaCine\" \/>\n<meta property=\"article:modified_time\" content=\"2025-09-23T16:01:58+00:00\" \/>\n<meta property=\"og:image\" content=\"https:\/\/repliquemangacine.fr\/wp-content\/uploads\/2023\/10\/2470-Overwatch-Sabre-de-Genji-Blackwatch-Epee-lame-de-dragon-Spinner.jpg\" \/>\n\t<meta property=\"og:image:width\" content=\"600\" \/>\n\t<meta property=\"og:image:height\" content=\"600\" \/>\n\t<meta property=\"og:image:type\" content=\"image\/jpeg\" \/>\n<meta name=\"twitter:card\" content=\"summary_large_image\" \/>\n<meta name=\"twitter:label1\" content=\"Gesch\u00e4tzte Lesezeit\" \/>\n\t<meta name=\"twitter:data1\" content=\"1\u00a0Minute\" \/>\n<script type=\"application\/ld+json\" class=\"yoast-schema-graph\">{\"@context\":\"https:\\\/\\\/schema.org\",\"@graph\":[{\"@type\":\"WebPage\",\"@id\":\"https:\\\/\\\/repliquemangacine.fr\\\/en\\\/katana-and-video-game-sword-other-video-games\\\/blackwatch-sword-genji-overwatch-sword-dragon-blade\\\/\",\"url\":\"https:\\\/\\\/repliquemangacine.fr\\\/en\\\/katana-and-video-game-sword-other-video-games\\\/blackwatch-sword-genji-overwatch-sword-dragon-blade\\\/\",\"name\":\"Ep\u00e9e Blackwatch Genji Overwatch - Lame de Dragon - RMC\",\"isPartOf\":{\"@id\":\"https:\\\/\\\/repliquemangacine.fr\\\/#website\"},\"primaryImageOfPage\":{\"@id\":\"https:\\\/\\\/repliquemangacine.fr\\\/en\\\/katana-and-video-game-sword-other-video-games\\\/blackwatch-sword-genji-overwatch-sword-dragon-blade\\\/#primaryimage\"},\"image\":{\"@id\":\"https:\\\/\\\/repliquemangacine.fr\\\/en\\\/katana-and-video-game-sword-other-video-games\\\/blackwatch-sword-genji-overwatch-sword-dragon-blade\\\/#primaryimage\"},\"thumbnailUrl\":\"https:\\\/\\\/repliquemangacine.fr\\\/wp-content\\\/uploads\\\/2023\\\/10\\\/2470-Overwatch-Sabre-de-Genji-Blackwatch-Epee-lame-de-dragon-Spinner.jpg\",\"datePublished\":\"2018-02-25T15:25:28+00:00\",\"dateModified\":\"2025-09-23T16:01:58+00:00\",\"description\":\"Achetez vite ! L'Ep\u00e9e Blackwatch Genji Overwatch pas ch\u00e8re. Cette lame de Dragon est en acier - Fourreau - Longueur : 104 cm - Envoi 24\\\/48h.\",\"breadcrumb\":{\"@id\":\"https:\\\/\\\/repliquemangacine.fr\\\/en\\\/katana-and-video-game-sword-other-video-games\\\/blackwatch-sword-genji-overwatch-sword-dragon-blade\\\/#breadcrumb\"},\"inLanguage\":\"de\",\"potentialAction\":[{\"@type\":\"ReadAction\",\"target\":[\"https:\\\/\\\/repliquemangacine.fr\\\/en\\\/katana-and-video-game-sword-other-video-games\\\/blackwatch-sword-genji-overwatch-sword-dragon-blade\\\/\"]}]},{\"@type\":\"ImageObject\",\"inLanguage\":\"de\",\"@id\":\"https:\\\/\\\/repliquemangacine.fr\\\/en\\\/katana-and-video-game-sword-other-video-games\\\/blackwatch-sword-genji-overwatch-sword-dragon-blade\\\/#primaryimage\",\"url\":\"https:\\\/\\\/repliquemangacine.fr\\\/wp-content\\\/uploads\\\/2023\\\/10\\\/2470-Overwatch-Sabre-de-Genji-Blackwatch-Epee-lame-de-dragon-Spinner.jpg\",\"contentUrl\":\"https:\\\/\\\/repliquemangacine.fr\\\/wp-content\\\/uploads\\\/2023\\\/10\\\/2470-Overwatch-Sabre-de-Genji-Blackwatch-Epee-lame-de-dragon-Spinner.jpg\",\"width\":600,\"height\":600,\"caption\":\"Overwatch - Sabre de Genji Blackwatch - Ep\u00e9e lame de dragon+ Spinner\"},{\"@type\":\"BreadcrumbList\",\"@id\":\"https:\\\/\\\/repliquemangacine.fr\\\/en\\\/katana-and-video-game-sword-other-video-games\\\/blackwatch-sword-genji-overwatch-sword-dragon-blade\\\/#breadcrumb\",\"itemListElement\":[{\"@type\":\"ListItem\",\"position\":1,\"name\":\"Accueil\",\"item\":\"https:\\\/\\\/repliquemangacine.fr\\\/\"},{\"@type\":\"ListItem\",\"position\":2,\"name\":\"Produits\",\"item\":\"https:\\\/\\\/repliquemangacine.fr\\\/boutique\\\/\"},{\"@type\":\"ListItem\",\"position\":3,\"name\":\"Ep\u00e9e Blackwatch Genji Overwatch\"}]},{\"@type\":\"WebSite\",\"@id\":\"https:\\\/\\\/repliquemangacine.fr\\\/#website\",\"url\":\"https:\\\/\\\/repliquemangacine.fr\\\/\",\"name\":\"R\u00e9plique Manga Cin\u00e9\",\"description\":\"\",\"publisher\":{\"@id\":\"https:\\\/\\\/repliquemangacine.fr\\\/#organization\"},\"potentialAction\":[{\"@type\":\"SearchAction\",\"target\":{\"@type\":\"EntryPoint\",\"urlTemplate\":\"https:\\\/\\\/repliquemangacine.fr\\\/?s={search_term_string}\"},\"query-input\":{\"@type\":\"PropertyValueSpecification\",\"valueRequired\":true,\"valueName\":\"search_term_string\"}}],\"inLanguage\":\"de\"},{\"@type\":\"Organization\",\"@id\":\"https:\\\/\\\/repliquemangacine.fr\\\/#organization\",\"name\":\"R\u00e9plique Manga Cin\u00e9\",\"url\":\"https:\\\/\\\/repliquemangacine.fr\\\/\",\"logo\":{\"@type\":\"ImageObject\",\"inLanguage\":\"de\",\"@id\":\"https:\\\/\\\/repliquemangacine.fr\\\/#\\\/schema\\\/logo\\\/image\\\/\",\"url\":\"https:\\\/\\\/repliquemangacine.fr\\\/wp-content\\\/uploads\\\/2023\\\/10\\\/RMC-500250.png\",\"contentUrl\":\"https:\\\/\\\/repliquemangacine.fr\\\/wp-content\\\/uploads\\\/2023\\\/10\\\/RMC-500250.png\",\"width\":500,\"height\":250,\"caption\":\"R\u00e9plique Manga Cin\u00e9\"},\"image\":{\"@id\":\"https:\\\/\\\/repliquemangacine.fr\\\/#\\\/schema\\\/logo\\\/image\\\/\"},\"sameAs\":[\"https:\\\/\\\/www.facebook.com\\\/RepliqueMangaCine\",\"https:\\\/\\\/www.instagram.com\\\/repliquemangacine.fr\\\/\"]}]}<\/script>\n<!-- \/ Yoast SEO plugin. -->","yoast_head_json":{"title":"Blackwatch Schwert Genji Overwatch - Drachenklinge - RMC","description":"Kaufen Sie schnell! Das Blackwatch Genji Overwatch Schwert billig. Diese Drachenklinge ist aus Stahl - Scheide - L\u00e4nge: 104 cm - Versand 24\/48 Stunden.","robots":{"index":"index","follow":"follow","max-snippet":"max-snippet:-1","max-image-preview":"max-image-preview:large","max-video-preview":"max-video-preview:-1"},"canonical":"https:\/\/repliquemangacine.fr\/de\/katana-und-schwert-von-videospielen-andere-videospiele\/schwert-blackwatch-genji-overwatch-schwert-drachenklinge\/","og_locale":"de_DE","og_type":"article","og_title":"Ep\u00e9e Blackwatch Genji Overwatch - Lame de Dragon - RMC","og_description":"Achetez vite ! L'Ep\u00e9e Blackwatch Genji Overwatch pas ch\u00e8re. Cette lame de Dragon est en acier - Fourreau - Longueur : 104 cm - Envoi 24\/48h.","og_url":"https:\/\/repliquemangacine.fr\/de\/katana-und-schwert-von-videospielen-andere-videospiele\/schwert-blackwatch-genji-overwatch-schwert-drachenklinge\/","og_site_name":"R\u00e9plique Manga Cin\u00e9","article_publisher":"https:\/\/www.facebook.com\/RepliqueMangaCine","article_modified_time":"2025-09-23T16:01:58+00:00","og_image":[{"width":600,"height":600,"url":"https:\/\/repliquemangacine.fr\/wp-content\/uploads\/2023\/10\/2470-Overwatch-Sabre-de-Genji-Blackwatch-Epee-lame-de-dragon-Spinner.jpg","type":"image\/jpeg"}],"twitter_card":"summary_large_image","twitter_misc":{"Gesch\u00e4tzte Lesezeit":"1\u00a0Minute"},"schema":{"@context":"https:\/\/schema.org","@graph":[{"@type":"WebPage","@id":"https:\/\/repliquemangacine.fr\/en\/katana-and-video-game-sword-other-video-games\/blackwatch-sword-genji-overwatch-sword-dragon-blade\/","url":"https:\/\/repliquemangacine.fr\/en\/katana-and-video-game-sword-other-video-games\/blackwatch-sword-genji-overwatch-sword-dragon-blade\/","name":"Blackwatch Schwert Genji Overwatch - Drachenklinge - RMC","isPartOf":{"@id":"https:\/\/repliquemangacine.fr\/#website"},"primaryImageOfPage":{"@id":"https:\/\/repliquemangacine.fr\/en\/katana-and-video-game-sword-other-video-games\/blackwatch-sword-genji-overwatch-sword-dragon-blade\/#primaryimage"},"image":{"@id":"https:\/\/repliquemangacine.fr\/en\/katana-and-video-game-sword-other-video-games\/blackwatch-sword-genji-overwatch-sword-dragon-blade\/#primaryimage"},"thumbnailUrl":"https:\/\/repliquemangacine.fr\/wp-content\/uploads\/2023\/10\/2470-Overwatch-Sabre-de-Genji-Blackwatch-Epee-lame-de-dragon-Spinner.jpg","datePublished":"2018-02-25T15:25:28+00:00","dateModified":"2025-09-23T16:01:58+00:00","description":"Kaufen Sie schnell! Das Blackwatch Genji Overwatch Schwert billig. Diese Drachenklinge ist aus Stahl - Scheide - L\u00e4nge: 104 cm - Versand 24\/48 Stunden.","breadcrumb":{"@id":"https:\/\/repliquemangacine.fr\/en\/katana-and-video-game-sword-other-video-games\/blackwatch-sword-genji-overwatch-sword-dragon-blade\/#breadcrumb"},"inLanguage":"de","potentialAction":[{"@type":"ReadAction","target":["https:\/\/repliquemangacine.fr\/en\/katana-and-video-game-sword-other-video-games\/blackwatch-sword-genji-overwatch-sword-dragon-blade\/"]}]},{"@type":"ImageObject","inLanguage":"de","@id":"https:\/\/repliquemangacine.fr\/en\/katana-and-video-game-sword-other-video-games\/blackwatch-sword-genji-overwatch-sword-dragon-blade\/#primaryimage","url":"https:\/\/repliquemangacine.fr\/wp-content\/uploads\/2023\/10\/2470-Overwatch-Sabre-de-Genji-Blackwatch-Epee-lame-de-dragon-Spinner.jpg","contentUrl":"https:\/\/repliquemangacine.fr\/wp-content\/uploads\/2023\/10\/2470-Overwatch-Sabre-de-Genji-Blackwatch-Epee-lame-de-dragon-Spinner.jpg","width":600,"height":600,"caption":"Overwatch - Sabre de Genji Blackwatch - Ep\u00e9e lame de dragon+ Spinner"},{"@type":"BreadcrumbList","@id":"https:\/\/repliquemangacine.fr\/en\/katana-and-video-game-sword-other-video-games\/blackwatch-sword-genji-overwatch-sword-dragon-blade\/#breadcrumb","itemListElement":[{"@type":"ListItem","position":1,"name":"Accueil","item":"https:\/\/repliquemangacine.fr\/"},{"@type":"ListItem","position":2,"name":"Produits","item":"https:\/\/repliquemangacine.fr\/boutique\/"},{"@type":"ListItem","position":3,"name":"Ep\u00e9e Blackwatch Genji Overwatch"}]},{"@type":"WebSite","@id":"https:\/\/repliquemangacine.fr\/#website","url":"https:\/\/repliquemangacine.fr\/","name":"R\u00e9plique Manga Cin\u00e9","description":"","publisher":{"@id":"https:\/\/repliquemangacine.fr\/#organization"},"potentialAction":[{"@type":"SearchAction","target":{"@type":"EntryPoint","urlTemplate":"https:\/\/repliquemangacine.fr\/?s={search_term_string}"},"query-input":{"@type":"PropertyValueSpecification","valueRequired":true,"valueName":"search_term_string"}}],"inLanguage":"de"},{"@type":"Organization","@id":"https:\/\/repliquemangacine.fr\/#organization","name":"R\u00e9plique Manga Cin\u00e9","url":"https:\/\/repliquemangacine.fr\/","logo":{"@type":"ImageObject","inLanguage":"de","@id":"https:\/\/repliquemangacine.fr\/#\/schema\/logo\/image\/","url":"https:\/\/repliquemangacine.fr\/wp-content\/uploads\/2023\/10\/RMC-500250.png","contentUrl":"https:\/\/repliquemangacine.fr\/wp-content\/uploads\/2023\/10\/RMC-500250.png","width":500,"height":250,"caption":"R\u00e9plique Manga Cin\u00e9"},"image":{"@id":"https:\/\/repliquemangacine.fr\/#\/schema\/logo\/image\/"},"sameAs":["https:\/\/www.facebook.com\/RepliqueMangaCine","https:\/\/www.instagram.com\/repliquemangacine.fr\/"]}]}},"_links":{"self":[{"href":"https:\/\/repliquemangacine.fr\/de\/wp-json\/wp\/v2\/product\/27703","targetHints":{"allow":["GET"]}}],"collection":[{"href":"https:\/\/repliquemangacine.fr\/de\/wp-json\/wp\/v2\/product"}],"about":[{"href":"https:\/\/repliquemangacine.fr\/de\/wp-json\/wp\/v2\/types\/product"}],"wp:featuredmedia":[{"embeddable":true,"href":"https:\/\/repliquemangacine.fr\/de\/wp-json\/wp\/v2\/media\/27704"}],"wp:attachment":[{"href":"https:\/\/repliquemangacine.fr\/de\/wp-json\/wp\/v2\/media?parent=27703"}],"wp:term":[{"taxonomy":"product_brand","embeddable":true,"href":"https:\/\/repliquemangacine.fr\/de\/wp-json\/wp\/v2\/product_brand?post=27703"},{"taxonomy":"product_cat","embeddable":true,"href":"https:\/\/repliquemangacine.fr\/de\/wp-json\/wp\/v2\/product_cat?post=27703"},{"taxonomy":"product_tag","embeddable":true,"href":"https:\/\/repliquemangacine.fr\/de\/wp-json\/wp\/v2\/product_tag?post=27703"}],"curies":[{"name":"wp","href":"https:\/\/api.w.org\/{rel}","templated":true}]}}