





{"id":27697,"date":"2018-02-25T15:31:57","date_gmt":"2018-02-25T14:31:57","guid":{"rendered":"https:\/\/repliquemangacine.fr\/?post_type=product&#038;p=27697"},"modified":"2025-09-23T18:01:58","modified_gmt":"2025-09-23T16:01:58","slug":"keyblade-wachter-des-meisters-kingdom-hearts-eraqus-schlussel","status":"publish","type":"product","link":"https:\/\/repliquemangacine.fr\/de\/katana-et-epee-de-jeux-video-autre-jeux-video\/keyblade-garde-du-maitre-kingdom-hearts-cle-eraqus\/","title":{"rendered":"Keyblade Master's Guard"},"content":{"rendered":"<h2>Keyblade Master Guard in Kingdom Hearts.<\/h2>\n<p>Zu Beginn wird die <strong>Keyblade Master's Guard<\/strong> ist das Keyblade von Brain, das sp\u00e4ter von seinem Nachkommen Eraqus geerbt wurde und das er dann seinem Lehrling Aqua vermacht. Sie wird auch von Eraqus' R\u00fcstung in der Arena der Mirages gef\u00fchrt.<\/p>\n<p><a href=\"https:\/\/kingdomhearts.fandom.com\/fr\/wiki\/Eraqus\" target=\"_blank\" rel=\"noopener noreferrer\">Meister Eraqus<\/a> ist der Meister von Terra, Ven und Aqua. Als Gro\u00dfmeister des Schl\u00fcsselschwerts und W\u00e4chter des Landes des Anfangs ist er auch der Freund und ehemalige Mitsch\u00fcler von Xehanort.<\/p>\n<p>Meister Eraqus ist ein m\u00e4chtiger Meister des Schl\u00fcsselschwerts, der \u00fcber gro\u00dfe Selbstbeherrschung und Weisheit verf\u00fcgt. Er betrachtet Terra, Ventus und Aqua als seine eigenen Kinder, bevorzugt keinen der drei Lehrlinge und sorgt sich um sie. Er hat eine gro\u00dfe Abneigung gegen die Dunkelheit und denkt nur an das Gleichgewicht der Welten.<\/p>\n<h2>Ihr Keyblade \"Garde du Maitre\" zum besten Preis.<\/h2>\n<p>Wir bieten Ihnen eine gro\u00dfe Auswahl an Repliken von Anime-Mangas und Videospielen.<\/p>\n<p>Zun\u00e4chst einmal,<\/p>\n<ul>\n<li>Die Replik der <a href=\"https:\/\/repliquemangacine.fr\/de\/andere-videospiele\/keyblade-verlorene-erinnerung-kingdom-hearts\/\">keyblade Oblivion<\/a> ( Verlorenes Souvenir) ganz aus Metall.<\/li>\n<li>Sowie die<a href=\"https:\/\/repliquemangacine.fr\/de\/andere-videospiele\/konigskette-sora-keyblade-kingdom-hearts\/\"> K\u00f6nigskette Sora Keyblade<\/a>, seine Hauptwaffe.<\/li>\n<li>Es gibt auch Die Replik der <a href=\"https:\/\/repliquemangacine.fr\/de\/andere-videospiele\/keyblade-oathkeeper-zartes-versprechen\/\">Keyblade Oathkeeper<\/a> Zartes Versprechen<\/li>\n<li>Und noch viele weitere, die Sie in unserem Online-Shop entdecken k\u00f6nnen!<\/li>\n<\/ul>\n<p>Deshalb gibt es hier einige gro\u00dfartige Geschenkideen f\u00fcr alle Fans von Kingdom Hearts.<\/p>\n<p>Abschlie\u00dfend k\u00f6nnen Sie die <strong>Keyblade Master's Guard<\/strong> f\u00fcr Ihre Cosplay-Paraden. Vor allem aber ist dieses Schwert ein Sammler- und Dekorationsst\u00fcck.<\/p>\n<p>R\u00e9plique Manga Cin\u00e9 ist ein franz\u00f6sisches Unternehmen<\/p>\n<h2>Wie pflegt man seinen Kingdom Hearts Key?<\/h2>\n<p>Sammler- und Dekorationswaffen werden in vereinfachter Form hergestellt und zusammengebaut. Da sie zu Dekorationszwecken verwendet werden, fehlen ihnen die Sicherheitselemente, die ein japanisches Schwert f\u00fcr Trainingszwecke aufweisen muss.<\/p>\n<p>Allerdings ist Ihr <strong>Keyblade W\u00e4chter des Meisters<\/strong> ist aus Stahl und muss gepflegt werden, damit es mit der Zeit nicht besch\u00e4digt wird. Denn Sie werden Ihr Katana ausstellen, Ihre Freunde werden neugierig sein, die Klinge zu sehen und anzufassen. Hier ist Vorsicht geboten, denn Sie m\u00fcssen wissen, dass die S\u00e4ure der Finger f\u00fcr Stahl, unabh\u00e4ngig von seiner Qualit\u00e4t, sehr sch\u00e4dlich ist.<\/p>\n<p>Wenn dies jedoch passiert, keine Panik, Sie brauchen nur ein Tuch, das mit etwas \u00d6l befeuchtet ist, und wischen die Fingerabdr\u00fccke ab. Wenn Sie dies tun, werden Sie Ihr Schwert sehr lange behalten.<\/p>\n<p><strong>\u00a0<\/strong><\/p>","protected":false},"excerpt":{"rendered":"<p>Meister Eraqus' Keyblade aus dem Videospiel Kingdom Hearts: Birth by Sleep.<\/p>\n<ul>\n<li>Vollst\u00e4ndig aus lackiertem Edelstahl gefertigt.<\/li>\n<li>E-f\u00f6rmiges Panneton.<\/li>\n<li>Quadratischer Metallb\u00fcgel.<\/li>\n<li>Griff aus Metall.<\/li>\n<li>50cm-Kette mit dem Symbol des Besitzers.<\/li>\n<li>Gesamtl\u00e4nge: 89 cm - Gewicht: 1320grs<\/li>\n<\/ul>","protected":false},"featured_media":27698,"template":"","meta":[],"product_brand":[896],"product_cat":[23,67],"product_tag":[],"class_list":{"0":"post-27697","1":"product","2":"type-product","3":"status-publish","4":"has-post-thumbnail","6":"product_brand-replique-manga-cine","7":"product_cat-repliques-manga-jeux-video","8":"product_cat-katana-et-epee-de-jeux-video-autre-jeux-video","10":"first","11":"instock","12":"sale","13":"taxable","14":"shipping-taxable","15":"purchasable","16":"product-type-simple"},"yoast_head":"<!-- This site is optimized with the Yoast SEO plugin v27.4 - https:\/\/yoast.com\/product\/yoast-seo-wordpress\/ -->\n<title>Keyblade Garde du Ma\u00eetre - Kingdom Hearts | RMC<\/title>\n<meta name=\"description\" content=\"Devenez un puissant maitre avec cette Keyblade Garde du Ma\u00eetre pas ch\u00e8re. Tout en m\u00e9tal - Chainette - Longueur totale : 89cm - Envoi 24\/48h\" \/>\n<meta name=\"robots\" content=\"index, follow, max-snippet:-1, max-image-preview:large, max-video-preview:-1\" \/>\n<link rel=\"canonical\" href=\"https:\/\/repliquemangacine.fr\/de\/katana-und-schwert-von-videospielen-andere-videospiele\/keyblade-wachter-des-meisters-kingdom-hearts-eraqus-schlussel\/\" \/>\n<meta property=\"og:locale\" content=\"de_DE\" \/>\n<meta property=\"og:type\" content=\"article\" \/>\n<meta property=\"og:title\" content=\"Keyblade Garde du Ma\u00eetre - Kingdom Hearts | RMC\" \/>\n<meta property=\"og:description\" content=\"Devenez un puissant maitre avec cette Keyblade Garde du Ma\u00eetre pas ch\u00e8re. Tout en m\u00e9tal - Chainette - Longueur totale : 89cm - Envoi 24\/48h\" \/>\n<meta property=\"og:url\" content=\"https:\/\/repliquemangacine.fr\/de\/katana-und-schwert-von-videospielen-andere-videospiele\/keyblade-wachter-des-meisters-kingdom-hearts-eraqus-schlussel\/\" \/>\n<meta property=\"og:site_name\" content=\"R\u00e9plique Manga Cin\u00e9\" \/>\n<meta property=\"article:publisher\" content=\"https:\/\/www.facebook.com\/RepliqueMangaCine\" \/>\n<meta property=\"article:modified_time\" content=\"2025-09-23T16:01:58+00:00\" \/>\n<meta property=\"og:image\" content=\"https:\/\/repliquemangacine.fr\/wp-content\/uploads\/2023\/10\/2465-Keyblade-Master-Keeper-Kingdom-Hearts-Cle-Eraqus-Birth-by-Sleep.jpg\" \/>\n\t<meta property=\"og:image:width\" content=\"600\" \/>\n\t<meta property=\"og:image:height\" content=\"600\" \/>\n\t<meta property=\"og:image:type\" content=\"image\/jpeg\" \/>\n<meta name=\"twitter:card\" content=\"summary_large_image\" \/>\n<meta name=\"twitter:label1\" content=\"Gesch\u00e4tzte Lesezeit\" \/>\n\t<meta name=\"twitter:data1\" content=\"2\u00a0Minuten\" \/>\n<script type=\"application\/ld+json\" class=\"yoast-schema-graph\">{\"@context\":\"https:\\\/\\\/schema.org\",\"@graph\":[{\"@type\":\"WebPage\",\"@id\":\"https:\\\/\\\/repliquemangacine.fr\\\/de\\\/katana-und-schwert-von-videospielen-andere-videospiele\\\/keyblade-wachter-des-meisters-kingdom-hearts-eraqus-schlussel\\\/\",\"url\":\"https:\\\/\\\/repliquemangacine.fr\\\/de\\\/katana-und-schwert-von-videospielen-andere-videospiele\\\/keyblade-wachter-des-meisters-kingdom-hearts-eraqus-schlussel\\\/\",\"name\":\"Keyblade Garde du Ma\u00eetre - Kingdom Hearts | RMC\",\"isPartOf\":{\"@id\":\"https:\\\/\\\/repliquemangacine.fr\\\/#website\"},\"primaryImageOfPage\":{\"@id\":\"https:\\\/\\\/repliquemangacine.fr\\\/de\\\/katana-und-schwert-von-videospielen-andere-videospiele\\\/keyblade-wachter-des-meisters-kingdom-hearts-eraqus-schlussel\\\/#primaryimage\"},\"image\":{\"@id\":\"https:\\\/\\\/repliquemangacine.fr\\\/de\\\/katana-und-schwert-von-videospielen-andere-videospiele\\\/keyblade-wachter-des-meisters-kingdom-hearts-eraqus-schlussel\\\/#primaryimage\"},\"thumbnailUrl\":\"https:\\\/\\\/repliquemangacine.fr\\\/wp-content\\\/uploads\\\/2023\\\/10\\\/2465-Keyblade-Master-Keeper-Kingdom-Hearts-Cle-Eraqus-Birth-by-Sleep.jpg\",\"datePublished\":\"2018-02-25T14:31:57+00:00\",\"dateModified\":\"2025-09-23T16:01:58+00:00\",\"description\":\"Devenez un puissant maitre avec cette Keyblade Garde du Ma\u00eetre pas ch\u00e8re. Tout en m\u00e9tal - Chainette - Longueur totale : 89cm - Envoi 24\\\/48h\",\"breadcrumb\":{\"@id\":\"https:\\\/\\\/repliquemangacine.fr\\\/de\\\/katana-und-schwert-von-videospielen-andere-videospiele\\\/keyblade-wachter-des-meisters-kingdom-hearts-eraqus-schlussel\\\/#breadcrumb\"},\"inLanguage\":\"de\",\"potentialAction\":[{\"@type\":\"ReadAction\",\"target\":[\"https:\\\/\\\/repliquemangacine.fr\\\/de\\\/katana-und-schwert-von-videospielen-andere-videospiele\\\/keyblade-wachter-des-meisters-kingdom-hearts-eraqus-schlussel\\\/\"]}]},{\"@type\":\"ImageObject\",\"inLanguage\":\"de\",\"@id\":\"https:\\\/\\\/repliquemangacine.fr\\\/de\\\/katana-und-schwert-von-videospielen-andere-videospiele\\\/keyblade-wachter-des-meisters-kingdom-hearts-eraqus-schlussel\\\/#primaryimage\",\"url\":\"https:\\\/\\\/repliquemangacine.fr\\\/wp-content\\\/uploads\\\/2023\\\/10\\\/2465-Keyblade-Master-Keeper-Kingdom-Hearts-Cle-Eraqus-Birth-by-Sleep.jpg\",\"contentUrl\":\"https:\\\/\\\/repliquemangacine.fr\\\/wp-content\\\/uploads\\\/2023\\\/10\\\/2465-Keyblade-Master-Keeper-Kingdom-Hearts-Cle-Eraqus-Birth-by-Sleep.jpg\",\"width\":600,\"height\":600,\"caption\":\"Keyblade Garde du Ma\u00eetre\"},{\"@type\":\"BreadcrumbList\",\"@id\":\"https:\\\/\\\/repliquemangacine.fr\\\/de\\\/katana-und-schwert-von-videospielen-andere-videospiele\\\/keyblade-wachter-des-meisters-kingdom-hearts-eraqus-schlussel\\\/#breadcrumb\",\"itemListElement\":[{\"@type\":\"ListItem\",\"position\":1,\"name\":\"Accueil\",\"item\":\"https:\\\/\\\/repliquemangacine.fr\\\/\"},{\"@type\":\"ListItem\",\"position\":2,\"name\":\"Produits\",\"item\":\"https:\\\/\\\/repliquemangacine.fr\\\/boutique\\\/\"},{\"@type\":\"ListItem\",\"position\":3,\"name\":\"Keyblade Garde du Ma\u00eetre\"}]},{\"@type\":\"WebSite\",\"@id\":\"https:\\\/\\\/repliquemangacine.fr\\\/#website\",\"url\":\"https:\\\/\\\/repliquemangacine.fr\\\/\",\"name\":\"R\u00e9plique Manga Cin\u00e9\",\"description\":\"\",\"publisher\":{\"@id\":\"https:\\\/\\\/repliquemangacine.fr\\\/#organization\"},\"potentialAction\":[{\"@type\":\"SearchAction\",\"target\":{\"@type\":\"EntryPoint\",\"urlTemplate\":\"https:\\\/\\\/repliquemangacine.fr\\\/?s={search_term_string}\"},\"query-input\":{\"@type\":\"PropertyValueSpecification\",\"valueRequired\":true,\"valueName\":\"search_term_string\"}}],\"inLanguage\":\"de\"},{\"@type\":\"Organization\",\"@id\":\"https:\\\/\\\/repliquemangacine.fr\\\/#organization\",\"name\":\"R\u00e9plique Manga Cin\u00e9\",\"url\":\"https:\\\/\\\/repliquemangacine.fr\\\/\",\"logo\":{\"@type\":\"ImageObject\",\"inLanguage\":\"de\",\"@id\":\"https:\\\/\\\/repliquemangacine.fr\\\/#\\\/schema\\\/logo\\\/image\\\/\",\"url\":\"https:\\\/\\\/repliquemangacine.fr\\\/wp-content\\\/uploads\\\/2023\\\/10\\\/RMC-500250.png\",\"contentUrl\":\"https:\\\/\\\/repliquemangacine.fr\\\/wp-content\\\/uploads\\\/2023\\\/10\\\/RMC-500250.png\",\"width\":500,\"height\":250,\"caption\":\"R\u00e9plique Manga Cin\u00e9\"},\"image\":{\"@id\":\"https:\\\/\\\/repliquemangacine.fr\\\/#\\\/schema\\\/logo\\\/image\\\/\"},\"sameAs\":[\"https:\\\/\\\/www.facebook.com\\\/RepliqueMangaCine\",\"https:\\\/\\\/www.instagram.com\\\/repliquemangacine.fr\\\/\"]}]}<\/script>\n<!-- \/ Yoast SEO plugin. -->","yoast_head_json":{"title":"Keyblade W\u00e4chter des Meisters - Kingdom Hearts | RMC","description":"Werde ein m\u00e4chtiger Meister mit diesem g\u00fcnstigen Keyblade Meistergarde. Ganz aus Metall - Chainette - Gesamtl\u00e4nge: 89cm - Versand 24\/48h","robots":{"index":"index","follow":"follow","max-snippet":"max-snippet:-1","max-image-preview":"max-image-preview:large","max-video-preview":"max-video-preview:-1"},"canonical":"https:\/\/repliquemangacine.fr\/de\/katana-und-schwert-von-videospielen-andere-videospiele\/keyblade-wachter-des-meisters-kingdom-hearts-eraqus-schlussel\/","og_locale":"de_DE","og_type":"article","og_title":"Keyblade Garde du Ma\u00eetre - Kingdom Hearts | RMC","og_description":"Devenez un puissant maitre avec cette Keyblade Garde du Ma\u00eetre pas ch\u00e8re. Tout en m\u00e9tal - Chainette - Longueur totale : 89cm - Envoi 24\/48h","og_url":"https:\/\/repliquemangacine.fr\/de\/katana-und-schwert-von-videospielen-andere-videospiele\/keyblade-wachter-des-meisters-kingdom-hearts-eraqus-schlussel\/","og_site_name":"R\u00e9plique Manga Cin\u00e9","article_publisher":"https:\/\/www.facebook.com\/RepliqueMangaCine","article_modified_time":"2025-09-23T16:01:58+00:00","og_image":[{"width":600,"height":600,"url":"https:\/\/repliquemangacine.fr\/wp-content\/uploads\/2023\/10\/2465-Keyblade-Master-Keeper-Kingdom-Hearts-Cle-Eraqus-Birth-by-Sleep.jpg","type":"image\/jpeg"}],"twitter_card":"summary_large_image","twitter_misc":{"Gesch\u00e4tzte Lesezeit":"2\u00a0Minuten"},"schema":{"@context":"https:\/\/schema.org","@graph":[{"@type":"WebPage","@id":"https:\/\/repliquemangacine.fr\/de\/katana-und-schwert-von-videospielen-andere-videospiele\/keyblade-wachter-des-meisters-kingdom-hearts-eraqus-schlussel\/","url":"https:\/\/repliquemangacine.fr\/de\/katana-und-schwert-von-videospielen-andere-videospiele\/keyblade-wachter-des-meisters-kingdom-hearts-eraqus-schlussel\/","name":"Keyblade W\u00e4chter des Meisters - Kingdom Hearts | RMC","isPartOf":{"@id":"https:\/\/repliquemangacine.fr\/#website"},"primaryImageOfPage":{"@id":"https:\/\/repliquemangacine.fr\/de\/katana-und-schwert-von-videospielen-andere-videospiele\/keyblade-wachter-des-meisters-kingdom-hearts-eraqus-schlussel\/#primaryimage"},"image":{"@id":"https:\/\/repliquemangacine.fr\/de\/katana-und-schwert-von-videospielen-andere-videospiele\/keyblade-wachter-des-meisters-kingdom-hearts-eraqus-schlussel\/#primaryimage"},"thumbnailUrl":"https:\/\/repliquemangacine.fr\/wp-content\/uploads\/2023\/10\/2465-Keyblade-Master-Keeper-Kingdom-Hearts-Cle-Eraqus-Birth-by-Sleep.jpg","datePublished":"2018-02-25T14:31:57+00:00","dateModified":"2025-09-23T16:01:58+00:00","description":"Werde ein m\u00e4chtiger Meister mit diesem g\u00fcnstigen Keyblade Meistergarde. Ganz aus Metall - Chainette - Gesamtl\u00e4nge: 89cm - Versand 24\/48h","breadcrumb":{"@id":"https:\/\/repliquemangacine.fr\/de\/katana-und-schwert-von-videospielen-andere-videospiele\/keyblade-wachter-des-meisters-kingdom-hearts-eraqus-schlussel\/#breadcrumb"},"inLanguage":"de","potentialAction":[{"@type":"ReadAction","target":["https:\/\/repliquemangacine.fr\/de\/katana-und-schwert-von-videospielen-andere-videospiele\/keyblade-wachter-des-meisters-kingdom-hearts-eraqus-schlussel\/"]}]},{"@type":"ImageObject","inLanguage":"de","@id":"https:\/\/repliquemangacine.fr\/de\/katana-und-schwert-von-videospielen-andere-videospiele\/keyblade-wachter-des-meisters-kingdom-hearts-eraqus-schlussel\/#primaryimage","url":"https:\/\/repliquemangacine.fr\/wp-content\/uploads\/2023\/10\/2465-Keyblade-Master-Keeper-Kingdom-Hearts-Cle-Eraqus-Birth-by-Sleep.jpg","contentUrl":"https:\/\/repliquemangacine.fr\/wp-content\/uploads\/2023\/10\/2465-Keyblade-Master-Keeper-Kingdom-Hearts-Cle-Eraqus-Birth-by-Sleep.jpg","width":600,"height":600,"caption":"Keyblade Garde du Ma\u00eetre"},{"@type":"BreadcrumbList","@id":"https:\/\/repliquemangacine.fr\/de\/katana-und-schwert-von-videospielen-andere-videospiele\/keyblade-wachter-des-meisters-kingdom-hearts-eraqus-schlussel\/#breadcrumb","itemListElement":[{"@type":"ListItem","position":1,"name":"Accueil","item":"https:\/\/repliquemangacine.fr\/"},{"@type":"ListItem","position":2,"name":"Produits","item":"https:\/\/repliquemangacine.fr\/boutique\/"},{"@type":"ListItem","position":3,"name":"Keyblade Garde du Ma\u00eetre"}]},{"@type":"WebSite","@id":"https:\/\/repliquemangacine.fr\/#website","url":"https:\/\/repliquemangacine.fr\/","name":"R\u00e9plique Manga Cin\u00e9","description":"","publisher":{"@id":"https:\/\/repliquemangacine.fr\/#organization"},"potentialAction":[{"@type":"SearchAction","target":{"@type":"EntryPoint","urlTemplate":"https:\/\/repliquemangacine.fr\/?s={search_term_string}"},"query-input":{"@type":"PropertyValueSpecification","valueRequired":true,"valueName":"search_term_string"}}],"inLanguage":"de"},{"@type":"Organization","@id":"https:\/\/repliquemangacine.fr\/#organization","name":"R\u00e9plique Manga Cin\u00e9","url":"https:\/\/repliquemangacine.fr\/","logo":{"@type":"ImageObject","inLanguage":"de","@id":"https:\/\/repliquemangacine.fr\/#\/schema\/logo\/image\/","url":"https:\/\/repliquemangacine.fr\/wp-content\/uploads\/2023\/10\/RMC-500250.png","contentUrl":"https:\/\/repliquemangacine.fr\/wp-content\/uploads\/2023\/10\/RMC-500250.png","width":500,"height":250,"caption":"R\u00e9plique Manga Cin\u00e9"},"image":{"@id":"https:\/\/repliquemangacine.fr\/#\/schema\/logo\/image\/"},"sameAs":["https:\/\/www.facebook.com\/RepliqueMangaCine","https:\/\/www.instagram.com\/repliquemangacine.fr\/"]}]}},"_links":{"self":[{"href":"https:\/\/repliquemangacine.fr\/de\/wp-json\/wp\/v2\/product\/27697","targetHints":{"allow":["GET"]}}],"collection":[{"href":"https:\/\/repliquemangacine.fr\/de\/wp-json\/wp\/v2\/product"}],"about":[{"href":"https:\/\/repliquemangacine.fr\/de\/wp-json\/wp\/v2\/types\/product"}],"wp:featuredmedia":[{"embeddable":true,"href":"https:\/\/repliquemangacine.fr\/de\/wp-json\/wp\/v2\/media\/27698"}],"wp:attachment":[{"href":"https:\/\/repliquemangacine.fr\/de\/wp-json\/wp\/v2\/media?parent=27697"}],"wp:term":[{"taxonomy":"product_brand","embeddable":true,"href":"https:\/\/repliquemangacine.fr\/de\/wp-json\/wp\/v2\/product_brand?post=27697"},{"taxonomy":"product_cat","embeddable":true,"href":"https:\/\/repliquemangacine.fr\/de\/wp-json\/wp\/v2\/product_cat?post=27697"},{"taxonomy":"product_tag","embeddable":true,"href":"https:\/\/repliquemangacine.fr\/de\/wp-json\/wp\/v2\/product_tag?post=27697"}],"curies":[{"name":"wp","href":"https:\/\/api.w.org\/{rel}","templated":true}]}}