





{"id":27687,"date":"2018-02-16T17:13:46","date_gmt":"2018-02-16T16:13:46","guid":{"rendered":"https:\/\/repliquemangacine.fr\/?post_type=product&#038;p=27687"},"modified":"2026-04-21T11:51:21","modified_gmt":"2026-04-21T09:51:21","slug":"longclaw-dagger-jon-snow","status":"publish","type":"product","link":"https:\/\/repliquemangacine.fr\/de\/epees-game-of-thrones\/dague-longclaw-jon-snow\/","title":{"rendered":"Gro\u00dfgriffdolch Jon Snow"},"content":{"rendered":"<h2>Dolch Gro\u00dfklaue Jon Snow Serie Game of Thrones.<\/h2>\n<p>Zu Beginn wird die <strong>Gro\u00dfgriffdolch Jon Snow<\/strong> in seiner Serienversion ist aus Stahl mit Scheide.<\/p>\n<p>Das Schwert wird Jon bereits in der ersten Staffel der Serie von Jeor Mormont geschenkt, nachdem Jon ihm das Leben vor einem Spectre gerettet hat. Longclaw ist in allen Staffeln der Serie zu sehen. Jon nimmt ihn auf seinen Ausfl\u00fcgen jenseits der Mauer \u00fcberall mit hin, unter anderem in die verschiedenen Schlachten \"Castle Black, Battle of the Bastards...\".<\/p>\n<p>Sie rettet ihm bei seinem Duell mit einem Walker das Leben, da sie nicht explodiert, wenn sie mit der Eisklinge des Wei\u00dfen Wanderers in Ber\u00fchrung kommt. \u00dcberrascht t\u00f6tet Jon ihn, woraufhin der Walker explodiert. Gro\u00dfkralle wird zum offiziellen Schwert des Hauses Stark.<\/p>\n<h2>Ihr Jon Snow Gro\u00dfklauen-Dolch g\u00fcnstig.<\/h2>\n<p>Wir bieten Ihnen alle Repliken der Schwerter Ihrer Lieblingshelden aus der Serie Game of Thrones.<\/p>\n<p>Zun\u00e4chst einmal,<\/p>\n<ul>\n<li>Die <a href=\"https:\/\/repliquemangacine.fr\/de\/sammlerschmuck\/coffret-collector-de-5-coupe-papiers-game-of-thrones\/\">Sammlerbox mit 5 Schwertern als Brief\u00f6ffner<\/a> ganz aus Stahl.<\/li>\n<li>Aber auch die <a href=\"https:\/\/repliquemangacine.fr\/de\/sammlerschmuck\/mug-chope-game-of-thrones\/\">Chops-Becher<\/a> sammler.<\/li>\n<li>Es gibt auch offiziell lizenzierte Dracheneier <a href=\"https:\/\/www.noblecollection.fr\/\" target=\"_blank\" rel=\"noopener noreferrer\">Noble Collection<\/a>.<\/li>\n<li>Und viele andere, die es in unserem Online-Shop zu entdecken gibt!<\/li>\n<\/ul>\n<p>Deshalb ist dies eine tolle Geschenkidee f\u00fcr Fans der Serie Game of Thrones.<\/p>\n<p>Abschlie\u00dfend k\u00f6nnen Sie die <strong>Gro\u00dfgriffdolch Jon Snow<\/strong> f\u00fcr Ihre Cosplay-Parade oder Ihre Themenabende. Vor allem aber ist der Jon Snow Gro\u00dfgriff-Dolch ein Sammler- und Dekorationsst\u00fcck.<\/p>\n<h2>Wie pflegt man die Klinge seines Game of Thrones-Dolches?<\/h2>\n<p>Sammlungs- und Dekorationsdolche werden auf vereinfachte Weise hergestellt und zusammengebaut. Da sie zu Dekorationszwecken verwendet werden, fehlen ihnen die Sicherheitsmerkmale, die ein japanisches Schwert f\u00fcr Trainingszwecke aufweisen muss.<\/p>\n<p>Allerdings ist Ihr <strong>Dolch Gro\u00dfe Kralle Jon Snow<\/strong> zu einer Stahlklinge, die gepflegt werden muss, damit sie nicht mit der Zeit abgenutzt wird. Denn wenn du dein Katana ausstellst, werden deine Freunde neugierig sein, die Klinge zu sehen und sie zu ber\u00fchren. Hier ist Vorsicht geboten, denn Sie sollten wissen, dass die S\u00e4ure der Finger dem Stahl unabh\u00e4ngig von seiner Qualit\u00e4t sehr schadet.<\/p>\n<p>Wenn dies jedoch passiert, keine Panik, Sie brauchen nur ein Tuch, das mit etwas \u00d6l befeuchtet ist, und wischen die Fingerabdr\u00fccke ab. Wenn Sie dies tun, werden Sie Ihr Schwert sehr lange behalten.<\/p>\n<p><strong>\u00a0<\/strong><\/p>","protected":false},"excerpt":{"rendered":"<p>Dolch aus dem Gro\u00dfklauenschwert von Jon Schnee in der Serie Game of Thrones.<\/p>\n<ul>\n<li>Klinge aus poliertem rostfreiem Stahl.<\/li>\n<li>Guard aus Stahl.<\/li>\n<li>Griff aus geformtem ABS.<\/li>\n<li>Knauf aus Kunstharz.<\/li>\n<li>Scheide aus ABS.<\/li>\n<li>Geschenkschachtel innen Satin.<\/li>\n<li>Gesamtl\u00e4nge: 31 cm - Klingenl\u00e4nge: 17.5 cm - Gewicht: 182 grs<\/li>\n<\/ul>\n<p><strong>\u00a0<\/strong><\/p>","protected":false},"featured_media":27688,"template":"","meta":[],"product_brand":[896],"product_cat":[72,24,47],"product_tag":[],"class_list":{"0":"post-27687","1":"product","2":"type-product","3":"status-publish","4":"has-post-thumbnail","6":"product_brand-replique-manga-cine","7":"product_cat-epees-game-of-thrones","8":"product_cat-films-series-tv-vente-de-katana-epee-et-produits-derives","9":"product_cat-game-of-thrones","11":"first","12":"instock","13":"taxable","14":"shipping-taxable","15":"purchasable","16":"product-type-simple"},"yoast_head":"<!-- This site is optimized with the Yoast SEO plugin v27.5 - https:\/\/yoast.com\/product\/yoast-seo-wordpress\/ -->\n<title>Dague Grand-griffe Jon Snow - Ep\u00e9es Game of Thrones | RMC<\/title>\n<meta name=\"description\" content=\"En Exclusivit\u00e9 ! Dague Grand-griffe Jon Snow dans Game of Thrones pas cher. Lame en acier non tranchante - Fourreau en ABS - Longueur : 31cm - Envoi 24\/48h\" \/>\n<meta name=\"robots\" content=\"index, follow, max-snippet:-1, max-image-preview:large, max-video-preview:-1\" \/>\n<link rel=\"canonical\" href=\"https:\/\/repliquemangacine.fr\/de\/schwerter-game-of-thrones\/longclaw-dagger-jon-snow\/\" \/>\n<meta property=\"og:locale\" content=\"de_DE\" \/>\n<meta property=\"og:type\" content=\"article\" \/>\n<meta property=\"og:title\" content=\"Dague Grand-griffe Jon Snow - Ep\u00e9es Game of Thrones | RMC\" \/>\n<meta property=\"og:description\" content=\"En Exclusivit\u00e9 ! Dague Grand-griffe Jon Snow dans Game of Thrones pas cher. Lame en acier non tranchante - Fourreau en ABS - Longueur : 31cm - Envoi 24\/48h\" \/>\n<meta property=\"og:url\" content=\"https:\/\/repliquemangacine.fr\/de\/schwerter-game-of-thrones\/longclaw-dagger-jon-snow\/\" \/>\n<meta property=\"og:site_name\" content=\"R\u00e9plique Manga Cin\u00e9\" \/>\n<meta property=\"article:publisher\" content=\"https:\/\/www.facebook.com\/RepliqueMangaCine\" \/>\n<meta property=\"article:modified_time\" content=\"2026-04-21T09:51:21+00:00\" \/>\n<meta property=\"og:image\" content=\"https:\/\/repliquemangacine.fr\/wp-content\/uploads\/2023\/10\/2457-Dague-epee-Longclaw-Jon-Snow.jpg\" \/>\n\t<meta property=\"og:image:width\" content=\"600\" \/>\n\t<meta property=\"og:image:height\" content=\"600\" \/>\n\t<meta property=\"og:image:type\" content=\"image\/jpeg\" \/>\n<meta name=\"twitter:card\" content=\"summary_large_image\" \/>\n<meta name=\"twitter:label1\" content=\"Gesch\u00e4tzte Lesezeit\" \/>\n\t<meta name=\"twitter:data1\" content=\"1\u00a0Minute\" \/>\n<script type=\"application\/ld+json\" class=\"yoast-schema-graph\">{\"@context\":\"https:\\\/\\\/schema.org\",\"@graph\":[{\"@type\":\"WebPage\",\"@id\":\"https:\\\/\\\/repliquemangacine.fr\\\/epees-game-of-thrones\\\/dague-longclaw-jon-snow\\\/\",\"url\":\"https:\\\/\\\/repliquemangacine.fr\\\/epees-game-of-thrones\\\/dague-longclaw-jon-snow\\\/\",\"name\":\"Dague Grand-griffe Jon Snow - Ep\u00e9es Game of Thrones | RMC\",\"isPartOf\":{\"@id\":\"https:\\\/\\\/repliquemangacine.fr\\\/#website\"},\"primaryImageOfPage\":{\"@id\":\"https:\\\/\\\/repliquemangacine.fr\\\/epees-game-of-thrones\\\/dague-longclaw-jon-snow\\\/#primaryimage\"},\"image\":{\"@id\":\"https:\\\/\\\/repliquemangacine.fr\\\/epees-game-of-thrones\\\/dague-longclaw-jon-snow\\\/#primaryimage\"},\"thumbnailUrl\":\"https:\\\/\\\/repliquemangacine.fr\\\/wp-content\\\/uploads\\\/2023\\\/10\\\/2457-Dague-epee-Longclaw-Jon-Snow.jpg\",\"datePublished\":\"2018-02-16T16:13:46+00:00\",\"dateModified\":\"2026-04-21T09:51:21+00:00\",\"description\":\"En Exclusivit\u00e9 ! Dague Grand-griffe Jon Snow dans Game of Thrones pas cher. Lame en acier non tranchante - Fourreau en ABS - Longueur : 31cm - Envoi 24\\\/48h\",\"breadcrumb\":{\"@id\":\"https:\\\/\\\/repliquemangacine.fr\\\/epees-game-of-thrones\\\/dague-longclaw-jon-snow\\\/#breadcrumb\"},\"inLanguage\":\"de\",\"potentialAction\":[{\"@type\":\"ReadAction\",\"target\":[\"https:\\\/\\\/repliquemangacine.fr\\\/epees-game-of-thrones\\\/dague-longclaw-jon-snow\\\/\"]}]},{\"@type\":\"ImageObject\",\"inLanguage\":\"de\",\"@id\":\"https:\\\/\\\/repliquemangacine.fr\\\/epees-game-of-thrones\\\/dague-longclaw-jon-snow\\\/#primaryimage\",\"url\":\"https:\\\/\\\/repliquemangacine.fr\\\/wp-content\\\/uploads\\\/2023\\\/10\\\/2457-Dague-epee-Longclaw-Jon-Snow.jpg\",\"contentUrl\":\"https:\\\/\\\/repliquemangacine.fr\\\/wp-content\\\/uploads\\\/2023\\\/10\\\/2457-Dague-epee-Longclaw-Jon-Snow.jpg\",\"width\":600,\"height\":600,\"caption\":\"Dague \u00e9p\u00e9e Longclaw Jon Snow\"},{\"@type\":\"BreadcrumbList\",\"@id\":\"https:\\\/\\\/repliquemangacine.fr\\\/epees-game-of-thrones\\\/dague-longclaw-jon-snow\\\/#breadcrumb\",\"itemListElement\":[{\"@type\":\"ListItem\",\"position\":1,\"name\":\"Accueil\",\"item\":\"https:\\\/\\\/repliquemangacine.fr\\\/\"},{\"@type\":\"ListItem\",\"position\":2,\"name\":\"Produits\",\"item\":\"https:\\\/\\\/repliquemangacine.fr\\\/boutique\\\/\"},{\"@type\":\"ListItem\",\"position\":3,\"name\":\"Dague Grand-griffe Jon Snow\"}]},{\"@type\":\"WebSite\",\"@id\":\"https:\\\/\\\/repliquemangacine.fr\\\/#website\",\"url\":\"https:\\\/\\\/repliquemangacine.fr\\\/\",\"name\":\"R\u00e9plique Manga Cin\u00e9\",\"description\":\"\",\"publisher\":{\"@id\":\"https:\\\/\\\/repliquemangacine.fr\\\/#organization\"},\"potentialAction\":[{\"@type\":\"SearchAction\",\"target\":{\"@type\":\"EntryPoint\",\"urlTemplate\":\"https:\\\/\\\/repliquemangacine.fr\\\/?s={search_term_string}\"},\"query-input\":{\"@type\":\"PropertyValueSpecification\",\"valueRequired\":true,\"valueName\":\"search_term_string\"}}],\"inLanguage\":\"de\"},{\"@type\":\"Organization\",\"@id\":\"https:\\\/\\\/repliquemangacine.fr\\\/#organization\",\"name\":\"R\u00e9plique Manga Cin\u00e9\",\"url\":\"https:\\\/\\\/repliquemangacine.fr\\\/\",\"logo\":{\"@type\":\"ImageObject\",\"inLanguage\":\"de\",\"@id\":\"https:\\\/\\\/repliquemangacine.fr\\\/#\\\/schema\\\/logo\\\/image\\\/\",\"url\":\"https:\\\/\\\/repliquemangacine.fr\\\/wp-content\\\/uploads\\\/2023\\\/10\\\/RMC-500250.png\",\"contentUrl\":\"https:\\\/\\\/repliquemangacine.fr\\\/wp-content\\\/uploads\\\/2023\\\/10\\\/RMC-500250.png\",\"width\":500,\"height\":250,\"caption\":\"R\u00e9plique Manga Cin\u00e9\"},\"image\":{\"@id\":\"https:\\\/\\\/repliquemangacine.fr\\\/#\\\/schema\\\/logo\\\/image\\\/\"},\"sameAs\":[\"https:\\\/\\\/www.facebook.com\\\/RepliqueMangaCine\",\"https:\\\/\\\/www.instagram.com\\\/repliquemangacine.fr\\\/\"]}]}<\/script>\n<!-- \/ Yoast SEO plugin. -->","yoast_head_json":{"title":"Jon Snow Gro\u00dfgriff Dolch - Game of Thrones Schwerter | RMC","description":"Nur bei uns erh\u00e4ltlich! G\u00fcnstiger Gro\u00dfgriffdolch Jon Snow aus Game of Thrones. Nicht scharfe Klinge aus Stahl - Scheide aus ABS - L\u00e4nge: 31cm - Versand 24\/48h.","robots":{"index":"index","follow":"follow","max-snippet":"max-snippet:-1","max-image-preview":"max-image-preview:large","max-video-preview":"max-video-preview:-1"},"canonical":"https:\/\/repliquemangacine.fr\/de\/schwerter-game-of-thrones\/longclaw-dagger-jon-snow\/","og_locale":"de_DE","og_type":"article","og_title":"Dague Grand-griffe Jon Snow - Ep\u00e9es Game of Thrones | RMC","og_description":"En Exclusivit\u00e9 ! Dague Grand-griffe Jon Snow dans Game of Thrones pas cher. Lame en acier non tranchante - Fourreau en ABS - Longueur : 31cm - Envoi 24\/48h","og_url":"https:\/\/repliquemangacine.fr\/de\/schwerter-game-of-thrones\/longclaw-dagger-jon-snow\/","og_site_name":"R\u00e9plique Manga Cin\u00e9","article_publisher":"https:\/\/www.facebook.com\/RepliqueMangaCine","article_modified_time":"2026-04-21T09:51:21+00:00","og_image":[{"width":600,"height":600,"url":"https:\/\/repliquemangacine.fr\/wp-content\/uploads\/2023\/10\/2457-Dague-epee-Longclaw-Jon-Snow.jpg","type":"image\/jpeg"}],"twitter_card":"summary_large_image","twitter_misc":{"Gesch\u00e4tzte Lesezeit":"1\u00a0Minute"},"schema":{"@context":"https:\/\/schema.org","@graph":[{"@type":"WebPage","@id":"https:\/\/repliquemangacine.fr\/epees-game-of-thrones\/dague-longclaw-jon-snow\/","url":"https:\/\/repliquemangacine.fr\/epees-game-of-thrones\/dague-longclaw-jon-snow\/","name":"Jon Snow Gro\u00dfgriff Dolch - Game of Thrones Schwerter | RMC","isPartOf":{"@id":"https:\/\/repliquemangacine.fr\/#website"},"primaryImageOfPage":{"@id":"https:\/\/repliquemangacine.fr\/epees-game-of-thrones\/dague-longclaw-jon-snow\/#primaryimage"},"image":{"@id":"https:\/\/repliquemangacine.fr\/epees-game-of-thrones\/dague-longclaw-jon-snow\/#primaryimage"},"thumbnailUrl":"https:\/\/repliquemangacine.fr\/wp-content\/uploads\/2023\/10\/2457-Dague-epee-Longclaw-Jon-Snow.jpg","datePublished":"2018-02-16T16:13:46+00:00","dateModified":"2026-04-21T09:51:21+00:00","description":"Nur bei uns erh\u00e4ltlich! G\u00fcnstiger Gro\u00dfgriffdolch Jon Snow aus Game of Thrones. Nicht scharfe Klinge aus Stahl - Scheide aus ABS - L\u00e4nge: 31cm - Versand 24\/48h.","breadcrumb":{"@id":"https:\/\/repliquemangacine.fr\/epees-game-of-thrones\/dague-longclaw-jon-snow\/#breadcrumb"},"inLanguage":"de","potentialAction":[{"@type":"ReadAction","target":["https:\/\/repliquemangacine.fr\/epees-game-of-thrones\/dague-longclaw-jon-snow\/"]}]},{"@type":"ImageObject","inLanguage":"de","@id":"https:\/\/repliquemangacine.fr\/epees-game-of-thrones\/dague-longclaw-jon-snow\/#primaryimage","url":"https:\/\/repliquemangacine.fr\/wp-content\/uploads\/2023\/10\/2457-Dague-epee-Longclaw-Jon-Snow.jpg","contentUrl":"https:\/\/repliquemangacine.fr\/wp-content\/uploads\/2023\/10\/2457-Dague-epee-Longclaw-Jon-Snow.jpg","width":600,"height":600,"caption":"Dague \u00e9p\u00e9e Longclaw Jon Snow"},{"@type":"BreadcrumbList","@id":"https:\/\/repliquemangacine.fr\/epees-game-of-thrones\/dague-longclaw-jon-snow\/#breadcrumb","itemListElement":[{"@type":"ListItem","position":1,"name":"Accueil","item":"https:\/\/repliquemangacine.fr\/"},{"@type":"ListItem","position":2,"name":"Produits","item":"https:\/\/repliquemangacine.fr\/boutique\/"},{"@type":"ListItem","position":3,"name":"Dague Grand-griffe Jon Snow"}]},{"@type":"WebSite","@id":"https:\/\/repliquemangacine.fr\/#website","url":"https:\/\/repliquemangacine.fr\/","name":"R\u00e9plique Manga Cin\u00e9","description":"","publisher":{"@id":"https:\/\/repliquemangacine.fr\/#organization"},"potentialAction":[{"@type":"SearchAction","target":{"@type":"EntryPoint","urlTemplate":"https:\/\/repliquemangacine.fr\/?s={search_term_string}"},"query-input":{"@type":"PropertyValueSpecification","valueRequired":true,"valueName":"search_term_string"}}],"inLanguage":"de"},{"@type":"Organization","@id":"https:\/\/repliquemangacine.fr\/#organization","name":"R\u00e9plique Manga Cin\u00e9","url":"https:\/\/repliquemangacine.fr\/","logo":{"@type":"ImageObject","inLanguage":"de","@id":"https:\/\/repliquemangacine.fr\/#\/schema\/logo\/image\/","url":"https:\/\/repliquemangacine.fr\/wp-content\/uploads\/2023\/10\/RMC-500250.png","contentUrl":"https:\/\/repliquemangacine.fr\/wp-content\/uploads\/2023\/10\/RMC-500250.png","width":500,"height":250,"caption":"R\u00e9plique Manga Cin\u00e9"},"image":{"@id":"https:\/\/repliquemangacine.fr\/#\/schema\/logo\/image\/"},"sameAs":["https:\/\/www.facebook.com\/RepliqueMangaCine","https:\/\/www.instagram.com\/repliquemangacine.fr\/"]}]}},"_links":{"self":[{"href":"https:\/\/repliquemangacine.fr\/de\/wp-json\/wp\/v2\/product\/27687","targetHints":{"allow":["GET"]}}],"collection":[{"href":"https:\/\/repliquemangacine.fr\/de\/wp-json\/wp\/v2\/product"}],"about":[{"href":"https:\/\/repliquemangacine.fr\/de\/wp-json\/wp\/v2\/types\/product"}],"wp:featuredmedia":[{"embeddable":true,"href":"https:\/\/repliquemangacine.fr\/de\/wp-json\/wp\/v2\/media\/27688"}],"wp:attachment":[{"href":"https:\/\/repliquemangacine.fr\/de\/wp-json\/wp\/v2\/media?parent=27687"}],"wp:term":[{"taxonomy":"product_brand","embeddable":true,"href":"https:\/\/repliquemangacine.fr\/de\/wp-json\/wp\/v2\/product_brand?post=27687"},{"taxonomy":"product_cat","embeddable":true,"href":"https:\/\/repliquemangacine.fr\/de\/wp-json\/wp\/v2\/product_cat?post=27687"},{"taxonomy":"product_tag","embeddable":true,"href":"https:\/\/repliquemangacine.fr\/de\/wp-json\/wp\/v2\/product_tag?post=27687"}],"curies":[{"name":"wp","href":"https:\/\/api.w.org\/{rel}","templated":true}]}}