





{"id":27680,"date":"2018-02-09T19:18:48","date_gmt":"2018-02-09T18:18:48","guid":{"rendered":"https:\/\/repliquemangacine.fr\/?post_type=product&#038;p=27680"},"modified":"2026-01-30T15:19:36","modified_gmt":"2026-01-30T14:19:36","slug":"schwert-aguilar-assassins-creed-der-film","status":"publish","type":"product","link":"https:\/\/repliquemangacine.fr\/de\/armes-assassins-creed\/epee-aguilar-assassins-creed-le-film\/","title":{"rendered":"Schwert Aguilar Assassin's Creed der Film"},"content":{"rendered":"<h2>Schwert von Aguilar Assassin's Creed der Film.<\/h2>\n<p>Zu Beginn wird der<strong>Aguilars Schwert in Assassin's Creed<\/strong> ist identisch mit der, die im Film zu sehen ist<\/p>\n<p><a href=\"https:\/\/assassinscreed.fandom.com\/fr\/wiki\/Aguilar_de_Nerha\" target=\"_blank\" rel=\"noopener noreferrer\">Aguilar de Nerha<\/a> war ein Meisterassassine der spanischen Bruderschaft der Assassinen, deren Mentor er sp\u00e4ter wurde. Er ist ein Vorfahre von Callum Lynch, der seine genetischen Erinnerungen 2016 im Animus wiedererlebte, sowie von seiner Mutter.<\/p>\n<p>Als versierter K\u00e4mpfer konnte Aguilar gegen mehrere Feinde gleichzeitig antreten, sowohl bewaffnet als auch unbewaffnet, wobei er Schwerter oder Speere mit gro\u00dfem Talent schwang. Dar\u00fcber hinaus bewies er auch Talent im Bogenschie\u00dfen, indem er Pfeil und Bogen sowohl auf kurze als auch auf lange Distanz effektiv einsetzte.<\/p>\n<p>Aguilar und sein Nachkomme Callum Lynch werden also beide von Michael Fassbender im Spielfilm Assassin's Creed gespielt.<\/p>\n<h2>Ihr Assassin's Creed Schwert von Aguilar zum besten Preis.<\/h2>\n<p>Wir bieten Ihnen alle Spr\u00fcche Ihrer Lieblingscharaktere aus dem Film Assassin's Creed.<\/p>\n<p>Zun\u00e4chst einmal,<\/p>\n<ul>\n<li>Die <a href=\"https:\/\/repliquemangacine.fr\/de\/assassins-creed\/dolch-aguilar-assassin-s-creed\/\">Aguilar-Dolch<\/a> die als gro\u00dfer Brief\u00f6ffner dienen kann.<\/li>\n<li>Sowie die <a href=\"https:\/\/repliquemangacine.fr\/de\/assassins-creed\/dolch-ojeda-assassin-s-creed\/\">Ojeda-Dolch<\/a>Es ist auch eine Dolchversion des urspr\u00fcnglichen Requisits, das im Film Assassin's Creed verwendet wurde.<\/li>\n<li>Und noch viel mehr aus der Welt der Videospiele gibt es in unserem Online-Shop zu entdecken!<\/li>\n<\/ul>\n<p>Wenn Sie ein Fan von Assassin's Creed sind, ist dieses Schwert eine gro\u00dfartige Erg\u00e4nzung f\u00fcr Ihr Arsenal. Daher ist dies eine gro\u00dfartige Geschenkidee f\u00fcr Fans.<\/p>\n<p>Zusammenfassend l\u00e4sst sich sagen, dass Sie dieses Schwert auch f\u00fcr Ihre Cosplay-Paraden oder Themenpartys verwenden k\u00f6nnen. Vor allem aber ist das<strong>Schwert von Aguilar Assassin's Creed<\/strong> der Film, ist ein Sammlerst\u00fcck und dient als Dekoration.<\/p>\n<h2>Wie pflegt man die Klinge seines Schwertes?<\/h2>\n<p>Katanas f\u00fcr Sammlungen und Dekorationen werden auf vereinfachte Weise hergestellt und zusammengebaut. Da sie zu Dekorationszwecken verwendet werden, fehlen ihnen die Sicherheitsmerkmale, die ein japanisches Schwert f\u00fcr Trainingszwecke aufweisen muss.<\/p>\n<p>Allerdings ist Ihr <strong>Schwert Aguilar Assassin's Creed<\/strong> zu einer Stahlklinge, die gepflegt werden muss, damit sie nicht mit der Zeit abgenutzt wird. Denn wenn du dein Katana ausstellst, werden deine Freunde neugierig sein, die Klinge zu sehen und sie zu ber\u00fchren. Hier ist Vorsicht geboten, denn Sie sollten wissen, dass die S\u00e4ure der Finger dem Stahl unabh\u00e4ngig von seiner Qualit\u00e4t sehr schadet.<\/p>\n<p>Wenn das passiert, keine Panik, Sie brauchen nur ein Tuch, das mit etwas \u00d6l befeuchtet ist, und wischen die Fingerabdr\u00fccke ab. Wenn Sie dies tun, werden Sie Ihr Schwert sehr lange behalten.<\/p>\n<p><strong>\u00a0<\/strong><\/p>","protected":false},"excerpt":{"rendered":"<p>Replik von Aguilars Schwert in Assassin's Creed.<\/p>\n<ul>\n<li>Zweischneidige Klinge aus rostfreiem Stahl.<\/li>\n<li>Vollstahl-Garde.<\/li>\n<li>Griff aus gegossenem Abs.<\/li>\n<li>Knauf aus Vollstahl mit rotem Kreuz.<\/li>\n<li>Mit schwarzem Kunstleder \u00fcberzogene Scheide.<\/li>\n<li>Klingenl\u00e4nge: 77 cm - Gesamtl\u00e4nge: 105 cm - Gewicht: 1320 Gramm<\/li>\n<\/ul>\n<p><strong>\u00a0<\/strong><\/p>","protected":false},"featured_media":27681,"template":"","meta":[],"product_brand":[896],"product_cat":[836,25,48,84,43],"product_tag":[],"class_list":{"0":"post-27680","1":"product","2":"type-product","3":"status-publish","4":"has-post-thumbnail","6":"product_brand-replique-manga-cine","7":"product_cat-armes-assassins-creed","8":"product_cat-armes-historiques","9":"product_cat-epees-assassins-creed-armes-assassins-creed","10":"product_cat-epee-templier-medievale","11":"product_cat-reproductions-d-armes-et-accessoires-medievales","13":"first","14":"instock","15":"sale","16":"taxable","17":"shipping-taxable","18":"purchasable","19":"product-type-simple"},"yoast_head":"<!-- This site is optimized with the Yoast SEO plugin v27.5 - https:\/\/yoast.com\/product\/yoast-seo-wordpress\/ -->\n<title>Ep\u00e9e Aguilar - Assassin&#039;s Creed Le Film - Boutique en ligne | RMC<\/title>\n<meta name=\"description\" content=\"Commandez vite ! Votre Ep\u00e9e Aguilar dans le film Assassin&#039;s Creed. Lame en acier inoxydable. Longueur totale : 105cm - Envoi 24\/48h\" \/>\n<meta name=\"robots\" content=\"index, follow, max-snippet:-1, max-image-preview:large, max-video-preview:-1\" \/>\n<link rel=\"canonical\" href=\"https:\/\/repliquemangacine.fr\/de\/waffen-assassins-creed\/schwert-aguilar-assassins-creed-der-film\/\" \/>\n<meta property=\"og:locale\" content=\"de_DE\" \/>\n<meta property=\"og:type\" content=\"article\" \/>\n<meta property=\"og:title\" content=\"Ep\u00e9e Aguilar - Assassin&#039;s Creed Le Film - Boutique en ligne | RMC\" \/>\n<meta property=\"og:description\" content=\"Commandez vite ! Votre Ep\u00e9e Aguilar dans le film Assassin&#039;s Creed. Lame en acier inoxydable. Longueur totale : 105cm - Envoi 24\/48h\" \/>\n<meta property=\"og:url\" content=\"https:\/\/repliquemangacine.fr\/de\/waffen-assassins-creed\/schwert-aguilar-assassins-creed-der-film\/\" \/>\n<meta property=\"og:site_name\" content=\"R\u00e9plique Manga Cin\u00e9\" \/>\n<meta property=\"article:publisher\" content=\"https:\/\/www.facebook.com\/RepliqueMangaCine\" \/>\n<meta property=\"article:modified_time\" content=\"2026-01-30T14:19:36+00:00\" \/>\n<meta property=\"og:image\" content=\"https:\/\/repliquemangacine.fr\/wp-content\/uploads\/2023\/10\/2451-Replique-epee-dAguilar-Assassins-Creed-le-Film.jpg\" \/>\n\t<meta property=\"og:image:width\" content=\"600\" \/>\n\t<meta property=\"og:image:height\" content=\"600\" \/>\n\t<meta property=\"og:image:type\" content=\"image\/jpeg\" \/>\n<meta name=\"twitter:card\" content=\"summary_large_image\" \/>\n<meta name=\"twitter:label1\" content=\"Gesch\u00e4tzte Lesezeit\" \/>\n\t<meta name=\"twitter:data1\" content=\"3\u00a0Minuten\" \/>\n<script type=\"application\/ld+json\" class=\"yoast-schema-graph\">{\"@context\":\"https:\\\/\\\/schema.org\",\"@graph\":[{\"@type\":\"WebPage\",\"@id\":\"https:\\\/\\\/repliquemangacine.fr\\\/armes-assassins-creed\\\/epee-aguilar-assassins-creed-le-film\\\/\",\"url\":\"https:\\\/\\\/repliquemangacine.fr\\\/armes-assassins-creed\\\/epee-aguilar-assassins-creed-le-film\\\/\",\"name\":\"Ep\u00e9e Aguilar - Assassin's Creed Le Film - Boutique en ligne | RMC\",\"isPartOf\":{\"@id\":\"https:\\\/\\\/repliquemangacine.fr\\\/#website\"},\"primaryImageOfPage\":{\"@id\":\"https:\\\/\\\/repliquemangacine.fr\\\/armes-assassins-creed\\\/epee-aguilar-assassins-creed-le-film\\\/#primaryimage\"},\"image\":{\"@id\":\"https:\\\/\\\/repliquemangacine.fr\\\/armes-assassins-creed\\\/epee-aguilar-assassins-creed-le-film\\\/#primaryimage\"},\"thumbnailUrl\":\"https:\\\/\\\/repliquemangacine.fr\\\/wp-content\\\/uploads\\\/2023\\\/10\\\/2451-Replique-epee-dAguilar-Assassins-Creed-le-Film.jpg\",\"datePublished\":\"2018-02-09T18:18:48+00:00\",\"dateModified\":\"2026-01-30T14:19:36+00:00\",\"description\":\"Commandez vite ! Votre Ep\u00e9e Aguilar dans le film Assassin's Creed. Lame en acier inoxydable. Longueur totale : 105cm - Envoi 24\\\/48h\",\"breadcrumb\":{\"@id\":\"https:\\\/\\\/repliquemangacine.fr\\\/armes-assassins-creed\\\/epee-aguilar-assassins-creed-le-film\\\/#breadcrumb\"},\"inLanguage\":\"de\",\"potentialAction\":[{\"@type\":\"ReadAction\",\"target\":[\"https:\\\/\\\/repliquemangacine.fr\\\/armes-assassins-creed\\\/epee-aguilar-assassins-creed-le-film\\\/\"]}]},{\"@type\":\"ImageObject\",\"inLanguage\":\"de\",\"@id\":\"https:\\\/\\\/repliquemangacine.fr\\\/armes-assassins-creed\\\/epee-aguilar-assassins-creed-le-film\\\/#primaryimage\",\"url\":\"https:\\\/\\\/repliquemangacine.fr\\\/wp-content\\\/uploads\\\/2023\\\/10\\\/2451-Replique-epee-dAguilar-Assassins-Creed-le-Film.jpg\",\"contentUrl\":\"https:\\\/\\\/repliquemangacine.fr\\\/wp-content\\\/uploads\\\/2023\\\/10\\\/2451-Replique-epee-dAguilar-Assassins-Creed-le-Film.jpg\",\"width\":600,\"height\":600,\"caption\":\"Ep\u00e9e Aguilar Assassin's Creed le Film\"},{\"@type\":\"BreadcrumbList\",\"@id\":\"https:\\\/\\\/repliquemangacine.fr\\\/armes-assassins-creed\\\/epee-aguilar-assassins-creed-le-film\\\/#breadcrumb\",\"itemListElement\":[{\"@type\":\"ListItem\",\"position\":1,\"name\":\"Accueil\",\"item\":\"https:\\\/\\\/repliquemangacine.fr\\\/\"},{\"@type\":\"ListItem\",\"position\":2,\"name\":\"Produits\",\"item\":\"https:\\\/\\\/repliquemangacine.fr\\\/boutique\\\/\"},{\"@type\":\"ListItem\",\"position\":3,\"name\":\"Ep\u00e9e Aguilar Assassin&#8217;s Creed le Film\"}]},{\"@type\":\"WebSite\",\"@id\":\"https:\\\/\\\/repliquemangacine.fr\\\/#website\",\"url\":\"https:\\\/\\\/repliquemangacine.fr\\\/\",\"name\":\"R\u00e9plique Manga Cin\u00e9\",\"description\":\"\",\"publisher\":{\"@id\":\"https:\\\/\\\/repliquemangacine.fr\\\/#organization\"},\"potentialAction\":[{\"@type\":\"SearchAction\",\"target\":{\"@type\":\"EntryPoint\",\"urlTemplate\":\"https:\\\/\\\/repliquemangacine.fr\\\/?s={search_term_string}\"},\"query-input\":{\"@type\":\"PropertyValueSpecification\",\"valueRequired\":true,\"valueName\":\"search_term_string\"}}],\"inLanguage\":\"de\"},{\"@type\":\"Organization\",\"@id\":\"https:\\\/\\\/repliquemangacine.fr\\\/#organization\",\"name\":\"R\u00e9plique Manga Cin\u00e9\",\"url\":\"https:\\\/\\\/repliquemangacine.fr\\\/\",\"logo\":{\"@type\":\"ImageObject\",\"inLanguage\":\"de\",\"@id\":\"https:\\\/\\\/repliquemangacine.fr\\\/#\\\/schema\\\/logo\\\/image\\\/\",\"url\":\"https:\\\/\\\/repliquemangacine.fr\\\/wp-content\\\/uploads\\\/2023\\\/10\\\/RMC-500250.png\",\"contentUrl\":\"https:\\\/\\\/repliquemangacine.fr\\\/wp-content\\\/uploads\\\/2023\\\/10\\\/RMC-500250.png\",\"width\":500,\"height\":250,\"caption\":\"R\u00e9plique Manga Cin\u00e9\"},\"image\":{\"@id\":\"https:\\\/\\\/repliquemangacine.fr\\\/#\\\/schema\\\/logo\\\/image\\\/\"},\"sameAs\":[\"https:\\\/\\\/www.facebook.com\\\/RepliqueMangaCine\",\"https:\\\/\\\/www.instagram.com\\\/repliquemangacine.fr\\\/\"]}]}<\/script>\n<!-- \/ Yoast SEO plugin. -->","yoast_head_json":{"title":"Schwert Aguilar - Assassin's Creed Der Film - Online Shop | RMC","description":"Bestellen Sie schnell! Ihr Aguilar-Schwert aus dem Film Assassin's Creed. Klinge aus rostfreiem Stahl. Gesamtl\u00e4nge: 105cm - Versand 24\/48h","robots":{"index":"index","follow":"follow","max-snippet":"max-snippet:-1","max-image-preview":"max-image-preview:large","max-video-preview":"max-video-preview:-1"},"canonical":"https:\/\/repliquemangacine.fr\/de\/waffen-assassins-creed\/schwert-aguilar-assassins-creed-der-film\/","og_locale":"de_DE","og_type":"article","og_title":"Ep\u00e9e Aguilar - Assassin's Creed Le Film - Boutique en ligne | RMC","og_description":"Commandez vite ! Votre Ep\u00e9e Aguilar dans le film Assassin's Creed. Lame en acier inoxydable. Longueur totale : 105cm - Envoi 24\/48h","og_url":"https:\/\/repliquemangacine.fr\/de\/waffen-assassins-creed\/schwert-aguilar-assassins-creed-der-film\/","og_site_name":"R\u00e9plique Manga Cin\u00e9","article_publisher":"https:\/\/www.facebook.com\/RepliqueMangaCine","article_modified_time":"2026-01-30T14:19:36+00:00","og_image":[{"width":600,"height":600,"url":"https:\/\/repliquemangacine.fr\/wp-content\/uploads\/2023\/10\/2451-Replique-epee-dAguilar-Assassins-Creed-le-Film.jpg","type":"image\/jpeg"}],"twitter_card":"summary_large_image","twitter_misc":{"Gesch\u00e4tzte Lesezeit":"3\u00a0Minuten"},"schema":{"@context":"https:\/\/schema.org","@graph":[{"@type":"WebPage","@id":"https:\/\/repliquemangacine.fr\/armes-assassins-creed\/epee-aguilar-assassins-creed-le-film\/","url":"https:\/\/repliquemangacine.fr\/armes-assassins-creed\/epee-aguilar-assassins-creed-le-film\/","name":"Schwert Aguilar - Assassin's Creed Der Film - Online Shop | RMC","isPartOf":{"@id":"https:\/\/repliquemangacine.fr\/#website"},"primaryImageOfPage":{"@id":"https:\/\/repliquemangacine.fr\/armes-assassins-creed\/epee-aguilar-assassins-creed-le-film\/#primaryimage"},"image":{"@id":"https:\/\/repliquemangacine.fr\/armes-assassins-creed\/epee-aguilar-assassins-creed-le-film\/#primaryimage"},"thumbnailUrl":"https:\/\/repliquemangacine.fr\/wp-content\/uploads\/2023\/10\/2451-Replique-epee-dAguilar-Assassins-Creed-le-Film.jpg","datePublished":"2018-02-09T18:18:48+00:00","dateModified":"2026-01-30T14:19:36+00:00","description":"Bestellen Sie schnell! Ihr Aguilar-Schwert aus dem Film Assassin's Creed. Klinge aus rostfreiem Stahl. Gesamtl\u00e4nge: 105cm - Versand 24\/48h","breadcrumb":{"@id":"https:\/\/repliquemangacine.fr\/armes-assassins-creed\/epee-aguilar-assassins-creed-le-film\/#breadcrumb"},"inLanguage":"de","potentialAction":[{"@type":"ReadAction","target":["https:\/\/repliquemangacine.fr\/armes-assassins-creed\/epee-aguilar-assassins-creed-le-film\/"]}]},{"@type":"ImageObject","inLanguage":"de","@id":"https:\/\/repliquemangacine.fr\/armes-assassins-creed\/epee-aguilar-assassins-creed-le-film\/#primaryimage","url":"https:\/\/repliquemangacine.fr\/wp-content\/uploads\/2023\/10\/2451-Replique-epee-dAguilar-Assassins-Creed-le-Film.jpg","contentUrl":"https:\/\/repliquemangacine.fr\/wp-content\/uploads\/2023\/10\/2451-Replique-epee-dAguilar-Assassins-Creed-le-Film.jpg","width":600,"height":600,"caption":"Ep\u00e9e Aguilar Assassin's Creed le Film"},{"@type":"BreadcrumbList","@id":"https:\/\/repliquemangacine.fr\/armes-assassins-creed\/epee-aguilar-assassins-creed-le-film\/#breadcrumb","itemListElement":[{"@type":"ListItem","position":1,"name":"Accueil","item":"https:\/\/repliquemangacine.fr\/"},{"@type":"ListItem","position":2,"name":"Produits","item":"https:\/\/repliquemangacine.fr\/boutique\/"},{"@type":"ListItem","position":3,"name":"Ep\u00e9e Aguilar Assassin&#8217;s Creed le Film"}]},{"@type":"WebSite","@id":"https:\/\/repliquemangacine.fr\/#website","url":"https:\/\/repliquemangacine.fr\/","name":"R\u00e9plique Manga Cin\u00e9","description":"","publisher":{"@id":"https:\/\/repliquemangacine.fr\/#organization"},"potentialAction":[{"@type":"SearchAction","target":{"@type":"EntryPoint","urlTemplate":"https:\/\/repliquemangacine.fr\/?s={search_term_string}"},"query-input":{"@type":"PropertyValueSpecification","valueRequired":true,"valueName":"search_term_string"}}],"inLanguage":"de"},{"@type":"Organization","@id":"https:\/\/repliquemangacine.fr\/#organization","name":"R\u00e9plique Manga Cin\u00e9","url":"https:\/\/repliquemangacine.fr\/","logo":{"@type":"ImageObject","inLanguage":"de","@id":"https:\/\/repliquemangacine.fr\/#\/schema\/logo\/image\/","url":"https:\/\/repliquemangacine.fr\/wp-content\/uploads\/2023\/10\/RMC-500250.png","contentUrl":"https:\/\/repliquemangacine.fr\/wp-content\/uploads\/2023\/10\/RMC-500250.png","width":500,"height":250,"caption":"R\u00e9plique Manga Cin\u00e9"},"image":{"@id":"https:\/\/repliquemangacine.fr\/#\/schema\/logo\/image\/"},"sameAs":["https:\/\/www.facebook.com\/RepliqueMangaCine","https:\/\/www.instagram.com\/repliquemangacine.fr\/"]}]}},"_links":{"self":[{"href":"https:\/\/repliquemangacine.fr\/de\/wp-json\/wp\/v2\/product\/27680","targetHints":{"allow":["GET"]}}],"collection":[{"href":"https:\/\/repliquemangacine.fr\/de\/wp-json\/wp\/v2\/product"}],"about":[{"href":"https:\/\/repliquemangacine.fr\/de\/wp-json\/wp\/v2\/types\/product"}],"wp:featuredmedia":[{"embeddable":true,"href":"https:\/\/repliquemangacine.fr\/de\/wp-json\/wp\/v2\/media\/27681"}],"wp:attachment":[{"href":"https:\/\/repliquemangacine.fr\/de\/wp-json\/wp\/v2\/media?parent=27680"}],"wp:term":[{"taxonomy":"product_brand","embeddable":true,"href":"https:\/\/repliquemangacine.fr\/de\/wp-json\/wp\/v2\/product_brand?post=27680"},{"taxonomy":"product_cat","embeddable":true,"href":"https:\/\/repliquemangacine.fr\/de\/wp-json\/wp\/v2\/product_cat?post=27680"},{"taxonomy":"product_tag","embeddable":true,"href":"https:\/\/repliquemangacine.fr\/de\/wp-json\/wp\/v2\/product_tag?post=27680"}],"curies":[{"name":"wp","href":"https:\/\/api.w.org\/{rel}","templated":true}]}}