





{"id":27673,"date":"2018-02-09T18:28:41","date_gmt":"2018-02-09T17:28:41","guid":{"rendered":"https:\/\/repliquemangacine.fr\/?post_type=product&#038;p=27673"},"modified":"2025-09-23T18:01:58","modified_gmt":"2025-09-23T16:01:58","slug":"replica-schwert-ojeda-assassin-s-creed","status":"publish","type":"product","link":"https:\/\/repliquemangacine.fr\/de\/armes-assassins-creed\/replique-epee-ojeda-assassin-s-creed\/","title":{"rendered":"Ojeda-Schwert Assassin's Creed"},"content":{"rendered":"<h2>Ojeda-Schwert aus dem Film Assassin's Creed.<\/h2>\n<p>Zu Beginn wird die<strong>Schwert Ojeda<\/strong> ist identisch mit dem, das im Film Assassin's Creed zu sehen war.<\/p>\n<p><a href=\"https:\/\/assassinscreed.fandom.com\/fr\/wiki\/Ojeda\" target=\"_blank\" rel=\"noopener noreferrer\">Alonso de Ojeda<\/a> ist ein spanischer Entdecker und Konquistador. Anf\u00fchrer einer Armee von Templern w\u00e4hrend der spanischen Inquisition. Au\u00dferdem hatte er eine imposante Pr\u00e4senz, bekannt f\u00fcr das blutrote Kreuz auf seiner R\u00fcstung und eine riesige Narbe in seinem Gesicht.  Er hegte einen schweren Hass auf Aguilar de Nerha.<\/p>\n<p>W\u00e4hrend Tom\u00e1s de Torquemada, sein Vorgesetzter, die F\u00e4den zog, erledigte Ojeda die Arbeit vor Ort. Er vollstreckte brutale Urteile gegen jeden, der es wagte, die Inquisition herauszufordern. Selbst wenn er ganze St\u00e4dte dem Erdboden gleichmachte, hielt ihn das nicht vom Schlafen ab, um sein Ziel zu erreichen.<\/p>\n<p>Mithilfe einer revolution\u00e4ren Technologie, die das genetische Ged\u00e4chtnis freisetzt, erlebt Callum Lynch die Abenteuer seines Vorfahren Aguilar erneut.<\/p>\n<h2>Ihr Assassin's Creed Ojeda-Schwert zum besten Preis<\/h2>\n<p>Wir bieten Ihnen alle Spr\u00fcche Ihrer Lieblingscharaktere aus dem Film Assassin's Creed.<\/p>\n<p>Zun\u00e4chst einmal,<\/p>\n<ul>\n<li>L'<a href=\"https:\/\/repliquemangacine.fr\/de\/assassins-creed\/epee-daguilar-assassins-creed-le-film\/\">Schwert von Aguilar<\/a> der eine genaue Nachbildung der im Film verwendeten Originalrequisite ist.<\/li>\n<li>Sowie die <a href=\"https:\/\/repliquemangacine.fr\/de\/assassins-creed\/dolch-ojeda-assassin-s-creed\/\">Ojeda-Dolch<\/a>Die Dolchversion ist ebenfalls eine Reproduktion des Originalaccessoires aus dem Film Assassin's Creed.<\/li>\n<li>Und viele andere, die es in unserem Online-Shop zu entdecken gibt!<\/li>\n<\/ul>\n<p>Wenn Sie ein Fan von Assassin's Creed sind, wird dieses Sammlerschwert eine entscheidende Erg\u00e4nzung Ihrer Sammlung sein. Aus diesem Grund ist dies eine gro\u00dfartige Geschenkidee f\u00fcr Assassin's Creed-Fans.<\/p>\n<p>Abschlie\u00dfend l\u00e4sst sich sagen, dass Sie dieses Schwert auch f\u00fcr Ihre Cosplay-Paraden oder Themenpartys verwenden k\u00f6nnen. Aber vor allem ist dieses <strong>Schwert Ojeda<\/strong>Wenn Sie ein Sammlerst\u00fcck sind, k\u00f6nnen Sie es auch verwenden.<\/p>\n<h2>Wie pflegt man die Klinge seines Assassin's Creed-Schwerts?<\/h2>\n<p>Sammlungs- und Dekorationsschwerter werden auf vereinfachte Weise hergestellt und zusammengebaut. Da sie zu Dekorationszwecken verwendet werden, verf\u00fcgen sie nicht \u00fcber die Sicherheitsmerkmale, die ein japanisches Schwert f\u00fcr das Training aufweisen muss.<\/p>\n<p>Allerdings ist Ihr <strong>Schwert Ojeda<\/strong> zu einer Stahlklinge, die gepflegt werden muss, damit sie nicht mit der Zeit abgenutzt wird. Denn wenn du dein Katana ausstellst, werden deine Freunde neugierig sein, die Klinge zu sehen und sie zu ber\u00fchren. Hier ist Vorsicht geboten, denn Sie sollten wissen, dass die S\u00e4ure der Finger dem Stahl unabh\u00e4ngig von seiner Qualit\u00e4t sehr schadet.<\/p>\n<p>Wenn dies jedoch passiert, keine Panik, Sie brauchen nur ein Tuch, das mit etwas \u00d6l befeuchtet ist, und wischen die Fingerabdr\u00fccke ab. Wenn Sie dies tun, werden Sie Ihr Schwert sehr lange behalten.<\/p>\n<p><strong>\u00a0<\/strong><\/p>","protected":false},"excerpt":{"rendered":"<p>Replik des Ojeda-Schwerts. Diese Nachbildung entspricht dem Originalrequisit, das im Film Assassin's Creed verwendet wurde.<\/p>\n<ul>\n<li>Zweischneidige Klinge aus rostfreiem Stahl.<\/li>\n<li>Gegossener Metallb\u00fcgel.<\/li>\n<li>Griff aus gegossenem Stahl.<\/li>\n<li>Knauf in Form eines Gesichts ganz aus gegossenem Stahl.<\/li>\n<li>Mit schwarzem Kunstleder \u00fcberzogene Scheide.<\/li>\n<li>Klingenl\u00e4nge:76.5 cm - Gesamtl\u00e4nge: 103 cm -Gewicht:1400 Gramm<\/li>\n<\/ul>\n<p><strong>\u00a0<\/strong><\/p>","protected":false},"featured_media":27674,"template":"","meta":[],"product_brand":[896],"product_cat":[836,25,48,84,43],"product_tag":[],"class_list":{"0":"post-27673","1":"product","2":"type-product","3":"status-publish","4":"has-post-thumbnail","6":"product_brand-replique-manga-cine","7":"product_cat-armes-assassins-creed","8":"product_cat-armes-historiques","9":"product_cat-epees-assassins-creed-armes-assassins-creed","10":"product_cat-epee-templier-medievale","11":"product_cat-reproductions-d-armes-et-accessoires-medievales","13":"first","14":"instock","15":"sale","16":"taxable","17":"shipping-taxable","18":"purchasable","19":"product-type-simple"},"yoast_head":"<!-- This site is optimized with the Yoast SEO plugin v27.5 - https:\/\/yoast.com\/product\/yoast-seo-wordpress\/ -->\n<title>Ep\u00e9e Ojeda - Assassin&#039;s Creed le film - Boutique en ligne | RMC<\/title>\n<meta name=\"description\" content=\"Commandez vite ! Votre Ep\u00e9e Ojeda, dans Assassin&#039;s Creed le film au meilleur prix. Lame acier inox. Longueur totale : 103 cm - Envoi 24\/48h\" \/>\n<meta name=\"robots\" content=\"index, follow, max-snippet:-1, max-image-preview:large, max-video-preview:-1\" \/>\n<link rel=\"canonical\" href=\"https:\/\/repliquemangacine.fr\/de\/waffen-assassins-creed\/replica-schwert-ojeda-assassin-s-creed\/\" \/>\n<meta property=\"og:locale\" content=\"de_DE\" \/>\n<meta property=\"og:type\" content=\"article\" \/>\n<meta property=\"og:title\" content=\"Ep\u00e9e Ojeda - Assassin&#039;s Creed le film - Boutique en ligne | RMC\" \/>\n<meta property=\"og:description\" content=\"Commandez vite ! Votre Ep\u00e9e Ojeda, dans Assassin&#039;s Creed le film au meilleur prix. Lame acier inox. Longueur totale : 103 cm - Envoi 24\/48h\" \/>\n<meta property=\"og:url\" content=\"https:\/\/repliquemangacine.fr\/de\/waffen-assassins-creed\/replica-schwert-ojeda-assassin-s-creed\/\" \/>\n<meta property=\"og:site_name\" content=\"R\u00e9plique Manga Cin\u00e9\" \/>\n<meta property=\"article:publisher\" content=\"https:\/\/www.facebook.com\/RepliqueMangaCine\" \/>\n<meta property=\"article:modified_time\" content=\"2025-09-23T16:01:58+00:00\" \/>\n<meta property=\"og:image\" content=\"https:\/\/repliquemangacine.fr\/wp-content\/uploads\/2023\/10\/2445-epee-Ojeda-Assassins-Creed-lame.jpg\" \/>\n\t<meta property=\"og:image:width\" content=\"600\" \/>\n\t<meta property=\"og:image:height\" content=\"600\" \/>\n\t<meta property=\"og:image:type\" content=\"image\/jpeg\" \/>\n<meta name=\"twitter:card\" content=\"summary_large_image\" \/>\n<meta name=\"twitter:label1\" content=\"Gesch\u00e4tzte Lesezeit\" \/>\n\t<meta name=\"twitter:data1\" content=\"3\u00a0Minuten\" \/>\n<script type=\"application\/ld+json\" class=\"yoast-schema-graph\">{\"@context\":\"https:\\\/\\\/schema.org\",\"@graph\":[{\"@type\":\"WebPage\",\"@id\":\"https:\\\/\\\/repliquemangacine.fr\\\/armes-assassins-creed\\\/replique-epee-ojeda-assassin-s-creed\\\/\",\"url\":\"https:\\\/\\\/repliquemangacine.fr\\\/armes-assassins-creed\\\/replique-epee-ojeda-assassin-s-creed\\\/\",\"name\":\"Ep\u00e9e Ojeda - Assassin's Creed le film - Boutique en ligne | RMC\",\"isPartOf\":{\"@id\":\"https:\\\/\\\/repliquemangacine.fr\\\/#website\"},\"primaryImageOfPage\":{\"@id\":\"https:\\\/\\\/repliquemangacine.fr\\\/armes-assassins-creed\\\/replique-epee-ojeda-assassin-s-creed\\\/#primaryimage\"},\"image\":{\"@id\":\"https:\\\/\\\/repliquemangacine.fr\\\/armes-assassins-creed\\\/replique-epee-ojeda-assassin-s-creed\\\/#primaryimage\"},\"thumbnailUrl\":\"https:\\\/\\\/repliquemangacine.fr\\\/wp-content\\\/uploads\\\/2023\\\/10\\\/2445-epee-Ojeda-Assassins-Creed-lame.jpg\",\"datePublished\":\"2018-02-09T17:28:41+00:00\",\"dateModified\":\"2025-09-23T16:01:58+00:00\",\"description\":\"Commandez vite ! Votre Ep\u00e9e Ojeda, dans Assassin's Creed le film au meilleur prix. Lame acier inox. Longueur totale : 103 cm - Envoi 24\\\/48h\",\"breadcrumb\":{\"@id\":\"https:\\\/\\\/repliquemangacine.fr\\\/armes-assassins-creed\\\/replique-epee-ojeda-assassin-s-creed\\\/#breadcrumb\"},\"inLanguage\":\"de\",\"potentialAction\":[{\"@type\":\"ReadAction\",\"target\":[\"https:\\\/\\\/repliquemangacine.fr\\\/armes-assassins-creed\\\/replique-epee-ojeda-assassin-s-creed\\\/\"]}]},{\"@type\":\"ImageObject\",\"inLanguage\":\"de\",\"@id\":\"https:\\\/\\\/repliquemangacine.fr\\\/armes-assassins-creed\\\/replique-epee-ojeda-assassin-s-creed\\\/#primaryimage\",\"url\":\"https:\\\/\\\/repliquemangacine.fr\\\/wp-content\\\/uploads\\\/2023\\\/10\\\/2445-epee-Ojeda-Assassins-Creed-lame.jpg\",\"contentUrl\":\"https:\\\/\\\/repliquemangacine.fr\\\/wp-content\\\/uploads\\\/2023\\\/10\\\/2445-epee-Ojeda-Assassins-Creed-lame.jpg\",\"width\":600,\"height\":600,\"caption\":\"\u00e9p\u00e9e Ojeda Assassin's Creed lame\"},{\"@type\":\"BreadcrumbList\",\"@id\":\"https:\\\/\\\/repliquemangacine.fr\\\/armes-assassins-creed\\\/replique-epee-ojeda-assassin-s-creed\\\/#breadcrumb\",\"itemListElement\":[{\"@type\":\"ListItem\",\"position\":1,\"name\":\"Accueil\",\"item\":\"https:\\\/\\\/repliquemangacine.fr\\\/\"},{\"@type\":\"ListItem\",\"position\":2,\"name\":\"Produits\",\"item\":\"https:\\\/\\\/repliquemangacine.fr\\\/boutique\\\/\"},{\"@type\":\"ListItem\",\"position\":3,\"name\":\"Ep\u00e9e Ojeda Assassin&#8217;s Creed\"}]},{\"@type\":\"WebSite\",\"@id\":\"https:\\\/\\\/repliquemangacine.fr\\\/#website\",\"url\":\"https:\\\/\\\/repliquemangacine.fr\\\/\",\"name\":\"R\u00e9plique Manga Cin\u00e9\",\"description\":\"\",\"publisher\":{\"@id\":\"https:\\\/\\\/repliquemangacine.fr\\\/#organization\"},\"potentialAction\":[{\"@type\":\"SearchAction\",\"target\":{\"@type\":\"EntryPoint\",\"urlTemplate\":\"https:\\\/\\\/repliquemangacine.fr\\\/?s={search_term_string}\"},\"query-input\":{\"@type\":\"PropertyValueSpecification\",\"valueRequired\":true,\"valueName\":\"search_term_string\"}}],\"inLanguage\":\"de\"},{\"@type\":\"Organization\",\"@id\":\"https:\\\/\\\/repliquemangacine.fr\\\/#organization\",\"name\":\"R\u00e9plique Manga Cin\u00e9\",\"url\":\"https:\\\/\\\/repliquemangacine.fr\\\/\",\"logo\":{\"@type\":\"ImageObject\",\"inLanguage\":\"de\",\"@id\":\"https:\\\/\\\/repliquemangacine.fr\\\/#\\\/schema\\\/logo\\\/image\\\/\",\"url\":\"https:\\\/\\\/repliquemangacine.fr\\\/wp-content\\\/uploads\\\/2023\\\/10\\\/RMC-500250.png\",\"contentUrl\":\"https:\\\/\\\/repliquemangacine.fr\\\/wp-content\\\/uploads\\\/2023\\\/10\\\/RMC-500250.png\",\"width\":500,\"height\":250,\"caption\":\"R\u00e9plique Manga Cin\u00e9\"},\"image\":{\"@id\":\"https:\\\/\\\/repliquemangacine.fr\\\/#\\\/schema\\\/logo\\\/image\\\/\"},\"sameAs\":[\"https:\\\/\\\/www.facebook.com\\\/RepliqueMangaCine\",\"https:\\\/\\\/www.instagram.com\\\/repliquemangacine.fr\\\/\"]}]}<\/script>\n<!-- \/ Yoast SEO plugin. -->","yoast_head_json":{"title":"Ojeda-Schwert - Assassin's Creed der Film - Online-Shop | RMC","description":"Bestellen Sie schnell! Ihr Ojeda-Schwert aus Assassin's Creed der Film zum besten Preis. Klinge aus rostfreiem Stahl. Gesamtl\u00e4nge: 103 cm - Versand 24\/48h","robots":{"index":"index","follow":"follow","max-snippet":"max-snippet:-1","max-image-preview":"max-image-preview:large","max-video-preview":"max-video-preview:-1"},"canonical":"https:\/\/repliquemangacine.fr\/de\/waffen-assassins-creed\/replica-schwert-ojeda-assassin-s-creed\/","og_locale":"de_DE","og_type":"article","og_title":"Ep\u00e9e Ojeda - Assassin's Creed le film - Boutique en ligne | RMC","og_description":"Commandez vite ! Votre Ep\u00e9e Ojeda, dans Assassin's Creed le film au meilleur prix. Lame acier inox. Longueur totale : 103 cm - Envoi 24\/48h","og_url":"https:\/\/repliquemangacine.fr\/de\/waffen-assassins-creed\/replica-schwert-ojeda-assassin-s-creed\/","og_site_name":"R\u00e9plique Manga Cin\u00e9","article_publisher":"https:\/\/www.facebook.com\/RepliqueMangaCine","article_modified_time":"2025-09-23T16:01:58+00:00","og_image":[{"width":600,"height":600,"url":"https:\/\/repliquemangacine.fr\/wp-content\/uploads\/2023\/10\/2445-epee-Ojeda-Assassins-Creed-lame.jpg","type":"image\/jpeg"}],"twitter_card":"summary_large_image","twitter_misc":{"Gesch\u00e4tzte Lesezeit":"3\u00a0Minuten"},"schema":{"@context":"https:\/\/schema.org","@graph":[{"@type":"WebPage","@id":"https:\/\/repliquemangacine.fr\/armes-assassins-creed\/replique-epee-ojeda-assassin-s-creed\/","url":"https:\/\/repliquemangacine.fr\/armes-assassins-creed\/replique-epee-ojeda-assassin-s-creed\/","name":"Ojeda-Schwert - Assassin's Creed der Film - Online-Shop | RMC","isPartOf":{"@id":"https:\/\/repliquemangacine.fr\/#website"},"primaryImageOfPage":{"@id":"https:\/\/repliquemangacine.fr\/armes-assassins-creed\/replique-epee-ojeda-assassin-s-creed\/#primaryimage"},"image":{"@id":"https:\/\/repliquemangacine.fr\/armes-assassins-creed\/replique-epee-ojeda-assassin-s-creed\/#primaryimage"},"thumbnailUrl":"https:\/\/repliquemangacine.fr\/wp-content\/uploads\/2023\/10\/2445-epee-Ojeda-Assassins-Creed-lame.jpg","datePublished":"2018-02-09T17:28:41+00:00","dateModified":"2025-09-23T16:01:58+00:00","description":"Bestellen Sie schnell! Ihr Ojeda-Schwert aus Assassin's Creed der Film zum besten Preis. Klinge aus rostfreiem Stahl. Gesamtl\u00e4nge: 103 cm - Versand 24\/48h","breadcrumb":{"@id":"https:\/\/repliquemangacine.fr\/armes-assassins-creed\/replique-epee-ojeda-assassin-s-creed\/#breadcrumb"},"inLanguage":"de","potentialAction":[{"@type":"ReadAction","target":["https:\/\/repliquemangacine.fr\/armes-assassins-creed\/replique-epee-ojeda-assassin-s-creed\/"]}]},{"@type":"ImageObject","inLanguage":"de","@id":"https:\/\/repliquemangacine.fr\/armes-assassins-creed\/replique-epee-ojeda-assassin-s-creed\/#primaryimage","url":"https:\/\/repliquemangacine.fr\/wp-content\/uploads\/2023\/10\/2445-epee-Ojeda-Assassins-Creed-lame.jpg","contentUrl":"https:\/\/repliquemangacine.fr\/wp-content\/uploads\/2023\/10\/2445-epee-Ojeda-Assassins-Creed-lame.jpg","width":600,"height":600,"caption":"\u00e9p\u00e9e Ojeda Assassin's Creed lame"},{"@type":"BreadcrumbList","@id":"https:\/\/repliquemangacine.fr\/armes-assassins-creed\/replique-epee-ojeda-assassin-s-creed\/#breadcrumb","itemListElement":[{"@type":"ListItem","position":1,"name":"Accueil","item":"https:\/\/repliquemangacine.fr\/"},{"@type":"ListItem","position":2,"name":"Produits","item":"https:\/\/repliquemangacine.fr\/boutique\/"},{"@type":"ListItem","position":3,"name":"Ep\u00e9e Ojeda Assassin&#8217;s Creed"}]},{"@type":"WebSite","@id":"https:\/\/repliquemangacine.fr\/#website","url":"https:\/\/repliquemangacine.fr\/","name":"R\u00e9plique Manga Cin\u00e9","description":"","publisher":{"@id":"https:\/\/repliquemangacine.fr\/#organization"},"potentialAction":[{"@type":"SearchAction","target":{"@type":"EntryPoint","urlTemplate":"https:\/\/repliquemangacine.fr\/?s={search_term_string}"},"query-input":{"@type":"PropertyValueSpecification","valueRequired":true,"valueName":"search_term_string"}}],"inLanguage":"de"},{"@type":"Organization","@id":"https:\/\/repliquemangacine.fr\/#organization","name":"R\u00e9plique Manga Cin\u00e9","url":"https:\/\/repliquemangacine.fr\/","logo":{"@type":"ImageObject","inLanguage":"de","@id":"https:\/\/repliquemangacine.fr\/#\/schema\/logo\/image\/","url":"https:\/\/repliquemangacine.fr\/wp-content\/uploads\/2023\/10\/RMC-500250.png","contentUrl":"https:\/\/repliquemangacine.fr\/wp-content\/uploads\/2023\/10\/RMC-500250.png","width":500,"height":250,"caption":"R\u00e9plique Manga Cin\u00e9"},"image":{"@id":"https:\/\/repliquemangacine.fr\/#\/schema\/logo\/image\/"},"sameAs":["https:\/\/www.facebook.com\/RepliqueMangaCine","https:\/\/www.instagram.com\/repliquemangacine.fr\/"]}]}},"_links":{"self":[{"href":"https:\/\/repliquemangacine.fr\/de\/wp-json\/wp\/v2\/product\/27673","targetHints":{"allow":["GET"]}}],"collection":[{"href":"https:\/\/repliquemangacine.fr\/de\/wp-json\/wp\/v2\/product"}],"about":[{"href":"https:\/\/repliquemangacine.fr\/de\/wp-json\/wp\/v2\/types\/product"}],"wp:featuredmedia":[{"embeddable":true,"href":"https:\/\/repliquemangacine.fr\/de\/wp-json\/wp\/v2\/media\/27674"}],"wp:attachment":[{"href":"https:\/\/repliquemangacine.fr\/de\/wp-json\/wp\/v2\/media?parent=27673"}],"wp:term":[{"taxonomy":"product_brand","embeddable":true,"href":"https:\/\/repliquemangacine.fr\/de\/wp-json\/wp\/v2\/product_brand?post=27673"},{"taxonomy":"product_cat","embeddable":true,"href":"https:\/\/repliquemangacine.fr\/de\/wp-json\/wp\/v2\/product_cat?post=27673"},{"taxonomy":"product_tag","embeddable":true,"href":"https:\/\/repliquemangacine.fr\/de\/wp-json\/wp\/v2\/product_tag?post=27673"}],"curies":[{"name":"wp","href":"https:\/\/api.w.org\/{rel}","templated":true}]}}