





{"id":27666,"date":"2018-01-20T17:30:49","date_gmt":"2018-01-20T16:30:49","guid":{"rendered":"https:\/\/repliquemangacine.fr\/?post_type=product&#038;p=27666"},"modified":"2026-04-22T13:31:06","modified_gmt":"2026-04-22T11:31:06","slug":"conan-epee-atlantean-conan-der-barbarier","status":"publish","type":"product","link":"https:\/\/repliquemangacine.fr\/de\/katana-les-epees-de-films-et-series\/conan-epee-atlantean-conan-le-barbare\/","title":{"rendered":"Conan Atlanteanisches Schwert"},"content":{"rendered":"<h2>Replik von Conan Schwert Atlantean<\/h2>\n<p>Zun\u00e4chst einmal ist die Waffe von <strong>Conan Atlanteanisches Schwert<\/strong>, Dieses Schwert hat die Legende geschaffen. Conan, eine der bekanntesten Figuren der Film- und Literaturwelt.<\/p>\n<p>Conan der Barbar ist eine fiktive Figur, deren erste Kurzgeschichte 1932 von Robert E. Howard geschrieben wurde. Mit diesen Erz\u00e4hlungen trug Howard zur modernen Form des literarischen Genres Fantasy bei und wurde zu einem der Begr\u00fcnder der Heroic Fantasy.<\/p>\n<p>Die Abenteuer von Conan spielen in einer von Howard geschaffenen mythischen Vergangenheit, dem sogenannten \u2019Hyborianischen Zeitalter\u00ab. Er ist ein Barbar aus Cimmerien, einem d\u00fcsteren Land, das Howard mit dem historischen Cimmerien in Verbindung brachte.<\/p>\n<h2>Ihre Conan Replik Schwert Atlantean zum besten Preis.<\/h2>\n<p>Wir bieten Ihnen eine gro\u00dfe Auswahl an Schwertrepliken und Sammlerst\u00fccken Ihrer Lieblingshelden aus den Filmen.<\/p>\n<p>Zun\u00e4chst<\/p>\n<ul>\n<li>Blades Schwert, <a href=\"https:\/\/repliquemangacine.fr\/de\/superheld\/katana-daywalker-blade-schwert\/\">Katana Daywalker<\/a> mit seiner geraden Klinge und der Scheide Platte, um es auf dem R\u00fccken zu tragen.<\/li>\n<li>Dann das Schwert<a href=\"https:\/\/repliquemangacine.fr\/de\/andere-filme\/tapferes-schwert-narnia\/\"> tapfer<\/a> im Film \"Die Welt von Narnia\".<\/li>\n<li>Es gibt auch die<a href=\"https:\/\/repliquemangacine.fr\/de\/filme-tv-serien-verkauf-von-katana-schwertern-und-derivaten\/father-sword-conan-marto\/\">Schwert von Conans Vater<\/a> unter offizieller Lizenz vertrieben von <a href=\"https:\/\/www.marto.es\/index.php\/es\/\" target=\"_blank\" rel=\"noopener noreferrer\">Marto<\/a>.<\/li>\n<li>Und viele andere, die es in unserem Online-Shop zu entdecken gibt!<\/li>\n<\/ul>\n<p>Deshalb sind hier tolle Geschenkideen f\u00fcr alle, die die Welt der Filme lieben.<\/p>\n<p>Zusammenfassend l\u00e4sst sich sagen, dass Sie die Waffe <strong>Conan Atlanteanisches Schwert<\/strong> bei Ihren Cosplay-Paraden. Vor allem aber ist dieses Schwert ein Sammler- und Dekorationsobjekt<\/p>\n<h2>Wie pflegt man die Klinge seines Schwertes?<\/h2>\n<p>Sammlungs- und Dekorationsschwerter werden auf vereinfachte Weise hergestellt und zusammengebaut. Da sie zu Dekorationszwecken verwendet werden, verf\u00fcgen sie nicht \u00fcber die Sicherheitsmerkmale, die ein japanisches Schwert f\u00fcr das Training aufweisen muss.<\/p>\n<p>Allerdings ist Ihre Waffe <strong>Conan Atlanteanisches Schwert<\/strong> zu einer Stahlklinge, die gepflegt werden muss, damit sie nicht mit der Zeit abgenutzt wird. Denn wenn du dein Katana ausstellst, werden deine Freunde neugierig sein, die Klinge zu sehen und sie zu ber\u00fchren. Hier ist Vorsicht geboten, denn Sie sollten wissen, dass die S\u00e4ure der Finger dem Stahl unabh\u00e4ngig von seiner Qualit\u00e4t sehr schadet.<\/p>\n<p>Wenn dies jedoch passiert, keine Panik, Sie brauchen nur ein Tuch, das mit etwas \u00d6l befeuchtet ist, und wischen die Fingerabdr\u00fccke ab. Wenn Sie dies tun, werden Sie Ihr Schwert sehr lange behalten.<\/p>","protected":false},"excerpt":{"rendered":"<p>Replik des Atlantean-Schwerts<\/p>\n<ul>\n<li>Klinge aus rostfreiem Stahl mit poliertem Spiegeleffekt.<\/li>\n<li>Stahlb\u00fcgel in gealterter Bronzeoptik.<\/li>\n<li>Metallgriff mit Baumwollfaden \u00fcberzogen.<\/li>\n<li>Knauf aus Stahl mit Totenkopf-Imitation aus gealterter Bronze.<\/li>\n<li>Wandhalterung.<\/li>\n<li>Klingenl\u00e4nge: 71.5 cm - Gesamtl\u00e4nge: 99 cm - Gewicht: 2080 grs<\/li>\n<\/ul>","protected":false},"featured_media":27667,"template":"","meta":[],"product_brand":[896],"product_cat":[91,66,24],"product_tag":[],"class_list":{"0":"post-27666","1":"product","2":"type-product","3":"status-publish","4":"has-post-thumbnail","6":"product_brand-replique-manga-cine","7":"product_cat-katana-les-epees-de-films-et-series","8":"product_cat-repliques-d-armes-films-et-series","9":"product_cat-films-series-tv-vente-de-katana-epee-et-produits-derives","11":"first","12":"instock","13":"taxable","14":"shipping-taxable","15":"purchasable","16":"product-type-simple"},"yoast_head":"<!-- This site is optimized with the Yoast SEO plugin v27.5 - https:\/\/yoast.com\/product\/yoast-seo-wordpress\/ -->\n<title>Conan Ep\u00e9e Atlantean - Conan le Barbare | R\u00e9plique Manga Cin\u00e9<\/title>\n<meta name=\"description\" content=\"D\u00e9couvrez votre arme Conan Ep\u00e9e Atlantean au meilleur prix - Lame en acier inox poli - Garde en acier massif imitation bronze vieilli - Support - 99 cm\" \/>\n<meta name=\"robots\" content=\"index, follow, max-snippet:-1, max-image-preview:large, max-video-preview:-1\" \/>\n<link rel=\"canonical\" href=\"https:\/\/repliquemangacine.fr\/de\/katana-die-schwerter-aus-filmen-und-serien\/conan-epee-atlantean-conan-der-barbarier\/\" \/>\n<meta property=\"og:locale\" content=\"de_DE\" \/>\n<meta property=\"og:type\" content=\"article\" \/>\n<meta property=\"og:title\" content=\"Conan Ep\u00e9e Atlantean - Conan le Barbare | R\u00e9plique Manga Cin\u00e9\" \/>\n<meta property=\"og:description\" content=\"D\u00e9couvrez votre arme Conan Ep\u00e9e Atlantean au meilleur prix - Lame en acier inox poli - Garde en acier massif imitation bronze vieilli - Support - 99 cm\" \/>\n<meta property=\"og:url\" content=\"https:\/\/repliquemangacine.fr\/de\/katana-die-schwerter-aus-filmen-und-serien\/conan-epee-atlantean-conan-der-barbarier\/\" \/>\n<meta property=\"og:site_name\" content=\"R\u00e9plique Manga Cin\u00e9\" \/>\n<meta property=\"article:publisher\" content=\"https:\/\/www.facebook.com\/RepliqueMangaCine\" \/>\n<meta property=\"article:modified_time\" content=\"2026-04-22T11:31:06+00:00\" \/>\n<meta property=\"og:image\" content=\"https:\/\/repliquemangacine.fr\/wp-content\/uploads\/2023\/10\/2441-Replique-Epee-Atlantean-Conan-le-Barbare.jpg\" \/>\n\t<meta property=\"og:image:width\" content=\"600\" \/>\n\t<meta property=\"og:image:height\" content=\"600\" \/>\n\t<meta property=\"og:image:type\" content=\"image\/jpeg\" \/>\n<meta name=\"twitter:card\" content=\"summary_large_image\" \/>\n<meta name=\"twitter:label1\" content=\"Gesch\u00e4tzte Lesezeit\" \/>\n\t<meta name=\"twitter:data1\" content=\"2\u00a0Minuten\" \/>\n<script type=\"application\/ld+json\" class=\"yoast-schema-graph\">{\"@context\":\"https:\\\/\\\/schema.org\",\"@graph\":[{\"@type\":\"WebPage\",\"@id\":\"https:\\\/\\\/repliquemangacine.fr\\\/katana-les-epees-de-films-et-series\\\/conan-epee-atlantean-conan-le-barbare\\\/\",\"url\":\"https:\\\/\\\/repliquemangacine.fr\\\/katana-les-epees-de-films-et-series\\\/conan-epee-atlantean-conan-le-barbare\\\/\",\"name\":\"Conan Ep\u00e9e Atlantean - Conan le Barbare | R\u00e9plique Manga Cin\u00e9\",\"isPartOf\":{\"@id\":\"https:\\\/\\\/repliquemangacine.fr\\\/#website\"},\"primaryImageOfPage\":{\"@id\":\"https:\\\/\\\/repliquemangacine.fr\\\/katana-les-epees-de-films-et-series\\\/conan-epee-atlantean-conan-le-barbare\\\/#primaryimage\"},\"image\":{\"@id\":\"https:\\\/\\\/repliquemangacine.fr\\\/katana-les-epees-de-films-et-series\\\/conan-epee-atlantean-conan-le-barbare\\\/#primaryimage\"},\"thumbnailUrl\":\"https:\\\/\\\/repliquemangacine.fr\\\/wp-content\\\/uploads\\\/2023\\\/10\\\/2441-Replique-Epee-Atlantean-Conan-le-Barbare.jpg\",\"datePublished\":\"2018-01-20T16:30:49+00:00\",\"dateModified\":\"2026-04-22T11:31:06+00:00\",\"description\":\"D\u00e9couvrez votre arme Conan Ep\u00e9e Atlantean au meilleur prix - Lame en acier inox poli - Garde en acier massif imitation bronze vieilli - Support - 99 cm\",\"breadcrumb\":{\"@id\":\"https:\\\/\\\/repliquemangacine.fr\\\/katana-les-epees-de-films-et-series\\\/conan-epee-atlantean-conan-le-barbare\\\/#breadcrumb\"},\"inLanguage\":\"de\",\"potentialAction\":[{\"@type\":\"ReadAction\",\"target\":[\"https:\\\/\\\/repliquemangacine.fr\\\/katana-les-epees-de-films-et-series\\\/conan-epee-atlantean-conan-le-barbare\\\/\"]}]},{\"@type\":\"ImageObject\",\"inLanguage\":\"de\",\"@id\":\"https:\\\/\\\/repliquemangacine.fr\\\/katana-les-epees-de-films-et-series\\\/conan-epee-atlantean-conan-le-barbare\\\/#primaryimage\",\"url\":\"https:\\\/\\\/repliquemangacine.fr\\\/wp-content\\\/uploads\\\/2023\\\/10\\\/2441-Replique-Epee-Atlantean-Conan-le-Barbare.jpg\",\"contentUrl\":\"https:\\\/\\\/repliquemangacine.fr\\\/wp-content\\\/uploads\\\/2023\\\/10\\\/2441-Replique-Epee-Atlantean-Conan-le-Barbare.jpg\",\"width\":600,\"height\":600,\"caption\":\"R\u00e9plique Ep\u00e9e Atlantean Conan le Barbare\"},{\"@type\":\"BreadcrumbList\",\"@id\":\"https:\\\/\\\/repliquemangacine.fr\\\/katana-les-epees-de-films-et-series\\\/conan-epee-atlantean-conan-le-barbare\\\/#breadcrumb\",\"itemListElement\":[{\"@type\":\"ListItem\",\"position\":1,\"name\":\"Accueil\",\"item\":\"https:\\\/\\\/repliquemangacine.fr\\\/\"},{\"@type\":\"ListItem\",\"position\":2,\"name\":\"Produits\",\"item\":\"https:\\\/\\\/repliquemangacine.fr\\\/boutique\\\/\"},{\"@type\":\"ListItem\",\"position\":3,\"name\":\"Conan Ep\u00e9e Atlantean\"}]},{\"@type\":\"WebSite\",\"@id\":\"https:\\\/\\\/repliquemangacine.fr\\\/#website\",\"url\":\"https:\\\/\\\/repliquemangacine.fr\\\/\",\"name\":\"R\u00e9plique Manga Cin\u00e9\",\"description\":\"\",\"publisher\":{\"@id\":\"https:\\\/\\\/repliquemangacine.fr\\\/#organization\"},\"potentialAction\":[{\"@type\":\"SearchAction\",\"target\":{\"@type\":\"EntryPoint\",\"urlTemplate\":\"https:\\\/\\\/repliquemangacine.fr\\\/?s={search_term_string}\"},\"query-input\":{\"@type\":\"PropertyValueSpecification\",\"valueRequired\":true,\"valueName\":\"search_term_string\"}}],\"inLanguage\":\"de\"},{\"@type\":\"Organization\",\"@id\":\"https:\\\/\\\/repliquemangacine.fr\\\/#organization\",\"name\":\"R\u00e9plique Manga Cin\u00e9\",\"url\":\"https:\\\/\\\/repliquemangacine.fr\\\/\",\"logo\":{\"@type\":\"ImageObject\",\"inLanguage\":\"de\",\"@id\":\"https:\\\/\\\/repliquemangacine.fr\\\/#\\\/schema\\\/logo\\\/image\\\/\",\"url\":\"https:\\\/\\\/repliquemangacine.fr\\\/wp-content\\\/uploads\\\/2023\\\/10\\\/RMC-500250.png\",\"contentUrl\":\"https:\\\/\\\/repliquemangacine.fr\\\/wp-content\\\/uploads\\\/2023\\\/10\\\/RMC-500250.png\",\"width\":500,\"height\":250,\"caption\":\"R\u00e9plique Manga Cin\u00e9\"},\"image\":{\"@id\":\"https:\\\/\\\/repliquemangacine.fr\\\/#\\\/schema\\\/logo\\\/image\\\/\"},\"sameAs\":[\"https:\\\/\\\/www.facebook.com\\\/RepliqueMangaCine\",\"https:\\\/\\\/www.instagram.com\\\/repliquemangacine.fr\\\/\"]}]}<\/script>\n<!-- \/ Yoast SEO plugin. -->","yoast_head_json":{"title":"Conan Atlantean Schwert - Conan der Barbar | R\u00e9plique Manga Cin\u00e9","description":"Entdecken Sie Ihre Waffe Conan Schwert Atlantean zum besten Preis - Klinge aus poliertem rostfreiem Stahl - Schutzb\u00fcgel aus massivem Stahl mit Bronzeimitation - Halterung - 99 cm","robots":{"index":"index","follow":"follow","max-snippet":"max-snippet:-1","max-image-preview":"max-image-preview:large","max-video-preview":"max-video-preview:-1"},"canonical":"https:\/\/repliquemangacine.fr\/de\/katana-die-schwerter-aus-filmen-und-serien\/conan-epee-atlantean-conan-der-barbarier\/","og_locale":"de_DE","og_type":"article","og_title":"Conan Ep\u00e9e Atlantean - Conan le Barbare | R\u00e9plique Manga Cin\u00e9","og_description":"D\u00e9couvrez votre arme Conan Ep\u00e9e Atlantean au meilleur prix - Lame en acier inox poli - Garde en acier massif imitation bronze vieilli - Support - 99 cm","og_url":"https:\/\/repliquemangacine.fr\/de\/katana-die-schwerter-aus-filmen-und-serien\/conan-epee-atlantean-conan-der-barbarier\/","og_site_name":"R\u00e9plique Manga Cin\u00e9","article_publisher":"https:\/\/www.facebook.com\/RepliqueMangaCine","article_modified_time":"2026-04-22T11:31:06+00:00","og_image":[{"width":600,"height":600,"url":"https:\/\/repliquemangacine.fr\/wp-content\/uploads\/2023\/10\/2441-Replique-Epee-Atlantean-Conan-le-Barbare.jpg","type":"image\/jpeg"}],"twitter_card":"summary_large_image","twitter_misc":{"Gesch\u00e4tzte Lesezeit":"2\u00a0Minuten"},"schema":{"@context":"https:\/\/schema.org","@graph":[{"@type":"WebPage","@id":"https:\/\/repliquemangacine.fr\/katana-les-epees-de-films-et-series\/conan-epee-atlantean-conan-le-barbare\/","url":"https:\/\/repliquemangacine.fr\/katana-les-epees-de-films-et-series\/conan-epee-atlantean-conan-le-barbare\/","name":"Conan Atlantean Schwert - Conan der Barbar | R\u00e9plique Manga Cin\u00e9","isPartOf":{"@id":"https:\/\/repliquemangacine.fr\/#website"},"primaryImageOfPage":{"@id":"https:\/\/repliquemangacine.fr\/katana-les-epees-de-films-et-series\/conan-epee-atlantean-conan-le-barbare\/#primaryimage"},"image":{"@id":"https:\/\/repliquemangacine.fr\/katana-les-epees-de-films-et-series\/conan-epee-atlantean-conan-le-barbare\/#primaryimage"},"thumbnailUrl":"https:\/\/repliquemangacine.fr\/wp-content\/uploads\/2023\/10\/2441-Replique-Epee-Atlantean-Conan-le-Barbare.jpg","datePublished":"2018-01-20T16:30:49+00:00","dateModified":"2026-04-22T11:31:06+00:00","description":"Entdecken Sie Ihre Waffe Conan Schwert Atlantean zum besten Preis - Klinge aus poliertem rostfreiem Stahl - Schutzb\u00fcgel aus massivem Stahl mit Bronzeimitation - Halterung - 99 cm","breadcrumb":{"@id":"https:\/\/repliquemangacine.fr\/katana-les-epees-de-films-et-series\/conan-epee-atlantean-conan-le-barbare\/#breadcrumb"},"inLanguage":"de","potentialAction":[{"@type":"ReadAction","target":["https:\/\/repliquemangacine.fr\/katana-les-epees-de-films-et-series\/conan-epee-atlantean-conan-le-barbare\/"]}]},{"@type":"ImageObject","inLanguage":"de","@id":"https:\/\/repliquemangacine.fr\/katana-les-epees-de-films-et-series\/conan-epee-atlantean-conan-le-barbare\/#primaryimage","url":"https:\/\/repliquemangacine.fr\/wp-content\/uploads\/2023\/10\/2441-Replique-Epee-Atlantean-Conan-le-Barbare.jpg","contentUrl":"https:\/\/repliquemangacine.fr\/wp-content\/uploads\/2023\/10\/2441-Replique-Epee-Atlantean-Conan-le-Barbare.jpg","width":600,"height":600,"caption":"R\u00e9plique Ep\u00e9e Atlantean Conan le Barbare"},{"@type":"BreadcrumbList","@id":"https:\/\/repliquemangacine.fr\/katana-les-epees-de-films-et-series\/conan-epee-atlantean-conan-le-barbare\/#breadcrumb","itemListElement":[{"@type":"ListItem","position":1,"name":"Accueil","item":"https:\/\/repliquemangacine.fr\/"},{"@type":"ListItem","position":2,"name":"Produits","item":"https:\/\/repliquemangacine.fr\/boutique\/"},{"@type":"ListItem","position":3,"name":"Conan Ep\u00e9e Atlantean"}]},{"@type":"WebSite","@id":"https:\/\/repliquemangacine.fr\/#website","url":"https:\/\/repliquemangacine.fr\/","name":"R\u00e9plique Manga Cin\u00e9","description":"","publisher":{"@id":"https:\/\/repliquemangacine.fr\/#organization"},"potentialAction":[{"@type":"SearchAction","target":{"@type":"EntryPoint","urlTemplate":"https:\/\/repliquemangacine.fr\/?s={search_term_string}"},"query-input":{"@type":"PropertyValueSpecification","valueRequired":true,"valueName":"search_term_string"}}],"inLanguage":"de"},{"@type":"Organization","@id":"https:\/\/repliquemangacine.fr\/#organization","name":"R\u00e9plique Manga Cin\u00e9","url":"https:\/\/repliquemangacine.fr\/","logo":{"@type":"ImageObject","inLanguage":"de","@id":"https:\/\/repliquemangacine.fr\/#\/schema\/logo\/image\/","url":"https:\/\/repliquemangacine.fr\/wp-content\/uploads\/2023\/10\/RMC-500250.png","contentUrl":"https:\/\/repliquemangacine.fr\/wp-content\/uploads\/2023\/10\/RMC-500250.png","width":500,"height":250,"caption":"R\u00e9plique Manga Cin\u00e9"},"image":{"@id":"https:\/\/repliquemangacine.fr\/#\/schema\/logo\/image\/"},"sameAs":["https:\/\/www.facebook.com\/RepliqueMangaCine","https:\/\/www.instagram.com\/repliquemangacine.fr\/"]}]}},"_links":{"self":[{"href":"https:\/\/repliquemangacine.fr\/de\/wp-json\/wp\/v2\/product\/27666","targetHints":{"allow":["GET"]}}],"collection":[{"href":"https:\/\/repliquemangacine.fr\/de\/wp-json\/wp\/v2\/product"}],"about":[{"href":"https:\/\/repliquemangacine.fr\/de\/wp-json\/wp\/v2\/types\/product"}],"wp:featuredmedia":[{"embeddable":true,"href":"https:\/\/repliquemangacine.fr\/de\/wp-json\/wp\/v2\/media\/27667"}],"wp:attachment":[{"href":"https:\/\/repliquemangacine.fr\/de\/wp-json\/wp\/v2\/media?parent=27666"}],"wp:term":[{"taxonomy":"product_brand","embeddable":true,"href":"https:\/\/repliquemangacine.fr\/de\/wp-json\/wp\/v2\/product_brand?post=27666"},{"taxonomy":"product_cat","embeddable":true,"href":"https:\/\/repliquemangacine.fr\/de\/wp-json\/wp\/v2\/product_cat?post=27666"},{"taxonomy":"product_tag","embeddable":true,"href":"https:\/\/repliquemangacine.fr\/de\/wp-json\/wp\/v2\/product_tag?post=27666"}],"curies":[{"name":"wp","href":"https:\/\/api.w.org\/{rel}","templated":true}]}}