





{"id":27647,"date":"2018-01-14T20:22:55","date_gmt":"2018-01-14T19:22:55","guid":{"rendered":"https:\/\/repliquemangacine.fr\/?post_type=product&#038;p=27647"},"modified":"2026-04-13T17:09:50","modified_gmt":"2026-04-13T15:09:50","slug":"master-sword-zelda-dolch","status":"publish","type":"product","link":"https:\/\/repliquemangacine.fr\/de\/epee-zelda\/dague-master-sword-zelda\/","title":{"rendered":"Master Sword Zelda-Dolch"},"content":{"rendered":"<h2>Master Sword-Dolch in Zelda.<\/h2>\n<p>Zu Beginn wird die <strong>Master Sword Dolch<\/strong> oder Legendenschwert ist vom bekanntesten Schwert der Serie inspiriert. Dieses heilige Schwert, das in den englischen \u00dcbersetzungen als Master Sword bezeichnet wird, dient dazu, das B\u00f6se oder ganz allgemein Ganon zu bek\u00e4mpfen, aber auch dazu, neue Kr\u00e4fte zu erlangen.<\/p>\n<p>Seine Herkunft wird in Skyward Sword enth\u00fcllt, es war einst das G\u00f6ttliche Schwert, das perfektioniert und in dieses Schwert der Legende verwandelt wurde, nachdem Link sein Schwert mit den drei Flammen der G\u00f6ttinnen getr\u00e4nkt hatte.<\/p>\n<p><a href=\"https:\/\/zelda.fandom.com\/fr\/wiki\/Link#\u00c9p\u00e9e_&amp;_\u00c9p\u00e9e_de_L\u00e9gende\" target=\"_blank\" rel=\"noopener noreferrer\">Link<\/a>Er verl\u00e4sst sein Zuhause, um gegen die M\u00e4chte des B\u00f6sen zu k\u00e4mpfen. Obwohl er zu Beginn der Spiele nicht sehr gut mit Waffen umgehen zu k\u00f6nnen scheint, beherrscht er schnell neue Techniken und baut sich ein vielf\u00e4ltiges Arsenal auf, wobei das Schwert seine bevorzugte Waffe bleibt. Link geh\u00f6rt zum Volk der Hylianer.<\/p>\n<h2>Ihr Master Sword Dolch zum besten Preis.<\/h2>\n<p>Wir bieten Ihnen eine gro\u00dfe Auswahl an Repliken der Videospiele Zelda<\/p>\n<p>Zun\u00e4chst einmal,<\/p>\n<ul>\n<li>L'<a href=\"https:\/\/repliquemangacine.fr\/de\/zelda\/schaumstoffschwert-von-link-master-sword-in-zelda\/\">Master Sword<\/a> in Schaumstoffausf\u00fchrung mit absolut herausragender Verarbeitung.<\/li>\n<li>Anschlie\u00dfend wird Le <a href=\"https:\/\/repliquemangacine.fr\/de\/zelda\/mug-bouclier-zelda\/\">Hylian Schild-Becher<\/a> aus Keramik mit seinem Triforce.<\/li>\n<li>Sowie das <a href=\"https:\/\/repliquemangacine.fr\/de\/zelda\/coffret-bois-de-10-bijoux-porte-cles-zelda\/\">Schl\u00fcsselanh\u00e4ngerbox<\/a> 10 St\u00fcck.<\/li>\n<li>Und viele andere, die es in unserem Online-Shop zu entdecken gibt!<\/li>\n<\/ul>\n<p>Deshalb ist dies eine tolle Geschenkidee f\u00fcr Zelda-Fans.<\/p>\n<p>Abschlie\u00dfend k\u00f6nnen Sie die <strong>Master Sword Dolch<\/strong> in Zelda f\u00fcr Ihre Cosplay-Paraden auf Conventions. Aber in erster Linie ist es ein Sammler- und Dekorationsst\u00fcck.<\/p>\n<h2>Wie pflegt man die Klinge seines Zelda-Dolches?<\/h2>\n<p>Sammlungs- und Dekorationsschwerter werden in vereinfachter Form hergestellt und zusammengebaut. Da sie zu Dekorationszwecken verwendet werden, fehlen ihnen die Sicherheitselemente, die ein japanisches Schwert f\u00fcr Trainingszwecke aufweisen muss.<\/p>\n<p>Allerdings ist Ihr <strong>Master Sword Dolch<\/strong> zu einer Stahlklinge, die gepflegt werden muss, damit sie nicht mit der Zeit abgenutzt wird. Denn wenn du dein Katana ausstellst, werden deine Freunde neugierig sein, die Klinge zu sehen und sie zu ber\u00fchren. Hier ist Vorsicht geboten, denn Sie sollten wissen, dass die S\u00e4ure der Finger dem Stahl unabh\u00e4ngig von seiner Qualit\u00e4t sehr schadet.<\/p>\n<p>Wenn dies jedoch passiert, keine Panik, Sie brauchen nur ein Tuch, das mit etwas \u00d6l befeuchtet ist, und wischen die Fingerabdr\u00fccke ab. Wenn Sie dies tun, werden Sie Ihr Schwert sehr lange behalten.<\/p>","protected":false},"excerpt":{"rendered":"<p>Die Dolchversion von Links Schwert in Zelda.<\/p>\n<ul>\n<li>Klinge aus 440er Stahl.<\/li>\n<li>Griff, Abzugsb\u00fcgel und Knauf aus gegossenem Metall.<\/li>\n<li>Scheide aus geformtem ABS.<\/li>\n<li>Klingenl\u00e4nge:18cm - Gesamtl\u00e4nge: 29cm<\/li>\n<\/ul>","protected":false},"featured_media":27648,"template":"","meta":[],"product_brand":[896],"product_cat":[23,56],"product_tag":[],"class_list":{"0":"post-27647","1":"product","2":"type-product","3":"status-publish","4":"has-post-thumbnail","6":"product_brand-replique-manga-cine","7":"product_cat-repliques-manga-jeux-video","8":"product_cat-epee-zelda","10":"first","11":"instock","12":"taxable","13":"shipping-taxable","14":"purchasable","15":"product-type-simple"},"yoast_head":"<!-- This site is optimized with the Yoast SEO plugin v27.4 - https:\/\/yoast.com\/product\/yoast-seo-wordpress\/ -->\n<title>Dague Master Sword - Zelda - Boutique en ligne | RMC<\/title>\n<meta name=\"description\" content=\"En exclusivit\u00e9 ! Retrouvez la Dague Master Sword au meilleur prix. Lame en acier avec Triforce - Fourreau - Longueur totale : 29cm - Envoi 24\/48h\" \/>\n<meta name=\"robots\" content=\"index, follow, max-snippet:-1, max-image-preview:large, max-video-preview:-1\" \/>\n<link rel=\"canonical\" href=\"https:\/\/repliquemangacine.fr\/de\/zelda-schwert\/master-sword-zelda-dolch\/\" \/>\n<meta property=\"og:locale\" content=\"de_DE\" \/>\n<meta property=\"og:type\" content=\"article\" \/>\n<meta property=\"og:title\" content=\"Dague Master Sword - Zelda - Boutique en ligne | RMC\" \/>\n<meta property=\"og:description\" content=\"En exclusivit\u00e9 ! Retrouvez la Dague Master Sword au meilleur prix. Lame en acier avec Triforce - Fourreau - Longueur totale : 29cm - Envoi 24\/48h\" \/>\n<meta property=\"og:url\" content=\"https:\/\/repliquemangacine.fr\/de\/zelda-schwert\/master-sword-zelda-dolch\/\" \/>\n<meta property=\"og:site_name\" content=\"R\u00e9plique Manga Cin\u00e9\" \/>\n<meta property=\"article:publisher\" content=\"https:\/\/www.facebook.com\/RepliqueMangaCine\" \/>\n<meta property=\"article:modified_time\" content=\"2026-04-13T15:09:50+00:00\" \/>\n<meta property=\"og:image\" content=\"https:\/\/repliquemangacine.fr\/wp-content\/uploads\/2023\/10\/2418-Dague-The-Legende-of-Zelda-epee-de-Link-version-dague.jpg\" \/>\n\t<meta property=\"og:image:width\" content=\"600\" \/>\n\t<meta property=\"og:image:height\" content=\"600\" \/>\n\t<meta property=\"og:image:type\" content=\"image\/jpeg\" \/>\n<meta name=\"twitter:card\" content=\"summary_large_image\" \/>\n<meta name=\"twitter:label1\" content=\"Gesch\u00e4tzte Lesezeit\" \/>\n\t<meta name=\"twitter:data1\" content=\"1\u00a0Minute\" \/>\n<script type=\"application\/ld+json\" class=\"yoast-schema-graph\">{\"@context\":\"https:\\\/\\\/schema.org\",\"@graph\":[{\"@type\":\"WebPage\",\"@id\":\"https:\\\/\\\/repliquemangacine.fr\\\/epee-zelda\\\/dague-master-sword-zelda\\\/\",\"url\":\"https:\\\/\\\/repliquemangacine.fr\\\/epee-zelda\\\/dague-master-sword-zelda\\\/\",\"name\":\"Dague Master Sword - Zelda - Boutique en ligne | RMC\",\"isPartOf\":{\"@id\":\"https:\\\/\\\/repliquemangacine.fr\\\/#website\"},\"primaryImageOfPage\":{\"@id\":\"https:\\\/\\\/repliquemangacine.fr\\\/epee-zelda\\\/dague-master-sword-zelda\\\/#primaryimage\"},\"image\":{\"@id\":\"https:\\\/\\\/repliquemangacine.fr\\\/epee-zelda\\\/dague-master-sword-zelda\\\/#primaryimage\"},\"thumbnailUrl\":\"https:\\\/\\\/repliquemangacine.fr\\\/wp-content\\\/uploads\\\/2023\\\/10\\\/2418-Dague-The-Legende-of-Zelda-epee-de-Link-version-dague.jpg\",\"datePublished\":\"2018-01-14T19:22:55+00:00\",\"dateModified\":\"2026-04-13T15:09:50+00:00\",\"description\":\"En exclusivit\u00e9 ! Retrouvez la Dague Master Sword au meilleur prix. Lame en acier avec Triforce - Fourreau - Longueur totale : 29cm - Envoi 24\\\/48h\",\"breadcrumb\":{\"@id\":\"https:\\\/\\\/repliquemangacine.fr\\\/epee-zelda\\\/dague-master-sword-zelda\\\/#breadcrumb\"},\"inLanguage\":\"de\",\"potentialAction\":[{\"@type\":\"ReadAction\",\"target\":[\"https:\\\/\\\/repliquemangacine.fr\\\/epee-zelda\\\/dague-master-sword-zelda\\\/\"]}]},{\"@type\":\"ImageObject\",\"inLanguage\":\"de\",\"@id\":\"https:\\\/\\\/repliquemangacine.fr\\\/epee-zelda\\\/dague-master-sword-zelda\\\/#primaryimage\",\"url\":\"https:\\\/\\\/repliquemangacine.fr\\\/wp-content\\\/uploads\\\/2023\\\/10\\\/2418-Dague-The-Legende-of-Zelda-epee-de-Link-version-dague.jpg\",\"contentUrl\":\"https:\\\/\\\/repliquemangacine.fr\\\/wp-content\\\/uploads\\\/2023\\\/10\\\/2418-Dague-The-Legende-of-Zelda-epee-de-Link-version-dague.jpg\",\"width\":600,\"height\":600,\"caption\":\"Dague Master Sword zelda\"},{\"@type\":\"BreadcrumbList\",\"@id\":\"https:\\\/\\\/repliquemangacine.fr\\\/epee-zelda\\\/dague-master-sword-zelda\\\/#breadcrumb\",\"itemListElement\":[{\"@type\":\"ListItem\",\"position\":1,\"name\":\"Accueil\",\"item\":\"https:\\\/\\\/repliquemangacine.fr\\\/\"},{\"@type\":\"ListItem\",\"position\":2,\"name\":\"Produits\",\"item\":\"https:\\\/\\\/repliquemangacine.fr\\\/boutique\\\/\"},{\"@type\":\"ListItem\",\"position\":3,\"name\":\"Dague Master Sword Zelda\"}]},{\"@type\":\"WebSite\",\"@id\":\"https:\\\/\\\/repliquemangacine.fr\\\/#website\",\"url\":\"https:\\\/\\\/repliquemangacine.fr\\\/\",\"name\":\"R\u00e9plique Manga Cin\u00e9\",\"description\":\"\",\"publisher\":{\"@id\":\"https:\\\/\\\/repliquemangacine.fr\\\/#organization\"},\"potentialAction\":[{\"@type\":\"SearchAction\",\"target\":{\"@type\":\"EntryPoint\",\"urlTemplate\":\"https:\\\/\\\/repliquemangacine.fr\\\/?s={search_term_string}\"},\"query-input\":{\"@type\":\"PropertyValueSpecification\",\"valueRequired\":true,\"valueName\":\"search_term_string\"}}],\"inLanguage\":\"de\"},{\"@type\":\"Organization\",\"@id\":\"https:\\\/\\\/repliquemangacine.fr\\\/#organization\",\"name\":\"R\u00e9plique Manga Cin\u00e9\",\"url\":\"https:\\\/\\\/repliquemangacine.fr\\\/\",\"logo\":{\"@type\":\"ImageObject\",\"inLanguage\":\"de\",\"@id\":\"https:\\\/\\\/repliquemangacine.fr\\\/#\\\/schema\\\/logo\\\/image\\\/\",\"url\":\"https:\\\/\\\/repliquemangacine.fr\\\/wp-content\\\/uploads\\\/2023\\\/10\\\/RMC-500250.png\",\"contentUrl\":\"https:\\\/\\\/repliquemangacine.fr\\\/wp-content\\\/uploads\\\/2023\\\/10\\\/RMC-500250.png\",\"width\":500,\"height\":250,\"caption\":\"R\u00e9plique Manga Cin\u00e9\"},\"image\":{\"@id\":\"https:\\\/\\\/repliquemangacine.fr\\\/#\\\/schema\\\/logo\\\/image\\\/\"},\"sameAs\":[\"https:\\\/\\\/www.facebook.com\\\/RepliqueMangaCine\",\"https:\\\/\\\/www.instagram.com\\\/repliquemangacine.fr\\\/\"]}]}<\/script>\n<!-- \/ Yoast SEO plugin. -->","yoast_head_json":{"title":"Master Sword Dolch - Zelda - Online Shop | RMC","description":"Nur bei uns erh\u00e4ltlich! Finden Sie den Master Sword Dolch zum besten Preis. Stahlklinge mit Triforce - Scheide - Gesamtl\u00e4nge: 29cm - Versand 24\/48h","robots":{"index":"index","follow":"follow","max-snippet":"max-snippet:-1","max-image-preview":"max-image-preview:large","max-video-preview":"max-video-preview:-1"},"canonical":"https:\/\/repliquemangacine.fr\/de\/zelda-schwert\/master-sword-zelda-dolch\/","og_locale":"de_DE","og_type":"article","og_title":"Dague Master Sword - Zelda - Boutique en ligne | RMC","og_description":"En exclusivit\u00e9 ! Retrouvez la Dague Master Sword au meilleur prix. Lame en acier avec Triforce - Fourreau - Longueur totale : 29cm - Envoi 24\/48h","og_url":"https:\/\/repliquemangacine.fr\/de\/zelda-schwert\/master-sword-zelda-dolch\/","og_site_name":"R\u00e9plique Manga Cin\u00e9","article_publisher":"https:\/\/www.facebook.com\/RepliqueMangaCine","article_modified_time":"2026-04-13T15:09:50+00:00","og_image":[{"width":600,"height":600,"url":"https:\/\/repliquemangacine.fr\/wp-content\/uploads\/2023\/10\/2418-Dague-The-Legende-of-Zelda-epee-de-Link-version-dague.jpg","type":"image\/jpeg"}],"twitter_card":"summary_large_image","twitter_misc":{"Gesch\u00e4tzte Lesezeit":"1\u00a0Minute"},"schema":{"@context":"https:\/\/schema.org","@graph":[{"@type":"WebPage","@id":"https:\/\/repliquemangacine.fr\/epee-zelda\/dague-master-sword-zelda\/","url":"https:\/\/repliquemangacine.fr\/epee-zelda\/dague-master-sword-zelda\/","name":"Master Sword Dolch - Zelda - Online Shop | RMC","isPartOf":{"@id":"https:\/\/repliquemangacine.fr\/#website"},"primaryImageOfPage":{"@id":"https:\/\/repliquemangacine.fr\/epee-zelda\/dague-master-sword-zelda\/#primaryimage"},"image":{"@id":"https:\/\/repliquemangacine.fr\/epee-zelda\/dague-master-sword-zelda\/#primaryimage"},"thumbnailUrl":"https:\/\/repliquemangacine.fr\/wp-content\/uploads\/2023\/10\/2418-Dague-The-Legende-of-Zelda-epee-de-Link-version-dague.jpg","datePublished":"2018-01-14T19:22:55+00:00","dateModified":"2026-04-13T15:09:50+00:00","description":"Nur bei uns erh\u00e4ltlich! Finden Sie den Master Sword Dolch zum besten Preis. Stahlklinge mit Triforce - Scheide - Gesamtl\u00e4nge: 29cm - Versand 24\/48h","breadcrumb":{"@id":"https:\/\/repliquemangacine.fr\/epee-zelda\/dague-master-sword-zelda\/#breadcrumb"},"inLanguage":"de","potentialAction":[{"@type":"ReadAction","target":["https:\/\/repliquemangacine.fr\/epee-zelda\/dague-master-sword-zelda\/"]}]},{"@type":"ImageObject","inLanguage":"de","@id":"https:\/\/repliquemangacine.fr\/epee-zelda\/dague-master-sword-zelda\/#primaryimage","url":"https:\/\/repliquemangacine.fr\/wp-content\/uploads\/2023\/10\/2418-Dague-The-Legende-of-Zelda-epee-de-Link-version-dague.jpg","contentUrl":"https:\/\/repliquemangacine.fr\/wp-content\/uploads\/2023\/10\/2418-Dague-The-Legende-of-Zelda-epee-de-Link-version-dague.jpg","width":600,"height":600,"caption":"Dague Master Sword zelda"},{"@type":"BreadcrumbList","@id":"https:\/\/repliquemangacine.fr\/epee-zelda\/dague-master-sword-zelda\/#breadcrumb","itemListElement":[{"@type":"ListItem","position":1,"name":"Accueil","item":"https:\/\/repliquemangacine.fr\/"},{"@type":"ListItem","position":2,"name":"Produits","item":"https:\/\/repliquemangacine.fr\/boutique\/"},{"@type":"ListItem","position":3,"name":"Dague Master Sword Zelda"}]},{"@type":"WebSite","@id":"https:\/\/repliquemangacine.fr\/#website","url":"https:\/\/repliquemangacine.fr\/","name":"R\u00e9plique Manga Cin\u00e9","description":"","publisher":{"@id":"https:\/\/repliquemangacine.fr\/#organization"},"potentialAction":[{"@type":"SearchAction","target":{"@type":"EntryPoint","urlTemplate":"https:\/\/repliquemangacine.fr\/?s={search_term_string}"},"query-input":{"@type":"PropertyValueSpecification","valueRequired":true,"valueName":"search_term_string"}}],"inLanguage":"de"},{"@type":"Organization","@id":"https:\/\/repliquemangacine.fr\/#organization","name":"R\u00e9plique Manga Cin\u00e9","url":"https:\/\/repliquemangacine.fr\/","logo":{"@type":"ImageObject","inLanguage":"de","@id":"https:\/\/repliquemangacine.fr\/#\/schema\/logo\/image\/","url":"https:\/\/repliquemangacine.fr\/wp-content\/uploads\/2023\/10\/RMC-500250.png","contentUrl":"https:\/\/repliquemangacine.fr\/wp-content\/uploads\/2023\/10\/RMC-500250.png","width":500,"height":250,"caption":"R\u00e9plique Manga Cin\u00e9"},"image":{"@id":"https:\/\/repliquemangacine.fr\/#\/schema\/logo\/image\/"},"sameAs":["https:\/\/www.facebook.com\/RepliqueMangaCine","https:\/\/www.instagram.com\/repliquemangacine.fr\/"]}]}},"_links":{"self":[{"href":"https:\/\/repliquemangacine.fr\/de\/wp-json\/wp\/v2\/product\/27647","targetHints":{"allow":["GET"]}}],"collection":[{"href":"https:\/\/repliquemangacine.fr\/de\/wp-json\/wp\/v2\/product"}],"about":[{"href":"https:\/\/repliquemangacine.fr\/de\/wp-json\/wp\/v2\/types\/product"}],"wp:featuredmedia":[{"embeddable":true,"href":"https:\/\/repliquemangacine.fr\/de\/wp-json\/wp\/v2\/media\/27648"}],"wp:attachment":[{"href":"https:\/\/repliquemangacine.fr\/de\/wp-json\/wp\/v2\/media?parent=27647"}],"wp:term":[{"taxonomy":"product_brand","embeddable":true,"href":"https:\/\/repliquemangacine.fr\/de\/wp-json\/wp\/v2\/product_brand?post=27647"},{"taxonomy":"product_cat","embeddable":true,"href":"https:\/\/repliquemangacine.fr\/de\/wp-json\/wp\/v2\/product_cat?post=27647"},{"taxonomy":"product_tag","embeddable":true,"href":"https:\/\/repliquemangacine.fr\/de\/wp-json\/wp\/v2\/product_tag?post=27647"}],"curies":[{"name":"wp","href":"https:\/\/api.w.org\/{rel}","templated":true}]}}