





{"id":27635,"date":"2018-01-14T15:44:32","date_gmt":"2018-01-14T14:44:32","guid":{"rendered":"https:\/\/repliquemangacine.fr\/?post_type=product&#038;p=27635"},"modified":"2026-04-24T22:01:56","modified_gmt":"2026-04-24T20:01:56","slug":"jon-snow-schwert-grose-kralle-game-of-thrones","status":"publish","type":"product","link":"https:\/\/repliquemangacine.fr\/de\/epees-game-of-thrones\/epee-de-jon-snow-grand-griffe-game-of-thrones\/","title":{"rendered":"Schwert Jon Snow Gro\u00dfe Kralle"},"content":{"rendered":"<h2>Jon-Snow-Gro\u00dfschwert in Game of Thrones.<\/h2>\n<p>Zu Beginn wird die<strong>Schwert Jon Snow Gro\u00dfe Kralle<\/strong> (Longclaw) ist in <a href=\"https:\/\/gameofthrones.fandom.com\/fr\/wiki\/Acier_valyrien\" target=\"_blank\" rel=\"noopener noreferrer\">valyrischer Stahl<\/a> die dem Haus Mormont geh\u00f6rten.<\/p>\n<p>Wurde Jon in der ersten Staffel der Serie von Jeor Mormont geschenkt, nachdem Jon ihm das Leben vor einem Spectre gerettet hatte. Longclaw ist in allen Staffeln der Serie zu sehen. Jon nimmt ihn \u00fcberall mit hin, wenn er hinter die Mauer geht, in die verschiedenen Schlachten \"Castle Black, Battle of the Bastards...\" und so weiter.<\/p>\n<p>Sie rettet ihm bei seinem Duell mit einem Walker das Leben, da sie nicht explodiert, wenn sie mit der Eisklinge des Wei\u00dfen Wanderers in Ber\u00fchrung kommt. \u00dcberrascht t\u00f6tet Jon ihn, woraufhin der Walker explodiert. Gro\u00dfkralle wird zum offiziellen Schwert des Hauses Stark.<\/p>\n<h2>Ihr g\u00fcnstiges Jon Snow Gro\u00df-Greif Schwert.<\/h2>\n<p>Wir bieten Ihnen alle Repliken der Schwerter Ihrer Lieblingshelden aus der Serie Game of Thrones.<\/p>\n<p>Zun\u00e4chst einmal,<\/p>\n<ul>\n<li>L'<a href=\"https:\/\/repliquemangacine.fr\/de\/schwerter-game-of-thrones\/epee-needle-arya-stark-game-of-thrones-2\/\">schwert nadel von arya<\/a> Stark, die ihm von Jon Snow gegeben wurde.<\/li>\n<li>Aber auch die<a href=\"https:\/\/repliquemangacine.fr\/de\/game-of-thrones\/schwert-jon-snow-schwert-grose-kralle-der-eiserne-thron\/\">Longclaw-Schwert<\/a> Romanversion.<\/li>\n<li>Und viele andere, die es in unserem Online-Shop zu entdecken gibt!<\/li>\n<\/ul>\n<p>Deshalb ist dies eine tolle Geschenkidee f\u00fcr Fans der Serie Game of Thrones.<\/p>\n<p>Abschlie\u00dfend k\u00f6nnen Sie den<strong>Jon Snow Gro\u00dfes Schwert<\/strong> f\u00fcr Ihre Cosplay-Modenschauen oder Themenabende. Vor allem aber ist es ein Sammler- und Dekorationsst\u00fcck.<\/p>\n<h2>Wie pflegt man die Klinge seines Game of Thrones-Schwerts?<\/h2>\n<p>Sammlungs- und Dekorationsschwerter werden in vereinfachter Form hergestellt und zusammengebaut. Da sie zu Dekorationszwecken verwendet werden, fehlen ihnen die Sicherheitselemente, die ein japanisches Schwert f\u00fcr Trainingszwecke aufweisen muss.<\/p>\n<p>Allerdings ist Ihr <strong>Jon Snow Gro\u00dfes Schwert<\/strong> zu einer Stahlklinge, die gepflegt werden muss, damit sie nicht mit der Zeit abgenutzt wird. Denn wenn du dein Katana ausstellst, werden deine Freunde neugierig sein, die Klinge zu sehen und sie zu ber\u00fchren. Hier ist Vorsicht geboten, denn Sie sollten wissen, dass die S\u00e4ure der Finger dem Stahl unabh\u00e4ngig von seiner Qualit\u00e4t sehr schadet.<\/p>\n<p>Wenn dies jedoch passiert, keine Panik, Sie brauchen nur ein Tuch, das mit etwas \u00d6l befeuchtet ist, und wischen die Fingerabdr\u00fccke ab. Wenn Sie dies tun, werden Sie Ihr Schwert sehr lange behalten.<\/p>\n<p><strong>\u00a0<\/strong><\/p>","protected":false},"excerpt":{"rendered":"<p>Replik des Longclaw-Schwerts, das Jon Snow in der Serie Game of Thrones tr\u00e4gt.<\/p>\n<ul>\n<li>Klinge aus 440er Stahl mit Hohlkehle.<\/li>\n<li>Wache aus Metall.<\/li>\n<li>Griff aus geformtem ABS.<\/li>\n<li>Wolfskopf-Knauf aus Kunstharz.<\/li>\n<li>Medium mit Siebdruck.<\/li>\n<li>L\u00e4nge der Klinge: 82 cm - Gesamtl\u00e4nge: 108 cm<\/li>\n<\/ul>","protected":false},"featured_media":27636,"template":"","meta":[],"product_brand":[896],"product_cat":[72,24,47],"product_tag":[],"class_list":{"0":"post-27635","1":"product","2":"type-product","3":"status-publish","4":"has-post-thumbnail","6":"product_brand-replique-manga-cine","7":"product_cat-epees-game-of-thrones","8":"product_cat-films-series-tv-vente-de-katana-epee-et-produits-derives","9":"product_cat-game-of-thrones","11":"first","12":"instock","13":"taxable","14":"shipping-taxable","15":"purchasable","16":"product-type-simple"},"yoast_head":"<!-- This site is optimized with the Yoast SEO plugin v27.5 - https:\/\/yoast.com\/product\/yoast-seo-wordpress\/ -->\n<title>Ep\u00e9e Jon Snow Grand-Griffe - Ep\u00e9e Game of Thrones | RMC<\/title>\n<meta name=\"description\" content=\"Offrez-lui\u202f! L&#039;Ep\u00e9e Jon Snow Grand-Griffe dans la s\u00e9rie Game of Thrones au meilleur prix. Lame en acier 440 - Pommeau r\u00e9sine - Longueur : 108 cm - Support\" \/>\n<meta name=\"robots\" content=\"index, follow, max-snippet:-1, max-image-preview:large, max-video-preview:-1\" \/>\n<link rel=\"canonical\" href=\"https:\/\/repliquemangacine.fr\/de\/schwerter-game-of-thrones\/jon-snow-schwert-grose-kralle-game-of-thrones\/\" \/>\n<meta property=\"og:locale\" content=\"de_DE\" \/>\n<meta property=\"og:type\" content=\"article\" \/>\n<meta property=\"og:title\" content=\"Ep\u00e9e Jon Snow Grand-Griffe - Ep\u00e9e Game of Thrones | RMC\" \/>\n<meta property=\"og:description\" content=\"Offrez-lui\u202f! L&#039;Ep\u00e9e Jon Snow Grand-Griffe dans la s\u00e9rie Game of Thrones au meilleur prix. Lame en acier 440 - Pommeau r\u00e9sine - Longueur : 108 cm - Support\" \/>\n<meta property=\"og:url\" content=\"https:\/\/repliquemangacine.fr\/de\/schwerter-game-of-thrones\/jon-snow-schwert-grose-kralle-game-of-thrones\/\" \/>\n<meta property=\"og:site_name\" content=\"R\u00e9plique Manga Cin\u00e9\" \/>\n<meta property=\"article:publisher\" content=\"https:\/\/www.facebook.com\/RepliqueMangaCine\" \/>\n<meta property=\"article:modified_time\" content=\"2026-04-24T20:01:56+00:00\" \/>\n<meta property=\"og:image\" content=\"https:\/\/repliquemangacine.fr\/wp-content\/uploads\/2023\/10\/2403-Epee-de-Jon-Snow-Grand-Griffe-Game-of-Thrones.jpg\" \/>\n\t<meta property=\"og:image:width\" content=\"600\" \/>\n\t<meta property=\"og:image:height\" content=\"600\" \/>\n\t<meta property=\"og:image:type\" content=\"image\/jpeg\" \/>\n<meta name=\"twitter:card\" content=\"summary_large_image\" \/>\n<meta name=\"twitter:label1\" content=\"Gesch\u00e4tzte Lesezeit\" \/>\n\t<meta name=\"twitter:data1\" content=\"3\u00a0Minuten\" \/>\n<script type=\"application\/ld+json\" class=\"yoast-schema-graph\">{\"@context\":\"https:\\\/\\\/schema.org\",\"@graph\":[{\"@type\":\"WebPage\",\"@id\":\"https:\\\/\\\/repliquemangacine.fr\\\/epees-game-of-thrones\\\/epee-de-jon-snow-grand-griffe-game-of-thrones\\\/\",\"url\":\"https:\\\/\\\/repliquemangacine.fr\\\/epees-game-of-thrones\\\/epee-de-jon-snow-grand-griffe-game-of-thrones\\\/\",\"name\":\"Ep\u00e9e Jon Snow Grand-Griffe - Ep\u00e9e Game of Thrones | RMC\",\"isPartOf\":{\"@id\":\"https:\\\/\\\/repliquemangacine.fr\\\/#website\"},\"primaryImageOfPage\":{\"@id\":\"https:\\\/\\\/repliquemangacine.fr\\\/epees-game-of-thrones\\\/epee-de-jon-snow-grand-griffe-game-of-thrones\\\/#primaryimage\"},\"image\":{\"@id\":\"https:\\\/\\\/repliquemangacine.fr\\\/epees-game-of-thrones\\\/epee-de-jon-snow-grand-griffe-game-of-thrones\\\/#primaryimage\"},\"thumbnailUrl\":\"https:\\\/\\\/repliquemangacine.fr\\\/wp-content\\\/uploads\\\/2023\\\/10\\\/2403-Epee-de-Jon-Snow-Grand-Griffe-Game-of-Thrones.jpg\",\"datePublished\":\"2018-01-14T14:44:32+00:00\",\"dateModified\":\"2026-04-24T20:01:56+00:00\",\"description\":\"Offrez-lui\u202f! L'Ep\u00e9e Jon Snow Grand-Griffe dans la s\u00e9rie Game of Thrones au meilleur prix. Lame en acier 440 - Pommeau r\u00e9sine - Longueur : 108 cm - Support\",\"breadcrumb\":{\"@id\":\"https:\\\/\\\/repliquemangacine.fr\\\/epees-game-of-thrones\\\/epee-de-jon-snow-grand-griffe-game-of-thrones\\\/#breadcrumb\"},\"inLanguage\":\"de\",\"potentialAction\":[{\"@type\":\"ReadAction\",\"target\":[\"https:\\\/\\\/repliquemangacine.fr\\\/epees-game-of-thrones\\\/epee-de-jon-snow-grand-griffe-game-of-thrones\\\/\"]}]},{\"@type\":\"ImageObject\",\"inLanguage\":\"de\",\"@id\":\"https:\\\/\\\/repliquemangacine.fr\\\/epees-game-of-thrones\\\/epee-de-jon-snow-grand-griffe-game-of-thrones\\\/#primaryimage\",\"url\":\"https:\\\/\\\/repliquemangacine.fr\\\/wp-content\\\/uploads\\\/2023\\\/10\\\/2403-Epee-de-Jon-Snow-Grand-Griffe-Game-of-Thrones.jpg\",\"contentUrl\":\"https:\\\/\\\/repliquemangacine.fr\\\/wp-content\\\/uploads\\\/2023\\\/10\\\/2403-Epee-de-Jon-Snow-Grand-Griffe-Game-of-Thrones.jpg\",\"width\":600,\"height\":600,\"caption\":\"Ep\u00e9e de Jon Snow - Grand Griffe Game of Thrones\"},{\"@type\":\"BreadcrumbList\",\"@id\":\"https:\\\/\\\/repliquemangacine.fr\\\/epees-game-of-thrones\\\/epee-de-jon-snow-grand-griffe-game-of-thrones\\\/#breadcrumb\",\"itemListElement\":[{\"@type\":\"ListItem\",\"position\":1,\"name\":\"Accueil\",\"item\":\"https:\\\/\\\/repliquemangacine.fr\\\/\"},{\"@type\":\"ListItem\",\"position\":2,\"name\":\"Produits\",\"item\":\"https:\\\/\\\/repliquemangacine.fr\\\/boutique\\\/\"},{\"@type\":\"ListItem\",\"position\":3,\"name\":\"Ep\u00e9e Jon Snow Grand Griffe\"}]},{\"@type\":\"WebSite\",\"@id\":\"https:\\\/\\\/repliquemangacine.fr\\\/#website\",\"url\":\"https:\\\/\\\/repliquemangacine.fr\\\/\",\"name\":\"R\u00e9plique Manga Cin\u00e9\",\"description\":\"\",\"publisher\":{\"@id\":\"https:\\\/\\\/repliquemangacine.fr\\\/#organization\"},\"potentialAction\":[{\"@type\":\"SearchAction\",\"target\":{\"@type\":\"EntryPoint\",\"urlTemplate\":\"https:\\\/\\\/repliquemangacine.fr\\\/?s={search_term_string}\"},\"query-input\":{\"@type\":\"PropertyValueSpecification\",\"valueRequired\":true,\"valueName\":\"search_term_string\"}}],\"inLanguage\":\"de\"},{\"@type\":\"Organization\",\"@id\":\"https:\\\/\\\/repliquemangacine.fr\\\/#organization\",\"name\":\"R\u00e9plique Manga Cin\u00e9\",\"url\":\"https:\\\/\\\/repliquemangacine.fr\\\/\",\"logo\":{\"@type\":\"ImageObject\",\"inLanguage\":\"de\",\"@id\":\"https:\\\/\\\/repliquemangacine.fr\\\/#\\\/schema\\\/logo\\\/image\\\/\",\"url\":\"https:\\\/\\\/repliquemangacine.fr\\\/wp-content\\\/uploads\\\/2023\\\/10\\\/RMC-500250.png\",\"contentUrl\":\"https:\\\/\\\/repliquemangacine.fr\\\/wp-content\\\/uploads\\\/2023\\\/10\\\/RMC-500250.png\",\"width\":500,\"height\":250,\"caption\":\"R\u00e9plique Manga Cin\u00e9\"},\"image\":{\"@id\":\"https:\\\/\\\/repliquemangacine.fr\\\/#\\\/schema\\\/logo\\\/image\\\/\"},\"sameAs\":[\"https:\\\/\\\/www.facebook.com\\\/RepliqueMangaCine\",\"https:\\\/\\\/www.instagram.com\\\/repliquemangacine.fr\\\/\"]}]}<\/script>\n<!-- \/ Yoast SEO plugin. -->","yoast_head_json":{"title":"Jon Snow Grand-Griffe Schwert - Game of Thrones Schwert | RMC","description":"Schenken Sie es ihm! Das Jon Snow Grand-Griffe-Schwert aus der Serie Game of Thrones zum besten Preis. Klinge aus 440er Stahl - Knauf aus Kunstharz - L\u00e4nge: 108 cm - Halterung","robots":{"index":"index","follow":"follow","max-snippet":"max-snippet:-1","max-image-preview":"max-image-preview:large","max-video-preview":"max-video-preview:-1"},"canonical":"https:\/\/repliquemangacine.fr\/de\/schwerter-game-of-thrones\/jon-snow-schwert-grose-kralle-game-of-thrones\/","og_locale":"de_DE","og_type":"article","og_title":"Ep\u00e9e Jon Snow Grand-Griffe - Ep\u00e9e Game of Thrones | RMC","og_description":"Offrez-lui\u202f! L'Ep\u00e9e Jon Snow Grand-Griffe dans la s\u00e9rie Game of Thrones au meilleur prix. Lame en acier 440 - Pommeau r\u00e9sine - Longueur : 108 cm - Support","og_url":"https:\/\/repliquemangacine.fr\/de\/schwerter-game-of-thrones\/jon-snow-schwert-grose-kralle-game-of-thrones\/","og_site_name":"R\u00e9plique Manga Cin\u00e9","article_publisher":"https:\/\/www.facebook.com\/RepliqueMangaCine","article_modified_time":"2026-04-24T20:01:56+00:00","og_image":[{"width":600,"height":600,"url":"https:\/\/repliquemangacine.fr\/wp-content\/uploads\/2023\/10\/2403-Epee-de-Jon-Snow-Grand-Griffe-Game-of-Thrones.jpg","type":"image\/jpeg"}],"twitter_card":"summary_large_image","twitter_misc":{"Gesch\u00e4tzte Lesezeit":"3\u00a0Minuten"},"schema":{"@context":"https:\/\/schema.org","@graph":[{"@type":"WebPage","@id":"https:\/\/repliquemangacine.fr\/epees-game-of-thrones\/epee-de-jon-snow-grand-griffe-game-of-thrones\/","url":"https:\/\/repliquemangacine.fr\/epees-game-of-thrones\/epee-de-jon-snow-grand-griffe-game-of-thrones\/","name":"Jon Snow Grand-Griffe Schwert - Game of Thrones Schwert | RMC","isPartOf":{"@id":"https:\/\/repliquemangacine.fr\/#website"},"primaryImageOfPage":{"@id":"https:\/\/repliquemangacine.fr\/epees-game-of-thrones\/epee-de-jon-snow-grand-griffe-game-of-thrones\/#primaryimage"},"image":{"@id":"https:\/\/repliquemangacine.fr\/epees-game-of-thrones\/epee-de-jon-snow-grand-griffe-game-of-thrones\/#primaryimage"},"thumbnailUrl":"https:\/\/repliquemangacine.fr\/wp-content\/uploads\/2023\/10\/2403-Epee-de-Jon-Snow-Grand-Griffe-Game-of-Thrones.jpg","datePublished":"2018-01-14T14:44:32+00:00","dateModified":"2026-04-24T20:01:56+00:00","description":"Schenken Sie es ihm! Das Jon Snow Grand-Griffe-Schwert aus der Serie Game of Thrones zum besten Preis. Klinge aus 440er Stahl - Knauf aus Kunstharz - L\u00e4nge: 108 cm - Halterung","breadcrumb":{"@id":"https:\/\/repliquemangacine.fr\/epees-game-of-thrones\/epee-de-jon-snow-grand-griffe-game-of-thrones\/#breadcrumb"},"inLanguage":"de","potentialAction":[{"@type":"ReadAction","target":["https:\/\/repliquemangacine.fr\/epees-game-of-thrones\/epee-de-jon-snow-grand-griffe-game-of-thrones\/"]}]},{"@type":"ImageObject","inLanguage":"de","@id":"https:\/\/repliquemangacine.fr\/epees-game-of-thrones\/epee-de-jon-snow-grand-griffe-game-of-thrones\/#primaryimage","url":"https:\/\/repliquemangacine.fr\/wp-content\/uploads\/2023\/10\/2403-Epee-de-Jon-Snow-Grand-Griffe-Game-of-Thrones.jpg","contentUrl":"https:\/\/repliquemangacine.fr\/wp-content\/uploads\/2023\/10\/2403-Epee-de-Jon-Snow-Grand-Griffe-Game-of-Thrones.jpg","width":600,"height":600,"caption":"Ep\u00e9e de Jon Snow - Grand Griffe Game of Thrones"},{"@type":"BreadcrumbList","@id":"https:\/\/repliquemangacine.fr\/epees-game-of-thrones\/epee-de-jon-snow-grand-griffe-game-of-thrones\/#breadcrumb","itemListElement":[{"@type":"ListItem","position":1,"name":"Accueil","item":"https:\/\/repliquemangacine.fr\/"},{"@type":"ListItem","position":2,"name":"Produits","item":"https:\/\/repliquemangacine.fr\/boutique\/"},{"@type":"ListItem","position":3,"name":"Ep\u00e9e Jon Snow Grand Griffe"}]},{"@type":"WebSite","@id":"https:\/\/repliquemangacine.fr\/#website","url":"https:\/\/repliquemangacine.fr\/","name":"R\u00e9plique Manga Cin\u00e9","description":"","publisher":{"@id":"https:\/\/repliquemangacine.fr\/#organization"},"potentialAction":[{"@type":"SearchAction","target":{"@type":"EntryPoint","urlTemplate":"https:\/\/repliquemangacine.fr\/?s={search_term_string}"},"query-input":{"@type":"PropertyValueSpecification","valueRequired":true,"valueName":"search_term_string"}}],"inLanguage":"de"},{"@type":"Organization","@id":"https:\/\/repliquemangacine.fr\/#organization","name":"R\u00e9plique Manga Cin\u00e9","url":"https:\/\/repliquemangacine.fr\/","logo":{"@type":"ImageObject","inLanguage":"de","@id":"https:\/\/repliquemangacine.fr\/#\/schema\/logo\/image\/","url":"https:\/\/repliquemangacine.fr\/wp-content\/uploads\/2023\/10\/RMC-500250.png","contentUrl":"https:\/\/repliquemangacine.fr\/wp-content\/uploads\/2023\/10\/RMC-500250.png","width":500,"height":250,"caption":"R\u00e9plique Manga Cin\u00e9"},"image":{"@id":"https:\/\/repliquemangacine.fr\/#\/schema\/logo\/image\/"},"sameAs":["https:\/\/www.facebook.com\/RepliqueMangaCine","https:\/\/www.instagram.com\/repliquemangacine.fr\/"]}]}},"_links":{"self":[{"href":"https:\/\/repliquemangacine.fr\/de\/wp-json\/wp\/v2\/product\/27635","targetHints":{"allow":["GET"]}}],"collection":[{"href":"https:\/\/repliquemangacine.fr\/de\/wp-json\/wp\/v2\/product"}],"about":[{"href":"https:\/\/repliquemangacine.fr\/de\/wp-json\/wp\/v2\/types\/product"}],"wp:featuredmedia":[{"embeddable":true,"href":"https:\/\/repliquemangacine.fr\/de\/wp-json\/wp\/v2\/media\/27636"}],"wp:attachment":[{"href":"https:\/\/repliquemangacine.fr\/de\/wp-json\/wp\/v2\/media?parent=27635"}],"wp:term":[{"taxonomy":"product_brand","embeddable":true,"href":"https:\/\/repliquemangacine.fr\/de\/wp-json\/wp\/v2\/product_brand?post=27635"},{"taxonomy":"product_cat","embeddable":true,"href":"https:\/\/repliquemangacine.fr\/de\/wp-json\/wp\/v2\/product_cat?post=27635"},{"taxonomy":"product_tag","embeddable":true,"href":"https:\/\/repliquemangacine.fr\/de\/wp-json\/wp\/v2\/product_tag?post=27635"}],"curies":[{"name":"wp","href":"https:\/\/api.w.org\/{rel}","templated":true}]}}