





{"id":27628,"date":"2017-12-17T23:04:57","date_gmt":"2017-12-17T22:04:57","guid":{"rendered":"https:\/\/repliquemangacine.fr\/?post_type=product&#038;p=27628"},"modified":"2025-09-23T18:01:57","modified_gmt":"2025-09-23T16:01:57","slug":"overwatch-genji-katana-oni-drachenklinge","status":"publish","type":"product","link":"https:\/\/repliquemangacine.fr\/de\/katana-et-epee-de-jeux-video-autre-jeux-video\/overwatch-katana-de-genji-oni-lame-de-dragon\/","title":{"rendered":"Katana Genji Oni Overwatch"},"content":{"rendered":"<div class=\"rte\">\n<h2>Katana Genji Oni Overwatch<\/h2>\n<p>Beginnen wir mit dem <strong>Katana Genji Oni Overwatch<\/strong>Diese Drachenklinge, die der Cyborg-Ninja Genji skin Oni benutzt, hat eine ultimative F\u00e4higkeit! Sein Schwert verursacht enormen Schaden. Genji zieht endlich sein Katana mit seiner ultimativen F\u00e4higkeit f\u00fcr 6 Sekunden. Wenn Sie diese neue Waffe f\u00fchren, wird Ihr Schaden extrem hoch und Ihre Gegner haben nur zwei M\u00f6glichkeiten: sterben oder fliehen.<\/p>\n<p>Genji Shimada ist einer der Hauptprotagonisten und spielbaren Charaktere des Videospiels Overwatch. Er ist ein Cyberninja aus Japan, der Bruder von Hanzo sowie der Sch\u00fcler von Zenyatta .<\/p>\n<p>Als Schadensheld besitzt Genji ein Katana namens Ry\u016b ichimonji. Au\u00dferdem pflegt er es pers\u00f6nlich und hat noch nie jemand anderem erlaubt, es zu untersuchen oder zu reparieren.<\/p>\n<p><a href=\"https:\/\/www.overwatch-world.com\/heros\/genji\" target=\"_blank\" rel=\"noopener noreferrer\">Overwatch<\/a> Videospiel, entwickelt und ver\u00f6ffentlicht von Blizzard Entertainment.<\/p>\n<h2>Ihr g\u00fcnstiges Katana Genji Oni Overwatch.<\/h2>\n<p>Wir bieten Ihnen eine gro\u00dfe Auswahl an Repliken Ihres Lieblingsvideospiels Overwatch.<\/p>\n<p>Zun\u00e4chst einmal,<\/p>\n<ul>\n<li>Die<a href=\"https:\/\/repliquemangacine.fr\/de\/andere-videospiele\/schwert-blackwatch-genji-overwatch-schwert-drachenklinge\/\"> Katana von Genji Blackwatch<\/a> im Videospiel Overwatch.<\/li>\n<li>Es gibt auch das Schwert<a href=\"https:\/\/repliquemangacine.fr\/de\/andere-videospiele\/epee-genji-baihu-nouvel-an-lunaire-overwatch\/\"> Genji Baihu<\/a> Overwatch, verf\u00fcgbar w\u00e4hrend des Neujahrsfestes.<\/li>\n<li>Sowie die Hauptwaffe von Genji dem <a href=\"https:\/\/repliquemangacine.fr\/de\/andere-videospiele\/ensemble-de-3-shurikens-de-genji-d-overwatch\/\">Shuriken<\/a> der m\u00e4chtigen Schaden anrichtet.<\/li>\n<li>Und viele andere, die es in unserem Online-Shop zu entdecken gibt!<\/li>\n<\/ul>\n<p>Deshalb ist dies eine tolle Geschenkidee f\u00fcr alle Overwatch-Fans.<\/p>\n<p>Zum Abschluss k\u00f6nnen Sie den <strong>Katana Genji Oni Overwatch<\/strong> f\u00fcr Ihre Cosplay-Paraden oder Themenabende. Vor allem aber ist dieses Schwert ein Sammler- und Dekorationsst\u00fcck.<\/p>\n<p>R\u00e9plique Manga Cin\u00e9 ist ein franz\u00f6sisches Familienunternehmen<\/p>\n<h2>Wie pflegt man die Klinge des Katanas von Ryu Ichimonji?<\/h2>\n<p>Katanas f\u00fcr Sammlungen und Dekorationen werden auf vereinfachte Weise hergestellt und zusammengebaut. Da sie zu Dekorationszwecken verwendet werden, fehlen ihnen die Sicherheitsmerkmale, die ein japanisches Schwert f\u00fcr Trainingszwecke aufweisen muss.<\/p>\n<p>Allerdings ist Ihr <strong>Katana Genji Oni Overwatch<\/strong> zu einer Stahlklinge, die gepflegt werden muss, damit sie nicht mit der Zeit abgenutzt wird. Denn wenn du dein Katana ausstellst, werden deine Freunde neugierig sein, die Klinge zu sehen und sie zu ber\u00fchren. Hier ist Vorsicht geboten, denn Sie sollten wissen, dass die S\u00e4ure der Finger dem Stahl unabh\u00e4ngig von seiner Qualit\u00e4t sehr schadet.<\/p>\n<p>Wenn dies jedoch passiert, keine Panik, Sie brauchen nur ein Tuch, das mit etwas \u00d6l befeuchtet ist, und wischen die Fingerabdr\u00fccke ab. Wenn Sie dies tun, werden Sie Ihr Schwert sehr lange behalten.<\/p>\n<p><strong>\u00a0<\/strong><\/p>\n<\/div>","protected":false},"excerpt":{"rendered":"<p>Katana von Genji Oni, dem Cyborg und einem der Helden des Spiels Overwatch.<\/p>\n<ul>\n<li>Klinge aus rostfreiem Stahl.<\/li>\n<li>Griff aus geformtem ABS.<\/li>\n<li>Speziell geformter Stahlschutz.<\/li>\n<li>Scheide aus schwarzem Holz.<\/li>\n<li>Holzst\u00e4nder.<\/li>\n<li>Klingenl\u00e4nge:71cm - Gesamtl\u00e4nge: 106cm - Gesamtgewicht: 1650grs<\/li>\n<\/ul>","protected":false},"featured_media":27629,"template":"","meta":[],"product_brand":[896],"product_cat":[23,67],"product_tag":[],"class_list":{"0":"post-27628","1":"product","2":"type-product","3":"status-publish","4":"has-post-thumbnail","6":"product_brand-replique-manga-cine","7":"product_cat-repliques-manga-jeux-video","8":"product_cat-katana-et-epee-de-jeux-video-autre-jeux-video","10":"first","11":"instock","12":"sale","13":"taxable","14":"shipping-taxable","15":"purchasable","16":"product-type-simple"},"yoast_head":"<!-- This site is optimized with the Yoast SEO plugin v27.5 - https:\/\/yoast.com\/product\/yoast-seo-wordpress\/ -->\n<title>Katana Genji Oni Overwatch - Ep\u00e9e Sabre Lame du dragon - RMC<\/title>\n<meta name=\"description\" content=\"Commandez vite ! Le Katana Genji Oni Overwatch au meilleur prix - Lame acier - Fourreau - Echelle 1\/1 - Longueur : 106 cm - Envoi 24\/48h\" \/>\n<meta name=\"robots\" content=\"index, follow, max-snippet:-1, max-image-preview:large, max-video-preview:-1\" \/>\n<link rel=\"canonical\" href=\"https:\/\/repliquemangacine.fr\/de\/katana-und-schwert-von-videospielen-andere-videospiele\/overwatch-genji-katana-oni-drachenklinge\/\" \/>\n<meta property=\"og:locale\" content=\"de_DE\" \/>\n<meta property=\"og:type\" content=\"article\" \/>\n<meta property=\"og:title\" content=\"Katana Genji Oni Overwatch - Ep\u00e9e Sabre Lame du dragon - RMC\" \/>\n<meta property=\"og:description\" content=\"Commandez vite ! Le Katana Genji Oni Overwatch au meilleur prix - Lame acier - Fourreau - Echelle 1\/1 - Longueur : 106 cm - Envoi 24\/48h\" \/>\n<meta property=\"og:url\" content=\"https:\/\/repliquemangacine.fr\/de\/katana-und-schwert-von-videospielen-andere-videospiele\/overwatch-genji-katana-oni-drachenklinge\/\" \/>\n<meta property=\"og:site_name\" content=\"R\u00e9plique Manga Cin\u00e9\" \/>\n<meta property=\"article:publisher\" content=\"https:\/\/www.facebook.com\/RepliqueMangaCine\" \/>\n<meta property=\"article:modified_time\" content=\"2025-09-23T16:01:57+00:00\" \/>\n<meta property=\"og:image\" content=\"https:\/\/repliquemangacine.fr\/wp-content\/uploads\/2023\/10\/2397-Overwatch-Katana-de-Genji-Oni-Lame-de-dragon.jpg\" \/>\n\t<meta property=\"og:image:width\" content=\"600\" \/>\n\t<meta property=\"og:image:height\" content=\"600\" \/>\n\t<meta property=\"og:image:type\" content=\"image\/jpeg\" \/>\n<meta name=\"twitter:card\" content=\"summary_large_image\" \/>\n<meta name=\"twitter:label1\" content=\"Gesch\u00e4tzte Lesezeit\" \/>\n\t<meta name=\"twitter:data1\" content=\"1\u00a0Minute\" \/>\n<script type=\"application\/ld+json\" class=\"yoast-schema-graph\">{\"@context\":\"https:\\\/\\\/schema.org\",\"@graph\":[{\"@type\":\"WebPage\",\"@id\":\"https:\\\/\\\/repliquemangacine.fr\\\/katana-et-epee-de-jeux-video-autre-jeux-video\\\/overwatch-katana-de-genji-oni-lame-de-dragon\\\/\",\"url\":\"https:\\\/\\\/repliquemangacine.fr\\\/katana-et-epee-de-jeux-video-autre-jeux-video\\\/overwatch-katana-de-genji-oni-lame-de-dragon\\\/\",\"name\":\"Katana Genji Oni Overwatch - Ep\u00e9e Sabre Lame du dragon - RMC\",\"isPartOf\":{\"@id\":\"https:\\\/\\\/repliquemangacine.fr\\\/#website\"},\"primaryImageOfPage\":{\"@id\":\"https:\\\/\\\/repliquemangacine.fr\\\/katana-et-epee-de-jeux-video-autre-jeux-video\\\/overwatch-katana-de-genji-oni-lame-de-dragon\\\/#primaryimage\"},\"image\":{\"@id\":\"https:\\\/\\\/repliquemangacine.fr\\\/katana-et-epee-de-jeux-video-autre-jeux-video\\\/overwatch-katana-de-genji-oni-lame-de-dragon\\\/#primaryimage\"},\"thumbnailUrl\":\"https:\\\/\\\/repliquemangacine.fr\\\/wp-content\\\/uploads\\\/2023\\\/10\\\/2397-Overwatch-Katana-de-Genji-Oni-Lame-de-dragon.jpg\",\"datePublished\":\"2017-12-17T22:04:57+00:00\",\"dateModified\":\"2025-09-23T16:01:57+00:00\",\"description\":\"Commandez vite ! Le Katana Genji Oni Overwatch au meilleur prix - Lame acier - Fourreau - Echelle 1\\\/1 - Longueur : 106 cm - Envoi 24\\\/48h\",\"breadcrumb\":{\"@id\":\"https:\\\/\\\/repliquemangacine.fr\\\/katana-et-epee-de-jeux-video-autre-jeux-video\\\/overwatch-katana-de-genji-oni-lame-de-dragon\\\/#breadcrumb\"},\"inLanguage\":\"de\",\"potentialAction\":[{\"@type\":\"ReadAction\",\"target\":[\"https:\\\/\\\/repliquemangacine.fr\\\/katana-et-epee-de-jeux-video-autre-jeux-video\\\/overwatch-katana-de-genji-oni-lame-de-dragon\\\/\"]}]},{\"@type\":\"ImageObject\",\"inLanguage\":\"de\",\"@id\":\"https:\\\/\\\/repliquemangacine.fr\\\/katana-et-epee-de-jeux-video-autre-jeux-video\\\/overwatch-katana-de-genji-oni-lame-de-dragon\\\/#primaryimage\",\"url\":\"https:\\\/\\\/repliquemangacine.fr\\\/wp-content\\\/uploads\\\/2023\\\/10\\\/2397-Overwatch-Katana-de-Genji-Oni-Lame-de-dragon.jpg\",\"contentUrl\":\"https:\\\/\\\/repliquemangacine.fr\\\/wp-content\\\/uploads\\\/2023\\\/10\\\/2397-Overwatch-Katana-de-Genji-Oni-Lame-de-dragon.jpg\",\"width\":600,\"height\":600,\"caption\":\"Overwatch - Katana de Genji Oni- Lame de dragon\"},{\"@type\":\"BreadcrumbList\",\"@id\":\"https:\\\/\\\/repliquemangacine.fr\\\/katana-et-epee-de-jeux-video-autre-jeux-video\\\/overwatch-katana-de-genji-oni-lame-de-dragon\\\/#breadcrumb\",\"itemListElement\":[{\"@type\":\"ListItem\",\"position\":1,\"name\":\"Accueil\",\"item\":\"https:\\\/\\\/repliquemangacine.fr\\\/\"},{\"@type\":\"ListItem\",\"position\":2,\"name\":\"Produits\",\"item\":\"https:\\\/\\\/repliquemangacine.fr\\\/boutique\\\/\"},{\"@type\":\"ListItem\",\"position\":3,\"name\":\"Katana Genji Oni Overwatch\"}]},{\"@type\":\"WebSite\",\"@id\":\"https:\\\/\\\/repliquemangacine.fr\\\/#website\",\"url\":\"https:\\\/\\\/repliquemangacine.fr\\\/\",\"name\":\"R\u00e9plique Manga Cin\u00e9\",\"description\":\"\",\"publisher\":{\"@id\":\"https:\\\/\\\/repliquemangacine.fr\\\/#organization\"},\"potentialAction\":[{\"@type\":\"SearchAction\",\"target\":{\"@type\":\"EntryPoint\",\"urlTemplate\":\"https:\\\/\\\/repliquemangacine.fr\\\/?s={search_term_string}\"},\"query-input\":{\"@type\":\"PropertyValueSpecification\",\"valueRequired\":true,\"valueName\":\"search_term_string\"}}],\"inLanguage\":\"de\"},{\"@type\":\"Organization\",\"@id\":\"https:\\\/\\\/repliquemangacine.fr\\\/#organization\",\"name\":\"R\u00e9plique Manga Cin\u00e9\",\"url\":\"https:\\\/\\\/repliquemangacine.fr\\\/\",\"logo\":{\"@type\":\"ImageObject\",\"inLanguage\":\"de\",\"@id\":\"https:\\\/\\\/repliquemangacine.fr\\\/#\\\/schema\\\/logo\\\/image\\\/\",\"url\":\"https:\\\/\\\/repliquemangacine.fr\\\/wp-content\\\/uploads\\\/2023\\\/10\\\/RMC-500250.png\",\"contentUrl\":\"https:\\\/\\\/repliquemangacine.fr\\\/wp-content\\\/uploads\\\/2023\\\/10\\\/RMC-500250.png\",\"width\":500,\"height\":250,\"caption\":\"R\u00e9plique Manga Cin\u00e9\"},\"image\":{\"@id\":\"https:\\\/\\\/repliquemangacine.fr\\\/#\\\/schema\\\/logo\\\/image\\\/\"},\"sameAs\":[\"https:\\\/\\\/www.facebook.com\\\/RepliqueMangaCine\",\"https:\\\/\\\/www.instagram.com\\\/repliquemangacine.fr\\\/\"]}]}<\/script>\n<!-- \/ Yoast SEO plugin. -->","yoast_head_json":{"title":"Katana Genji Oni Overwatch - Schwert Schwert Drachenklinge - RMC","description":"Bestellen Sie schnell! Das Katana Genji Oni Overwatch zum besten Preis - Stahlklinge - Scheide - Ma\u00dfstab 1\/1 - L\u00e4nge: 106 cm - Versand 24\/48h","robots":{"index":"index","follow":"follow","max-snippet":"max-snippet:-1","max-image-preview":"max-image-preview:large","max-video-preview":"max-video-preview:-1"},"canonical":"https:\/\/repliquemangacine.fr\/de\/katana-und-schwert-von-videospielen-andere-videospiele\/overwatch-genji-katana-oni-drachenklinge\/","og_locale":"de_DE","og_type":"article","og_title":"Katana Genji Oni Overwatch - Ep\u00e9e Sabre Lame du dragon - RMC","og_description":"Commandez vite ! Le Katana Genji Oni Overwatch au meilleur prix - Lame acier - Fourreau - Echelle 1\/1 - Longueur : 106 cm - Envoi 24\/48h","og_url":"https:\/\/repliquemangacine.fr\/de\/katana-und-schwert-von-videospielen-andere-videospiele\/overwatch-genji-katana-oni-drachenklinge\/","og_site_name":"R\u00e9plique Manga Cin\u00e9","article_publisher":"https:\/\/www.facebook.com\/RepliqueMangaCine","article_modified_time":"2025-09-23T16:01:57+00:00","og_image":[{"width":600,"height":600,"url":"https:\/\/repliquemangacine.fr\/wp-content\/uploads\/2023\/10\/2397-Overwatch-Katana-de-Genji-Oni-Lame-de-dragon.jpg","type":"image\/jpeg"}],"twitter_card":"summary_large_image","twitter_misc":{"Gesch\u00e4tzte Lesezeit":"1\u00a0Minute"},"schema":{"@context":"https:\/\/schema.org","@graph":[{"@type":"WebPage","@id":"https:\/\/repliquemangacine.fr\/katana-et-epee-de-jeux-video-autre-jeux-video\/overwatch-katana-de-genji-oni-lame-de-dragon\/","url":"https:\/\/repliquemangacine.fr\/katana-et-epee-de-jeux-video-autre-jeux-video\/overwatch-katana-de-genji-oni-lame-de-dragon\/","name":"Katana Genji Oni Overwatch - Schwert Schwert Drachenklinge - RMC","isPartOf":{"@id":"https:\/\/repliquemangacine.fr\/#website"},"primaryImageOfPage":{"@id":"https:\/\/repliquemangacine.fr\/katana-et-epee-de-jeux-video-autre-jeux-video\/overwatch-katana-de-genji-oni-lame-de-dragon\/#primaryimage"},"image":{"@id":"https:\/\/repliquemangacine.fr\/katana-et-epee-de-jeux-video-autre-jeux-video\/overwatch-katana-de-genji-oni-lame-de-dragon\/#primaryimage"},"thumbnailUrl":"https:\/\/repliquemangacine.fr\/wp-content\/uploads\/2023\/10\/2397-Overwatch-Katana-de-Genji-Oni-Lame-de-dragon.jpg","datePublished":"2017-12-17T22:04:57+00:00","dateModified":"2025-09-23T16:01:57+00:00","description":"Bestellen Sie schnell! Das Katana Genji Oni Overwatch zum besten Preis - Stahlklinge - Scheide - Ma\u00dfstab 1\/1 - L\u00e4nge: 106 cm - Versand 24\/48h","breadcrumb":{"@id":"https:\/\/repliquemangacine.fr\/katana-et-epee-de-jeux-video-autre-jeux-video\/overwatch-katana-de-genji-oni-lame-de-dragon\/#breadcrumb"},"inLanguage":"de","potentialAction":[{"@type":"ReadAction","target":["https:\/\/repliquemangacine.fr\/katana-et-epee-de-jeux-video-autre-jeux-video\/overwatch-katana-de-genji-oni-lame-de-dragon\/"]}]},{"@type":"ImageObject","inLanguage":"de","@id":"https:\/\/repliquemangacine.fr\/katana-et-epee-de-jeux-video-autre-jeux-video\/overwatch-katana-de-genji-oni-lame-de-dragon\/#primaryimage","url":"https:\/\/repliquemangacine.fr\/wp-content\/uploads\/2023\/10\/2397-Overwatch-Katana-de-Genji-Oni-Lame-de-dragon.jpg","contentUrl":"https:\/\/repliquemangacine.fr\/wp-content\/uploads\/2023\/10\/2397-Overwatch-Katana-de-Genji-Oni-Lame-de-dragon.jpg","width":600,"height":600,"caption":"Overwatch - Katana de Genji Oni- Lame de dragon"},{"@type":"BreadcrumbList","@id":"https:\/\/repliquemangacine.fr\/katana-et-epee-de-jeux-video-autre-jeux-video\/overwatch-katana-de-genji-oni-lame-de-dragon\/#breadcrumb","itemListElement":[{"@type":"ListItem","position":1,"name":"Accueil","item":"https:\/\/repliquemangacine.fr\/"},{"@type":"ListItem","position":2,"name":"Produits","item":"https:\/\/repliquemangacine.fr\/boutique\/"},{"@type":"ListItem","position":3,"name":"Katana Genji Oni Overwatch"}]},{"@type":"WebSite","@id":"https:\/\/repliquemangacine.fr\/#website","url":"https:\/\/repliquemangacine.fr\/","name":"R\u00e9plique Manga Cin\u00e9","description":"","publisher":{"@id":"https:\/\/repliquemangacine.fr\/#organization"},"potentialAction":[{"@type":"SearchAction","target":{"@type":"EntryPoint","urlTemplate":"https:\/\/repliquemangacine.fr\/?s={search_term_string}"},"query-input":{"@type":"PropertyValueSpecification","valueRequired":true,"valueName":"search_term_string"}}],"inLanguage":"de"},{"@type":"Organization","@id":"https:\/\/repliquemangacine.fr\/#organization","name":"R\u00e9plique Manga Cin\u00e9","url":"https:\/\/repliquemangacine.fr\/","logo":{"@type":"ImageObject","inLanguage":"de","@id":"https:\/\/repliquemangacine.fr\/#\/schema\/logo\/image\/","url":"https:\/\/repliquemangacine.fr\/wp-content\/uploads\/2023\/10\/RMC-500250.png","contentUrl":"https:\/\/repliquemangacine.fr\/wp-content\/uploads\/2023\/10\/RMC-500250.png","width":500,"height":250,"caption":"R\u00e9plique Manga Cin\u00e9"},"image":{"@id":"https:\/\/repliquemangacine.fr\/#\/schema\/logo\/image\/"},"sameAs":["https:\/\/www.facebook.com\/RepliqueMangaCine","https:\/\/www.instagram.com\/repliquemangacine.fr\/"]}]}},"_links":{"self":[{"href":"https:\/\/repliquemangacine.fr\/de\/wp-json\/wp\/v2\/product\/27628","targetHints":{"allow":["GET"]}}],"collection":[{"href":"https:\/\/repliquemangacine.fr\/de\/wp-json\/wp\/v2\/product"}],"about":[{"href":"https:\/\/repliquemangacine.fr\/de\/wp-json\/wp\/v2\/types\/product"}],"wp:featuredmedia":[{"embeddable":true,"href":"https:\/\/repliquemangacine.fr\/de\/wp-json\/wp\/v2\/media\/27629"}],"wp:attachment":[{"href":"https:\/\/repliquemangacine.fr\/de\/wp-json\/wp\/v2\/media?parent=27628"}],"wp:term":[{"taxonomy":"product_brand","embeddable":true,"href":"https:\/\/repliquemangacine.fr\/de\/wp-json\/wp\/v2\/product_brand?post=27628"},{"taxonomy":"product_cat","embeddable":true,"href":"https:\/\/repliquemangacine.fr\/de\/wp-json\/wp\/v2\/product_cat?post=27628"},{"taxonomy":"product_tag","embeddable":true,"href":"https:\/\/repliquemangacine.fr\/de\/wp-json\/wp\/v2\/product_tag?post=27628"}],"curies":[{"name":"wp","href":"https:\/\/api.w.org\/{rel}","templated":true}]}}