





{"id":27602,"date":"2017-10-29T16:39:25","date_gmt":"2017-10-29T15:39:25","guid":{"rendered":"https:\/\/repliquemangacine.fr\/?post_type=product&#038;p=27602"},"modified":"2026-02-19T20:47:29","modified_gmt":"2026-02-19T19:47:29","slug":"targaryen-schlusselanhanger-game-of-thrones","status":"publish","type":"product","link":"https:\/\/repliquemangacine.fr\/de\/collectors-et-goodies-game-of-thrones\/porte-cles-targaryen-game-of-thrones\/","title":{"rendered":"Game of Thrones Targaryen-Schl\u00fcsselanh\u00e4nger"},"content":{"rendered":"<h2>Targaryen-Schl\u00fcsselanh\u00e4nger GOT (Game of Thrones).<\/h2>\n<p>Zu Beginn wird der <strong>GOT Targaryen-Schl\u00fcsselanh\u00e4nger<\/strong>, inspiriert von der Serie Game of Thrones. Auf der R\u00fcckseite ist das Motto des Hauses Targaryen \u201cFeuer und Blut\u201d eingraviert. Wundersch\u00f6ne Gravuren rund um die Plakette. Auf der R\u00fcckseite befindet sich die Aufschrift \u201dGame of Thrones \u2013 Fire and Blood \u2013 Tagaryen \u2013 TM\u00a9 2012 Home Box Office Inc.\u201d<\/p>\n<p>Das Haus Targaryen ist ein altes gro\u00dfes Haus aus Westeros. Die Familie stammt aus dem antiken Valyria, das der Plage entkommen ist, die die gesamte Stadt zerst\u00f6rt hat. Sie lebten jahrhundertelang auf der Insel Drachenstein, bis es Aegon dem Eroberer und seinen Schwestern auf ihren Drachen gelang, die Sieben K\u00f6nigreiche zu erobern.<\/p>\n<p>Das Motto der Targaryens lautet \u00abFeuer und Blut\u00bb und ihr Wappen zeigt einen dreik\u00f6pfigen Drachen.<\/p>\n<h2>Ihr GOT Targaryen-Schl\u00fcsselanh\u00e4nger zum besten Preis.<\/h2>\n<p>Wir bieten Ihnen eine sehr gro\u00dfe Auswahl an Schwertern und Sammlerst\u00fccken aus der Serie Game of Thrones.<\/p>\n<p>Zun\u00e4chst einmal,<\/p>\n<ul>\n<li>Die <a href=\"https:\/\/repliquemangacine.fr\/de\/schwerter-game-of-thrones\/drogo-serpe-game-of-thrones-die-waffe-der-dothraki\/\">Drogos Serpe<\/a>Das Arakh ist die traditionelle Waffe der Dothraki-Krieger.<\/li>\n<li>Sowie die <a href=\"https:\/\/repliquemangacine.fr\/de\/schwerter-game-of-thrones\/eiskaltes-schwert-konig-der-nacht\/\">Eisscholle<\/a> des K\u00f6nigs der Nacht.<\/li>\n<li>Es gibt auch die Dracheneier von Daenerys, lizenziert von HBO vertrieben von <a href=\"https:\/\/noblecollection.fr\/\" target=\"_blank\" rel=\"noopener noreferrer\">Noble Collection<\/a><\/li>\n<li>Und noch viel mehr gibt es in unserem Online-Shop zu entdecken!<\/li>\n<\/ul>\n<p>Deshalb ist dies eine tolle Geschenkidee f\u00fcr Fans der Serie Game of Thones.<\/p>\n<p>Abschlie\u00dfend k\u00f6nnen Sie den <strong>GOT Targaryen-Schl\u00fcsselanh\u00e4nger<\/strong> im allt\u00e4glichen Leben. Vor allem aber ist es ein Sammler- und Dekorationsst\u00fcck.<\/p>\n<h2>Wie werden Ihre Sammelobjekte hergestellt?<\/h2>\n<p>Zun\u00e4chst einmal sind alle unsere Produkte von hoher Qualit\u00e4t und werden mit besonderer Sorgfalt hergestellt. Die Herstellung erfolgt zum Teil von Hand, um jedes noch so kleine Detail zu reproduzieren. Gr\u00f6\u00dfere Teile werden von pr\u00e4zisen Maschinen bearbeitet. Die Gravuren werden in der Regel mit einer Diamantspitze oder einem Laser ausgef\u00fchrt.<\/p>\n<p>Ihre <strong>GOT Targaryen-Schl\u00fcsselanh\u00e4nger<\/strong> hergestellt, um jedes Detail genau zu reproduzieren. Um dem Erbe der originalen Meisterwerke gerecht zu werden. Der Schwerpunkt liegt darauf, qualitativ hochwertige Repliken herzustellen, die so historisch genau wie m\u00f6glich sind.<\/p>\n<p>Abschlie\u00dfend sei gesagt, dass unsere Repliken, die aus China, Spanien oder Indien importiert wurden, Sie in Erstaunen versetzen werden!<\/p>\n<p>R\u00e9plique Manga Cin\u00e9 ist ein franz\u00f6sisches Familienunternehmen.<\/p>","protected":false},"excerpt":{"rendered":"<p>Schl\u00fcsselanh\u00e4nger des Hauses Targaryen, inspiriert von der Serie Game of Thrones.<\/p>\n<ul>\n<li>Aus bronzefarbenem Stahl mit Relief.<\/li>\n<li>Eintragung der W\u00e4hrung.<\/li>\n<li>Ring und Kette aus versilbertem Metall.<\/li>\n<li>Vitrinenbox mit dem Bild der Serie.<\/li>\n<li>Durchmesser: 5.5 cm - Gewicht: 45 g<\/li>\n<\/ul>","protected":false},"featured_media":27603,"template":"","meta":[],"product_brand":[896],"product_cat":[81,24,47],"product_tag":[],"class_list":{"0":"post-27602","1":"product","2":"type-product","3":"status-publish","4":"has-post-thumbnail","6":"product_brand-replique-manga-cine","7":"product_cat-collectors-et-goodies-game-of-thrones","8":"product_cat-films-series-tv-vente-de-katana-epee-et-produits-derives","9":"product_cat-game-of-thrones","11":"first","12":"instock","13":"taxable","14":"shipping-taxable","15":"purchasable","16":"product-type-simple"},"yoast_head":"<!-- This site is optimized with the Yoast SEO plugin v27.5 - https:\/\/yoast.com\/product\/yoast-seo-wordpress\/ -->\n<title>Porte-cl\u00e9s Targaryen GOT - Objet collector Game of Thrones| RMC<\/title>\n<meta name=\"description\" content=\"D\u00e9couvrez ce Porte-cl\u00e9s Targaryen GOT au meilleur prix - Tout en m\u00e9tal imitation bronze - Embl\u00e8me en relief - Boite vitrine - Diam\u00e8tre : 5.5 cm\" \/>\n<meta name=\"robots\" content=\"index, follow, max-snippet:-1, max-image-preview:large, max-video-preview:-1\" \/>\n<link rel=\"canonical\" href=\"https:\/\/repliquemangacine.fr\/de\/sammlerstucke-und-game-of-thrones-goodies\/targaryen-schlusselanhanger-game-of-thrones\/\" \/>\n<meta property=\"og:locale\" content=\"de_DE\" \/>\n<meta property=\"og:type\" content=\"article\" \/>\n<meta property=\"og:title\" content=\"Porte-cl\u00e9s Targaryen GOT - Objet collector Game of Thrones| RMC\" \/>\n<meta property=\"og:description\" content=\"D\u00e9couvrez ce Porte-cl\u00e9s Targaryen GOT au meilleur prix - Tout en m\u00e9tal imitation bronze - Embl\u00e8me en relief - Boite vitrine - Diam\u00e8tre : 5.5 cm\" \/>\n<meta property=\"og:url\" content=\"https:\/\/repliquemangacine.fr\/de\/sammlerstucke-und-game-of-thrones-goodies\/targaryen-schlusselanhanger-game-of-thrones\/\" \/>\n<meta property=\"og:site_name\" content=\"R\u00e9plique Manga Cin\u00e9\" \/>\n<meta property=\"article:publisher\" content=\"https:\/\/www.facebook.com\/RepliqueMangaCine\" \/>\n<meta property=\"article:modified_time\" content=\"2026-02-19T19:47:29+00:00\" \/>\n<meta property=\"og:image\" content=\"https:\/\/repliquemangacine.fr\/wp-content\/uploads\/2023\/10\/2374-Porte-cles-Targaryen-Game-of-Thrones.jpg\" \/>\n\t<meta property=\"og:image:width\" content=\"600\" \/>\n\t<meta property=\"og:image:height\" content=\"600\" \/>\n\t<meta property=\"og:image:type\" content=\"image\/jpeg\" \/>\n<meta name=\"twitter:card\" content=\"summary_large_image\" \/>\n<meta name=\"twitter:label1\" content=\"Gesch\u00e4tzte Lesezeit\" \/>\n\t<meta name=\"twitter:data1\" content=\"1\u00a0Minute\" \/>\n<script type=\"application\/ld+json\" class=\"yoast-schema-graph\">{\"@context\":\"https:\\\/\\\/schema.org\",\"@graph\":[{\"@type\":\"WebPage\",\"@id\":\"https:\\\/\\\/repliquemangacine.fr\\\/collectors-et-goodies-game-of-thrones\\\/porte-cles-targaryen-game-of-thrones\\\/\",\"url\":\"https:\\\/\\\/repliquemangacine.fr\\\/collectors-et-goodies-game-of-thrones\\\/porte-cles-targaryen-game-of-thrones\\\/\",\"name\":\"Porte-cl\u00e9s Targaryen GOT - Objet collector Game of Thrones| RMC\",\"isPartOf\":{\"@id\":\"https:\\\/\\\/repliquemangacine.fr\\\/#website\"},\"primaryImageOfPage\":{\"@id\":\"https:\\\/\\\/repliquemangacine.fr\\\/collectors-et-goodies-game-of-thrones\\\/porte-cles-targaryen-game-of-thrones\\\/#primaryimage\"},\"image\":{\"@id\":\"https:\\\/\\\/repliquemangacine.fr\\\/collectors-et-goodies-game-of-thrones\\\/porte-cles-targaryen-game-of-thrones\\\/#primaryimage\"},\"thumbnailUrl\":\"https:\\\/\\\/repliquemangacine.fr\\\/wp-content\\\/uploads\\\/2023\\\/10\\\/2374-Porte-cles-Targaryen-Game-of-Thrones.jpg\",\"datePublished\":\"2017-10-29T15:39:25+00:00\",\"dateModified\":\"2026-02-19T19:47:29+00:00\",\"description\":\"D\u00e9couvrez ce Porte-cl\u00e9s Targaryen GOT au meilleur prix - Tout en m\u00e9tal imitation bronze - Embl\u00e8me en relief - Boite vitrine - Diam\u00e8tre : 5.5 cm\",\"breadcrumb\":{\"@id\":\"https:\\\/\\\/repliquemangacine.fr\\\/collectors-et-goodies-game-of-thrones\\\/porte-cles-targaryen-game-of-thrones\\\/#breadcrumb\"},\"inLanguage\":\"de\",\"potentialAction\":[{\"@type\":\"ReadAction\",\"target\":[\"https:\\\/\\\/repliquemangacine.fr\\\/collectors-et-goodies-game-of-thrones\\\/porte-cles-targaryen-game-of-thrones\\\/\"]}]},{\"@type\":\"ImageObject\",\"inLanguage\":\"de\",\"@id\":\"https:\\\/\\\/repliquemangacine.fr\\\/collectors-et-goodies-game-of-thrones\\\/porte-cles-targaryen-game-of-thrones\\\/#primaryimage\",\"url\":\"https:\\\/\\\/repliquemangacine.fr\\\/wp-content\\\/uploads\\\/2023\\\/10\\\/2374-Porte-cles-Targaryen-Game-of-Thrones.jpg\",\"contentUrl\":\"https:\\\/\\\/repliquemangacine.fr\\\/wp-content\\\/uploads\\\/2023\\\/10\\\/2374-Porte-cles-Targaryen-Game-of-Thrones.jpg\",\"width\":600,\"height\":600,\"caption\":\"Porte-cl\u00e9s Targaryen Game of Thrones\"},{\"@type\":\"BreadcrumbList\",\"@id\":\"https:\\\/\\\/repliquemangacine.fr\\\/collectors-et-goodies-game-of-thrones\\\/porte-cles-targaryen-game-of-thrones\\\/#breadcrumb\",\"itemListElement\":[{\"@type\":\"ListItem\",\"position\":1,\"name\":\"Accueil\",\"item\":\"https:\\\/\\\/repliquemangacine.fr\\\/\"},{\"@type\":\"ListItem\",\"position\":2,\"name\":\"Produits\",\"item\":\"https:\\\/\\\/repliquemangacine.fr\\\/boutique\\\/\"},{\"@type\":\"ListItem\",\"position\":3,\"name\":\"Porte cl\u00e9s Targaryen Game of Thrones\"}]},{\"@type\":\"WebSite\",\"@id\":\"https:\\\/\\\/repliquemangacine.fr\\\/#website\",\"url\":\"https:\\\/\\\/repliquemangacine.fr\\\/\",\"name\":\"R\u00e9plique Manga Cin\u00e9\",\"description\":\"\",\"publisher\":{\"@id\":\"https:\\\/\\\/repliquemangacine.fr\\\/#organization\"},\"potentialAction\":[{\"@type\":\"SearchAction\",\"target\":{\"@type\":\"EntryPoint\",\"urlTemplate\":\"https:\\\/\\\/repliquemangacine.fr\\\/?s={search_term_string}\"},\"query-input\":{\"@type\":\"PropertyValueSpecification\",\"valueRequired\":true,\"valueName\":\"search_term_string\"}}],\"inLanguage\":\"de\"},{\"@type\":\"Organization\",\"@id\":\"https:\\\/\\\/repliquemangacine.fr\\\/#organization\",\"name\":\"R\u00e9plique Manga Cin\u00e9\",\"url\":\"https:\\\/\\\/repliquemangacine.fr\\\/\",\"logo\":{\"@type\":\"ImageObject\",\"inLanguage\":\"de\",\"@id\":\"https:\\\/\\\/repliquemangacine.fr\\\/#\\\/schema\\\/logo\\\/image\\\/\",\"url\":\"https:\\\/\\\/repliquemangacine.fr\\\/wp-content\\\/uploads\\\/2023\\\/10\\\/RMC-500250.png\",\"contentUrl\":\"https:\\\/\\\/repliquemangacine.fr\\\/wp-content\\\/uploads\\\/2023\\\/10\\\/RMC-500250.png\",\"width\":500,\"height\":250,\"caption\":\"R\u00e9plique Manga Cin\u00e9\"},\"image\":{\"@id\":\"https:\\\/\\\/repliquemangacine.fr\\\/#\\\/schema\\\/logo\\\/image\\\/\"},\"sameAs\":[\"https:\\\/\\\/www.facebook.com\\\/RepliqueMangaCine\",\"https:\\\/\\\/www.instagram.com\\\/repliquemangacine.fr\\\/\"]}]}<\/script>\n<!-- \/ Yoast SEO plugin. -->","yoast_head_json":{"title":"GOT Targaryen Schl\u00fcsselanh\u00e4nger - Sammlerst\u00fcck Game of Thrones| RMC","description":"Entdecken Sie diesen Targaryen GOT Schl\u00fcsselanh\u00e4nger zum besten Preis - Ganz aus Metall mit Bronzeimitation - Emblem in Relief - Vitrinenbox - Durchmesser: 5.5 cm","robots":{"index":"index","follow":"follow","max-snippet":"max-snippet:-1","max-image-preview":"max-image-preview:large","max-video-preview":"max-video-preview:-1"},"canonical":"https:\/\/repliquemangacine.fr\/de\/sammlerstucke-und-game-of-thrones-goodies\/targaryen-schlusselanhanger-game-of-thrones\/","og_locale":"de_DE","og_type":"article","og_title":"Porte-cl\u00e9s Targaryen GOT - Objet collector Game of Thrones| RMC","og_description":"D\u00e9couvrez ce Porte-cl\u00e9s Targaryen GOT au meilleur prix - Tout en m\u00e9tal imitation bronze - Embl\u00e8me en relief - Boite vitrine - Diam\u00e8tre : 5.5 cm","og_url":"https:\/\/repliquemangacine.fr\/de\/sammlerstucke-und-game-of-thrones-goodies\/targaryen-schlusselanhanger-game-of-thrones\/","og_site_name":"R\u00e9plique Manga Cin\u00e9","article_publisher":"https:\/\/www.facebook.com\/RepliqueMangaCine","article_modified_time":"2026-02-19T19:47:29+00:00","og_image":[{"width":600,"height":600,"url":"https:\/\/repliquemangacine.fr\/wp-content\/uploads\/2023\/10\/2374-Porte-cles-Targaryen-Game-of-Thrones.jpg","type":"image\/jpeg"}],"twitter_card":"summary_large_image","twitter_misc":{"Gesch\u00e4tzte Lesezeit":"1\u00a0Minute"},"schema":{"@context":"https:\/\/schema.org","@graph":[{"@type":"WebPage","@id":"https:\/\/repliquemangacine.fr\/collectors-et-goodies-game-of-thrones\/porte-cles-targaryen-game-of-thrones\/","url":"https:\/\/repliquemangacine.fr\/collectors-et-goodies-game-of-thrones\/porte-cles-targaryen-game-of-thrones\/","name":"GOT Targaryen Schl\u00fcsselanh\u00e4nger - Sammlerst\u00fcck Game of Thrones| RMC","isPartOf":{"@id":"https:\/\/repliquemangacine.fr\/#website"},"primaryImageOfPage":{"@id":"https:\/\/repliquemangacine.fr\/collectors-et-goodies-game-of-thrones\/porte-cles-targaryen-game-of-thrones\/#primaryimage"},"image":{"@id":"https:\/\/repliquemangacine.fr\/collectors-et-goodies-game-of-thrones\/porte-cles-targaryen-game-of-thrones\/#primaryimage"},"thumbnailUrl":"https:\/\/repliquemangacine.fr\/wp-content\/uploads\/2023\/10\/2374-Porte-cles-Targaryen-Game-of-Thrones.jpg","datePublished":"2017-10-29T15:39:25+00:00","dateModified":"2026-02-19T19:47:29+00:00","description":"Entdecken Sie diesen Targaryen GOT Schl\u00fcsselanh\u00e4nger zum besten Preis - Ganz aus Metall mit Bronzeimitation - Emblem in Relief - Vitrinenbox - Durchmesser: 5.5 cm","breadcrumb":{"@id":"https:\/\/repliquemangacine.fr\/collectors-et-goodies-game-of-thrones\/porte-cles-targaryen-game-of-thrones\/#breadcrumb"},"inLanguage":"de","potentialAction":[{"@type":"ReadAction","target":["https:\/\/repliquemangacine.fr\/collectors-et-goodies-game-of-thrones\/porte-cles-targaryen-game-of-thrones\/"]}]},{"@type":"ImageObject","inLanguage":"de","@id":"https:\/\/repliquemangacine.fr\/collectors-et-goodies-game-of-thrones\/porte-cles-targaryen-game-of-thrones\/#primaryimage","url":"https:\/\/repliquemangacine.fr\/wp-content\/uploads\/2023\/10\/2374-Porte-cles-Targaryen-Game-of-Thrones.jpg","contentUrl":"https:\/\/repliquemangacine.fr\/wp-content\/uploads\/2023\/10\/2374-Porte-cles-Targaryen-Game-of-Thrones.jpg","width":600,"height":600,"caption":"Porte-cl\u00e9s Targaryen Game of Thrones"},{"@type":"BreadcrumbList","@id":"https:\/\/repliquemangacine.fr\/collectors-et-goodies-game-of-thrones\/porte-cles-targaryen-game-of-thrones\/#breadcrumb","itemListElement":[{"@type":"ListItem","position":1,"name":"Accueil","item":"https:\/\/repliquemangacine.fr\/"},{"@type":"ListItem","position":2,"name":"Produits","item":"https:\/\/repliquemangacine.fr\/boutique\/"},{"@type":"ListItem","position":3,"name":"Porte cl\u00e9s Targaryen Game of Thrones"}]},{"@type":"WebSite","@id":"https:\/\/repliquemangacine.fr\/#website","url":"https:\/\/repliquemangacine.fr\/","name":"R\u00e9plique Manga Cin\u00e9","description":"","publisher":{"@id":"https:\/\/repliquemangacine.fr\/#organization"},"potentialAction":[{"@type":"SearchAction","target":{"@type":"EntryPoint","urlTemplate":"https:\/\/repliquemangacine.fr\/?s={search_term_string}"},"query-input":{"@type":"PropertyValueSpecification","valueRequired":true,"valueName":"search_term_string"}}],"inLanguage":"de"},{"@type":"Organization","@id":"https:\/\/repliquemangacine.fr\/#organization","name":"R\u00e9plique Manga Cin\u00e9","url":"https:\/\/repliquemangacine.fr\/","logo":{"@type":"ImageObject","inLanguage":"de","@id":"https:\/\/repliquemangacine.fr\/#\/schema\/logo\/image\/","url":"https:\/\/repliquemangacine.fr\/wp-content\/uploads\/2023\/10\/RMC-500250.png","contentUrl":"https:\/\/repliquemangacine.fr\/wp-content\/uploads\/2023\/10\/RMC-500250.png","width":500,"height":250,"caption":"R\u00e9plique Manga Cin\u00e9"},"image":{"@id":"https:\/\/repliquemangacine.fr\/#\/schema\/logo\/image\/"},"sameAs":["https:\/\/www.facebook.com\/RepliqueMangaCine","https:\/\/www.instagram.com\/repliquemangacine.fr\/"]}]}},"_links":{"self":[{"href":"https:\/\/repliquemangacine.fr\/de\/wp-json\/wp\/v2\/product\/27602","targetHints":{"allow":["GET"]}}],"collection":[{"href":"https:\/\/repliquemangacine.fr\/de\/wp-json\/wp\/v2\/product"}],"about":[{"href":"https:\/\/repliquemangacine.fr\/de\/wp-json\/wp\/v2\/types\/product"}],"wp:featuredmedia":[{"embeddable":true,"href":"https:\/\/repliquemangacine.fr\/de\/wp-json\/wp\/v2\/media\/27603"}],"wp:attachment":[{"href":"https:\/\/repliquemangacine.fr\/de\/wp-json\/wp\/v2\/media?parent=27602"}],"wp:term":[{"taxonomy":"product_brand","embeddable":true,"href":"https:\/\/repliquemangacine.fr\/de\/wp-json\/wp\/v2\/product_brand?post=27602"},{"taxonomy":"product_cat","embeddable":true,"href":"https:\/\/repliquemangacine.fr\/de\/wp-json\/wp\/v2\/product_cat?post=27602"},{"taxonomy":"product_tag","embeddable":true,"href":"https:\/\/repliquemangacine.fr\/de\/wp-json\/wp\/v2\/product_tag?post=27602"}],"curies":[{"name":"wp","href":"https:\/\/api.w.org\/{rel}","templated":true}]}}