





{"id":27575,"date":"2017-10-24T21:37:46","date_gmt":"2017-10-24T19:37:46","guid":{"rendered":"https:\/\/repliquemangacine.fr\/?post_type=product&#038;p=27575"},"modified":"2026-04-09T19:20:26","modified_gmt":"2026-04-09T17:20:26","slug":"box-5-schwerter-briefoffner-game-of-thrones","status":"publish","type":"product","link":"https:\/\/repliquemangacine.fr\/de\/epees-game-of-thrones\/coffret-5-epees-ouvre-lettres-game-of-thrones\/","title":{"rendered":"Sammlerbox mit 5 Papierschnitten Game of Thrones"},"content":{"rendered":"<h2>Game of Thrones Schwerter Brief\u00f6ffner-Set.<\/h2>\n<p>Zu Beginn der Box <strong>Game of Thrones-Brief\u00f6ffner<\/strong> wird mit 5 Schwertern des Hauses Stark in einer Sammlerbox mit dem Emblem der Serie geliefert.<\/p>\n<p>Das Haus Stark ist eines der gro\u00dfen H\u00e4user in Westeros. Von ihrem Hauptsitz Winterfell aus, einer Burg im Zentrum der Region, herrschen sie \u00fcber die weite Region des Nordens. Ihr Motto lautet \"Der Winter kommt\", was wie eine Warnung klingt. Das Wappen des Hauses Stark stellt einen riesigen Wolf dar.<\/p>\n<p>Diese Box enth\u00e4lt die Schwerter von :<\/p>\n<ul>\n<li>Jon Snow gro\u00dfklauen Romanversion<\/li>\n<li>Arya Romanversion<\/li>\n<li>Eddard Stark Romanversion<\/li>\n<li>Robb Stark Version Fernsehserie<\/li>\n<li>Eddard Stark Version Fernsehserie<\/li>\n<\/ul>\n<h2>Ihr Game of Thrones-Brief\u00f6ffner-Set zum besten Preis.<\/h2>\n<p>Wir bieten Ihnen alle Repliken von Schwertern und anderen Sammlerst\u00fccken aus der Serie Game of Thrones.<\/p>\n<p>Zun\u00e4chst einmal,<\/p>\n<ul>\n<li>L'<a href=\"https:\/\/repliquemangacine.fr\/de\/game-of-thrones\/jon-snow-schwert-grose-kralle-game-of-thrones\/\">Schwert von Jon Snow<\/a> Grand-Griffe als Roman oder Serie.<\/li>\n<li>Aber auch die Dracheneier von Daenerys in offizieller Lizenz <a href=\"https:\/\/www.noblecollection.fr\/\" target=\"_blank\" rel=\"noopener noreferrer\">Noble Collection<\/a>.<\/li>\n<li>Sowie die <a href=\"https:\/\/repliquemangacine.fr\/de\/schwerter-game-of-thrones\/replica-dolch-catspaw-game-of-thrones\/\">Catspaw-Dolch<\/a> den Arya benutzt, um den Nachtk\u00f6nig zu t\u00f6ten. Abschlie\u00dfend sei noch erw\u00e4hnt, dass dieser Dolch \u00fcbrigens in Episode 4 von House of Dragon zu sehen ist.<\/li>\n<\/ul>\n<p>Deshalb ist dies eine tolle Geschenkidee f\u00fcr Fans der Serie Game of Thrones.<\/p>\n<p>Zusammenfassend k\u00f6nnen Sie dieses Set mit 5 Schwertern verwenden <strong>Game of Thrones-Brief\u00f6ffner<\/strong> f\u00fcr Ihre Post. Vor allem aber ist es ein Sammlerst\u00fcck.<\/p>\n<h2>Wie pflegt man die Klinge seines Schwertes Maison Stark?<\/h2>\n<p>Sammlungs- und Dekorationsschwerter werden in vereinfachter Form hergestellt und zusammengebaut. Da sie zu Dekorationszwecken verwendet werden, fehlen ihnen die Sicherheitselemente, die ein japanisches Schwert f\u00fcr Trainingszwecke aufweisen muss.<\/p>\n<p>Allerdings sind Ihre <strong>Game of Thrones-Brief\u00f6ffner<\/strong> haben eine Stahlklinge, die gepflegt werden muss, damit sie nicht mit der Zeit abgenutzt wird. Denn wenn du dein Katana ausstellst, werden deine Freunde neugierig sein, die Klinge zu sehen und sie zu ber\u00fchren. Hier ist Vorsicht geboten, denn Sie sollten wissen, dass die S\u00e4ure der Finger dem Stahl unabh\u00e4ngig von seiner Qualit\u00e4t sehr schadet.<\/p>\n<p>Wenn dies jedoch passiert, keine Panik, Sie brauchen nur ein Tuch, das mit etwas \u00d6l befeuchtet ist, und wischen die Fingerabdr\u00fccke ab. Wenn Sie dies tun, werden Sie Ihr Schwert sehr lange behalten.<\/p>\n<p>&nbsp;<\/p>","protected":false},"excerpt":{"rendered":"<p>Sammlerset mit 5 Game of Thrones-Brief\u00f6ffnern.<\/p>\n<ul>\n<li>Vollst\u00e4ndig aus rostfreiem Stahl, der die Stark-Schwerter darstellt.<\/li>\n<li>In der Romanausgabe das Schwert von Jon Snow, Eddard und Arya Stark.<\/li>\n<li>In der Serienversion: Schwert von Robb und Eddard Stark.<\/li>\n<li>Box mit dem Logo der Serie.<\/li>\n<li>Jeder Brief\u00f6ffner ist zwischen 20 und 22 cm gro\u00df.<\/li>\n<\/ul>","protected":false},"featured_media":27576,"template":"","meta":[],"product_brand":[896],"product_cat":[81,72,24,47],"product_tag":[],"class_list":{"0":"post-27575","1":"product","2":"type-product","3":"status-publish","4":"has-post-thumbnail","6":"product_brand-replique-manga-cine","7":"product_cat-collectors-et-goodies-game-of-thrones","8":"product_cat-epees-game-of-thrones","9":"product_cat-films-series-tv-vente-de-katana-epee-et-produits-derives","10":"product_cat-game-of-thrones","12":"first","13":"instock","14":"taxable","15":"shipping-taxable","16":"purchasable","17":"product-type-simple"},"yoast_head":"<!-- This site is optimized with the Yoast SEO plugin v27.4 - https:\/\/yoast.com\/product\/yoast-seo-wordpress\/ -->\n<title>Ouvre-lettres Game of Thrones - Boutique en ligne | RMC<\/title>\n<meta name=\"description\" content=\"Offrez-lui ! Ce coffret 5 \u00e9p\u00e9es Ouvre-lettres Game of Thrones au meilleur prix - Tout en acier inox - Coffret collector - Longueur de chaque \u00e9p\u00e9e : 22 cm\" \/>\n<meta name=\"robots\" content=\"index, follow, max-snippet:-1, max-image-preview:large, max-video-preview:-1\" \/>\n<link rel=\"canonical\" href=\"https:\/\/repliquemangacine.fr\/de\/schwerter-game-of-thrones\/box-5-schwerter-briefoffner-game-of-thrones\/\" \/>\n<meta property=\"og:locale\" content=\"de_DE\" \/>\n<meta property=\"og:type\" content=\"article\" \/>\n<meta property=\"og:title\" content=\"Ouvre-lettres Game of Thrones - Boutique en ligne | RMC\" \/>\n<meta property=\"og:description\" content=\"Offrez-lui ! Ce coffret 5 \u00e9p\u00e9es Ouvre-lettres Game of Thrones au meilleur prix - Tout en acier inox - Coffret collector - Longueur de chaque \u00e9p\u00e9e : 22 cm\" \/>\n<meta property=\"og:url\" content=\"https:\/\/repliquemangacine.fr\/de\/schwerter-game-of-thrones\/box-5-schwerter-briefoffner-game-of-thrones\/\" \/>\n<meta property=\"og:site_name\" content=\"R\u00e9plique Manga Cin\u00e9\" \/>\n<meta property=\"article:publisher\" content=\"https:\/\/www.facebook.com\/RepliqueMangaCine\" \/>\n<meta property=\"article:modified_time\" content=\"2026-04-09T17:20:26+00:00\" \/>\n<meta property=\"og:image\" content=\"https:\/\/repliquemangacine.fr\/wp-content\/uploads\/2023\/10\/2352-Coffret-collector-de-5-coupe-papiers-Game-of-Thrones.jpg\" \/>\n\t<meta property=\"og:image:width\" content=\"600\" \/>\n\t<meta property=\"og:image:height\" content=\"600\" \/>\n\t<meta property=\"og:image:type\" content=\"image\/jpeg\" \/>\n<meta name=\"twitter:card\" content=\"summary_large_image\" \/>\n<meta name=\"twitter:label1\" content=\"Gesch\u00e4tzte Lesezeit\" \/>\n\t<meta name=\"twitter:data1\" content=\"1\u00a0Minute\" \/>\n<script type=\"application\/ld+json\" class=\"yoast-schema-graph\">{\"@context\":\"https:\\\/\\\/schema.org\",\"@graph\":[{\"@type\":\"WebPage\",\"@id\":\"https:\\\/\\\/repliquemangacine.fr\\\/epees-game-of-thrones\\\/coffret-5-epees-ouvre-lettres-game-of-thrones\\\/\",\"url\":\"https:\\\/\\\/repliquemangacine.fr\\\/epees-game-of-thrones\\\/coffret-5-epees-ouvre-lettres-game-of-thrones\\\/\",\"name\":\"Ouvre-lettres Game of Thrones - Boutique en ligne | RMC\",\"isPartOf\":{\"@id\":\"https:\\\/\\\/repliquemangacine.fr\\\/#website\"},\"primaryImageOfPage\":{\"@id\":\"https:\\\/\\\/repliquemangacine.fr\\\/epees-game-of-thrones\\\/coffret-5-epees-ouvre-lettres-game-of-thrones\\\/#primaryimage\"},\"image\":{\"@id\":\"https:\\\/\\\/repliquemangacine.fr\\\/epees-game-of-thrones\\\/coffret-5-epees-ouvre-lettres-game-of-thrones\\\/#primaryimage\"},\"thumbnailUrl\":\"https:\\\/\\\/repliquemangacine.fr\\\/wp-content\\\/uploads\\\/2023\\\/10\\\/2352-Coffret-collector-de-5-coupe-papiers-Game-of-Thrones.jpg\",\"datePublished\":\"2017-10-24T19:37:46+00:00\",\"dateModified\":\"2026-04-09T17:20:26+00:00\",\"description\":\"Offrez-lui ! Ce coffret 5 \u00e9p\u00e9es Ouvre-lettres Game of Thrones au meilleur prix - Tout en acier inox - Coffret collector - Longueur de chaque \u00e9p\u00e9e : 22 cm\",\"breadcrumb\":{\"@id\":\"https:\\\/\\\/repliquemangacine.fr\\\/epees-game-of-thrones\\\/coffret-5-epees-ouvre-lettres-game-of-thrones\\\/#breadcrumb\"},\"inLanguage\":\"de\",\"potentialAction\":[{\"@type\":\"ReadAction\",\"target\":[\"https:\\\/\\\/repliquemangacine.fr\\\/epees-game-of-thrones\\\/coffret-5-epees-ouvre-lettres-game-of-thrones\\\/\"]}]},{\"@type\":\"ImageObject\",\"inLanguage\":\"de\",\"@id\":\"https:\\\/\\\/repliquemangacine.fr\\\/epees-game-of-thrones\\\/coffret-5-epees-ouvre-lettres-game-of-thrones\\\/#primaryimage\",\"url\":\"https:\\\/\\\/repliquemangacine.fr\\\/wp-content\\\/uploads\\\/2023\\\/10\\\/2352-Coffret-collector-de-5-coupe-papiers-Game-of-Thrones.jpg\",\"contentUrl\":\"https:\\\/\\\/repliquemangacine.fr\\\/wp-content\\\/uploads\\\/2023\\\/10\\\/2352-Coffret-collector-de-5-coupe-papiers-Game-of-Thrones.jpg\",\"width\":600,\"height\":600,\"caption\":\"Coffret collector de 5 coupe papiers Game of Thrones\"},{\"@type\":\"BreadcrumbList\",\"@id\":\"https:\\\/\\\/repliquemangacine.fr\\\/epees-game-of-thrones\\\/coffret-5-epees-ouvre-lettres-game-of-thrones\\\/#breadcrumb\",\"itemListElement\":[{\"@type\":\"ListItem\",\"position\":1,\"name\":\"Accueil\",\"item\":\"https:\\\/\\\/repliquemangacine.fr\\\/\"},{\"@type\":\"ListItem\",\"position\":2,\"name\":\"Produits\",\"item\":\"https:\\\/\\\/repliquemangacine.fr\\\/boutique\\\/\"},{\"@type\":\"ListItem\",\"position\":3,\"name\":\"Coffret collector de 5 coupe papiers Game of Thrones\"}]},{\"@type\":\"WebSite\",\"@id\":\"https:\\\/\\\/repliquemangacine.fr\\\/#website\",\"url\":\"https:\\\/\\\/repliquemangacine.fr\\\/\",\"name\":\"R\u00e9plique Manga Cin\u00e9\",\"description\":\"\",\"publisher\":{\"@id\":\"https:\\\/\\\/repliquemangacine.fr\\\/#organization\"},\"potentialAction\":[{\"@type\":\"SearchAction\",\"target\":{\"@type\":\"EntryPoint\",\"urlTemplate\":\"https:\\\/\\\/repliquemangacine.fr\\\/?s={search_term_string}\"},\"query-input\":{\"@type\":\"PropertyValueSpecification\",\"valueRequired\":true,\"valueName\":\"search_term_string\"}}],\"inLanguage\":\"de\"},{\"@type\":\"Organization\",\"@id\":\"https:\\\/\\\/repliquemangacine.fr\\\/#organization\",\"name\":\"R\u00e9plique Manga Cin\u00e9\",\"url\":\"https:\\\/\\\/repliquemangacine.fr\\\/\",\"logo\":{\"@type\":\"ImageObject\",\"inLanguage\":\"de\",\"@id\":\"https:\\\/\\\/repliquemangacine.fr\\\/#\\\/schema\\\/logo\\\/image\\\/\",\"url\":\"https:\\\/\\\/repliquemangacine.fr\\\/wp-content\\\/uploads\\\/2023\\\/10\\\/RMC-500250.png\",\"contentUrl\":\"https:\\\/\\\/repliquemangacine.fr\\\/wp-content\\\/uploads\\\/2023\\\/10\\\/RMC-500250.png\",\"width\":500,\"height\":250,\"caption\":\"R\u00e9plique Manga Cin\u00e9\"},\"image\":{\"@id\":\"https:\\\/\\\/repliquemangacine.fr\\\/#\\\/schema\\\/logo\\\/image\\\/\"},\"sameAs\":[\"https:\\\/\\\/www.facebook.com\\\/RepliqueMangaCine\",\"https:\\\/\\\/www.instagram.com\\\/repliquemangacine.fr\\\/\"]}]}<\/script>\n<!-- \/ Yoast SEO plugin. -->","yoast_head_json":{"title":"Game of Thrones Brief\u00f6ffner - Online Shop | RMC","description":"Schenken Sie es ihr! Diese Box 5 Schwerter Brief\u00f6ffner Game of Thrones zum besten Preis - Alles aus Edelstahl - Sammlerbox - L\u00e4nge jedes Schwertes: 22 cm","robots":{"index":"index","follow":"follow","max-snippet":"max-snippet:-1","max-image-preview":"max-image-preview:large","max-video-preview":"max-video-preview:-1"},"canonical":"https:\/\/repliquemangacine.fr\/de\/schwerter-game-of-thrones\/box-5-schwerter-briefoffner-game-of-thrones\/","og_locale":"de_DE","og_type":"article","og_title":"Ouvre-lettres Game of Thrones - Boutique en ligne | RMC","og_description":"Offrez-lui ! Ce coffret 5 \u00e9p\u00e9es Ouvre-lettres Game of Thrones au meilleur prix - Tout en acier inox - Coffret collector - Longueur de chaque \u00e9p\u00e9e : 22 cm","og_url":"https:\/\/repliquemangacine.fr\/de\/schwerter-game-of-thrones\/box-5-schwerter-briefoffner-game-of-thrones\/","og_site_name":"R\u00e9plique Manga Cin\u00e9","article_publisher":"https:\/\/www.facebook.com\/RepliqueMangaCine","article_modified_time":"2026-04-09T17:20:26+00:00","og_image":[{"width":600,"height":600,"url":"https:\/\/repliquemangacine.fr\/wp-content\/uploads\/2023\/10\/2352-Coffret-collector-de-5-coupe-papiers-Game-of-Thrones.jpg","type":"image\/jpeg"}],"twitter_card":"summary_large_image","twitter_misc":{"Gesch\u00e4tzte Lesezeit":"1\u00a0Minute"},"schema":{"@context":"https:\/\/schema.org","@graph":[{"@type":"WebPage","@id":"https:\/\/repliquemangacine.fr\/epees-game-of-thrones\/coffret-5-epees-ouvre-lettres-game-of-thrones\/","url":"https:\/\/repliquemangacine.fr\/epees-game-of-thrones\/coffret-5-epees-ouvre-lettres-game-of-thrones\/","name":"Game of Thrones Brief\u00f6ffner - Online Shop | RMC","isPartOf":{"@id":"https:\/\/repliquemangacine.fr\/#website"},"primaryImageOfPage":{"@id":"https:\/\/repliquemangacine.fr\/epees-game-of-thrones\/coffret-5-epees-ouvre-lettres-game-of-thrones\/#primaryimage"},"image":{"@id":"https:\/\/repliquemangacine.fr\/epees-game-of-thrones\/coffret-5-epees-ouvre-lettres-game-of-thrones\/#primaryimage"},"thumbnailUrl":"https:\/\/repliquemangacine.fr\/wp-content\/uploads\/2023\/10\/2352-Coffret-collector-de-5-coupe-papiers-Game-of-Thrones.jpg","datePublished":"2017-10-24T19:37:46+00:00","dateModified":"2026-04-09T17:20:26+00:00","description":"Schenken Sie es ihr! Diese Box 5 Schwerter Brief\u00f6ffner Game of Thrones zum besten Preis - Alles aus Edelstahl - Sammlerbox - L\u00e4nge jedes Schwertes: 22 cm","breadcrumb":{"@id":"https:\/\/repliquemangacine.fr\/epees-game-of-thrones\/coffret-5-epees-ouvre-lettres-game-of-thrones\/#breadcrumb"},"inLanguage":"de","potentialAction":[{"@type":"ReadAction","target":["https:\/\/repliquemangacine.fr\/epees-game-of-thrones\/coffret-5-epees-ouvre-lettres-game-of-thrones\/"]}]},{"@type":"ImageObject","inLanguage":"de","@id":"https:\/\/repliquemangacine.fr\/epees-game-of-thrones\/coffret-5-epees-ouvre-lettres-game-of-thrones\/#primaryimage","url":"https:\/\/repliquemangacine.fr\/wp-content\/uploads\/2023\/10\/2352-Coffret-collector-de-5-coupe-papiers-Game-of-Thrones.jpg","contentUrl":"https:\/\/repliquemangacine.fr\/wp-content\/uploads\/2023\/10\/2352-Coffret-collector-de-5-coupe-papiers-Game-of-Thrones.jpg","width":600,"height":600,"caption":"Coffret collector de 5 coupe papiers Game of Thrones"},{"@type":"BreadcrumbList","@id":"https:\/\/repliquemangacine.fr\/epees-game-of-thrones\/coffret-5-epees-ouvre-lettres-game-of-thrones\/#breadcrumb","itemListElement":[{"@type":"ListItem","position":1,"name":"Accueil","item":"https:\/\/repliquemangacine.fr\/"},{"@type":"ListItem","position":2,"name":"Produits","item":"https:\/\/repliquemangacine.fr\/boutique\/"},{"@type":"ListItem","position":3,"name":"Coffret collector de 5 coupe papiers Game of Thrones"}]},{"@type":"WebSite","@id":"https:\/\/repliquemangacine.fr\/#website","url":"https:\/\/repliquemangacine.fr\/","name":"R\u00e9plique Manga Cin\u00e9","description":"","publisher":{"@id":"https:\/\/repliquemangacine.fr\/#organization"},"potentialAction":[{"@type":"SearchAction","target":{"@type":"EntryPoint","urlTemplate":"https:\/\/repliquemangacine.fr\/?s={search_term_string}"},"query-input":{"@type":"PropertyValueSpecification","valueRequired":true,"valueName":"search_term_string"}}],"inLanguage":"de"},{"@type":"Organization","@id":"https:\/\/repliquemangacine.fr\/#organization","name":"R\u00e9plique Manga Cin\u00e9","url":"https:\/\/repliquemangacine.fr\/","logo":{"@type":"ImageObject","inLanguage":"de","@id":"https:\/\/repliquemangacine.fr\/#\/schema\/logo\/image\/","url":"https:\/\/repliquemangacine.fr\/wp-content\/uploads\/2023\/10\/RMC-500250.png","contentUrl":"https:\/\/repliquemangacine.fr\/wp-content\/uploads\/2023\/10\/RMC-500250.png","width":500,"height":250,"caption":"R\u00e9plique Manga Cin\u00e9"},"image":{"@id":"https:\/\/repliquemangacine.fr\/#\/schema\/logo\/image\/"},"sameAs":["https:\/\/www.facebook.com\/RepliqueMangaCine","https:\/\/www.instagram.com\/repliquemangacine.fr\/"]}]}},"_links":{"self":[{"href":"https:\/\/repliquemangacine.fr\/de\/wp-json\/wp\/v2\/product\/27575","targetHints":{"allow":["GET"]}}],"collection":[{"href":"https:\/\/repliquemangacine.fr\/de\/wp-json\/wp\/v2\/product"}],"about":[{"href":"https:\/\/repliquemangacine.fr\/de\/wp-json\/wp\/v2\/types\/product"}],"wp:featuredmedia":[{"embeddable":true,"href":"https:\/\/repliquemangacine.fr\/de\/wp-json\/wp\/v2\/media\/27576"}],"wp:attachment":[{"href":"https:\/\/repliquemangacine.fr\/de\/wp-json\/wp\/v2\/media?parent=27575"}],"wp:term":[{"taxonomy":"product_brand","embeddable":true,"href":"https:\/\/repliquemangacine.fr\/de\/wp-json\/wp\/v2\/product_brand?post=27575"},{"taxonomy":"product_cat","embeddable":true,"href":"https:\/\/repliquemangacine.fr\/de\/wp-json\/wp\/v2\/product_cat?post=27575"},{"taxonomy":"product_tag","embeddable":true,"href":"https:\/\/repliquemangacine.fr\/de\/wp-json\/wp\/v2\/product_tag?post=27575"}],"curies":[{"name":"wp","href":"https:\/\/api.w.org\/{rel}","templated":true}]}}