





{"id":27549,"date":"2017-10-21T19:44:59","date_gmt":"2017-10-21T17:44:59","guid":{"rendered":"https:\/\/repliquemangacine.fr\/?post_type=product&#038;p=27549"},"modified":"2026-04-26T01:39:50","modified_gmt":"2026-04-25T23:39:50","slug":"zusammen-zwei-romische-gladius","status":"publish","type":"product","link":"https:\/\/repliquemangacine.fr\/de\/epees-glaives-antique\/ensemble-deux-glaive-romain\/","title":{"rendered":"Set aus zwei r\u00f6mischen Schwertern"},"content":{"rendered":"<h2>Set aus zwei r\u00f6mischen Schwertern<\/h2>\n<p>Zu Beginn wird die<strong>Set aus zwei r\u00f6mischen Schwertern<\/strong>ist vom Film Spartacus inspiriert. Gladius ist ein Kurzschwert, eine Waffe der r\u00f6mischen Legion\u00e4re. Schwert des Tiberius<\/p>\n<p>Leider ist \u00fcber die Entwicklung des Gladius in den letzten vier Jahrhunderten vor der christlichen \u00c4ra wenig bis gar nichts bekannt. Die r\u00f6mischen Schwerter aus arch\u00e4ologischen Fundst\u00fccken stammen erst aus dem ersten Jahrhundert vor Christus.<\/p>\n<p>Das einzige Merkmal, das ihre Verwandtschaft mit der r\u00f6mischen Gladius best\u00e4tigt, ist die Tatsache, dass sie genau die gleiche Art von Scheide haben. Da die R\u00f6mer die vier Befestigungsringe beibehielten.<\/p>\n<p>Dieses Set aus zwei r\u00f6mischen Schwertern ist nur zu Dekorationszwecken gedacht, es ist keinesfalls f\u00fcr die Nachstellung von K\u00e4mpfen der damaligen Zeit geeignet.<\/p>\n<h2>Ihr Set aus zwei r\u00f6mischen Schwertern zum besten Preis.<\/h2>\n<p>Wir bieten Ihnen eine gro\u00dfe Auswahl an Schwertern und Helmen aus der Zeit der Antike.<\/p>\n<p>Zun\u00e4chst einmal,<\/p>\n<ul>\n<li>Die <a href=\"https:\/\/repliquemangacine.fr\/de\/antike-waffen\/romisches-gladius-schwert-julius-cesar-rot\/\">schwert von Julius c\u00e4sar<\/a> in ihrer schwarzen oder bordeauxroten Etuiversion.<\/li>\n<li>Es gibt auch das Gladius Typ Pompeji der Marke <a href=\"https:\/\/deepeeka.in\" target=\"_blank\" rel=\"noopener noreferrer\">Deepeeka<\/a>.<\/li>\n<li>Sowie das <a href=\"https:\/\/repliquemangacine.fr\/de\/antike-waffen\/korinthischer-helm-mit-krete\/\">griechisch-korinthischer Helm<\/a> mit seinem Kamm.<\/li>\n<li>Und noch viel mehr gibt es in unserem Online-Shop zu entdecken!<\/li>\n<\/ul>\n<p>Deshalb sind hier tolle Geschenkideen f\u00fcr alle, die sich f\u00fcr die Antike begeistern.<\/p>\n<p>Zusammenfassend l\u00e4sst sich sagen, dass Sie dieses <strong>Set aus zwei r\u00f6mischen Schwertern<\/strong> f\u00fcr Ihre historischen Rekonstruktionen oder Themenabende. Vor allem aber ist es ein Sammler- und Dekorationsst\u00fcck.<\/p>\n<h2>Wie pflegt man die Klinge seines antiken Schwertes?<\/h2>\n<p>Sammlungs- und Dekorationsschwerter werden in vereinfachter Form hergestellt und zusammengebaut. Da sie zu Dekorationszwecken verwendet werden, fehlen ihnen die Sicherheitselemente, die ein japanisches Schwert f\u00fcr Trainingszwecke aufweisen muss.<\/p>\n<p>Allerdings ist Ihr <strong>Set aus zwei r\u00f6mischen Schwertern<\/strong> zu einer Stahlklinge, die gepflegt werden muss, damit sie nicht mit der Zeit abgenutzt wird. Denn wenn du dein Katana ausstellst, werden deine Freunde neugierig sein, die Klinge zu sehen und sie zu ber\u00fchren. Hier ist Vorsicht geboten, denn Sie sollten wissen, dass die S\u00e4ure der Finger dem Stahl unabh\u00e4ngig von seiner Qualit\u00e4t sehr schadet.<\/p>\n<p>Wenn dies jedoch passiert, keine Panik, Sie brauchen nur ein Tuch, das mit etwas \u00d6l befeuchtet ist, und wischen die Fingerabdr\u00fccke ab. Wenn Sie dies tun, werden Sie Ihr Schwert sehr lange behalten.<\/p>","protected":false},"excerpt":{"rendered":"<p>Set aus zwei r\u00f6mischen Schwertern, die vom Film Spartacus inspiriert wurden.<\/p>\n<ul>\n<li>Vorgeschliffene, nicht scharfe Klingen aus 440er Stahl.<\/li>\n<li>Brauner ABS-Griff.<\/li>\n<li>Schutzb\u00fcgel und Knauf aus ABS mit Metalldekor.<\/li>\n<li>Cordura-Scheide mit Riemen.<\/li>\n<li>L\u00e4nge der Klinge: 46.5 cm - Gesamtl\u00e4nge: 66 cm<\/li>\n<li>Gewicht jedes Schwertes: 600 grs<\/li>\n<\/ul>","protected":false},"featured_media":27550,"template":"","meta":[],"product_brand":[896],"product_cat":[31,25,73,44,26],"product_tag":[],"class_list":{"0":"post-27549","1":"product","2":"type-product","3":"status-publish","4":"has-post-thumbnail","6":"product_brand-replique-manga-cine","7":"product_cat-armes-antiques","8":"product_cat-armes-historiques","9":"product_cat-epees-glaives-antique","10":"product_cat-epees-et-dagues-fantasy","11":"product_cat-katana-epee","13":"first","14":"instock","15":"taxable","16":"shipping-taxable","17":"purchasable","18":"product-type-simple"},"yoast_head":"<!-- This site is optimized with the Yoast SEO plugin v27.5 - https:\/\/yoast.com\/product\/yoast-seo-wordpress\/ -->\n<title>Ensemble deux glaives Romain - Vente \u00e9p\u00e9e Antique | RMC<\/title>\n<meta name=\"description\" content=\"Offrez-lui cet Ensemble de deux glaives Romain au meilleur prix - Lames acier pr\u00e9-aff\u00fbt\u00e9es - Fourreau noir - Longueur total de chaque \u00e9p\u00e9e : 66 cm\" \/>\n<meta name=\"robots\" content=\"index, follow, max-snippet:-1, max-image-preview:large, max-video-preview:-1\" \/>\n<link rel=\"canonical\" href=\"https:\/\/repliquemangacine.fr\/de\/antike-schwerter\/zusammen-zwei-romische-gladius\/\" \/>\n<meta property=\"og:locale\" content=\"de_DE\" \/>\n<meta property=\"og:type\" content=\"article\" \/>\n<meta property=\"og:title\" content=\"Ensemble deux glaives Romain - Vente \u00e9p\u00e9e Antique | RMC\" \/>\n<meta property=\"og:description\" content=\"Offrez-lui cet Ensemble de deux glaives Romain au meilleur prix - Lames acier pr\u00e9-aff\u00fbt\u00e9es - Fourreau noir - Longueur total de chaque \u00e9p\u00e9e : 66 cm\" \/>\n<meta property=\"og:url\" content=\"https:\/\/repliquemangacine.fr\/de\/antike-schwerter\/zusammen-zwei-romische-gladius\/\" \/>\n<meta property=\"og:site_name\" content=\"R\u00e9plique Manga Cin\u00e9\" \/>\n<meta property=\"article:publisher\" content=\"https:\/\/www.facebook.com\/RepliqueMangaCine\" \/>\n<meta property=\"article:modified_time\" content=\"2026-04-25T23:39:50+00:00\" \/>\n<meta property=\"og:image\" content=\"https:\/\/repliquemangacine.fr\/wp-content\/uploads\/2023\/10\/2333-Ensemble-deux-glaive-Romain.jpg\" \/>\n\t<meta property=\"og:image:width\" content=\"600\" \/>\n\t<meta property=\"og:image:height\" content=\"600\" \/>\n\t<meta property=\"og:image:type\" content=\"image\/jpeg\" \/>\n<meta name=\"twitter:card\" content=\"summary_large_image\" \/>\n<meta name=\"twitter:label1\" content=\"Gesch\u00e4tzte Lesezeit\" \/>\n\t<meta name=\"twitter:data1\" content=\"2\u00a0Minuten\" \/>\n<script type=\"application\/ld+json\" class=\"yoast-schema-graph\">{\"@context\":\"https:\\\/\\\/schema.org\",\"@graph\":[{\"@type\":\"WebPage\",\"@id\":\"https:\\\/\\\/repliquemangacine.fr\\\/epees-glaives-antique\\\/ensemble-deux-glaive-romain\\\/\",\"url\":\"https:\\\/\\\/repliquemangacine.fr\\\/epees-glaives-antique\\\/ensemble-deux-glaive-romain\\\/\",\"name\":\"Ensemble deux glaives Romain - Vente \u00e9p\u00e9e Antique | RMC\",\"isPartOf\":{\"@id\":\"https:\\\/\\\/repliquemangacine.fr\\\/#website\"},\"primaryImageOfPage\":{\"@id\":\"https:\\\/\\\/repliquemangacine.fr\\\/epees-glaives-antique\\\/ensemble-deux-glaive-romain\\\/#primaryimage\"},\"image\":{\"@id\":\"https:\\\/\\\/repliquemangacine.fr\\\/epees-glaives-antique\\\/ensemble-deux-glaive-romain\\\/#primaryimage\"},\"thumbnailUrl\":\"https:\\\/\\\/repliquemangacine.fr\\\/wp-content\\\/uploads\\\/2023\\\/10\\\/2333-Ensemble-deux-glaive-Romain.jpg\",\"datePublished\":\"2017-10-21T17:44:59+00:00\",\"dateModified\":\"2026-04-25T23:39:50+00:00\",\"description\":\"Offrez-lui cet Ensemble de deux glaives Romain au meilleur prix - Lames acier pr\u00e9-aff\u00fbt\u00e9es - Fourreau noir - Longueur total de chaque \u00e9p\u00e9e : 66 cm\",\"breadcrumb\":{\"@id\":\"https:\\\/\\\/repliquemangacine.fr\\\/epees-glaives-antique\\\/ensemble-deux-glaive-romain\\\/#breadcrumb\"},\"inLanguage\":\"de\",\"potentialAction\":[{\"@type\":\"ReadAction\",\"target\":[\"https:\\\/\\\/repliquemangacine.fr\\\/epees-glaives-antique\\\/ensemble-deux-glaive-romain\\\/\"]}]},{\"@type\":\"ImageObject\",\"inLanguage\":\"de\",\"@id\":\"https:\\\/\\\/repliquemangacine.fr\\\/epees-glaives-antique\\\/ensemble-deux-glaive-romain\\\/#primaryimage\",\"url\":\"https:\\\/\\\/repliquemangacine.fr\\\/wp-content\\\/uploads\\\/2023\\\/10\\\/2333-Ensemble-deux-glaive-Romain.jpg\",\"contentUrl\":\"https:\\\/\\\/repliquemangacine.fr\\\/wp-content\\\/uploads\\\/2023\\\/10\\\/2333-Ensemble-deux-glaive-Romain.jpg\",\"width\":600,\"height\":600,\"caption\":\"Ensemble deux glaives Romain\"},{\"@type\":\"BreadcrumbList\",\"@id\":\"https:\\\/\\\/repliquemangacine.fr\\\/epees-glaives-antique\\\/ensemble-deux-glaive-romain\\\/#breadcrumb\",\"itemListElement\":[{\"@type\":\"ListItem\",\"position\":1,\"name\":\"Accueil\",\"item\":\"https:\\\/\\\/repliquemangacine.fr\\\/\"},{\"@type\":\"ListItem\",\"position\":2,\"name\":\"Produits\",\"item\":\"https:\\\/\\\/repliquemangacine.fr\\\/boutique\\\/\"},{\"@type\":\"ListItem\",\"position\":3,\"name\":\"Ensemble deux glaives Romain\"}]},{\"@type\":\"WebSite\",\"@id\":\"https:\\\/\\\/repliquemangacine.fr\\\/#website\",\"url\":\"https:\\\/\\\/repliquemangacine.fr\\\/\",\"name\":\"R\u00e9plique Manga Cin\u00e9\",\"description\":\"\",\"publisher\":{\"@id\":\"https:\\\/\\\/repliquemangacine.fr\\\/#organization\"},\"potentialAction\":[{\"@type\":\"SearchAction\",\"target\":{\"@type\":\"EntryPoint\",\"urlTemplate\":\"https:\\\/\\\/repliquemangacine.fr\\\/?s={search_term_string}\"},\"query-input\":{\"@type\":\"PropertyValueSpecification\",\"valueRequired\":true,\"valueName\":\"search_term_string\"}}],\"inLanguage\":\"de\"},{\"@type\":\"Organization\",\"@id\":\"https:\\\/\\\/repliquemangacine.fr\\\/#organization\",\"name\":\"R\u00e9plique Manga Cin\u00e9\",\"url\":\"https:\\\/\\\/repliquemangacine.fr\\\/\",\"logo\":{\"@type\":\"ImageObject\",\"inLanguage\":\"de\",\"@id\":\"https:\\\/\\\/repliquemangacine.fr\\\/#\\\/schema\\\/logo\\\/image\\\/\",\"url\":\"https:\\\/\\\/repliquemangacine.fr\\\/wp-content\\\/uploads\\\/2023\\\/10\\\/RMC-500250.png\",\"contentUrl\":\"https:\\\/\\\/repliquemangacine.fr\\\/wp-content\\\/uploads\\\/2023\\\/10\\\/RMC-500250.png\",\"width\":500,\"height\":250,\"caption\":\"R\u00e9plique Manga Cin\u00e9\"},\"image\":{\"@id\":\"https:\\\/\\\/repliquemangacine.fr\\\/#\\\/schema\\\/logo\\\/image\\\/\"},\"sameAs\":[\"https:\\\/\\\/www.facebook.com\\\/RepliqueMangaCine\",\"https:\\\/\\\/www.instagram.com\\\/repliquemangacine.fr\\\/\"]}]}<\/script>\n<!-- \/ Yoast SEO plugin. -->","yoast_head_json":{"title":"Set aus zwei r\u00f6mischen Gladiven - Antike Schwerter Verkauf | RMC","description":"Schenken Sie ihr dieses Set aus zwei r\u00f6mischen Schwertern zum besten Preis - Vorgeschliffene Stahlklingen - Schwarze Scheide - Gesamtl\u00e4nge jedes Schwertes: 66 cm","robots":{"index":"index","follow":"follow","max-snippet":"max-snippet:-1","max-image-preview":"max-image-preview:large","max-video-preview":"max-video-preview:-1"},"canonical":"https:\/\/repliquemangacine.fr\/de\/antike-schwerter\/zusammen-zwei-romische-gladius\/","og_locale":"de_DE","og_type":"article","og_title":"Ensemble deux glaives Romain - Vente \u00e9p\u00e9e Antique | RMC","og_description":"Offrez-lui cet Ensemble de deux glaives Romain au meilleur prix - Lames acier pr\u00e9-aff\u00fbt\u00e9es - Fourreau noir - Longueur total de chaque \u00e9p\u00e9e : 66 cm","og_url":"https:\/\/repliquemangacine.fr\/de\/antike-schwerter\/zusammen-zwei-romische-gladius\/","og_site_name":"R\u00e9plique Manga Cin\u00e9","article_publisher":"https:\/\/www.facebook.com\/RepliqueMangaCine","article_modified_time":"2026-04-25T23:39:50+00:00","og_image":[{"width":600,"height":600,"url":"https:\/\/repliquemangacine.fr\/wp-content\/uploads\/2023\/10\/2333-Ensemble-deux-glaive-Romain.jpg","type":"image\/jpeg"}],"twitter_card":"summary_large_image","twitter_misc":{"Gesch\u00e4tzte Lesezeit":"2\u00a0Minuten"},"schema":{"@context":"https:\/\/schema.org","@graph":[{"@type":"WebPage","@id":"https:\/\/repliquemangacine.fr\/epees-glaives-antique\/ensemble-deux-glaive-romain\/","url":"https:\/\/repliquemangacine.fr\/epees-glaives-antique\/ensemble-deux-glaive-romain\/","name":"Set aus zwei r\u00f6mischen Gladiven - Antike Schwerter Verkauf | RMC","isPartOf":{"@id":"https:\/\/repliquemangacine.fr\/#website"},"primaryImageOfPage":{"@id":"https:\/\/repliquemangacine.fr\/epees-glaives-antique\/ensemble-deux-glaive-romain\/#primaryimage"},"image":{"@id":"https:\/\/repliquemangacine.fr\/epees-glaives-antique\/ensemble-deux-glaive-romain\/#primaryimage"},"thumbnailUrl":"https:\/\/repliquemangacine.fr\/wp-content\/uploads\/2023\/10\/2333-Ensemble-deux-glaive-Romain.jpg","datePublished":"2017-10-21T17:44:59+00:00","dateModified":"2026-04-25T23:39:50+00:00","description":"Schenken Sie ihr dieses Set aus zwei r\u00f6mischen Schwertern zum besten Preis - Vorgeschliffene Stahlklingen - Schwarze Scheide - Gesamtl\u00e4nge jedes Schwertes: 66 cm","breadcrumb":{"@id":"https:\/\/repliquemangacine.fr\/epees-glaives-antique\/ensemble-deux-glaive-romain\/#breadcrumb"},"inLanguage":"de","potentialAction":[{"@type":"ReadAction","target":["https:\/\/repliquemangacine.fr\/epees-glaives-antique\/ensemble-deux-glaive-romain\/"]}]},{"@type":"ImageObject","inLanguage":"de","@id":"https:\/\/repliquemangacine.fr\/epees-glaives-antique\/ensemble-deux-glaive-romain\/#primaryimage","url":"https:\/\/repliquemangacine.fr\/wp-content\/uploads\/2023\/10\/2333-Ensemble-deux-glaive-Romain.jpg","contentUrl":"https:\/\/repliquemangacine.fr\/wp-content\/uploads\/2023\/10\/2333-Ensemble-deux-glaive-Romain.jpg","width":600,"height":600,"caption":"Ensemble deux glaives Romain"},{"@type":"BreadcrumbList","@id":"https:\/\/repliquemangacine.fr\/epees-glaives-antique\/ensemble-deux-glaive-romain\/#breadcrumb","itemListElement":[{"@type":"ListItem","position":1,"name":"Accueil","item":"https:\/\/repliquemangacine.fr\/"},{"@type":"ListItem","position":2,"name":"Produits","item":"https:\/\/repliquemangacine.fr\/boutique\/"},{"@type":"ListItem","position":3,"name":"Ensemble deux glaives Romain"}]},{"@type":"WebSite","@id":"https:\/\/repliquemangacine.fr\/#website","url":"https:\/\/repliquemangacine.fr\/","name":"R\u00e9plique Manga Cin\u00e9","description":"","publisher":{"@id":"https:\/\/repliquemangacine.fr\/#organization"},"potentialAction":[{"@type":"SearchAction","target":{"@type":"EntryPoint","urlTemplate":"https:\/\/repliquemangacine.fr\/?s={search_term_string}"},"query-input":{"@type":"PropertyValueSpecification","valueRequired":true,"valueName":"search_term_string"}}],"inLanguage":"de"},{"@type":"Organization","@id":"https:\/\/repliquemangacine.fr\/#organization","name":"R\u00e9plique Manga Cin\u00e9","url":"https:\/\/repliquemangacine.fr\/","logo":{"@type":"ImageObject","inLanguage":"de","@id":"https:\/\/repliquemangacine.fr\/#\/schema\/logo\/image\/","url":"https:\/\/repliquemangacine.fr\/wp-content\/uploads\/2023\/10\/RMC-500250.png","contentUrl":"https:\/\/repliquemangacine.fr\/wp-content\/uploads\/2023\/10\/RMC-500250.png","width":500,"height":250,"caption":"R\u00e9plique Manga Cin\u00e9"},"image":{"@id":"https:\/\/repliquemangacine.fr\/#\/schema\/logo\/image\/"},"sameAs":["https:\/\/www.facebook.com\/RepliqueMangaCine","https:\/\/www.instagram.com\/repliquemangacine.fr\/"]}]}},"_links":{"self":[{"href":"https:\/\/repliquemangacine.fr\/de\/wp-json\/wp\/v2\/product\/27549","targetHints":{"allow":["GET"]}}],"collection":[{"href":"https:\/\/repliquemangacine.fr\/de\/wp-json\/wp\/v2\/product"}],"about":[{"href":"https:\/\/repliquemangacine.fr\/de\/wp-json\/wp\/v2\/types\/product"}],"wp:featuredmedia":[{"embeddable":true,"href":"https:\/\/repliquemangacine.fr\/de\/wp-json\/wp\/v2\/media\/27550"}],"wp:attachment":[{"href":"https:\/\/repliquemangacine.fr\/de\/wp-json\/wp\/v2\/media?parent=27549"}],"wp:term":[{"taxonomy":"product_brand","embeddable":true,"href":"https:\/\/repliquemangacine.fr\/de\/wp-json\/wp\/v2\/product_brand?post=27549"},{"taxonomy":"product_cat","embeddable":true,"href":"https:\/\/repliquemangacine.fr\/de\/wp-json\/wp\/v2\/product_cat?post=27549"},{"taxonomy":"product_tag","embeddable":true,"href":"https:\/\/repliquemangacine.fr\/de\/wp-json\/wp\/v2\/product_tag?post=27549"}],"curies":[{"name":"wp","href":"https:\/\/api.w.org\/{rel}","templated":true}]}}