





{"id":27537,"date":"2017-09-26T17:18:44","date_gmt":"2017-09-26T15:18:44","guid":{"rendered":"https:\/\/repliquemangacine.fr\/?post_type=product&#038;p=27537"},"modified":"2025-11-14T20:00:02","modified_gmt":"2025-11-14T19:00:02","slug":"deutscher-offiziersdolch-aus-dem-rad-1937","status":"publish","type":"product","link":"https:\/\/repliquemangacine.fr\/de\/dagues-et-accessoires-seconde-guerre-mondiale-materiels-militaria\/dague-d-officier-allemand-du-rad-1937\/","title":{"rendered":"Deutscher Offiziersdolch des RAD 1937"},"content":{"rendered":"<h2>Deutscher RAD-Dolch<\/h2>\n<p>Dieser Deutsche Dolch des RAD (Reichsarbeitsdienst) Modell 1937 ist f\u00fcr alle F\u00fchrungskr\u00e4fte im Offiziersrang ab dem Feldmeister bestimmt.<\/p>\n<p>Als die Nazis 1933 an die Macht kamen, dachten die Solinger Industriellen, wenn sie die Partei davon \u00fcberzeugen k\u00f6nnten, dass das Tragen von Schwertern und Dolchen den Status ihrer Mitglieder heben w\u00fcrde, w\u00fcrden sie sich einen riesigen Markt schaffen.<\/p>\n<p>Daraufhin reist im April 1933 eine Delegation von Industriellen aus Solingen nach Berlin und versucht, den neuen F\u00fchrer Adolph Hitler f\u00fcr ihre Ideen zu gewinnen. Zum Abschluss erh\u00e4lt er von ihnen als Geschenk einen Brief\u00f6ffner, den er annimmt und dem Projekt seine Zustimmung gibt.<\/p>\n<h2>Ihr Deutscher Dolch aus dem RAD zum besten Preis.<\/h2>\n<p>Wir bieten Ihnen eine gro\u00dfe Auswahl an Reproduktionen historischer Waffen an<\/p>\n<p>Zun\u00e4chst einmal,<\/p>\n<ul>\n<li>Die Nachbildung des deutschen Referenzgewehrs, des <a href=\"https:\/\/repliquemangacine.fr\/de\/darmsreproduktionen\/mauser-gewehr-k98\/\">Mauser K 98<\/a>.<\/li>\n<li>Sowie die <a href=\"https:\/\/repliquemangacine.fr\/de\/weltkrieg\/deutsche-granate-modell-24\/\">deutsche Granate<\/a> genannt \"Kartoffelpresse\", hergestellt von <a href=\"https:\/\/www.denix.fr\/fr\/catalogue\/guerres-mondiales-1914-1945\/grenades-a-main\/737\/\" target=\"_blank\" rel=\"noopener noreferrer\">Denix<\/a>.<\/li>\n<li>Und viele andere mehr!<\/li>\n<\/ul>\n<p>Deshalb sind hier tolle Geschenkideen f\u00fcr alle, die sich f\u00fcr Geschichten begeistern.<\/p>\n<p>Abschlie\u00dfend k\u00f6nnen Sie diese <strong>Deutscher Dolch des RAD<\/strong> f\u00fcr Ihre historischen Nachstellungen. Vor allem aber ist dieser Dolch ein Sammler- und Dekorationsst\u00fcck.<\/p>\n<p><strong>Es ist zu betonen, dass diese Produkte keine Ideologie, Partei oder Tendenz irgendeiner Art verherrlichen d\u00fcrfen. <\/strong><strong>Wir verurteilen jede Verherrlichung des 3\u1d49 Reichs und seiner rassistischen und hasserf\u00fcllten Ideologie energisch und zutiefst.<\/strong><\/p>\n<h2>Wie pflegt man die Klinge seines historischen Dolches?<\/h2>\n<p>Sammlungs- und Dekorationsdolche werden auf vereinfachte Weise hergestellt und zusammengebaut. Da sie zu Dekorationszwecken verwendet werden, fehlen ihnen die Sicherheitsmerkmale, die ein japanisches Schwert f\u00fcr Trainingszwecke aufweisen muss.<\/p>\n<p>Allerdings ist Ihr <strong>Deutscher Dolch des RAD<\/strong> zu einer Stahlklinge, die gepflegt werden muss, damit sie nicht mit der Zeit abgenutzt wird. Wenn du deinen Dolch n\u00e4mlich ausstellst, werden deine Freunde neugierig sein, die Klinge zu sehen und sie zu ber\u00fchren. Hier ist Vorsicht geboten, denn Sie sollten wissen, dass die S\u00e4ure der Finger dem Stahl unabh\u00e4ngig von seiner Qualit\u00e4t sehr schadet.<\/p>\n<p>Sollte dies jedoch passieren, keine Panik, Sie brauchen nur ein Tuch, das mit etwas \u00d6l befeuchtet ist, und wischen die Fingerabdr\u00fccke ab. Wenn Sie dies tun, werden Sie Ihren Dolch sehr lange behalten.<\/p>","protected":false},"excerpt":{"rendered":"<p>Deutscher Offiziersdolch des RAD 1937.<\/p>\n<ul>\n<li>Stahlklinge mit Siebdruck<\/li>\n<li>Metallgarde mit RAD-Abzeichen.<\/li>\n<li>Griff aus Metall und ABS.<\/li>\n<li>Stahlknauf in Form eines Adlerkopfes.<\/li>\n<li>Scheide aus ABS.<\/li>\n<li>L\u00e4nge der Klinge: 25 cm - Gesamtl\u00e4nge: 40 cm<\/li>\n<\/ul>","protected":false},"featured_media":27538,"template":"","meta":[],"product_brand":[896],"product_cat":[25,54,85],"product_tag":[],"class_list":{"0":"post-27537","1":"product","2":"type-product","3":"status-publish","4":"has-post-thumbnail","6":"product_brand-replique-manga-cine","7":"product_cat-armes-historiques","8":"product_cat-armes-accessoires-guerre-mondiale","9":"product_cat-dagues-et-accessoires-seconde-guerre-mondiale-materiels-militaria","11":"first","12":"outofstock","13":"taxable","14":"shipping-taxable","15":"purchasable","16":"product-type-simple"},"yoast_head":"<!-- This site is optimized with the Yoast SEO plugin v27.5 - https:\/\/yoast.com\/product\/yoast-seo-wordpress\/ -->\n<title>Dague Allemande du RAD - Vente en ligne Dague historique | RMC<\/title>\n<meta name=\"description\" content=\"Offrez-vous cette Dague Allemande du RAD 1937 au meilleur prix - Lame acier s\u00e9rigraphi\u00e9e - Pommeau t\u00eate d&#039;aigle - Fourreau ABS - Longueur totale : 40 cm\" \/>\n<meta name=\"robots\" content=\"index, follow, max-snippet:-1, max-image-preview:large, max-video-preview:-1\" \/>\n<link rel=\"canonical\" href=\"https:\/\/repliquemangacine.fr\/de\/dolche-und-zubehor-zweiter-weltkrieg-militarisches-material\/deutscher-offiziersdolch-aus-dem-rad-1937\/\" \/>\n<meta property=\"og:locale\" content=\"de_DE\" \/>\n<meta property=\"og:type\" content=\"article\" \/>\n<meta property=\"og:title\" content=\"Dague Allemande du RAD - Vente en ligne Dague historique | RMC\" \/>\n<meta property=\"og:description\" content=\"Offrez-vous cette Dague Allemande du RAD 1937 au meilleur prix - Lame acier s\u00e9rigraphi\u00e9e - Pommeau t\u00eate d&#039;aigle - Fourreau ABS - Longueur totale : 40 cm\" \/>\n<meta property=\"og:url\" content=\"https:\/\/repliquemangacine.fr\/de\/dolche-und-zubehor-zweiter-weltkrieg-militarisches-material\/deutscher-offiziersdolch-aus-dem-rad-1937\/\" \/>\n<meta property=\"og:site_name\" content=\"R\u00e9plique Manga Cin\u00e9\" \/>\n<meta property=\"article:publisher\" content=\"https:\/\/www.facebook.com\/RepliqueMangaCine\" \/>\n<meta property=\"article:modified_time\" content=\"2025-11-14T19:00:02+00:00\" \/>\n<meta property=\"og:image\" content=\"https:\/\/repliquemangacine.fr\/wp-content\/uploads\/2023\/10\/2322-Dague-dOfficier-Allemand-du-RAD-1937.jpg\" \/>\n\t<meta property=\"og:image:width\" content=\"600\" \/>\n\t<meta property=\"og:image:height\" content=\"600\" \/>\n\t<meta property=\"og:image:type\" content=\"image\/jpeg\" \/>\n<meta name=\"twitter:card\" content=\"summary_large_image\" \/>\n<meta name=\"twitter:label1\" content=\"Gesch\u00e4tzte Lesezeit\" \/>\n\t<meta name=\"twitter:data1\" content=\"1\u00a0Minute\" \/>\n<script type=\"application\/ld+json\" class=\"yoast-schema-graph\">{\"@context\":\"https:\\\/\\\/schema.org\",\"@graph\":[{\"@type\":\"WebPage\",\"@id\":\"https:\\\/\\\/repliquemangacine.fr\\\/de\\\/dolche-und-zubehor-zweiter-weltkrieg-militarisches-material\\\/deutscher-offiziersdolch-aus-dem-rad-1937\\\/\",\"url\":\"https:\\\/\\\/repliquemangacine.fr\\\/de\\\/dolche-und-zubehor-zweiter-weltkrieg-militarisches-material\\\/deutscher-offiziersdolch-aus-dem-rad-1937\\\/\",\"name\":\"Dague Allemande du RAD - Vente en ligne Dague historique | RMC\",\"isPartOf\":{\"@id\":\"https:\\\/\\\/repliquemangacine.fr\\\/#website\"},\"primaryImageOfPage\":{\"@id\":\"https:\\\/\\\/repliquemangacine.fr\\\/de\\\/dolche-und-zubehor-zweiter-weltkrieg-militarisches-material\\\/deutscher-offiziersdolch-aus-dem-rad-1937\\\/#primaryimage\"},\"image\":{\"@id\":\"https:\\\/\\\/repliquemangacine.fr\\\/de\\\/dolche-und-zubehor-zweiter-weltkrieg-militarisches-material\\\/deutscher-offiziersdolch-aus-dem-rad-1937\\\/#primaryimage\"},\"thumbnailUrl\":\"https:\\\/\\\/repliquemangacine.fr\\\/wp-content\\\/uploads\\\/2023\\\/10\\\/2322-Dague-dOfficier-Allemand-du-RAD-1937.jpg\",\"datePublished\":\"2017-09-26T15:18:44+00:00\",\"dateModified\":\"2025-11-14T19:00:02+00:00\",\"description\":\"Offrez-vous cette Dague Allemande du RAD 1937 au meilleur prix - Lame acier s\u00e9rigraphi\u00e9e - Pommeau t\u00eate d'aigle - Fourreau ABS - Longueur totale : 40 cm\",\"breadcrumb\":{\"@id\":\"https:\\\/\\\/repliquemangacine.fr\\\/de\\\/dolche-und-zubehor-zweiter-weltkrieg-militarisches-material\\\/deutscher-offiziersdolch-aus-dem-rad-1937\\\/#breadcrumb\"},\"inLanguage\":\"de\",\"potentialAction\":[{\"@type\":\"ReadAction\",\"target\":[\"https:\\\/\\\/repliquemangacine.fr\\\/de\\\/dolche-und-zubehor-zweiter-weltkrieg-militarisches-material\\\/deutscher-offiziersdolch-aus-dem-rad-1937\\\/\"]}]},{\"@type\":\"ImageObject\",\"inLanguage\":\"de\",\"@id\":\"https:\\\/\\\/repliquemangacine.fr\\\/de\\\/dolche-und-zubehor-zweiter-weltkrieg-militarisches-material\\\/deutscher-offiziersdolch-aus-dem-rad-1937\\\/#primaryimage\",\"url\":\"https:\\\/\\\/repliquemangacine.fr\\\/wp-content\\\/uploads\\\/2023\\\/10\\\/2322-Dague-dOfficier-Allemand-du-RAD-1937.jpg\",\"contentUrl\":\"https:\\\/\\\/repliquemangacine.fr\\\/wp-content\\\/uploads\\\/2023\\\/10\\\/2322-Dague-dOfficier-Allemand-du-RAD-1937.jpg\",\"width\":600,\"height\":600,\"caption\":\"Dague Allemande du RAD 1937\"},{\"@type\":\"BreadcrumbList\",\"@id\":\"https:\\\/\\\/repliquemangacine.fr\\\/de\\\/dolche-und-zubehor-zweiter-weltkrieg-militarisches-material\\\/deutscher-offiziersdolch-aus-dem-rad-1937\\\/#breadcrumb\",\"itemListElement\":[{\"@type\":\"ListItem\",\"position\":1,\"name\":\"Accueil\",\"item\":\"https:\\\/\\\/repliquemangacine.fr\\\/\"},{\"@type\":\"ListItem\",\"position\":2,\"name\":\"Produits\",\"item\":\"https:\\\/\\\/repliquemangacine.fr\\\/boutique\\\/\"},{\"@type\":\"ListItem\",\"position\":3,\"name\":\"Dague d&#8217;Officier Allemand du RAD 1937\"}]},{\"@type\":\"WebSite\",\"@id\":\"https:\\\/\\\/repliquemangacine.fr\\\/#website\",\"url\":\"https:\\\/\\\/repliquemangacine.fr\\\/\",\"name\":\"R\u00e9plique Manga Cin\u00e9\",\"description\":\"\",\"publisher\":{\"@id\":\"https:\\\/\\\/repliquemangacine.fr\\\/#organization\"},\"potentialAction\":[{\"@type\":\"SearchAction\",\"target\":{\"@type\":\"EntryPoint\",\"urlTemplate\":\"https:\\\/\\\/repliquemangacine.fr\\\/?s={search_term_string}\"},\"query-input\":{\"@type\":\"PropertyValueSpecification\",\"valueRequired\":true,\"valueName\":\"search_term_string\"}}],\"inLanguage\":\"de\"},{\"@type\":\"Organization\",\"@id\":\"https:\\\/\\\/repliquemangacine.fr\\\/#organization\",\"name\":\"R\u00e9plique Manga Cin\u00e9\",\"url\":\"https:\\\/\\\/repliquemangacine.fr\\\/\",\"logo\":{\"@type\":\"ImageObject\",\"inLanguage\":\"de\",\"@id\":\"https:\\\/\\\/repliquemangacine.fr\\\/#\\\/schema\\\/logo\\\/image\\\/\",\"url\":\"https:\\\/\\\/repliquemangacine.fr\\\/wp-content\\\/uploads\\\/2023\\\/10\\\/RMC-500250.png\",\"contentUrl\":\"https:\\\/\\\/repliquemangacine.fr\\\/wp-content\\\/uploads\\\/2023\\\/10\\\/RMC-500250.png\",\"width\":500,\"height\":250,\"caption\":\"R\u00e9plique Manga Cin\u00e9\"},\"image\":{\"@id\":\"https:\\\/\\\/repliquemangacine.fr\\\/#\\\/schema\\\/logo\\\/image\\\/\"},\"sameAs\":[\"https:\\\/\\\/www.facebook.com\\\/RepliqueMangaCine\",\"https:\\\/\\\/www.instagram.com\\\/repliquemangacine.fr\\\/\"]}]}<\/script>\n<!-- \/ Yoast SEO plugin. -->","yoast_head_json":{"title":"Deutscher Dolch aus dem RAD - Online-Verkauf Historischer Dolch | RMC","description":"Bieten Sie diesen Deutschen Dolch aus dem RAD 1937 zum besten Preis an - Siebgedruckte Stahlklinge - Adlerkopfknauf - ABS-Scheide - Gesamtl\u00e4nge: 40 cm","robots":{"index":"index","follow":"follow","max-snippet":"max-snippet:-1","max-image-preview":"max-image-preview:large","max-video-preview":"max-video-preview:-1"},"canonical":"https:\/\/repliquemangacine.fr\/de\/dolche-und-zubehor-zweiter-weltkrieg-militarisches-material\/deutscher-offiziersdolch-aus-dem-rad-1937\/","og_locale":"de_DE","og_type":"article","og_title":"Dague Allemande du RAD - Vente en ligne Dague historique | RMC","og_description":"Offrez-vous cette Dague Allemande du RAD 1937 au meilleur prix - Lame acier s\u00e9rigraphi\u00e9e - Pommeau t\u00eate d'aigle - Fourreau ABS - Longueur totale : 40 cm","og_url":"https:\/\/repliquemangacine.fr\/de\/dolche-und-zubehor-zweiter-weltkrieg-militarisches-material\/deutscher-offiziersdolch-aus-dem-rad-1937\/","og_site_name":"R\u00e9plique Manga Cin\u00e9","article_publisher":"https:\/\/www.facebook.com\/RepliqueMangaCine","article_modified_time":"2025-11-14T19:00:02+00:00","og_image":[{"width":600,"height":600,"url":"https:\/\/repliquemangacine.fr\/wp-content\/uploads\/2023\/10\/2322-Dague-dOfficier-Allemand-du-RAD-1937.jpg","type":"image\/jpeg"}],"twitter_card":"summary_large_image","twitter_misc":{"Gesch\u00e4tzte Lesezeit":"1\u00a0Minute"},"schema":{"@context":"https:\/\/schema.org","@graph":[{"@type":"WebPage","@id":"https:\/\/repliquemangacine.fr\/de\/dolche-und-zubehor-zweiter-weltkrieg-militarisches-material\/deutscher-offiziersdolch-aus-dem-rad-1937\/","url":"https:\/\/repliquemangacine.fr\/de\/dolche-und-zubehor-zweiter-weltkrieg-militarisches-material\/deutscher-offiziersdolch-aus-dem-rad-1937\/","name":"Deutscher Dolch aus dem RAD - Online-Verkauf Historischer Dolch | RMC","isPartOf":{"@id":"https:\/\/repliquemangacine.fr\/#website"},"primaryImageOfPage":{"@id":"https:\/\/repliquemangacine.fr\/de\/dolche-und-zubehor-zweiter-weltkrieg-militarisches-material\/deutscher-offiziersdolch-aus-dem-rad-1937\/#primaryimage"},"image":{"@id":"https:\/\/repliquemangacine.fr\/de\/dolche-und-zubehor-zweiter-weltkrieg-militarisches-material\/deutscher-offiziersdolch-aus-dem-rad-1937\/#primaryimage"},"thumbnailUrl":"https:\/\/repliquemangacine.fr\/wp-content\/uploads\/2023\/10\/2322-Dague-dOfficier-Allemand-du-RAD-1937.jpg","datePublished":"2017-09-26T15:18:44+00:00","dateModified":"2025-11-14T19:00:02+00:00","description":"Bieten Sie diesen Deutschen Dolch aus dem RAD 1937 zum besten Preis an - Siebgedruckte Stahlklinge - Adlerkopfknauf - ABS-Scheide - Gesamtl\u00e4nge: 40 cm","breadcrumb":{"@id":"https:\/\/repliquemangacine.fr\/de\/dolche-und-zubehor-zweiter-weltkrieg-militarisches-material\/deutscher-offiziersdolch-aus-dem-rad-1937\/#breadcrumb"},"inLanguage":"de","potentialAction":[{"@type":"ReadAction","target":["https:\/\/repliquemangacine.fr\/de\/dolche-und-zubehor-zweiter-weltkrieg-militarisches-material\/deutscher-offiziersdolch-aus-dem-rad-1937\/"]}]},{"@type":"ImageObject","inLanguage":"de","@id":"https:\/\/repliquemangacine.fr\/de\/dolche-und-zubehor-zweiter-weltkrieg-militarisches-material\/deutscher-offiziersdolch-aus-dem-rad-1937\/#primaryimage","url":"https:\/\/repliquemangacine.fr\/wp-content\/uploads\/2023\/10\/2322-Dague-dOfficier-Allemand-du-RAD-1937.jpg","contentUrl":"https:\/\/repliquemangacine.fr\/wp-content\/uploads\/2023\/10\/2322-Dague-dOfficier-Allemand-du-RAD-1937.jpg","width":600,"height":600,"caption":"Dague Allemande du RAD 1937"},{"@type":"BreadcrumbList","@id":"https:\/\/repliquemangacine.fr\/de\/dolche-und-zubehor-zweiter-weltkrieg-militarisches-material\/deutscher-offiziersdolch-aus-dem-rad-1937\/#breadcrumb","itemListElement":[{"@type":"ListItem","position":1,"name":"Accueil","item":"https:\/\/repliquemangacine.fr\/"},{"@type":"ListItem","position":2,"name":"Produits","item":"https:\/\/repliquemangacine.fr\/boutique\/"},{"@type":"ListItem","position":3,"name":"Dague d&#8217;Officier Allemand du RAD 1937"}]},{"@type":"WebSite","@id":"https:\/\/repliquemangacine.fr\/#website","url":"https:\/\/repliquemangacine.fr\/","name":"R\u00e9plique Manga Cin\u00e9","description":"","publisher":{"@id":"https:\/\/repliquemangacine.fr\/#organization"},"potentialAction":[{"@type":"SearchAction","target":{"@type":"EntryPoint","urlTemplate":"https:\/\/repliquemangacine.fr\/?s={search_term_string}"},"query-input":{"@type":"PropertyValueSpecification","valueRequired":true,"valueName":"search_term_string"}}],"inLanguage":"de"},{"@type":"Organization","@id":"https:\/\/repliquemangacine.fr\/#organization","name":"R\u00e9plique Manga Cin\u00e9","url":"https:\/\/repliquemangacine.fr\/","logo":{"@type":"ImageObject","inLanguage":"de","@id":"https:\/\/repliquemangacine.fr\/#\/schema\/logo\/image\/","url":"https:\/\/repliquemangacine.fr\/wp-content\/uploads\/2023\/10\/RMC-500250.png","contentUrl":"https:\/\/repliquemangacine.fr\/wp-content\/uploads\/2023\/10\/RMC-500250.png","width":500,"height":250,"caption":"R\u00e9plique Manga Cin\u00e9"},"image":{"@id":"https:\/\/repliquemangacine.fr\/#\/schema\/logo\/image\/"},"sameAs":["https:\/\/www.facebook.com\/RepliqueMangaCine","https:\/\/www.instagram.com\/repliquemangacine.fr\/"]}]}},"_links":{"self":[{"href":"https:\/\/repliquemangacine.fr\/de\/wp-json\/wp\/v2\/product\/27537","targetHints":{"allow":["GET"]}}],"collection":[{"href":"https:\/\/repliquemangacine.fr\/de\/wp-json\/wp\/v2\/product"}],"about":[{"href":"https:\/\/repliquemangacine.fr\/de\/wp-json\/wp\/v2\/types\/product"}],"wp:featuredmedia":[{"embeddable":true,"href":"https:\/\/repliquemangacine.fr\/de\/wp-json\/wp\/v2\/media\/27538"}],"wp:attachment":[{"href":"https:\/\/repliquemangacine.fr\/de\/wp-json\/wp\/v2\/media?parent=27537"}],"wp:term":[{"taxonomy":"product_brand","embeddable":true,"href":"https:\/\/repliquemangacine.fr\/de\/wp-json\/wp\/v2\/product_brand?post=27537"},{"taxonomy":"product_cat","embeddable":true,"href":"https:\/\/repliquemangacine.fr\/de\/wp-json\/wp\/v2\/product_cat?post=27537"},{"taxonomy":"product_tag","embeddable":true,"href":"https:\/\/repliquemangacine.fr\/de\/wp-json\/wp\/v2\/product_tag?post=27537"}],"curies":[{"name":"wp","href":"https:\/\/api.w.org\/{rel}","templated":true}]}}