





{"id":27528,"date":"2017-09-11T15:57:24","date_gmt":"2017-09-11T13:57:24","guid":{"rendered":"https:\/\/repliquemangacine.fr\/?post_type=product&#038;p=27528"},"modified":"2025-12-08T20:20:05","modified_gmt":"2025-12-08T19:20:05","slug":"messer-hitlerjugend-hitlerjugend","status":"publish","type":"product","link":"https:\/\/repliquemangacine.fr\/de\/dagues-et-accessoires-seconde-guerre-mondiale-materiels-militaria\/couteau-jeunesse-hitlerienne-hitlerjugend\/","title":{"rendered":"Messer Hitlerjugend"},"content":{"rendered":"<h2>Messer Hitlerjugend Hitlerjugend<\/h2>\n<p>Diese <strong>Messer Hitlerjugend<\/strong> Hitlerjugend, die Anfang 1933 eingef\u00fchrt wurde. Das Tragen dieses Messers war nur in Verbindung mit der Uniform erlaubt. Bis zum Ende der Produktion im Oktober 1942 wurden \u00fcber 12 Millionen Exemplare von verschiedenen Messerschmieden in Solingen hergestellt.<\/p>\n<p>Als die Nazis 1933 an die Macht kamen, dachten die Solinger Industriellen, wenn sie die Partei davon \u00fcberzeugen k\u00f6nnten, dass das Tragen von Schwertern und Dolchen den Status ihrer Mitglieder erh\u00f6hen w\u00fcrde, w\u00fcrden sie sich einen neuen und riesigen Markt erschlie\u00dfen.<\/p>\n<p>Zum Abschluss erhielt er von ihnen als Geschenk einen Brief\u00f6ffner, den er annahm und dem Projekt seine Zustimmung gab.<\/p>\n<h2>Ihr Messer Hitlerjugend zum besten Preis.<\/h2>\n<p>Wir bieten Ihnen eine gro\u00dfe Auswahl an Reproduktionen historischer Waffen an<\/p>\n<p>Zun\u00e4chst einmal,<\/p>\n<ul>\n<li>Die Nachbildung des deutschen Referenzgewehrs, des <a href=\"https:\/\/repliquemangacine.fr\/de\/darmsreproduktionen\/mauser-gewehr-k98\/\">Mauser K 98<\/a>.<\/li>\n<li>Sowie die deutsche Granate namens \"Kartoffelpresse\", hergestellt von <a href=\"https:\/\/www.denix.fr\/fr\/catalogue\/guerres-mondiales-1914-1945\/grenades-a-main\/737\/\" target=\"_blank\" rel=\"noopener noreferrer\">Denix<\/a>.<\/li>\n<li>Und viele andere mehr!<\/li>\n<\/ul>\n<p>Deshalb sind hier tolle Geschenkideen f\u00fcr alle, die sich f\u00fcr Geschichten begeistern.<\/p>\n<p>Abschlie\u00dfend k\u00f6nnen Sie auch diesen <strong>Messer Hitlerjugend<\/strong> f\u00fcr Ihre historischen Nachstellungen.<\/p>\n<p>In erster Linie ist es ein Sammler- und Dekorationsst\u00fcck.<\/p>\n<p><strong>Diese Produkte d\u00fcrfen keine Ideologie, Partei oder Tendenz verherrlichen. Wir verurteilen jede Verherrlichung des 3\u1d49 Reichs und seiner rassistischen und hasserf\u00fcllten Ideologie, die die Ursache f\u00fcr einen der gr\u00f6\u00dften Konflikte in der Geschichte war, aufs Sch\u00e4rfste und zutiefst.<\/strong><\/p>\n<h2>Wie pflegt man die Klinge seines Dolches?<\/h2>\n<p>Sammlungs- und Dekorationsdolche werden auf vereinfachte Weise hergestellt und zusammengebaut. Da sie zu Dekorationszwecken verwendet werden, fehlen ihnen die Sicherheitsmerkmale, die ein japanisches Schwert f\u00fcr Trainingszwecke aufweisen muss.<\/p>\n<p>Allerdings ist Ihr <strong>Messer Hitlerjugend<\/strong> zu einer Stahlklinge, die gepflegt werden muss, damit sie nicht mit der Zeit abgenutzt wird. Wenn du deinen Dolch n\u00e4mlich ausstellst, werden deine Freunde neugierig sein, die Klinge zu sehen und sie zu ber\u00fchren. Hier ist Vorsicht geboten, denn Sie sollten wissen, dass die S\u00e4ure der Finger dem Stahl unabh\u00e4ngig von seiner Qualit\u00e4t sehr schadet.<\/p>\n<p>Sollte dies jedoch passieren, keine Panik, Sie brauchen nur ein Tuch, das mit etwas \u00d6l befeuchtet ist, und wischen die Fingerabdr\u00fccke ab. Wenn Sie dies tun, werden Sie Ihren Dolch sehr lange behalten.<\/p>","protected":false},"excerpt":{"rendered":"<p>Replik des Messers der Hitlerjugend, das 1933 verabschiedet wurde.<\/p>\n<ul>\n<li>Vorgeschliffene, einschneidige Klinge.<\/li>\n<li>Metallgriff mit ABS-Dekor mit Nazi-Symbol.<\/li>\n<li>Schwarze Metallscheide mit Lederriemen zum Befestigen am G\u00fcrtel.<\/li>\n<li>Klingenl\u00e4nge: 15.5 cm - Gesamtl\u00e4nge: 27.5 cm<\/li>\n<\/ul>\n<p>&nbsp;<\/p>\n<p>&nbsp;<\/p>","protected":false},"featured_media":27529,"template":"","meta":[],"product_brand":[896],"product_cat":[25,54,85],"product_tag":[],"class_list":{"0":"post-27528","1":"product","2":"type-product","3":"status-publish","4":"has-post-thumbnail","6":"product_brand-replique-manga-cine","7":"product_cat-armes-historiques","8":"product_cat-armes-accessoires-guerre-mondiale","9":"product_cat-dagues-et-accessoires-seconde-guerre-mondiale-materiels-militaria","11":"first","12":"outofstock","13":"taxable","14":"shipping-taxable","15":"purchasable","16":"product-type-simple"},"yoast_head":"<!-- This site is optimized with the Yoast SEO plugin v27.5 - https:\/\/yoast.com\/product\/yoast-seo-wordpress\/ -->\n<title>Couteau Jeunesse Hitl\u00e9rienne - vente de Poignard allemand | RMC<\/title>\n<meta name=\"description\" content=\"Offrez-vous le Couteau Jeunesse Hitl\u00e9rienne - Lame acier avec inscription - Fourreau - Poign\u00e9e m\u00e9tal - Longueur totale : 27.5 cm - Envoi 24\/48h\" \/>\n<meta name=\"robots\" content=\"index, follow, max-snippet:-1, max-image-preview:large, max-video-preview:-1\" \/>\n<link rel=\"canonical\" href=\"https:\/\/repliquemangacine.fr\/de\/dolche-und-zubehor-zweiter-weltkrieg-militarisches-material\/messer-hitlerjugend-hitlerjugend\/\" \/>\n<meta property=\"og:locale\" content=\"de_DE\" \/>\n<meta property=\"og:type\" content=\"article\" \/>\n<meta property=\"og:title\" content=\"Couteau Jeunesse Hitl\u00e9rienne - vente de Poignard allemand | RMC\" \/>\n<meta property=\"og:description\" content=\"Offrez-vous le Couteau Jeunesse Hitl\u00e9rienne - Lame acier avec inscription - Fourreau - Poign\u00e9e m\u00e9tal - Longueur totale : 27.5 cm - Envoi 24\/48h\" \/>\n<meta property=\"og:url\" content=\"https:\/\/repliquemangacine.fr\/de\/dolche-und-zubehor-zweiter-weltkrieg-militarisches-material\/messer-hitlerjugend-hitlerjugend\/\" \/>\n<meta property=\"og:site_name\" content=\"R\u00e9plique Manga Cin\u00e9\" \/>\n<meta property=\"article:publisher\" content=\"https:\/\/www.facebook.com\/RepliqueMangaCine\" \/>\n<meta property=\"article:modified_time\" content=\"2025-12-08T19:20:05+00:00\" \/>\n<meta property=\"og:image\" content=\"https:\/\/repliquemangacine.fr\/wp-content\/uploads\/2023\/10\/2311-Replique-Couteau-de-la-Jeunesse-hitlerienne.jpg\" \/>\n\t<meta property=\"og:image:width\" content=\"600\" \/>\n\t<meta property=\"og:image:height\" content=\"600\" \/>\n\t<meta property=\"og:image:type\" content=\"image\/jpeg\" \/>\n<meta name=\"twitter:card\" content=\"summary_large_image\" \/>\n<meta name=\"twitter:label1\" content=\"Gesch\u00e4tzte Lesezeit\" \/>\n\t<meta name=\"twitter:data1\" content=\"1\u00a0Minute\" \/>\n<script type=\"application\/ld+json\" class=\"yoast-schema-graph\">{\"@context\":\"https:\\\/\\\/schema.org\",\"@graph\":[{\"@type\":\"WebPage\",\"@id\":\"https:\\\/\\\/repliquemangacine.fr\\\/dagues-et-accessoires-seconde-guerre-mondiale-materiels-militaria\\\/couteau-jeunesse-hitlerienne-hitlerjugend\\\/\",\"url\":\"https:\\\/\\\/repliquemangacine.fr\\\/dagues-et-accessoires-seconde-guerre-mondiale-materiels-militaria\\\/couteau-jeunesse-hitlerienne-hitlerjugend\\\/\",\"name\":\"Couteau Jeunesse Hitl\u00e9rienne - vente de Poignard allemand | RMC\",\"isPartOf\":{\"@id\":\"https:\\\/\\\/repliquemangacine.fr\\\/#website\"},\"primaryImageOfPage\":{\"@id\":\"https:\\\/\\\/repliquemangacine.fr\\\/dagues-et-accessoires-seconde-guerre-mondiale-materiels-militaria\\\/couteau-jeunesse-hitlerienne-hitlerjugend\\\/#primaryimage\"},\"image\":{\"@id\":\"https:\\\/\\\/repliquemangacine.fr\\\/dagues-et-accessoires-seconde-guerre-mondiale-materiels-militaria\\\/couteau-jeunesse-hitlerienne-hitlerjugend\\\/#primaryimage\"},\"thumbnailUrl\":\"https:\\\/\\\/repliquemangacine.fr\\\/wp-content\\\/uploads\\\/2023\\\/10\\\/2311-Replique-Couteau-de-la-Jeunesse-hitlerienne.jpg\",\"datePublished\":\"2017-09-11T13:57:24+00:00\",\"dateModified\":\"2025-12-08T19:20:05+00:00\",\"description\":\"Offrez-vous le Couteau Jeunesse Hitl\u00e9rienne - Lame acier avec inscription - Fourreau - Poign\u00e9e m\u00e9tal - Longueur totale : 27.5 cm - Envoi 24\\\/48h\",\"breadcrumb\":{\"@id\":\"https:\\\/\\\/repliquemangacine.fr\\\/dagues-et-accessoires-seconde-guerre-mondiale-materiels-militaria\\\/couteau-jeunesse-hitlerienne-hitlerjugend\\\/#breadcrumb\"},\"inLanguage\":\"de\",\"potentialAction\":[{\"@type\":\"ReadAction\",\"target\":[\"https:\\\/\\\/repliquemangacine.fr\\\/dagues-et-accessoires-seconde-guerre-mondiale-materiels-militaria\\\/couteau-jeunesse-hitlerienne-hitlerjugend\\\/\"]}]},{\"@type\":\"ImageObject\",\"inLanguage\":\"de\",\"@id\":\"https:\\\/\\\/repliquemangacine.fr\\\/dagues-et-accessoires-seconde-guerre-mondiale-materiels-militaria\\\/couteau-jeunesse-hitlerienne-hitlerjugend\\\/#primaryimage\",\"url\":\"https:\\\/\\\/repliquemangacine.fr\\\/wp-content\\\/uploads\\\/2023\\\/10\\\/2311-Replique-Couteau-de-la-Jeunesse-hitlerienne.jpg\",\"contentUrl\":\"https:\\\/\\\/repliquemangacine.fr\\\/wp-content\\\/uploads\\\/2023\\\/10\\\/2311-Replique-Couteau-de-la-Jeunesse-hitlerienne.jpg\",\"width\":600,\"height\":600,\"caption\":\"R\u00e9plique Couteau de la Jeunesse hitl\u00e9rienne\"},{\"@type\":\"BreadcrumbList\",\"@id\":\"https:\\\/\\\/repliquemangacine.fr\\\/dagues-et-accessoires-seconde-guerre-mondiale-materiels-militaria\\\/couteau-jeunesse-hitlerienne-hitlerjugend\\\/#breadcrumb\",\"itemListElement\":[{\"@type\":\"ListItem\",\"position\":1,\"name\":\"Accueil\",\"item\":\"https:\\\/\\\/repliquemangacine.fr\\\/\"},{\"@type\":\"ListItem\",\"position\":2,\"name\":\"Produits\",\"item\":\"https:\\\/\\\/repliquemangacine.fr\\\/boutique\\\/\"},{\"@type\":\"ListItem\",\"position\":3,\"name\":\"Couteau Jeunesse Hitl\u00e9rienne\"}]},{\"@type\":\"WebSite\",\"@id\":\"https:\\\/\\\/repliquemangacine.fr\\\/#website\",\"url\":\"https:\\\/\\\/repliquemangacine.fr\\\/\",\"name\":\"R\u00e9plique Manga Cin\u00e9\",\"description\":\"\",\"publisher\":{\"@id\":\"https:\\\/\\\/repliquemangacine.fr\\\/#organization\"},\"potentialAction\":[{\"@type\":\"SearchAction\",\"target\":{\"@type\":\"EntryPoint\",\"urlTemplate\":\"https:\\\/\\\/repliquemangacine.fr\\\/?s={search_term_string}\"},\"query-input\":{\"@type\":\"PropertyValueSpecification\",\"valueRequired\":true,\"valueName\":\"search_term_string\"}}],\"inLanguage\":\"de\"},{\"@type\":\"Organization\",\"@id\":\"https:\\\/\\\/repliquemangacine.fr\\\/#organization\",\"name\":\"R\u00e9plique Manga Cin\u00e9\",\"url\":\"https:\\\/\\\/repliquemangacine.fr\\\/\",\"logo\":{\"@type\":\"ImageObject\",\"inLanguage\":\"de\",\"@id\":\"https:\\\/\\\/repliquemangacine.fr\\\/#\\\/schema\\\/logo\\\/image\\\/\",\"url\":\"https:\\\/\\\/repliquemangacine.fr\\\/wp-content\\\/uploads\\\/2023\\\/10\\\/RMC-500250.png\",\"contentUrl\":\"https:\\\/\\\/repliquemangacine.fr\\\/wp-content\\\/uploads\\\/2023\\\/10\\\/RMC-500250.png\",\"width\":500,\"height\":250,\"caption\":\"R\u00e9plique Manga Cin\u00e9\"},\"image\":{\"@id\":\"https:\\\/\\\/repliquemangacine.fr\\\/#\\\/schema\\\/logo\\\/image\\\/\"},\"sameAs\":[\"https:\\\/\\\/www.facebook.com\\\/RepliqueMangaCine\",\"https:\\\/\\\/www.instagram.com\\\/repliquemangacine.fr\\\/\"]}]}<\/script>\n<!-- \/ Yoast SEO plugin. -->","yoast_head_json":{"title":"Hitlerjugend Messer - Deutscher Dolch Verkauf | RMC","description":"Bieten Sie hier das Messer Hitlerjugend - Stahlklinge mit Beschriftung - Scheide - Metallgriff - Gesamtl\u00e4nge: 27.5 cm - Versand 24\/48h","robots":{"index":"index","follow":"follow","max-snippet":"max-snippet:-1","max-image-preview":"max-image-preview:large","max-video-preview":"max-video-preview:-1"},"canonical":"https:\/\/repliquemangacine.fr\/de\/dolche-und-zubehor-zweiter-weltkrieg-militarisches-material\/messer-hitlerjugend-hitlerjugend\/","og_locale":"de_DE","og_type":"article","og_title":"Couteau Jeunesse Hitl\u00e9rienne - vente de Poignard allemand | RMC","og_description":"Offrez-vous le Couteau Jeunesse Hitl\u00e9rienne - Lame acier avec inscription - Fourreau - Poign\u00e9e m\u00e9tal - Longueur totale : 27.5 cm - Envoi 24\/48h","og_url":"https:\/\/repliquemangacine.fr\/de\/dolche-und-zubehor-zweiter-weltkrieg-militarisches-material\/messer-hitlerjugend-hitlerjugend\/","og_site_name":"R\u00e9plique Manga Cin\u00e9","article_publisher":"https:\/\/www.facebook.com\/RepliqueMangaCine","article_modified_time":"2025-12-08T19:20:05+00:00","og_image":[{"width":600,"height":600,"url":"https:\/\/repliquemangacine.fr\/wp-content\/uploads\/2023\/10\/2311-Replique-Couteau-de-la-Jeunesse-hitlerienne.jpg","type":"image\/jpeg"}],"twitter_card":"summary_large_image","twitter_misc":{"Gesch\u00e4tzte Lesezeit":"1\u00a0Minute"},"schema":{"@context":"https:\/\/schema.org","@graph":[{"@type":"WebPage","@id":"https:\/\/repliquemangacine.fr\/dagues-et-accessoires-seconde-guerre-mondiale-materiels-militaria\/couteau-jeunesse-hitlerienne-hitlerjugend\/","url":"https:\/\/repliquemangacine.fr\/dagues-et-accessoires-seconde-guerre-mondiale-materiels-militaria\/couteau-jeunesse-hitlerienne-hitlerjugend\/","name":"Hitlerjugend Messer - Deutscher Dolch Verkauf | RMC","isPartOf":{"@id":"https:\/\/repliquemangacine.fr\/#website"},"primaryImageOfPage":{"@id":"https:\/\/repliquemangacine.fr\/dagues-et-accessoires-seconde-guerre-mondiale-materiels-militaria\/couteau-jeunesse-hitlerienne-hitlerjugend\/#primaryimage"},"image":{"@id":"https:\/\/repliquemangacine.fr\/dagues-et-accessoires-seconde-guerre-mondiale-materiels-militaria\/couteau-jeunesse-hitlerienne-hitlerjugend\/#primaryimage"},"thumbnailUrl":"https:\/\/repliquemangacine.fr\/wp-content\/uploads\/2023\/10\/2311-Replique-Couteau-de-la-Jeunesse-hitlerienne.jpg","datePublished":"2017-09-11T13:57:24+00:00","dateModified":"2025-12-08T19:20:05+00:00","description":"Bieten Sie hier das Messer Hitlerjugend - Stahlklinge mit Beschriftung - Scheide - Metallgriff - Gesamtl\u00e4nge: 27.5 cm - Versand 24\/48h","breadcrumb":{"@id":"https:\/\/repliquemangacine.fr\/dagues-et-accessoires-seconde-guerre-mondiale-materiels-militaria\/couteau-jeunesse-hitlerienne-hitlerjugend\/#breadcrumb"},"inLanguage":"de","potentialAction":[{"@type":"ReadAction","target":["https:\/\/repliquemangacine.fr\/dagues-et-accessoires-seconde-guerre-mondiale-materiels-militaria\/couteau-jeunesse-hitlerienne-hitlerjugend\/"]}]},{"@type":"ImageObject","inLanguage":"de","@id":"https:\/\/repliquemangacine.fr\/dagues-et-accessoires-seconde-guerre-mondiale-materiels-militaria\/couteau-jeunesse-hitlerienne-hitlerjugend\/#primaryimage","url":"https:\/\/repliquemangacine.fr\/wp-content\/uploads\/2023\/10\/2311-Replique-Couteau-de-la-Jeunesse-hitlerienne.jpg","contentUrl":"https:\/\/repliquemangacine.fr\/wp-content\/uploads\/2023\/10\/2311-Replique-Couteau-de-la-Jeunesse-hitlerienne.jpg","width":600,"height":600,"caption":"R\u00e9plique Couteau de la Jeunesse hitl\u00e9rienne"},{"@type":"BreadcrumbList","@id":"https:\/\/repliquemangacine.fr\/dagues-et-accessoires-seconde-guerre-mondiale-materiels-militaria\/couteau-jeunesse-hitlerienne-hitlerjugend\/#breadcrumb","itemListElement":[{"@type":"ListItem","position":1,"name":"Accueil","item":"https:\/\/repliquemangacine.fr\/"},{"@type":"ListItem","position":2,"name":"Produits","item":"https:\/\/repliquemangacine.fr\/boutique\/"},{"@type":"ListItem","position":3,"name":"Couteau Jeunesse Hitl\u00e9rienne"}]},{"@type":"WebSite","@id":"https:\/\/repliquemangacine.fr\/#website","url":"https:\/\/repliquemangacine.fr\/","name":"R\u00e9plique Manga Cin\u00e9","description":"","publisher":{"@id":"https:\/\/repliquemangacine.fr\/#organization"},"potentialAction":[{"@type":"SearchAction","target":{"@type":"EntryPoint","urlTemplate":"https:\/\/repliquemangacine.fr\/?s={search_term_string}"},"query-input":{"@type":"PropertyValueSpecification","valueRequired":true,"valueName":"search_term_string"}}],"inLanguage":"de"},{"@type":"Organization","@id":"https:\/\/repliquemangacine.fr\/#organization","name":"R\u00e9plique Manga Cin\u00e9","url":"https:\/\/repliquemangacine.fr\/","logo":{"@type":"ImageObject","inLanguage":"de","@id":"https:\/\/repliquemangacine.fr\/#\/schema\/logo\/image\/","url":"https:\/\/repliquemangacine.fr\/wp-content\/uploads\/2023\/10\/RMC-500250.png","contentUrl":"https:\/\/repliquemangacine.fr\/wp-content\/uploads\/2023\/10\/RMC-500250.png","width":500,"height":250,"caption":"R\u00e9plique Manga Cin\u00e9"},"image":{"@id":"https:\/\/repliquemangacine.fr\/#\/schema\/logo\/image\/"},"sameAs":["https:\/\/www.facebook.com\/RepliqueMangaCine","https:\/\/www.instagram.com\/repliquemangacine.fr\/"]}]}},"_links":{"self":[{"href":"https:\/\/repliquemangacine.fr\/de\/wp-json\/wp\/v2\/product\/27528","targetHints":{"allow":["GET"]}}],"collection":[{"href":"https:\/\/repliquemangacine.fr\/de\/wp-json\/wp\/v2\/product"}],"about":[{"href":"https:\/\/repliquemangacine.fr\/de\/wp-json\/wp\/v2\/types\/product"}],"wp:featuredmedia":[{"embeddable":true,"href":"https:\/\/repliquemangacine.fr\/de\/wp-json\/wp\/v2\/media\/27529"}],"wp:attachment":[{"href":"https:\/\/repliquemangacine.fr\/de\/wp-json\/wp\/v2\/media?parent=27528"}],"wp:term":[{"taxonomy":"product_brand","embeddable":true,"href":"https:\/\/repliquemangacine.fr\/de\/wp-json\/wp\/v2\/product_brand?post=27528"},{"taxonomy":"product_cat","embeddable":true,"href":"https:\/\/repliquemangacine.fr\/de\/wp-json\/wp\/v2\/product_cat?post=27528"},{"taxonomy":"product_tag","embeddable":true,"href":"https:\/\/repliquemangacine.fr\/de\/wp-json\/wp\/v2\/product_tag?post=27528"}],"curies":[{"name":"wp","href":"https:\/\/api.w.org\/{rel}","templated":true}]}}