





{"id":27518,"date":"2017-09-09T18:41:10","date_gmt":"2017-09-09T16:41:10","guid":{"rendered":"https:\/\/repliquemangacine.fr\/?post_type=product&#038;p=27518"},"modified":"2025-09-23T18:01:57","modified_gmt":"2025-09-23T16:01:57","slug":"epee-conan-le-barbare-epee-atlantean","status":"publish","type":"product","link":"https:\/\/repliquemangacine.fr\/de\/katana-les-epees-de-films-et-series\/epee-conan-le-barbare-epee-atlantean\/","title":{"rendered":"Atlanteanisches Schwert Conan der Barbar"},"content":{"rendered":"<h2>Atlanteanisches Schwert Conan der Barbar unter offizieller Lizenz.<\/h2>\n<p>Zu Beginn wird die<strong>Atlanteanisches Schwert Conan<\/strong> der Barbar, steht unter offizieller Lizenz <a href=\"https:\/\/www.windlass.com\/\" target=\"_blank\" rel=\"noopener noreferrer\">Windlass Studios<\/a>.<\/p>\n<p>Conan der Barbar, eine fiktive Figur, deren erste Kurzgeschichte von Robert E. Howard 1932 verfasst wurde. Au\u00dferdem trug Howard mit diesen Erz\u00e4hlungen also zur modernen Form des literarischen Genres Fantasy bei und war damit einer der Begr\u00fcnder der Heroic Fantasy.<\/p>\n<p>Conans Abenteuer spielen in einer mythischen, von Howard geschaffenen Vergangenheit, die als \"hyborisches Zeitalter\" bezeichnet wird. Er ist ein Barbar, der urspr\u00fcnglich aus Cimmerien stammt.<\/p>\n<p>1982 wurde der Film Conan der Barbar von John Milius mit Arnold Schwarzenegger entdeckt. Es ist zu betonen, dass dieser Film keine Kurzgeschichte Howards verfilmt, sondern nur einige Szenen aus den Originaltexten entnommen und in das Drehbuch integriert wurden.<\/p>\n<h2>Ihr Atlantean Conan Schwert zum besten Preis.<\/h2>\n<p>Wir bieten Ihnen eine gro\u00dfe Auswahl an Schwertrepliken und Sammlerst\u00fccken Ihrer Lieblingshelden aus den Filmen.<\/p>\n<p>Zun\u00e4chst<\/p>\n<ul>\n<li>L'<a href=\"https:\/\/repliquemangacine.fr\/de\/andere-filme-und-serien\/katana-daywalker-blade-schwert\/\">Blade-Schwert, Daywalker-Katana<\/a> mit seiner geraden Klinge und der Scheide Platte, um es auf dem R\u00fccken zu tragen.<\/li>\n<li>Dann das Schwert<a href=\"https:\/\/repliquemangacine.fr\/de\/andere-filme\/le-roi-arthur-excalibur-epee-de-legende\/\"> Excalibur<\/a> im Film \"Die Legende von Excalibur\".<\/li>\n<li>Es gibt auch die<a href=\"https:\/\/repliquemangacine.fr\/de\/filme-tv-serien-verkauf-von-katana-schwertern-und-derivaten\/epee-du-pere-de-conan-le-barbare-conan-father-sword-epee-de-conan\/\">Schwert von Conans Vater<\/a> unter offizieller Lizenz vertrieben von Marto.<\/li>\n<li>Und viele andere, die es in unserem Online-Shop zu entdecken gibt!<\/li>\n<\/ul>\n<p>Deshalb sind hier tolle Geschenkideen f\u00fcr alle, die die Welt der Filme lieben.<\/p>\n<p>Abschlie\u00dfend k\u00f6nnen Sie den<strong>Atlanteanisches Schwert Conan<\/strong> bei Ihren Cosplay-Paraden. Vor allem aber ist dieses Schwert ein Sammlerst\u00fcck unter der Offiziellen Lizenz von Windlass Studios.<\/p>\n<h2>Wie pflegt man die Klinge seines Schwertes?<\/h2>\n<p>Sammlungs- und Dekorationsschwerter werden in vereinfachter Form hergestellt und zusammengebaut. Da sie zu Dekorationszwecken verwendet werden, fehlen ihnen die Sicherheitselemente, die ein japanisches Schwert f\u00fcr Trainingszwecke aufweisen muss.<\/p>\n<p>Allerdings ist Ihr <strong>Atlanteanisches Schwert Conan<\/strong> zu einer Stahlklinge, die gepflegt werden muss, damit sie nicht mit der Zeit abgenutzt wird. Denn wenn du dein Katana ausstellst, werden deine Freunde neugierig sein, die Klinge zu sehen und sie zu ber\u00fchren. Hier ist Vorsicht geboten, denn Sie sollten wissen, dass die S\u00e4ure der Finger dem Stahl unabh\u00e4ngig von seiner Qualit\u00e4t sehr schadet.<\/p>\n<p>Wenn dies jedoch passiert, keine Panik, Sie brauchen nur ein Tuch, das mit etwas \u00d6l befeuchtet ist, und wischen die Fingerabdr\u00fccke ab. Wenn Sie dies tun, werden Sie Ihr Schwert sehr lange behalten.<\/p>","protected":false},"excerpt":{"rendered":"<p><strong>Originalgetreue Replik des atlantischen Schwertes aus Conan der Barbar.<\/strong><\/p>\n<ul>\n<li>Schwert aus Stahl mit hohem Kohlenstoffgehalt 1085 und auf 52 HRC temperiert.<\/li>\n<li>Griff und Knauf aus gealtertem Stahl in der Form des Originalmodells.<\/li>\n<li>Metallgriff, der mit einem Baumwollfaden umwickelt ist.<\/li>\n<li>Vorgesch\u00e4rfte Klinge mit einer tiefen Runengravur.<\/li>\n<li>Offizielle Lizenz mit Echtheitszertifikat - Windlass Studios<\/li>\n<li>L\u00e4nge der Klinge: 73 cm - Gesamtl\u00e4nge: 103 cm<\/li>\n<\/ul>","protected":false},"featured_media":27519,"template":"","meta":[],"product_brand":[896],"product_cat":[91,66,24],"product_tag":[],"class_list":{"0":"post-27518","1":"product","2":"type-product","3":"status-publish","4":"has-post-thumbnail","6":"product_brand-replique-manga-cine","7":"product_cat-katana-les-epees-de-films-et-series","8":"product_cat-repliques-d-armes-films-et-series","9":"product_cat-films-series-tv-vente-de-katana-epee-et-produits-derives","11":"first","12":"outofstock","13":"taxable","14":"shipping-taxable","15":"purchasable","16":"product-type-simple"},"yoast_head":"<!-- This site is optimized with the Yoast SEO plugin v27.4 - https:\/\/yoast.com\/product\/yoast-seo-wordpress\/ -->\n<title>Ep\u00e9e Atlantean Conan le Barbare - R\u00e9plique Manga Cin\u00e9<\/title>\n<meta name=\"description\" content=\"R\u00e9plique exacte de l&#039;Ep\u00e9e Atlantean Conan utilis\u00e9e \u00e0 l&#039;\u00e9cran par Schwarzenegger. Licence officielle - Windlass et Museum replicas Limited - Envoi Gratuit\" \/>\n<meta name=\"robots\" content=\"index, follow, max-snippet:-1, max-image-preview:large, max-video-preview:-1\" \/>\n<link rel=\"canonical\" href=\"https:\/\/repliquemangacine.fr\/de\/katana-die-schwerter-aus-filmen-und-serien\/epee-conan-le-barbare-epee-atlantean\/\" \/>\n<meta property=\"og:locale\" content=\"de_DE\" \/>\n<meta property=\"og:type\" content=\"article\" \/>\n<meta property=\"og:title\" content=\"Ep\u00e9e Atlantean Conan le Barbare - R\u00e9plique Manga Cin\u00e9\" \/>\n<meta property=\"og:description\" content=\"R\u00e9plique exacte de l&#039;Ep\u00e9e Atlantean Conan utilis\u00e9e \u00e0 l&#039;\u00e9cran par Schwarzenegger. Licence officielle - Windlass et Museum replicas Limited - Envoi Gratuit\" \/>\n<meta property=\"og:url\" content=\"https:\/\/repliquemangacine.fr\/de\/katana-die-schwerter-aus-filmen-und-serien\/epee-conan-le-barbare-epee-atlantean\/\" \/>\n<meta property=\"og:site_name\" content=\"R\u00e9plique Manga Cin\u00e9\" \/>\n<meta property=\"article:publisher\" content=\"https:\/\/www.facebook.com\/RepliqueMangaCine\" \/>\n<meta property=\"article:modified_time\" content=\"2025-09-23T16:01:57+00:00\" \/>\n<meta property=\"og:image\" content=\"https:\/\/repliquemangacine.fr\/wp-content\/uploads\/2023\/10\/2302-Epee-Conan-le-Barbare-Epee-Atlantean.jpg\" \/>\n\t<meta property=\"og:image:width\" content=\"600\" \/>\n\t<meta property=\"og:image:height\" content=\"600\" \/>\n\t<meta property=\"og:image:type\" content=\"image\/jpeg\" \/>\n<meta name=\"twitter:card\" content=\"summary_large_image\" \/>\n<meta name=\"twitter:label1\" content=\"Gesch\u00e4tzte Lesezeit\" \/>\n\t<meta name=\"twitter:data1\" content=\"2\u00a0Minuten\" \/>\n<script type=\"application\/ld+json\" class=\"yoast-schema-graph\">{\"@context\":\"https:\\\/\\\/schema.org\",\"@graph\":[{\"@type\":\"WebPage\",\"@id\":\"https:\\\/\\\/repliquemangacine.fr\\\/katana-les-epees-de-films-et-series\\\/epee-conan-le-barbare-epee-atlantean\\\/\",\"url\":\"https:\\\/\\\/repliquemangacine.fr\\\/katana-les-epees-de-films-et-series\\\/epee-conan-le-barbare-epee-atlantean\\\/\",\"name\":\"Ep\u00e9e Atlantean Conan le Barbare - R\u00e9plique Manga Cin\u00e9\",\"isPartOf\":{\"@id\":\"https:\\\/\\\/repliquemangacine.fr\\\/#website\"},\"primaryImageOfPage\":{\"@id\":\"https:\\\/\\\/repliquemangacine.fr\\\/katana-les-epees-de-films-et-series\\\/epee-conan-le-barbare-epee-atlantean\\\/#primaryimage\"},\"image\":{\"@id\":\"https:\\\/\\\/repliquemangacine.fr\\\/katana-les-epees-de-films-et-series\\\/epee-conan-le-barbare-epee-atlantean\\\/#primaryimage\"},\"thumbnailUrl\":\"https:\\\/\\\/repliquemangacine.fr\\\/wp-content\\\/uploads\\\/2023\\\/10\\\/2302-Epee-Conan-le-Barbare-Epee-Atlantean.jpg\",\"datePublished\":\"2017-09-09T16:41:10+00:00\",\"dateModified\":\"2025-09-23T16:01:57+00:00\",\"description\":\"R\u00e9plique exacte de l'Ep\u00e9e Atlantean Conan utilis\u00e9e \u00e0 l'\u00e9cran par Schwarzenegger. Licence officielle - Windlass et Museum replicas Limited - Envoi Gratuit\",\"breadcrumb\":{\"@id\":\"https:\\\/\\\/repliquemangacine.fr\\\/katana-les-epees-de-films-et-series\\\/epee-conan-le-barbare-epee-atlantean\\\/#breadcrumb\"},\"inLanguage\":\"de\",\"potentialAction\":[{\"@type\":\"ReadAction\",\"target\":[\"https:\\\/\\\/repliquemangacine.fr\\\/katana-les-epees-de-films-et-series\\\/epee-conan-le-barbare-epee-atlantean\\\/\"]}]},{\"@type\":\"ImageObject\",\"inLanguage\":\"de\",\"@id\":\"https:\\\/\\\/repliquemangacine.fr\\\/katana-les-epees-de-films-et-series\\\/epee-conan-le-barbare-epee-atlantean\\\/#primaryimage\",\"url\":\"https:\\\/\\\/repliquemangacine.fr\\\/wp-content\\\/uploads\\\/2023\\\/10\\\/2302-Epee-Conan-le-Barbare-Epee-Atlantean.jpg\",\"contentUrl\":\"https:\\\/\\\/repliquemangacine.fr\\\/wp-content\\\/uploads\\\/2023\\\/10\\\/2302-Epee-Conan-le-Barbare-Epee-Atlantean.jpg\",\"width\":600,\"height\":600,\"caption\":\"Ep\u00e9e Conan le Barbare - Ep\u00e9e Atlantean\"},{\"@type\":\"BreadcrumbList\",\"@id\":\"https:\\\/\\\/repliquemangacine.fr\\\/katana-les-epees-de-films-et-series\\\/epee-conan-le-barbare-epee-atlantean\\\/#breadcrumb\",\"itemListElement\":[{\"@type\":\"ListItem\",\"position\":1,\"name\":\"Accueil\",\"item\":\"https:\\\/\\\/repliquemangacine.fr\\\/\"},{\"@type\":\"ListItem\",\"position\":2,\"name\":\"Produits\",\"item\":\"https:\\\/\\\/repliquemangacine.fr\\\/boutique\\\/\"},{\"@type\":\"ListItem\",\"position\":3,\"name\":\"Ep\u00e9e Atlantean Conan le Barbare\"}]},{\"@type\":\"WebSite\",\"@id\":\"https:\\\/\\\/repliquemangacine.fr\\\/#website\",\"url\":\"https:\\\/\\\/repliquemangacine.fr\\\/\",\"name\":\"R\u00e9plique Manga Cin\u00e9\",\"description\":\"\",\"publisher\":{\"@id\":\"https:\\\/\\\/repliquemangacine.fr\\\/#organization\"},\"potentialAction\":[{\"@type\":\"SearchAction\",\"target\":{\"@type\":\"EntryPoint\",\"urlTemplate\":\"https:\\\/\\\/repliquemangacine.fr\\\/?s={search_term_string}\"},\"query-input\":{\"@type\":\"PropertyValueSpecification\",\"valueRequired\":true,\"valueName\":\"search_term_string\"}}],\"inLanguage\":\"de\"},{\"@type\":\"Organization\",\"@id\":\"https:\\\/\\\/repliquemangacine.fr\\\/#organization\",\"name\":\"R\u00e9plique Manga Cin\u00e9\",\"url\":\"https:\\\/\\\/repliquemangacine.fr\\\/\",\"logo\":{\"@type\":\"ImageObject\",\"inLanguage\":\"de\",\"@id\":\"https:\\\/\\\/repliquemangacine.fr\\\/#\\\/schema\\\/logo\\\/image\\\/\",\"url\":\"https:\\\/\\\/repliquemangacine.fr\\\/wp-content\\\/uploads\\\/2023\\\/10\\\/RMC-500250.png\",\"contentUrl\":\"https:\\\/\\\/repliquemangacine.fr\\\/wp-content\\\/uploads\\\/2023\\\/10\\\/RMC-500250.png\",\"width\":500,\"height\":250,\"caption\":\"R\u00e9plique Manga Cin\u00e9\"},\"image\":{\"@id\":\"https:\\\/\\\/repliquemangacine.fr\\\/#\\\/schema\\\/logo\\\/image\\\/\"},\"sameAs\":[\"https:\\\/\\\/www.facebook.com\\\/RepliqueMangaCine\",\"https:\\\/\\\/www.instagram.com\\\/repliquemangacine.fr\\\/\"]}]}<\/script>\n<!-- \/ Yoast SEO plugin. -->","yoast_head_json":{"title":"Atlantean Schwert Conan der Barbar - R\u00e9plique Manga Cin\u00e9","description":"Genaue Replik des Atlantean Conan Sword, das auf der Leinwand von Schwarzenegger benutzt wurde. Offizielle Lizenz - Windlass und Museum replicas Limited - Kostenloser Versand","robots":{"index":"index","follow":"follow","max-snippet":"max-snippet:-1","max-image-preview":"max-image-preview:large","max-video-preview":"max-video-preview:-1"},"canonical":"https:\/\/repliquemangacine.fr\/de\/katana-die-schwerter-aus-filmen-und-serien\/epee-conan-le-barbare-epee-atlantean\/","og_locale":"de_DE","og_type":"article","og_title":"Ep\u00e9e Atlantean Conan le Barbare - R\u00e9plique Manga Cin\u00e9","og_description":"R\u00e9plique exacte de l'Ep\u00e9e Atlantean Conan utilis\u00e9e \u00e0 l'\u00e9cran par Schwarzenegger. Licence officielle - Windlass et Museum replicas Limited - Envoi Gratuit","og_url":"https:\/\/repliquemangacine.fr\/de\/katana-die-schwerter-aus-filmen-und-serien\/epee-conan-le-barbare-epee-atlantean\/","og_site_name":"R\u00e9plique Manga Cin\u00e9","article_publisher":"https:\/\/www.facebook.com\/RepliqueMangaCine","article_modified_time":"2025-09-23T16:01:57+00:00","og_image":[{"width":600,"height":600,"url":"https:\/\/repliquemangacine.fr\/wp-content\/uploads\/2023\/10\/2302-Epee-Conan-le-Barbare-Epee-Atlantean.jpg","type":"image\/jpeg"}],"twitter_card":"summary_large_image","twitter_misc":{"Gesch\u00e4tzte Lesezeit":"2\u00a0Minuten"},"schema":{"@context":"https:\/\/schema.org","@graph":[{"@type":"WebPage","@id":"https:\/\/repliquemangacine.fr\/katana-les-epees-de-films-et-series\/epee-conan-le-barbare-epee-atlantean\/","url":"https:\/\/repliquemangacine.fr\/katana-les-epees-de-films-et-series\/epee-conan-le-barbare-epee-atlantean\/","name":"Atlantean Schwert Conan der Barbar - R\u00e9plique Manga Cin\u00e9","isPartOf":{"@id":"https:\/\/repliquemangacine.fr\/#website"},"primaryImageOfPage":{"@id":"https:\/\/repliquemangacine.fr\/katana-les-epees-de-films-et-series\/epee-conan-le-barbare-epee-atlantean\/#primaryimage"},"image":{"@id":"https:\/\/repliquemangacine.fr\/katana-les-epees-de-films-et-series\/epee-conan-le-barbare-epee-atlantean\/#primaryimage"},"thumbnailUrl":"https:\/\/repliquemangacine.fr\/wp-content\/uploads\/2023\/10\/2302-Epee-Conan-le-Barbare-Epee-Atlantean.jpg","datePublished":"2017-09-09T16:41:10+00:00","dateModified":"2025-09-23T16:01:57+00:00","description":"Genaue Replik des Atlantean Conan Sword, das auf der Leinwand von Schwarzenegger benutzt wurde. Offizielle Lizenz - Windlass und Museum replicas Limited - Kostenloser Versand","breadcrumb":{"@id":"https:\/\/repliquemangacine.fr\/katana-les-epees-de-films-et-series\/epee-conan-le-barbare-epee-atlantean\/#breadcrumb"},"inLanguage":"de","potentialAction":[{"@type":"ReadAction","target":["https:\/\/repliquemangacine.fr\/katana-les-epees-de-films-et-series\/epee-conan-le-barbare-epee-atlantean\/"]}]},{"@type":"ImageObject","inLanguage":"de","@id":"https:\/\/repliquemangacine.fr\/katana-les-epees-de-films-et-series\/epee-conan-le-barbare-epee-atlantean\/#primaryimage","url":"https:\/\/repliquemangacine.fr\/wp-content\/uploads\/2023\/10\/2302-Epee-Conan-le-Barbare-Epee-Atlantean.jpg","contentUrl":"https:\/\/repliquemangacine.fr\/wp-content\/uploads\/2023\/10\/2302-Epee-Conan-le-Barbare-Epee-Atlantean.jpg","width":600,"height":600,"caption":"Ep\u00e9e Conan le Barbare - Ep\u00e9e Atlantean"},{"@type":"BreadcrumbList","@id":"https:\/\/repliquemangacine.fr\/katana-les-epees-de-films-et-series\/epee-conan-le-barbare-epee-atlantean\/#breadcrumb","itemListElement":[{"@type":"ListItem","position":1,"name":"Accueil","item":"https:\/\/repliquemangacine.fr\/"},{"@type":"ListItem","position":2,"name":"Produits","item":"https:\/\/repliquemangacine.fr\/boutique\/"},{"@type":"ListItem","position":3,"name":"Ep\u00e9e Atlantean Conan le Barbare"}]},{"@type":"WebSite","@id":"https:\/\/repliquemangacine.fr\/#website","url":"https:\/\/repliquemangacine.fr\/","name":"R\u00e9plique Manga Cin\u00e9","description":"","publisher":{"@id":"https:\/\/repliquemangacine.fr\/#organization"},"potentialAction":[{"@type":"SearchAction","target":{"@type":"EntryPoint","urlTemplate":"https:\/\/repliquemangacine.fr\/?s={search_term_string}"},"query-input":{"@type":"PropertyValueSpecification","valueRequired":true,"valueName":"search_term_string"}}],"inLanguage":"de"},{"@type":"Organization","@id":"https:\/\/repliquemangacine.fr\/#organization","name":"R\u00e9plique Manga Cin\u00e9","url":"https:\/\/repliquemangacine.fr\/","logo":{"@type":"ImageObject","inLanguage":"de","@id":"https:\/\/repliquemangacine.fr\/#\/schema\/logo\/image\/","url":"https:\/\/repliquemangacine.fr\/wp-content\/uploads\/2023\/10\/RMC-500250.png","contentUrl":"https:\/\/repliquemangacine.fr\/wp-content\/uploads\/2023\/10\/RMC-500250.png","width":500,"height":250,"caption":"R\u00e9plique Manga Cin\u00e9"},"image":{"@id":"https:\/\/repliquemangacine.fr\/#\/schema\/logo\/image\/"},"sameAs":["https:\/\/www.facebook.com\/RepliqueMangaCine","https:\/\/www.instagram.com\/repliquemangacine.fr\/"]}]}},"_links":{"self":[{"href":"https:\/\/repliquemangacine.fr\/de\/wp-json\/wp\/v2\/product\/27518","targetHints":{"allow":["GET"]}}],"collection":[{"href":"https:\/\/repliquemangacine.fr\/de\/wp-json\/wp\/v2\/product"}],"about":[{"href":"https:\/\/repliquemangacine.fr\/de\/wp-json\/wp\/v2\/types\/product"}],"wp:featuredmedia":[{"embeddable":true,"href":"https:\/\/repliquemangacine.fr\/de\/wp-json\/wp\/v2\/media\/27519"}],"wp:attachment":[{"href":"https:\/\/repliquemangacine.fr\/de\/wp-json\/wp\/v2\/media?parent=27518"}],"wp:term":[{"taxonomy":"product_brand","embeddable":true,"href":"https:\/\/repliquemangacine.fr\/de\/wp-json\/wp\/v2\/product_brand?post=27518"},{"taxonomy":"product_cat","embeddable":true,"href":"https:\/\/repliquemangacine.fr\/de\/wp-json\/wp\/v2\/product_cat?post=27518"},{"taxonomy":"product_tag","embeddable":true,"href":"https:\/\/repliquemangacine.fr\/de\/wp-json\/wp\/v2\/product_tag?post=27518"}],"curies":[{"name":"wp","href":"https:\/\/api.w.org\/{rel}","templated":true}]}}