





{"id":27508,"date":"2017-09-09T17:20:32","date_gmt":"2017-09-09T15:20:32","guid":{"rendered":"https:\/\/repliquemangacine.fr\/?post_type=product&#038;p=27508"},"modified":"2025-09-23T18:01:56","modified_gmt":"2025-09-23T16:01:56","slug":"conan-father-sword-epee-conan-the-barbare-windlass","status":"publish","type":"product","link":"https:\/\/repliquemangacine.fr\/de\/katana-les-epees-de-films-et-series\/conan-father-sword-epee-conan-le-barbare-windlass\/","title":{"rendered":"Conan Father Sword Windlass"},"content":{"rendered":"<h2>Schwert von Conan Windlass' Vater<\/h2>\n<p>Zu Beginn wird die<strong>Schwert von Conan Windlass' Vater<\/strong>ist offiziell lizenziert und mit der Seriennummer auf der Klinge versehen. Hergestellt von <a href=\"https:\/\/www.windlass.com\/\" target=\"_blank\" rel=\"noopener noreferrer\">Windlass Steelcrafts<\/a>\u00ae Indien.<\/p>\n<p>Conan der Barbar, eine fiktive Figur, deren erste Kurzgeschichte von Robert E. Howard im Jahr 1932 verfasst wurde. Mit diesen Erz\u00e4hlungen trug Howard \u00fcbrigens folglich zur modernen Form des literarischen Genres Fantasy bei und war damit einer der Begr\u00fcnder der Heroic Fantasy.<\/p>\n<p>Conans Abenteuer spielen in einer mythischen, von Howard geschaffenen Vergangenheit, die als \"hyborisches Zeitalter\" bezeichnet wird.  Corin ist Conans Vater.<\/p>\n<p>Wir entdecken den Film Conan der Barbar von John Milius mit Arnold Schwarzenegger. Es ist zu betonen, dass dieser Film keine Kurzgeschichten von Howard verfilmt. Nur einige Szenen wurden aus den Originaltexten entnommen und in das Drehbuch integriert.<\/p>\n<h2>Ihr Schwert des Vaters von Conan Windlass zum besten Preis.<\/h2>\n<p>Wir bieten Ihnen eine gro\u00dfe Auswahl an Schwertrepliken und Sammlerst\u00fccken Ihrer Lieblingshelden aus den Filmen.<\/p>\n<p>Zun\u00e4chst<\/p>\n<ul>\n<li>L'<a href=\"https:\/\/repliquemangacine.fr\/de\/andere-filme\/tapferes-schwert-narnia\/\">tapferes Schwert<\/a> im Film \"Die Welt von Narnia\".<\/li>\n<li>Sowie das Schwert<a href=\"https:\/\/repliquemangacine.fr\/de\/andere-filme\/schwert-connor-macleod-highlander\/\"> von connor Macleod<\/a> unterzeichnet Marto.<\/li>\n<li>Es gibt auch die<a href=\"https:\/\/repliquemangacine.fr\/de\/andere-filme\/epee-conan-le-barbare-epee-atlantean\/\">Conans Schwert Atlantean<\/a> unter offizieller Lizenz vertrieben von Windlass.<\/li>\n<li>Und viele andere, die es in unserem Online-Shop zu entdecken gibt!<\/li>\n<\/ul>\n<p>Deshalb sind hier tolle Geschenkideen f\u00fcr alle, die die Welt der Filme lieben.<\/p>\n<p>Abschlie\u00dfend k\u00f6nnen Sie diese <strong>Schwert von Conan Windlass' Vater<\/strong> bei Ihren Cosplay-Paraden. Vor allem aber ist dieses Schwert ein Sammlerst\u00fcck unter offizieller Lizenz mit Echtheitszertifikat.<\/p>\n<h2>Wie pflegt man die Klinge seines Schwertes?<\/h2>\n<p>Schwerter f\u00fcr Sammlungen und Dekorationen werden auf vereinfachte Weise hergestellt und zusammengebaut. Zweitens verf\u00fcgen sie, da sie zu dekorativen Zwecken verwendet werden, nicht \u00fcber die Sicherheitselemente, die ein japanisches Schwert, das f\u00fcr das Training bestimmt ist, aufweisen muss.<\/p>\n<p>Allerdings ist Ihr <strong>Schwert von Conan Windlass' Vater<\/strong> zu einer Stahlklinge, die gepflegt werden muss, damit sie nicht mit der Zeit abgenutzt wird. Denn wenn du dein Katana ausstellst, werden deine Freunde neugierig sein, die Klinge zu sehen und sie zu ber\u00fchren. Hier ist Vorsicht geboten, denn Sie sollten wissen, dass die S\u00e4ure der Finger dem Stahl unabh\u00e4ngig von seiner Qualit\u00e4t sehr schadet.<\/p>\n<p>Wenn dies jedoch passiert, keine Panik, Sie brauchen nur ein Tuch, das mit etwas \u00d6l befeuchtet ist, und wischen die Fingerabdr\u00fccke ab. Wenn Sie dies tun, werden Sie Ihr Schwert sehr lange behalten.<\/p>","protected":false},"excerpt":{"rendered":"<p>Schwert von Conans Vater aus dem Film Conan The Barbarian. Hergestellt von Windlass Steelcrafts\u00ae Indien.<\/p>\n<ul>\n<li>Schwert aus Stahl mit hohem Kohlenstoffgehalt 1085 und auf 52 HRC temperiert.<\/li>\n<li>Von den Handwerksmeistern von Windlass Steelcrafts als genaue Nachbildung des auf dem Bildschirm verwendeten Schwertes reproduziert.<\/li>\n<li>Der Griff und der Knauf aus gealtertem Stahl wurden nach dem Vorbild des Originals gegossen.<\/li>\n<li>Metallgriff mit Flechtwerk aus echtem Leder.<\/li>\n<li>Vorgesch\u00e4rfte Klinge mit Runengravur.<\/li>\n<li>Sammlerbox<\/li>\n<li>Unter offizieller Lizenz.<\/li>\n<li>Echtheitszertifikat Windlass Studios.<\/li>\n<li>Gesamtl\u00e4nge: 96 cm<\/li>\n<\/ul>","protected":false},"featured_media":27509,"template":"","meta":[],"product_brand":[896],"product_cat":[91,66,24],"product_tag":[],"class_list":{"0":"post-27508","1":"product","2":"type-product","3":"status-publish","4":"has-post-thumbnail","6":"product_brand-replique-manga-cine","7":"product_cat-katana-les-epees-de-films-et-series","8":"product_cat-repliques-d-armes-films-et-series","9":"product_cat-films-series-tv-vente-de-katana-epee-et-produits-derives","11":"first","12":"outofstock","13":"taxable","14":"shipping-taxable","15":"purchasable","16":"product-type-simple"},"yoast_head":"<!-- This site is optimized with the Yoast SEO plugin v27.5 - https:\/\/yoast.com\/product\/yoast-seo-wordpress\/ -->\n<title>Ep\u00e9e du p\u00e8re de Conan Windlass | R\u00e9plique Manga Cin\u00e9<\/title>\n<meta name=\"description\" content=\"Offrez-vous l&#039;Ep\u00e9e du p\u00e8re de Conan Windlass au meilleur prix - Lame en acier carbone - Garde et pommeau acier vieilli - Licence Officielle - 96 cm\" \/>\n<meta name=\"robots\" content=\"index, follow, max-snippet:-1, max-image-preview:large, max-video-preview:-1\" \/>\n<link rel=\"canonical\" href=\"https:\/\/repliquemangacine.fr\/de\/katana-die-schwerter-aus-filmen-und-serien\/conan-father-sword-epee-conan-the-barbare-windlass\/\" \/>\n<meta property=\"og:locale\" content=\"de_DE\" \/>\n<meta property=\"og:type\" content=\"article\" \/>\n<meta property=\"og:title\" content=\"Ep\u00e9e du p\u00e8re de Conan Windlass | R\u00e9plique Manga Cin\u00e9\" \/>\n<meta property=\"og:description\" content=\"Offrez-vous l&#039;Ep\u00e9e du p\u00e8re de Conan Windlass au meilleur prix - Lame en acier carbone - Garde et pommeau acier vieilli - Licence Officielle - 96 cm\" \/>\n<meta property=\"og:url\" content=\"https:\/\/repliquemangacine.fr\/de\/katana-die-schwerter-aus-filmen-und-serien\/conan-father-sword-epee-conan-the-barbare-windlass\/\" \/>\n<meta property=\"og:site_name\" content=\"R\u00e9plique Manga Cin\u00e9\" \/>\n<meta property=\"article:publisher\" content=\"https:\/\/www.facebook.com\/RepliqueMangaCine\" \/>\n<meta property=\"article:modified_time\" content=\"2025-09-23T16:01:56+00:00\" \/>\n<meta property=\"og:image\" content=\"https:\/\/repliquemangacine.fr\/wp-content\/uploads\/2023\/10\/2294-Conan-Father-Sword-Epee-Conan-le-Barbare.jpg\" \/>\n\t<meta property=\"og:image:width\" content=\"600\" \/>\n\t<meta property=\"og:image:height\" content=\"600\" \/>\n\t<meta property=\"og:image:type\" content=\"image\/jpeg\" \/>\n<meta name=\"twitter:card\" content=\"summary_large_image\" \/>\n<meta name=\"twitter:label1\" content=\"Gesch\u00e4tzte Lesezeit\" \/>\n\t<meta name=\"twitter:data1\" content=\"2\u00a0Minuten\" \/>\n<script type=\"application\/ld+json\" class=\"yoast-schema-graph\">{\"@context\":\"https:\\\/\\\/schema.org\",\"@graph\":[{\"@type\":\"WebPage\",\"@id\":\"https:\\\/\\\/repliquemangacine.fr\\\/katana-les-epees-de-films-et-series\\\/conan-father-sword-epee-conan-le-barbare-windlass\\\/\",\"url\":\"https:\\\/\\\/repliquemangacine.fr\\\/katana-les-epees-de-films-et-series\\\/conan-father-sword-epee-conan-le-barbare-windlass\\\/\",\"name\":\"Ep\u00e9e du p\u00e8re de Conan Windlass | R\u00e9plique Manga Cin\u00e9\",\"isPartOf\":{\"@id\":\"https:\\\/\\\/repliquemangacine.fr\\\/#website\"},\"primaryImageOfPage\":{\"@id\":\"https:\\\/\\\/repliquemangacine.fr\\\/katana-les-epees-de-films-et-series\\\/conan-father-sword-epee-conan-le-barbare-windlass\\\/#primaryimage\"},\"image\":{\"@id\":\"https:\\\/\\\/repliquemangacine.fr\\\/katana-les-epees-de-films-et-series\\\/conan-father-sword-epee-conan-le-barbare-windlass\\\/#primaryimage\"},\"thumbnailUrl\":\"https:\\\/\\\/repliquemangacine.fr\\\/wp-content\\\/uploads\\\/2023\\\/10\\\/2294-Conan-Father-Sword-Epee-Conan-le-Barbare.jpg\",\"datePublished\":\"2017-09-09T15:20:32+00:00\",\"dateModified\":\"2025-09-23T16:01:56+00:00\",\"description\":\"Offrez-vous l'Ep\u00e9e du p\u00e8re de Conan Windlass au meilleur prix - Lame en acier carbone - Garde et pommeau acier vieilli - Licence Officielle - 96 cm\",\"breadcrumb\":{\"@id\":\"https:\\\/\\\/repliquemangacine.fr\\\/katana-les-epees-de-films-et-series\\\/conan-father-sword-epee-conan-le-barbare-windlass\\\/#breadcrumb\"},\"inLanguage\":\"de\",\"potentialAction\":[{\"@type\":\"ReadAction\",\"target\":[\"https:\\\/\\\/repliquemangacine.fr\\\/katana-les-epees-de-films-et-series\\\/conan-father-sword-epee-conan-le-barbare-windlass\\\/\"]}]},{\"@type\":\"ImageObject\",\"inLanguage\":\"de\",\"@id\":\"https:\\\/\\\/repliquemangacine.fr\\\/katana-les-epees-de-films-et-series\\\/conan-father-sword-epee-conan-le-barbare-windlass\\\/#primaryimage\",\"url\":\"https:\\\/\\\/repliquemangacine.fr\\\/wp-content\\\/uploads\\\/2023\\\/10\\\/2294-Conan-Father-Sword-Epee-Conan-le-Barbare.jpg\",\"contentUrl\":\"https:\\\/\\\/repliquemangacine.fr\\\/wp-content\\\/uploads\\\/2023\\\/10\\\/2294-Conan-Father-Sword-Epee-Conan-le-Barbare.jpg\",\"width\":600,\"height\":600,\"caption\":\"Conan Father Sword- Ep\u00e9e Conan le Barbare\"},{\"@type\":\"BreadcrumbList\",\"@id\":\"https:\\\/\\\/repliquemangacine.fr\\\/katana-les-epees-de-films-et-series\\\/conan-father-sword-epee-conan-le-barbare-windlass\\\/#breadcrumb\",\"itemListElement\":[{\"@type\":\"ListItem\",\"position\":1,\"name\":\"Accueil\",\"item\":\"https:\\\/\\\/repliquemangacine.fr\\\/\"},{\"@type\":\"ListItem\",\"position\":2,\"name\":\"Produits\",\"item\":\"https:\\\/\\\/repliquemangacine.fr\\\/boutique\\\/\"},{\"@type\":\"ListItem\",\"position\":3,\"name\":\"Conan Father Sword Windlass\"}]},{\"@type\":\"WebSite\",\"@id\":\"https:\\\/\\\/repliquemangacine.fr\\\/#website\",\"url\":\"https:\\\/\\\/repliquemangacine.fr\\\/\",\"name\":\"R\u00e9plique Manga Cin\u00e9\",\"description\":\"\",\"publisher\":{\"@id\":\"https:\\\/\\\/repliquemangacine.fr\\\/#organization\"},\"potentialAction\":[{\"@type\":\"SearchAction\",\"target\":{\"@type\":\"EntryPoint\",\"urlTemplate\":\"https:\\\/\\\/repliquemangacine.fr\\\/?s={search_term_string}\"},\"query-input\":{\"@type\":\"PropertyValueSpecification\",\"valueRequired\":true,\"valueName\":\"search_term_string\"}}],\"inLanguage\":\"de\"},{\"@type\":\"Organization\",\"@id\":\"https:\\\/\\\/repliquemangacine.fr\\\/#organization\",\"name\":\"R\u00e9plique Manga Cin\u00e9\",\"url\":\"https:\\\/\\\/repliquemangacine.fr\\\/\",\"logo\":{\"@type\":\"ImageObject\",\"inLanguage\":\"de\",\"@id\":\"https:\\\/\\\/repliquemangacine.fr\\\/#\\\/schema\\\/logo\\\/image\\\/\",\"url\":\"https:\\\/\\\/repliquemangacine.fr\\\/wp-content\\\/uploads\\\/2023\\\/10\\\/RMC-500250.png\",\"contentUrl\":\"https:\\\/\\\/repliquemangacine.fr\\\/wp-content\\\/uploads\\\/2023\\\/10\\\/RMC-500250.png\",\"width\":500,\"height\":250,\"caption\":\"R\u00e9plique Manga Cin\u00e9\"},\"image\":{\"@id\":\"https:\\\/\\\/repliquemangacine.fr\\\/#\\\/schema\\\/logo\\\/image\\\/\"},\"sameAs\":[\"https:\\\/\\\/www.facebook.com\\\/RepliqueMangaCine\",\"https:\\\/\\\/www.instagram.com\\\/repliquemangacine.fr\\\/\"]}]}<\/script>\n<!-- \/ Yoast SEO plugin. -->","yoast_head_json":{"title":"Schwert von Conans Vater Windlass | R\u00e9plique Manga Cin\u00e9","description":"Bieten Sie das Schwert von Conan Windlass' Vater zum besten Preis an - Klinge aus Karbonstahl - Griff und Knauf aus gealtertem Stahl - Offizielle Lizenz - 96 cm","robots":{"index":"index","follow":"follow","max-snippet":"max-snippet:-1","max-image-preview":"max-image-preview:large","max-video-preview":"max-video-preview:-1"},"canonical":"https:\/\/repliquemangacine.fr\/de\/katana-die-schwerter-aus-filmen-und-serien\/conan-father-sword-epee-conan-the-barbare-windlass\/","og_locale":"de_DE","og_type":"article","og_title":"Ep\u00e9e du p\u00e8re de Conan Windlass | R\u00e9plique Manga Cin\u00e9","og_description":"Offrez-vous l'Ep\u00e9e du p\u00e8re de Conan Windlass au meilleur prix - Lame en acier carbone - Garde et pommeau acier vieilli - Licence Officielle - 96 cm","og_url":"https:\/\/repliquemangacine.fr\/de\/katana-die-schwerter-aus-filmen-und-serien\/conan-father-sword-epee-conan-the-barbare-windlass\/","og_site_name":"R\u00e9plique Manga Cin\u00e9","article_publisher":"https:\/\/www.facebook.com\/RepliqueMangaCine","article_modified_time":"2025-09-23T16:01:56+00:00","og_image":[{"width":600,"height":600,"url":"https:\/\/repliquemangacine.fr\/wp-content\/uploads\/2023\/10\/2294-Conan-Father-Sword-Epee-Conan-le-Barbare.jpg","type":"image\/jpeg"}],"twitter_card":"summary_large_image","twitter_misc":{"Gesch\u00e4tzte Lesezeit":"2\u00a0Minuten"},"schema":{"@context":"https:\/\/schema.org","@graph":[{"@type":"WebPage","@id":"https:\/\/repliquemangacine.fr\/katana-les-epees-de-films-et-series\/conan-father-sword-epee-conan-le-barbare-windlass\/","url":"https:\/\/repliquemangacine.fr\/katana-les-epees-de-films-et-series\/conan-father-sword-epee-conan-le-barbare-windlass\/","name":"Schwert von Conans Vater Windlass | R\u00e9plique Manga Cin\u00e9","isPartOf":{"@id":"https:\/\/repliquemangacine.fr\/#website"},"primaryImageOfPage":{"@id":"https:\/\/repliquemangacine.fr\/katana-les-epees-de-films-et-series\/conan-father-sword-epee-conan-le-barbare-windlass\/#primaryimage"},"image":{"@id":"https:\/\/repliquemangacine.fr\/katana-les-epees-de-films-et-series\/conan-father-sword-epee-conan-le-barbare-windlass\/#primaryimage"},"thumbnailUrl":"https:\/\/repliquemangacine.fr\/wp-content\/uploads\/2023\/10\/2294-Conan-Father-Sword-Epee-Conan-le-Barbare.jpg","datePublished":"2017-09-09T15:20:32+00:00","dateModified":"2025-09-23T16:01:56+00:00","description":"Bieten Sie das Schwert von Conan Windlass' Vater zum besten Preis an - Klinge aus Karbonstahl - Griff und Knauf aus gealtertem Stahl - Offizielle Lizenz - 96 cm","breadcrumb":{"@id":"https:\/\/repliquemangacine.fr\/katana-les-epees-de-films-et-series\/conan-father-sword-epee-conan-le-barbare-windlass\/#breadcrumb"},"inLanguage":"de","potentialAction":[{"@type":"ReadAction","target":["https:\/\/repliquemangacine.fr\/katana-les-epees-de-films-et-series\/conan-father-sword-epee-conan-le-barbare-windlass\/"]}]},{"@type":"ImageObject","inLanguage":"de","@id":"https:\/\/repliquemangacine.fr\/katana-les-epees-de-films-et-series\/conan-father-sword-epee-conan-le-barbare-windlass\/#primaryimage","url":"https:\/\/repliquemangacine.fr\/wp-content\/uploads\/2023\/10\/2294-Conan-Father-Sword-Epee-Conan-le-Barbare.jpg","contentUrl":"https:\/\/repliquemangacine.fr\/wp-content\/uploads\/2023\/10\/2294-Conan-Father-Sword-Epee-Conan-le-Barbare.jpg","width":600,"height":600,"caption":"Conan Father Sword- Ep\u00e9e Conan le Barbare"},{"@type":"BreadcrumbList","@id":"https:\/\/repliquemangacine.fr\/katana-les-epees-de-films-et-series\/conan-father-sword-epee-conan-le-barbare-windlass\/#breadcrumb","itemListElement":[{"@type":"ListItem","position":1,"name":"Accueil","item":"https:\/\/repliquemangacine.fr\/"},{"@type":"ListItem","position":2,"name":"Produits","item":"https:\/\/repliquemangacine.fr\/boutique\/"},{"@type":"ListItem","position":3,"name":"Conan Father Sword Windlass"}]},{"@type":"WebSite","@id":"https:\/\/repliquemangacine.fr\/#website","url":"https:\/\/repliquemangacine.fr\/","name":"R\u00e9plique Manga Cin\u00e9","description":"","publisher":{"@id":"https:\/\/repliquemangacine.fr\/#organization"},"potentialAction":[{"@type":"SearchAction","target":{"@type":"EntryPoint","urlTemplate":"https:\/\/repliquemangacine.fr\/?s={search_term_string}"},"query-input":{"@type":"PropertyValueSpecification","valueRequired":true,"valueName":"search_term_string"}}],"inLanguage":"de"},{"@type":"Organization","@id":"https:\/\/repliquemangacine.fr\/#organization","name":"R\u00e9plique Manga Cin\u00e9","url":"https:\/\/repliquemangacine.fr\/","logo":{"@type":"ImageObject","inLanguage":"de","@id":"https:\/\/repliquemangacine.fr\/#\/schema\/logo\/image\/","url":"https:\/\/repliquemangacine.fr\/wp-content\/uploads\/2023\/10\/RMC-500250.png","contentUrl":"https:\/\/repliquemangacine.fr\/wp-content\/uploads\/2023\/10\/RMC-500250.png","width":500,"height":250,"caption":"R\u00e9plique Manga Cin\u00e9"},"image":{"@id":"https:\/\/repliquemangacine.fr\/#\/schema\/logo\/image\/"},"sameAs":["https:\/\/www.facebook.com\/RepliqueMangaCine","https:\/\/www.instagram.com\/repliquemangacine.fr\/"]}]}},"_links":{"self":[{"href":"https:\/\/repliquemangacine.fr\/de\/wp-json\/wp\/v2\/product\/27508","targetHints":{"allow":["GET"]}}],"collection":[{"href":"https:\/\/repliquemangacine.fr\/de\/wp-json\/wp\/v2\/product"}],"about":[{"href":"https:\/\/repliquemangacine.fr\/de\/wp-json\/wp\/v2\/types\/product"}],"wp:featuredmedia":[{"embeddable":true,"href":"https:\/\/repliquemangacine.fr\/de\/wp-json\/wp\/v2\/media\/27509"}],"wp:attachment":[{"href":"https:\/\/repliquemangacine.fr\/de\/wp-json\/wp\/v2\/media?parent=27508"}],"wp:term":[{"taxonomy":"product_brand","embeddable":true,"href":"https:\/\/repliquemangacine.fr\/de\/wp-json\/wp\/v2\/product_brand?post=27508"},{"taxonomy":"product_cat","embeddable":true,"href":"https:\/\/repliquemangacine.fr\/de\/wp-json\/wp\/v2\/product_cat?post=27508"},{"taxonomy":"product_tag","embeddable":true,"href":"https:\/\/repliquemangacine.fr\/de\/wp-json\/wp\/v2\/product_tag?post=27508"}],"curies":[{"name":"wp","href":"https:\/\/api.w.org\/{rel}","templated":true}]}}