





{"id":27499,"date":"2017-08-21T18:50:23","date_gmt":"2017-08-21T16:50:23","guid":{"rendered":"https:\/\/repliquemangacine.fr\/?post_type=product&#038;p=27499"},"modified":"2026-02-24T10:26:40","modified_gmt":"2026-02-24T09:26:40","slug":"pistole-axt-piraten-18-jahrhundert","status":"publish","type":"product","link":"https:\/\/repliquemangacine.fr\/de\/armes-de-pirates\/pistolet-hache-pirates-18eme-siecle\/","title":{"rendered":"Axtpistole Piraten"},"content":{"rendered":"<h2>Piraten Axtpistole in Assassin's Creed Unity<\/h2>\n<p>Zu Beginn wird der <strong>Axtpistole Piraten<\/strong>Die Gun Axe in Assassin's Creed Unity: Dead Kings wird hergestellt von <a href=\"https:\/\/www.denix.fr\/fr\/catalogue\/armes-historiques-s-xvi-xix\/pistolets\/1010\/\" target=\"_blank\" rel=\"noopener noreferrer\">Denix<\/a>.<\/p>\n<p>Assassin\u2019s Creed: Unity, ein Action-Adventure-Videospiel mit offener Welt, das am 13. November 2014 exklusiv f\u00fcr Konsolen der neuen Generation ver\u00f6ffentlicht wurde. Es ist der achte Hauptteil der Serie und der Nachfolger von Assassin\u2019s Creed: Rogue.<\/p>\n<p>Das Spiel spielt mitten in der Zeit der Franz\u00f6sischen Revolution und erz\u00e4hlt die Geschichte von Arno Dorian, einem jungen Adligen, der sich der Bruderschaft der Assassinen angeschlossen hat, in der Hoffnung, den M\u00f6rder seines Vormunds und Besch\u00fctzers namens \u00c9lise de la Serre, dessen Tochter und Mitglied des Templerordens, zu finden.<\/p>\n<h2>Ihre Pirates Axtpistole zum besten Preis.<\/h2>\n<p>Wir bieten Ihnen alle Repliken aus Ihrem Lieblingsvideospiel Assassin's Creed.<\/p>\n<p>Zun\u00e4chst einmal,<\/p>\n<ul>\n<li>Der Tomahawk der Assassinen, der von dem Mohawk-Assassinen Connor Kenway benutzt wurde.<\/li>\n<li>Aber auch die Version <a href=\"https:\/\/repliquemangacine.fr\/de\/assassins-creed\/dolch-altair-assassin-s-creed\/\">Dolch des Schwertes<\/a> von Alta\u00efr.<\/li>\n<li>Und viele andere, die es in unserem Online-Shop zu entdecken gibt!<\/li>\n<\/ul>\n<p>Wenn Sie ein Fan von Assassin's Creed sind, ist diese Pistole eine tolle Erg\u00e4nzung f\u00fcr Ihr Arsenal. Daher ist dies eine gro\u00dfartige Geschenkidee f\u00fcr Fans.<\/p>\n<p>Abschlie\u00dfend k\u00f6nnen Sie auch diesen <strong>Axtpistole Piraten<\/strong> f\u00fcr Ihre Cosplay-Parade oder Ihre Themenabende. Vor allem aber ist diese Replik in Assassin's Creed Unity ein Sammler- und Dekorationsst\u00fcck.<\/p>\n<h2>Wie pflegt man die Klinge seiner Axt?<\/h2>\n<p>Sammler- und Dekorationswaffen werden in vereinfachter Form hergestellt und zusammengebaut. Da sie zu Dekorationszwecken verwendet werden, fehlen ihnen die Sicherheitselemente, die ein japanisches Schwert f\u00fcr Trainingszwecke aufweisen muss.<\/p>\n<p>Allerdings ist Ihr <strong>Axtpistole Piraten<\/strong> zu einer Stahlklinge, die gepflegt werden muss, damit sie nicht mit der Zeit abgenutzt wird. Denn wenn du dein Katana ausstellst, werden deine Freunde neugierig sein, die Klinge zu sehen und sie zu ber\u00fchren. Hier ist Vorsicht geboten, denn Sie sollten wissen, dass die S\u00e4ure der Finger dem Stahl unabh\u00e4ngig von seiner Qualit\u00e4t sehr schadet.<\/p>\n<p>Wenn dies jedoch passiert, keine Panik, Sie brauchen nur ein Tuch, das mit etwas \u00d6l befeuchtet ist, und wischen die Fingerabdr\u00fccke ab. Wenn Sie dies tun, werden Sie Ihr Schwert sehr lange behalten.<\/p>","protected":false},"excerpt":{"rendered":"<p>Erleben Sie die Abenteuer der karibischen Meere mit dieser DENIX Axtpistole!<\/p>\n<ul>\n<li>Schaft aus Massivholz mit Metallverzierungen mit Gravur.<\/li>\n<li>Mechanismus, Lauf und Axt aus gealtertem Stahl.<\/li>\n<li>Der Mechanismus funktioniert, aber er zieht nicht.<\/li>\n<li>Sie k\u00f6nnen die Knallk\u00f6rper ref.48 verwenden, um noch realistischer zu wirken.<\/li>\n<li>Ma\u00dfe: 54,5 cm - Gewicht: 1290 Gramm<\/li>\n<\/ul>\n<p><iframe src=\"https:\/\/www.youtube.com\/embed\/uy6SwJrLs5E\" width=\"340\" height=\"191\" frameborder=\"0\"><\/iframe><\/p>","protected":false},"featured_media":27500,"template":"","meta":[],"product_brand":[896],"product_cat":[836,49,25,48,102,23,52,114,28],"product_tag":[],"class_list":{"0":"post-27499","1":"product","2":"type-product","3":"status-publish","4":"has-post-thumbnail","6":"product_brand-replique-manga-cine","7":"product_cat-armes-assassins-creed","8":"product_cat-armes-de-pirates","9":"product_cat-armes-historiques","10":"product_cat-epees-assassins-creed-armes-assassins-creed","11":"product_cat-denix","12":"product_cat-repliques-manga-jeux-video","13":"product_cat-pistolet-ancien","14":"product_cat-pistolet-pirate","15":"product_cat-repliques-darmes","17":"first","18":"instock","19":"sale","20":"taxable","21":"shipping-taxable","22":"purchasable","23":"product-type-simple"},"yoast_head":"<!-- This site is optimized with the Yoast SEO plugin v27.5 - https:\/\/yoast.com\/product\/yoast-seo-wordpress\/ -->\n<title>Pistolet Hache Pirates - Gun axe - Boutique en ligne | RMC<\/title>\n<meta name=\"description\" content=\"Vivez les aventures des mers des Cara\u00efbes avec ce Pistolet Hache Pirates au meilleur prix - Lame acier - Longueur totale : 54.5 cm - Envoi 24\/48h\" \/>\n<meta name=\"robots\" content=\"index, follow, max-snippet:-1, max-image-preview:large, max-video-preview:-1\" \/>\n<link rel=\"canonical\" href=\"https:\/\/repliquemangacine.fr\/de\/piratenwaffen\/pistole-axt-piraten-18-jahrhundert\/\" \/>\n<meta property=\"og:locale\" content=\"de_DE\" \/>\n<meta property=\"og:type\" content=\"article\" \/>\n<meta property=\"og:title\" content=\"Pistolet Hache Pirates - Gun axe - Boutique en ligne | RMC\" \/>\n<meta property=\"og:description\" content=\"Vivez les aventures des mers des Cara\u00efbes avec ce Pistolet Hache Pirates au meilleur prix - Lame acier - Longueur totale : 54.5 cm - Envoi 24\/48h\" \/>\n<meta property=\"og:url\" content=\"https:\/\/repliquemangacine.fr\/de\/piratenwaffen\/pistole-axt-piraten-18-jahrhundert\/\" \/>\n<meta property=\"og:site_name\" content=\"R\u00e9plique Manga Cin\u00e9\" \/>\n<meta property=\"article:publisher\" content=\"https:\/\/www.facebook.com\/RepliqueMangaCine\" \/>\n<meta property=\"article:modified_time\" content=\"2026-02-24T09:26:40+00:00\" \/>\n<meta property=\"og:image\" content=\"https:\/\/repliquemangacine.fr\/wp-content\/uploads\/2023\/10\/2288-Pistolet-hache-pirates-18eme-siecle.jpg\" \/>\n\t<meta property=\"og:image:width\" content=\"600\" \/>\n\t<meta property=\"og:image:height\" content=\"600\" \/>\n\t<meta property=\"og:image:type\" content=\"image\/jpeg\" \/>\n<meta name=\"twitter:card\" content=\"summary_large_image\" \/>\n<meta name=\"twitter:label1\" content=\"Gesch\u00e4tzte Lesezeit\" \/>\n\t<meta name=\"twitter:data1\" content=\"2\u00a0Minuten\" \/>\n<script type=\"application\/ld+json\" class=\"yoast-schema-graph\">{\"@context\":\"https:\\\/\\\/schema.org\",\"@graph\":[{\"@type\":\"WebPage\",\"@id\":\"https:\\\/\\\/repliquemangacine.fr\\\/armes-de-pirates\\\/pistolet-hache-pirates-18eme-siecle\\\/\",\"url\":\"https:\\\/\\\/repliquemangacine.fr\\\/armes-de-pirates\\\/pistolet-hache-pirates-18eme-siecle\\\/\",\"name\":\"Pistolet Hache Pirates - Gun axe - Boutique en ligne | RMC\",\"isPartOf\":{\"@id\":\"https:\\\/\\\/repliquemangacine.fr\\\/#website\"},\"primaryImageOfPage\":{\"@id\":\"https:\\\/\\\/repliquemangacine.fr\\\/armes-de-pirates\\\/pistolet-hache-pirates-18eme-siecle\\\/#primaryimage\"},\"image\":{\"@id\":\"https:\\\/\\\/repliquemangacine.fr\\\/armes-de-pirates\\\/pistolet-hache-pirates-18eme-siecle\\\/#primaryimage\"},\"thumbnailUrl\":\"https:\\\/\\\/repliquemangacine.fr\\\/wp-content\\\/uploads\\\/2023\\\/10\\\/2288-Pistolet-hache-pirates-18eme-siecle.jpg\",\"datePublished\":\"2017-08-21T16:50:23+00:00\",\"dateModified\":\"2026-02-24T09:26:40+00:00\",\"description\":\"Vivez les aventures des mers des Cara\u00efbes avec ce Pistolet Hache Pirates au meilleur prix - Lame acier - Longueur totale : 54.5 cm - Envoi 24\\\/48h\",\"breadcrumb\":{\"@id\":\"https:\\\/\\\/repliquemangacine.fr\\\/armes-de-pirates\\\/pistolet-hache-pirates-18eme-siecle\\\/#breadcrumb\"},\"inLanguage\":\"de\",\"potentialAction\":[{\"@type\":\"ReadAction\",\"target\":[\"https:\\\/\\\/repliquemangacine.fr\\\/armes-de-pirates\\\/pistolet-hache-pirates-18eme-siecle\\\/\"]}]},{\"@type\":\"ImageObject\",\"inLanguage\":\"de\",\"@id\":\"https:\\\/\\\/repliquemangacine.fr\\\/armes-de-pirates\\\/pistolet-hache-pirates-18eme-siecle\\\/#primaryimage\",\"url\":\"https:\\\/\\\/repliquemangacine.fr\\\/wp-content\\\/uploads\\\/2023\\\/10\\\/2288-Pistolet-hache-pirates-18eme-siecle.jpg\",\"contentUrl\":\"https:\\\/\\\/repliquemangacine.fr\\\/wp-content\\\/uploads\\\/2023\\\/10\\\/2288-Pistolet-hache-pirates-18eme-siecle.jpg\",\"width\":600,\"height\":600,\"caption\":\"Pistolet hache pirates 18\u00e8me si\u00e8cle\"},{\"@type\":\"BreadcrumbList\",\"@id\":\"https:\\\/\\\/repliquemangacine.fr\\\/armes-de-pirates\\\/pistolet-hache-pirates-18eme-siecle\\\/#breadcrumb\",\"itemListElement\":[{\"@type\":\"ListItem\",\"position\":1,\"name\":\"Accueil\",\"item\":\"https:\\\/\\\/repliquemangacine.fr\\\/\"},{\"@type\":\"ListItem\",\"position\":2,\"name\":\"Produits\",\"item\":\"https:\\\/\\\/repliquemangacine.fr\\\/boutique\\\/\"},{\"@type\":\"ListItem\",\"position\":3,\"name\":\"Pistolet Hache Pirates\"}]},{\"@type\":\"WebSite\",\"@id\":\"https:\\\/\\\/repliquemangacine.fr\\\/#website\",\"url\":\"https:\\\/\\\/repliquemangacine.fr\\\/\",\"name\":\"R\u00e9plique Manga Cin\u00e9\",\"description\":\"\",\"publisher\":{\"@id\":\"https:\\\/\\\/repliquemangacine.fr\\\/#organization\"},\"potentialAction\":[{\"@type\":\"SearchAction\",\"target\":{\"@type\":\"EntryPoint\",\"urlTemplate\":\"https:\\\/\\\/repliquemangacine.fr\\\/?s={search_term_string}\"},\"query-input\":{\"@type\":\"PropertyValueSpecification\",\"valueRequired\":true,\"valueName\":\"search_term_string\"}}],\"inLanguage\":\"de\"},{\"@type\":\"Organization\",\"@id\":\"https:\\\/\\\/repliquemangacine.fr\\\/#organization\",\"name\":\"R\u00e9plique Manga Cin\u00e9\",\"url\":\"https:\\\/\\\/repliquemangacine.fr\\\/\",\"logo\":{\"@type\":\"ImageObject\",\"inLanguage\":\"de\",\"@id\":\"https:\\\/\\\/repliquemangacine.fr\\\/#\\\/schema\\\/logo\\\/image\\\/\",\"url\":\"https:\\\/\\\/repliquemangacine.fr\\\/wp-content\\\/uploads\\\/2023\\\/10\\\/RMC-500250.png\",\"contentUrl\":\"https:\\\/\\\/repliquemangacine.fr\\\/wp-content\\\/uploads\\\/2023\\\/10\\\/RMC-500250.png\",\"width\":500,\"height\":250,\"caption\":\"R\u00e9plique Manga Cin\u00e9\"},\"image\":{\"@id\":\"https:\\\/\\\/repliquemangacine.fr\\\/#\\\/schema\\\/logo\\\/image\\\/\"},\"sameAs\":[\"https:\\\/\\\/www.facebook.com\\\/RepliqueMangaCine\",\"https:\\\/\\\/www.instagram.com\\\/repliquemangacine.fr\\\/\"]}]}<\/script>\n<!-- \/ Yoast SEO plugin. -->","yoast_head_json":{"title":"Pirates Axe Pistol - Gun axe - Online Shop | RMC","description":"Erleben Sie die Abenteuer der karibischen Meere mit dieser Axtpistole Piraten zum besten Preis - Klinge aus Stahl - Gesamtl\u00e4nge: 54.5 cm - Versand 24\/48h","robots":{"index":"index","follow":"follow","max-snippet":"max-snippet:-1","max-image-preview":"max-image-preview:large","max-video-preview":"max-video-preview:-1"},"canonical":"https:\/\/repliquemangacine.fr\/de\/piratenwaffen\/pistole-axt-piraten-18-jahrhundert\/","og_locale":"de_DE","og_type":"article","og_title":"Pistolet Hache Pirates - Gun axe - Boutique en ligne | RMC","og_description":"Vivez les aventures des mers des Cara\u00efbes avec ce Pistolet Hache Pirates au meilleur prix - Lame acier - Longueur totale : 54.5 cm - Envoi 24\/48h","og_url":"https:\/\/repliquemangacine.fr\/de\/piratenwaffen\/pistole-axt-piraten-18-jahrhundert\/","og_site_name":"R\u00e9plique Manga Cin\u00e9","article_publisher":"https:\/\/www.facebook.com\/RepliqueMangaCine","article_modified_time":"2026-02-24T09:26:40+00:00","og_image":[{"width":600,"height":600,"url":"https:\/\/repliquemangacine.fr\/wp-content\/uploads\/2023\/10\/2288-Pistolet-hache-pirates-18eme-siecle.jpg","type":"image\/jpeg"}],"twitter_card":"summary_large_image","twitter_misc":{"Gesch\u00e4tzte Lesezeit":"2\u00a0Minuten"},"schema":{"@context":"https:\/\/schema.org","@graph":[{"@type":"WebPage","@id":"https:\/\/repliquemangacine.fr\/armes-de-pirates\/pistolet-hache-pirates-18eme-siecle\/","url":"https:\/\/repliquemangacine.fr\/armes-de-pirates\/pistolet-hache-pirates-18eme-siecle\/","name":"Pirates Axe Pistol - Gun axe - Online Shop | RMC","isPartOf":{"@id":"https:\/\/repliquemangacine.fr\/#website"},"primaryImageOfPage":{"@id":"https:\/\/repliquemangacine.fr\/armes-de-pirates\/pistolet-hache-pirates-18eme-siecle\/#primaryimage"},"image":{"@id":"https:\/\/repliquemangacine.fr\/armes-de-pirates\/pistolet-hache-pirates-18eme-siecle\/#primaryimage"},"thumbnailUrl":"https:\/\/repliquemangacine.fr\/wp-content\/uploads\/2023\/10\/2288-Pistolet-hache-pirates-18eme-siecle.jpg","datePublished":"2017-08-21T16:50:23+00:00","dateModified":"2026-02-24T09:26:40+00:00","description":"Erleben Sie die Abenteuer der karibischen Meere mit dieser Axtpistole Piraten zum besten Preis - Klinge aus Stahl - Gesamtl\u00e4nge: 54.5 cm - Versand 24\/48h","breadcrumb":{"@id":"https:\/\/repliquemangacine.fr\/armes-de-pirates\/pistolet-hache-pirates-18eme-siecle\/#breadcrumb"},"inLanguage":"de","potentialAction":[{"@type":"ReadAction","target":["https:\/\/repliquemangacine.fr\/armes-de-pirates\/pistolet-hache-pirates-18eme-siecle\/"]}]},{"@type":"ImageObject","inLanguage":"de","@id":"https:\/\/repliquemangacine.fr\/armes-de-pirates\/pistolet-hache-pirates-18eme-siecle\/#primaryimage","url":"https:\/\/repliquemangacine.fr\/wp-content\/uploads\/2023\/10\/2288-Pistolet-hache-pirates-18eme-siecle.jpg","contentUrl":"https:\/\/repliquemangacine.fr\/wp-content\/uploads\/2023\/10\/2288-Pistolet-hache-pirates-18eme-siecle.jpg","width":600,"height":600,"caption":"Pistolet hache pirates 18\u00e8me si\u00e8cle"},{"@type":"BreadcrumbList","@id":"https:\/\/repliquemangacine.fr\/armes-de-pirates\/pistolet-hache-pirates-18eme-siecle\/#breadcrumb","itemListElement":[{"@type":"ListItem","position":1,"name":"Accueil","item":"https:\/\/repliquemangacine.fr\/"},{"@type":"ListItem","position":2,"name":"Produits","item":"https:\/\/repliquemangacine.fr\/boutique\/"},{"@type":"ListItem","position":3,"name":"Pistolet Hache Pirates"}]},{"@type":"WebSite","@id":"https:\/\/repliquemangacine.fr\/#website","url":"https:\/\/repliquemangacine.fr\/","name":"R\u00e9plique Manga Cin\u00e9","description":"","publisher":{"@id":"https:\/\/repliquemangacine.fr\/#organization"},"potentialAction":[{"@type":"SearchAction","target":{"@type":"EntryPoint","urlTemplate":"https:\/\/repliquemangacine.fr\/?s={search_term_string}"},"query-input":{"@type":"PropertyValueSpecification","valueRequired":true,"valueName":"search_term_string"}}],"inLanguage":"de"},{"@type":"Organization","@id":"https:\/\/repliquemangacine.fr\/#organization","name":"R\u00e9plique Manga Cin\u00e9","url":"https:\/\/repliquemangacine.fr\/","logo":{"@type":"ImageObject","inLanguage":"de","@id":"https:\/\/repliquemangacine.fr\/#\/schema\/logo\/image\/","url":"https:\/\/repliquemangacine.fr\/wp-content\/uploads\/2023\/10\/RMC-500250.png","contentUrl":"https:\/\/repliquemangacine.fr\/wp-content\/uploads\/2023\/10\/RMC-500250.png","width":500,"height":250,"caption":"R\u00e9plique Manga Cin\u00e9"},"image":{"@id":"https:\/\/repliquemangacine.fr\/#\/schema\/logo\/image\/"},"sameAs":["https:\/\/www.facebook.com\/RepliqueMangaCine","https:\/\/www.instagram.com\/repliquemangacine.fr\/"]}]}},"_links":{"self":[{"href":"https:\/\/repliquemangacine.fr\/de\/wp-json\/wp\/v2\/product\/27499","targetHints":{"allow":["GET"]}}],"collection":[{"href":"https:\/\/repliquemangacine.fr\/de\/wp-json\/wp\/v2\/product"}],"about":[{"href":"https:\/\/repliquemangacine.fr\/de\/wp-json\/wp\/v2\/types\/product"}],"wp:featuredmedia":[{"embeddable":true,"href":"https:\/\/repliquemangacine.fr\/de\/wp-json\/wp\/v2\/media\/27500"}],"wp:attachment":[{"href":"https:\/\/repliquemangacine.fr\/de\/wp-json\/wp\/v2\/media?parent=27499"}],"wp:term":[{"taxonomy":"product_brand","embeddable":true,"href":"https:\/\/repliquemangacine.fr\/de\/wp-json\/wp\/v2\/product_brand?post=27499"},{"taxonomy":"product_cat","embeddable":true,"href":"https:\/\/repliquemangacine.fr\/de\/wp-json\/wp\/v2\/product_cat?post=27499"},{"taxonomy":"product_tag","embeddable":true,"href":"https:\/\/repliquemangacine.fr\/de\/wp-json\/wp\/v2\/product_tag?post=27499"}],"curies":[{"name":"wp","href":"https:\/\/api.w.org\/{rel}","templated":true}]}}