





{"id":27488,"date":"2017-08-13T20:52:09","date_gmt":"2017-08-13T18:52:09","guid":{"rendered":"https:\/\/repliquemangacine.fr\/?post_type=product&#038;p=27488"},"modified":"2025-12-04T12:05:30","modified_gmt":"2025-12-04T11:05:30","slug":"tromblon-piraten-18-jahrhundert","status":"publish","type":"product","link":"https:\/\/repliquemangacine.fr\/de\/pistolet-pirate\/tromblon-pirates-18eme-siecle\/","title":{"rendered":"Tromblon Piraten 18\u1d49 Jahrhundert"},"content":{"rendered":"<h2>Tromblon de Pirates 18\u1d49 Denix.<\/h2>\n<p>Anfangs war die Tromblon de Pirates 18\u1d49 sehr ungenau. Daher war sie eher bei Ann\u00e4herungen w\u00e4hrend Seeschlachten n\u00fctzlich, wo der Kampf auf kurze Distanz stattfand.<\/p>\n<p>Funkenschusswaffen waren in der Regel sehr kurz, mit L\u00e4ufen von weniger als 60 cm L\u00e4nge, zu einer Zeit, als der Lauf einer Muskete mehr als 90 cm lang war. Basierend auf einem Feuerstein oder einem Feuersteinstein l\u00f6st der Abzugsmechanismus den Hammer aus, der den Funken erzeugt, der das Pulver entz\u00fcndet.<\/p>\n<p>Der trichterf\u00f6rmige Lauf schr\u00e4nkt die Pr\u00e4zision und Reichweite der Waffe ein. Er erm\u00f6glicht jedoch das Abfeuern mehrerer Projektile auf kurze Distanz. Diese Form erleichtert au\u00dferdem das Laden der Munition in den Lauf.<\/p>\n<h2>Ihre Piraten-Tromblone zum besten Preis.<\/h2>\n<p>Wir bieten Ihnen eine gro\u00dfe Auswahl an Repliken antiker Denix-Waffen.<\/p>\n<p>Zun\u00e4chst einmal,<\/p>\n<ul>\n<li>Die <a href=\"https:\/\/repliquemangacine.fr\/de\/andere-filme-und-serien\/piratenpistole-spark-gun-18-jahrhundert\/\">Piratenpistole Spark Gun<\/a> meistgenutzte Waffe von Piraten.<\/li>\n<li>Es gibt auch den <a href=\"https:\/\/repliquemangacine.fr\/de\/antike-pistole\/osterreichischer-flintlock-tromblon-18-jahrhundert\/\">\u00d6sterreichische Tromblone<\/a> basierend auf einem St\u00fcck aus dem 18.\u1d49 Jahrhundert.<\/li>\n<li>Und noch viel mehr gibt es in unserem Online-Shop zu entdecken!<\/li>\n<\/ul>\n<p>Deshalb sind hier tolle Geschenkideen f\u00fcr alle Liebhaber alter Waffen.<\/p>\n<p>Abschlie\u00dfend k\u00f6nnen Sie den <strong>Piraten-Tromblone<\/strong> 18\u1d49 f\u00fcr Ihre historischen Nachstellungen. Vor allem aber ist es ein Sammler- und Dekorationsst\u00fcck.<\/p>\n<p>R\u00e9plique Manga Cin\u00e9 ist ein franz\u00f6sisches Familienunternehmen, offizieller Vertriebspartner <a href=\"https:\/\/www.denix.fr\/fr\/catalogue\/colonial-et-pirate-1492-s-xviii\/tromblons\/1094-g\/\" target=\"_blank\" rel=\"noopener noreferrer\">Denix<\/a>.<\/p>\n<h2>Wie werden Denix-Waffenrepliken hergestellt?<\/h2>\n<p>Werden in historischen Rekonstruktionen, Filmen und Serien sowie von Sammlern verwendet. Denix-Waffenreproduktionen, die aus hochwertigen Materialien hergestellt werden. Sorgf\u00e4ltig bearbeitet und zusammengesetzt, um realistische Sammlerwaffen zu schaffen.<\/p>\n<ul>\n<li>Die Metalle sind in einer Metalllegierung, die als Zamac bekannt ist und deren Grundzusammensetzung Zink in 95% ist.<\/li>\n<li>Die Kunststoffteile der Repliken aus geformtem ABS, das eine hohe Widerstandsf\u00e4higkeit bietet.<\/li>\n<li>Holz, das aufgrund seiner Sch\u00f6nheit und Haltbarkeit ausgew\u00e4hlt wird, wie z. B. Mahagoni, Olivenholz oder Walnuss, verleiht Ihren Sch\u00e4ften und F\u00e4ssern ein elegantes und authentisches Aussehen.<\/li>\n<\/ul>\n<p>Es ist zu betonen, dass alle Nachbildungen von Denix-Waffen mit den Originalen identisch sind, wie Ihr <strong>Piraten-Tromblone.<\/strong><\/p>","protected":false},"excerpt":{"rendered":"<p>Replik der Piratentrompete aus dem 18\u1d49 Jahrhundert.<\/p>\n<ul>\n<li>Schaft und Kolben sind aus Massivholz.<\/li>\n<li>Funktioneller Mechanismus und Lauf aus Zamak.<\/li>\n<li>Ungeeignet f\u00fcr Sch\u00fcsse.<\/li>\n<li>Unterliegt keiner Genehmigungspflicht. Verkauf und Besitz frei<\/li>\n<li>Ma\u00dfe: 74 cm - Gewicht: 2000 Gramm<\/li>\n<\/ul>","protected":false},"featured_media":27489,"template":"","meta":[],"product_brand":[896],"product_cat":[49,25,102,52,114,37,83,28],"product_tag":[],"class_list":{"0":"post-27488","1":"product","2":"type-product","3":"status-publish","4":"has-post-thumbnail","6":"product_brand-replique-manga-cine","7":"product_cat-armes-de-pirates","8":"product_cat-armes-historiques","9":"product_cat-denix","10":"product_cat-pistolet-ancien","11":"product_cat-pistolet-pirate","12":"product_cat-premier-empire","13":"product_cat-replique-d-armes-1er-empire","14":"product_cat-repliques-darmes","16":"first","17":"instock","18":"sale","19":"taxable","20":"shipping-taxable","21":"purchasable","22":"product-type-simple"},"yoast_head":"<!-- This site is optimized with the Yoast SEO plugin v27.5 - https:\/\/yoast.com\/product\/yoast-seo-wordpress\/ -->\n<title>Tromblon de Pirates 18\u00e8me si\u00e8cle - Denix - R\u00e9plique Manga Cin\u00e9<\/title>\n<meta name=\"description\" content=\"Offrez-lui cette r\u00e9plique du Tromblon de Pirates 18\u1d49 au meilleur prix - Crosse et f\u00fbt en bois massif - M\u00e9canisme et canon en zamac - Longueur totale : 74 cm\" \/>\n<meta name=\"robots\" content=\"index, follow, max-snippet:-1, max-image-preview:large, max-video-preview:-1\" \/>\n<link rel=\"canonical\" href=\"https:\/\/repliquemangacine.fr\/de\/piratenpistole\/tromblon-piraten-18-jahrhundert\/\" \/>\n<meta property=\"og:locale\" content=\"de_DE\" \/>\n<meta property=\"og:type\" content=\"article\" \/>\n<meta property=\"og:title\" content=\"Tromblon de Pirates 18\u00e8me si\u00e8cle - Denix - R\u00e9plique Manga Cin\u00e9\" \/>\n<meta property=\"og:description\" content=\"Offrez-lui cette r\u00e9plique du Tromblon de Pirates 18\u1d49 au meilleur prix - Crosse et f\u00fbt en bois massif - M\u00e9canisme et canon en zamac - Longueur totale : 74 cm\" \/>\n<meta property=\"og:url\" content=\"https:\/\/repliquemangacine.fr\/de\/piratenpistole\/tromblon-piraten-18-jahrhundert\/\" \/>\n<meta property=\"og:site_name\" content=\"R\u00e9plique Manga Cin\u00e9\" \/>\n<meta property=\"article:publisher\" content=\"https:\/\/www.facebook.com\/RepliqueMangaCine\" \/>\n<meta property=\"article:modified_time\" content=\"2025-12-04T11:05:30+00:00\" \/>\n<meta property=\"og:image\" content=\"https:\/\/repliquemangacine.fr\/wp-content\/uploads\/2023\/10\/2277-Tromblon-pirates-18eme-siecle.jpg\" \/>\n\t<meta property=\"og:image:width\" content=\"600\" \/>\n\t<meta property=\"og:image:height\" content=\"600\" \/>\n\t<meta property=\"og:image:type\" content=\"image\/jpeg\" \/>\n<meta name=\"twitter:card\" content=\"summary_large_image\" \/>\n<meta name=\"twitter:label1\" content=\"Gesch\u00e4tzte Lesezeit\" \/>\n\t<meta name=\"twitter:data1\" content=\"2\u00a0Minuten\" \/>\n<script type=\"application\/ld+json\" class=\"yoast-schema-graph\">{\"@context\":\"https:\\\/\\\/schema.org\",\"@graph\":[{\"@type\":\"WebPage\",\"@id\":\"https:\\\/\\\/repliquemangacine.fr\\\/pistolet-pirate\\\/tromblon-pirates-18eme-siecle\\\/\",\"url\":\"https:\\\/\\\/repliquemangacine.fr\\\/pistolet-pirate\\\/tromblon-pirates-18eme-siecle\\\/\",\"name\":\"Tromblon de Pirates 18\u00e8me si\u00e8cle - Denix - R\u00e9plique Manga Cin\u00e9\",\"isPartOf\":{\"@id\":\"https:\\\/\\\/repliquemangacine.fr\\\/#website\"},\"primaryImageOfPage\":{\"@id\":\"https:\\\/\\\/repliquemangacine.fr\\\/pistolet-pirate\\\/tromblon-pirates-18eme-siecle\\\/#primaryimage\"},\"image\":{\"@id\":\"https:\\\/\\\/repliquemangacine.fr\\\/pistolet-pirate\\\/tromblon-pirates-18eme-siecle\\\/#primaryimage\"},\"thumbnailUrl\":\"https:\\\/\\\/repliquemangacine.fr\\\/wp-content\\\/uploads\\\/2023\\\/10\\\/2277-Tromblon-pirates-18eme-siecle.jpg\",\"datePublished\":\"2017-08-13T18:52:09+00:00\",\"dateModified\":\"2025-12-04T11:05:30+00:00\",\"description\":\"Offrez-lui cette r\u00e9plique du Tromblon de Pirates 18\u1d49 au meilleur prix - Crosse et f\u00fbt en bois massif - M\u00e9canisme et canon en zamac - Longueur totale : 74 cm\",\"breadcrumb\":{\"@id\":\"https:\\\/\\\/repliquemangacine.fr\\\/pistolet-pirate\\\/tromblon-pirates-18eme-siecle\\\/#breadcrumb\"},\"inLanguage\":\"de\",\"potentialAction\":[{\"@type\":\"ReadAction\",\"target\":[\"https:\\\/\\\/repliquemangacine.fr\\\/pistolet-pirate\\\/tromblon-pirates-18eme-siecle\\\/\"]}]},{\"@type\":\"ImageObject\",\"inLanguage\":\"de\",\"@id\":\"https:\\\/\\\/repliquemangacine.fr\\\/pistolet-pirate\\\/tromblon-pirates-18eme-siecle\\\/#primaryimage\",\"url\":\"https:\\\/\\\/repliquemangacine.fr\\\/wp-content\\\/uploads\\\/2023\\\/10\\\/2277-Tromblon-pirates-18eme-siecle.jpg\",\"contentUrl\":\"https:\\\/\\\/repliquemangacine.fr\\\/wp-content\\\/uploads\\\/2023\\\/10\\\/2277-Tromblon-pirates-18eme-siecle.jpg\",\"width\":600,\"height\":600,\"caption\":\"Tromblon pirates 18\u00e8me si\u00e8cle\"},{\"@type\":\"BreadcrumbList\",\"@id\":\"https:\\\/\\\/repliquemangacine.fr\\\/pistolet-pirate\\\/tromblon-pirates-18eme-siecle\\\/#breadcrumb\",\"itemListElement\":[{\"@type\":\"ListItem\",\"position\":1,\"name\":\"Accueil\",\"item\":\"https:\\\/\\\/repliquemangacine.fr\\\/\"},{\"@type\":\"ListItem\",\"position\":2,\"name\":\"Produits\",\"item\":\"https:\\\/\\\/repliquemangacine.fr\\\/boutique\\\/\"},{\"@type\":\"ListItem\",\"position\":3,\"name\":\"Tromblon pirates 18\u1d49 si\u00e8cle\"}]},{\"@type\":\"WebSite\",\"@id\":\"https:\\\/\\\/repliquemangacine.fr\\\/#website\",\"url\":\"https:\\\/\\\/repliquemangacine.fr\\\/\",\"name\":\"R\u00e9plique Manga Cin\u00e9\",\"description\":\"\",\"publisher\":{\"@id\":\"https:\\\/\\\/repliquemangacine.fr\\\/#organization\"},\"potentialAction\":[{\"@type\":\"SearchAction\",\"target\":{\"@type\":\"EntryPoint\",\"urlTemplate\":\"https:\\\/\\\/repliquemangacine.fr\\\/?s={search_term_string}\"},\"query-input\":{\"@type\":\"PropertyValueSpecification\",\"valueRequired\":true,\"valueName\":\"search_term_string\"}}],\"inLanguage\":\"de\"},{\"@type\":\"Organization\",\"@id\":\"https:\\\/\\\/repliquemangacine.fr\\\/#organization\",\"name\":\"R\u00e9plique Manga Cin\u00e9\",\"url\":\"https:\\\/\\\/repliquemangacine.fr\\\/\",\"logo\":{\"@type\":\"ImageObject\",\"inLanguage\":\"de\",\"@id\":\"https:\\\/\\\/repliquemangacine.fr\\\/#\\\/schema\\\/logo\\\/image\\\/\",\"url\":\"https:\\\/\\\/repliquemangacine.fr\\\/wp-content\\\/uploads\\\/2023\\\/10\\\/RMC-500250.png\",\"contentUrl\":\"https:\\\/\\\/repliquemangacine.fr\\\/wp-content\\\/uploads\\\/2023\\\/10\\\/RMC-500250.png\",\"width\":500,\"height\":250,\"caption\":\"R\u00e9plique Manga Cin\u00e9\"},\"image\":{\"@id\":\"https:\\\/\\\/repliquemangacine.fr\\\/#\\\/schema\\\/logo\\\/image\\\/\"},\"sameAs\":[\"https:\\\/\\\/www.facebook.com\\\/RepliqueMangaCine\",\"https:\\\/\\\/www.instagram.com\\\/repliquemangacine.fr\\\/\"]}]}<\/script>\n<!-- \/ Yoast SEO plugin. -->","yoast_head_json":{"title":"Piraten-Trompete 18. Jahrhundert - Denix - R\u00e9plique Manga Cin\u00e9","description":"Schenken Sie ihm diese Replik der Pirates Tromblon 18\u1d49 zum besten Preis - Schaft und Trommel aus Massivholz - Mechanismus und Lauf aus Zamak - Gesamtl\u00e4nge: 74 cm.","robots":{"index":"index","follow":"follow","max-snippet":"max-snippet:-1","max-image-preview":"max-image-preview:large","max-video-preview":"max-video-preview:-1"},"canonical":"https:\/\/repliquemangacine.fr\/de\/piratenpistole\/tromblon-piraten-18-jahrhundert\/","og_locale":"de_DE","og_type":"article","og_title":"Tromblon de Pirates 18\u00e8me si\u00e8cle - Denix - R\u00e9plique Manga Cin\u00e9","og_description":"Offrez-lui cette r\u00e9plique du Tromblon de Pirates 18\u1d49 au meilleur prix - Crosse et f\u00fbt en bois massif - M\u00e9canisme et canon en zamac - Longueur totale : 74 cm","og_url":"https:\/\/repliquemangacine.fr\/de\/piratenpistole\/tromblon-piraten-18-jahrhundert\/","og_site_name":"R\u00e9plique Manga Cin\u00e9","article_publisher":"https:\/\/www.facebook.com\/RepliqueMangaCine","article_modified_time":"2025-12-04T11:05:30+00:00","og_image":[{"width":600,"height":600,"url":"https:\/\/repliquemangacine.fr\/wp-content\/uploads\/2023\/10\/2277-Tromblon-pirates-18eme-siecle.jpg","type":"image\/jpeg"}],"twitter_card":"summary_large_image","twitter_misc":{"Gesch\u00e4tzte Lesezeit":"2\u00a0Minuten"},"schema":{"@context":"https:\/\/schema.org","@graph":[{"@type":"WebPage","@id":"https:\/\/repliquemangacine.fr\/pistolet-pirate\/tromblon-pirates-18eme-siecle\/","url":"https:\/\/repliquemangacine.fr\/pistolet-pirate\/tromblon-pirates-18eme-siecle\/","name":"Piraten-Trompete 18. Jahrhundert - Denix - R\u00e9plique Manga Cin\u00e9","isPartOf":{"@id":"https:\/\/repliquemangacine.fr\/#website"},"primaryImageOfPage":{"@id":"https:\/\/repliquemangacine.fr\/pistolet-pirate\/tromblon-pirates-18eme-siecle\/#primaryimage"},"image":{"@id":"https:\/\/repliquemangacine.fr\/pistolet-pirate\/tromblon-pirates-18eme-siecle\/#primaryimage"},"thumbnailUrl":"https:\/\/repliquemangacine.fr\/wp-content\/uploads\/2023\/10\/2277-Tromblon-pirates-18eme-siecle.jpg","datePublished":"2017-08-13T18:52:09+00:00","dateModified":"2025-12-04T11:05:30+00:00","description":"Schenken Sie ihm diese Replik der Pirates Tromblon 18\u1d49 zum besten Preis - Schaft und Trommel aus Massivholz - Mechanismus und Lauf aus Zamak - Gesamtl\u00e4nge: 74 cm.","breadcrumb":{"@id":"https:\/\/repliquemangacine.fr\/pistolet-pirate\/tromblon-pirates-18eme-siecle\/#breadcrumb"},"inLanguage":"de","potentialAction":[{"@type":"ReadAction","target":["https:\/\/repliquemangacine.fr\/pistolet-pirate\/tromblon-pirates-18eme-siecle\/"]}]},{"@type":"ImageObject","inLanguage":"de","@id":"https:\/\/repliquemangacine.fr\/pistolet-pirate\/tromblon-pirates-18eme-siecle\/#primaryimage","url":"https:\/\/repliquemangacine.fr\/wp-content\/uploads\/2023\/10\/2277-Tromblon-pirates-18eme-siecle.jpg","contentUrl":"https:\/\/repliquemangacine.fr\/wp-content\/uploads\/2023\/10\/2277-Tromblon-pirates-18eme-siecle.jpg","width":600,"height":600,"caption":"Tromblon pirates 18\u00e8me si\u00e8cle"},{"@type":"BreadcrumbList","@id":"https:\/\/repliquemangacine.fr\/pistolet-pirate\/tromblon-pirates-18eme-siecle\/#breadcrumb","itemListElement":[{"@type":"ListItem","position":1,"name":"Accueil","item":"https:\/\/repliquemangacine.fr\/"},{"@type":"ListItem","position":2,"name":"Produits","item":"https:\/\/repliquemangacine.fr\/boutique\/"},{"@type":"ListItem","position":3,"name":"Tromblon pirates 18\u1d49 si\u00e8cle"}]},{"@type":"WebSite","@id":"https:\/\/repliquemangacine.fr\/#website","url":"https:\/\/repliquemangacine.fr\/","name":"R\u00e9plique Manga Cin\u00e9","description":"","publisher":{"@id":"https:\/\/repliquemangacine.fr\/#organization"},"potentialAction":[{"@type":"SearchAction","target":{"@type":"EntryPoint","urlTemplate":"https:\/\/repliquemangacine.fr\/?s={search_term_string}"},"query-input":{"@type":"PropertyValueSpecification","valueRequired":true,"valueName":"search_term_string"}}],"inLanguage":"de"},{"@type":"Organization","@id":"https:\/\/repliquemangacine.fr\/#organization","name":"R\u00e9plique Manga Cin\u00e9","url":"https:\/\/repliquemangacine.fr\/","logo":{"@type":"ImageObject","inLanguage":"de","@id":"https:\/\/repliquemangacine.fr\/#\/schema\/logo\/image\/","url":"https:\/\/repliquemangacine.fr\/wp-content\/uploads\/2023\/10\/RMC-500250.png","contentUrl":"https:\/\/repliquemangacine.fr\/wp-content\/uploads\/2023\/10\/RMC-500250.png","width":500,"height":250,"caption":"R\u00e9plique Manga Cin\u00e9"},"image":{"@id":"https:\/\/repliquemangacine.fr\/#\/schema\/logo\/image\/"},"sameAs":["https:\/\/www.facebook.com\/RepliqueMangaCine","https:\/\/www.instagram.com\/repliquemangacine.fr\/"]}]}},"_links":{"self":[{"href":"https:\/\/repliquemangacine.fr\/de\/wp-json\/wp\/v2\/product\/27488","targetHints":{"allow":["GET"]}}],"collection":[{"href":"https:\/\/repliquemangacine.fr\/de\/wp-json\/wp\/v2\/product"}],"about":[{"href":"https:\/\/repliquemangacine.fr\/de\/wp-json\/wp\/v2\/types\/product"}],"wp:featuredmedia":[{"embeddable":true,"href":"https:\/\/repliquemangacine.fr\/de\/wp-json\/wp\/v2\/media\/27489"}],"wp:attachment":[{"href":"https:\/\/repliquemangacine.fr\/de\/wp-json\/wp\/v2\/media?parent=27488"}],"wp:term":[{"taxonomy":"product_brand","embeddable":true,"href":"https:\/\/repliquemangacine.fr\/de\/wp-json\/wp\/v2\/product_brand?post=27488"},{"taxonomy":"product_cat","embeddable":true,"href":"https:\/\/repliquemangacine.fr\/de\/wp-json\/wp\/v2\/product_cat?post=27488"},{"taxonomy":"product_tag","embeddable":true,"href":"https:\/\/repliquemangacine.fr\/de\/wp-json\/wp\/v2\/product_tag?post=27488"}],"curies":[{"name":"wp","href":"https:\/\/api.w.org\/{rel}","templated":true}]}}