





{"id":27479,"date":"2017-08-13T19:11:40","date_gmt":"2017-08-13T17:11:40","guid":{"rendered":"https:\/\/repliquemangacine.fr\/?post_type=product&#038;p=27479"},"modified":"2025-11-10T14:46:00","modified_gmt":"2025-11-10T13:46:00","slug":"legendares-schwert-excalibur-konig-arthur","status":"publish","type":"product","link":"https:\/\/repliquemangacine.fr\/de\/epee-templier-medievale\/epee-legendaire-excalibur-roi-arthur\/","title":{"rendered":"Legend\u00e4res Schwert Excalibur - K\u00f6nig Artus"},"content":{"rendered":"<h2>Replik des legend\u00e4ren Excalibur-Schwerts von K\u00f6nig Artus<\/h2>\n<p>Zu Beginn wird die<strong>Legend\u00e4res Schwert Excalibur<\/strong> K\u00f6nig Arthur hat den Ruf, unzerbrechlich zu sein und jedes Material zu durchschneiden. Seine Scheide sch\u00fctzt ihren Tr\u00e4ger vor Verletzungen. K\u00f6nig Arthur, der beide Artefakte besa\u00df, war daher auf dem Schlachtfeld unbesiegbar.<\/p>\n<p>Manche glauben, dass Excalibur und das Schwert aus dem Felsen (Beweis f\u00fcr Arthurs Abstammung) ein und dieselbe Waffe sind, aber in den meisten Versionen der Legende handelt es sich um zwei verschiedene Schwerter.<\/p>\n<p>Excalibur ist das legend\u00e4re magische Schwert von K\u00f6nig Artus, dem K\u00f6nig der Briten in den Texten der Artus-Sage aus dem Mittelalter. Die Geschichte von K\u00f6nig Artus ist eng mit dem magischen und geheimnisvollen Schwert Excalibur verbunden, dessen Name \u201cCut Steel\u201d (geschnittener Stahl) bedeutet, was eine seiner vielen Eigenschaften war.<\/p>\n<h2>Ihr Schwert Excalibur zum besten Preis<\/h2>\n<p>Wir bieten Ihnen eine gro\u00dfe Auswahl an Repliken aus dem Mittelalter.<\/p>\n<p>Zun\u00e4chst einmal,<\/p>\n<ul>\n<li>L'<a href=\"https:\/\/repliquemangacine.fr\/de\/mittelalterliches-schwert\/templer-schlagschwert\/\">Templer-Schlagschwert<\/a>Dieses Kampfschwert mit dem Kreuz auf dem Knauf.<\/li>\n<li>Aber auch die Nachbildung des<a href=\"https:\/\/repliquemangacine.fr\/de\/mittelalterliche-reproduktionen\/epee-richard-coeur-de-lion\/\">Schwert von Richard Coeur<\/a> von L\u00f6we unterzeichnet <a href=\"https:\/\/www.denix.fr\/fr\/accueil-fr\/\" target=\"_blank\" rel=\"noopener noreferrer\">Denix<\/a>.<\/li>\n<li>Und noch viel mehr gibt es in unserem Online-Shop zu entdecken!<\/li>\n<\/ul>\n<p>Deshalb ist dies eine tolle Geschenkidee f\u00fcr alle, die sich f\u00fcr die Zeit des Mittelalters begeistern.<\/p>\n<p>Abschlie\u00dfend k\u00f6nnen Sie auch diesen <strong>Legend\u00e4res Schwert Excalibur<\/strong> K\u00f6nig Arthur f\u00fcr Ihre historischen Nachstellungen und Darstellungen.<\/p>\n<p>Vor allem aber ist dieses Schwert auch ein Sammler- und Dekorationsst\u00fcck<\/p>\n<p>R\u00e9plique Manga Cin\u00e9 ist ein franz\u00f6sisches Familienunternehmen.<\/p>\n<h2>Wie pflegt man die Klinge seines mittelalterlichen Schwertes?<\/h2>\n<p>Sammlungs- und Dekorationsschwerter werden in vereinfachter Form hergestellt und zusammengebaut. Da sie zu Dekorationszwecken verwendet werden, fehlen ihnen die Sicherheitselemente, die ein japanisches Schwert f\u00fcr Trainingszwecke aufweisen muss.<\/p>\n<p>Allerdings ist Ihr <strong>Legend\u00e4res Schwert Excalibur<\/strong> zu einer Stahlklinge, die gepflegt werden muss, damit sie nicht mit der Zeit abgenutzt wird. Wenn du dein Schwert n\u00e4mlich ausstellst, werden deine Freunde neugierig sein, die Klinge zu sehen und sie zu ber\u00fchren. Hier ist Vorsicht geboten, denn Sie sollten wissen, dass die S\u00e4ure der Finger dem Stahl unabh\u00e4ngig von seiner Qualit\u00e4t sehr schadet.<\/p>\n<p>Wenn dies jedoch passiert, keine Panik, Sie brauchen nur ein Tuch, das mit etwas \u00d6l befeuchtet ist, und wischen die Fingerabdr\u00fccke ab. Wenn Sie dies tun, werden Sie Ihr Schwert sehr lange behalten.<\/p>","protected":false},"excerpt":{"rendered":"<p>Legend\u00e4res Schwert von K\u00f6nig Artus die Excalibur.<\/p>\n<ul>\n<li>Klinge aus gealtertem Stahl.<\/li>\n<li>Goldfarbener Metallb\u00fcgel mit Gravur.<\/li>\n<li>Metallgriff mit schwarzem Stahldraht.<\/li>\n<li>Metallknauf mit Gravur \"Excalibur\".<\/li>\n<li>Mit Kunstleder \u00fcberzogene Scheide mit Lederverdrillung.<\/li>\n<li>Ma\u00dfe: 111 cm - Gewicht: 1580 grs<\/li>\n<\/ul>","protected":false},"featured_media":27480,"template":"","meta":[],"product_brand":[896],"product_cat":[25,84,43],"product_tag":[],"class_list":{"0":"post-27479","1":"product","2":"type-product","3":"status-publish","4":"has-post-thumbnail","6":"product_brand-replique-manga-cine","7":"product_cat-armes-historiques","8":"product_cat-epee-templier-medievale","9":"product_cat-reproductions-d-armes-et-accessoires-medievales","11":"first","12":"instock","13":"taxable","14":"shipping-taxable","15":"purchasable","16":"product-type-simple"},"yoast_head":"<!-- This site is optimized with the Yoast SEO plugin v27.5 - https:\/\/yoast.com\/product\/yoast-seo-wordpress\/ -->\n<title>Ep\u00e9e l\u00e9gendaire Excalibur du roi Arthur | R\u00e9plique Manga Cin\u00e9<\/title>\n<meta name=\"description\" content=\"D\u00e9couvrez cette r\u00e9plique de Ep\u00e9e l\u00e9gendaire Excalibur sign\u00e9 Denix au meilleur prix. Lame en acier 440 - Fourreau en similicuir - Longueur totale : 111 cm\" \/>\n<meta name=\"robots\" content=\"index, follow, max-snippet:-1, max-image-preview:large, max-video-preview:-1\" \/>\n<link rel=\"canonical\" href=\"https:\/\/repliquemangacine.fr\/de\/mittelalterliches-schwert-der-templer\/legendares-schwert-excalibur-konig-arthur\/\" \/>\n<meta property=\"og:locale\" content=\"de_DE\" \/>\n<meta property=\"og:type\" content=\"article\" \/>\n<meta property=\"og:title\" content=\"Ep\u00e9e l\u00e9gendaire Excalibur du roi Arthur | R\u00e9plique Manga Cin\u00e9\" \/>\n<meta property=\"og:description\" content=\"D\u00e9couvrez cette r\u00e9plique de Ep\u00e9e l\u00e9gendaire Excalibur sign\u00e9 Denix au meilleur prix. Lame en acier 440 - Fourreau en similicuir - Longueur totale : 111 cm\" \/>\n<meta property=\"og:url\" content=\"https:\/\/repliquemangacine.fr\/de\/mittelalterliches-schwert-der-templer\/legendares-schwert-excalibur-konig-arthur\/\" \/>\n<meta property=\"og:site_name\" content=\"R\u00e9plique Manga Cin\u00e9\" \/>\n<meta property=\"article:publisher\" content=\"https:\/\/www.facebook.com\/RepliqueMangaCine\" \/>\n<meta property=\"article:modified_time\" content=\"2025-11-10T13:46:00+00:00\" \/>\n<meta property=\"og:image\" content=\"https:\/\/repliquemangacine.fr\/wp-content\/uploads\/2023\/10\/2269-Epee-legendaire-Excalibur-Roi-Arthur.jpg\" \/>\n\t<meta property=\"og:image:width\" content=\"600\" \/>\n\t<meta property=\"og:image:height\" content=\"600\" \/>\n\t<meta property=\"og:image:type\" content=\"image\/jpeg\" \/>\n<meta name=\"twitter:card\" content=\"summary_large_image\" \/>\n<meta name=\"twitter:label1\" content=\"Gesch\u00e4tzte Lesezeit\" \/>\n\t<meta name=\"twitter:data1\" content=\"2\u00a0Minuten\" \/>\n<script type=\"application\/ld+json\" class=\"yoast-schema-graph\">{\"@context\":\"https:\\\/\\\/schema.org\",\"@graph\":[{\"@type\":\"WebPage\",\"@id\":\"https:\\\/\\\/repliquemangacine.fr\\\/epee-templier-medievale\\\/epee-legendaire-excalibur-roi-arthur\\\/\",\"url\":\"https:\\\/\\\/repliquemangacine.fr\\\/epee-templier-medievale\\\/epee-legendaire-excalibur-roi-arthur\\\/\",\"name\":\"Ep\u00e9e l\u00e9gendaire Excalibur du roi Arthur | R\u00e9plique Manga Cin\u00e9\",\"isPartOf\":{\"@id\":\"https:\\\/\\\/repliquemangacine.fr\\\/#website\"},\"primaryImageOfPage\":{\"@id\":\"https:\\\/\\\/repliquemangacine.fr\\\/epee-templier-medievale\\\/epee-legendaire-excalibur-roi-arthur\\\/#primaryimage\"},\"image\":{\"@id\":\"https:\\\/\\\/repliquemangacine.fr\\\/epee-templier-medievale\\\/epee-legendaire-excalibur-roi-arthur\\\/#primaryimage\"},\"thumbnailUrl\":\"https:\\\/\\\/repliquemangacine.fr\\\/wp-content\\\/uploads\\\/2023\\\/10\\\/2269-Epee-legendaire-Excalibur-Roi-Arthur.jpg\",\"datePublished\":\"2017-08-13T17:11:40+00:00\",\"dateModified\":\"2025-11-10T13:46:00+00:00\",\"description\":\"D\u00e9couvrez cette r\u00e9plique de Ep\u00e9e l\u00e9gendaire Excalibur sign\u00e9 Denix au meilleur prix. Lame en acier 440 - Fourreau en similicuir - Longueur totale : 111 cm\",\"breadcrumb\":{\"@id\":\"https:\\\/\\\/repliquemangacine.fr\\\/epee-templier-medievale\\\/epee-legendaire-excalibur-roi-arthur\\\/#breadcrumb\"},\"inLanguage\":\"de\",\"potentialAction\":[{\"@type\":\"ReadAction\",\"target\":[\"https:\\\/\\\/repliquemangacine.fr\\\/epee-templier-medievale\\\/epee-legendaire-excalibur-roi-arthur\\\/\"]}]},{\"@type\":\"ImageObject\",\"inLanguage\":\"de\",\"@id\":\"https:\\\/\\\/repliquemangacine.fr\\\/epee-templier-medievale\\\/epee-legendaire-excalibur-roi-arthur\\\/#primaryimage\",\"url\":\"https:\\\/\\\/repliquemangacine.fr\\\/wp-content\\\/uploads\\\/2023\\\/10\\\/2269-Epee-legendaire-Excalibur-Roi-Arthur.jpg\",\"contentUrl\":\"https:\\\/\\\/repliquemangacine.fr\\\/wp-content\\\/uploads\\\/2023\\\/10\\\/2269-Epee-legendaire-Excalibur-Roi-Arthur.jpg\",\"width\":600,\"height\":600,\"caption\":\"Ep\u00e9e l\u00e9gendaire Excalibur - Roi Arthur\"},{\"@type\":\"BreadcrumbList\",\"@id\":\"https:\\\/\\\/repliquemangacine.fr\\\/epee-templier-medievale\\\/epee-legendaire-excalibur-roi-arthur\\\/#breadcrumb\",\"itemListElement\":[{\"@type\":\"ListItem\",\"position\":1,\"name\":\"Accueil\",\"item\":\"https:\\\/\\\/repliquemangacine.fr\\\/\"},{\"@type\":\"ListItem\",\"position\":2,\"name\":\"Produits\",\"item\":\"https:\\\/\\\/repliquemangacine.fr\\\/boutique\\\/\"},{\"@type\":\"ListItem\",\"position\":3,\"name\":\"Ep\u00e9e l\u00e9gendaire Excalibur &#8211; Roi Arthur\"}]},{\"@type\":\"WebSite\",\"@id\":\"https:\\\/\\\/repliquemangacine.fr\\\/#website\",\"url\":\"https:\\\/\\\/repliquemangacine.fr\\\/\",\"name\":\"R\u00e9plique Manga Cin\u00e9\",\"description\":\"\",\"publisher\":{\"@id\":\"https:\\\/\\\/repliquemangacine.fr\\\/#organization\"},\"potentialAction\":[{\"@type\":\"SearchAction\",\"target\":{\"@type\":\"EntryPoint\",\"urlTemplate\":\"https:\\\/\\\/repliquemangacine.fr\\\/?s={search_term_string}\"},\"query-input\":{\"@type\":\"PropertyValueSpecification\",\"valueRequired\":true,\"valueName\":\"search_term_string\"}}],\"inLanguage\":\"de\"},{\"@type\":\"Organization\",\"@id\":\"https:\\\/\\\/repliquemangacine.fr\\\/#organization\",\"name\":\"R\u00e9plique Manga Cin\u00e9\",\"url\":\"https:\\\/\\\/repliquemangacine.fr\\\/\",\"logo\":{\"@type\":\"ImageObject\",\"inLanguage\":\"de\",\"@id\":\"https:\\\/\\\/repliquemangacine.fr\\\/#\\\/schema\\\/logo\\\/image\\\/\",\"url\":\"https:\\\/\\\/repliquemangacine.fr\\\/wp-content\\\/uploads\\\/2023\\\/10\\\/RMC-500250.png\",\"contentUrl\":\"https:\\\/\\\/repliquemangacine.fr\\\/wp-content\\\/uploads\\\/2023\\\/10\\\/RMC-500250.png\",\"width\":500,\"height\":250,\"caption\":\"R\u00e9plique Manga Cin\u00e9\"},\"image\":{\"@id\":\"https:\\\/\\\/repliquemangacine.fr\\\/#\\\/schema\\\/logo\\\/image\\\/\"},\"sameAs\":[\"https:\\\/\\\/www.facebook.com\\\/RepliqueMangaCine\",\"https:\\\/\\\/www.instagram.com\\\/repliquemangacine.fr\\\/\"]}]}<\/script>\n<!-- \/ Yoast SEO plugin. -->","yoast_head_json":{"title":"Legend\u00e4res Schwert Excalibur von K\u00f6nig Artus | R\u00e9plique Manga Cin\u00e9","description":"Entdecken Sie diese Replik des legend\u00e4ren Schwertes Excalibur von Denix zum besten Preis. Klinge aus 440er Stahl - Scheide aus Kunstleder - Gesamtl\u00e4nge: 111 cm","robots":{"index":"index","follow":"follow","max-snippet":"max-snippet:-1","max-image-preview":"max-image-preview:large","max-video-preview":"max-video-preview:-1"},"canonical":"https:\/\/repliquemangacine.fr\/de\/mittelalterliches-schwert-der-templer\/legendares-schwert-excalibur-konig-arthur\/","og_locale":"de_DE","og_type":"article","og_title":"Ep\u00e9e l\u00e9gendaire Excalibur du roi Arthur | R\u00e9plique Manga Cin\u00e9","og_description":"D\u00e9couvrez cette r\u00e9plique de Ep\u00e9e l\u00e9gendaire Excalibur sign\u00e9 Denix au meilleur prix. Lame en acier 440 - Fourreau en similicuir - Longueur totale : 111 cm","og_url":"https:\/\/repliquemangacine.fr\/de\/mittelalterliches-schwert-der-templer\/legendares-schwert-excalibur-konig-arthur\/","og_site_name":"R\u00e9plique Manga Cin\u00e9","article_publisher":"https:\/\/www.facebook.com\/RepliqueMangaCine","article_modified_time":"2025-11-10T13:46:00+00:00","og_image":[{"width":600,"height":600,"url":"https:\/\/repliquemangacine.fr\/wp-content\/uploads\/2023\/10\/2269-Epee-legendaire-Excalibur-Roi-Arthur.jpg","type":"image\/jpeg"}],"twitter_card":"summary_large_image","twitter_misc":{"Gesch\u00e4tzte Lesezeit":"2\u00a0Minuten"},"schema":{"@context":"https:\/\/schema.org","@graph":[{"@type":"WebPage","@id":"https:\/\/repliquemangacine.fr\/epee-templier-medievale\/epee-legendaire-excalibur-roi-arthur\/","url":"https:\/\/repliquemangacine.fr\/epee-templier-medievale\/epee-legendaire-excalibur-roi-arthur\/","name":"Legend\u00e4res Schwert Excalibur von K\u00f6nig Artus | R\u00e9plique Manga Cin\u00e9","isPartOf":{"@id":"https:\/\/repliquemangacine.fr\/#website"},"primaryImageOfPage":{"@id":"https:\/\/repliquemangacine.fr\/epee-templier-medievale\/epee-legendaire-excalibur-roi-arthur\/#primaryimage"},"image":{"@id":"https:\/\/repliquemangacine.fr\/epee-templier-medievale\/epee-legendaire-excalibur-roi-arthur\/#primaryimage"},"thumbnailUrl":"https:\/\/repliquemangacine.fr\/wp-content\/uploads\/2023\/10\/2269-Epee-legendaire-Excalibur-Roi-Arthur.jpg","datePublished":"2017-08-13T17:11:40+00:00","dateModified":"2025-11-10T13:46:00+00:00","description":"Entdecken Sie diese Replik des legend\u00e4ren Schwertes Excalibur von Denix zum besten Preis. Klinge aus 440er Stahl - Scheide aus Kunstleder - Gesamtl\u00e4nge: 111 cm","breadcrumb":{"@id":"https:\/\/repliquemangacine.fr\/epee-templier-medievale\/epee-legendaire-excalibur-roi-arthur\/#breadcrumb"},"inLanguage":"de","potentialAction":[{"@type":"ReadAction","target":["https:\/\/repliquemangacine.fr\/epee-templier-medievale\/epee-legendaire-excalibur-roi-arthur\/"]}]},{"@type":"ImageObject","inLanguage":"de","@id":"https:\/\/repliquemangacine.fr\/epee-templier-medievale\/epee-legendaire-excalibur-roi-arthur\/#primaryimage","url":"https:\/\/repliquemangacine.fr\/wp-content\/uploads\/2023\/10\/2269-Epee-legendaire-Excalibur-Roi-Arthur.jpg","contentUrl":"https:\/\/repliquemangacine.fr\/wp-content\/uploads\/2023\/10\/2269-Epee-legendaire-Excalibur-Roi-Arthur.jpg","width":600,"height":600,"caption":"Ep\u00e9e l\u00e9gendaire Excalibur - Roi Arthur"},{"@type":"BreadcrumbList","@id":"https:\/\/repliquemangacine.fr\/epee-templier-medievale\/epee-legendaire-excalibur-roi-arthur\/#breadcrumb","itemListElement":[{"@type":"ListItem","position":1,"name":"Accueil","item":"https:\/\/repliquemangacine.fr\/"},{"@type":"ListItem","position":2,"name":"Produits","item":"https:\/\/repliquemangacine.fr\/boutique\/"},{"@type":"ListItem","position":3,"name":"Ep\u00e9e l\u00e9gendaire Excalibur &#8211; Roi Arthur"}]},{"@type":"WebSite","@id":"https:\/\/repliquemangacine.fr\/#website","url":"https:\/\/repliquemangacine.fr\/","name":"R\u00e9plique Manga Cin\u00e9","description":"","publisher":{"@id":"https:\/\/repliquemangacine.fr\/#organization"},"potentialAction":[{"@type":"SearchAction","target":{"@type":"EntryPoint","urlTemplate":"https:\/\/repliquemangacine.fr\/?s={search_term_string}"},"query-input":{"@type":"PropertyValueSpecification","valueRequired":true,"valueName":"search_term_string"}}],"inLanguage":"de"},{"@type":"Organization","@id":"https:\/\/repliquemangacine.fr\/#organization","name":"R\u00e9plique Manga Cin\u00e9","url":"https:\/\/repliquemangacine.fr\/","logo":{"@type":"ImageObject","inLanguage":"de","@id":"https:\/\/repliquemangacine.fr\/#\/schema\/logo\/image\/","url":"https:\/\/repliquemangacine.fr\/wp-content\/uploads\/2023\/10\/RMC-500250.png","contentUrl":"https:\/\/repliquemangacine.fr\/wp-content\/uploads\/2023\/10\/RMC-500250.png","width":500,"height":250,"caption":"R\u00e9plique Manga Cin\u00e9"},"image":{"@id":"https:\/\/repliquemangacine.fr\/#\/schema\/logo\/image\/"},"sameAs":["https:\/\/www.facebook.com\/RepliqueMangaCine","https:\/\/www.instagram.com\/repliquemangacine.fr\/"]}]}},"_links":{"self":[{"href":"https:\/\/repliquemangacine.fr\/de\/wp-json\/wp\/v2\/product\/27479","targetHints":{"allow":["GET"]}}],"collection":[{"href":"https:\/\/repliquemangacine.fr\/de\/wp-json\/wp\/v2\/product"}],"about":[{"href":"https:\/\/repliquemangacine.fr\/de\/wp-json\/wp\/v2\/types\/product"}],"wp:featuredmedia":[{"embeddable":true,"href":"https:\/\/repliquemangacine.fr\/de\/wp-json\/wp\/v2\/media\/27480"}],"wp:attachment":[{"href":"https:\/\/repliquemangacine.fr\/de\/wp-json\/wp\/v2\/media?parent=27479"}],"wp:term":[{"taxonomy":"product_brand","embeddable":true,"href":"https:\/\/repliquemangacine.fr\/de\/wp-json\/wp\/v2\/product_brand?post=27479"},{"taxonomy":"product_cat","embeddable":true,"href":"https:\/\/repliquemangacine.fr\/de\/wp-json\/wp\/v2\/product_cat?post=27479"},{"taxonomy":"product_tag","embeddable":true,"href":"https:\/\/repliquemangacine.fr\/de\/wp-json\/wp\/v2\/product_tag?post=27479"}],"curies":[{"name":"wp","href":"https:\/\/api.w.org\/{rel}","templated":true}]}}