





{"id":27463,"date":"2017-08-02T19:17:52","date_gmt":"2017-08-02T17:17:52","guid":{"rendered":"https:\/\/repliquemangacine.fr\/?post_type=product&#038;p=27463"},"modified":"2025-09-23T18:01:56","modified_gmt":"2025-09-23T16:01:56","slug":"pistole-georges-washington-18-jahrhundert","status":"publish","type":"product","link":"https:\/\/repliquemangacine.fr\/de\/replique-d-armes-1er-empire\/pistolet-georges-washington-18eme-siecle\/","title":{"rendered":"Pistole Georges Washington 18. Jahrhundert"},"content":{"rendered":"<h2>Pistole Georges Washington 18\u1d49 Denix.<\/h2>\n<p>Zu Beginn wird der <strong>Pistole Georges Washington<\/strong> 18\u1d49 Jahrhundert, hergestellt in England auf ausdr\u00fccklichen Befehl von George Washington (1732-1799), dem ersten Pr\u00e4sidenten der Vereinigten Staaten von Amerika.<\/p>\n<p>Funkenpistolen hatten einen Feuerstein oder Feuerstein, der durch den Hammer ausgel\u00f6st wurde und den Funken erzeugte, der das Schie\u00dfpulver entz\u00fcndete. Bei all diesen Waffen musste die Munition nach jedem Schuss von Hand nachgeladen werden.<\/p>\n<p>Die Steinschlosspistole blieb \u00fcber 200 Jahre lang die in ganz Europa und dar\u00fcber hinaus am h\u00e4ufigsten verwendete Waffe. Sie wurde von Armeen und vor allem w\u00e4hrend der napoleonischen \u00c4ra h\u00e4ufig verwendet. Daher war sie bei historischen Rekonstruktionen dieser Epoche und bei allen Schlachten des 18.<\/p>\n<h2>Ihre George Washington Pistol zum besten Preis.<\/h2>\n<p>Wir bieten Ihnen eine gro\u00dfe Auswahl an Repliken antiker Denix-Waffen.<\/p>\n<p>Zun\u00e4chst einmal,<\/p>\n<ul>\n<li>Die <a href=\"https:\/\/repliquemangacine.fr\/de\/antike-pistole\/englische-duellpistole-18-jahrhundert\/\">Englische Duellpistole,<\/a> eines der st\u00e4rksten und zuverl\u00e4ssigsten Flintlocks.<\/li>\n<li>Es gibt auch den <a href=\"https:\/\/repliquemangacine.fr\/de\/antike-pistole\/deutsche-steinschlosspistole-18-jahrhundert\/\">deutsche Steinschlosspistole<\/a> aus dem 18\u1d49 Jahrhundert.<\/li>\n<li>Und noch viel mehr gibt es in unserem Online-Shop zu entdecken!<\/li>\n<\/ul>\n<p>Deshalb sind hier tolle Geschenkideen f\u00fcr alle Liebhaber alter Waffen.<\/p>\n<p>Abschlie\u00dfend k\u00f6nnen Sie den <strong>Pistole Georges Washington<\/strong> 18\u1d49 Si\u00e8cle f\u00fcr Ihre historischen Nachstellungen. Vor allem aber ist es ein Sammler- und Dekorationsst\u00fcck.<\/p>\n<p>R\u00e9plique Manga Cin\u00e9 ist ein franz\u00f6sisches Familienunternehmen, offizieller Vertriebspartner <a href=\"https:\/\/www.denix.fr\/fr\/catalogue\/guerre-civile-occidentale-et-americaine-1861-1899\/pistolets\/1228\/\" target=\"_blank\" rel=\"noopener noreferrer\">Denix<\/a>.<\/p>\n<h2>Wie werden Denix-Waffenrepliken hergestellt?<\/h2>\n<p>Sie werden in historischen Rekonstruktionen, Filmen und Serien sowie von Sammlern verwendet. Denix-Waffenreproduktionen werden aus hochwertigen Materialien hergestellt. Sorgf\u00e4ltig bearbeitet und zusammengesetzt, um realistische Sammlerwaffen zu schaffen.<\/p>\n<ul>\n<li>Die Metalle sind in einer Metalllegierung, die als Zamac bekannt ist und deren Grundzusammensetzung Zink in 95% ist.<\/li>\n<li>Die Kunststoffteile der Repliken bestehen aus geformtem ABS und bieten eine hohe Widerstandsf\u00e4higkeit.<\/li>\n<li>Holz, das aufgrund seiner Sch\u00f6nheit und Haltbarkeit ausgew\u00e4hlt wird, wie z. B. Mahagoni, Olivenholz oder Walnuss, verleiht Ihren Sch\u00e4ften und F\u00e4ssern ein elegantes und authentisches Aussehen.<\/li>\n<\/ul>\n<p>Es ist zu betonen, dass alle Nachbildungen von Denix-Waffen mit den Originalen identisch sind, wie Ihr <strong>Pistole Georges Washington.<\/strong><\/p>","protected":false},"excerpt":{"rendered":"<p>Erhabene Replik der Pistole aus dem 18\u1d49 Jahrhundert von George Washington.<\/p>\n<ul>\n<li>Vollst\u00e4ndig aus Massivholz.<\/li>\n<li>Mechanismus und Garnitur aus Zamak mit Gravuren.<\/li>\n<li>Inschrift des Namens des ersten Pr\u00e4sidenten der USA.<\/li>\n<li>Mechanismus funktioniert, zieht aber nicht.<\/li>\n<li>Ma\u00dfe: 36 cm -Gewicht: 680 Gramm<\/li>\n<li>Unterliegt keiner Genehmigungspflicht. Verkauf und Besitz frei.<\/li>\n<\/ul>\n<p><iframe src=\"https:\/\/www.youtube.com\/embed\/RfQSGMMR47Y\" width=\"340\" height=\"191\" frameborder=\"0\"><\/iframe><\/p>","protected":false},"featured_media":27464,"template":"","meta":[],"product_brand":[896],"product_cat":[25,102,52,37,83,28],"product_tag":[],"class_list":{"0":"post-27463","1":"product","2":"type-product","3":"status-publish","4":"has-post-thumbnail","6":"product_brand-replique-manga-cine","7":"product_cat-armes-historiques","8":"product_cat-denix","9":"product_cat-pistolet-ancien","10":"product_cat-premier-empire","11":"product_cat-replique-d-armes-1er-empire","12":"product_cat-repliques-darmes","14":"first","15":"instock","16":"sale","17":"taxable","18":"shipping-taxable","19":"purchasable","20":"product-type-simple"},"yoast_head":"<!-- This site is optimized with the Yoast SEO plugin v27.5 - https:\/\/yoast.com\/product\/yoast-seo-wordpress\/ -->\n<title>Pistolet Georges Washington - Denix - R\u00e9plique Manga Cin\u00e9<\/title>\n<meta name=\"description\" content=\"Offre-lui cette r\u00e9plique du Pistolet Georges Washington du 18\u1d49 au meilleur prix. F\u00fbt en bois - M\u00e9canisme en zamac fonctionnel - Gravures - Longueur : 36 cm\" \/>\n<meta name=\"robots\" content=\"index, follow, max-snippet:-1, max-image-preview:large, max-video-preview:-1\" \/>\n<link rel=\"canonical\" href=\"https:\/\/repliquemangacine.fr\/de\/denix\/pistole-georges-washington-18-jahrhundert\/\" \/>\n<meta property=\"og:locale\" content=\"de_DE\" \/>\n<meta property=\"og:type\" content=\"article\" \/>\n<meta property=\"og:title\" content=\"Pistolet Georges Washington - Denix - R\u00e9plique Manga Cin\u00e9\" \/>\n<meta property=\"og:description\" content=\"Offre-lui cette r\u00e9plique du Pistolet Georges Washington du 18\u1d49 au meilleur prix. F\u00fbt en bois - M\u00e9canisme en zamac fonctionnel - Gravures - Longueur : 36 cm\" \/>\n<meta property=\"og:url\" content=\"https:\/\/repliquemangacine.fr\/de\/denix\/pistole-georges-washington-18-jahrhundert\/\" \/>\n<meta property=\"og:site_name\" content=\"R\u00e9plique Manga Cin\u00e9\" \/>\n<meta property=\"article:publisher\" content=\"https:\/\/www.facebook.com\/RepliqueMangaCine\" \/>\n<meta property=\"article:modified_time\" content=\"2025-09-23T16:01:56+00:00\" \/>\n<meta property=\"og:image\" content=\"https:\/\/repliquemangacine.fr\/wp-content\/uploads\/2023\/10\/2254-Pistolet-Georges-Washington-18eme-siecle.jpg\" \/>\n\t<meta property=\"og:image:width\" content=\"600\" \/>\n\t<meta property=\"og:image:height\" content=\"600\" \/>\n\t<meta property=\"og:image:type\" content=\"image\/jpeg\" \/>\n<meta name=\"twitter:card\" content=\"summary_large_image\" \/>\n<meta name=\"twitter:label1\" content=\"Gesch\u00e4tzte Lesezeit\" \/>\n\t<meta name=\"twitter:data1\" content=\"2\u00a0Minuten\" \/>\n<script type=\"application\/ld+json\" class=\"yoast-schema-graph\">{\"@context\":\"https:\\\/\\\/schema.org\",\"@graph\":[{\"@type\":\"WebPage\",\"@id\":\"https:\\\/\\\/repliquemangacine.fr\\\/en\\\/denix\\\/george-washington-pistol-18th-century\\\/\",\"url\":\"https:\\\/\\\/repliquemangacine.fr\\\/en\\\/denix\\\/george-washington-pistol-18th-century\\\/\",\"name\":\"Pistolet Georges Washington - Denix - R\u00e9plique Manga Cin\u00e9\",\"isPartOf\":{\"@id\":\"https:\\\/\\\/repliquemangacine.fr\\\/#website\"},\"primaryImageOfPage\":{\"@id\":\"https:\\\/\\\/repliquemangacine.fr\\\/en\\\/denix\\\/george-washington-pistol-18th-century\\\/#primaryimage\"},\"image\":{\"@id\":\"https:\\\/\\\/repliquemangacine.fr\\\/en\\\/denix\\\/george-washington-pistol-18th-century\\\/#primaryimage\"},\"thumbnailUrl\":\"https:\\\/\\\/repliquemangacine.fr\\\/wp-content\\\/uploads\\\/2023\\\/10\\\/2254-Pistolet-Georges-Washington-18eme-siecle.jpg\",\"datePublished\":\"2017-08-02T17:17:52+00:00\",\"dateModified\":\"2025-09-23T16:01:56+00:00\",\"description\":\"Offre-lui cette r\u00e9plique du Pistolet Georges Washington du 18\u1d49 au meilleur prix. F\u00fbt en bois - M\u00e9canisme en zamac fonctionnel - Gravures - Longueur : 36 cm\",\"breadcrumb\":{\"@id\":\"https:\\\/\\\/repliquemangacine.fr\\\/en\\\/denix\\\/george-washington-pistol-18th-century\\\/#breadcrumb\"},\"inLanguage\":\"de\",\"potentialAction\":[{\"@type\":\"ReadAction\",\"target\":[\"https:\\\/\\\/repliquemangacine.fr\\\/en\\\/denix\\\/george-washington-pistol-18th-century\\\/\"]}]},{\"@type\":\"ImageObject\",\"inLanguage\":\"de\",\"@id\":\"https:\\\/\\\/repliquemangacine.fr\\\/en\\\/denix\\\/george-washington-pistol-18th-century\\\/#primaryimage\",\"url\":\"https:\\\/\\\/repliquemangacine.fr\\\/wp-content\\\/uploads\\\/2023\\\/10\\\/2254-Pistolet-Georges-Washington-18eme-siecle.jpg\",\"contentUrl\":\"https:\\\/\\\/repliquemangacine.fr\\\/wp-content\\\/uploads\\\/2023\\\/10\\\/2254-Pistolet-Georges-Washington-18eme-siecle.jpg\",\"width\":600,\"height\":600,\"caption\":\"Pistolet Georges Washington 18\u00e8me si\u00e8cle\"},{\"@type\":\"BreadcrumbList\",\"@id\":\"https:\\\/\\\/repliquemangacine.fr\\\/en\\\/denix\\\/george-washington-pistol-18th-century\\\/#breadcrumb\",\"itemListElement\":[{\"@type\":\"ListItem\",\"position\":1,\"name\":\"Accueil\",\"item\":\"https:\\\/\\\/repliquemangacine.fr\\\/\"},{\"@type\":\"ListItem\",\"position\":2,\"name\":\"Produits\",\"item\":\"https:\\\/\\\/repliquemangacine.fr\\\/boutique\\\/\"},{\"@type\":\"ListItem\",\"position\":3,\"name\":\"Pistolet Georges Washington 18\u00e8me si\u00e8cle\"}]},{\"@type\":\"WebSite\",\"@id\":\"https:\\\/\\\/repliquemangacine.fr\\\/#website\",\"url\":\"https:\\\/\\\/repliquemangacine.fr\\\/\",\"name\":\"R\u00e9plique Manga Cin\u00e9\",\"description\":\"\",\"publisher\":{\"@id\":\"https:\\\/\\\/repliquemangacine.fr\\\/#organization\"},\"potentialAction\":[{\"@type\":\"SearchAction\",\"target\":{\"@type\":\"EntryPoint\",\"urlTemplate\":\"https:\\\/\\\/repliquemangacine.fr\\\/?s={search_term_string}\"},\"query-input\":{\"@type\":\"PropertyValueSpecification\",\"valueRequired\":true,\"valueName\":\"search_term_string\"}}],\"inLanguage\":\"de\"},{\"@type\":\"Organization\",\"@id\":\"https:\\\/\\\/repliquemangacine.fr\\\/#organization\",\"name\":\"R\u00e9plique Manga Cin\u00e9\",\"url\":\"https:\\\/\\\/repliquemangacine.fr\\\/\",\"logo\":{\"@type\":\"ImageObject\",\"inLanguage\":\"de\",\"@id\":\"https:\\\/\\\/repliquemangacine.fr\\\/#\\\/schema\\\/logo\\\/image\\\/\",\"url\":\"https:\\\/\\\/repliquemangacine.fr\\\/wp-content\\\/uploads\\\/2023\\\/10\\\/RMC-500250.png\",\"contentUrl\":\"https:\\\/\\\/repliquemangacine.fr\\\/wp-content\\\/uploads\\\/2023\\\/10\\\/RMC-500250.png\",\"width\":500,\"height\":250,\"caption\":\"R\u00e9plique Manga Cin\u00e9\"},\"image\":{\"@id\":\"https:\\\/\\\/repliquemangacine.fr\\\/#\\\/schema\\\/logo\\\/image\\\/\"},\"sameAs\":[\"https:\\\/\\\/www.facebook.com\\\/RepliqueMangaCine\",\"https:\\\/\\\/www.instagram.com\\\/repliquemangacine.fr\\\/\"]}]}<\/script>\n<!-- \/ Yoast SEO plugin. -->","yoast_head_json":{"title":"Pistole George Washington - Denix - R\u00e9plique Manga Cin\u00e9","description":"Biete ihm diese Replik der George Washington Pistol aus der 18\u1d49 zum besten Preis an. Holzschaft - Funktionaler Zamak-Mechanismus - Gravuren - L\u00e4nge: 36 cm","robots":{"index":"index","follow":"follow","max-snippet":"max-snippet:-1","max-image-preview":"max-image-preview:large","max-video-preview":"max-video-preview:-1"},"canonical":"https:\/\/repliquemangacine.fr\/de\/denix\/pistole-georges-washington-18-jahrhundert\/","og_locale":"de_DE","og_type":"article","og_title":"Pistolet Georges Washington - Denix - R\u00e9plique Manga Cin\u00e9","og_description":"Offre-lui cette r\u00e9plique du Pistolet Georges Washington du 18\u1d49 au meilleur prix. F\u00fbt en bois - M\u00e9canisme en zamac fonctionnel - Gravures - Longueur : 36 cm","og_url":"https:\/\/repliquemangacine.fr\/de\/denix\/pistole-georges-washington-18-jahrhundert\/","og_site_name":"R\u00e9plique Manga Cin\u00e9","article_publisher":"https:\/\/www.facebook.com\/RepliqueMangaCine","article_modified_time":"2025-09-23T16:01:56+00:00","og_image":[{"width":600,"height":600,"url":"https:\/\/repliquemangacine.fr\/wp-content\/uploads\/2023\/10\/2254-Pistolet-Georges-Washington-18eme-siecle.jpg","type":"image\/jpeg"}],"twitter_card":"summary_large_image","twitter_misc":{"Gesch\u00e4tzte Lesezeit":"2\u00a0Minuten"},"schema":{"@context":"https:\/\/schema.org","@graph":[{"@type":"WebPage","@id":"https:\/\/repliquemangacine.fr\/en\/denix\/george-washington-pistol-18th-century\/","url":"https:\/\/repliquemangacine.fr\/en\/denix\/george-washington-pistol-18th-century\/","name":"Pistole George Washington - Denix - R\u00e9plique Manga Cin\u00e9","isPartOf":{"@id":"https:\/\/repliquemangacine.fr\/#website"},"primaryImageOfPage":{"@id":"https:\/\/repliquemangacine.fr\/en\/denix\/george-washington-pistol-18th-century\/#primaryimage"},"image":{"@id":"https:\/\/repliquemangacine.fr\/en\/denix\/george-washington-pistol-18th-century\/#primaryimage"},"thumbnailUrl":"https:\/\/repliquemangacine.fr\/wp-content\/uploads\/2023\/10\/2254-Pistolet-Georges-Washington-18eme-siecle.jpg","datePublished":"2017-08-02T17:17:52+00:00","dateModified":"2025-09-23T16:01:56+00:00","description":"Biete ihm diese Replik der George Washington Pistol aus der 18\u1d49 zum besten Preis an. Holzschaft - Funktionaler Zamak-Mechanismus - Gravuren - L\u00e4nge: 36 cm","breadcrumb":{"@id":"https:\/\/repliquemangacine.fr\/en\/denix\/george-washington-pistol-18th-century\/#breadcrumb"},"inLanguage":"de","potentialAction":[{"@type":"ReadAction","target":["https:\/\/repliquemangacine.fr\/en\/denix\/george-washington-pistol-18th-century\/"]}]},{"@type":"ImageObject","inLanguage":"de","@id":"https:\/\/repliquemangacine.fr\/en\/denix\/george-washington-pistol-18th-century\/#primaryimage","url":"https:\/\/repliquemangacine.fr\/wp-content\/uploads\/2023\/10\/2254-Pistolet-Georges-Washington-18eme-siecle.jpg","contentUrl":"https:\/\/repliquemangacine.fr\/wp-content\/uploads\/2023\/10\/2254-Pistolet-Georges-Washington-18eme-siecle.jpg","width":600,"height":600,"caption":"Pistolet Georges Washington 18\u00e8me si\u00e8cle"},{"@type":"BreadcrumbList","@id":"https:\/\/repliquemangacine.fr\/en\/denix\/george-washington-pistol-18th-century\/#breadcrumb","itemListElement":[{"@type":"ListItem","position":1,"name":"Accueil","item":"https:\/\/repliquemangacine.fr\/"},{"@type":"ListItem","position":2,"name":"Produits","item":"https:\/\/repliquemangacine.fr\/boutique\/"},{"@type":"ListItem","position":3,"name":"Pistolet Georges Washington 18\u00e8me si\u00e8cle"}]},{"@type":"WebSite","@id":"https:\/\/repliquemangacine.fr\/#website","url":"https:\/\/repliquemangacine.fr\/","name":"R\u00e9plique Manga Cin\u00e9","description":"","publisher":{"@id":"https:\/\/repliquemangacine.fr\/#organization"},"potentialAction":[{"@type":"SearchAction","target":{"@type":"EntryPoint","urlTemplate":"https:\/\/repliquemangacine.fr\/?s={search_term_string}"},"query-input":{"@type":"PropertyValueSpecification","valueRequired":true,"valueName":"search_term_string"}}],"inLanguage":"de"},{"@type":"Organization","@id":"https:\/\/repliquemangacine.fr\/#organization","name":"R\u00e9plique Manga Cin\u00e9","url":"https:\/\/repliquemangacine.fr\/","logo":{"@type":"ImageObject","inLanguage":"de","@id":"https:\/\/repliquemangacine.fr\/#\/schema\/logo\/image\/","url":"https:\/\/repliquemangacine.fr\/wp-content\/uploads\/2023\/10\/RMC-500250.png","contentUrl":"https:\/\/repliquemangacine.fr\/wp-content\/uploads\/2023\/10\/RMC-500250.png","width":500,"height":250,"caption":"R\u00e9plique Manga Cin\u00e9"},"image":{"@id":"https:\/\/repliquemangacine.fr\/#\/schema\/logo\/image\/"},"sameAs":["https:\/\/www.facebook.com\/RepliqueMangaCine","https:\/\/www.instagram.com\/repliquemangacine.fr\/"]}]}},"_links":{"self":[{"href":"https:\/\/repliquemangacine.fr\/de\/wp-json\/wp\/v2\/product\/27463","targetHints":{"allow":["GET"]}}],"collection":[{"href":"https:\/\/repliquemangacine.fr\/de\/wp-json\/wp\/v2\/product"}],"about":[{"href":"https:\/\/repliquemangacine.fr\/de\/wp-json\/wp\/v2\/types\/product"}],"wp:featuredmedia":[{"embeddable":true,"href":"https:\/\/repliquemangacine.fr\/de\/wp-json\/wp\/v2\/media\/27464"}],"wp:attachment":[{"href":"https:\/\/repliquemangacine.fr\/de\/wp-json\/wp\/v2\/media?parent=27463"}],"wp:term":[{"taxonomy":"product_brand","embeddable":true,"href":"https:\/\/repliquemangacine.fr\/de\/wp-json\/wp\/v2\/product_brand?post=27463"},{"taxonomy":"product_cat","embeddable":true,"href":"https:\/\/repliquemangacine.fr\/de\/wp-json\/wp\/v2\/product_cat?post=27463"},{"taxonomy":"product_tag","embeddable":true,"href":"https:\/\/repliquemangacine.fr\/de\/wp-json\/wp\/v2\/product_tag?post=27463"}],"curies":[{"name":"wp","href":"https:\/\/api.w.org\/{rel}","templated":true}]}}